{"id":11,"date":"2016-06-08T07:58:01","date_gmt":"2016-06-08T07:58:01","guid":{"rendered":"http:\/\/szallodabutor.hu\/?page_id=11"},"modified":"2017-05-11T13:19:13","modified_gmt":"2017-05-11T13:19:13","slug":"akcie","status":"publish","type":"page","link":"https:\/\/alexnabytok.sk\/alexmobiliar\/akcie\/","title":{"rendered":"Akcie"},"content":{"rendered":"<div class=\"row \">\n\r\n\t<div class=\"span4 \">\r\n\t  <ul class=\"alex-fooldal-top-termek\">\r\n\t\t<li class=\"portfolio_item isotope-item\">\r\n\t\t  <div class=\"portfolio_item_holder\">\r\n\t\t\t<figure class=\"thumbnail thumbnail__portfolio\"><a href=\"https:\/\/alexnabytok.sk\/alexmobiliar\/produkty\/kategorie-produktov\/valencia\/p-115-valencia-3-miestna-lavica-bez-podrucok-valencia-3-miestna-lavica-bez-podrucok\/\" class=\"image-wrap\" title=\"Valencia 3 miestna lavi\u010dka\"><img decoding=\"async\" src=\"https:\/\/alexnabytok.sk\/alexmobiliar\/wp-content\/uploads\/2016\/06\/01_VALENCIA_akcio.jpg\" alt=\"Valencia 3 miestna lavi\u010dka\"><\/a><\/figure>\r\n\t\t\t<div class=\"caption caption__portfolio\">\r\n\t\t\t  <h3><a href=\"https:\/\/alexnabytok.sk\/alexmobiliar\/produkty\/kategorie-produktov\/valencia\/p-115-valencia-3-miestna-lavica-bez-podrucok-valencia-3-miestna-lavica-bez-podrucok\/\">Valencia 3 miestna lavi\u010dka<\/a><\/h3>\r\n\t\t\t<\/div>\r\n\t\t  <\/div>\r\n\t\t<\/li>\r\n\t  <\/ul>\r\n\t  <div class=\"spacer\"><\/div><!-- .spacer (end) -->\r\n\t<\/div>\n\r\n\t<div class=\"span4 \">\r\n\t  <ul class=\"alex-fooldal-top-termek\">\r\n\t\t<li class=\"portfolio_item isotope-item\">\r\n\t\t  <div class=\"portfolio_item_holder\">\r\n\t\t\t<figure class=\"thumbnail thumbnail__portfolio\"><a href=\"https:\/\/alexnabytok.sk\/alexmobiliar\/produkty\/odpadkove-kose\/szt-13-london-odpadkovy-kos-london-odpadkovy-kos\/\" class=\"image-wrap\" title=\"London odpadkov\u00fd k\u00f4\u0161\"><img decoding=\"async\" src=\"https:\/\/alexnabytok.sk\/alexmobiliar\/wp-content\/uploads\/2016\/06\/02_LONDON_akcio.jpg\" alt=\"London odpadkov\u00fd k\u00f4\u0161\"><\/a><\/figure>\r\n\t\t\t<div class=\"caption caption__portfolio\">\r\n\t\t\t  <h3><a href=\"https:\/\/alexnabytok.sk\/alexmobiliar\/produkty\/odpadkove-kose\/szt-13-london-odpadkovy-kos-london-odpadkovy-kos\/\">London odpadkov\u00fd k\u00f4\u0161<\/a><\/h3>\r\n\t\t\t<\/div>\r\n\t\t  <\/div>\r\n\t\t<\/li>\r\n\t  <\/ul>\r\n\t  <div class=\"spacer\"><\/div><!-- .spacer (end) -->\r\n\t<\/div>\n\r\n\t<div class=\"span4 \">\r\n\t  <ul class=\"alex-fooldal-top-termek\">\r\n\t\t<li class=\"portfolio_item isotope-item\">\r\n\t\t  <div class=\"portfolio_item_holder\">\r\n\t\t\t<figure class=\"thumbnail thumbnail__portfolio\"><a href=\"https:\/\/alexnabytok.sk\/alexmobiliar\/produkty\/stojany-na-bicykle\/kt-2-stojan-na-bicykle-stojan-na-bicykle\/\" class=\"image-wrap\" title=\"Stojan na bicykle\"><img decoding=\"async\" src=\"https:\/\/alexnabytok.sk\/alexmobiliar\/wp-content\/uploads\/2016\/06\/03_KEREKPARTAROLO_AKCIO.jpg\" alt=\"Stojan na bicykle\"><\/a><\/figure>\r\n\t\t\t<div class=\"caption caption__portfolio\">\r\n\t\t\t  <h3><a href=\"https:\/\/alexnabytok.sk\/alexmobiliar\/produkty\/stojany-na-bicykle\/kt-2-stojan-na-bicykle-stojan-na-bicykle\/\">Stojan na bicykle<\/a><\/h3>\r\n\t\t\t<\/div>\r\n\t\t  <\/div>\r\n\t\t<\/li>\r\n\t  <\/ul>\r\n\t  <div class=\"spacer\"><\/div><!-- .spacer (end) -->\r\n\t<\/div>\n<\/div><!-- .row (end) -->\n","protected":false},"excerpt":{"rendered":"","protected":false},"author":3,"featured_media":0,"parent":0,"menu_order":0,"comment_status":"closed","ping_status":"closed","template":"page-fullwidth.php","meta":{"footnotes":""},"class_list":["post-11","page","type-page","status-publish","hentry"],"yoast_head":"<!-- This site is optimized with the Yoast SEO plugin v24.7 - https:\/\/yoast.com\/wordpress\/plugins\/seo\/ -->\n<title>Akcie - MESTSK\u00dd MOBILI\u00c1R<\/title>\n<meta name=\"robots\" content=\"index, follow, max-snippet:-1, max-image-preview:large, max-video-preview:-1\" \/>\n<link rel=\"canonical\" href=\"https:\/\/alexnabytok.sk\/alexmobiliar\/akcie\/\" \/>\n<meta property=\"og:locale\" content=\"sk_SK\" \/>\n<meta property=\"og:type\" content=\"article\" \/>\n<meta property=\"og:title\" content=\"Akcie - MESTSK\u00dd MOBILI\u00c1R\" \/>\n<meta property=\"og:url\" content=\"https:\/\/alexnabytok.sk\/alexmobiliar\/akcie\/\" \/>\n<meta property=\"og:site_name\" content=\"MESTSK\u00dd MOBILI\u00c1R\" \/>\n<meta property=\"article:modified_time\" content=\"2017-05-11T13:19:13+00:00\" \/>\n<meta name=\"twitter:card\" content=\"summary_large_image\" \/>\n<script type=\"application\/ld+json\" class=\"yoast-schema-graph\">{\"@context\":\"https:\/\/schema.org\",\"@graph\":[{\"@type\":\"WebPage\",\"@id\":\"https:\/\/alexnabytok.sk\/alexmobiliar\/akcie\/\",\"url\":\"https:\/\/alexnabytok.sk\/alexmobiliar\/akcie\/\",\"name\":\"Akcie - MESTSK\u00dd MOBILI\u00c1R\",\"isPartOf\":{\"@id\":\"https:\/\/alexnabytok.sk\/alexmobiliar\/#website\"},\"datePublished\":\"2016-06-08T07:58:01+00:00\",\"dateModified\":\"2017-05-11T13:19:13+00:00\",\"breadcrumb\":{\"@id\":\"https:\/\/alexnabytok.sk\/alexmobiliar\/akcie\/#breadcrumb\"},\"inLanguage\":\"en-US\",\"potentialAction\":[{\"@type\":\"ReadAction\",\"target\":[\"https:\/\/alexnabytok.sk\/alexmobiliar\/akcie\/\"]}]},{\"@type\":\"BreadcrumbList\",\"@id\":\"https:\/\/alexnabytok.sk\/alexmobiliar\/akcie\/#breadcrumb\",\"itemListElement\":[{\"@type\":\"ListItem\",\"position\":1,\"name\":\"Home\",\"item\":\"https:\/\/alexnabytok.sk\/alexmobiliar\/\"},{\"@type\":\"ListItem\",\"position\":2,\"name\":\"Akcie\"}]},{\"@type\":\"WebSite\",\"@id\":\"https:\/\/alexnabytok.sk\/alexmobiliar\/#website\",\"url\":\"https:\/\/alexnabytok.sk\/alexmobiliar\/\",\"name\":\"MESTSK\u00dd MOBILI\u00c1R\",\"description\":\"Alex kovov\u00fd a \u0161kolsk\u00fd n\u00e1bytok s.r.o.\",\"potentialAction\":[{\"@type\":\"SearchAction\",\"target\":{\"@type\":\"EntryPoint\",\"urlTemplate\":\"https:\/\/alexnabytok.sk\/alexmobiliar\/?s={search_term_string}\"},\"query-input\":{\"@type\":\"PropertyValueSpecification\",\"valueRequired\":true,\"valueName\":\"search_term_string\"}}],\"inLanguage\":\"en-US\"}]}<\/script>\n<!-- \/ Yoast SEO plugin. -->","yoast_head_json":{"title":"Akcie - MESTSK\u00dd MOBILI\u00c1R","robots":{"index":"index","follow":"follow","max-snippet":"max-snippet:-1","max-image-preview":"max-image-preview:large","max-video-preview":"max-video-preview:-1"},"canonical":"https:\/\/alexnabytok.sk\/alexmobiliar\/akcie\/","og_locale":"sk_SK","og_type":"article","og_title":"Akcie - MESTSK\u00dd MOBILI\u00c1R","og_url":"https:\/\/alexnabytok.sk\/alexmobiliar\/akcie\/","og_site_name":"MESTSK\u00dd MOBILI\u00c1R","article_modified_time":"2017-05-11T13:19:13+00:00","twitter_card":"summary_large_image","schema":{"@context":"https:\/\/schema.org","@graph":[{"@type":"WebPage","@id":"https:\/\/alexnabytok.sk\/alexmobiliar\/akcie\/","url":"https:\/\/alexnabytok.sk\/alexmobiliar\/akcie\/","name":"Akcie - MESTSK\u00dd MOBILI\u00c1R","isPartOf":{"@id":"https:\/\/alexnabytok.sk\/alexmobiliar\/#website"},"datePublished":"2016-06-08T07:58:01+00:00","dateModified":"2017-05-11T13:19:13+00:00","breadcrumb":{"@id":"https:\/\/alexnabytok.sk\/alexmobiliar\/akcie\/#breadcrumb"},"inLanguage":"en-US","potentialAction":[{"@type":"ReadAction","target":["https:\/\/alexnabytok.sk\/alexmobiliar\/akcie\/"]}]},{"@type":"BreadcrumbList","@id":"https:\/\/alexnabytok.sk\/alexmobiliar\/akcie\/#breadcrumb","itemListElement":[{"@type":"ListItem","position":1,"name":"Home","item":"https:\/\/alexnabytok.sk\/alexmobiliar\/"},{"@type":"ListItem","position":2,"name":"Akcie"}]},{"@type":"WebSite","@id":"https:\/\/alexnabytok.sk\/alexmobiliar\/#website","url":"https:\/\/alexnabytok.sk\/alexmobiliar\/","name":"MESTSK\u00dd MOBILI\u00c1R","description":"Alex kovov\u00fd a \u0161kolsk\u00fd n\u00e1bytok s.r.o.","potentialAction":[{"@type":"SearchAction","target":{"@type":"EntryPoint","urlTemplate":"https:\/\/alexnabytok.sk\/alexmobiliar\/?s={search_term_string}"},"query-input":{"@type":"PropertyValueSpecification","valueRequired":true,"valueName":"search_term_string"}}],"inLanguage":"en-US"}]}},"_links":{"self":[{"href":"https:\/\/alexnabytok.sk\/alexmobiliar\/wp-json\/wp\/v2\/pages\/11","targetHints":{"allow":["GET"]}}],"collection":[{"href":"https:\/\/alexnabytok.sk\/alexmobiliar\/wp-json\/wp\/v2\/pages"}],"about":[{"href":"https:\/\/alexnabytok.sk\/alexmobiliar\/wp-json\/wp\/v2\/types\/page"}],"author":[{"embeddable":true,"href":"https:\/\/alexnabytok.sk\/alexmobiliar\/wp-json\/wp\/v2\/users\/3"}],"replies":[{"embeddable":true,"href":"https:\/\/alexnabytok.sk\/alexmobiliar\/wp-json\/wp\/v2\/comments?post=11"}],"version-history":[{"count":0,"href":"https:\/\/alexnabytok.sk\/alexmobiliar\/wp-json\/wp\/v2\/pages\/11\/revisions"}],"wp:attachment":[{"href":"https:\/\/alexnabytok.sk\/alexmobiliar\/wp-json\/wp\/v2\/media?parent=11"}],"curies":[{"name":"wp","href":"https:\/\/api.w.org\/{rel}","templated":true}]}}