{"id":38644,"date":"2017-03-08T19:29:47","date_gmt":"2017-03-08T19:29:47","guid":{"rendered":"http:\/\/teszt.alexbutor.hu\/utcabutor\/?page_id=38644"},"modified":"2022-03-16T09:17:12","modified_gmt":"2022-03-16T09:17:12","slug":"exterierovy-fitnes","status":"publish","type":"page","link":"https:\/\/alexnabytok.sk\/alexmobiliar\/kategoria\/exterierovy-fitnes\/","title":{"rendered":"Exteri\u00e9rov\u00fd fitnes"},"content":{"rendered":"<li class=\"portfolio_item isotope-item\">\n<div class=\"portfolio_item_holder\">\n<figure class=\"thumbnail thumbnail__portfolio\"><a href=\"https:\/\/alexnabytok.sk\/alexmobiliar\/kategoria\/exterierovy-fitnes\/fitnes-prvky\/\" class=\"image-wrap\"><img decoding=\"async\" src=\"https:\/\/alexnabytok.sk\/alexmobiliar\/wp-content\/uploads\/2018\/09\/07_Kulteri_fitness-01_Fitness_eszkozok-1.jpg\" alt=\"Fitnes prvky\"><\/a><\/figure>\n<div class=\"caption caption__portfolio\">\n<h3><a href=\"https:\/\/alexnabytok.sk\/alexmobiliar\/kategoria\/exterierovy-fitnes\/fitnes-prvky\/\">Fitnes prvky<\/a><\/h3>\n<\/div>\n<\/div>\n<\/li>\n<li class=\"portfolio_item isotope-item\">\n<div class=\"portfolio_item_holder\">\n<figure class=\"thumbnail thumbnail__portfolio\"><a href=\"https:\/\/alexnabytok.sk\/alexmobiliar\/kategoria\/exterierovy-fitnes\/street-workout\/\" class=\"image-wrap\"><img decoding=\"async\" src=\"https:\/\/alexnabytok.sk\/alexmobiliar\/wp-content\/uploads\/2017\/03\/07_Kulteri_fitness-01_Fitness_eszkozok.jpg\" alt=\"Street workout\"><\/a><\/figure>\n<div class=\"caption caption__portfolio\">\n<h3><a href=\"https:\/\/alexnabytok.sk\/alexmobiliar\/kategoria\/exterierovy-fitnes\/street-workout\/\">Street workout<\/a><\/h3>\n<\/div>\n<\/div>\n<\/li>\n","protected":false},"excerpt":{"rendered":"<p>Fitnes prvky Street workout<\/p>\n","protected":false},"author":3,"featured_media":0,"parent":10,"menu_order":0,"comment_status":"closed","ping_status":"closed","template":"page-Portfolio2Cols-alexsub.php","meta":{"footnotes":""},"class_list":["post-38644","page","type-page","status-publish","hentry"],"yoast_head":"<!-- This site is optimized with the Yoast SEO plugin v24.7 - https:\/\/yoast.com\/wordpress\/plugins\/seo\/ -->\n<title>Exteri\u00e9rov\u00fd fitnes - MESTSK\u00dd MOBILI\u00c1R<\/title>\n<meta name=\"robots\" content=\"index, follow, max-snippet:-1, max-image-preview:large, max-video-preview:-1\" \/>\n<link rel=\"canonical\" href=\"https:\/\/alexnabytok.sk\/alexmobiliar\/kategoria\/exterierovy-fitnes\/\" \/>\n<meta property=\"og:locale\" content=\"sk_SK\" \/>\n<meta property=\"og:type\" content=\"article\" \/>\n<meta property=\"og:title\" content=\"Exteri\u00e9rov\u00fd fitnes - MESTSK\u00dd MOBILI\u00c1R\" \/>\n<meta property=\"og:description\" content=\"Fitnes prvky Street workout\" \/>\n<meta property=\"og:url\" content=\"https:\/\/alexnabytok.sk\/alexmobiliar\/kategoria\/exterierovy-fitnes\/\" \/>\n<meta property=\"og:site_name\" content=\"MESTSK\u00dd MOBILI\u00c1R\" \/>\n<meta property=\"article:modified_time\" content=\"2022-03-16T09:17:12+00:00\" \/>\n<meta property=\"og:image\" content=\"https:\/\/alexnabytok.sk\/alexmobiliar\/wp-content\/uploads\/2018\/09\/07_Kulteri_fitness-01_Fitness_eszkozok-1.jpg\" \/>\n<meta name=\"twitter:card\" content=\"summary_large_image\" \/>\n<script type=\"application\/ld+json\" class=\"yoast-schema-graph\">{\"@context\":\"https:\/\/schema.org\",\"@graph\":[{\"@type\":\"WebPage\",\"@id\":\"https:\/\/alexnabytok.sk\/alexmobiliar\/kategoria\/exterierovy-fitnes\/\",\"url\":\"https:\/\/alexnabytok.sk\/alexmobiliar\/kategoria\/exterierovy-fitnes\/\",\"name\":\"Exteri\u00e9rov\u00fd fitnes - MESTSK\u00dd MOBILI\u00c1R\",\"isPartOf\":{\"@id\":\"https:\/\/alexnabytok.sk\/alexmobiliar\/#website\"},\"primaryImageOfPage\":{\"@id\":\"https:\/\/alexnabytok.sk\/alexmobiliar\/kategoria\/exterierovy-fitnes\/#primaryimage\"},\"image\":{\"@id\":\"https:\/\/alexnabytok.sk\/alexmobiliar\/kategoria\/exterierovy-fitnes\/#primaryimage\"},\"thumbnailUrl\":\"https:\/\/alexnabytok.sk\/alexmobiliar\/wp-content\/uploads\/2018\/09\/07_Kulteri_fitness-01_Fitness_eszkozok-1.jpg\",\"datePublished\":\"2017-03-08T19:29:47+00:00\",\"dateModified\":\"2022-03-16T09:17:12+00:00\",\"breadcrumb\":{\"@id\":\"https:\/\/alexnabytok.sk\/alexmobiliar\/kategoria\/exterierovy-fitnes\/#breadcrumb\"},\"inLanguage\":\"en-US\",\"potentialAction\":[{\"@type\":\"ReadAction\",\"target\":[\"https:\/\/alexnabytok.sk\/alexmobiliar\/kategoria\/exterierovy-fitnes\/\"]}]},{\"@type\":\"ImageObject\",\"inLanguage\":\"en-US\",\"@id\":\"https:\/\/alexnabytok.sk\/alexmobiliar\/kategoria\/exterierovy-fitnes\/#primaryimage\",\"url\":\"https:\/\/alexnabytok.sk\/alexmobiliar\/wp-content\/uploads\/2018\/09\/07_Kulteri_fitness-01_Fitness_eszkozok-1.jpg\",\"contentUrl\":\"https:\/\/alexnabytok.sk\/alexmobiliar\/wp-content\/uploads\/2018\/09\/07_Kulteri_fitness-01_Fitness_eszkozok-1.jpg\",\"width\":800,\"height\":560},{\"@type\":\"BreadcrumbList\",\"@id\":\"https:\/\/alexnabytok.sk\/alexmobiliar\/kategoria\/exterierovy-fitnes\/#breadcrumb\",\"itemListElement\":[{\"@type\":\"ListItem\",\"position\":1,\"name\":\"Home\",\"item\":\"https:\/\/alexnabytok.sk\/alexmobiliar\/\"},{\"@type\":\"ListItem\",\"position\":2,\"name\":\"Produkty\",\"item\":\"https:\/\/alexnabytok.sk\/alexmobiliar\/kategoria\/\"},{\"@type\":\"ListItem\",\"position\":3,\"name\":\"Exteri\u00e9rov\u00fd fitnes\"}]},{\"@type\":\"WebSite\",\"@id\":\"https:\/\/alexnabytok.sk\/alexmobiliar\/#website\",\"url\":\"https:\/\/alexnabytok.sk\/alexmobiliar\/\",\"name\":\"MESTSK\u00dd MOBILI\u00c1R\",\"description\":\"Alex kovov\u00fd a \u0161kolsk\u00fd n\u00e1bytok s.r.o.\",\"potentialAction\":[{\"@type\":\"SearchAction\",\"target\":{\"@type\":\"EntryPoint\",\"urlTemplate\":\"https:\/\/alexnabytok.sk\/alexmobiliar\/?s={search_term_string}\"},\"query-input\":{\"@type\":\"PropertyValueSpecification\",\"valueRequired\":true,\"valueName\":\"search_term_string\"}}],\"inLanguage\":\"en-US\"}]}<\/script>\n<!-- \/ Yoast SEO plugin. -->","yoast_head_json":{"title":"Exteri\u00e9rov\u00fd fitnes - MESTSK\u00dd MOBILI\u00c1R","robots":{"index":"index","follow":"follow","max-snippet":"max-snippet:-1","max-image-preview":"max-image-preview:large","max-video-preview":"max-video-preview:-1"},"canonical":"https:\/\/alexnabytok.sk\/alexmobiliar\/kategoria\/exterierovy-fitnes\/","og_locale":"sk_SK","og_type":"article","og_title":"Exteri\u00e9rov\u00fd fitnes - MESTSK\u00dd MOBILI\u00c1R","og_description":"Fitnes prvky Street workout","og_url":"https:\/\/alexnabytok.sk\/alexmobiliar\/kategoria\/exterierovy-fitnes\/","og_site_name":"MESTSK\u00dd MOBILI\u00c1R","article_modified_time":"2022-03-16T09:17:12+00:00","og_image":[{"url":"https:\/\/alexnabytok.sk\/alexmobiliar\/wp-content\/uploads\/2018\/09\/07_Kulteri_fitness-01_Fitness_eszkozok-1.jpg","type":"","width":"","height":""}],"twitter_card":"summary_large_image","schema":{"@context":"https:\/\/schema.org","@graph":[{"@type":"WebPage","@id":"https:\/\/alexnabytok.sk\/alexmobiliar\/kategoria\/exterierovy-fitnes\/","url":"https:\/\/alexnabytok.sk\/alexmobiliar\/kategoria\/exterierovy-fitnes\/","name":"Exteri\u00e9rov\u00fd fitnes - MESTSK\u00dd MOBILI\u00c1R","isPartOf":{"@id":"https:\/\/alexnabytok.sk\/alexmobiliar\/#website"},"primaryImageOfPage":{"@id":"https:\/\/alexnabytok.sk\/alexmobiliar\/kategoria\/exterierovy-fitnes\/#primaryimage"},"image":{"@id":"https:\/\/alexnabytok.sk\/alexmobiliar\/kategoria\/exterierovy-fitnes\/#primaryimage"},"thumbnailUrl":"https:\/\/alexnabytok.sk\/alexmobiliar\/wp-content\/uploads\/2018\/09\/07_Kulteri_fitness-01_Fitness_eszkozok-1.jpg","datePublished":"2017-03-08T19:29:47+00:00","dateModified":"2022-03-16T09:17:12+00:00","breadcrumb":{"@id":"https:\/\/alexnabytok.sk\/alexmobiliar\/kategoria\/exterierovy-fitnes\/#breadcrumb"},"inLanguage":"en-US","potentialAction":[{"@type":"ReadAction","target":["https:\/\/alexnabytok.sk\/alexmobiliar\/kategoria\/exterierovy-fitnes\/"]}]},{"@type":"ImageObject","inLanguage":"en-US","@id":"https:\/\/alexnabytok.sk\/alexmobiliar\/kategoria\/exterierovy-fitnes\/#primaryimage","url":"https:\/\/alexnabytok.sk\/alexmobiliar\/wp-content\/uploads\/2018\/09\/07_Kulteri_fitness-01_Fitness_eszkozok-1.jpg","contentUrl":"https:\/\/alexnabytok.sk\/alexmobiliar\/wp-content\/uploads\/2018\/09\/07_Kulteri_fitness-01_Fitness_eszkozok-1.jpg","width":800,"height":560},{"@type":"BreadcrumbList","@id":"https:\/\/alexnabytok.sk\/alexmobiliar\/kategoria\/exterierovy-fitnes\/#breadcrumb","itemListElement":[{"@type":"ListItem","position":1,"name":"Home","item":"https:\/\/alexnabytok.sk\/alexmobiliar\/"},{"@type":"ListItem","position":2,"name":"Produkty","item":"https:\/\/alexnabytok.sk\/alexmobiliar\/kategoria\/"},{"@type":"ListItem","position":3,"name":"Exteri\u00e9rov\u00fd fitnes"}]},{"@type":"WebSite","@id":"https:\/\/alexnabytok.sk\/alexmobiliar\/#website","url":"https:\/\/alexnabytok.sk\/alexmobiliar\/","name":"MESTSK\u00dd MOBILI\u00c1R","description":"Alex kovov\u00fd a \u0161kolsk\u00fd n\u00e1bytok s.r.o.","potentialAction":[{"@type":"SearchAction","target":{"@type":"EntryPoint","urlTemplate":"https:\/\/alexnabytok.sk\/alexmobiliar\/?s={search_term_string}"},"query-input":{"@type":"PropertyValueSpecification","valueRequired":true,"valueName":"search_term_string"}}],"inLanguage":"en-US"}]}},"_links":{"self":[{"href":"https:\/\/alexnabytok.sk\/alexmobiliar\/wp-json\/wp\/v2\/pages\/38644","targetHints":{"allow":["GET"]}}],"collection":[{"href":"https:\/\/alexnabytok.sk\/alexmobiliar\/wp-json\/wp\/v2\/pages"}],"about":[{"href":"https:\/\/alexnabytok.sk\/alexmobiliar\/wp-json\/wp\/v2\/types\/page"}],"author":[{"embeddable":true,"href":"https:\/\/alexnabytok.sk\/alexmobiliar\/wp-json\/wp\/v2\/users\/3"}],"replies":[{"embeddable":true,"href":"https:\/\/alexnabytok.sk\/alexmobiliar\/wp-json\/wp\/v2\/comments?post=38644"}],"version-history":[{"count":0,"href":"https:\/\/alexnabytok.sk\/alexmobiliar\/wp-json\/wp\/v2\/pages\/38644\/revisions"}],"up":[{"embeddable":true,"href":"https:\/\/alexnabytok.sk\/alexmobiliar\/wp-json\/wp\/v2\/pages\/10"}],"wp:attachment":[{"href":"https:\/\/alexnabytok.sk\/alexmobiliar\/wp-json\/wp\/v2\/media?parent=38644"}],"curies":[{"name":"wp","href":"https:\/\/api.w.org\/{rel}","templated":true}]}}