{"id":38680,"date":"2017-03-08T19:36:37","date_gmt":"2017-03-08T19:36:37","guid":{"rendered":"http:\/\/teszt.alexbutor.hu\/utcabutor\/?page_id=38680"},"modified":"2017-05-10T08:02:44","modified_gmt":"2017-05-10T08:02:44","slug":"bicyklove-pristresky","status":"publish","type":"page","link":"https:\/\/alexnabytok.sk\/alexmobiliar\/kategoria\/autobusove-zastavky\/bicyklove-pristresky\/","title":{"rendered":"Bicyklov\u00e9 pr\u00edstre\u0161ky"},"content":{"rendered":"","protected":false},"excerpt":{"rendered":"","protected":false},"author":3,"featured_media":0,"parent":38670,"menu_order":0,"comment_status":"closed","ping_status":"closed","template":"page-Portfolio4Cols-filterable.php","meta":{"footnotes":""},"class_list":["post-38680","page","type-page","status-publish","hentry"],"yoast_head":"<!-- This site is optimized with the Yoast SEO plugin v24.7 - https:\/\/yoast.com\/wordpress\/plugins\/seo\/ -->\n<title>Bicyklov\u00e9 pr\u00edstre\u0161ky - MESTSK\u00dd MOBILI\u00c1R<\/title>\n<meta name=\"robots\" content=\"index, follow, max-snippet:-1, max-image-preview:large, max-video-preview:-1\" \/>\n<link rel=\"canonical\" href=\"https:\/\/alexnabytok.sk\/alexmobiliar\/kategoria\/autobusove-zastavky\/bicyklove-pristresky\/\" \/>\n<meta property=\"og:locale\" content=\"sk_SK\" \/>\n<meta property=\"og:type\" content=\"article\" \/>\n<meta property=\"og:title\" content=\"Bicyklov\u00e9 pr\u00edstre\u0161ky - MESTSK\u00dd MOBILI\u00c1R\" \/>\n<meta property=\"og:url\" content=\"https:\/\/alexnabytok.sk\/alexmobiliar\/kategoria\/autobusove-zastavky\/bicyklove-pristresky\/\" \/>\n<meta property=\"og:site_name\" content=\"MESTSK\u00dd MOBILI\u00c1R\" \/>\n<meta property=\"article:modified_time\" content=\"2017-05-10T08:02:44+00:00\" \/>\n<meta name=\"twitter:card\" content=\"summary_large_image\" \/>\n<script type=\"application\/ld+json\" class=\"yoast-schema-graph\">{\"@context\":\"https:\/\/schema.org\",\"@graph\":[{\"@type\":\"WebPage\",\"@id\":\"https:\/\/alexnabytok.sk\/alexmobiliar\/kategoria\/autobusove-zastavky\/bicyklove-pristresky\/\",\"url\":\"https:\/\/alexnabytok.sk\/alexmobiliar\/kategoria\/autobusove-zastavky\/bicyklove-pristresky\/\",\"name\":\"Bicyklov\u00e9 pr\u00edstre\u0161ky - MESTSK\u00dd MOBILI\u00c1R\",\"isPartOf\":{\"@id\":\"https:\/\/alexnabytok.sk\/alexmobiliar\/#website\"},\"datePublished\":\"2017-03-08T19:36:37+00:00\",\"dateModified\":\"2017-05-10T08:02:44+00:00\",\"breadcrumb\":{\"@id\":\"https:\/\/alexnabytok.sk\/alexmobiliar\/kategoria\/autobusove-zastavky\/bicyklove-pristresky\/#breadcrumb\"},\"inLanguage\":\"en-US\",\"potentialAction\":[{\"@type\":\"ReadAction\",\"target\":[\"https:\/\/alexnabytok.sk\/alexmobiliar\/kategoria\/autobusove-zastavky\/bicyklove-pristresky\/\"]}]},{\"@type\":\"BreadcrumbList\",\"@id\":\"https:\/\/alexnabytok.sk\/alexmobiliar\/kategoria\/autobusove-zastavky\/bicyklove-pristresky\/#breadcrumb\",\"itemListElement\":[{\"@type\":\"ListItem\",\"position\":1,\"name\":\"Home\",\"item\":\"https:\/\/alexnabytok.sk\/alexmobiliar\/\"},{\"@type\":\"ListItem\",\"position\":2,\"name\":\"Produkty\",\"item\":\"https:\/\/alexnabytok.sk\/alexmobiliar\/kategoria\/\"},{\"@type\":\"ListItem\",\"position\":3,\"name\":\"Autobusov\u00e9 zast\u00e1vky\",\"item\":\"https:\/\/alexnabytok.sk\/alexmobiliar\/kategoria\/autobusove-zastavky\/\"},{\"@type\":\"ListItem\",\"position\":4,\"name\":\"Bicyklov\u00e9 pr\u00edstre\u0161ky\"}]},{\"@type\":\"WebSite\",\"@id\":\"https:\/\/alexnabytok.sk\/alexmobiliar\/#website\",\"url\":\"https:\/\/alexnabytok.sk\/alexmobiliar\/\",\"name\":\"MESTSK\u00dd MOBILI\u00c1R\",\"description\":\"Alex kovov\u00fd a \u0161kolsk\u00fd n\u00e1bytok s.r.o.\",\"potentialAction\":[{\"@type\":\"SearchAction\",\"target\":{\"@type\":\"EntryPoint\",\"urlTemplate\":\"https:\/\/alexnabytok.sk\/alexmobiliar\/?s={search_term_string}\"},\"query-input\":{\"@type\":\"PropertyValueSpecification\",\"valueRequired\":true,\"valueName\":\"search_term_string\"}}],\"inLanguage\":\"en-US\"}]}<\/script>\n<!-- \/ Yoast SEO plugin. -->","yoast_head_json":{"title":"Bicyklov\u00e9 pr\u00edstre\u0161ky - MESTSK\u00dd MOBILI\u00c1R","robots":{"index":"index","follow":"follow","max-snippet":"max-snippet:-1","max-image-preview":"max-image-preview:large","max-video-preview":"max-video-preview:-1"},"canonical":"https:\/\/alexnabytok.sk\/alexmobiliar\/kategoria\/autobusove-zastavky\/bicyklove-pristresky\/","og_locale":"sk_SK","og_type":"article","og_title":"Bicyklov\u00e9 pr\u00edstre\u0161ky - MESTSK\u00dd MOBILI\u00c1R","og_url":"https:\/\/alexnabytok.sk\/alexmobiliar\/kategoria\/autobusove-zastavky\/bicyklove-pristresky\/","og_site_name":"MESTSK\u00dd MOBILI\u00c1R","article_modified_time":"2017-05-10T08:02:44+00:00","twitter_card":"summary_large_image","schema":{"@context":"https:\/\/schema.org","@graph":[{"@type":"WebPage","@id":"https:\/\/alexnabytok.sk\/alexmobiliar\/kategoria\/autobusove-zastavky\/bicyklove-pristresky\/","url":"https:\/\/alexnabytok.sk\/alexmobiliar\/kategoria\/autobusove-zastavky\/bicyklove-pristresky\/","name":"Bicyklov\u00e9 pr\u00edstre\u0161ky - MESTSK\u00dd MOBILI\u00c1R","isPartOf":{"@id":"https:\/\/alexnabytok.sk\/alexmobiliar\/#website"},"datePublished":"2017-03-08T19:36:37+00:00","dateModified":"2017-05-10T08:02:44+00:00","breadcrumb":{"@id":"https:\/\/alexnabytok.sk\/alexmobiliar\/kategoria\/autobusove-zastavky\/bicyklove-pristresky\/#breadcrumb"},"inLanguage":"en-US","potentialAction":[{"@type":"ReadAction","target":["https:\/\/alexnabytok.sk\/alexmobiliar\/kategoria\/autobusove-zastavky\/bicyklove-pristresky\/"]}]},{"@type":"BreadcrumbList","@id":"https:\/\/alexnabytok.sk\/alexmobiliar\/kategoria\/autobusove-zastavky\/bicyklove-pristresky\/#breadcrumb","itemListElement":[{"@type":"ListItem","position":1,"name":"Home","item":"https:\/\/alexnabytok.sk\/alexmobiliar\/"},{"@type":"ListItem","position":2,"name":"Produkty","item":"https:\/\/alexnabytok.sk\/alexmobiliar\/kategoria\/"},{"@type":"ListItem","position":3,"name":"Autobusov\u00e9 zast\u00e1vky","item":"https:\/\/alexnabytok.sk\/alexmobiliar\/kategoria\/autobusove-zastavky\/"},{"@type":"ListItem","position":4,"name":"Bicyklov\u00e9 pr\u00edstre\u0161ky"}]},{"@type":"WebSite","@id":"https:\/\/alexnabytok.sk\/alexmobiliar\/#website","url":"https:\/\/alexnabytok.sk\/alexmobiliar\/","name":"MESTSK\u00dd MOBILI\u00c1R","description":"Alex kovov\u00fd a \u0161kolsk\u00fd n\u00e1bytok s.r.o.","potentialAction":[{"@type":"SearchAction","target":{"@type":"EntryPoint","urlTemplate":"https:\/\/alexnabytok.sk\/alexmobiliar\/?s={search_term_string}"},"query-input":{"@type":"PropertyValueSpecification","valueRequired":true,"valueName":"search_term_string"}}],"inLanguage":"en-US"}]}},"_links":{"self":[{"href":"https:\/\/alexnabytok.sk\/alexmobiliar\/wp-json\/wp\/v2\/pages\/38680","targetHints":{"allow":["GET"]}}],"collection":[{"href":"https:\/\/alexnabytok.sk\/alexmobiliar\/wp-json\/wp\/v2\/pages"}],"about":[{"href":"https:\/\/alexnabytok.sk\/alexmobiliar\/wp-json\/wp\/v2\/types\/page"}],"author":[{"embeddable":true,"href":"https:\/\/alexnabytok.sk\/alexmobiliar\/wp-json\/wp\/v2\/users\/3"}],"replies":[{"embeddable":true,"href":"https:\/\/alexnabytok.sk\/alexmobiliar\/wp-json\/wp\/v2\/comments?post=38680"}],"version-history":[{"count":0,"href":"https:\/\/alexnabytok.sk\/alexmobiliar\/wp-json\/wp\/v2\/pages\/38680\/revisions"}],"up":[{"embeddable":true,"href":"https:\/\/alexnabytok.sk\/alexmobiliar\/wp-json\/wp\/v2\/pages\/38670"}],"wp:attachment":[{"href":"https:\/\/alexnabytok.sk\/alexmobiliar\/wp-json\/wp\/v2\/media?parent=38680"}],"curies":[{"name":"wp","href":"https:\/\/api.w.org\/{rel}","templated":true}]}}