{"id":50259,"date":"2018-09-14T16:36:27","date_gmt":"2018-09-14T16:36:27","guid":{"rendered":"http:\/\/alexnabytok.sk\/alexmobiliar\/?page_id=50259"},"modified":"2018-09-14T16:38:56","modified_gmt":"2018-09-14T16:38:56","slug":"street-workout","status":"publish","type":"page","link":"https:\/\/alexnabytok.sk\/alexmobiliar\/kategoria\/exterierovy-fitnes\/street-workout\/","title":{"rendered":"Street workout"},"content":{"rendered":"","protected":false},"excerpt":{"rendered":"","protected":false},"author":3,"featured_media":47770,"parent":38644,"menu_order":0,"comment_status":"closed","ping_status":"closed","template":"page-Portfolio4Cols-filterable.php","meta":{"footnotes":""},"class_list":["post-50259","page","type-page","status-publish","has-post-thumbnail","hentry"],"yoast_head":"<!-- This site is optimized with the Yoast SEO plugin v24.7 - https:\/\/yoast.com\/wordpress\/plugins\/seo\/ -->\n<title>Street workout - MESTSK\u00dd MOBILI\u00c1R<\/title>\n<meta name=\"robots\" content=\"index, follow, max-snippet:-1, max-image-preview:large, max-video-preview:-1\" \/>\n<link rel=\"canonical\" href=\"https:\/\/alexnabytok.sk\/alexmobiliar\/kategoria\/exterierovy-fitnes\/street-workout\/\" \/>\n<meta property=\"og:locale\" content=\"sk_SK\" \/>\n<meta property=\"og:type\" content=\"article\" \/>\n<meta property=\"og:title\" content=\"Street workout - MESTSK\u00dd MOBILI\u00c1R\" \/>\n<meta property=\"og:url\" content=\"https:\/\/alexnabytok.sk\/alexmobiliar\/kategoria\/exterierovy-fitnes\/street-workout\/\" \/>\n<meta property=\"og:site_name\" content=\"MESTSK\u00dd MOBILI\u00c1R\" \/>\n<meta property=\"article:modified_time\" content=\"2018-09-14T16:38:56+00:00\" \/>\n<meta property=\"og:image\" content=\"https:\/\/alexnabytok.sk\/alexmobiliar\/wp-content\/uploads\/2017\/03\/07_Kulteri_fitness-01_Fitness_eszkozok.jpg\" \/>\n\t<meta property=\"og:image:width\" content=\"800\" \/>\n\t<meta property=\"og:image:height\" content=\"560\" \/>\n\t<meta property=\"og:image:type\" content=\"image\/jpeg\" \/>\n<meta name=\"twitter:card\" content=\"summary_large_image\" \/>\n<script type=\"application\/ld+json\" class=\"yoast-schema-graph\">{\"@context\":\"https:\/\/schema.org\",\"@graph\":[{\"@type\":\"WebPage\",\"@id\":\"https:\/\/alexnabytok.sk\/alexmobiliar\/kategoria\/exterierovy-fitnes\/street-workout\/\",\"url\":\"https:\/\/alexnabytok.sk\/alexmobiliar\/kategoria\/exterierovy-fitnes\/street-workout\/\",\"name\":\"Street workout - MESTSK\u00dd MOBILI\u00c1R\",\"isPartOf\":{\"@id\":\"https:\/\/alexnabytok.sk\/alexmobiliar\/#website\"},\"primaryImageOfPage\":{\"@id\":\"https:\/\/alexnabytok.sk\/alexmobiliar\/kategoria\/exterierovy-fitnes\/street-workout\/#primaryimage\"},\"image\":{\"@id\":\"https:\/\/alexnabytok.sk\/alexmobiliar\/kategoria\/exterierovy-fitnes\/street-workout\/#primaryimage\"},\"thumbnailUrl\":\"https:\/\/alexnabytok.sk\/alexmobiliar\/wp-content\/uploads\/2017\/03\/07_Kulteri_fitness-01_Fitness_eszkozok.jpg\",\"datePublished\":\"2018-09-14T16:36:27+00:00\",\"dateModified\":\"2018-09-14T16:38:56+00:00\",\"breadcrumb\":{\"@id\":\"https:\/\/alexnabytok.sk\/alexmobiliar\/kategoria\/exterierovy-fitnes\/street-workout\/#breadcrumb\"},\"inLanguage\":\"en-US\",\"potentialAction\":[{\"@type\":\"ReadAction\",\"target\":[\"https:\/\/alexnabytok.sk\/alexmobiliar\/kategoria\/exterierovy-fitnes\/street-workout\/\"]}]},{\"@type\":\"ImageObject\",\"inLanguage\":\"en-US\",\"@id\":\"https:\/\/alexnabytok.sk\/alexmobiliar\/kategoria\/exterierovy-fitnes\/street-workout\/#primaryimage\",\"url\":\"https:\/\/alexnabytok.sk\/alexmobiliar\/wp-content\/uploads\/2017\/03\/07_Kulteri_fitness-01_Fitness_eszkozok.jpg\",\"contentUrl\":\"https:\/\/alexnabytok.sk\/alexmobiliar\/wp-content\/uploads\/2017\/03\/07_Kulteri_fitness-01_Fitness_eszkozok.jpg\",\"width\":800,\"height\":560},{\"@type\":\"BreadcrumbList\",\"@id\":\"https:\/\/alexnabytok.sk\/alexmobiliar\/kategoria\/exterierovy-fitnes\/street-workout\/#breadcrumb\",\"itemListElement\":[{\"@type\":\"ListItem\",\"position\":1,\"name\":\"Home\",\"item\":\"https:\/\/alexnabytok.sk\/alexmobiliar\/\"},{\"@type\":\"ListItem\",\"position\":2,\"name\":\"Produkty\",\"item\":\"https:\/\/alexnabytok.sk\/alexmobiliar\/kategoria\/\"},{\"@type\":\"ListItem\",\"position\":3,\"name\":\"Exteri\u00e9rov\u00fd fitnes\",\"item\":\"https:\/\/alexnabytok.sk\/alexmobiliar\/kategoria\/exterierovy-fitnes\/\"},{\"@type\":\"ListItem\",\"position\":4,\"name\":\"Street workout\"}]},{\"@type\":\"WebSite\",\"@id\":\"https:\/\/alexnabytok.sk\/alexmobiliar\/#website\",\"url\":\"https:\/\/alexnabytok.sk\/alexmobiliar\/\",\"name\":\"MESTSK\u00dd MOBILI\u00c1R\",\"description\":\"Alex kovov\u00fd a \u0161kolsk\u00fd n\u00e1bytok s.r.o.\",\"potentialAction\":[{\"@type\":\"SearchAction\",\"target\":{\"@type\":\"EntryPoint\",\"urlTemplate\":\"https:\/\/alexnabytok.sk\/alexmobiliar\/?s={search_term_string}\"},\"query-input\":{\"@type\":\"PropertyValueSpecification\",\"valueRequired\":true,\"valueName\":\"search_term_string\"}}],\"inLanguage\":\"en-US\"}]}<\/script>\n<!-- \/ Yoast SEO plugin. -->","yoast_head_json":{"title":"Street workout - MESTSK\u00dd MOBILI\u00c1R","robots":{"index":"index","follow":"follow","max-snippet":"max-snippet:-1","max-image-preview":"max-image-preview:large","max-video-preview":"max-video-preview:-1"},"canonical":"https:\/\/alexnabytok.sk\/alexmobiliar\/kategoria\/exterierovy-fitnes\/street-workout\/","og_locale":"sk_SK","og_type":"article","og_title":"Street workout - MESTSK\u00dd MOBILI\u00c1R","og_url":"https:\/\/alexnabytok.sk\/alexmobiliar\/kategoria\/exterierovy-fitnes\/street-workout\/","og_site_name":"MESTSK\u00dd MOBILI\u00c1R","article_modified_time":"2018-09-14T16:38:56+00:00","og_image":[{"width":800,"height":560,"url":"https:\/\/alexnabytok.sk\/alexmobiliar\/wp-content\/uploads\/2017\/03\/07_Kulteri_fitness-01_Fitness_eszkozok.jpg","type":"image\/jpeg"}],"twitter_card":"summary_large_image","schema":{"@context":"https:\/\/schema.org","@graph":[{"@type":"WebPage","@id":"https:\/\/alexnabytok.sk\/alexmobiliar\/kategoria\/exterierovy-fitnes\/street-workout\/","url":"https:\/\/alexnabytok.sk\/alexmobiliar\/kategoria\/exterierovy-fitnes\/street-workout\/","name":"Street workout - MESTSK\u00dd MOBILI\u00c1R","isPartOf":{"@id":"https:\/\/alexnabytok.sk\/alexmobiliar\/#website"},"primaryImageOfPage":{"@id":"https:\/\/alexnabytok.sk\/alexmobiliar\/kategoria\/exterierovy-fitnes\/street-workout\/#primaryimage"},"image":{"@id":"https:\/\/alexnabytok.sk\/alexmobiliar\/kategoria\/exterierovy-fitnes\/street-workout\/#primaryimage"},"thumbnailUrl":"https:\/\/alexnabytok.sk\/alexmobiliar\/wp-content\/uploads\/2017\/03\/07_Kulteri_fitness-01_Fitness_eszkozok.jpg","datePublished":"2018-09-14T16:36:27+00:00","dateModified":"2018-09-14T16:38:56+00:00","breadcrumb":{"@id":"https:\/\/alexnabytok.sk\/alexmobiliar\/kategoria\/exterierovy-fitnes\/street-workout\/#breadcrumb"},"inLanguage":"en-US","potentialAction":[{"@type":"ReadAction","target":["https:\/\/alexnabytok.sk\/alexmobiliar\/kategoria\/exterierovy-fitnes\/street-workout\/"]}]},{"@type":"ImageObject","inLanguage":"en-US","@id":"https:\/\/alexnabytok.sk\/alexmobiliar\/kategoria\/exterierovy-fitnes\/street-workout\/#primaryimage","url":"https:\/\/alexnabytok.sk\/alexmobiliar\/wp-content\/uploads\/2017\/03\/07_Kulteri_fitness-01_Fitness_eszkozok.jpg","contentUrl":"https:\/\/alexnabytok.sk\/alexmobiliar\/wp-content\/uploads\/2017\/03\/07_Kulteri_fitness-01_Fitness_eszkozok.jpg","width":800,"height":560},{"@type":"BreadcrumbList","@id":"https:\/\/alexnabytok.sk\/alexmobiliar\/kategoria\/exterierovy-fitnes\/street-workout\/#breadcrumb","itemListElement":[{"@type":"ListItem","position":1,"name":"Home","item":"https:\/\/alexnabytok.sk\/alexmobiliar\/"},{"@type":"ListItem","position":2,"name":"Produkty","item":"https:\/\/alexnabytok.sk\/alexmobiliar\/kategoria\/"},{"@type":"ListItem","position":3,"name":"Exteri\u00e9rov\u00fd fitnes","item":"https:\/\/alexnabytok.sk\/alexmobiliar\/kategoria\/exterierovy-fitnes\/"},{"@type":"ListItem","position":4,"name":"Street workout"}]},{"@type":"WebSite","@id":"https:\/\/alexnabytok.sk\/alexmobiliar\/#website","url":"https:\/\/alexnabytok.sk\/alexmobiliar\/","name":"MESTSK\u00dd MOBILI\u00c1R","description":"Alex kovov\u00fd a \u0161kolsk\u00fd n\u00e1bytok s.r.o.","potentialAction":[{"@type":"SearchAction","target":{"@type":"EntryPoint","urlTemplate":"https:\/\/alexnabytok.sk\/alexmobiliar\/?s={search_term_string}"},"query-input":{"@type":"PropertyValueSpecification","valueRequired":true,"valueName":"search_term_string"}}],"inLanguage":"en-US"}]}},"_links":{"self":[{"href":"https:\/\/alexnabytok.sk\/alexmobiliar\/wp-json\/wp\/v2\/pages\/50259","targetHints":{"allow":["GET"]}}],"collection":[{"href":"https:\/\/alexnabytok.sk\/alexmobiliar\/wp-json\/wp\/v2\/pages"}],"about":[{"href":"https:\/\/alexnabytok.sk\/alexmobiliar\/wp-json\/wp\/v2\/types\/page"}],"author":[{"embeddable":true,"href":"https:\/\/alexnabytok.sk\/alexmobiliar\/wp-json\/wp\/v2\/users\/3"}],"replies":[{"embeddable":true,"href":"https:\/\/alexnabytok.sk\/alexmobiliar\/wp-json\/wp\/v2\/comments?post=50259"}],"version-history":[{"count":0,"href":"https:\/\/alexnabytok.sk\/alexmobiliar\/wp-json\/wp\/v2\/pages\/50259\/revisions"}],"up":[{"embeddable":true,"href":"https:\/\/alexnabytok.sk\/alexmobiliar\/wp-json\/wp\/v2\/pages\/38644"}],"wp:featuredmedia":[{"embeddable":true,"href":"https:\/\/alexnabytok.sk\/alexmobiliar\/wp-json\/wp\/v2\/media\/47770"}],"wp:attachment":[{"href":"https:\/\/alexnabytok.sk\/alexmobiliar\/wp-json\/wp\/v2\/media?parent=50259"}],"curies":[{"name":"wp","href":"https:\/\/api.w.org\/{rel}","templated":true}]}}