{"id":59647,"date":"2022-03-03T11:05:55","date_gmt":"2022-03-03T11:05:55","guid":{"rendered":"http:\/\/alexnabytok.sk\/alexmobiliar\/?page_id=59647"},"modified":"2022-03-03T11:05:55","modified_gmt":"2022-03-03T11:05:55","slug":"s-drevenymi-doskami","status":"publish","type":"page","link":"https:\/\/alexnabytok.sk\/alexmobiliar\/kategoria\/extererove-lavicky\/s-drevenymi-doskami\/","title":{"rendered":"s dreven\u00fdmi doskami"},"content":{"rendered":"","protected":false},"excerpt":{"rendered":"","protected":false},"author":3,"featured_media":59643,"parent":59642,"menu_order":0,"comment_status":"closed","ping_status":"closed","template":"page-Portfolio4Cols-filterable.php","meta":{"footnotes":""},"class_list":["post-59647","page","type-page","status-publish","has-post-thumbnail","hentry"],"yoast_head":"<!-- This site is optimized with the Yoast SEO plugin v24.7 - https:\/\/yoast.com\/wordpress\/plugins\/seo\/ -->\n<title>s dreven\u00fdmi doskami - MESTSK\u00dd MOBILI\u00c1R<\/title>\n<meta name=\"robots\" content=\"index, follow, max-snippet:-1, max-image-preview:large, max-video-preview:-1\" \/>\n<link rel=\"canonical\" href=\"https:\/\/alexnabytok.sk\/alexmobiliar\/kategoria\/extererove-lavicky\/s-drevenymi-doskami\/\" \/>\n<meta property=\"og:locale\" content=\"sk_SK\" \/>\n<meta property=\"og:type\" content=\"article\" \/>\n<meta property=\"og:title\" content=\"s dreven\u00fdmi doskami - MESTSK\u00dd MOBILI\u00c1R\" \/>\n<meta property=\"og:url\" content=\"https:\/\/alexnabytok.sk\/alexmobiliar\/kategoria\/extererove-lavicky\/s-drevenymi-doskami\/\" \/>\n<meta property=\"og:site_name\" content=\"MESTSK\u00dd MOBILI\u00c1R\" \/>\n<meta property=\"og:image\" content=\"https:\/\/alexnabytok.sk\/alexmobiliar\/wp-content\/uploads\/2022\/03\/KAT454.jpg\" \/>\n\t<meta property=\"og:image:width\" content=\"1667\" \/>\n\t<meta property=\"og:image:height\" content=\"1167\" \/>\n\t<meta property=\"og:image:type\" content=\"image\/jpeg\" \/>\n<meta name=\"twitter:card\" content=\"summary_large_image\" \/>\n<script type=\"application\/ld+json\" class=\"yoast-schema-graph\">{\"@context\":\"https:\/\/schema.org\",\"@graph\":[{\"@type\":\"WebPage\",\"@id\":\"https:\/\/alexnabytok.sk\/alexmobiliar\/kategoria\/extererove-lavicky\/s-drevenymi-doskami\/\",\"url\":\"https:\/\/alexnabytok.sk\/alexmobiliar\/kategoria\/extererove-lavicky\/s-drevenymi-doskami\/\",\"name\":\"s dreven\u00fdmi doskami - MESTSK\u00dd MOBILI\u00c1R\",\"isPartOf\":{\"@id\":\"https:\/\/alexnabytok.sk\/alexmobiliar\/#website\"},\"primaryImageOfPage\":{\"@id\":\"https:\/\/alexnabytok.sk\/alexmobiliar\/kategoria\/extererove-lavicky\/s-drevenymi-doskami\/#primaryimage\"},\"image\":{\"@id\":\"https:\/\/alexnabytok.sk\/alexmobiliar\/kategoria\/extererove-lavicky\/s-drevenymi-doskami\/#primaryimage\"},\"thumbnailUrl\":\"https:\/\/alexnabytok.sk\/alexmobiliar\/wp-content\/uploads\/2022\/03\/KAT454.jpg\",\"datePublished\":\"2022-03-03T11:05:55+00:00\",\"breadcrumb\":{\"@id\":\"https:\/\/alexnabytok.sk\/alexmobiliar\/kategoria\/extererove-lavicky\/s-drevenymi-doskami\/#breadcrumb\"},\"inLanguage\":\"en-US\",\"potentialAction\":[{\"@type\":\"ReadAction\",\"target\":[\"https:\/\/alexnabytok.sk\/alexmobiliar\/kategoria\/extererove-lavicky\/s-drevenymi-doskami\/\"]}]},{\"@type\":\"ImageObject\",\"inLanguage\":\"en-US\",\"@id\":\"https:\/\/alexnabytok.sk\/alexmobiliar\/kategoria\/extererove-lavicky\/s-drevenymi-doskami\/#primaryimage\",\"url\":\"https:\/\/alexnabytok.sk\/alexmobiliar\/wp-content\/uploads\/2022\/03\/KAT454.jpg\",\"contentUrl\":\"https:\/\/alexnabytok.sk\/alexmobiliar\/wp-content\/uploads\/2022\/03\/KAT454.jpg\",\"width\":1667,\"height\":1167},{\"@type\":\"BreadcrumbList\",\"@id\":\"https:\/\/alexnabytok.sk\/alexmobiliar\/kategoria\/extererove-lavicky\/s-drevenymi-doskami\/#breadcrumb\",\"itemListElement\":[{\"@type\":\"ListItem\",\"position\":1,\"name\":\"Home\",\"item\":\"https:\/\/alexnabytok.sk\/alexmobiliar\/\"},{\"@type\":\"ListItem\",\"position\":2,\"name\":\"Produkty\",\"item\":\"https:\/\/alexnabytok.sk\/alexmobiliar\/kategoria\/\"},{\"@type\":\"ListItem\",\"position\":3,\"name\":\"EXTER\u00c9ROV\u00c9 LAVI\u010cKY\",\"item\":\"https:\/\/alexnabytok.sk\/alexmobiliar\/kategoria\/extererove-lavicky\/\"},{\"@type\":\"ListItem\",\"position\":4,\"name\":\"s dreven\u00fdmi doskami\"}]},{\"@type\":\"WebSite\",\"@id\":\"https:\/\/alexnabytok.sk\/alexmobiliar\/#website\",\"url\":\"https:\/\/alexnabytok.sk\/alexmobiliar\/\",\"name\":\"MESTSK\u00dd MOBILI\u00c1R\",\"description\":\"Alex kovov\u00fd a \u0161kolsk\u00fd n\u00e1bytok s.r.o.\",\"potentialAction\":[{\"@type\":\"SearchAction\",\"target\":{\"@type\":\"EntryPoint\",\"urlTemplate\":\"https:\/\/alexnabytok.sk\/alexmobiliar\/?s={search_term_string}\"},\"query-input\":{\"@type\":\"PropertyValueSpecification\",\"valueRequired\":true,\"valueName\":\"search_term_string\"}}],\"inLanguage\":\"en-US\"}]}<\/script>\n<!-- \/ Yoast SEO plugin. -->","yoast_head_json":{"title":"s dreven\u00fdmi doskami - MESTSK\u00dd MOBILI\u00c1R","robots":{"index":"index","follow":"follow","max-snippet":"max-snippet:-1","max-image-preview":"max-image-preview:large","max-video-preview":"max-video-preview:-1"},"canonical":"https:\/\/alexnabytok.sk\/alexmobiliar\/kategoria\/extererove-lavicky\/s-drevenymi-doskami\/","og_locale":"sk_SK","og_type":"article","og_title":"s dreven\u00fdmi doskami - MESTSK\u00dd MOBILI\u00c1R","og_url":"https:\/\/alexnabytok.sk\/alexmobiliar\/kategoria\/extererove-lavicky\/s-drevenymi-doskami\/","og_site_name":"MESTSK\u00dd MOBILI\u00c1R","og_image":[{"width":1667,"height":1167,"url":"https:\/\/alexnabytok.sk\/alexmobiliar\/wp-content\/uploads\/2022\/03\/KAT454.jpg","type":"image\/jpeg"}],"twitter_card":"summary_large_image","schema":{"@context":"https:\/\/schema.org","@graph":[{"@type":"WebPage","@id":"https:\/\/alexnabytok.sk\/alexmobiliar\/kategoria\/extererove-lavicky\/s-drevenymi-doskami\/","url":"https:\/\/alexnabytok.sk\/alexmobiliar\/kategoria\/extererove-lavicky\/s-drevenymi-doskami\/","name":"s dreven\u00fdmi doskami - MESTSK\u00dd MOBILI\u00c1R","isPartOf":{"@id":"https:\/\/alexnabytok.sk\/alexmobiliar\/#website"},"primaryImageOfPage":{"@id":"https:\/\/alexnabytok.sk\/alexmobiliar\/kategoria\/extererove-lavicky\/s-drevenymi-doskami\/#primaryimage"},"image":{"@id":"https:\/\/alexnabytok.sk\/alexmobiliar\/kategoria\/extererove-lavicky\/s-drevenymi-doskami\/#primaryimage"},"thumbnailUrl":"https:\/\/alexnabytok.sk\/alexmobiliar\/wp-content\/uploads\/2022\/03\/KAT454.jpg","datePublished":"2022-03-03T11:05:55+00:00","breadcrumb":{"@id":"https:\/\/alexnabytok.sk\/alexmobiliar\/kategoria\/extererove-lavicky\/s-drevenymi-doskami\/#breadcrumb"},"inLanguage":"en-US","potentialAction":[{"@type":"ReadAction","target":["https:\/\/alexnabytok.sk\/alexmobiliar\/kategoria\/extererove-lavicky\/s-drevenymi-doskami\/"]}]},{"@type":"ImageObject","inLanguage":"en-US","@id":"https:\/\/alexnabytok.sk\/alexmobiliar\/kategoria\/extererove-lavicky\/s-drevenymi-doskami\/#primaryimage","url":"https:\/\/alexnabytok.sk\/alexmobiliar\/wp-content\/uploads\/2022\/03\/KAT454.jpg","contentUrl":"https:\/\/alexnabytok.sk\/alexmobiliar\/wp-content\/uploads\/2022\/03\/KAT454.jpg","width":1667,"height":1167},{"@type":"BreadcrumbList","@id":"https:\/\/alexnabytok.sk\/alexmobiliar\/kategoria\/extererove-lavicky\/s-drevenymi-doskami\/#breadcrumb","itemListElement":[{"@type":"ListItem","position":1,"name":"Home","item":"https:\/\/alexnabytok.sk\/alexmobiliar\/"},{"@type":"ListItem","position":2,"name":"Produkty","item":"https:\/\/alexnabytok.sk\/alexmobiliar\/kategoria\/"},{"@type":"ListItem","position":3,"name":"EXTER\u00c9ROV\u00c9 LAVI\u010cKY","item":"https:\/\/alexnabytok.sk\/alexmobiliar\/kategoria\/extererove-lavicky\/"},{"@type":"ListItem","position":4,"name":"s dreven\u00fdmi doskami"}]},{"@type":"WebSite","@id":"https:\/\/alexnabytok.sk\/alexmobiliar\/#website","url":"https:\/\/alexnabytok.sk\/alexmobiliar\/","name":"MESTSK\u00dd MOBILI\u00c1R","description":"Alex kovov\u00fd a \u0161kolsk\u00fd n\u00e1bytok s.r.o.","potentialAction":[{"@type":"SearchAction","target":{"@type":"EntryPoint","urlTemplate":"https:\/\/alexnabytok.sk\/alexmobiliar\/?s={search_term_string}"},"query-input":{"@type":"PropertyValueSpecification","valueRequired":true,"valueName":"search_term_string"}}],"inLanguage":"en-US"}]}},"_links":{"self":[{"href":"https:\/\/alexnabytok.sk\/alexmobiliar\/wp-json\/wp\/v2\/pages\/59647","targetHints":{"allow":["GET"]}}],"collection":[{"href":"https:\/\/alexnabytok.sk\/alexmobiliar\/wp-json\/wp\/v2\/pages"}],"about":[{"href":"https:\/\/alexnabytok.sk\/alexmobiliar\/wp-json\/wp\/v2\/types\/page"}],"author":[{"embeddable":true,"href":"https:\/\/alexnabytok.sk\/alexmobiliar\/wp-json\/wp\/v2\/users\/3"}],"replies":[{"embeddable":true,"href":"https:\/\/alexnabytok.sk\/alexmobiliar\/wp-json\/wp\/v2\/comments?post=59647"}],"version-history":[{"count":0,"href":"https:\/\/alexnabytok.sk\/alexmobiliar\/wp-json\/wp\/v2\/pages\/59647\/revisions"}],"up":[{"embeddable":true,"href":"https:\/\/alexnabytok.sk\/alexmobiliar\/wp-json\/wp\/v2\/pages\/59642"}],"wp:featuredmedia":[{"embeddable":true,"href":"https:\/\/alexnabytok.sk\/alexmobiliar\/wp-json\/wp\/v2\/media\/59643"}],"wp:attachment":[{"href":"https:\/\/alexnabytok.sk\/alexmobiliar\/wp-json\/wp\/v2\/media?parent=59647"}],"curies":[{"name":"wp","href":"https:\/\/api.w.org\/{rel}","templated":true}]}}