{"id":124452,"date":"2025-06-23T08:11:36","date_gmt":"2025-06-23T08:11:36","guid":{"rendered":"https:\/\/alexnabytok.sk\/hotelovynabytok\/?page_id=124452"},"modified":"2025-06-23T08:11:40","modified_gmt":"2025-06-23T08:11:40","slug":"lougne-fotely","status":"publish","type":"page","link":"https:\/\/alexnabytok.sk\/hotelovynabytok\/kategoria\/restauracny-nabytok\/relaxacny-nabytok\/lougne-fotely\/","title":{"rendered":"Lougne fotely"},"content":{"rendered":"","protected":false},"excerpt":{"rendered":"","protected":false},"author":3,"featured_media":124440,"parent":668,"menu_order":0,"comment_status":"closed","ping_status":"closed","template":"page-Portfolio4Cols-filterable.php","meta":{"footnotes":""},"class_list":["post-124452","page","type-page","status-publish","has-post-thumbnail","hentry"],"yoast_head":"<!-- This site is optimized with the Yoast SEO plugin v24.7 - https:\/\/yoast.com\/wordpress\/plugins\/seo\/ -->\n<title>Lougne fotely - HOTEL-GASTRO N\u00c1BYTOK<\/title>\n<meta name=\"robots\" content=\"index, follow, max-snippet:-1, max-image-preview:large, max-video-preview:-1\" \/>\n<link rel=\"canonical\" href=\"https:\/\/alexnabytok.sk\/hotelovynabytok\/kategoria\/restauracny-nabytok\/relaxacny-nabytok\/lougne-fotely\/\" \/>\n<meta property=\"og:locale\" content=\"sk_SK\" \/>\n<meta property=\"og:type\" content=\"article\" \/>\n<meta property=\"og:title\" content=\"Lougne fotely - HOTEL-GASTRO N\u00c1BYTOK\" \/>\n<meta property=\"og:url\" content=\"https:\/\/alexnabytok.sk\/hotelovynabytok\/kategoria\/restauracny-nabytok\/relaxacny-nabytok\/lougne-fotely\/\" \/>\n<meta property=\"og:site_name\" content=\"HOTEL-GASTRO N\u00c1BYTOK\" \/>\n<meta property=\"article:modified_time\" content=\"2025-06-23T08:11:40+00:00\" \/>\n<meta property=\"og:image\" content=\"https:\/\/alexnabytok.sk\/hotelovynabytok\/wp-content\/uploads\/2025\/06\/launge_fotelek-1.webp\" \/>\n\t<meta property=\"og:image:width\" content=\"800\" \/>\n\t<meta property=\"og:image:height\" content=\"560\" \/>\n\t<meta property=\"og:image:type\" content=\"image\/webp\" \/>\n<meta name=\"twitter:card\" content=\"summary_large_image\" \/>\n<meta name=\"twitter:label1\" content=\"Est. reading time\" \/>\n\t<meta name=\"twitter:data1\" content=\"1 minute\" \/>\n<script type=\"application\/ld+json\" class=\"yoast-schema-graph\">{\"@context\":\"https:\/\/schema.org\",\"@graph\":[{\"@type\":\"WebPage\",\"@id\":\"https:\/\/alexnabytok.sk\/hotelovynabytok\/kategoria\/restauracny-nabytok\/relaxacny-nabytok\/lougne-fotely\/\",\"url\":\"https:\/\/alexnabytok.sk\/hotelovynabytok\/kategoria\/restauracny-nabytok\/relaxacny-nabytok\/lougne-fotely\/\",\"name\":\"Lougne fotely - HOTEL-GASTRO N\u00c1BYTOK\",\"isPartOf\":{\"@id\":\"https:\/\/alexnabytok.sk\/hotelovynabytok\/#website\"},\"primaryImageOfPage\":{\"@id\":\"https:\/\/alexnabytok.sk\/hotelovynabytok\/kategoria\/restauracny-nabytok\/relaxacny-nabytok\/lougne-fotely\/#primaryimage\"},\"image\":{\"@id\":\"https:\/\/alexnabytok.sk\/hotelovynabytok\/kategoria\/restauracny-nabytok\/relaxacny-nabytok\/lougne-fotely\/#primaryimage\"},\"thumbnailUrl\":\"https:\/\/alexnabytok.sk\/hotelovynabytok\/wp-content\/uploads\/2025\/06\/launge_fotelek-1.webp\",\"datePublished\":\"2025-06-23T08:11:36+00:00\",\"dateModified\":\"2025-06-23T08:11:40+00:00\",\"breadcrumb\":{\"@id\":\"https:\/\/alexnabytok.sk\/hotelovynabytok\/kategoria\/restauracny-nabytok\/relaxacny-nabytok\/lougne-fotely\/#breadcrumb\"},\"inLanguage\":\"en-US\",\"potentialAction\":[{\"@type\":\"ReadAction\",\"target\":[\"https:\/\/alexnabytok.sk\/hotelovynabytok\/kategoria\/restauracny-nabytok\/relaxacny-nabytok\/lougne-fotely\/\"]}]},{\"@type\":\"ImageObject\",\"inLanguage\":\"en-US\",\"@id\":\"https:\/\/alexnabytok.sk\/hotelovynabytok\/kategoria\/restauracny-nabytok\/relaxacny-nabytok\/lougne-fotely\/#primaryimage\",\"url\":\"https:\/\/alexnabytok.sk\/hotelovynabytok\/wp-content\/uploads\/2025\/06\/launge_fotelek-1.webp\",\"contentUrl\":\"https:\/\/alexnabytok.sk\/hotelovynabytok\/wp-content\/uploads\/2025\/06\/launge_fotelek-1.webp\",\"width\":800,\"height\":560},{\"@type\":\"BreadcrumbList\",\"@id\":\"https:\/\/alexnabytok.sk\/hotelovynabytok\/kategoria\/restauracny-nabytok\/relaxacny-nabytok\/lougne-fotely\/#breadcrumb\",\"itemListElement\":[{\"@type\":\"ListItem\",\"position\":1,\"name\":\"Home\",\"item\":\"https:\/\/alexnabytok.sk\/hotelovynabytok\/\"},{\"@type\":\"ListItem\",\"position\":2,\"name\":\"Produkty\",\"item\":\"https:\/\/alexnabytok.sk\/hotelovynabytok\/kategoria\/\"},{\"@type\":\"ListItem\",\"position\":3,\"name\":\"Re\u0161taura\u010dn\u00fd n\u00e1bytok\",\"item\":\"https:\/\/alexnabytok.sk\/hotelovynabytok\/kategoria\/restauracny-nabytok\/\"},{\"@type\":\"ListItem\",\"position\":4,\"name\":\"Relaxa\u010dn\u00fd n\u00e1bytok\",\"item\":\"https:\/\/alexnabytok.sk\/hotelovynabytok\/kategoria\/restauracny-nabytok\/relaxacny-nabytok\/\"},{\"@type\":\"ListItem\",\"position\":5,\"name\":\"Lougne fotely\"}]},{\"@type\":\"WebSite\",\"@id\":\"https:\/\/alexnabytok.sk\/hotelovynabytok\/#website\",\"url\":\"https:\/\/alexnabytok.sk\/hotelovynabytok\/\",\"name\":\"HOTEL-GASTRO N\u00c1BYTOK\",\"description\":\"Alex kovov\u00fd a \u0161kolsk\u00fd n\u00e1bytok s.r.o.\",\"potentialAction\":[{\"@type\":\"SearchAction\",\"target\":{\"@type\":\"EntryPoint\",\"urlTemplate\":\"https:\/\/alexnabytok.sk\/hotelovynabytok\/?s={search_term_string}\"},\"query-input\":{\"@type\":\"PropertyValueSpecification\",\"valueRequired\":true,\"valueName\":\"search_term_string\"}}],\"inLanguage\":\"en-US\"}]}<\/script>\n<!-- \/ Yoast SEO plugin. -->","yoast_head_json":{"title":"Lougne fotely - HOTEL-GASTRO N\u00c1BYTOK","robots":{"index":"index","follow":"follow","max-snippet":"max-snippet:-1","max-image-preview":"max-image-preview:large","max-video-preview":"max-video-preview:-1"},"canonical":"https:\/\/alexnabytok.sk\/hotelovynabytok\/kategoria\/restauracny-nabytok\/relaxacny-nabytok\/lougne-fotely\/","og_locale":"sk_SK","og_type":"article","og_title":"Lougne fotely - HOTEL-GASTRO N\u00c1BYTOK","og_url":"https:\/\/alexnabytok.sk\/hotelovynabytok\/kategoria\/restauracny-nabytok\/relaxacny-nabytok\/lougne-fotely\/","og_site_name":"HOTEL-GASTRO N\u00c1BYTOK","article_modified_time":"2025-06-23T08:11:40+00:00","og_image":[{"width":800,"height":560,"url":"https:\/\/alexnabytok.sk\/hotelovynabytok\/wp-content\/uploads\/2025\/06\/launge_fotelek-1.webp","type":"image\/webp"}],"twitter_card":"summary_large_image","twitter_misc":{"Est. reading time":"1 minute"},"schema":{"@context":"https:\/\/schema.org","@graph":[{"@type":"WebPage","@id":"https:\/\/alexnabytok.sk\/hotelovynabytok\/kategoria\/restauracny-nabytok\/relaxacny-nabytok\/lougne-fotely\/","url":"https:\/\/alexnabytok.sk\/hotelovynabytok\/kategoria\/restauracny-nabytok\/relaxacny-nabytok\/lougne-fotely\/","name":"Lougne fotely - HOTEL-GASTRO N\u00c1BYTOK","isPartOf":{"@id":"https:\/\/alexnabytok.sk\/hotelovynabytok\/#website"},"primaryImageOfPage":{"@id":"https:\/\/alexnabytok.sk\/hotelovynabytok\/kategoria\/restauracny-nabytok\/relaxacny-nabytok\/lougne-fotely\/#primaryimage"},"image":{"@id":"https:\/\/alexnabytok.sk\/hotelovynabytok\/kategoria\/restauracny-nabytok\/relaxacny-nabytok\/lougne-fotely\/#primaryimage"},"thumbnailUrl":"https:\/\/alexnabytok.sk\/hotelovynabytok\/wp-content\/uploads\/2025\/06\/launge_fotelek-1.webp","datePublished":"2025-06-23T08:11:36+00:00","dateModified":"2025-06-23T08:11:40+00:00","breadcrumb":{"@id":"https:\/\/alexnabytok.sk\/hotelovynabytok\/kategoria\/restauracny-nabytok\/relaxacny-nabytok\/lougne-fotely\/#breadcrumb"},"inLanguage":"en-US","potentialAction":[{"@type":"ReadAction","target":["https:\/\/alexnabytok.sk\/hotelovynabytok\/kategoria\/restauracny-nabytok\/relaxacny-nabytok\/lougne-fotely\/"]}]},{"@type":"ImageObject","inLanguage":"en-US","@id":"https:\/\/alexnabytok.sk\/hotelovynabytok\/kategoria\/restauracny-nabytok\/relaxacny-nabytok\/lougne-fotely\/#primaryimage","url":"https:\/\/alexnabytok.sk\/hotelovynabytok\/wp-content\/uploads\/2025\/06\/launge_fotelek-1.webp","contentUrl":"https:\/\/alexnabytok.sk\/hotelovynabytok\/wp-content\/uploads\/2025\/06\/launge_fotelek-1.webp","width":800,"height":560},{"@type":"BreadcrumbList","@id":"https:\/\/alexnabytok.sk\/hotelovynabytok\/kategoria\/restauracny-nabytok\/relaxacny-nabytok\/lougne-fotely\/#breadcrumb","itemListElement":[{"@type":"ListItem","position":1,"name":"Home","item":"https:\/\/alexnabytok.sk\/hotelovynabytok\/"},{"@type":"ListItem","position":2,"name":"Produkty","item":"https:\/\/alexnabytok.sk\/hotelovynabytok\/kategoria\/"},{"@type":"ListItem","position":3,"name":"Re\u0161taura\u010dn\u00fd n\u00e1bytok","item":"https:\/\/alexnabytok.sk\/hotelovynabytok\/kategoria\/restauracny-nabytok\/"},{"@type":"ListItem","position":4,"name":"Relaxa\u010dn\u00fd n\u00e1bytok","item":"https:\/\/alexnabytok.sk\/hotelovynabytok\/kategoria\/restauracny-nabytok\/relaxacny-nabytok\/"},{"@type":"ListItem","position":5,"name":"Lougne fotely"}]},{"@type":"WebSite","@id":"https:\/\/alexnabytok.sk\/hotelovynabytok\/#website","url":"https:\/\/alexnabytok.sk\/hotelovynabytok\/","name":"HOTEL-GASTRO N\u00c1BYTOK","description":"Alex kovov\u00fd a \u0161kolsk\u00fd n\u00e1bytok s.r.o.","potentialAction":[{"@type":"SearchAction","target":{"@type":"EntryPoint","urlTemplate":"https:\/\/alexnabytok.sk\/hotelovynabytok\/?s={search_term_string}"},"query-input":{"@type":"PropertyValueSpecification","valueRequired":true,"valueName":"search_term_string"}}],"inLanguage":"en-US"}]}},"_links":{"self":[{"href":"https:\/\/alexnabytok.sk\/hotelovynabytok\/wp-json\/wp\/v2\/pages\/124452","targetHints":{"allow":["GET"]}}],"collection":[{"href":"https:\/\/alexnabytok.sk\/hotelovynabytok\/wp-json\/wp\/v2\/pages"}],"about":[{"href":"https:\/\/alexnabytok.sk\/hotelovynabytok\/wp-json\/wp\/v2\/types\/page"}],"author":[{"embeddable":true,"href":"https:\/\/alexnabytok.sk\/hotelovynabytok\/wp-json\/wp\/v2\/users\/3"}],"replies":[{"embeddable":true,"href":"https:\/\/alexnabytok.sk\/hotelovynabytok\/wp-json\/wp\/v2\/comments?post=124452"}],"version-history":[{"count":1,"href":"https:\/\/alexnabytok.sk\/hotelovynabytok\/wp-json\/wp\/v2\/pages\/124452\/revisions"}],"predecessor-version":[{"id":124453,"href":"https:\/\/alexnabytok.sk\/hotelovynabytok\/wp-json\/wp\/v2\/pages\/124452\/revisions\/124453"}],"up":[{"embeddable":true,"href":"https:\/\/alexnabytok.sk\/hotelovynabytok\/wp-json\/wp\/v2\/pages\/668"}],"wp:featuredmedia":[{"embeddable":true,"href":"https:\/\/alexnabytok.sk\/hotelovynabytok\/wp-json\/wp\/v2\/media\/124440"}],"wp:attachment":[{"href":"https:\/\/alexnabytok.sk\/hotelovynabytok\/wp-json\/wp\/v2\/media?parent=124452"}],"curies":[{"name":"wp","href":"https:\/\/api.w.org\/{rel}","templated":true}]}}