{"id":142265,"date":"2026-01-16T14:59:16","date_gmt":"2026-01-16T14:59:16","guid":{"rendered":"https:\/\/alexnabytok.sk\/hotelovynabytok\/?page_id=142265"},"modified":"2026-01-16T14:59:24","modified_gmt":"2026-01-16T14:59:24","slug":"hpl-dosky","status":"publish","type":"page","link":"https:\/\/alexnabytok.sk\/hotelovynabytok\/kategoria\/restauracny-nabytok\/stolova-doska\/hpl-dosky\/","title":{"rendered":"HPL Dosky"},"content":{"rendered":"","protected":false},"excerpt":{"rendered":"","protected":false},"author":3,"featured_media":142266,"parent":672,"menu_order":0,"comment_status":"closed","ping_status":"closed","template":"page-asztallap-2.php","meta":{"footnotes":""},"class_list":["post-142265","page","type-page","status-publish","has-post-thumbnail","hentry"],"yoast_head":"<!-- This site is optimized with the Yoast SEO plugin v24.7 - https:\/\/yoast.com\/wordpress\/plugins\/seo\/ -->\n<title>HPL Dosky - HOTEL-GASTRO N\u00c1BYTOK<\/title>\n<meta name=\"robots\" content=\"index, follow, max-snippet:-1, max-image-preview:large, max-video-preview:-1\" \/>\n<link rel=\"canonical\" href=\"https:\/\/alexnabytok.sk\/hotelovynabytok\/kategoria\/restauracny-nabytok\/stolova-doska\/hpl-dosky\/\" \/>\n<meta property=\"og:locale\" content=\"sk_SK\" \/>\n<meta property=\"og:type\" content=\"article\" \/>\n<meta property=\"og:title\" content=\"HPL Dosky - HOTEL-GASTRO N\u00c1BYTOK\" \/>\n<meta property=\"og:url\" content=\"https:\/\/alexnabytok.sk\/hotelovynabytok\/kategoria\/restauracny-nabytok\/stolova-doska\/hpl-dosky\/\" \/>\n<meta property=\"og:site_name\" content=\"HOTEL-GASTRO N\u00c1BYTOK\" \/>\n<meta property=\"article:modified_time\" content=\"2026-01-16T14:59:24+00:00\" \/>\n<meta property=\"og:image\" content=\"https:\/\/alexnabytok.sk\/hotelovynabytok\/wp-content\/uploads\/2026\/01\/HPL_asztallap_2.webp\" \/>\n\t<meta property=\"og:image:width\" content=\"1600\" \/>\n\t<meta property=\"og:image:height\" content=\"1200\" \/>\n\t<meta property=\"og:image:type\" content=\"image\/webp\" \/>\n<meta name=\"twitter:card\" content=\"summary_large_image\" \/>\n<meta name=\"twitter:label1\" content=\"Est. reading time\" \/>\n\t<meta name=\"twitter:data1\" content=\"1 minute\" \/>\n<script type=\"application\/ld+json\" class=\"yoast-schema-graph\">{\"@context\":\"https:\/\/schema.org\",\"@graph\":[{\"@type\":\"WebPage\",\"@id\":\"https:\/\/alexnabytok.sk\/hotelovynabytok\/kategoria\/restauracny-nabytok\/stolova-doska\/hpl-dosky\/\",\"url\":\"https:\/\/alexnabytok.sk\/hotelovynabytok\/kategoria\/restauracny-nabytok\/stolova-doska\/hpl-dosky\/\",\"name\":\"HPL Dosky - HOTEL-GASTRO N\u00c1BYTOK\",\"isPartOf\":{\"@id\":\"https:\/\/alexnabytok.sk\/hotelovynabytok\/#website\"},\"primaryImageOfPage\":{\"@id\":\"https:\/\/alexnabytok.sk\/hotelovynabytok\/kategoria\/restauracny-nabytok\/stolova-doska\/hpl-dosky\/#primaryimage\"},\"image\":{\"@id\":\"https:\/\/alexnabytok.sk\/hotelovynabytok\/kategoria\/restauracny-nabytok\/stolova-doska\/hpl-dosky\/#primaryimage\"},\"thumbnailUrl\":\"https:\/\/alexnabytok.sk\/hotelovynabytok\/wp-content\/uploads\/2026\/01\/HPL_asztallap_2.webp\",\"datePublished\":\"2026-01-16T14:59:16+00:00\",\"dateModified\":\"2026-01-16T14:59:24+00:00\",\"breadcrumb\":{\"@id\":\"https:\/\/alexnabytok.sk\/hotelovynabytok\/kategoria\/restauracny-nabytok\/stolova-doska\/hpl-dosky\/#breadcrumb\"},\"inLanguage\":\"en-US\",\"potentialAction\":[{\"@type\":\"ReadAction\",\"target\":[\"https:\/\/alexnabytok.sk\/hotelovynabytok\/kategoria\/restauracny-nabytok\/stolova-doska\/hpl-dosky\/\"]}]},{\"@type\":\"ImageObject\",\"inLanguage\":\"en-US\",\"@id\":\"https:\/\/alexnabytok.sk\/hotelovynabytok\/kategoria\/restauracny-nabytok\/stolova-doska\/hpl-dosky\/#primaryimage\",\"url\":\"https:\/\/alexnabytok.sk\/hotelovynabytok\/wp-content\/uploads\/2026\/01\/HPL_asztallap_2.webp\",\"contentUrl\":\"https:\/\/alexnabytok.sk\/hotelovynabytok\/wp-content\/uploads\/2026\/01\/HPL_asztallap_2.webp\",\"width\":1600,\"height\":1200},{\"@type\":\"BreadcrumbList\",\"@id\":\"https:\/\/alexnabytok.sk\/hotelovynabytok\/kategoria\/restauracny-nabytok\/stolova-doska\/hpl-dosky\/#breadcrumb\",\"itemListElement\":[{\"@type\":\"ListItem\",\"position\":1,\"name\":\"Home\",\"item\":\"https:\/\/alexnabytok.sk\/hotelovynabytok\/\"},{\"@type\":\"ListItem\",\"position\":2,\"name\":\"Produkty\",\"item\":\"https:\/\/alexnabytok.sk\/hotelovynabytok\/kategoria\/\"},{\"@type\":\"ListItem\",\"position\":3,\"name\":\"Re\u0161taura\u010dn\u00fd n\u00e1bytok\",\"item\":\"https:\/\/alexnabytok.sk\/hotelovynabytok\/kategoria\/restauracny-nabytok\/\"},{\"@type\":\"ListItem\",\"position\":4,\"name\":\"Stolov\u00e1 doska\",\"item\":\"https:\/\/alexnabytok.sk\/hotelovynabytok\/kategoria\/restauracny-nabytok\/stolova-doska\/\"},{\"@type\":\"ListItem\",\"position\":5,\"name\":\"HPL Dosky\"}]},{\"@type\":\"WebSite\",\"@id\":\"https:\/\/alexnabytok.sk\/hotelovynabytok\/#website\",\"url\":\"https:\/\/alexnabytok.sk\/hotelovynabytok\/\",\"name\":\"HOTEL-GASTRO N\u00c1BYTOK\",\"description\":\"Alex kovov\u00fd a \u0161kolsk\u00fd n\u00e1bytok s.r.o.\",\"potentialAction\":[{\"@type\":\"SearchAction\",\"target\":{\"@type\":\"EntryPoint\",\"urlTemplate\":\"https:\/\/alexnabytok.sk\/hotelovynabytok\/?s={search_term_string}\"},\"query-input\":{\"@type\":\"PropertyValueSpecification\",\"valueRequired\":true,\"valueName\":\"search_term_string\"}}],\"inLanguage\":\"en-US\"}]}<\/script>\n<!-- \/ Yoast SEO plugin. -->","yoast_head_json":{"title":"HPL Dosky - HOTEL-GASTRO N\u00c1BYTOK","robots":{"index":"index","follow":"follow","max-snippet":"max-snippet:-1","max-image-preview":"max-image-preview:large","max-video-preview":"max-video-preview:-1"},"canonical":"https:\/\/alexnabytok.sk\/hotelovynabytok\/kategoria\/restauracny-nabytok\/stolova-doska\/hpl-dosky\/","og_locale":"sk_SK","og_type":"article","og_title":"HPL Dosky - HOTEL-GASTRO N\u00c1BYTOK","og_url":"https:\/\/alexnabytok.sk\/hotelovynabytok\/kategoria\/restauracny-nabytok\/stolova-doska\/hpl-dosky\/","og_site_name":"HOTEL-GASTRO N\u00c1BYTOK","article_modified_time":"2026-01-16T14:59:24+00:00","og_image":[{"width":1600,"height":1200,"url":"https:\/\/alexnabytok.sk\/hotelovynabytok\/wp-content\/uploads\/2026\/01\/HPL_asztallap_2.webp","type":"image\/webp"}],"twitter_card":"summary_large_image","twitter_misc":{"Est. reading time":"1 minute"},"schema":{"@context":"https:\/\/schema.org","@graph":[{"@type":"WebPage","@id":"https:\/\/alexnabytok.sk\/hotelovynabytok\/kategoria\/restauracny-nabytok\/stolova-doska\/hpl-dosky\/","url":"https:\/\/alexnabytok.sk\/hotelovynabytok\/kategoria\/restauracny-nabytok\/stolova-doska\/hpl-dosky\/","name":"HPL Dosky - HOTEL-GASTRO N\u00c1BYTOK","isPartOf":{"@id":"https:\/\/alexnabytok.sk\/hotelovynabytok\/#website"},"primaryImageOfPage":{"@id":"https:\/\/alexnabytok.sk\/hotelovynabytok\/kategoria\/restauracny-nabytok\/stolova-doska\/hpl-dosky\/#primaryimage"},"image":{"@id":"https:\/\/alexnabytok.sk\/hotelovynabytok\/kategoria\/restauracny-nabytok\/stolova-doska\/hpl-dosky\/#primaryimage"},"thumbnailUrl":"https:\/\/alexnabytok.sk\/hotelovynabytok\/wp-content\/uploads\/2026\/01\/HPL_asztallap_2.webp","datePublished":"2026-01-16T14:59:16+00:00","dateModified":"2026-01-16T14:59:24+00:00","breadcrumb":{"@id":"https:\/\/alexnabytok.sk\/hotelovynabytok\/kategoria\/restauracny-nabytok\/stolova-doska\/hpl-dosky\/#breadcrumb"},"inLanguage":"en-US","potentialAction":[{"@type":"ReadAction","target":["https:\/\/alexnabytok.sk\/hotelovynabytok\/kategoria\/restauracny-nabytok\/stolova-doska\/hpl-dosky\/"]}]},{"@type":"ImageObject","inLanguage":"en-US","@id":"https:\/\/alexnabytok.sk\/hotelovynabytok\/kategoria\/restauracny-nabytok\/stolova-doska\/hpl-dosky\/#primaryimage","url":"https:\/\/alexnabytok.sk\/hotelovynabytok\/wp-content\/uploads\/2026\/01\/HPL_asztallap_2.webp","contentUrl":"https:\/\/alexnabytok.sk\/hotelovynabytok\/wp-content\/uploads\/2026\/01\/HPL_asztallap_2.webp","width":1600,"height":1200},{"@type":"BreadcrumbList","@id":"https:\/\/alexnabytok.sk\/hotelovynabytok\/kategoria\/restauracny-nabytok\/stolova-doska\/hpl-dosky\/#breadcrumb","itemListElement":[{"@type":"ListItem","position":1,"name":"Home","item":"https:\/\/alexnabytok.sk\/hotelovynabytok\/"},{"@type":"ListItem","position":2,"name":"Produkty","item":"https:\/\/alexnabytok.sk\/hotelovynabytok\/kategoria\/"},{"@type":"ListItem","position":3,"name":"Re\u0161taura\u010dn\u00fd n\u00e1bytok","item":"https:\/\/alexnabytok.sk\/hotelovynabytok\/kategoria\/restauracny-nabytok\/"},{"@type":"ListItem","position":4,"name":"Stolov\u00e1 doska","item":"https:\/\/alexnabytok.sk\/hotelovynabytok\/kategoria\/restauracny-nabytok\/stolova-doska\/"},{"@type":"ListItem","position":5,"name":"HPL Dosky"}]},{"@type":"WebSite","@id":"https:\/\/alexnabytok.sk\/hotelovynabytok\/#website","url":"https:\/\/alexnabytok.sk\/hotelovynabytok\/","name":"HOTEL-GASTRO N\u00c1BYTOK","description":"Alex kovov\u00fd a \u0161kolsk\u00fd n\u00e1bytok s.r.o.","potentialAction":[{"@type":"SearchAction","target":{"@type":"EntryPoint","urlTemplate":"https:\/\/alexnabytok.sk\/hotelovynabytok\/?s={search_term_string}"},"query-input":{"@type":"PropertyValueSpecification","valueRequired":true,"valueName":"search_term_string"}}],"inLanguage":"en-US"}]}},"_links":{"self":[{"href":"https:\/\/alexnabytok.sk\/hotelovynabytok\/wp-json\/wp\/v2\/pages\/142265","targetHints":{"allow":["GET"]}}],"collection":[{"href":"https:\/\/alexnabytok.sk\/hotelovynabytok\/wp-json\/wp\/v2\/pages"}],"about":[{"href":"https:\/\/alexnabytok.sk\/hotelovynabytok\/wp-json\/wp\/v2\/types\/page"}],"author":[{"embeddable":true,"href":"https:\/\/alexnabytok.sk\/hotelovynabytok\/wp-json\/wp\/v2\/users\/3"}],"replies":[{"embeddable":true,"href":"https:\/\/alexnabytok.sk\/hotelovynabytok\/wp-json\/wp\/v2\/comments?post=142265"}],"version-history":[{"count":1,"href":"https:\/\/alexnabytok.sk\/hotelovynabytok\/wp-json\/wp\/v2\/pages\/142265\/revisions"}],"predecessor-version":[{"id":142267,"href":"https:\/\/alexnabytok.sk\/hotelovynabytok\/wp-json\/wp\/v2\/pages\/142265\/revisions\/142267"}],"up":[{"embeddable":true,"href":"https:\/\/alexnabytok.sk\/hotelovynabytok\/wp-json\/wp\/v2\/pages\/672"}],"wp:featuredmedia":[{"embeddable":true,"href":"https:\/\/alexnabytok.sk\/hotelovynabytok\/wp-json\/wp\/v2\/media\/142266"}],"wp:attachment":[{"href":"https:\/\/alexnabytok.sk\/hotelovynabytok\/wp-json\/wp\/v2\/media?parent=142265"}],"curies":[{"name":"wp","href":"https:\/\/api.w.org\/{rel}","templated":true}]}}