{"id":1874,"date":"2016-06-30T15:54:15","date_gmt":"2016-06-30T15:54:15","guid":{"rendered":"http:\/\/szallodabutor.hu\/?page_id=1874"},"modified":"2017-11-05T16:37:33","modified_gmt":"2017-11-05T16:37:33","slug":"faq","status":"publish","type":"page","link":"https:\/\/alexnabytok.sk\/hotelovynabytok\/faq\/","title":{"rendered":"FAQ"},"content":{"rendered":"<div id=\"id-1431997214\" class=\"accordion\">\n<div class=\"accordion-group\">\n<div class=\"accordion-heading\"><a class=\"accordion-toggle collapsed\" data-toggle=\"collapse\" data-parent=\"#id-1431997214\" href=\"#663113222\">M\u00f4\u017eem si tovar zak\u00fapi\u0165 ako s\u00fakromn\u00e1 osoba alebo ako firma?<\/strong><\/a><\/div>\n<div class=\"accordion-body  collapse\" id=\"663113222\" style=\"height: 0px;\">\n<div class=\"accordion-inner\">S na\u0161imi produktmi vieme uspokoji\u0165 po\u017eiadavky akejko\u013evek in\u0161tit\u00facie alebo podniku.<br \/>\nJednokusov\u00e9 po\u017eiadavky alebo objedn\u00e1vky nevieme uspokoji\u0165.<br \/>\nPo\u0161lite n\u00e1m svoju po\u017eiadavku, po\u0161leme V\u00e1m na\u0161u projektov\u00fa cenu!<\/div>\n<\/div>\n<\/div>\n<div class=\"accordion-group\">\n<div class=\"accordion-heading\"><a class=\"accordion-toggle collapsed\" data-toggle=\"collapse\" data-parent=\"#id-1431997214\" href=\"#663113555\">Je mo\u017en\u00e9 objedna\u0165 si aj 1 ks produktu?<\/strong><\/a><\/div>\n<div class=\"accordion-body  collapse\" id=\"663113555\" style=\"height: 0px;\">\n<div class=\"accordion-inner\">S na\u0161imi produktmi vieme uspokoji\u0165 po\u017eiadavky akejko\u013evek in\u0161tit\u00facie alebo podniku.<br \/>\nJednokusov\u00e9 po\u017eiadavky alebo objedn\u00e1vky nevieme uspokoji\u0165.<br \/>\nPo\u0161lite n\u00e1m svoju po\u017eiadavku, po\u0161leme V\u00e1m na\u0161u projektov\u00fa cenu!<\/div>\n<\/div>\n<\/div>\n<div class=\"accordion-group\">\n<div class=\"accordion-heading\"><a class=\"accordion-toggle collapsed\" data-toggle=\"collapse\" data-parent=\"#id-1431997214\" href=\"#663113990\">Ak\u00e9 \u00fadaje mus\u00edm uv\u00e1dza\u0165 v objedn\u00e1vke ?<\/a><\/div>\n<div class=\"accordion-body  collapse\" id=\"663113990\" style=\"height: 0px;\">\n<div class=\"accordion-inner\">V ka\u017edom pr\u00edpade adresa, n\u00e1zov  odberate\u013ea, I\u010cO, DI\u010c, telef\u00f3nny a mailov\u00fd kontakt.<\/div>\n<\/div>\n<\/div>\n<div class=\"accordion-group\">\n<div class=\"accordion-heading\"><a class=\"accordion-toggle collapsed\" data-toggle=\"collapse\" data-parent=\"#id-1431997214\" href=\"#454011181\">Kde n\u00e1jdem volite\u013en\u00e9 farby a ich ceny? <\/a><\/div>\n<div class=\"accordion-body  collapse\" id=\"454011181\" style=\"height: 0px;\">\n<div class=\"accordion-inner\">V\u0161etky kovov\u00e9 kon\u0161trukcie a pl\u00e1ty stolov dod\u00e1vame v z\u00e1kladn\u00fdch farb\u00e1ch, po\u0165ahy  s\u00fa v kateg\u00f3ri\u00e1ch I-IV, a ich ceny V\u00e1m po\u0161leme na po\u017eiadanie .<\/div>\n<\/div>\n<\/div>\n<div class=\"accordion-group\">\n<div class=\"accordion-heading\"><a class=\"accordion-toggle\" data-toggle=\"collapse\" data-parent=\"#id-1431997214\" href=\"#1106547022\">Kde n\u00e1jdem \u010d\u00edslo potvrdenej objedn\u00e1vky ?<\/a><\/div>\n<div class=\"accordion-body  collapse\" id=\"1106547022\" style=\"height: 0px;\">\n<div class=\"accordion-inner\">Hore v pravom rohu, sklad\u00e1 sa z jedn\u00e9ho p\u00edsmena a \u010d\u00edsiel. Potvrdenie objedn\u00e1vky starostlivo skontrolujte, v opa\u010dnom pr\u00edpade V\u00e1m tovar bude vyroben\u00fd ako sme V\u00e1m potvrdili. <\/div>\n<\/div>\n<\/div>\n<div class=\"accordion-group\">\n<div class=\"accordion-heading\"><a class=\"accordion-toggle\" data-toggle=\"collapse\" data-parent=\"#id-1431997214\" href=\"#1419186617\">Kedy dostanem tovar, m\u00f4\u017eem zmeni\u0165 term\u00edn dodania? <\/a><\/div>\n<div class=\"accordion-body  collapse\" id=\"1419186617\" style=\"height: 0px;\">\n<div class=\"accordion-inner\">Term\u00edn dodania je cca 4- 6 t\u00fd\u017ed\u0148ov od potvrdenia objedn\u00e1vky. Sna\u017e\u00edme sa o najr\u00fdchlej\u0161ie dodanie ale kapacita v\u00fdroby sa de\u0148 \u010do de\u0148 nap\u013a\u0148a, ale pok\u00fasime sa V\u00e1m vyjs\u0165 v \u00fastrety. Kontaktujte na\u0161ich kolegov.<\/div>\n<\/div>\n<\/div>\n<div class=\"accordion-group\">\n<div class=\"accordion-heading\"><a class=\"accordion-toggle\" data-toggle=\"collapse\" data-parent=\"#id-1431997214\" href=\"#333149878\">Z\u00e1lohov\u00fa fakt\u00faru som uhradil po term\u00edne, ale tovar potrebujem s\u00farne. <\/a><\/div>\n<div class=\"accordion-body collapse \" id=\"333149878\">\n<div class=\"accordion-inner\">V tomto pr\u00edpade n\u00e1s kontaktujte, v\u00fdroba nebola za\u010dat\u00e1.. sk\u00fasime dohodn\u00fa\u0165 nov\u00fd term\u00edn. <\/div>\n<\/div>\n<\/div>\n<div class=\"accordion-group\">\n<div class=\"accordion-heading\"><a class=\"accordion-toggle\" data-toggle=\"collapse\" data-parent=\"#id-1431997214\" href=\"#1545107241\">M\u00f4\u017eem plati\u0165 kartou? <\/a><\/div>\n<div class=\"accordion-body collapse \" id=\"1545107241\">\n<div class=\"accordion-inner\">\u013dutujeme platba kartou u n\u00e1s nie je mo\u017en\u00e1. M\u00f4\u017eete zaplati\u0165 prevodom.<\/div>\n<\/div>\n<\/div>\n<div class=\"accordion-group\">\n<div class=\"accordion-heading\"><a class=\"accordion-toggle\" data-toggle=\"collapse\" data-parent=\"#id-1431997214\" href=\"#1871364620\">Objedn\u00e1vky zo zahrani\u010dia?<\/a><\/div>\n<div class=\"accordion-body collapse \" id=\"1871364620\">\n<div class=\"accordion-inner\">Ak ste registrovan\u00fd platca DPH vo Va\u0161om \u0161t\u00e1te po\u0161lite n\u00e1m I\u010c DPH a vieme V\u00e1m objedn\u00e1vku fakturova\u0165 bez DPH.<\/div>\n<\/div>\n<\/div>\n<div class=\"accordion-group\">\n<div class=\"accordion-heading\"><a class=\"accordion-toggle\" data-toggle=\"collapse\" data-parent=\"#id-1431997214\" href=\"#1353489475\">Ako postupova\u0165 v pr\u00edpade reklam\u00e1cie ?<\/a><\/div>\n<div class=\"accordion-body collapse \" id=\"1353489475\">\n<div class=\"accordion-inner\">V ka\u017edom pr\u00edpade aj tovar jav\u00ed zn\u00e1mky po\u0161kodenia, tovar neprebera\u0165 od \u0161pedi\u010dnej spolo\u010dnosti alebo pozna\u010di\u0165 na prepravn\u00fd list, preberanie s v\u00fdhradami. Ak sa tovar po\u0161kodil v \u010dase prepravy, za po\u0161kodenie nesie zodpovednos\u0165 prepravca, ak mu to ale nezdokladujete reklam\u00e1ciu zamietne v celom rozsahu. V ka\u017edom pr\u00edpade reklam\u00e1cie zasielajte mailom. <\/div>\n<\/div>\n<\/div>\n<div class=\"accordion-group\">\n<div class=\"accordion-heading\"><a class=\"accordion-toggle\" data-toggle=\"collapse\" data-parent=\"#id-1431997214\" href=\"#1954278544\">M\u00f4\u017eem si objedn\u00e1van\u00fd tovar pozrie\u0165 ?<\/a><\/div>\n<div class=\"accordion-body  collapse\" id=\"1954278544\" style=\"height: 0px;\">\n<div class=\"accordion-inner\">Ak m\u00e1me tovar skladom, nie je probl\u00e9m dohodn\u00fa\u0165 uk\u00e1\u017eku tovaru. <\/div>\n<\/div>\n<\/div>\n<div class=\"accordion-group\">\n<div class=\"accordion-heading\"><a class=\"accordion-toggle\" data-toggle=\"collapse\" data-parent=\"#id-1431997214\" href=\"#1040780041\">Ak\u00e9 je balenie tovaru ?<\/a><\/div>\n<div class=\"accordion-body collapse \" id=\"1040780041\">\n<div class=\"accordion-inner\">Bal\u00edme do bublinkovej a stre\u010dovej f\u00f3lie.<\/div>\n<\/div>\n<\/div>\n<div class=\"accordion-group\">\n<div class=\"accordion-heading\"><a class=\"accordion-toggle\" data-toggle=\"collapse\" data-parent=\"#id-1431997214\" href=\"#1789114175\">Je s\u00fa\u010das\u0165ou dopravy vyn\u00e1\u0161ka na poschodie , mont\u00e1\u017e a rozmiestnenie? <\/a><\/div>\n<div class=\"accordion-body collapse \" id=\"1789114175\">\n<div class=\"accordion-inner\">Dopravou sa rozumie dovezenie n\u00e1bytku a vykl\u00e1dku z auta, je potrebn\u00e9 si zabezpe\u010di\u0165 \u013eud\u00ed na vykl\u00e1dku tovaru a vynesenie na poschodie. Tovar dopravujeme v zmontovanom stave.  <\/div>\n<\/div>\n<\/div>\n<div class=\"accordion-group\">\n<div class=\"accordion-heading\"><a class=\"accordion-toggle\" data-toggle=\"collapse\" data-parent=\"#id-1431997214\" href=\"#1993550755\">S\u00fa ceny uv\u00e1dzan\u00e9 s DPH alebo bez DPH ?<\/a><\/div>\n<div class=\"accordion-body collapse \" id=\"1993550755\">\n<div class=\"accordion-inner\">Ceny na z\u00e1kladn\u00e9 prevedenia n\u00e1bytku s\u00fa uv\u00e1dzan\u00e9 bez DPH. Pre presn\u00fa kalkul\u00e1ciu si \u017eiadajte cenov\u00e9 ponuky.  Vyhradzujeme si pr\u00e1vo na \u00fapravu cien pri zmene kurzu. <\/div>\n<\/div>\n<\/div>\n<\/div>\n","protected":false},"excerpt":{"rendered":"<p>M\u00f4\u017eem si tovar zak\u00fapi\u0165 ako s\u00fakromn\u00e1 osoba alebo ako firma? S na\u0161imi produktmi vieme uspokoji\u0165 po\u017eiadavky akejko\u013evek in\u0161tit\u00facie alebo podniku. Jednokusov\u00e9 po\u017eiadavky alebo objedn\u00e1vky nevieme uspokoji\u0165. Po\u0161lite n\u00e1m svoju po\u017eiadavku, po\u0161leme V\u00e1m na\u0161u projektov\u00fa cenu! Je mo\u017en\u00e9 objedna\u0165 si aj 1 ks produktu? S na\u0161imi produktmi vieme uspokoji\u0165 po\u017eiadavky akejko\u013evek in\u0161tit\u00facie alebo podniku. Jednokusov\u00e9 po\u017eiadavky alebo objedn\u00e1vky nevieme uspokoji\u0165. Po\u0161lite&nbsp;<a href=\"https:\/\/alexnabytok.sk\/hotelovynabytok\/faq\/\" class=\"read-more\">...<\/a><\/p>\n","protected":false},"author":3,"featured_media":0,"parent":0,"menu_order":0,"comment_status":"closed","ping_status":"closed","template":"page-fullwidth.php","meta":{"footnotes":""},"class_list":["post-1874","page","type-page","status-publish","hentry"],"yoast_head":"<!-- This site is optimized with the Yoast SEO plugin v24.7 - https:\/\/yoast.com\/wordpress\/plugins\/seo\/ -->\n<title>FAQ - HOTEL-GASTRO N\u00c1BYTOK<\/title>\n<meta name=\"robots\" content=\"index, follow, max-snippet:-1, max-image-preview:large, max-video-preview:-1\" \/>\n<link rel=\"canonical\" href=\"https:\/\/alexnabytok.sk\/hotelovynabytok\/faq\/\" \/>\n<meta property=\"og:locale\" content=\"sk_SK\" \/>\n<meta property=\"og:type\" content=\"article\" \/>\n<meta property=\"og:title\" content=\"FAQ - HOTEL-GASTRO N\u00c1BYTOK\" \/>\n<meta property=\"og:description\" content=\"M\u00f4\u017eem si tovar zak\u00fapi\u0165 ako s\u00fakromn\u00e1 osoba alebo ako firma? S na\u0161imi produktmi vieme uspokoji\u0165 po\u017eiadavky akejko\u013evek in\u0161tit\u00facie alebo podniku. Jednokusov\u00e9 po\u017eiadavky alebo objedn\u00e1vky nevieme uspokoji\u0165. Po\u0161lite n\u00e1m svoju po\u017eiadavku, po\u0161leme V\u00e1m na\u0161u projektov\u00fa cenu! Je mo\u017en\u00e9 objedna\u0165 si aj 1 ks produktu? S na\u0161imi produktmi vieme uspokoji\u0165 po\u017eiadavky akejko\u013evek in\u0161tit\u00facie alebo podniku. Jednokusov\u00e9 po\u017eiadavky alebo objedn\u00e1vky nevieme uspokoji\u0165. Po\u0161lite&nbsp;...\" \/>\n<meta property=\"og:url\" content=\"https:\/\/alexnabytok.sk\/hotelovynabytok\/faq\/\" \/>\n<meta property=\"og:site_name\" content=\"HOTEL-GASTRO N\u00c1BYTOK\" \/>\n<meta property=\"article:modified_time\" content=\"2017-11-05T16:37:33+00:00\" \/>\n<meta name=\"twitter:card\" content=\"summary_large_image\" \/>\n<meta name=\"twitter:label1\" content=\"Est. reading time\" \/>\n\t<meta name=\"twitter:data1\" content=\"3 minutes\" \/>\n<script type=\"application\/ld+json\" class=\"yoast-schema-graph\">{\"@context\":\"https:\/\/schema.org\",\"@graph\":[{\"@type\":\"WebPage\",\"@id\":\"https:\/\/alexnabytok.sk\/hotelovynabytok\/faq\/\",\"url\":\"https:\/\/alexnabytok.sk\/hotelovynabytok\/faq\/\",\"name\":\"FAQ - HOTEL-GASTRO N\u00c1BYTOK\",\"isPartOf\":{\"@id\":\"https:\/\/alexnabytok.sk\/hotelovynabytok\/#website\"},\"datePublished\":\"2016-06-30T15:54:15+00:00\",\"dateModified\":\"2017-11-05T16:37:33+00:00\",\"breadcrumb\":{\"@id\":\"https:\/\/alexnabytok.sk\/hotelovynabytok\/faq\/#breadcrumb\"},\"inLanguage\":\"en-US\",\"potentialAction\":[{\"@type\":\"ReadAction\",\"target\":[\"https:\/\/alexnabytok.sk\/hotelovynabytok\/faq\/\"]}]},{\"@type\":\"BreadcrumbList\",\"@id\":\"https:\/\/alexnabytok.sk\/hotelovynabytok\/faq\/#breadcrumb\",\"itemListElement\":[{\"@type\":\"ListItem\",\"position\":1,\"name\":\"Home\",\"item\":\"https:\/\/alexnabytok.sk\/hotelovynabytok\/\"},{\"@type\":\"ListItem\",\"position\":2,\"name\":\"FAQ\"}]},{\"@type\":\"WebSite\",\"@id\":\"https:\/\/alexnabytok.sk\/hotelovynabytok\/#website\",\"url\":\"https:\/\/alexnabytok.sk\/hotelovynabytok\/\",\"name\":\"HOTEL-GASTRO N\u00c1BYTOK\",\"description\":\"Alex kovov\u00fd a \u0161kolsk\u00fd n\u00e1bytok s.r.o.\",\"potentialAction\":[{\"@type\":\"SearchAction\",\"target\":{\"@type\":\"EntryPoint\",\"urlTemplate\":\"https:\/\/alexnabytok.sk\/hotelovynabytok\/?s={search_term_string}\"},\"query-input\":{\"@type\":\"PropertyValueSpecification\",\"valueRequired\":true,\"valueName\":\"search_term_string\"}}],\"inLanguage\":\"en-US\"}]}<\/script>\n<!-- \/ Yoast SEO plugin. -->","yoast_head_json":{"title":"FAQ - HOTEL-GASTRO N\u00c1BYTOK","robots":{"index":"index","follow":"follow","max-snippet":"max-snippet:-1","max-image-preview":"max-image-preview:large","max-video-preview":"max-video-preview:-1"},"canonical":"https:\/\/alexnabytok.sk\/hotelovynabytok\/faq\/","og_locale":"sk_SK","og_type":"article","og_title":"FAQ - HOTEL-GASTRO N\u00c1BYTOK","og_description":"M\u00f4\u017eem si tovar zak\u00fapi\u0165 ako s\u00fakromn\u00e1 osoba alebo ako firma? S na\u0161imi produktmi vieme uspokoji\u0165 po\u017eiadavky akejko\u013evek in\u0161tit\u00facie alebo podniku. Jednokusov\u00e9 po\u017eiadavky alebo objedn\u00e1vky nevieme uspokoji\u0165. Po\u0161lite n\u00e1m svoju po\u017eiadavku, po\u0161leme V\u00e1m na\u0161u projektov\u00fa cenu! Je mo\u017en\u00e9 objedna\u0165 si aj 1 ks produktu? S na\u0161imi produktmi vieme uspokoji\u0165 po\u017eiadavky akejko\u013evek in\u0161tit\u00facie alebo podniku. Jednokusov\u00e9 po\u017eiadavky alebo objedn\u00e1vky nevieme uspokoji\u0165. Po\u0161lite&nbsp;...","og_url":"https:\/\/alexnabytok.sk\/hotelovynabytok\/faq\/","og_site_name":"HOTEL-GASTRO N\u00c1BYTOK","article_modified_time":"2017-11-05T16:37:33+00:00","twitter_card":"summary_large_image","twitter_misc":{"Est. reading time":"3 minutes"},"schema":{"@context":"https:\/\/schema.org","@graph":[{"@type":"WebPage","@id":"https:\/\/alexnabytok.sk\/hotelovynabytok\/faq\/","url":"https:\/\/alexnabytok.sk\/hotelovynabytok\/faq\/","name":"FAQ - HOTEL-GASTRO N\u00c1BYTOK","isPartOf":{"@id":"https:\/\/alexnabytok.sk\/hotelovynabytok\/#website"},"datePublished":"2016-06-30T15:54:15+00:00","dateModified":"2017-11-05T16:37:33+00:00","breadcrumb":{"@id":"https:\/\/alexnabytok.sk\/hotelovynabytok\/faq\/#breadcrumb"},"inLanguage":"en-US","potentialAction":[{"@type":"ReadAction","target":["https:\/\/alexnabytok.sk\/hotelovynabytok\/faq\/"]}]},{"@type":"BreadcrumbList","@id":"https:\/\/alexnabytok.sk\/hotelovynabytok\/faq\/#breadcrumb","itemListElement":[{"@type":"ListItem","position":1,"name":"Home","item":"https:\/\/alexnabytok.sk\/hotelovynabytok\/"},{"@type":"ListItem","position":2,"name":"FAQ"}]},{"@type":"WebSite","@id":"https:\/\/alexnabytok.sk\/hotelovynabytok\/#website","url":"https:\/\/alexnabytok.sk\/hotelovynabytok\/","name":"HOTEL-GASTRO N\u00c1BYTOK","description":"Alex kovov\u00fd a \u0161kolsk\u00fd n\u00e1bytok s.r.o.","potentialAction":[{"@type":"SearchAction","target":{"@type":"EntryPoint","urlTemplate":"https:\/\/alexnabytok.sk\/hotelovynabytok\/?s={search_term_string}"},"query-input":{"@type":"PropertyValueSpecification","valueRequired":true,"valueName":"search_term_string"}}],"inLanguage":"en-US"}]}},"_links":{"self":[{"href":"https:\/\/alexnabytok.sk\/hotelovynabytok\/wp-json\/wp\/v2\/pages\/1874","targetHints":{"allow":["GET"]}}],"collection":[{"href":"https:\/\/alexnabytok.sk\/hotelovynabytok\/wp-json\/wp\/v2\/pages"}],"about":[{"href":"https:\/\/alexnabytok.sk\/hotelovynabytok\/wp-json\/wp\/v2\/types\/page"}],"author":[{"embeddable":true,"href":"https:\/\/alexnabytok.sk\/hotelovynabytok\/wp-json\/wp\/v2\/users\/3"}],"replies":[{"embeddable":true,"href":"https:\/\/alexnabytok.sk\/hotelovynabytok\/wp-json\/wp\/v2\/comments?post=1874"}],"version-history":[{"count":2,"href":"https:\/\/alexnabytok.sk\/hotelovynabytok\/wp-json\/wp\/v2\/pages\/1874\/revisions"}],"predecessor-version":[{"id":50479,"href":"https:\/\/alexnabytok.sk\/hotelovynabytok\/wp-json\/wp\/v2\/pages\/1874\/revisions\/50479"}],"wp:attachment":[{"href":"https:\/\/alexnabytok.sk\/hotelovynabytok\/wp-json\/wp\/v2\/media?parent=1874"}],"curies":[{"name":"wp","href":"https:\/\/api.w.org\/{rel}","templated":true}]}}