{"id":31253,"date":"2016-11-25T15:53:54","date_gmt":"2016-11-25T15:53:54","guid":{"rendered":"http:\/\/szallodabutor.hu\/?page_id=31253"},"modified":"2017-04-24T07:57:33","modified_gmt":"2017-04-24T07:57:33","slug":"stolova-podnoz","status":"publish","type":"page","link":"https:\/\/alexnabytok.sk\/hotelovynabytok\/kategoria\/restauracny-nabytok\/stolova-podnoz\/","title":{"rendered":"Stolov\u00e1 podno\u017e"},"content":{"rendered":"","protected":false},"excerpt":{"rendered":"","protected":false},"author":3,"featured_media":0,"parent":64,"menu_order":0,"comment_status":"closed","ping_status":"closed","template":"page-Portfolio4Cols-filterable.php","meta":{"footnotes":""},"class_list":["post-31253","page","type-page","status-publish","hentry"],"yoast_head":"<!-- This site is optimized with the Yoast SEO plugin v24.7 - https:\/\/yoast.com\/wordpress\/plugins\/seo\/ -->\n<title>Stolov\u00e1 podno\u017e - HOTEL-GASTRO N\u00c1BYTOK<\/title>\n<meta name=\"robots\" content=\"index, follow, max-snippet:-1, max-image-preview:large, max-video-preview:-1\" \/>\n<link rel=\"canonical\" href=\"https:\/\/alexnabytok.sk\/hotelovynabytok\/kategoria\/restauracny-nabytok\/stolova-podnoz\/\" \/>\n<meta property=\"og:locale\" content=\"sk_SK\" \/>\n<meta property=\"og:type\" content=\"article\" \/>\n<meta property=\"og:title\" content=\"Stolov\u00e1 podno\u017e - HOTEL-GASTRO N\u00c1BYTOK\" \/>\n<meta property=\"og:url\" content=\"https:\/\/alexnabytok.sk\/hotelovynabytok\/kategoria\/restauracny-nabytok\/stolova-podnoz\/\" \/>\n<meta property=\"og:site_name\" content=\"HOTEL-GASTRO N\u00c1BYTOK\" \/>\n<meta property=\"article:modified_time\" content=\"2017-04-24T07:57:33+00:00\" \/>\n<meta name=\"twitter:card\" content=\"summary_large_image\" \/>\n<script type=\"application\/ld+json\" class=\"yoast-schema-graph\">{\"@context\":\"https:\/\/schema.org\",\"@graph\":[{\"@type\":\"WebPage\",\"@id\":\"https:\/\/alexnabytok.sk\/hotelovynabytok\/kategoria\/restauracny-nabytok\/stolova-podnoz\/\",\"url\":\"https:\/\/alexnabytok.sk\/hotelovynabytok\/kategoria\/restauracny-nabytok\/stolova-podnoz\/\",\"name\":\"Stolov\u00e1 podno\u017e - HOTEL-GASTRO N\u00c1BYTOK\",\"isPartOf\":{\"@id\":\"https:\/\/alexnabytok.sk\/hotelovynabytok\/#website\"},\"datePublished\":\"2016-11-25T15:53:54+00:00\",\"dateModified\":\"2017-04-24T07:57:33+00:00\",\"breadcrumb\":{\"@id\":\"https:\/\/alexnabytok.sk\/hotelovynabytok\/kategoria\/restauracny-nabytok\/stolova-podnoz\/#breadcrumb\"},\"inLanguage\":\"en-US\",\"potentialAction\":[{\"@type\":\"ReadAction\",\"target\":[\"https:\/\/alexnabytok.sk\/hotelovynabytok\/kategoria\/restauracny-nabytok\/stolova-podnoz\/\"]}]},{\"@type\":\"BreadcrumbList\",\"@id\":\"https:\/\/alexnabytok.sk\/hotelovynabytok\/kategoria\/restauracny-nabytok\/stolova-podnoz\/#breadcrumb\",\"itemListElement\":[{\"@type\":\"ListItem\",\"position\":1,\"name\":\"Home\",\"item\":\"https:\/\/alexnabytok.sk\/hotelovynabytok\/\"},{\"@type\":\"ListItem\",\"position\":2,\"name\":\"Produkty\",\"item\":\"https:\/\/alexnabytok.sk\/hotelovynabytok\/kategoria\/\"},{\"@type\":\"ListItem\",\"position\":3,\"name\":\"Re\u0161taura\u010dn\u00fd n\u00e1bytok\",\"item\":\"https:\/\/alexnabytok.sk\/hotelovynabytok\/kategoria\/restauracny-nabytok\/\"},{\"@type\":\"ListItem\",\"position\":4,\"name\":\"Stolov\u00e1 podno\u017e\"}]},{\"@type\":\"WebSite\",\"@id\":\"https:\/\/alexnabytok.sk\/hotelovynabytok\/#website\",\"url\":\"https:\/\/alexnabytok.sk\/hotelovynabytok\/\",\"name\":\"HOTEL-GASTRO N\u00c1BYTOK\",\"description\":\"Alex kovov\u00fd a \u0161kolsk\u00fd n\u00e1bytok s.r.o.\",\"potentialAction\":[{\"@type\":\"SearchAction\",\"target\":{\"@type\":\"EntryPoint\",\"urlTemplate\":\"https:\/\/alexnabytok.sk\/hotelovynabytok\/?s={search_term_string}\"},\"query-input\":{\"@type\":\"PropertyValueSpecification\",\"valueRequired\":true,\"valueName\":\"search_term_string\"}}],\"inLanguage\":\"en-US\"}]}<\/script>\n<!-- \/ Yoast SEO plugin. -->","yoast_head_json":{"title":"Stolov\u00e1 podno\u017e - HOTEL-GASTRO N\u00c1BYTOK","robots":{"index":"index","follow":"follow","max-snippet":"max-snippet:-1","max-image-preview":"max-image-preview:large","max-video-preview":"max-video-preview:-1"},"canonical":"https:\/\/alexnabytok.sk\/hotelovynabytok\/kategoria\/restauracny-nabytok\/stolova-podnoz\/","og_locale":"sk_SK","og_type":"article","og_title":"Stolov\u00e1 podno\u017e - HOTEL-GASTRO N\u00c1BYTOK","og_url":"https:\/\/alexnabytok.sk\/hotelovynabytok\/kategoria\/restauracny-nabytok\/stolova-podnoz\/","og_site_name":"HOTEL-GASTRO N\u00c1BYTOK","article_modified_time":"2017-04-24T07:57:33+00:00","twitter_card":"summary_large_image","schema":{"@context":"https:\/\/schema.org","@graph":[{"@type":"WebPage","@id":"https:\/\/alexnabytok.sk\/hotelovynabytok\/kategoria\/restauracny-nabytok\/stolova-podnoz\/","url":"https:\/\/alexnabytok.sk\/hotelovynabytok\/kategoria\/restauracny-nabytok\/stolova-podnoz\/","name":"Stolov\u00e1 podno\u017e - HOTEL-GASTRO N\u00c1BYTOK","isPartOf":{"@id":"https:\/\/alexnabytok.sk\/hotelovynabytok\/#website"},"datePublished":"2016-11-25T15:53:54+00:00","dateModified":"2017-04-24T07:57:33+00:00","breadcrumb":{"@id":"https:\/\/alexnabytok.sk\/hotelovynabytok\/kategoria\/restauracny-nabytok\/stolova-podnoz\/#breadcrumb"},"inLanguage":"en-US","potentialAction":[{"@type":"ReadAction","target":["https:\/\/alexnabytok.sk\/hotelovynabytok\/kategoria\/restauracny-nabytok\/stolova-podnoz\/"]}]},{"@type":"BreadcrumbList","@id":"https:\/\/alexnabytok.sk\/hotelovynabytok\/kategoria\/restauracny-nabytok\/stolova-podnoz\/#breadcrumb","itemListElement":[{"@type":"ListItem","position":1,"name":"Home","item":"https:\/\/alexnabytok.sk\/hotelovynabytok\/"},{"@type":"ListItem","position":2,"name":"Produkty","item":"https:\/\/alexnabytok.sk\/hotelovynabytok\/kategoria\/"},{"@type":"ListItem","position":3,"name":"Re\u0161taura\u010dn\u00fd n\u00e1bytok","item":"https:\/\/alexnabytok.sk\/hotelovynabytok\/kategoria\/restauracny-nabytok\/"},{"@type":"ListItem","position":4,"name":"Stolov\u00e1 podno\u017e"}]},{"@type":"WebSite","@id":"https:\/\/alexnabytok.sk\/hotelovynabytok\/#website","url":"https:\/\/alexnabytok.sk\/hotelovynabytok\/","name":"HOTEL-GASTRO N\u00c1BYTOK","description":"Alex kovov\u00fd a \u0161kolsk\u00fd n\u00e1bytok s.r.o.","potentialAction":[{"@type":"SearchAction","target":{"@type":"EntryPoint","urlTemplate":"https:\/\/alexnabytok.sk\/hotelovynabytok\/?s={search_term_string}"},"query-input":{"@type":"PropertyValueSpecification","valueRequired":true,"valueName":"search_term_string"}}],"inLanguage":"en-US"}]}},"_links":{"self":[{"href":"https:\/\/alexnabytok.sk\/hotelovynabytok\/wp-json\/wp\/v2\/pages\/31253","targetHints":{"allow":["GET"]}}],"collection":[{"href":"https:\/\/alexnabytok.sk\/hotelovynabytok\/wp-json\/wp\/v2\/pages"}],"about":[{"href":"https:\/\/alexnabytok.sk\/hotelovynabytok\/wp-json\/wp\/v2\/types\/page"}],"author":[{"embeddable":true,"href":"https:\/\/alexnabytok.sk\/hotelovynabytok\/wp-json\/wp\/v2\/users\/3"}],"replies":[{"embeddable":true,"href":"https:\/\/alexnabytok.sk\/hotelovynabytok\/wp-json\/wp\/v2\/comments?post=31253"}],"version-history":[{"count":1,"href":"https:\/\/alexnabytok.sk\/hotelovynabytok\/wp-json\/wp\/v2\/pages\/31253\/revisions"}],"predecessor-version":[{"id":41711,"href":"https:\/\/alexnabytok.sk\/hotelovynabytok\/wp-json\/wp\/v2\/pages\/31253\/revisions\/41711"}],"up":[{"embeddable":true,"href":"https:\/\/alexnabytok.sk\/hotelovynabytok\/wp-json\/wp\/v2\/pages\/64"}],"wp:attachment":[{"href":"https:\/\/alexnabytok.sk\/hotelovynabytok\/wp-json\/wp\/v2\/media?parent=31253"}],"curies":[{"name":"wp","href":"https:\/\/api.w.org\/{rel}","templated":true}]}}