{"id":53080,"date":"2018-09-27T06:46:38","date_gmt":"2018-09-27T06:46:38","guid":{"rendered":"http:\/\/alexnabytok.sk\/hotelovynabytok\/?page_id=53080"},"modified":"2018-09-27T06:46:38","modified_gmt":"2018-09-27T06:46:38","slug":"jedalenske-stolicky","status":"publish","type":"page","link":"https:\/\/alexnabytok.sk\/hotelovynabytok\/kategoria\/zariadenie-jedalni\/jedalenske-stolicky\/","title":{"rendered":"Jed\u00e1lensk\u00e9 stoli\u010dky"},"content":{"rendered":"","protected":false},"excerpt":{"rendered":"","protected":false},"author":3,"featured_media":53077,"parent":53071,"menu_order":0,"comment_status":"closed","ping_status":"closed","template":"page-Portfolio4Cols-filterable.php","meta":{"footnotes":""},"class_list":["post-53080","page","type-page","status-publish","has-post-thumbnail","hentry"],"yoast_head":"<!-- This site is optimized with the Yoast SEO plugin v24.7 - https:\/\/yoast.com\/wordpress\/plugins\/seo\/ -->\n<title>Jed\u00e1lensk\u00e9 stoli\u010dky - HOTEL-GASTRO N\u00c1BYTOK<\/title>\n<meta name=\"robots\" content=\"index, follow, max-snippet:-1, max-image-preview:large, max-video-preview:-1\" \/>\n<link rel=\"canonical\" href=\"https:\/\/alexnabytok.sk\/hotelovynabytok\/kategoria\/zariadenie-jedalni\/jedalenske-stolicky\/\" \/>\n<meta property=\"og:locale\" content=\"sk_SK\" \/>\n<meta property=\"og:type\" content=\"article\" \/>\n<meta property=\"og:title\" content=\"Jed\u00e1lensk\u00e9 stoli\u010dky - HOTEL-GASTRO N\u00c1BYTOK\" \/>\n<meta property=\"og:url\" content=\"https:\/\/alexnabytok.sk\/hotelovynabytok\/kategoria\/zariadenie-jedalni\/jedalenske-stolicky\/\" \/>\n<meta property=\"og:site_name\" content=\"HOTEL-GASTRO N\u00c1BYTOK\" \/>\n<meta property=\"og:image\" content=\"https:\/\/alexnabytok.sk\/hotelovynabytok\/wp-content\/uploads\/2018\/09\/Iskolabutor_13-Etkezo_butorok-02_Etkezo_szekek.jpg\" \/>\n\t<meta property=\"og:image:width\" content=\"800\" \/>\n\t<meta property=\"og:image:height\" content=\"560\" \/>\n\t<meta property=\"og:image:type\" content=\"image\/jpeg\" \/>\n<meta name=\"twitter:card\" content=\"summary_large_image\" \/>\n<script type=\"application\/ld+json\" class=\"yoast-schema-graph\">{\"@context\":\"https:\/\/schema.org\",\"@graph\":[{\"@type\":\"WebPage\",\"@id\":\"https:\/\/alexnabytok.sk\/hotelovynabytok\/kategoria\/zariadenie-jedalni\/jedalenske-stolicky\/\",\"url\":\"https:\/\/alexnabytok.sk\/hotelovynabytok\/kategoria\/zariadenie-jedalni\/jedalenske-stolicky\/\",\"name\":\"Jed\u00e1lensk\u00e9 stoli\u010dky - HOTEL-GASTRO N\u00c1BYTOK\",\"isPartOf\":{\"@id\":\"https:\/\/alexnabytok.sk\/hotelovynabytok\/#website\"},\"primaryImageOfPage\":{\"@id\":\"https:\/\/alexnabytok.sk\/hotelovynabytok\/kategoria\/zariadenie-jedalni\/jedalenske-stolicky\/#primaryimage\"},\"image\":{\"@id\":\"https:\/\/alexnabytok.sk\/hotelovynabytok\/kategoria\/zariadenie-jedalni\/jedalenske-stolicky\/#primaryimage\"},\"thumbnailUrl\":\"https:\/\/alexnabytok.sk\/hotelovynabytok\/wp-content\/uploads\/2018\/09\/Iskolabutor_13-Etkezo_butorok-02_Etkezo_szekek.jpg\",\"datePublished\":\"2018-09-27T06:46:38+00:00\",\"breadcrumb\":{\"@id\":\"https:\/\/alexnabytok.sk\/hotelovynabytok\/kategoria\/zariadenie-jedalni\/jedalenske-stolicky\/#breadcrumb\"},\"inLanguage\":\"en-US\",\"potentialAction\":[{\"@type\":\"ReadAction\",\"target\":[\"https:\/\/alexnabytok.sk\/hotelovynabytok\/kategoria\/zariadenie-jedalni\/jedalenske-stolicky\/\"]}]},{\"@type\":\"ImageObject\",\"inLanguage\":\"en-US\",\"@id\":\"https:\/\/alexnabytok.sk\/hotelovynabytok\/kategoria\/zariadenie-jedalni\/jedalenske-stolicky\/#primaryimage\",\"url\":\"https:\/\/alexnabytok.sk\/hotelovynabytok\/wp-content\/uploads\/2018\/09\/Iskolabutor_13-Etkezo_butorok-02_Etkezo_szekek.jpg\",\"contentUrl\":\"https:\/\/alexnabytok.sk\/hotelovynabytok\/wp-content\/uploads\/2018\/09\/Iskolabutor_13-Etkezo_butorok-02_Etkezo_szekek.jpg\",\"width\":800,\"height\":560},{\"@type\":\"BreadcrumbList\",\"@id\":\"https:\/\/alexnabytok.sk\/hotelovynabytok\/kategoria\/zariadenie-jedalni\/jedalenske-stolicky\/#breadcrumb\",\"itemListElement\":[{\"@type\":\"ListItem\",\"position\":1,\"name\":\"Home\",\"item\":\"https:\/\/alexnabytok.sk\/hotelovynabytok\/\"},{\"@type\":\"ListItem\",\"position\":2,\"name\":\"Produkty\",\"item\":\"https:\/\/alexnabytok.sk\/hotelovynabytok\/kategoria\/\"},{\"@type\":\"ListItem\",\"position\":3,\"name\":\"Zariadenie jed\u00e1ln\u00ed\",\"item\":\"https:\/\/alexnabytok.sk\/hotelovynabytok\/kategoria\/zariadenie-jedalni\/\"},{\"@type\":\"ListItem\",\"position\":4,\"name\":\"Jed\u00e1lensk\u00e9 stoli\u010dky\"}]},{\"@type\":\"WebSite\",\"@id\":\"https:\/\/alexnabytok.sk\/hotelovynabytok\/#website\",\"url\":\"https:\/\/alexnabytok.sk\/hotelovynabytok\/\",\"name\":\"HOTEL-GASTRO N\u00c1BYTOK\",\"description\":\"Alex kovov\u00fd a \u0161kolsk\u00fd n\u00e1bytok s.r.o.\",\"potentialAction\":[{\"@type\":\"SearchAction\",\"target\":{\"@type\":\"EntryPoint\",\"urlTemplate\":\"https:\/\/alexnabytok.sk\/hotelovynabytok\/?s={search_term_string}\"},\"query-input\":{\"@type\":\"PropertyValueSpecification\",\"valueRequired\":true,\"valueName\":\"search_term_string\"}}],\"inLanguage\":\"en-US\"}]}<\/script>\n<!-- \/ Yoast SEO plugin. -->","yoast_head_json":{"title":"Jed\u00e1lensk\u00e9 stoli\u010dky - HOTEL-GASTRO N\u00c1BYTOK","robots":{"index":"index","follow":"follow","max-snippet":"max-snippet:-1","max-image-preview":"max-image-preview:large","max-video-preview":"max-video-preview:-1"},"canonical":"https:\/\/alexnabytok.sk\/hotelovynabytok\/kategoria\/zariadenie-jedalni\/jedalenske-stolicky\/","og_locale":"sk_SK","og_type":"article","og_title":"Jed\u00e1lensk\u00e9 stoli\u010dky - HOTEL-GASTRO N\u00c1BYTOK","og_url":"https:\/\/alexnabytok.sk\/hotelovynabytok\/kategoria\/zariadenie-jedalni\/jedalenske-stolicky\/","og_site_name":"HOTEL-GASTRO N\u00c1BYTOK","og_image":[{"width":800,"height":560,"url":"https:\/\/alexnabytok.sk\/hotelovynabytok\/wp-content\/uploads\/2018\/09\/Iskolabutor_13-Etkezo_butorok-02_Etkezo_szekek.jpg","type":"image\/jpeg"}],"twitter_card":"summary_large_image","schema":{"@context":"https:\/\/schema.org","@graph":[{"@type":"WebPage","@id":"https:\/\/alexnabytok.sk\/hotelovynabytok\/kategoria\/zariadenie-jedalni\/jedalenske-stolicky\/","url":"https:\/\/alexnabytok.sk\/hotelovynabytok\/kategoria\/zariadenie-jedalni\/jedalenske-stolicky\/","name":"Jed\u00e1lensk\u00e9 stoli\u010dky - HOTEL-GASTRO N\u00c1BYTOK","isPartOf":{"@id":"https:\/\/alexnabytok.sk\/hotelovynabytok\/#website"},"primaryImageOfPage":{"@id":"https:\/\/alexnabytok.sk\/hotelovynabytok\/kategoria\/zariadenie-jedalni\/jedalenske-stolicky\/#primaryimage"},"image":{"@id":"https:\/\/alexnabytok.sk\/hotelovynabytok\/kategoria\/zariadenie-jedalni\/jedalenske-stolicky\/#primaryimage"},"thumbnailUrl":"https:\/\/alexnabytok.sk\/hotelovynabytok\/wp-content\/uploads\/2018\/09\/Iskolabutor_13-Etkezo_butorok-02_Etkezo_szekek.jpg","datePublished":"2018-09-27T06:46:38+00:00","breadcrumb":{"@id":"https:\/\/alexnabytok.sk\/hotelovynabytok\/kategoria\/zariadenie-jedalni\/jedalenske-stolicky\/#breadcrumb"},"inLanguage":"en-US","potentialAction":[{"@type":"ReadAction","target":["https:\/\/alexnabytok.sk\/hotelovynabytok\/kategoria\/zariadenie-jedalni\/jedalenske-stolicky\/"]}]},{"@type":"ImageObject","inLanguage":"en-US","@id":"https:\/\/alexnabytok.sk\/hotelovynabytok\/kategoria\/zariadenie-jedalni\/jedalenske-stolicky\/#primaryimage","url":"https:\/\/alexnabytok.sk\/hotelovynabytok\/wp-content\/uploads\/2018\/09\/Iskolabutor_13-Etkezo_butorok-02_Etkezo_szekek.jpg","contentUrl":"https:\/\/alexnabytok.sk\/hotelovynabytok\/wp-content\/uploads\/2018\/09\/Iskolabutor_13-Etkezo_butorok-02_Etkezo_szekek.jpg","width":800,"height":560},{"@type":"BreadcrumbList","@id":"https:\/\/alexnabytok.sk\/hotelovynabytok\/kategoria\/zariadenie-jedalni\/jedalenske-stolicky\/#breadcrumb","itemListElement":[{"@type":"ListItem","position":1,"name":"Home","item":"https:\/\/alexnabytok.sk\/hotelovynabytok\/"},{"@type":"ListItem","position":2,"name":"Produkty","item":"https:\/\/alexnabytok.sk\/hotelovynabytok\/kategoria\/"},{"@type":"ListItem","position":3,"name":"Zariadenie jed\u00e1ln\u00ed","item":"https:\/\/alexnabytok.sk\/hotelovynabytok\/kategoria\/zariadenie-jedalni\/"},{"@type":"ListItem","position":4,"name":"Jed\u00e1lensk\u00e9 stoli\u010dky"}]},{"@type":"WebSite","@id":"https:\/\/alexnabytok.sk\/hotelovynabytok\/#website","url":"https:\/\/alexnabytok.sk\/hotelovynabytok\/","name":"HOTEL-GASTRO N\u00c1BYTOK","description":"Alex kovov\u00fd a \u0161kolsk\u00fd n\u00e1bytok s.r.o.","potentialAction":[{"@type":"SearchAction","target":{"@type":"EntryPoint","urlTemplate":"https:\/\/alexnabytok.sk\/hotelovynabytok\/?s={search_term_string}"},"query-input":{"@type":"PropertyValueSpecification","valueRequired":true,"valueName":"search_term_string"}}],"inLanguage":"en-US"}]}},"_links":{"self":[{"href":"https:\/\/alexnabytok.sk\/hotelovynabytok\/wp-json\/wp\/v2\/pages\/53080","targetHints":{"allow":["GET"]}}],"collection":[{"href":"https:\/\/alexnabytok.sk\/hotelovynabytok\/wp-json\/wp\/v2\/pages"}],"about":[{"href":"https:\/\/alexnabytok.sk\/hotelovynabytok\/wp-json\/wp\/v2\/types\/page"}],"author":[{"embeddable":true,"href":"https:\/\/alexnabytok.sk\/hotelovynabytok\/wp-json\/wp\/v2\/users\/3"}],"replies":[{"embeddable":true,"href":"https:\/\/alexnabytok.sk\/hotelovynabytok\/wp-json\/wp\/v2\/comments?post=53080"}],"version-history":[{"count":1,"href":"https:\/\/alexnabytok.sk\/hotelovynabytok\/wp-json\/wp\/v2\/pages\/53080\/revisions"}],"predecessor-version":[{"id":53081,"href":"https:\/\/alexnabytok.sk\/hotelovynabytok\/wp-json\/wp\/v2\/pages\/53080\/revisions\/53081"}],"up":[{"embeddable":true,"href":"https:\/\/alexnabytok.sk\/hotelovynabytok\/wp-json\/wp\/v2\/pages\/53071"}],"wp:featuredmedia":[{"embeddable":true,"href":"https:\/\/alexnabytok.sk\/hotelovynabytok\/wp-json\/wp\/v2\/media\/53077"}],"wp:attachment":[{"href":"https:\/\/alexnabytok.sk\/hotelovynabytok\/wp-json\/wp\/v2\/media?parent=53080"}],"curies":[{"name":"wp","href":"https:\/\/api.w.org\/{rel}","templated":true}]}}