{"id":64,"date":"2016-06-11T08:36:56","date_gmt":"2016-06-11T08:36:56","guid":{"rendered":"http:\/\/szallodabutor.hu\/?page_id=64"},"modified":"2025-10-03T14:01:16","modified_gmt":"2025-10-03T14:01:16","slug":"restauracny-nabytok","status":"publish","type":"page","link":"https:\/\/alexnabytok.sk\/hotelovynabytok\/kategoria\/restauracny-nabytok\/","title":{"rendered":"Re\u0161taura\u010dn\u00fd n\u00e1bytok"},"content":{"rendered":"\n<li class=\"portfolio_item isotope-item\">\n<div class=\"portfolio_item_holder\">\n<figure class=\"thumbnail thumbnail__portfolio\"><a class=\"image-wrap\" href=\"https:\/\/alexnabytok.sk\/hotelovynabytok\/kategoria\/restauracny-nabytok\/stolicka\/\"><img decoding=\"async\" src=\"https:\/\/alexnabytok.sk\/hotelovynabytok\/wp-content\/uploads\/2025\/06\/KAT227-szek.webp\" alt=\"Stoli\u010dka\" \/><\/a><\/figure>\n<div class=\"caption caption__portfolio\">\n<h3><a href=\"https:\/\/alexnabytok.sk\/hotelovynabytok\/kategoria\/restauracny-nabytok\/stolicka\/\">Stoli\u010dka<\/a><\/h3>\n<\/div>\n<\/div>\n<\/li>\n<li class=\"portfolio_item isotope-item\">\n<div class=\"portfolio_item_holder\">\n<figure class=\"thumbnail thumbnail__portfolio\"><a class=\"image-wrap\" href=\"https:\/\/alexnabytok.sk\/hotelovynabytok\/kategoria\/restauracny-nabytok\/barova-stolicka\/\"><img decoding=\"async\" src=\"https:\/\/alexnabytok.sk\/hotelovynabytok\/wp-content\/uploads\/2025\/06\/KAT232-barszek.webp\" alt=\"Barov\u00e1 stoli\u010dka\" \/><\/a><\/figure>\n<div class=\"caption caption__portfolio\">\n<h3><a href=\"http:\/\/szallodabutor.hu\/kategoriak\/vendeglatoi-butor\/barszek\/\">Barov\u00e1 stoli\u010dka<\/a><\/h3>\n<p><a class=\"btn btn-primary\" href=\"https:\/\/alexnabytok.sk\/hotelovynabytok\/kategoria\/restauracny-nabytok\/barova-stolicka\/\">Tov\u00e1bb<\/a><\/p>\n<\/div>\n<\/div>\n<\/li>\n<li class=\"portfolio_item isotope-item\">\n<div class=\"portfolio_item_holder\">\n<figure class=\"thumbnail thumbnail__portfolio\"><a class=\"image-wrap\" href=\"https:\/\/alexnabytok.sk\/hotelovynabytok\/kategoria\/restauracny-nabytok\/stol\/\"><img decoding=\"async\" src=\"https:\/\/alexnabytok.sk\/hotelovynabytok\/wp-content\/uploads\/2025\/06\/KAT248-asztal.webp\" alt=\"St\u00f4l\" \/><\/a><\/figure>\n<div class=\"caption caption__portfolio\">\n<h3><a href=\"https:\/\/alexnabytok.sk\/hotelovynabytok\/kategoria\/restauracny-nabytok\/stol\/\">St\u00f4l<\/a><\/h3>\n<\/div>\n<\/div>\n<\/li>\n<li class=\"portfolio_item isotope-item\">\n<div class=\"portfolio_item_holder\">\n<figure class=\"thumbnail thumbnail__portfolio\"><a class=\"image-wrap\" href=\"https:\/\/alexnabytok.sk\/hotelovynabytok\/kategoria\/restauracny-nabytok\/stolova-podnoz\/\"><img decoding=\"async\" src=\"https:\/\/alexnabytok.sk\/hotelovynabytok\/wp-content\/uploads\/2025\/06\/KAT249-asztalbazis.webp\" alt=\"Stolov\u00e1 podno\u017e\" \/><\/a><\/figure>\n<div class=\"caption caption__portfolio\">\n<h3><a href=\"https:\/\/alexnabytok.sk\/hotelovynabytok\/kategoria\/restauracny-nabytok\/stolova-podnoz\/\">Stolov\u00e1 podno\u017e<\/a><\/h3>\n<\/div>\n<\/div>\n<\/li>\n\r\n\t<li class=\"portfolio_item isotope-item\"><div class=\"portfolio_item_holder\"><figure class=\"thumbnail thumbnail__portfolio\"><a href=\"https:\/\/alexnabytok.sk\/hotelovynabytok\/kategoria\/restauracny-nabytok\/barova-podnoz-stola\/\" class=\"image-wrap\"><img decoding=\"async\" src=\"https:\/\/alexnabytok.sk\/hotelovynabytok\/wp-content\/uploads\/2025\/06\/barasztalbazis.webp\" alt=\"Barov\u00e1 podno\u017e stola\"><\/a><\/figure><div class=\"caption caption__portfolio\"><h3><a href=\"https:\/\/alexnabytok.sk\/hotelovynabytok\/kategoria\/restauracny-nabytok\/barova-podnoz-stola\/\">Barov\u00e1 podno\u017e stola<\/a><\/h3><\/div><\/div><\/li>\n<li class=\"portfolio_item isotope-item\">\n<div class=\"portfolio_item_holder\">\n<figure class=\"thumbnail thumbnail__portfolio\"><a class=\"image-wrap\" href=\"https:\/\/alexnabytok.sk\/hotelovynabytok\/kategoria\/restauracny-nabytok\/barovy-stol-barova-podnoz\/\"><img decoding=\"async\" src=\"https:\/\/alexnabytok.sk\/hotelovynabytok\/wp-content\/uploads\/2025\/06\/KAT254-barasztal.webp\" alt=\"Barov\u00fd st\u00f4l, Barov\u00e1 podno\u017e\" \/><\/a><\/figure>\n<div class=\"caption caption__portfolio\">\n<h3><a href=\"https:\/\/alexnabytok.sk\/hotelovynabytok\/kategoria\/restauracny-nabytok\/barovy-stol-barova-podnoz\/\">Barov\u00fd st\u00f4l, Barov\u00e1 podno\u017e<\/a><\/h3>\n<\/div>\n<\/div>\n<\/li>\n\r\n\t<li class=\"portfolio_item isotope-item\"><div class=\"portfolio_item_holder\"><figure class=\"thumbnail thumbnail__portfolio\"><a href=\"https:\/\/alexnabytok.sk\/hotelovynabytok\/kategoria\/restauracny-nabytok\/odkladaci-stol\/\" class=\"image-wrap\"><img decoding=\"async\" src=\"https:\/\/alexnabytok.sk\/hotelovynabytok\/wp-content\/uploads\/2025\/10\/kat425-lerakoasztal.webp\" alt=\"Odkladac\u00ed st\u00f4l\"><\/a><\/figure><div class=\"caption caption__portfolio\"><h3><a href=\"https:\/\/alexnabytok.sk\/hotelovynabytok\/kategoria\/restauracny-nabytok\/odkladaci-stol\/\">Odkladac\u00ed st\u00f4l<\/a><\/h3><\/div><\/div><\/li>\n<li class=\"portfolio_item isotope-item\">\n<div class=\"portfolio_item_holder\">\n<figure class=\"thumbnail thumbnail__portfolio\"><a class=\"image-wrap\" href=\"https:\/\/alexnabytok.sk\/hotelovynabytok\/kategoria\/restauracny-nabytok\/relaxacny-nabytok\/\"><img decoding=\"async\" src=\"https:\/\/alexnabytok.sk\/hotelovynabytok\/wp-content\/uploads\/2025\/06\/KAT240-loungebutor.webp\" alt=\"Relaxa\u010dn\u00fd n\u00e1bytok\" \/><\/a><\/figure>\n<div class=\"caption caption__portfolio\">\n<h3><a href=\"https:\/\/alexnabytok.sk\/hotelovynabytok\/kategoria\/restauracny-nabytok\/relaxacny-nabytok\/\">Relaxa\u010dn\u00fd n\u00e1bytok<\/a><\/h3>\n<\/div>\n<\/div>\n<\/li>\n<li class=\"portfolio_item isotope-item\">\n<div class=\"portfolio_item_holder\">\n<figure class=\"thumbnail thumbnail__portfolio\"><a class=\"image-wrap\" href=\"https:\/\/alexnabytok.sk\/hotelovynabytok\/kategoria\/restauracny-nabytok\/stolova-doska\/\"><img decoding=\"async\" src=\"https:\/\/alexnabytok.sk\/hotelovynabytok\/wp-content\/uploads\/2025\/06\/KAT358-asztallap-dekorit-B.webp\" alt=\"Stolov\u00e1 doska\" \/><\/a><\/figure>\n<div class=\"caption caption__portfolio\">\n<h3><a href=\"https:\/\/alexnabytok.sk\/hotelovynabytok\/kategoria\/restauracny-nabytok\/stolova-doska\/\">Stolov\u00e1 doska<\/a><\/h3>\n<\/div>\n<\/div>\n<\/li>\n<li class=\"portfolio_item isotope-item\">\n<div class=\"portfolio_item_holder\">\n<figure class=\"thumbnail thumbnail__portfolio\"><a class=\"image-wrap\" href=\"https:\/\/alexnabytok.sk\/hotelovynabytok\/kategoria\/restauracny-nabytok\/boxy-lavice\/\"><img decoding=\"async\" src=\"https:\/\/alexnabytok.sk\/hotelovynabytok\/wp-content\/uploads\/2025\/06\/KAT368-padrendszer.webp\" alt=\"Boxy, lavice\" \/><\/a><\/figure>\n<div class=\"caption caption__portfolio\">\n<h3><a href=\"https:\/\/alexnabytok.sk\/hotelovynabytok\/kategoria\/restauracny-nabytok\/boxy-lavice\/\">Boxy, lavice<\/a><\/h3>\n<\/div>\n<\/div>\n<\/li>\n","protected":false},"excerpt":{"rendered":"<p>Stoli\u010dka Barov\u00e1 stoli\u010dka Tov\u00e1bb St\u00f4l Stolov\u00e1 podno\u017e Barov\u00fd st\u00f4l, Barov\u00e1 podno\u017e Relaxa\u010dn\u00fd n\u00e1bytok Stolov\u00e1 doska Boxy, lavice<\/p>\n","protected":false},"author":3,"featured_media":16206,"parent":10,"menu_order":0,"comment_status":"closed","ping_status":"closed","template":"page-Portfolio2Cols-alexsub.php","meta":{"footnotes":""},"class_list":["post-64","page","type-page","status-publish","has-post-thumbnail","hentry"],"yoast_head":"<!-- This site is optimized with the Yoast SEO plugin v24.7 - https:\/\/yoast.com\/wordpress\/plugins\/seo\/ -->\n<title>Re\u0161taura\u010dn\u00fd n\u00e1bytok - HOTEL-GASTRO N\u00c1BYTOK<\/title>\n<meta name=\"robots\" content=\"index, follow, max-snippet:-1, max-image-preview:large, max-video-preview:-1\" \/>\n<link rel=\"canonical\" href=\"https:\/\/alexnabytok.sk\/hotelovynabytok\/kategoria\/restauracny-nabytok\/\" \/>\n<meta property=\"og:locale\" content=\"sk_SK\" \/>\n<meta property=\"og:type\" content=\"article\" \/>\n<meta property=\"og:title\" content=\"Re\u0161taura\u010dn\u00fd n\u00e1bytok - HOTEL-GASTRO N\u00c1BYTOK\" \/>\n<meta property=\"og:description\" content=\"Stoli\u010dka Barov\u00e1 stoli\u010dka Tov\u00e1bb St\u00f4l Stolov\u00e1 podno\u017e Barov\u00fd st\u00f4l, Barov\u00e1 podno\u017e Relaxa\u010dn\u00fd n\u00e1bytok Stolov\u00e1 doska Boxy, lavice\" \/>\n<meta property=\"og:url\" content=\"https:\/\/alexnabytok.sk\/hotelovynabytok\/kategoria\/restauracny-nabytok\/\" \/>\n<meta property=\"og:site_name\" content=\"HOTEL-GASTRO N\u00c1BYTOK\" \/>\n<meta property=\"article:modified_time\" content=\"2025-10-03T14:01:16+00:00\" \/>\n<meta name=\"twitter:card\" content=\"summary_large_image\" \/>\n<meta name=\"twitter:label1\" content=\"Est. reading time\" \/>\n\t<meta name=\"twitter:data1\" content=\"2 minutes\" \/>\n<script type=\"application\/ld+json\" class=\"yoast-schema-graph\">{\"@context\":\"https:\/\/schema.org\",\"@graph\":[{\"@type\":\"WebPage\",\"@id\":\"https:\/\/alexnabytok.sk\/hotelovynabytok\/kategoria\/restauracny-nabytok\/\",\"url\":\"https:\/\/alexnabytok.sk\/hotelovynabytok\/kategoria\/restauracny-nabytok\/\",\"name\":\"Re\u0161taura\u010dn\u00fd n\u00e1bytok - HOTEL-GASTRO N\u00c1BYTOK\",\"isPartOf\":{\"@id\":\"https:\/\/alexnabytok.sk\/hotelovynabytok\/#website\"},\"primaryImageOfPage\":{\"@id\":\"https:\/\/alexnabytok.sk\/hotelovynabytok\/kategoria\/restauracny-nabytok\/#primaryimage\"},\"image\":{\"@id\":\"https:\/\/alexnabytok.sk\/hotelovynabytok\/kategoria\/restauracny-nabytok\/#primaryimage\"},\"thumbnailUrl\":\"\",\"datePublished\":\"2016-06-11T08:36:56+00:00\",\"dateModified\":\"2025-10-03T14:01:16+00:00\",\"breadcrumb\":{\"@id\":\"https:\/\/alexnabytok.sk\/hotelovynabytok\/kategoria\/restauracny-nabytok\/#breadcrumb\"},\"inLanguage\":\"en-US\",\"potentialAction\":[{\"@type\":\"ReadAction\",\"target\":[\"https:\/\/alexnabytok.sk\/hotelovynabytok\/kategoria\/restauracny-nabytok\/\"]}]},{\"@type\":\"ImageObject\",\"inLanguage\":\"en-US\",\"@id\":\"https:\/\/alexnabytok.sk\/hotelovynabytok\/kategoria\/restauracny-nabytok\/#primaryimage\",\"url\":\"\",\"contentUrl\":\"\"},{\"@type\":\"BreadcrumbList\",\"@id\":\"https:\/\/alexnabytok.sk\/hotelovynabytok\/kategoria\/restauracny-nabytok\/#breadcrumb\",\"itemListElement\":[{\"@type\":\"ListItem\",\"position\":1,\"name\":\"Home\",\"item\":\"https:\/\/alexnabytok.sk\/hotelovynabytok\/\"},{\"@type\":\"ListItem\",\"position\":2,\"name\":\"Produkty\",\"item\":\"https:\/\/alexnabytok.sk\/hotelovynabytok\/kategoria\/\"},{\"@type\":\"ListItem\",\"position\":3,\"name\":\"Re\u0161taura\u010dn\u00fd n\u00e1bytok\"}]},{\"@type\":\"WebSite\",\"@id\":\"https:\/\/alexnabytok.sk\/hotelovynabytok\/#website\",\"url\":\"https:\/\/alexnabytok.sk\/hotelovynabytok\/\",\"name\":\"HOTEL-GASTRO N\u00c1BYTOK\",\"description\":\"Alex kovov\u00fd a \u0161kolsk\u00fd n\u00e1bytok s.r.o.\",\"potentialAction\":[{\"@type\":\"SearchAction\",\"target\":{\"@type\":\"EntryPoint\",\"urlTemplate\":\"https:\/\/alexnabytok.sk\/hotelovynabytok\/?s={search_term_string}\"},\"query-input\":{\"@type\":\"PropertyValueSpecification\",\"valueRequired\":true,\"valueName\":\"search_term_string\"}}],\"inLanguage\":\"en-US\"}]}<\/script>\n<!-- \/ Yoast SEO plugin. -->","yoast_head_json":{"title":"Re\u0161taura\u010dn\u00fd n\u00e1bytok - HOTEL-GASTRO N\u00c1BYTOK","robots":{"index":"index","follow":"follow","max-snippet":"max-snippet:-1","max-image-preview":"max-image-preview:large","max-video-preview":"max-video-preview:-1"},"canonical":"https:\/\/alexnabytok.sk\/hotelovynabytok\/kategoria\/restauracny-nabytok\/","og_locale":"sk_SK","og_type":"article","og_title":"Re\u0161taura\u010dn\u00fd n\u00e1bytok - HOTEL-GASTRO N\u00c1BYTOK","og_description":"Stoli\u010dka Barov\u00e1 stoli\u010dka Tov\u00e1bb St\u00f4l Stolov\u00e1 podno\u017e Barov\u00fd st\u00f4l, Barov\u00e1 podno\u017e Relaxa\u010dn\u00fd n\u00e1bytok Stolov\u00e1 doska Boxy, lavice","og_url":"https:\/\/alexnabytok.sk\/hotelovynabytok\/kategoria\/restauracny-nabytok\/","og_site_name":"HOTEL-GASTRO N\u00c1BYTOK","article_modified_time":"2025-10-03T14:01:16+00:00","twitter_card":"summary_large_image","twitter_misc":{"Est. reading time":"2 minutes"},"schema":{"@context":"https:\/\/schema.org","@graph":[{"@type":"WebPage","@id":"https:\/\/alexnabytok.sk\/hotelovynabytok\/kategoria\/restauracny-nabytok\/","url":"https:\/\/alexnabytok.sk\/hotelovynabytok\/kategoria\/restauracny-nabytok\/","name":"Re\u0161taura\u010dn\u00fd n\u00e1bytok - HOTEL-GASTRO N\u00c1BYTOK","isPartOf":{"@id":"https:\/\/alexnabytok.sk\/hotelovynabytok\/#website"},"primaryImageOfPage":{"@id":"https:\/\/alexnabytok.sk\/hotelovynabytok\/kategoria\/restauracny-nabytok\/#primaryimage"},"image":{"@id":"https:\/\/alexnabytok.sk\/hotelovynabytok\/kategoria\/restauracny-nabytok\/#primaryimage"},"thumbnailUrl":"","datePublished":"2016-06-11T08:36:56+00:00","dateModified":"2025-10-03T14:01:16+00:00","breadcrumb":{"@id":"https:\/\/alexnabytok.sk\/hotelovynabytok\/kategoria\/restauracny-nabytok\/#breadcrumb"},"inLanguage":"en-US","potentialAction":[{"@type":"ReadAction","target":["https:\/\/alexnabytok.sk\/hotelovynabytok\/kategoria\/restauracny-nabytok\/"]}]},{"@type":"ImageObject","inLanguage":"en-US","@id":"https:\/\/alexnabytok.sk\/hotelovynabytok\/kategoria\/restauracny-nabytok\/#primaryimage","url":"","contentUrl":""},{"@type":"BreadcrumbList","@id":"https:\/\/alexnabytok.sk\/hotelovynabytok\/kategoria\/restauracny-nabytok\/#breadcrumb","itemListElement":[{"@type":"ListItem","position":1,"name":"Home","item":"https:\/\/alexnabytok.sk\/hotelovynabytok\/"},{"@type":"ListItem","position":2,"name":"Produkty","item":"https:\/\/alexnabytok.sk\/hotelovynabytok\/kategoria\/"},{"@type":"ListItem","position":3,"name":"Re\u0161taura\u010dn\u00fd n\u00e1bytok"}]},{"@type":"WebSite","@id":"https:\/\/alexnabytok.sk\/hotelovynabytok\/#website","url":"https:\/\/alexnabytok.sk\/hotelovynabytok\/","name":"HOTEL-GASTRO N\u00c1BYTOK","description":"Alex kovov\u00fd a \u0161kolsk\u00fd n\u00e1bytok s.r.o.","potentialAction":[{"@type":"SearchAction","target":{"@type":"EntryPoint","urlTemplate":"https:\/\/alexnabytok.sk\/hotelovynabytok\/?s={search_term_string}"},"query-input":{"@type":"PropertyValueSpecification","valueRequired":true,"valueName":"search_term_string"}}],"inLanguage":"en-US"}]}},"_links":{"self":[{"href":"https:\/\/alexnabytok.sk\/hotelovynabytok\/wp-json\/wp\/v2\/pages\/64","targetHints":{"allow":["GET"]}}],"collection":[{"href":"https:\/\/alexnabytok.sk\/hotelovynabytok\/wp-json\/wp\/v2\/pages"}],"about":[{"href":"https:\/\/alexnabytok.sk\/hotelovynabytok\/wp-json\/wp\/v2\/types\/page"}],"author":[{"embeddable":true,"href":"https:\/\/alexnabytok.sk\/hotelovynabytok\/wp-json\/wp\/v2\/users\/3"}],"replies":[{"embeddable":true,"href":"https:\/\/alexnabytok.sk\/hotelovynabytok\/wp-json\/wp\/v2\/comments?post=64"}],"version-history":[{"count":9,"href":"https:\/\/alexnabytok.sk\/hotelovynabytok\/wp-json\/wp\/v2\/pages\/64\/revisions"}],"predecessor-version":[{"id":138554,"href":"https:\/\/alexnabytok.sk\/hotelovynabytok\/wp-json\/wp\/v2\/pages\/64\/revisions\/138554"}],"up":[{"embeddable":true,"href":"https:\/\/alexnabytok.sk\/hotelovynabytok\/wp-json\/wp\/v2\/pages\/10"}],"wp:featuredmedia":[{"embeddable":true,"href":"https:\/\/alexnabytok.sk\/hotelovynabytok\/wp-json\/"}],"wp:attachment":[{"href":"https:\/\/alexnabytok.sk\/hotelovynabytok\/wp-json\/wp\/v2\/media?parent=64"}],"curies":[{"name":"wp","href":"https:\/\/api.w.org\/{rel}","templated":true}]}}