{"id":67,"date":"2016-06-11T08:45:44","date_gmt":"2016-06-11T08:45:44","guid":{"rendered":"http:\/\/szallodabutor.hu\/?page_id=67"},"modified":"2025-06-23T08:42:41","modified_gmt":"2025-06-23T08:42:41","slug":"banketovy-nabytok","status":"publish","type":"page","link":"https:\/\/alexnabytok.sk\/hotelovynabytok\/kategoria\/banketovy-nabytok\/","title":{"rendered":"Banketov\u00fd n\u00e1bytok"},"content":{"rendered":"<li class=\"portfolio_item isotope-item\">\n<div class=\"portfolio_item_holder\">\n<figure class=\"thumbnail thumbnail__portfolio\"><a href=\"https:\/\/alexnabytok.sk\/hotelovynabytok\/kategoria\/banketovy-nabytok\/banketova-stolicka\/\" class=\"image-wrap\"><img decoding=\"async\" src=\"https:\/\/alexnabytok.sk\/hotelovynabytok\/wp-content\/uploads\/2016\/06\/01_Bankett_szek-1.jpg\" alt=\"Banketov\u00e1 stoli\u010dka\"><span class=\"zoom-icon\"><\/span><\/a><\/figure>\n<div class=\"caption caption__portfolio\">\n<h3><a href=\"https:\/\/alexnabytok.sk\/hotelovynabytok\/kategoria\/banketovy-nabytok\/banketova-stolicka\/\">Banketov\u00e1 stoli\u010dka<\/a><\/h3>\n<\/div>\n<\/div>\n<\/li>\n\r\n\t<li class=\"portfolio_item isotope-item\"><div class=\"portfolio_item_holder\"><figure class=\"thumbnail thumbnail__portfolio\"><a href=\"https:\/\/alexnabytok.sk\/hotelovynabytok\/kategoria\/banketovy-nabytok\/konferencne-stolicky\/\" class=\"image-wrap\"><img decoding=\"async\" src=\"https:\/\/alexnabytok.sk\/hotelovynabytok\/wp-content\/uploads\/2025\/06\/KAT412-konferencia_kat.webp\" alt=\"Konferen\u010dn\u00e9 stoli\u010dky\"><\/a><\/figure><div class=\"caption caption__portfolio\"><h3><a href=\"https:\/\/alexnabytok.sk\/hotelovynabytok\/kategoria\/banketovy-nabytok\/konferencne-stolicky\/\">Konferen\u010dn\u00e9 stoli\u010dky<\/a><\/h3><\/div><\/div><\/li>\n<li class=\"portfolio_item isotope-item\">\n<div class=\"portfolio_item_holder\">\n<figure class=\"thumbnail thumbnail__portfolio\"><a href=\"https:\/\/alexnabytok.sk\/hotelovynabytok\/kategoria\/banketovy-nabytok\/banketovy-stol\/\" class=\"image-wrap\"><img decoding=\"async\" src=\"https:\/\/alexnabytok.sk\/hotelovynabytok\/wp-content\/uploads\/2016\/06\/03_Bankett_asztal-1.jpg\" alt=\"Banketov\u00fd st\u00f4l\"><span class=\"zoom-icon\"><\/span><\/a><\/figure>\n<div class=\"caption caption__portfolio\">\n<h3><a href=\"https:\/\/alexnabytok.sk\/hotelovynabytok\/kategoria\/banketovy-nabytok\/banketovy-stol\/\">Banketov\u00fd st\u00f4l<\/a><\/h3>\n<\/div>\n<\/div>\n<\/li>\n<li class=\"portfolio_item isotope-item\">\n<div class=\"portfolio_item_holder\">\n<figure class=\"thumbnail thumbnail__portfolio\"><a href=\"https:\/\/alexnabytok.sk\/hotelovynabytok\/kategoria\/banketovy-nabytok\/doplnky\/\" class=\"image-wrap\"><img decoding=\"async\" src=\"https:\/\/alexnabytok.sk\/hotelovynabytok\/wp-content\/uploads\/2016\/06\/04_Kiegeszitok.jpg\" alt=\"Doplnky\"><span class=\"zoom-icon\"><\/span><\/a><\/figure>\n<div class=\"caption caption__portfolio\">\n<h3><a href=\"https:\/\/alexnabytok.sk\/hotelovynabytok\/kategoria\/banketovy-nabytok\/doplnky\/\">Doplnky<\/a><\/h3>\n<\/div>\n<\/div>\n<\/li>\n","protected":false},"excerpt":{"rendered":"<p>Banketov\u00e1 stoli\u010dka Banketov\u00fd st\u00f4l Doplnky<\/p>\n","protected":false},"author":3,"featured_media":16207,"parent":10,"menu_order":0,"comment_status":"closed","ping_status":"closed","template":"page-Portfolio2Cols-alexsub.php","meta":{"footnotes":""},"class_list":["post-67","page","type-page","status-publish","has-post-thumbnail","hentry"],"yoast_head":"<!-- This site is optimized with the Yoast SEO plugin v24.7 - https:\/\/yoast.com\/wordpress\/plugins\/seo\/ -->\n<title>Banketov\u00fd n\u00e1bytok - HOTEL-GASTRO N\u00c1BYTOK<\/title>\n<meta name=\"robots\" content=\"index, follow, max-snippet:-1, max-image-preview:large, max-video-preview:-1\" \/>\n<link rel=\"canonical\" href=\"https:\/\/alexnabytok.sk\/hotelovynabytok\/kategoria\/banketovy-nabytok\/\" \/>\n<meta property=\"og:locale\" content=\"sk_SK\" \/>\n<meta property=\"og:type\" content=\"article\" \/>\n<meta property=\"og:title\" content=\"Banketov\u00fd n\u00e1bytok - HOTEL-GASTRO N\u00c1BYTOK\" \/>\n<meta property=\"og:description\" content=\"Banketov\u00e1 stoli\u010dka Banketov\u00fd st\u00f4l Doplnky\" \/>\n<meta property=\"og:url\" content=\"https:\/\/alexnabytok.sk\/hotelovynabytok\/kategoria\/banketovy-nabytok\/\" \/>\n<meta property=\"og:site_name\" content=\"HOTEL-GASTRO N\u00c1BYTOK\" \/>\n<meta property=\"article:modified_time\" content=\"2025-06-23T08:42:41+00:00\" \/>\n<meta name=\"twitter:card\" content=\"summary_large_image\" \/>\n<meta name=\"twitter:label1\" content=\"Est. reading time\" \/>\n\t<meta name=\"twitter:data1\" content=\"1 minute\" \/>\n<script type=\"application\/ld+json\" class=\"yoast-schema-graph\">{\"@context\":\"https:\/\/schema.org\",\"@graph\":[{\"@type\":\"WebPage\",\"@id\":\"https:\/\/alexnabytok.sk\/hotelovynabytok\/kategoria\/banketovy-nabytok\/\",\"url\":\"https:\/\/alexnabytok.sk\/hotelovynabytok\/kategoria\/banketovy-nabytok\/\",\"name\":\"Banketov\u00fd n\u00e1bytok - HOTEL-GASTRO N\u00c1BYTOK\",\"isPartOf\":{\"@id\":\"https:\/\/alexnabytok.sk\/hotelovynabytok\/#website\"},\"primaryImageOfPage\":{\"@id\":\"https:\/\/alexnabytok.sk\/hotelovynabytok\/kategoria\/banketovy-nabytok\/#primaryimage\"},\"image\":{\"@id\":\"https:\/\/alexnabytok.sk\/hotelovynabytok\/kategoria\/banketovy-nabytok\/#primaryimage\"},\"thumbnailUrl\":\"\",\"datePublished\":\"2016-06-11T08:45:44+00:00\",\"dateModified\":\"2025-06-23T08:42:41+00:00\",\"breadcrumb\":{\"@id\":\"https:\/\/alexnabytok.sk\/hotelovynabytok\/kategoria\/banketovy-nabytok\/#breadcrumb\"},\"inLanguage\":\"en-US\",\"potentialAction\":[{\"@type\":\"ReadAction\",\"target\":[\"https:\/\/alexnabytok.sk\/hotelovynabytok\/kategoria\/banketovy-nabytok\/\"]}]},{\"@type\":\"ImageObject\",\"inLanguage\":\"en-US\",\"@id\":\"https:\/\/alexnabytok.sk\/hotelovynabytok\/kategoria\/banketovy-nabytok\/#primaryimage\",\"url\":\"\",\"contentUrl\":\"\"},{\"@type\":\"BreadcrumbList\",\"@id\":\"https:\/\/alexnabytok.sk\/hotelovynabytok\/kategoria\/banketovy-nabytok\/#breadcrumb\",\"itemListElement\":[{\"@type\":\"ListItem\",\"position\":1,\"name\":\"Home\",\"item\":\"https:\/\/alexnabytok.sk\/hotelovynabytok\/\"},{\"@type\":\"ListItem\",\"position\":2,\"name\":\"Produkty\",\"item\":\"https:\/\/alexnabytok.sk\/hotelovynabytok\/kategoria\/\"},{\"@type\":\"ListItem\",\"position\":3,\"name\":\"Banketov\u00fd n\u00e1bytok\"}]},{\"@type\":\"WebSite\",\"@id\":\"https:\/\/alexnabytok.sk\/hotelovynabytok\/#website\",\"url\":\"https:\/\/alexnabytok.sk\/hotelovynabytok\/\",\"name\":\"HOTEL-GASTRO N\u00c1BYTOK\",\"description\":\"Alex kovov\u00fd a \u0161kolsk\u00fd n\u00e1bytok s.r.o.\",\"potentialAction\":[{\"@type\":\"SearchAction\",\"target\":{\"@type\":\"EntryPoint\",\"urlTemplate\":\"https:\/\/alexnabytok.sk\/hotelovynabytok\/?s={search_term_string}\"},\"query-input\":{\"@type\":\"PropertyValueSpecification\",\"valueRequired\":true,\"valueName\":\"search_term_string\"}}],\"inLanguage\":\"en-US\"}]}<\/script>\n<!-- \/ Yoast SEO plugin. -->","yoast_head_json":{"title":"Banketov\u00fd n\u00e1bytok - HOTEL-GASTRO N\u00c1BYTOK","robots":{"index":"index","follow":"follow","max-snippet":"max-snippet:-1","max-image-preview":"max-image-preview:large","max-video-preview":"max-video-preview:-1"},"canonical":"https:\/\/alexnabytok.sk\/hotelovynabytok\/kategoria\/banketovy-nabytok\/","og_locale":"sk_SK","og_type":"article","og_title":"Banketov\u00fd n\u00e1bytok - HOTEL-GASTRO N\u00c1BYTOK","og_description":"Banketov\u00e1 stoli\u010dka Banketov\u00fd st\u00f4l Doplnky","og_url":"https:\/\/alexnabytok.sk\/hotelovynabytok\/kategoria\/banketovy-nabytok\/","og_site_name":"HOTEL-GASTRO N\u00c1BYTOK","article_modified_time":"2025-06-23T08:42:41+00:00","twitter_card":"summary_large_image","twitter_misc":{"Est. reading time":"1 minute"},"schema":{"@context":"https:\/\/schema.org","@graph":[{"@type":"WebPage","@id":"https:\/\/alexnabytok.sk\/hotelovynabytok\/kategoria\/banketovy-nabytok\/","url":"https:\/\/alexnabytok.sk\/hotelovynabytok\/kategoria\/banketovy-nabytok\/","name":"Banketov\u00fd n\u00e1bytok - HOTEL-GASTRO N\u00c1BYTOK","isPartOf":{"@id":"https:\/\/alexnabytok.sk\/hotelovynabytok\/#website"},"primaryImageOfPage":{"@id":"https:\/\/alexnabytok.sk\/hotelovynabytok\/kategoria\/banketovy-nabytok\/#primaryimage"},"image":{"@id":"https:\/\/alexnabytok.sk\/hotelovynabytok\/kategoria\/banketovy-nabytok\/#primaryimage"},"thumbnailUrl":"","datePublished":"2016-06-11T08:45:44+00:00","dateModified":"2025-06-23T08:42:41+00:00","breadcrumb":{"@id":"https:\/\/alexnabytok.sk\/hotelovynabytok\/kategoria\/banketovy-nabytok\/#breadcrumb"},"inLanguage":"en-US","potentialAction":[{"@type":"ReadAction","target":["https:\/\/alexnabytok.sk\/hotelovynabytok\/kategoria\/banketovy-nabytok\/"]}]},{"@type":"ImageObject","inLanguage":"en-US","@id":"https:\/\/alexnabytok.sk\/hotelovynabytok\/kategoria\/banketovy-nabytok\/#primaryimage","url":"","contentUrl":""},{"@type":"BreadcrumbList","@id":"https:\/\/alexnabytok.sk\/hotelovynabytok\/kategoria\/banketovy-nabytok\/#breadcrumb","itemListElement":[{"@type":"ListItem","position":1,"name":"Home","item":"https:\/\/alexnabytok.sk\/hotelovynabytok\/"},{"@type":"ListItem","position":2,"name":"Produkty","item":"https:\/\/alexnabytok.sk\/hotelovynabytok\/kategoria\/"},{"@type":"ListItem","position":3,"name":"Banketov\u00fd n\u00e1bytok"}]},{"@type":"WebSite","@id":"https:\/\/alexnabytok.sk\/hotelovynabytok\/#website","url":"https:\/\/alexnabytok.sk\/hotelovynabytok\/","name":"HOTEL-GASTRO N\u00c1BYTOK","description":"Alex kovov\u00fd a \u0161kolsk\u00fd n\u00e1bytok s.r.o.","potentialAction":[{"@type":"SearchAction","target":{"@type":"EntryPoint","urlTemplate":"https:\/\/alexnabytok.sk\/hotelovynabytok\/?s={search_term_string}"},"query-input":{"@type":"PropertyValueSpecification","valueRequired":true,"valueName":"search_term_string"}}],"inLanguage":"en-US"}]}},"_links":{"self":[{"href":"https:\/\/alexnabytok.sk\/hotelovynabytok\/wp-json\/wp\/v2\/pages\/67","targetHints":{"allow":["GET"]}}],"collection":[{"href":"https:\/\/alexnabytok.sk\/hotelovynabytok\/wp-json\/wp\/v2\/pages"}],"about":[{"href":"https:\/\/alexnabytok.sk\/hotelovynabytok\/wp-json\/wp\/v2\/types\/page"}],"author":[{"embeddable":true,"href":"https:\/\/alexnabytok.sk\/hotelovynabytok\/wp-json\/wp\/v2\/users\/3"}],"replies":[{"embeddable":true,"href":"https:\/\/alexnabytok.sk\/hotelovynabytok\/wp-json\/wp\/v2\/comments?post=67"}],"version-history":[{"count":4,"href":"https:\/\/alexnabytok.sk\/hotelovynabytok\/wp-json\/wp\/v2\/pages\/67\/revisions"}],"predecessor-version":[{"id":127014,"href":"https:\/\/alexnabytok.sk\/hotelovynabytok\/wp-json\/wp\/v2\/pages\/67\/revisions\/127014"}],"up":[{"embeddable":true,"href":"https:\/\/alexnabytok.sk\/hotelovynabytok\/wp-json\/wp\/v2\/pages\/10"}],"wp:featuredmedia":[{"embeddable":true,"href":"https:\/\/alexnabytok.sk\/hotelovynabytok\/wp-json\/"}],"wp:attachment":[{"href":"https:\/\/alexnabytok.sk\/hotelovynabytok\/wp-json\/wp\/v2\/media?parent=67"}],"curies":[{"name":"wp","href":"https:\/\/api.w.org\/{rel}","templated":true}]}}