{"id":672,"date":"2016-06-11T12:20:37","date_gmt":"2016-06-11T12:20:37","guid":{"rendered":"http:\/\/szallodabutor.hu\/?page_id=672"},"modified":"2026-01-19T13:36:41","modified_gmt":"2026-01-19T13:36:41","slug":"stolova-doska","status":"publish","type":"page","link":"https:\/\/alexnabytok.sk\/hotelovynabytok\/kategoria\/restauracny-nabytok\/stolova-doska\/","title":{"rendered":"Stolov\u00e1 doska"},"content":{"rendered":"<li class=\"portfolio_item isotope-item\">\n<div class=\"portfolio_item_holder\">\n<figure class=\"thumbnail thumbnail__portfolio\"><a href=\"https:\/\/alexnabytok.sk\/hotelovynabytok\/kategoria\/restauracny-nabytok\/stolova-doska\/laminatova-doska\/\" class=\"image-wrap\"><img decoding=\"async\" src=\"https:\/\/alexnabytok.sk\/hotelovynabytok\/wp-content\/uploads\/2025\/11\/KAT355-asztallap-lamin18-B.webp\" alt=\"Lamin\u00e1tov\u00e1 doska\"><span class=\"zoom-icon\"><\/span><\/a><\/figure>\n<div class=\"caption caption__portfolio\">\n<h3 style=\"line-height: 35px;\"><a href=\"https:\/\/alexnabytok.sk\/hotelovynabytok\/kategoria\/restauracny-nabytok\/stolova-doska\/laminatova-doska\/\">Lamin\u00e1tov\u00e1 doska<\/a><\/h3>\n<\/div>\n<\/div>\n<\/li>\n<li class=\"portfolio_item isotope-item\">\n<div class=\"portfolio_item_holder\">\n<figure class=\"thumbnail thumbnail__portfolio\"><a href=\"https:\/\/alexnabytok.sk\/hotelovynabytok\/kategoria\/restauracny-nabytok\/stolova-doska\/kompaktna-doska\/\" class=\"image-wrap\"><img decoding=\"async\" src=\"https:\/\/alexnabytok.sk\/hotelovynabytok\/wp-content\/uploads\/2025\/11\/KAT357-asztallap-kompaktlemez-hpl-B.webp\" alt=\"Kompaktn\u00e1 doska\"><span class=\"zoom-icon\"><\/span><\/a><\/figure>\n<div class=\"caption caption__portfolio\">\n<h3 style=\"line-height: 35px;\"><a href=\"https:\/\/alexnabytok.sk\/hotelovynabytok\/kategoria\/restauracny-nabytok\/stolova-doska\/kompaktna-doska\/\">Kompaktn\u00e1 doska<\/a><\/h3>\n<\/div>\n<\/div>\n<\/li>\n<li class=\"portfolio_item isotope-item\">\n<div class=\"portfolio_item_holder\">\n<figure class=\"thumbnail thumbnail__portfolio\"><a href=\"https:\/\/alexnabytok.sk\/hotelovynabytok\/kategoria\/restauracny-nabytok\/stolova-doska\/lepena-doska\/\" class=\"image-wrap\"><img decoding=\"async\" src=\"https:\/\/alexnabytok.sk\/hotelovynabytok\/wp-content\/uploads\/2025\/11\/KAT-Tombositett_tolgy_asztallap.jpg\" alt=\"Lepen\u00e1 doska\"><span class=\"zoom-icon\"><\/span><\/a><\/figure>\n<div class=\"caption caption__portfolio\">\n<h3 style=\"line-height: 35px;\"><a href=\"https:\/\/alexnabytok.sk\/hotelovynabytok\/kategoria\/restauracny-nabytok\/stolova-doska\/lepena-doska\/\">Lepen\u00e1 doska<\/a><\/h3>\n<\/div>\n<\/div>\n<\/li>\n<li class=\"portfolio_item isotope-item\">\n<div class=\"portfolio_item_holder\">\n<figure class=\"thumbnail thumbnail__portfolio\"><a href=\"https:\/\/alexnabytok.sk\/hotelovynabytok\/kategoria\/restauracny-nabytok\/stolova-doska\/hpl-dosky\/\" class=\"image-wrap\"><img decoding=\"async\" src=\"https:\/\/alexnabytok.sk\/hotelovynabytok\/wp-content\/uploads\/2026\/01\/HPL_asztallap_2.webp\" alt=\"HPL Dosky\"><span class=\"zoom-icon\"><\/span><\/a><\/figure>\n<div class=\"caption caption__portfolio\">\n<h3 style=\"line-height: 35px;\"><a href=\"https:\/\/alexnabytok.sk\/hotelovynabytok\/kategoria\/restauracny-nabytok\/stolova-doska\/hpl-dosky\/\">HPL Dosky<\/a><\/h3>\n<\/div>\n<\/div>\n<\/li>\n","protected":false},"excerpt":{"rendered":"<p>Lamin\u00e1tov\u00e1 doska Kompaktn\u00e1 doska Lepen\u00e1 doska HPL Dosky<\/p>\n","protected":false},"author":3,"featured_media":16693,"parent":64,"menu_order":0,"comment_status":"closed","ping_status":"closed","template":"page-Portfolio2Cols-alexsub.php","meta":{"footnotes":""},"class_list":["post-672","page","type-page","status-publish","has-post-thumbnail","hentry"],"yoast_head":"<!-- This site is optimized with the Yoast SEO plugin v24.7 - https:\/\/yoast.com\/wordpress\/plugins\/seo\/ -->\n<title>Stolov\u00e1 doska - HOTEL-GASTRO N\u00c1BYTOK<\/title>\n<meta name=\"robots\" content=\"index, follow, max-snippet:-1, max-image-preview:large, max-video-preview:-1\" \/>\n<link rel=\"canonical\" href=\"https:\/\/alexnabytok.sk\/hotelovynabytok\/kategoria\/restauracny-nabytok\/stolova-doska\/\" \/>\n<meta property=\"og:locale\" content=\"sk_SK\" \/>\n<meta property=\"og:type\" content=\"article\" \/>\n<meta property=\"og:title\" content=\"Stolov\u00e1 doska - HOTEL-GASTRO N\u00c1BYTOK\" \/>\n<meta property=\"og:description\" content=\"Lamin\u00e1tov\u00e1 doska Kompaktn\u00e1 doska Lepen\u00e1 doska HPL Dosky\" \/>\n<meta property=\"og:url\" content=\"https:\/\/alexnabytok.sk\/hotelovynabytok\/kategoria\/restauracny-nabytok\/stolova-doska\/\" \/>\n<meta property=\"og:site_name\" content=\"HOTEL-GASTRO N\u00c1BYTOK\" \/>\n<meta property=\"article:modified_time\" content=\"2026-01-19T13:36:41+00:00\" \/>\n<meta name=\"twitter:card\" content=\"summary_large_image\" \/>\n<meta name=\"twitter:label1\" content=\"Est. reading time\" \/>\n\t<meta name=\"twitter:data1\" content=\"2 minutes\" \/>\n<script type=\"application\/ld+json\" class=\"yoast-schema-graph\">{\"@context\":\"https:\/\/schema.org\",\"@graph\":[{\"@type\":\"WebPage\",\"@id\":\"https:\/\/alexnabytok.sk\/hotelovynabytok\/kategoria\/restauracny-nabytok\/stolova-doska\/\",\"url\":\"https:\/\/alexnabytok.sk\/hotelovynabytok\/kategoria\/restauracny-nabytok\/stolova-doska\/\",\"name\":\"Stolov\u00e1 doska - HOTEL-GASTRO N\u00c1BYTOK\",\"isPartOf\":{\"@id\":\"https:\/\/alexnabytok.sk\/hotelovynabytok\/#website\"},\"primaryImageOfPage\":{\"@id\":\"https:\/\/alexnabytok.sk\/hotelovynabytok\/kategoria\/restauracny-nabytok\/stolova-doska\/#primaryimage\"},\"image\":{\"@id\":\"https:\/\/alexnabytok.sk\/hotelovynabytok\/kategoria\/restauracny-nabytok\/stolova-doska\/#primaryimage\"},\"thumbnailUrl\":\"\",\"datePublished\":\"2016-06-11T12:20:37+00:00\",\"dateModified\":\"2026-01-19T13:36:41+00:00\",\"breadcrumb\":{\"@id\":\"https:\/\/alexnabytok.sk\/hotelovynabytok\/kategoria\/restauracny-nabytok\/stolova-doska\/#breadcrumb\"},\"inLanguage\":\"en-US\",\"potentialAction\":[{\"@type\":\"ReadAction\",\"target\":[\"https:\/\/alexnabytok.sk\/hotelovynabytok\/kategoria\/restauracny-nabytok\/stolova-doska\/\"]}]},{\"@type\":\"ImageObject\",\"inLanguage\":\"en-US\",\"@id\":\"https:\/\/alexnabytok.sk\/hotelovynabytok\/kategoria\/restauracny-nabytok\/stolova-doska\/#primaryimage\",\"url\":\"\",\"contentUrl\":\"\"},{\"@type\":\"BreadcrumbList\",\"@id\":\"https:\/\/alexnabytok.sk\/hotelovynabytok\/kategoria\/restauracny-nabytok\/stolova-doska\/#breadcrumb\",\"itemListElement\":[{\"@type\":\"ListItem\",\"position\":1,\"name\":\"Home\",\"item\":\"https:\/\/alexnabytok.sk\/hotelovynabytok\/\"},{\"@type\":\"ListItem\",\"position\":2,\"name\":\"Produkty\",\"item\":\"https:\/\/alexnabytok.sk\/hotelovynabytok\/kategoria\/\"},{\"@type\":\"ListItem\",\"position\":3,\"name\":\"Re\u0161taura\u010dn\u00fd n\u00e1bytok\",\"item\":\"https:\/\/alexnabytok.sk\/hotelovynabytok\/kategoria\/restauracny-nabytok\/\"},{\"@type\":\"ListItem\",\"position\":4,\"name\":\"Stolov\u00e1 doska\"}]},{\"@type\":\"WebSite\",\"@id\":\"https:\/\/alexnabytok.sk\/hotelovynabytok\/#website\",\"url\":\"https:\/\/alexnabytok.sk\/hotelovynabytok\/\",\"name\":\"HOTEL-GASTRO N\u00c1BYTOK\",\"description\":\"Alex kovov\u00fd a \u0161kolsk\u00fd n\u00e1bytok s.r.o.\",\"potentialAction\":[{\"@type\":\"SearchAction\",\"target\":{\"@type\":\"EntryPoint\",\"urlTemplate\":\"https:\/\/alexnabytok.sk\/hotelovynabytok\/?s={search_term_string}\"},\"query-input\":{\"@type\":\"PropertyValueSpecification\",\"valueRequired\":true,\"valueName\":\"search_term_string\"}}],\"inLanguage\":\"en-US\"}]}<\/script>\n<!-- \/ Yoast SEO plugin. -->","yoast_head_json":{"title":"Stolov\u00e1 doska - HOTEL-GASTRO N\u00c1BYTOK","robots":{"index":"index","follow":"follow","max-snippet":"max-snippet:-1","max-image-preview":"max-image-preview:large","max-video-preview":"max-video-preview:-1"},"canonical":"https:\/\/alexnabytok.sk\/hotelovynabytok\/kategoria\/restauracny-nabytok\/stolova-doska\/","og_locale":"sk_SK","og_type":"article","og_title":"Stolov\u00e1 doska - HOTEL-GASTRO N\u00c1BYTOK","og_description":"Lamin\u00e1tov\u00e1 doska Kompaktn\u00e1 doska Lepen\u00e1 doska HPL Dosky","og_url":"https:\/\/alexnabytok.sk\/hotelovynabytok\/kategoria\/restauracny-nabytok\/stolova-doska\/","og_site_name":"HOTEL-GASTRO N\u00c1BYTOK","article_modified_time":"2026-01-19T13:36:41+00:00","twitter_card":"summary_large_image","twitter_misc":{"Est. reading time":"2 minutes"},"schema":{"@context":"https:\/\/schema.org","@graph":[{"@type":"WebPage","@id":"https:\/\/alexnabytok.sk\/hotelovynabytok\/kategoria\/restauracny-nabytok\/stolova-doska\/","url":"https:\/\/alexnabytok.sk\/hotelovynabytok\/kategoria\/restauracny-nabytok\/stolova-doska\/","name":"Stolov\u00e1 doska - HOTEL-GASTRO N\u00c1BYTOK","isPartOf":{"@id":"https:\/\/alexnabytok.sk\/hotelovynabytok\/#website"},"primaryImageOfPage":{"@id":"https:\/\/alexnabytok.sk\/hotelovynabytok\/kategoria\/restauracny-nabytok\/stolova-doska\/#primaryimage"},"image":{"@id":"https:\/\/alexnabytok.sk\/hotelovynabytok\/kategoria\/restauracny-nabytok\/stolova-doska\/#primaryimage"},"thumbnailUrl":"","datePublished":"2016-06-11T12:20:37+00:00","dateModified":"2026-01-19T13:36:41+00:00","breadcrumb":{"@id":"https:\/\/alexnabytok.sk\/hotelovynabytok\/kategoria\/restauracny-nabytok\/stolova-doska\/#breadcrumb"},"inLanguage":"en-US","potentialAction":[{"@type":"ReadAction","target":["https:\/\/alexnabytok.sk\/hotelovynabytok\/kategoria\/restauracny-nabytok\/stolova-doska\/"]}]},{"@type":"ImageObject","inLanguage":"en-US","@id":"https:\/\/alexnabytok.sk\/hotelovynabytok\/kategoria\/restauracny-nabytok\/stolova-doska\/#primaryimage","url":"","contentUrl":""},{"@type":"BreadcrumbList","@id":"https:\/\/alexnabytok.sk\/hotelovynabytok\/kategoria\/restauracny-nabytok\/stolova-doska\/#breadcrumb","itemListElement":[{"@type":"ListItem","position":1,"name":"Home","item":"https:\/\/alexnabytok.sk\/hotelovynabytok\/"},{"@type":"ListItem","position":2,"name":"Produkty","item":"https:\/\/alexnabytok.sk\/hotelovynabytok\/kategoria\/"},{"@type":"ListItem","position":3,"name":"Re\u0161taura\u010dn\u00fd n\u00e1bytok","item":"https:\/\/alexnabytok.sk\/hotelovynabytok\/kategoria\/restauracny-nabytok\/"},{"@type":"ListItem","position":4,"name":"Stolov\u00e1 doska"}]},{"@type":"WebSite","@id":"https:\/\/alexnabytok.sk\/hotelovynabytok\/#website","url":"https:\/\/alexnabytok.sk\/hotelovynabytok\/","name":"HOTEL-GASTRO N\u00c1BYTOK","description":"Alex kovov\u00fd a \u0161kolsk\u00fd n\u00e1bytok s.r.o.","potentialAction":[{"@type":"SearchAction","target":{"@type":"EntryPoint","urlTemplate":"https:\/\/alexnabytok.sk\/hotelovynabytok\/?s={search_term_string}"},"query-input":{"@type":"PropertyValueSpecification","valueRequired":true,"valueName":"search_term_string"}}],"inLanguage":"en-US"}]}},"_links":{"self":[{"href":"https:\/\/alexnabytok.sk\/hotelovynabytok\/wp-json\/wp\/v2\/pages\/672","targetHints":{"allow":["GET"]}}],"collection":[{"href":"https:\/\/alexnabytok.sk\/hotelovynabytok\/wp-json\/wp\/v2\/pages"}],"about":[{"href":"https:\/\/alexnabytok.sk\/hotelovynabytok\/wp-json\/wp\/v2\/types\/page"}],"author":[{"embeddable":true,"href":"https:\/\/alexnabytok.sk\/hotelovynabytok\/wp-json\/wp\/v2\/users\/3"}],"replies":[{"embeddable":true,"href":"https:\/\/alexnabytok.sk\/hotelovynabytok\/wp-json\/wp\/v2\/comments?post=672"}],"version-history":[{"count":7,"href":"https:\/\/alexnabytok.sk\/hotelovynabytok\/wp-json\/wp\/v2\/pages\/672\/revisions"}],"predecessor-version":[{"id":143174,"href":"https:\/\/alexnabytok.sk\/hotelovynabytok\/wp-json\/wp\/v2\/pages\/672\/revisions\/143174"}],"up":[{"embeddable":true,"href":"https:\/\/alexnabytok.sk\/hotelovynabytok\/wp-json\/wp\/v2\/pages\/64"}],"wp:featuredmedia":[{"embeddable":true,"href":"https:\/\/alexnabytok.sk\/hotelovynabytok\/wp-json\/"}],"wp:attachment":[{"href":"https:\/\/alexnabytok.sk\/hotelovynabytok\/wp-json\/wp\/v2\/media?parent=672"}],"curies":[{"name":"wp","href":"https:\/\/api.w.org\/{rel}","templated":true}]}}