{"id":1876,"date":"2016-06-30T15:54:32","date_gmt":"2016-06-30T15:54:32","guid":{"rendered":"http:\/\/szallodabutor.hu\/?page_id=1876"},"modified":"2017-10-21T06:48:32","modified_gmt":"2017-10-21T06:48:32","slug":"certifikacia","status":"publish","type":"page","link":"https:\/\/alexnabytok.sk\/kancelarskynabytok\/certifikacia\/","title":{"rendered":"Certifik\u00e1cia"},"content":{"rendered":"<div class=\"row \">\n<div class=\"span12 \">Na\u0161a spolo\u010dnos\u0165 kladie ve\u013ek\u00fd d\u00f4raz na kvalitu, ktor\u00e1 je v s\u00falade s po\u017eiadavkami z\u00e1kazn\u00edkov.<br \/>\nTomu sa prisp\u00f4sobuje cel\u00fd syst\u00e9m mana\u017e\u00e9rstva a kvality. Disponujeme certifik\u00e1tmi Syst\u00e9m mana\u017e\u00e9rstva kvality STN EN ISO 9001:2009\/ EN ISO 9001:2008 a syst\u00e9mom enviroment\u00e1lneho mana\u017e\u00e9rstva v s\u00falade s po\u017eiadavkami normy STN EN ISO 14001:2005\/EN ISO 14001:2004.<div class=\"spacer\"><\/div><!-- .spacer (end) --><\/div>\n<div class=\"spacer\"><\/div><!-- .spacer (end) -->\n<div class=\"span12 \">N\u00e1rodn\u00e9 informa\u010dn\u00e9 stredisko Slovenskej republiky, a.s. t\u00fdmto potvrdzuje v\u00fdsledok hodnotenia spo\u013eahlivosti podniku<br \/>\nv plnen\u00ed obsahu, kvality a v\u010dasnosti z\u00e1v\u00e4zkov plyn\u00facich zo z\u00e1kaziek verejn\u00e9ho obstar\u00e1vania vyjadren\u00edm spokojnosti<br \/>\nverejn\u00fdch obstar\u00e1vate\u013eov Slovenskej republiky. Za rok 2015 bol ALEX kovov\u00fd a \u0161kolsk\u00fd n\u00e1bytok s.r.o. vyhodnoten\u00fd<br \/>\nako SPO\u013dAHLIV\u00dd PARTNER VO VEREJNOM OBSTAR\u00c1VAN\u00cd Na z\u00e1klade tohto hodnotenia bola podniku v hodnotiacom<br \/>\ninforma\u010dnom syst\u00e9me udelen\u00e1 Pe\u010da\u0165 spo\u013eahlivosti, ktor\u00fa z\u00edskalo v roku 2015 zo 15 925 dod\u00e1vate\u013eov verejn\u00fdch<br \/>\nobstar\u00e1van\u00ed 32% vysoko hodnoten\u00fdch podnikov. Ing. Adriana Tinkov\u00e1 MBA, LL.M predseda predstavenstva<br \/>\na gener\u00e1lny riadite\u013e N\u00e1rodn\u00e9 informa\u010dn\u00e9 stredisko Slovenskej republiky, a.s.<br \/>\nBratislave, 26. okt\u00f3bra 2015<br \/><\/div>\n<div class=\"spacer\"><\/div><!-- .spacer (end) -->\n<div class=\"span4 \"><img loading=\"lazy\" decoding=\"async\" src=\"https:\/\/alexnabytok.sk\/kancelarskynabytok\/wp-content\/uploads\/2016\/06\/alex_9001_certifikat_slov_2016.jpg\" alt=\"\" width=\"800\" height=\"1131\" class=\"alignnone size-full wp-image-46067 vedelem\" oncontextmenu=\"return false\" \/><\/div>\n<div class=\"span4 \"><img loading=\"lazy\" decoding=\"async\" src=\"https:\/\/alexnabytok.sk\/kancelarskynabytok\/wp-content\/uploads\/2016\/06\/alex_14001_certifikat_slov_2016-1.jpg\" alt=\"\" width=\"800\" height=\"1131\" class=\"alignnone size-full wp-image-46068 vedelem\" oncontextmenu=\"return false\" \/><\/div>\n<div class=\"span4 \"><img loading=\"lazy\" decoding=\"async\" src=\"https:\/\/alexnabytok.sk\/kancelarskynabytok\/wp-content\/uploads\/2016\/06\/pecat_spolahlivosti_36553859_alex_kovovy_a_skolsky_nabytok_s.jpg\" alt=\"\" width=\"800\" height=\"1131\" class=\"alignnone size-full wp-image-46069 vedelem\" oncontextmenu=\"return false\" \/><\/div>\n<div class=\"spacer\"><\/div><!-- .spacer (end) -->\n<\/div><!-- .row (end) -->\n","protected":false},"excerpt":{"rendered":"","protected":false},"author":2,"featured_media":0,"parent":0,"menu_order":0,"comment_status":"closed","ping_status":"closed","template":"page-fullwidth.php","meta":{"footnotes":""},"class_list":["post-1876","page","type-page","status-publish","hentry"],"yoast_head":"<!-- This site is optimized with the Yoast SEO plugin v24.7 - https:\/\/yoast.com\/wordpress\/plugins\/seo\/ -->\n<title>Certifik\u00e1cia - KANCEL\u00c1RSKY N\u00c1BYTOK<\/title>\n<meta name=\"robots\" content=\"index, follow, max-snippet:-1, max-image-preview:large, max-video-preview:-1\" \/>\n<link rel=\"canonical\" href=\"https:\/\/alexnabytok.sk\/kancelarskynabytok\/certifikacia\/\" \/>\n<meta property=\"og:locale\" content=\"sk_SK\" \/>\n<meta property=\"og:type\" content=\"article\" \/>\n<meta property=\"og:title\" content=\"Certifik\u00e1cia - KANCEL\u00c1RSKY N\u00c1BYTOK\" \/>\n<meta property=\"og:url\" content=\"https:\/\/alexnabytok.sk\/kancelarskynabytok\/certifikacia\/\" \/>\n<meta property=\"og:site_name\" content=\"KANCEL\u00c1RSKY N\u00c1BYTOK\" \/>\n<meta property=\"article:modified_time\" content=\"2017-10-21T06:48:32+00:00\" \/>\n<meta property=\"og:image\" content=\"https:\/\/alexnabytok.sk\/kancelarskynabytok\/wp-content\/uploads\/2016\/06\/alex_9001_certifikat_slov_2016.jpg\" \/>\n<meta name=\"twitter:card\" content=\"summary_large_image\" \/>\n<meta name=\"twitter:label1\" content=\"Est. reading time\" \/>\n\t<meta name=\"twitter:data1\" content=\"1 minute\" \/>\n<script type=\"application\/ld+json\" class=\"yoast-schema-graph\">{\"@context\":\"https:\/\/schema.org\",\"@graph\":[{\"@type\":\"WebPage\",\"@id\":\"https:\/\/alexnabytok.sk\/kancelarskynabytok\/certifikacia\/\",\"url\":\"https:\/\/alexnabytok.sk\/kancelarskynabytok\/certifikacia\/\",\"name\":\"Certifik\u00e1cia - KANCEL\u00c1RSKY N\u00c1BYTOK\",\"isPartOf\":{\"@id\":\"https:\/\/alexnabytok.sk\/kancelarskynabytok\/#website\"},\"primaryImageOfPage\":{\"@id\":\"https:\/\/alexnabytok.sk\/kancelarskynabytok\/certifikacia\/#primaryimage\"},\"image\":{\"@id\":\"https:\/\/alexnabytok.sk\/kancelarskynabytok\/certifikacia\/#primaryimage\"},\"thumbnailUrl\":\"https:\/\/alexnabytok.sk\/kancelarskynabytok\/wp-content\/uploads\/2016\/06\/alex_9001_certifikat_slov_2016.jpg\",\"datePublished\":\"2016-06-30T15:54:32+00:00\",\"dateModified\":\"2017-10-21T06:48:32+00:00\",\"breadcrumb\":{\"@id\":\"https:\/\/alexnabytok.sk\/kancelarskynabytok\/certifikacia\/#breadcrumb\"},\"inLanguage\":\"en-US\",\"potentialAction\":[{\"@type\":\"ReadAction\",\"target\":[\"https:\/\/alexnabytok.sk\/kancelarskynabytok\/certifikacia\/\"]}]},{\"@type\":\"ImageObject\",\"inLanguage\":\"en-US\",\"@id\":\"https:\/\/alexnabytok.sk\/kancelarskynabytok\/certifikacia\/#primaryimage\",\"url\":\"https:\/\/alexnabytok.sk\/kancelarskynabytok\/wp-content\/uploads\/2016\/06\/alex_9001_certifikat_slov_2016.jpg\",\"contentUrl\":\"https:\/\/alexnabytok.sk\/kancelarskynabytok\/wp-content\/uploads\/2016\/06\/alex_9001_certifikat_slov_2016.jpg\",\"width\":800,\"height\":1131},{\"@type\":\"BreadcrumbList\",\"@id\":\"https:\/\/alexnabytok.sk\/kancelarskynabytok\/certifikacia\/#breadcrumb\",\"itemListElement\":[{\"@type\":\"ListItem\",\"position\":1,\"name\":\"Home\",\"item\":\"https:\/\/alexnabytok.sk\/kancelarskynabytok\/\"},{\"@type\":\"ListItem\",\"position\":2,\"name\":\"Certifik\u00e1cia\"}]},{\"@type\":\"WebSite\",\"@id\":\"https:\/\/alexnabytok.sk\/kancelarskynabytok\/#website\",\"url\":\"https:\/\/alexnabytok.sk\/kancelarskynabytok\/\",\"name\":\"KANCEL\u00c1RSKY N\u00c1BYTOK\",\"description\":\"Alex kovov\u00fd a \u0161kolsk\u00fd n\u00e1bytok s.r.o.\",\"potentialAction\":[{\"@type\":\"SearchAction\",\"target\":{\"@type\":\"EntryPoint\",\"urlTemplate\":\"https:\/\/alexnabytok.sk\/kancelarskynabytok\/?s={search_term_string}\"},\"query-input\":{\"@type\":\"PropertyValueSpecification\",\"valueRequired\":true,\"valueName\":\"search_term_string\"}}],\"inLanguage\":\"en-US\"}]}<\/script>\n<!-- \/ Yoast SEO plugin. -->","yoast_head_json":{"title":"Certifik\u00e1cia - KANCEL\u00c1RSKY N\u00c1BYTOK","robots":{"index":"index","follow":"follow","max-snippet":"max-snippet:-1","max-image-preview":"max-image-preview:large","max-video-preview":"max-video-preview:-1"},"canonical":"https:\/\/alexnabytok.sk\/kancelarskynabytok\/certifikacia\/","og_locale":"sk_SK","og_type":"article","og_title":"Certifik\u00e1cia - KANCEL\u00c1RSKY N\u00c1BYTOK","og_url":"https:\/\/alexnabytok.sk\/kancelarskynabytok\/certifikacia\/","og_site_name":"KANCEL\u00c1RSKY N\u00c1BYTOK","article_modified_time":"2017-10-21T06:48:32+00:00","og_image":[{"url":"https:\/\/alexnabytok.sk\/kancelarskynabytok\/wp-content\/uploads\/2016\/06\/alex_9001_certifikat_slov_2016.jpg","type":"","width":"","height":""}],"twitter_card":"summary_large_image","twitter_misc":{"Est. reading time":"1 minute"},"schema":{"@context":"https:\/\/schema.org","@graph":[{"@type":"WebPage","@id":"https:\/\/alexnabytok.sk\/kancelarskynabytok\/certifikacia\/","url":"https:\/\/alexnabytok.sk\/kancelarskynabytok\/certifikacia\/","name":"Certifik\u00e1cia - KANCEL\u00c1RSKY N\u00c1BYTOK","isPartOf":{"@id":"https:\/\/alexnabytok.sk\/kancelarskynabytok\/#website"},"primaryImageOfPage":{"@id":"https:\/\/alexnabytok.sk\/kancelarskynabytok\/certifikacia\/#primaryimage"},"image":{"@id":"https:\/\/alexnabytok.sk\/kancelarskynabytok\/certifikacia\/#primaryimage"},"thumbnailUrl":"https:\/\/alexnabytok.sk\/kancelarskynabytok\/wp-content\/uploads\/2016\/06\/alex_9001_certifikat_slov_2016.jpg","datePublished":"2016-06-30T15:54:32+00:00","dateModified":"2017-10-21T06:48:32+00:00","breadcrumb":{"@id":"https:\/\/alexnabytok.sk\/kancelarskynabytok\/certifikacia\/#breadcrumb"},"inLanguage":"en-US","potentialAction":[{"@type":"ReadAction","target":["https:\/\/alexnabytok.sk\/kancelarskynabytok\/certifikacia\/"]}]},{"@type":"ImageObject","inLanguage":"en-US","@id":"https:\/\/alexnabytok.sk\/kancelarskynabytok\/certifikacia\/#primaryimage","url":"https:\/\/alexnabytok.sk\/kancelarskynabytok\/wp-content\/uploads\/2016\/06\/alex_9001_certifikat_slov_2016.jpg","contentUrl":"https:\/\/alexnabytok.sk\/kancelarskynabytok\/wp-content\/uploads\/2016\/06\/alex_9001_certifikat_slov_2016.jpg","width":800,"height":1131},{"@type":"BreadcrumbList","@id":"https:\/\/alexnabytok.sk\/kancelarskynabytok\/certifikacia\/#breadcrumb","itemListElement":[{"@type":"ListItem","position":1,"name":"Home","item":"https:\/\/alexnabytok.sk\/kancelarskynabytok\/"},{"@type":"ListItem","position":2,"name":"Certifik\u00e1cia"}]},{"@type":"WebSite","@id":"https:\/\/alexnabytok.sk\/kancelarskynabytok\/#website","url":"https:\/\/alexnabytok.sk\/kancelarskynabytok\/","name":"KANCEL\u00c1RSKY N\u00c1BYTOK","description":"Alex kovov\u00fd a \u0161kolsk\u00fd n\u00e1bytok s.r.o.","potentialAction":[{"@type":"SearchAction","target":{"@type":"EntryPoint","urlTemplate":"https:\/\/alexnabytok.sk\/kancelarskynabytok\/?s={search_term_string}"},"query-input":{"@type":"PropertyValueSpecification","valueRequired":true,"valueName":"search_term_string"}}],"inLanguage":"en-US"}]}},"_links":{"self":[{"href":"https:\/\/alexnabytok.sk\/kancelarskynabytok\/wp-json\/wp\/v2\/pages\/1876","targetHints":{"allow":["GET"]}}],"collection":[{"href":"https:\/\/alexnabytok.sk\/kancelarskynabytok\/wp-json\/wp\/v2\/pages"}],"about":[{"href":"https:\/\/alexnabytok.sk\/kancelarskynabytok\/wp-json\/wp\/v2\/types\/page"}],"author":[{"embeddable":true,"href":"https:\/\/alexnabytok.sk\/kancelarskynabytok\/wp-json\/wp\/v2\/users\/2"}],"replies":[{"embeddable":true,"href":"https:\/\/alexnabytok.sk\/kancelarskynabytok\/wp-json\/wp\/v2\/comments?post=1876"}],"version-history":[{"count":2,"href":"https:\/\/alexnabytok.sk\/kancelarskynabytok\/wp-json\/wp\/v2\/pages\/1876\/revisions"}],"predecessor-version":[{"id":47605,"href":"https:\/\/alexnabytok.sk\/kancelarskynabytok\/wp-json\/wp\/v2\/pages\/1876\/revisions\/47605"}],"wp:attachment":[{"href":"https:\/\/alexnabytok.sk\/kancelarskynabytok\/wp-json\/wp\/v2\/media?parent=1876"}],"curies":[{"name":"wp","href":"https:\/\/api.w.org\/{rel}","templated":true}]}}