{"id":21,"date":"2016-06-08T07:58:01","date_gmt":"2016-06-08T07:58:01","guid":{"rendered":"http:\/\/szallodabutor.hu\/?page_id=11"},"modified":"2017-10-25T09:21:53","modified_gmt":"2017-10-25T09:21:53","slug":"akcie","status":"publish","type":"page","link":"https:\/\/alexnabytok.sk\/kancelarskynabytok\/akcie\/","title":{"rendered":"Akcie"},"content":{"rendered":"<div class=\"row \">\n\r\n\t<div class=\"span4 \">\r\n\t  <ul class=\"alex-fooldal-top-termek\">\r\n\t\t<li class=\"portfolio_item isotope-item\">\r\n\t\t  <div class=\"portfolio_item_holder\">\r\n\t\t\t<figure class=\"thumbnail thumbnail__portfolio\"><a href=\"https:\/\/alexnabytok.sk\/kancelarskynabytok\/produkty\/kancelarske-skrine\/kontajnery\/as-k-1-3-kontajner-vyska-615-mm-3-3-3-zasuvky-na-klieskach-s-hornou-doskou-uzamykatelny-as-kancelarsky-kontajner\/\" class=\"image-wrap\" title=\"KONTAJNER,615 MM\"><img decoding=\"async\" src=\"https:\/\/alexnabytok.sk\/kancelarskynabytok\/wp-content\/uploads\/2016\/06\/Irodabutor_AKCIO_1.jpg\" alt=\"KONTAJNER,615 MM\"><\/a><\/figure>\r\n\t\t\t<div class=\"caption caption__portfolio\">\r\n\t\t\t  <h3><a href=\"https:\/\/alexnabytok.sk\/kancelarskynabytok\/produkty\/kancelarske-skrine\/kontajnery\/as-k-1-3-kontajner-vyska-615-mm-3-3-3-zasuvky-na-klieskach-s-hornou-doskou-uzamykatelny-as-kancelarsky-kontajner\/\">KONTAJNER,615 MM<\/a><\/h3>\r\n\t\t\t<\/div>\r\n\t\t  <\/div>\r\n\t\t<\/li>\r\n\t  <\/ul>\r\n\t  <div class=\"spacer\"><\/div><!-- .spacer (end) -->\r\n\t<\/div>\n\r\n\t<div class=\"span4 \">\r\n\t  <ul class=\"alex-fooldal-top-termek\">\r\n\t\t<li class=\"portfolio_item isotope-item\">\r\n\t\t  <div class=\"portfolio_item_holder\">\r\n\t\t\t<figure class=\"thumbnail thumbnail__portfolio\"><a href=\"https:\/\/alexnabytok.sk\/kancelarskynabytok\/produkty\/nabytkove-zostavy\/zostava-standart-e-nohy\/as-oa-16-12-j-f-e-pisaci-stol-individualna-forma-1600x1200-kovove-nohy-lavy-86-tvar-l-as-kancelarsky-stol\/\" class=\"image-wrap\" title=\"P\u00cdSAC\u00cd ST\u00d4L\"><img decoding=\"async\" src=\"https:\/\/alexnabytok.sk\/kancelarskynabytok\/wp-content\/uploads\/2016\/06\/Irodabutor_AKCIO_2.jpg\" alt=\"P\u00cdSAC\u00cd ST\u00d4L\"><\/a><\/figure>\r\n\t\t\t<div class=\"caption caption__portfolio\">\r\n\t\t\t  <h3><a href=\"https:\/\/alexnabytok.sk\/kancelarskynabytok\/produkty\/nabytkove-zostavy\/zostava-standart-e-nohy\/as-oa-16-12-j-f-e-pisaci-stol-individualna-forma-1600x1200-kovove-nohy-lavy-86-tvar-l-as-kancelarsky-stol\/\">P\u00cdSAC\u00cd ST\u00d4L<\/a><\/h3>\r\n\t\t\t<\/div>\r\n\t\t  <\/div>\r\n\t\t<\/li>\r\n\t  <\/ul>\r\n\t  <div class=\"spacer\"><\/div><!-- .spacer (end) -->\r\n\t<\/div>\n\r\n\t<div class=\"span4 \">\r\n\t  <ul class=\"alex-fooldal-top-termek\">\r\n\t\t<li class=\"portfolio_item isotope-item\">\r\n\t\t  <div class=\"portfolio_item_holder\">\r\n\t\t\t<figure class=\"thumbnail thumbnail__portfolio\"><a href=\"https:\/\/alexnabytok.sk\/kancelarskynabytok\/produkty\/nabytkove-zostavy\/zostava-standart-t-nohy\/atell-as-f-t-250-alex-standard-rokovaci-stol-s-t-nohami-rokovaci-stol\/\" class=\"image-wrap\" title=\"ROKOVAC\u00cd ST\u00d4L\"><img decoding=\"async\" src=\"https:\/\/alexnabytok.sk\/kancelarskynabytok\/wp-content\/uploads\/2016\/06\/Irodabutor_AKCIO_3.jpg\" alt=\"ROKOVAC\u00cd ST\u00d4L\"><\/a><\/figure>\r\n\t\t\t<div class=\"caption caption__portfolio\">\r\n\t\t\t  <h3><a href=\"https:\/\/alexnabytok.sk\/kancelarskynabytok\/produkty\/nabytkove-zostavy\/zostava-standart-t-nohy\/atell-as-f-t-250-alex-standard-rokovaci-stol-s-t-nohami-rokovaci-stol\/\">ROKOVAC\u00cd ST\u00d4L<\/a><\/h3>\r\n\t\t\t<\/div>\r\n\t\t  <\/div>\r\n\t\t<\/li>\r\n\t  <\/ul>\r\n\t  <div class=\"spacer\"><\/div><!-- .spacer (end) -->\r\n\t<\/div>\n<\/div><!-- .row (end) -->\n","protected":false},"excerpt":{"rendered":"","protected":false},"author":2,"featured_media":0,"parent":0,"menu_order":0,"comment_status":"closed","ping_status":"closed","template":"page-fullwidth.php","meta":{"footnotes":""},"class_list":["post-21","page","type-page","status-publish","hentry"],"yoast_head":"<!-- This site is optimized with the Yoast SEO plugin v24.7 - https:\/\/yoast.com\/wordpress\/plugins\/seo\/ -->\n<title>Akcie - KANCEL\u00c1RSKY N\u00c1BYTOK<\/title>\n<meta name=\"robots\" content=\"index, follow, max-snippet:-1, max-image-preview:large, max-video-preview:-1\" \/>\n<link rel=\"canonical\" href=\"https:\/\/alexnabytok.sk\/kancelarskynabytok\/akcie\/\" \/>\n<meta property=\"og:locale\" content=\"sk_SK\" \/>\n<meta property=\"og:type\" content=\"article\" \/>\n<meta property=\"og:title\" content=\"Akcie - KANCEL\u00c1RSKY N\u00c1BYTOK\" \/>\n<meta property=\"og:url\" content=\"https:\/\/alexnabytok.sk\/kancelarskynabytok\/akcie\/\" \/>\n<meta property=\"og:site_name\" content=\"KANCEL\u00c1RSKY N\u00c1BYTOK\" \/>\n<meta property=\"article:modified_time\" content=\"2017-10-25T09:21:53+00:00\" \/>\n<meta name=\"twitter:card\" content=\"summary_large_image\" \/>\n<script type=\"application\/ld+json\" class=\"yoast-schema-graph\">{\"@context\":\"https:\/\/schema.org\",\"@graph\":[{\"@type\":\"WebPage\",\"@id\":\"https:\/\/alexnabytok.sk\/kancelarskynabytok\/akcie\/\",\"url\":\"https:\/\/alexnabytok.sk\/kancelarskynabytok\/akcie\/\",\"name\":\"Akcie - KANCEL\u00c1RSKY N\u00c1BYTOK\",\"isPartOf\":{\"@id\":\"https:\/\/alexnabytok.sk\/kancelarskynabytok\/#website\"},\"datePublished\":\"2016-06-08T07:58:01+00:00\",\"dateModified\":\"2017-10-25T09:21:53+00:00\",\"breadcrumb\":{\"@id\":\"https:\/\/alexnabytok.sk\/kancelarskynabytok\/akcie\/#breadcrumb\"},\"inLanguage\":\"en-US\",\"potentialAction\":[{\"@type\":\"ReadAction\",\"target\":[\"https:\/\/alexnabytok.sk\/kancelarskynabytok\/akcie\/\"]}]},{\"@type\":\"BreadcrumbList\",\"@id\":\"https:\/\/alexnabytok.sk\/kancelarskynabytok\/akcie\/#breadcrumb\",\"itemListElement\":[{\"@type\":\"ListItem\",\"position\":1,\"name\":\"Home\",\"item\":\"https:\/\/alexnabytok.sk\/kancelarskynabytok\/\"},{\"@type\":\"ListItem\",\"position\":2,\"name\":\"Akcie\"}]},{\"@type\":\"WebSite\",\"@id\":\"https:\/\/alexnabytok.sk\/kancelarskynabytok\/#website\",\"url\":\"https:\/\/alexnabytok.sk\/kancelarskynabytok\/\",\"name\":\"KANCEL\u00c1RSKY N\u00c1BYTOK\",\"description\":\"Alex kovov\u00fd a \u0161kolsk\u00fd n\u00e1bytok s.r.o.\",\"potentialAction\":[{\"@type\":\"SearchAction\",\"target\":{\"@type\":\"EntryPoint\",\"urlTemplate\":\"https:\/\/alexnabytok.sk\/kancelarskynabytok\/?s={search_term_string}\"},\"query-input\":{\"@type\":\"PropertyValueSpecification\",\"valueRequired\":true,\"valueName\":\"search_term_string\"}}],\"inLanguage\":\"en-US\"}]}<\/script>\n<!-- \/ Yoast SEO plugin. -->","yoast_head_json":{"title":"Akcie - KANCEL\u00c1RSKY N\u00c1BYTOK","robots":{"index":"index","follow":"follow","max-snippet":"max-snippet:-1","max-image-preview":"max-image-preview:large","max-video-preview":"max-video-preview:-1"},"canonical":"https:\/\/alexnabytok.sk\/kancelarskynabytok\/akcie\/","og_locale":"sk_SK","og_type":"article","og_title":"Akcie - KANCEL\u00c1RSKY N\u00c1BYTOK","og_url":"https:\/\/alexnabytok.sk\/kancelarskynabytok\/akcie\/","og_site_name":"KANCEL\u00c1RSKY N\u00c1BYTOK","article_modified_time":"2017-10-25T09:21:53+00:00","twitter_card":"summary_large_image","schema":{"@context":"https:\/\/schema.org","@graph":[{"@type":"WebPage","@id":"https:\/\/alexnabytok.sk\/kancelarskynabytok\/akcie\/","url":"https:\/\/alexnabytok.sk\/kancelarskynabytok\/akcie\/","name":"Akcie - KANCEL\u00c1RSKY N\u00c1BYTOK","isPartOf":{"@id":"https:\/\/alexnabytok.sk\/kancelarskynabytok\/#website"},"datePublished":"2016-06-08T07:58:01+00:00","dateModified":"2017-10-25T09:21:53+00:00","breadcrumb":{"@id":"https:\/\/alexnabytok.sk\/kancelarskynabytok\/akcie\/#breadcrumb"},"inLanguage":"en-US","potentialAction":[{"@type":"ReadAction","target":["https:\/\/alexnabytok.sk\/kancelarskynabytok\/akcie\/"]}]},{"@type":"BreadcrumbList","@id":"https:\/\/alexnabytok.sk\/kancelarskynabytok\/akcie\/#breadcrumb","itemListElement":[{"@type":"ListItem","position":1,"name":"Home","item":"https:\/\/alexnabytok.sk\/kancelarskynabytok\/"},{"@type":"ListItem","position":2,"name":"Akcie"}]},{"@type":"WebSite","@id":"https:\/\/alexnabytok.sk\/kancelarskynabytok\/#website","url":"https:\/\/alexnabytok.sk\/kancelarskynabytok\/","name":"KANCEL\u00c1RSKY N\u00c1BYTOK","description":"Alex kovov\u00fd a \u0161kolsk\u00fd n\u00e1bytok s.r.o.","potentialAction":[{"@type":"SearchAction","target":{"@type":"EntryPoint","urlTemplate":"https:\/\/alexnabytok.sk\/kancelarskynabytok\/?s={search_term_string}"},"query-input":{"@type":"PropertyValueSpecification","valueRequired":true,"valueName":"search_term_string"}}],"inLanguage":"en-US"}]}},"_links":{"self":[{"href":"https:\/\/alexnabytok.sk\/kancelarskynabytok\/wp-json\/wp\/v2\/pages\/21","targetHints":{"allow":["GET"]}}],"collection":[{"href":"https:\/\/alexnabytok.sk\/kancelarskynabytok\/wp-json\/wp\/v2\/pages"}],"about":[{"href":"https:\/\/alexnabytok.sk\/kancelarskynabytok\/wp-json\/wp\/v2\/types\/page"}],"author":[{"embeddable":true,"href":"https:\/\/alexnabytok.sk\/kancelarskynabytok\/wp-json\/wp\/v2\/users\/2"}],"replies":[{"embeddable":true,"href":"https:\/\/alexnabytok.sk\/kancelarskynabytok\/wp-json\/wp\/v2\/comments?post=21"}],"version-history":[{"count":3,"href":"https:\/\/alexnabytok.sk\/kancelarskynabytok\/wp-json\/wp\/v2\/pages\/21\/revisions"}],"predecessor-version":[{"id":49360,"href":"https:\/\/alexnabytok.sk\/kancelarskynabytok\/wp-json\/wp\/v2\/pages\/21\/revisions\/49360"}],"wp:attachment":[{"href":"https:\/\/alexnabytok.sk\/kancelarskynabytok\/wp-json\/wp\/v2\/media?parent=21"}],"curies":[{"name":"wp","href":"https:\/\/api.w.org\/{rel}","templated":true}]}}