{"id":41570,"date":"2017-04-19T09:05:21","date_gmt":"2017-04-19T09:05:21","guid":{"rendered":"http:\/\/alexbutor.hu\/irodabutor\/?page_id=41570"},"modified":"2023-11-10T13:10:33","modified_gmt":"2023-11-10T13:10:33","slug":"konferencne-stolicky","status":"publish","type":"page","link":"https:\/\/alexnabytok.sk\/kancelarskynabytok\/kategoria\/stolicky-kresla-sedacky\/konferencne-stolicky\/","title":{"rendered":"Konferen\u010dn\u00e9 stoli\u010dky"},"content":{"rendered":"<div class=\"butorlaposkat\">\n\r\n\t<li class=\"portfolio_item isotope-item\"><div class=\"portfolio_item_holder\"><figure class=\"thumbnail thumbnail__portfolio\"><a href=\"https:\/\/alexnabytok.sk\/kancelarskynabytok\/kategoria\/stolicky-kresla-sedacky\/konferencne-stolicky\/manazerske-kresla\/\" class=\"image-wrap\"><img decoding=\"async\" src=\"https:\/\/alexnabytok.sk\/kancelarskynabytok\/wp-content\/uploads\/2017\/04\/5-2-1-Vezetoi_targyaloszekek_csempe_800x560px.jpg\" alt=\"Mana\u017e\u00e9rske kresl\u00e1\"><\/a><\/figure><div class=\"caption caption__portfolio\"><h3><a href=\"https:\/\/alexnabytok.sk\/kancelarskynabytok\/kategoria\/stolicky-kresla-sedacky\/konferencne-stolicky\/manazerske-kresla\/\">Mana\u017e\u00e9rske kresl\u00e1<\/a><\/h3><\/div><\/div><\/li>\n\r\n\t<li class=\"portfolio_item isotope-item\"><div class=\"portfolio_item_holder\"><figure class=\"thumbnail thumbnail__portfolio\"><a href=\"https:\/\/alexnabytok.sk\/kancelarskynabytok\/kategoria\/stolicky-kresla-sedacky\/konferencne-stolicky\/operativne-kresla\/\" class=\"image-wrap\"><img decoding=\"async\" src=\"https:\/\/alexnabytok.sk\/kancelarskynabytok\/wp-content\/uploads\/2017\/04\/5-2-2-Operativ_targyaloszekek_csempe_800x560px.jpg\" alt=\"Operat\u00edvne kresl\u00e1\"><\/a><\/figure><div class=\"caption caption__portfolio\"><h3><a href=\"https:\/\/alexnabytok.sk\/kancelarskynabytok\/kategoria\/stolicky-kresla-sedacky\/konferencne-stolicky\/operativne-kresla\/\">Operat\u00edvne kresl\u00e1<\/a><\/h3><\/div><\/div><\/li>\n\r\n\t<li class=\"portfolio_item isotope-item\"><div class=\"portfolio_item_holder\"><figure class=\"thumbnail thumbnail__portfolio\"><a href=\"https:\/\/alexnabytok.sk\/kancelarskynabytok\/kategoria\/stolicky-kresla-sedacky\/konferencne-stolicky\/specialne-rokovacie-kresla\/\" class=\"image-wrap\"><img decoding=\"async\" src=\"https:\/\/alexnabytok.sk\/kancelarskynabytok\/wp-content\/uploads\/2017\/04\/5-2-3-Specialis_targyaloszekek_csempe_800x560px.jpg\" alt=\"\u0160peci\u00e1lne rokovacie kresl\u00e1\"><\/a><\/figure><div class=\"caption caption__portfolio\"><h3><a href=\"https:\/\/alexnabytok.sk\/kancelarskynabytok\/kategoria\/stolicky-kresla-sedacky\/konferencne-stolicky\/specialne-rokovacie-kresla\/\">\u0160peci\u00e1lne rokovacie kresl\u00e1<\/a><\/h3><\/div><\/div><\/li><\/div>\n","protected":false},"excerpt":{"rendered":"","protected":false},"author":2,"featured_media":47682,"parent":41550,"menu_order":0,"comment_status":"closed","ping_status":"closed","template":"page-uj-alexsub.php","meta":{"footnotes":""},"class_list":["post-41570","page","type-page","status-publish","has-post-thumbnail","hentry"],"yoast_head":"<!-- This site is optimized with the Yoast SEO plugin v24.7 - https:\/\/yoast.com\/wordpress\/plugins\/seo\/ -->\n<title>Konferen\u010dn\u00e9 stoli\u010dky - KANCEL\u00c1RSKY N\u00c1BYTOK<\/title>\n<meta name=\"robots\" content=\"index, follow, max-snippet:-1, max-image-preview:large, max-video-preview:-1\" \/>\n<link rel=\"canonical\" href=\"https:\/\/alexnabytok.sk\/kancelarskynabytok\/kategoria\/stolicky-kresla-sedacky\/konferencne-stolicky\/\" \/>\n<meta property=\"og:locale\" content=\"sk_SK\" \/>\n<meta property=\"og:type\" content=\"article\" \/>\n<meta property=\"og:title\" content=\"Konferen\u010dn\u00e9 stoli\u010dky - KANCEL\u00c1RSKY N\u00c1BYTOK\" \/>\n<meta property=\"og:url\" content=\"https:\/\/alexnabytok.sk\/kancelarskynabytok\/kategoria\/stolicky-kresla-sedacky\/konferencne-stolicky\/\" \/>\n<meta property=\"og:site_name\" content=\"KANCEL\u00c1RSKY N\u00c1BYTOK\" \/>\n<meta property=\"article:modified_time\" content=\"2023-11-10T13:10:33+00:00\" \/>\n<meta property=\"og:image\" content=\"https:\/\/alexnabytok.sk\/kancelarskynabytok\/wp-content\/uploads\/2017\/04\/5-2-Targyalo_szekek_csempe_800x560px.jpg\" \/>\n\t<meta property=\"og:image:width\" content=\"800\" \/>\n\t<meta property=\"og:image:height\" content=\"560\" \/>\n\t<meta property=\"og:image:type\" content=\"image\/jpeg\" \/>\n<meta name=\"twitter:card\" content=\"summary_large_image\" \/>\n<script type=\"application\/ld+json\" class=\"yoast-schema-graph\">{\"@context\":\"https:\/\/schema.org\",\"@graph\":[{\"@type\":\"WebPage\",\"@id\":\"https:\/\/alexnabytok.sk\/kancelarskynabytok\/kategoria\/stolicky-kresla-sedacky\/konferencne-stolicky\/\",\"url\":\"https:\/\/alexnabytok.sk\/kancelarskynabytok\/kategoria\/stolicky-kresla-sedacky\/konferencne-stolicky\/\",\"name\":\"Konferen\u010dn\u00e9 stoli\u010dky - KANCEL\u00c1RSKY N\u00c1BYTOK\",\"isPartOf\":{\"@id\":\"https:\/\/alexnabytok.sk\/kancelarskynabytok\/#website\"},\"primaryImageOfPage\":{\"@id\":\"https:\/\/alexnabytok.sk\/kancelarskynabytok\/kategoria\/stolicky-kresla-sedacky\/konferencne-stolicky\/#primaryimage\"},\"image\":{\"@id\":\"https:\/\/alexnabytok.sk\/kancelarskynabytok\/kategoria\/stolicky-kresla-sedacky\/konferencne-stolicky\/#primaryimage\"},\"thumbnailUrl\":\"https:\/\/alexnabytok.sk\/kancelarskynabytok\/wp-content\/uploads\/2017\/04\/5-2-Targyalo_szekek_csempe_800x560px.jpg\",\"datePublished\":\"2017-04-19T09:05:21+00:00\",\"dateModified\":\"2023-11-10T13:10:33+00:00\",\"breadcrumb\":{\"@id\":\"https:\/\/alexnabytok.sk\/kancelarskynabytok\/kategoria\/stolicky-kresla-sedacky\/konferencne-stolicky\/#breadcrumb\"},\"inLanguage\":\"en-US\",\"potentialAction\":[{\"@type\":\"ReadAction\",\"target\":[\"https:\/\/alexnabytok.sk\/kancelarskynabytok\/kategoria\/stolicky-kresla-sedacky\/konferencne-stolicky\/\"]}]},{\"@type\":\"ImageObject\",\"inLanguage\":\"en-US\",\"@id\":\"https:\/\/alexnabytok.sk\/kancelarskynabytok\/kategoria\/stolicky-kresla-sedacky\/konferencne-stolicky\/#primaryimage\",\"url\":\"https:\/\/alexnabytok.sk\/kancelarskynabytok\/wp-content\/uploads\/2017\/04\/5-2-Targyalo_szekek_csempe_800x560px.jpg\",\"contentUrl\":\"https:\/\/alexnabytok.sk\/kancelarskynabytok\/wp-content\/uploads\/2017\/04\/5-2-Targyalo_szekek_csempe_800x560px.jpg\",\"width\":800,\"height\":560},{\"@type\":\"BreadcrumbList\",\"@id\":\"https:\/\/alexnabytok.sk\/kancelarskynabytok\/kategoria\/stolicky-kresla-sedacky\/konferencne-stolicky\/#breadcrumb\",\"itemListElement\":[{\"@type\":\"ListItem\",\"position\":1,\"name\":\"Home\",\"item\":\"https:\/\/alexnabytok.sk\/kancelarskynabytok\/\"},{\"@type\":\"ListItem\",\"position\":2,\"name\":\"Produkty\",\"item\":\"https:\/\/alexnabytok.sk\/kancelarskynabytok\/kategoria\/\"},{\"@type\":\"ListItem\",\"position\":3,\"name\":\"Stoli\u010dky, kresl\u00e1, seda\u010dky\",\"item\":\"https:\/\/alexnabytok.sk\/kancelarskynabytok\/kategoria\/stolicky-kresla-sedacky\/\"},{\"@type\":\"ListItem\",\"position\":4,\"name\":\"Konferen\u010dn\u00e9 stoli\u010dky\"}]},{\"@type\":\"WebSite\",\"@id\":\"https:\/\/alexnabytok.sk\/kancelarskynabytok\/#website\",\"url\":\"https:\/\/alexnabytok.sk\/kancelarskynabytok\/\",\"name\":\"KANCEL\u00c1RSKY N\u00c1BYTOK\",\"description\":\"Alex kovov\u00fd a \u0161kolsk\u00fd n\u00e1bytok s.r.o.\",\"potentialAction\":[{\"@type\":\"SearchAction\",\"target\":{\"@type\":\"EntryPoint\",\"urlTemplate\":\"https:\/\/alexnabytok.sk\/kancelarskynabytok\/?s={search_term_string}\"},\"query-input\":{\"@type\":\"PropertyValueSpecification\",\"valueRequired\":true,\"valueName\":\"search_term_string\"}}],\"inLanguage\":\"en-US\"}]}<\/script>\n<!-- \/ Yoast SEO plugin. -->","yoast_head_json":{"title":"Konferen\u010dn\u00e9 stoli\u010dky - KANCEL\u00c1RSKY N\u00c1BYTOK","robots":{"index":"index","follow":"follow","max-snippet":"max-snippet:-1","max-image-preview":"max-image-preview:large","max-video-preview":"max-video-preview:-1"},"canonical":"https:\/\/alexnabytok.sk\/kancelarskynabytok\/kategoria\/stolicky-kresla-sedacky\/konferencne-stolicky\/","og_locale":"sk_SK","og_type":"article","og_title":"Konferen\u010dn\u00e9 stoli\u010dky - KANCEL\u00c1RSKY N\u00c1BYTOK","og_url":"https:\/\/alexnabytok.sk\/kancelarskynabytok\/kategoria\/stolicky-kresla-sedacky\/konferencne-stolicky\/","og_site_name":"KANCEL\u00c1RSKY N\u00c1BYTOK","article_modified_time":"2023-11-10T13:10:33+00:00","og_image":[{"width":800,"height":560,"url":"https:\/\/alexnabytok.sk\/kancelarskynabytok\/wp-content\/uploads\/2017\/04\/5-2-Targyalo_szekek_csempe_800x560px.jpg","type":"image\/jpeg"}],"twitter_card":"summary_large_image","schema":{"@context":"https:\/\/schema.org","@graph":[{"@type":"WebPage","@id":"https:\/\/alexnabytok.sk\/kancelarskynabytok\/kategoria\/stolicky-kresla-sedacky\/konferencne-stolicky\/","url":"https:\/\/alexnabytok.sk\/kancelarskynabytok\/kategoria\/stolicky-kresla-sedacky\/konferencne-stolicky\/","name":"Konferen\u010dn\u00e9 stoli\u010dky - KANCEL\u00c1RSKY N\u00c1BYTOK","isPartOf":{"@id":"https:\/\/alexnabytok.sk\/kancelarskynabytok\/#website"},"primaryImageOfPage":{"@id":"https:\/\/alexnabytok.sk\/kancelarskynabytok\/kategoria\/stolicky-kresla-sedacky\/konferencne-stolicky\/#primaryimage"},"image":{"@id":"https:\/\/alexnabytok.sk\/kancelarskynabytok\/kategoria\/stolicky-kresla-sedacky\/konferencne-stolicky\/#primaryimage"},"thumbnailUrl":"https:\/\/alexnabytok.sk\/kancelarskynabytok\/wp-content\/uploads\/2017\/04\/5-2-Targyalo_szekek_csempe_800x560px.jpg","datePublished":"2017-04-19T09:05:21+00:00","dateModified":"2023-11-10T13:10:33+00:00","breadcrumb":{"@id":"https:\/\/alexnabytok.sk\/kancelarskynabytok\/kategoria\/stolicky-kresla-sedacky\/konferencne-stolicky\/#breadcrumb"},"inLanguage":"en-US","potentialAction":[{"@type":"ReadAction","target":["https:\/\/alexnabytok.sk\/kancelarskynabytok\/kategoria\/stolicky-kresla-sedacky\/konferencne-stolicky\/"]}]},{"@type":"ImageObject","inLanguage":"en-US","@id":"https:\/\/alexnabytok.sk\/kancelarskynabytok\/kategoria\/stolicky-kresla-sedacky\/konferencne-stolicky\/#primaryimage","url":"https:\/\/alexnabytok.sk\/kancelarskynabytok\/wp-content\/uploads\/2017\/04\/5-2-Targyalo_szekek_csempe_800x560px.jpg","contentUrl":"https:\/\/alexnabytok.sk\/kancelarskynabytok\/wp-content\/uploads\/2017\/04\/5-2-Targyalo_szekek_csempe_800x560px.jpg","width":800,"height":560},{"@type":"BreadcrumbList","@id":"https:\/\/alexnabytok.sk\/kancelarskynabytok\/kategoria\/stolicky-kresla-sedacky\/konferencne-stolicky\/#breadcrumb","itemListElement":[{"@type":"ListItem","position":1,"name":"Home","item":"https:\/\/alexnabytok.sk\/kancelarskynabytok\/"},{"@type":"ListItem","position":2,"name":"Produkty","item":"https:\/\/alexnabytok.sk\/kancelarskynabytok\/kategoria\/"},{"@type":"ListItem","position":3,"name":"Stoli\u010dky, kresl\u00e1, seda\u010dky","item":"https:\/\/alexnabytok.sk\/kancelarskynabytok\/kategoria\/stolicky-kresla-sedacky\/"},{"@type":"ListItem","position":4,"name":"Konferen\u010dn\u00e9 stoli\u010dky"}]},{"@type":"WebSite","@id":"https:\/\/alexnabytok.sk\/kancelarskynabytok\/#website","url":"https:\/\/alexnabytok.sk\/kancelarskynabytok\/","name":"KANCEL\u00c1RSKY N\u00c1BYTOK","description":"Alex kovov\u00fd a \u0161kolsk\u00fd n\u00e1bytok s.r.o.","potentialAction":[{"@type":"SearchAction","target":{"@type":"EntryPoint","urlTemplate":"https:\/\/alexnabytok.sk\/kancelarskynabytok\/?s={search_term_string}"},"query-input":{"@type":"PropertyValueSpecification","valueRequired":true,"valueName":"search_term_string"}}],"inLanguage":"en-US"}]}},"_links":{"self":[{"href":"https:\/\/alexnabytok.sk\/kancelarskynabytok\/wp-json\/wp\/v2\/pages\/41570","targetHints":{"allow":["GET"]}}],"collection":[{"href":"https:\/\/alexnabytok.sk\/kancelarskynabytok\/wp-json\/wp\/v2\/pages"}],"about":[{"href":"https:\/\/alexnabytok.sk\/kancelarskynabytok\/wp-json\/wp\/v2\/types\/page"}],"author":[{"embeddable":true,"href":"https:\/\/alexnabytok.sk\/kancelarskynabytok\/wp-json\/wp\/v2\/users\/2"}],"replies":[{"embeddable":true,"href":"https:\/\/alexnabytok.sk\/kancelarskynabytok\/wp-json\/wp\/v2\/comments?post=41570"}],"version-history":[{"count":4,"href":"https:\/\/alexnabytok.sk\/kancelarskynabytok\/wp-json\/wp\/v2\/pages\/41570\/revisions"}],"predecessor-version":[{"id":70429,"href":"https:\/\/alexnabytok.sk\/kancelarskynabytok\/wp-json\/wp\/v2\/pages\/41570\/revisions\/70429"}],"up":[{"embeddable":true,"href":"https:\/\/alexnabytok.sk\/kancelarskynabytok\/wp-json\/wp\/v2\/pages\/41550"}],"wp:featuredmedia":[{"embeddable":true,"href":"https:\/\/alexnabytok.sk\/kancelarskynabytok\/wp-json\/wp\/v2\/media\/47682"}],"wp:attachment":[{"href":"https:\/\/alexnabytok.sk\/kancelarskynabytok\/wp-json\/wp\/v2\/media?parent=41570"}],"curies":[{"name":"wp","href":"https:\/\/api.w.org\/{rel}","templated":true}]}}