{"id":60693,"date":"2022-05-19T06:48:45","date_gmt":"2022-05-19T06:48:45","guid":{"rendered":"http:\/\/www.alexnabytok.sk\/kancelarskynabytok\/?page_id=60693"},"modified":"2025-10-21T09:50:38","modified_gmt":"2025-10-21T09:50:38","slug":"zostava-flynn","status":"publish","type":"page","link":"https:\/\/alexnabytok.sk\/kancelarskynabytok\/kategoria\/nabytkove-zostavy\/zostava-flynn\/","title":{"rendered":"Flynn"},"content":{"rendered":"","protected":false},"excerpt":{"rendered":"","protected":false},"author":2,"featured_media":60694,"parent":41505,"menu_order":0,"comment_status":"closed","ping_status":"closed","template":"page-Portfolio4Cols-filterable.php","meta":{"footnotes":""},"class_list":["post-60693","page","type-page","status-publish","has-post-thumbnail","hentry"],"yoast_head":"<!-- This site is optimized with the Yoast SEO plugin v24.7 - https:\/\/yoast.com\/wordpress\/plugins\/seo\/ -->\n<title>Flynn - KANCEL\u00c1RSKY N\u00c1BYTOK<\/title>\n<meta name=\"robots\" content=\"index, follow, max-snippet:-1, max-image-preview:large, max-video-preview:-1\" \/>\n<link rel=\"canonical\" href=\"https:\/\/alexnabytok.sk\/kancelarskynabytok\/kategoria\/nabytkove-zostavy\/zostava-flynn\/\" \/>\n<meta property=\"og:locale\" content=\"sk_SK\" \/>\n<meta property=\"og:type\" content=\"article\" \/>\n<meta property=\"og:title\" content=\"Flynn - KANCEL\u00c1RSKY N\u00c1BYTOK\" \/>\n<meta property=\"og:url\" content=\"https:\/\/alexnabytok.sk\/kancelarskynabytok\/kategoria\/nabytkove-zostavy\/zostava-flynn\/\" \/>\n<meta property=\"og:site_name\" content=\"KANCEL\u00c1RSKY N\u00c1BYTOK\" \/>\n<meta property=\"article:modified_time\" content=\"2025-10-21T09:50:38+00:00\" \/>\n<meta property=\"og:image\" content=\"https:\/\/alexnabytok.sk\/kancelarskynabytok\/wp-content\/uploads\/2022\/05\/Flynn_kategoria_kep_large.jpg\" \/>\n\t<meta property=\"og:image:width\" content=\"800\" \/>\n\t<meta property=\"og:image:height\" content=\"560\" \/>\n\t<meta property=\"og:image:type\" content=\"image\/jpeg\" \/>\n<meta name=\"twitter:card\" content=\"summary_large_image\" \/>\n<meta name=\"twitter:label1\" content=\"Est. reading time\" \/>\n\t<meta name=\"twitter:data1\" content=\"1 minute\" \/>\n<script type=\"application\/ld+json\" class=\"yoast-schema-graph\">{\"@context\":\"https:\/\/schema.org\",\"@graph\":[{\"@type\":\"WebPage\",\"@id\":\"https:\/\/alexnabytok.sk\/kancelarskynabytok\/kategoria\/nabytkove-zostavy\/zostava-flynn\/\",\"url\":\"https:\/\/alexnabytok.sk\/kancelarskynabytok\/kategoria\/nabytkove-zostavy\/zostava-flynn\/\",\"name\":\"Flynn - KANCEL\u00c1RSKY N\u00c1BYTOK\",\"isPartOf\":{\"@id\":\"https:\/\/alexnabytok.sk\/kancelarskynabytok\/#website\"},\"primaryImageOfPage\":{\"@id\":\"https:\/\/alexnabytok.sk\/kancelarskynabytok\/kategoria\/nabytkove-zostavy\/zostava-flynn\/#primaryimage\"},\"image\":{\"@id\":\"https:\/\/alexnabytok.sk\/kancelarskynabytok\/kategoria\/nabytkove-zostavy\/zostava-flynn\/#primaryimage\"},\"thumbnailUrl\":\"https:\/\/alexnabytok.sk\/kancelarskynabytok\/wp-content\/uploads\/2022\/05\/Flynn_kategoria_kep_large.jpg\",\"datePublished\":\"2022-05-19T06:48:45+00:00\",\"dateModified\":\"2025-10-21T09:50:38+00:00\",\"breadcrumb\":{\"@id\":\"https:\/\/alexnabytok.sk\/kancelarskynabytok\/kategoria\/nabytkove-zostavy\/zostava-flynn\/#breadcrumb\"},\"inLanguage\":\"en-US\",\"potentialAction\":[{\"@type\":\"ReadAction\",\"target\":[\"https:\/\/alexnabytok.sk\/kancelarskynabytok\/kategoria\/nabytkove-zostavy\/zostava-flynn\/\"]}]},{\"@type\":\"ImageObject\",\"inLanguage\":\"en-US\",\"@id\":\"https:\/\/alexnabytok.sk\/kancelarskynabytok\/kategoria\/nabytkove-zostavy\/zostava-flynn\/#primaryimage\",\"url\":\"https:\/\/alexnabytok.sk\/kancelarskynabytok\/wp-content\/uploads\/2022\/05\/Flynn_kategoria_kep_large.jpg\",\"contentUrl\":\"https:\/\/alexnabytok.sk\/kancelarskynabytok\/wp-content\/uploads\/2022\/05\/Flynn_kategoria_kep_large.jpg\",\"width\":800,\"height\":560},{\"@type\":\"BreadcrumbList\",\"@id\":\"https:\/\/alexnabytok.sk\/kancelarskynabytok\/kategoria\/nabytkove-zostavy\/zostava-flynn\/#breadcrumb\",\"itemListElement\":[{\"@type\":\"ListItem\",\"position\":1,\"name\":\"Home\",\"item\":\"https:\/\/alexnabytok.sk\/kancelarskynabytok\/\"},{\"@type\":\"ListItem\",\"position\":2,\"name\":\"Produkty\",\"item\":\"https:\/\/alexnabytok.sk\/kancelarskynabytok\/kategoria\/\"},{\"@type\":\"ListItem\",\"position\":3,\"name\":\"N\u00e1bytkov\u00e9 zostavy\",\"item\":\"https:\/\/alexnabytok.sk\/kancelarskynabytok\/kategoria\/nabytkove-zostavy\/\"},{\"@type\":\"ListItem\",\"position\":4,\"name\":\"Flynn\"}]},{\"@type\":\"WebSite\",\"@id\":\"https:\/\/alexnabytok.sk\/kancelarskynabytok\/#website\",\"url\":\"https:\/\/alexnabytok.sk\/kancelarskynabytok\/\",\"name\":\"KANCEL\u00c1RSKY N\u00c1BYTOK\",\"description\":\"Alex kovov\u00fd a \u0161kolsk\u00fd n\u00e1bytok s.r.o.\",\"potentialAction\":[{\"@type\":\"SearchAction\",\"target\":{\"@type\":\"EntryPoint\",\"urlTemplate\":\"https:\/\/alexnabytok.sk\/kancelarskynabytok\/?s={search_term_string}\"},\"query-input\":{\"@type\":\"PropertyValueSpecification\",\"valueRequired\":true,\"valueName\":\"search_term_string\"}}],\"inLanguage\":\"en-US\"}]}<\/script>\n<!-- \/ Yoast SEO plugin. -->","yoast_head_json":{"title":"Flynn - KANCEL\u00c1RSKY N\u00c1BYTOK","robots":{"index":"index","follow":"follow","max-snippet":"max-snippet:-1","max-image-preview":"max-image-preview:large","max-video-preview":"max-video-preview:-1"},"canonical":"https:\/\/alexnabytok.sk\/kancelarskynabytok\/kategoria\/nabytkove-zostavy\/zostava-flynn\/","og_locale":"sk_SK","og_type":"article","og_title":"Flynn - KANCEL\u00c1RSKY N\u00c1BYTOK","og_url":"https:\/\/alexnabytok.sk\/kancelarskynabytok\/kategoria\/nabytkove-zostavy\/zostava-flynn\/","og_site_name":"KANCEL\u00c1RSKY N\u00c1BYTOK","article_modified_time":"2025-10-21T09:50:38+00:00","og_image":[{"width":800,"height":560,"url":"https:\/\/alexnabytok.sk\/kancelarskynabytok\/wp-content\/uploads\/2022\/05\/Flynn_kategoria_kep_large.jpg","type":"image\/jpeg"}],"twitter_card":"summary_large_image","twitter_misc":{"Est. reading time":"1 minute"},"schema":{"@context":"https:\/\/schema.org","@graph":[{"@type":"WebPage","@id":"https:\/\/alexnabytok.sk\/kancelarskynabytok\/kategoria\/nabytkove-zostavy\/zostava-flynn\/","url":"https:\/\/alexnabytok.sk\/kancelarskynabytok\/kategoria\/nabytkove-zostavy\/zostava-flynn\/","name":"Flynn - KANCEL\u00c1RSKY N\u00c1BYTOK","isPartOf":{"@id":"https:\/\/alexnabytok.sk\/kancelarskynabytok\/#website"},"primaryImageOfPage":{"@id":"https:\/\/alexnabytok.sk\/kancelarskynabytok\/kategoria\/nabytkove-zostavy\/zostava-flynn\/#primaryimage"},"image":{"@id":"https:\/\/alexnabytok.sk\/kancelarskynabytok\/kategoria\/nabytkove-zostavy\/zostava-flynn\/#primaryimage"},"thumbnailUrl":"https:\/\/alexnabytok.sk\/kancelarskynabytok\/wp-content\/uploads\/2022\/05\/Flynn_kategoria_kep_large.jpg","datePublished":"2022-05-19T06:48:45+00:00","dateModified":"2025-10-21T09:50:38+00:00","breadcrumb":{"@id":"https:\/\/alexnabytok.sk\/kancelarskynabytok\/kategoria\/nabytkove-zostavy\/zostava-flynn\/#breadcrumb"},"inLanguage":"en-US","potentialAction":[{"@type":"ReadAction","target":["https:\/\/alexnabytok.sk\/kancelarskynabytok\/kategoria\/nabytkove-zostavy\/zostava-flynn\/"]}]},{"@type":"ImageObject","inLanguage":"en-US","@id":"https:\/\/alexnabytok.sk\/kancelarskynabytok\/kategoria\/nabytkove-zostavy\/zostava-flynn\/#primaryimage","url":"https:\/\/alexnabytok.sk\/kancelarskynabytok\/wp-content\/uploads\/2022\/05\/Flynn_kategoria_kep_large.jpg","contentUrl":"https:\/\/alexnabytok.sk\/kancelarskynabytok\/wp-content\/uploads\/2022\/05\/Flynn_kategoria_kep_large.jpg","width":800,"height":560},{"@type":"BreadcrumbList","@id":"https:\/\/alexnabytok.sk\/kancelarskynabytok\/kategoria\/nabytkove-zostavy\/zostava-flynn\/#breadcrumb","itemListElement":[{"@type":"ListItem","position":1,"name":"Home","item":"https:\/\/alexnabytok.sk\/kancelarskynabytok\/"},{"@type":"ListItem","position":2,"name":"Produkty","item":"https:\/\/alexnabytok.sk\/kancelarskynabytok\/kategoria\/"},{"@type":"ListItem","position":3,"name":"N\u00e1bytkov\u00e9 zostavy","item":"https:\/\/alexnabytok.sk\/kancelarskynabytok\/kategoria\/nabytkove-zostavy\/"},{"@type":"ListItem","position":4,"name":"Flynn"}]},{"@type":"WebSite","@id":"https:\/\/alexnabytok.sk\/kancelarskynabytok\/#website","url":"https:\/\/alexnabytok.sk\/kancelarskynabytok\/","name":"KANCEL\u00c1RSKY N\u00c1BYTOK","description":"Alex kovov\u00fd a \u0161kolsk\u00fd n\u00e1bytok s.r.o.","potentialAction":[{"@type":"SearchAction","target":{"@type":"EntryPoint","urlTemplate":"https:\/\/alexnabytok.sk\/kancelarskynabytok\/?s={search_term_string}"},"query-input":{"@type":"PropertyValueSpecification","valueRequired":true,"valueName":"search_term_string"}}],"inLanguage":"en-US"}]}},"_links":{"self":[{"href":"https:\/\/alexnabytok.sk\/kancelarskynabytok\/wp-json\/wp\/v2\/pages\/60693","targetHints":{"allow":["GET"]}}],"collection":[{"href":"https:\/\/alexnabytok.sk\/kancelarskynabytok\/wp-json\/wp\/v2\/pages"}],"about":[{"href":"https:\/\/alexnabytok.sk\/kancelarskynabytok\/wp-json\/wp\/v2\/types\/page"}],"author":[{"embeddable":true,"href":"https:\/\/alexnabytok.sk\/kancelarskynabytok\/wp-json\/wp\/v2\/users\/2"}],"replies":[{"embeddable":true,"href":"https:\/\/alexnabytok.sk\/kancelarskynabytok\/wp-json\/wp\/v2\/comments?post=60693"}],"version-history":[{"count":2,"href":"https:\/\/alexnabytok.sk\/kancelarskynabytok\/wp-json\/wp\/v2\/pages\/60693\/revisions"}],"predecessor-version":[{"id":97312,"href":"https:\/\/alexnabytok.sk\/kancelarskynabytok\/wp-json\/wp\/v2\/pages\/60693\/revisions\/97312"}],"up":[{"embeddable":true,"href":"https:\/\/alexnabytok.sk\/kancelarskynabytok\/wp-json\/wp\/v2\/pages\/41505"}],"wp:featuredmedia":[{"embeddable":true,"href":"https:\/\/alexnabytok.sk\/kancelarskynabytok\/wp-json\/wp\/v2\/media\/60694"}],"wp:attachment":[{"href":"https:\/\/alexnabytok.sk\/kancelarskynabytok\/wp-json\/wp\/v2\/media?parent=60693"}],"curies":[{"name":"wp","href":"https:\/\/api.w.org\/{rel}","templated":true}]}}