{"id":60703,"date":"2022-05-19T07:01:06","date_gmt":"2022-05-19T07:01:06","guid":{"rendered":"http:\/\/www.alexnabytok.sk\/kancelarskynabytok\/?page_id=60703"},"modified":"2023-11-10T13:10:39","modified_gmt":"2023-11-10T13:10:39","slug":"nabytok-do-spolocnych-priestorov","status":"publish","type":"page","link":"https:\/\/alexnabytok.sk\/kancelarskynabytok\/kategoria\/nabytok-do-spolocnych-priestorov\/","title":{"rendered":"N\u00e1bytok do spolo\u010dn\u00fdch priestorov"},"content":{"rendered":"<div class=\"butorlaposkat\">\n\r\n\t<li class=\"portfolio_item isotope-item\"><div class=\"portfolio_item_holder\"><figure class=\"thumbnail thumbnail__portfolio\"><a href=\"https:\/\/alexnabytok.sk\/kancelarskynabytok\/kategoria\/nabytok-do-spolocnych-priestorov\/stoly\/\" class=\"image-wrap\"><img decoding=\"async\" src=\"https:\/\/alexnabytok.sk\/kancelarskynabytok\/wp-content\/uploads\/2022\/05\/AB_Lux_kat.jpg\" alt=\"Stoly\"><\/a><\/figure><div class=\"caption caption__portfolio\"><h3><a href=\"https:\/\/alexnabytok.sk\/kancelarskynabytok\/kategoria\/nabytok-do-spolocnych-priestorov\/stoly\/\">Stoly<\/a><\/h3><\/div><\/div><\/li>\n\r\n\t<li class=\"portfolio_item isotope-item\"><div class=\"portfolio_item_holder\"><figure class=\"thumbnail thumbnail__portfolio\"><a href=\"https:\/\/alexnabytok.sk\/kancelarskynabytok\/kategoria\/nabytok-do-spolocnych-priestorov\/lounge-nabytok\/\" class=\"image-wrap\"><img decoding=\"async\" src=\"https:\/\/alexnabytok.sk\/kancelarskynabytok\/wp-content\/uploads\/2022\/05\/Lounge_kat.jpg\" alt=\"Lounge n\u00e1bytok\"><\/a><\/figure><div class=\"caption caption__portfolio\"><h3><a href=\"https:\/\/alexnabytok.sk\/kancelarskynabytok\/kategoria\/nabytok-do-spolocnych-priestorov\/lounge-nabytok\/\">Lounge n\u00e1bytok<\/a><\/h3><\/div><\/div><\/li>\n\r\n\t<li class=\"portfolio_item isotope-item\"><div class=\"portfolio_item_holder\"><figure class=\"thumbnail thumbnail__portfolio\"><a href=\"https:\/\/alexnabytok.sk\/kancelarskynabytok\/kategoria\/nabytok-do-spolocnych-priestorov\/paravany\/\" class=\"image-wrap\"><img decoding=\"async\" src=\"https:\/\/alexnabytok.sk\/kancelarskynabytok\/wp-content\/uploads\/2022\/05\/Paravan_kat.jpg\" alt=\"Parav\u00e1ny\"><\/a><\/figure><div class=\"caption caption__portfolio\"><h3><a href=\"https:\/\/alexnabytok.sk\/kancelarskynabytok\/kategoria\/nabytok-do-spolocnych-priestorov\/paravany\/\">Parav\u00e1ny<\/a><\/h3><\/div><\/div><\/li><\/div>\n","protected":false},"excerpt":{"rendered":"","protected":false},"author":2,"featured_media":0,"parent":20,"menu_order":0,"comment_status":"closed","ping_status":"closed","template":"page-uj-alexsub.php","meta":{"footnotes":""},"class_list":["post-60703","page","type-page","status-publish","hentry"],"yoast_head":"<!-- This site is optimized with the Yoast SEO plugin v24.7 - https:\/\/yoast.com\/wordpress\/plugins\/seo\/ -->\n<title>N\u00e1bytok do spolo\u010dn\u00fdch priestorov - KANCEL\u00c1RSKY N\u00c1BYTOK<\/title>\n<meta name=\"robots\" content=\"index, follow, max-snippet:-1, max-image-preview:large, max-video-preview:-1\" \/>\n<link rel=\"canonical\" href=\"https:\/\/alexnabytok.sk\/kancelarskynabytok\/kategoria\/nabytok-do-spolocnych-priestorov\/\" \/>\n<meta property=\"og:locale\" content=\"sk_SK\" \/>\n<meta property=\"og:type\" content=\"article\" \/>\n<meta property=\"og:title\" content=\"N\u00e1bytok do spolo\u010dn\u00fdch priestorov - KANCEL\u00c1RSKY N\u00c1BYTOK\" \/>\n<meta property=\"og:url\" content=\"https:\/\/alexnabytok.sk\/kancelarskynabytok\/kategoria\/nabytok-do-spolocnych-priestorov\/\" \/>\n<meta property=\"og:site_name\" content=\"KANCEL\u00c1RSKY N\u00c1BYTOK\" \/>\n<meta property=\"article:modified_time\" content=\"2023-11-10T13:10:39+00:00\" \/>\n<meta name=\"twitter:card\" content=\"summary_large_image\" \/>\n<script type=\"application\/ld+json\" class=\"yoast-schema-graph\">{\"@context\":\"https:\/\/schema.org\",\"@graph\":[{\"@type\":\"WebPage\",\"@id\":\"https:\/\/alexnabytok.sk\/kancelarskynabytok\/kategoria\/nabytok-do-spolocnych-priestorov\/\",\"url\":\"https:\/\/alexnabytok.sk\/kancelarskynabytok\/kategoria\/nabytok-do-spolocnych-priestorov\/\",\"name\":\"N\u00e1bytok do spolo\u010dn\u00fdch priestorov - KANCEL\u00c1RSKY N\u00c1BYTOK\",\"isPartOf\":{\"@id\":\"https:\/\/alexnabytok.sk\/kancelarskynabytok\/#website\"},\"datePublished\":\"2022-05-19T07:01:06+00:00\",\"dateModified\":\"2023-11-10T13:10:39+00:00\",\"breadcrumb\":{\"@id\":\"https:\/\/alexnabytok.sk\/kancelarskynabytok\/kategoria\/nabytok-do-spolocnych-priestorov\/#breadcrumb\"},\"inLanguage\":\"en-US\",\"potentialAction\":[{\"@type\":\"ReadAction\",\"target\":[\"https:\/\/alexnabytok.sk\/kancelarskynabytok\/kategoria\/nabytok-do-spolocnych-priestorov\/\"]}]},{\"@type\":\"BreadcrumbList\",\"@id\":\"https:\/\/alexnabytok.sk\/kancelarskynabytok\/kategoria\/nabytok-do-spolocnych-priestorov\/#breadcrumb\",\"itemListElement\":[{\"@type\":\"ListItem\",\"position\":1,\"name\":\"Home\",\"item\":\"https:\/\/alexnabytok.sk\/kancelarskynabytok\/\"},{\"@type\":\"ListItem\",\"position\":2,\"name\":\"Produkty\",\"item\":\"https:\/\/alexnabytok.sk\/kancelarskynabytok\/kategoria\/\"},{\"@type\":\"ListItem\",\"position\":3,\"name\":\"N\u00e1bytok do spolo\u010dn\u00fdch priestorov\"}]},{\"@type\":\"WebSite\",\"@id\":\"https:\/\/alexnabytok.sk\/kancelarskynabytok\/#website\",\"url\":\"https:\/\/alexnabytok.sk\/kancelarskynabytok\/\",\"name\":\"KANCEL\u00c1RSKY N\u00c1BYTOK\",\"description\":\"Alex kovov\u00fd a \u0161kolsk\u00fd n\u00e1bytok s.r.o.\",\"potentialAction\":[{\"@type\":\"SearchAction\",\"target\":{\"@type\":\"EntryPoint\",\"urlTemplate\":\"https:\/\/alexnabytok.sk\/kancelarskynabytok\/?s={search_term_string}\"},\"query-input\":{\"@type\":\"PropertyValueSpecification\",\"valueRequired\":true,\"valueName\":\"search_term_string\"}}],\"inLanguage\":\"en-US\"}]}<\/script>\n<!-- \/ Yoast SEO plugin. -->","yoast_head_json":{"title":"N\u00e1bytok do spolo\u010dn\u00fdch priestorov - KANCEL\u00c1RSKY N\u00c1BYTOK","robots":{"index":"index","follow":"follow","max-snippet":"max-snippet:-1","max-image-preview":"max-image-preview:large","max-video-preview":"max-video-preview:-1"},"canonical":"https:\/\/alexnabytok.sk\/kancelarskynabytok\/kategoria\/nabytok-do-spolocnych-priestorov\/","og_locale":"sk_SK","og_type":"article","og_title":"N\u00e1bytok do spolo\u010dn\u00fdch priestorov - KANCEL\u00c1RSKY N\u00c1BYTOK","og_url":"https:\/\/alexnabytok.sk\/kancelarskynabytok\/kategoria\/nabytok-do-spolocnych-priestorov\/","og_site_name":"KANCEL\u00c1RSKY N\u00c1BYTOK","article_modified_time":"2023-11-10T13:10:39+00:00","twitter_card":"summary_large_image","schema":{"@context":"https:\/\/schema.org","@graph":[{"@type":"WebPage","@id":"https:\/\/alexnabytok.sk\/kancelarskynabytok\/kategoria\/nabytok-do-spolocnych-priestorov\/","url":"https:\/\/alexnabytok.sk\/kancelarskynabytok\/kategoria\/nabytok-do-spolocnych-priestorov\/","name":"N\u00e1bytok do spolo\u010dn\u00fdch priestorov - KANCEL\u00c1RSKY N\u00c1BYTOK","isPartOf":{"@id":"https:\/\/alexnabytok.sk\/kancelarskynabytok\/#website"},"datePublished":"2022-05-19T07:01:06+00:00","dateModified":"2023-11-10T13:10:39+00:00","breadcrumb":{"@id":"https:\/\/alexnabytok.sk\/kancelarskynabytok\/kategoria\/nabytok-do-spolocnych-priestorov\/#breadcrumb"},"inLanguage":"en-US","potentialAction":[{"@type":"ReadAction","target":["https:\/\/alexnabytok.sk\/kancelarskynabytok\/kategoria\/nabytok-do-spolocnych-priestorov\/"]}]},{"@type":"BreadcrumbList","@id":"https:\/\/alexnabytok.sk\/kancelarskynabytok\/kategoria\/nabytok-do-spolocnych-priestorov\/#breadcrumb","itemListElement":[{"@type":"ListItem","position":1,"name":"Home","item":"https:\/\/alexnabytok.sk\/kancelarskynabytok\/"},{"@type":"ListItem","position":2,"name":"Produkty","item":"https:\/\/alexnabytok.sk\/kancelarskynabytok\/kategoria\/"},{"@type":"ListItem","position":3,"name":"N\u00e1bytok do spolo\u010dn\u00fdch priestorov"}]},{"@type":"WebSite","@id":"https:\/\/alexnabytok.sk\/kancelarskynabytok\/#website","url":"https:\/\/alexnabytok.sk\/kancelarskynabytok\/","name":"KANCEL\u00c1RSKY N\u00c1BYTOK","description":"Alex kovov\u00fd a \u0161kolsk\u00fd n\u00e1bytok s.r.o.","potentialAction":[{"@type":"SearchAction","target":{"@type":"EntryPoint","urlTemplate":"https:\/\/alexnabytok.sk\/kancelarskynabytok\/?s={search_term_string}"},"query-input":{"@type":"PropertyValueSpecification","valueRequired":true,"valueName":"search_term_string"}}],"inLanguage":"en-US"}]}},"_links":{"self":[{"href":"https:\/\/alexnabytok.sk\/kancelarskynabytok\/wp-json\/wp\/v2\/pages\/60703","targetHints":{"allow":["GET"]}}],"collection":[{"href":"https:\/\/alexnabytok.sk\/kancelarskynabytok\/wp-json\/wp\/v2\/pages"}],"about":[{"href":"https:\/\/alexnabytok.sk\/kancelarskynabytok\/wp-json\/wp\/v2\/types\/page"}],"author":[{"embeddable":true,"href":"https:\/\/alexnabytok.sk\/kancelarskynabytok\/wp-json\/wp\/v2\/users\/2"}],"replies":[{"embeddable":true,"href":"https:\/\/alexnabytok.sk\/kancelarskynabytok\/wp-json\/wp\/v2\/comments?post=60703"}],"version-history":[{"count":4,"href":"https:\/\/alexnabytok.sk\/kancelarskynabytok\/wp-json\/wp\/v2\/pages\/60703\/revisions"}],"predecessor-version":[{"id":70430,"href":"https:\/\/alexnabytok.sk\/kancelarskynabytok\/wp-json\/wp\/v2\/pages\/60703\/revisions\/70430"}],"up":[{"embeddable":true,"href":"https:\/\/alexnabytok.sk\/kancelarskynabytok\/wp-json\/wp\/v2\/pages\/20"}],"wp:attachment":[{"href":"https:\/\/alexnabytok.sk\/kancelarskynabytok\/wp-json\/wp\/v2\/media?parent=60703"}],"curies":[{"name":"wp","href":"https:\/\/api.w.org\/{rel}","templated":true}]}}