{"id":60713,"date":"2022-05-19T07:03:01","date_gmt":"2022-05-19T07:03:01","guid":{"rendered":"http:\/\/www.alexnabytok.sk\/kancelarskynabytok\/?page_id=60713"},"modified":"2023-11-10T13:10:59","modified_gmt":"2023-11-10T13:10:59","slug":"paravany","status":"publish","type":"page","link":"https:\/\/alexnabytok.sk\/kancelarskynabytok\/kategoria\/nabytok-do-spolocnych-priestorov\/paravany\/","title":{"rendered":"Parav\u00e1ny"},"content":{"rendered":"<div class=\"butorlaposkat\">\n\r\n\t<li class=\"portfolio_item isotope-item\"><div class=\"portfolio_item_holder\"><figure class=\"thumbnail thumbnail__portfolio\"><a href=\"https:\/\/alexnabytok.sk\/kancelarskynabytok\/kategoria\/nabytok-do-spolocnych-priestorov\/paravany\/leaf\/\" class=\"image-wrap\"><img decoding=\"async\" src=\"https:\/\/alexnabytok.sk\/kancelarskynabytok\/wp-content\/uploads\/2022\/05\/Leaf_kat.jpg\" alt=\"Leaf\"><\/a><\/figure><div class=\"caption caption__portfolio\"><h3><a href=\"https:\/\/alexnabytok.sk\/kancelarskynabytok\/kategoria\/nabytok-do-spolocnych-priestorov\/paravany\/leaf\/\">Leaf<\/a><\/h3><\/div><\/div><\/li>\n\r\n\t<li class=\"portfolio_item isotope-item\"><div class=\"portfolio_item_holder\"><figure class=\"thumbnail thumbnail__portfolio\"><a href=\"https:\/\/alexnabytok.sk\/kancelarskynabytok\/kategoria\/nabytok-do-spolocnych-priestorov\/paravany\/porto\/\" class=\"image-wrap\"><img decoding=\"async\" src=\"https:\/\/alexnabytok.sk\/kancelarskynabytok\/wp-content\/uploads\/2022\/05\/Porto_kat.jpg\" alt=\"Porto\"><\/a><\/figure><div class=\"caption caption__portfolio\"><h3><a href=\"https:\/\/alexnabytok.sk\/kancelarskynabytok\/kategoria\/nabytok-do-spolocnych-priestorov\/paravany\/porto\/\">Porto<\/a><\/h3><\/div><\/div><\/li><\/div>\n","protected":false},"excerpt":{"rendered":"","protected":false},"author":2,"featured_media":60706,"parent":60703,"menu_order":0,"comment_status":"closed","ping_status":"closed","template":"page-uj-alexsub.php","meta":{"footnotes":""},"class_list":["post-60713","page","type-page","status-publish","has-post-thumbnail","hentry"],"yoast_head":"<!-- This site is optimized with the Yoast SEO plugin v24.7 - https:\/\/yoast.com\/wordpress\/plugins\/seo\/ -->\n<title>Parav\u00e1ny - KANCEL\u00c1RSKY N\u00c1BYTOK<\/title>\n<meta name=\"robots\" content=\"index, follow, max-snippet:-1, max-image-preview:large, max-video-preview:-1\" \/>\n<link rel=\"canonical\" href=\"https:\/\/alexnabytok.sk\/kancelarskynabytok\/kategoria\/nabytok-do-spolocnych-priestorov\/paravany\/\" \/>\n<meta property=\"og:locale\" content=\"sk_SK\" \/>\n<meta property=\"og:type\" content=\"article\" \/>\n<meta property=\"og:title\" content=\"Parav\u00e1ny - KANCEL\u00c1RSKY N\u00c1BYTOK\" \/>\n<meta property=\"og:url\" content=\"https:\/\/alexnabytok.sk\/kancelarskynabytok\/kategoria\/nabytok-do-spolocnych-priestorov\/paravany\/\" \/>\n<meta property=\"og:site_name\" content=\"KANCEL\u00c1RSKY N\u00c1BYTOK\" \/>\n<meta property=\"article:modified_time\" content=\"2023-11-10T13:10:59+00:00\" \/>\n<meta property=\"og:image\" content=\"https:\/\/alexnabytok.sk\/kancelarskynabytok\/wp-content\/uploads\/2022\/05\/Paravan_kat.jpg\" \/>\n\t<meta property=\"og:image:width\" content=\"1600\" \/>\n\t<meta property=\"og:image:height\" content=\"1200\" \/>\n\t<meta property=\"og:image:type\" content=\"image\/jpeg\" \/>\n<meta name=\"twitter:card\" content=\"summary_large_image\" \/>\n<script type=\"application\/ld+json\" class=\"yoast-schema-graph\">{\"@context\":\"https:\/\/schema.org\",\"@graph\":[{\"@type\":\"WebPage\",\"@id\":\"https:\/\/alexnabytok.sk\/kancelarskynabytok\/kategoria\/nabytok-do-spolocnych-priestorov\/paravany\/\",\"url\":\"https:\/\/alexnabytok.sk\/kancelarskynabytok\/kategoria\/nabytok-do-spolocnych-priestorov\/paravany\/\",\"name\":\"Parav\u00e1ny - KANCEL\u00c1RSKY N\u00c1BYTOK\",\"isPartOf\":{\"@id\":\"https:\/\/alexnabytok.sk\/kancelarskynabytok\/#website\"},\"primaryImageOfPage\":{\"@id\":\"https:\/\/alexnabytok.sk\/kancelarskynabytok\/kategoria\/nabytok-do-spolocnych-priestorov\/paravany\/#primaryimage\"},\"image\":{\"@id\":\"https:\/\/alexnabytok.sk\/kancelarskynabytok\/kategoria\/nabytok-do-spolocnych-priestorov\/paravany\/#primaryimage\"},\"thumbnailUrl\":\"https:\/\/alexnabytok.sk\/kancelarskynabytok\/wp-content\/uploads\/2022\/05\/Paravan_kat.jpg\",\"datePublished\":\"2022-05-19T07:03:01+00:00\",\"dateModified\":\"2023-11-10T13:10:59+00:00\",\"breadcrumb\":{\"@id\":\"https:\/\/alexnabytok.sk\/kancelarskynabytok\/kategoria\/nabytok-do-spolocnych-priestorov\/paravany\/#breadcrumb\"},\"inLanguage\":\"en-US\",\"potentialAction\":[{\"@type\":\"ReadAction\",\"target\":[\"https:\/\/alexnabytok.sk\/kancelarskynabytok\/kategoria\/nabytok-do-spolocnych-priestorov\/paravany\/\"]}]},{\"@type\":\"ImageObject\",\"inLanguage\":\"en-US\",\"@id\":\"https:\/\/alexnabytok.sk\/kancelarskynabytok\/kategoria\/nabytok-do-spolocnych-priestorov\/paravany\/#primaryimage\",\"url\":\"https:\/\/alexnabytok.sk\/kancelarskynabytok\/wp-content\/uploads\/2022\/05\/Paravan_kat.jpg\",\"contentUrl\":\"https:\/\/alexnabytok.sk\/kancelarskynabytok\/wp-content\/uploads\/2022\/05\/Paravan_kat.jpg\",\"width\":1600,\"height\":1200},{\"@type\":\"BreadcrumbList\",\"@id\":\"https:\/\/alexnabytok.sk\/kancelarskynabytok\/kategoria\/nabytok-do-spolocnych-priestorov\/paravany\/#breadcrumb\",\"itemListElement\":[{\"@type\":\"ListItem\",\"position\":1,\"name\":\"Home\",\"item\":\"https:\/\/alexnabytok.sk\/kancelarskynabytok\/\"},{\"@type\":\"ListItem\",\"position\":2,\"name\":\"Produkty\",\"item\":\"https:\/\/alexnabytok.sk\/kancelarskynabytok\/kategoria\/\"},{\"@type\":\"ListItem\",\"position\":3,\"name\":\"N\u00e1bytok do spolo\u010dn\u00fdch priestorov\",\"item\":\"https:\/\/alexnabytok.sk\/kancelarskynabytok\/kategoria\/nabytok-do-spolocnych-priestorov\/\"},{\"@type\":\"ListItem\",\"position\":4,\"name\":\"Parav\u00e1ny\"}]},{\"@type\":\"WebSite\",\"@id\":\"https:\/\/alexnabytok.sk\/kancelarskynabytok\/#website\",\"url\":\"https:\/\/alexnabytok.sk\/kancelarskynabytok\/\",\"name\":\"KANCEL\u00c1RSKY N\u00c1BYTOK\",\"description\":\"Alex kovov\u00fd a \u0161kolsk\u00fd n\u00e1bytok s.r.o.\",\"potentialAction\":[{\"@type\":\"SearchAction\",\"target\":{\"@type\":\"EntryPoint\",\"urlTemplate\":\"https:\/\/alexnabytok.sk\/kancelarskynabytok\/?s={search_term_string}\"},\"query-input\":{\"@type\":\"PropertyValueSpecification\",\"valueRequired\":true,\"valueName\":\"search_term_string\"}}],\"inLanguage\":\"en-US\"}]}<\/script>\n<!-- \/ Yoast SEO plugin. -->","yoast_head_json":{"title":"Parav\u00e1ny - KANCEL\u00c1RSKY N\u00c1BYTOK","robots":{"index":"index","follow":"follow","max-snippet":"max-snippet:-1","max-image-preview":"max-image-preview:large","max-video-preview":"max-video-preview:-1"},"canonical":"https:\/\/alexnabytok.sk\/kancelarskynabytok\/kategoria\/nabytok-do-spolocnych-priestorov\/paravany\/","og_locale":"sk_SK","og_type":"article","og_title":"Parav\u00e1ny - KANCEL\u00c1RSKY N\u00c1BYTOK","og_url":"https:\/\/alexnabytok.sk\/kancelarskynabytok\/kategoria\/nabytok-do-spolocnych-priestorov\/paravany\/","og_site_name":"KANCEL\u00c1RSKY N\u00c1BYTOK","article_modified_time":"2023-11-10T13:10:59+00:00","og_image":[{"width":1600,"height":1200,"url":"https:\/\/alexnabytok.sk\/kancelarskynabytok\/wp-content\/uploads\/2022\/05\/Paravan_kat.jpg","type":"image\/jpeg"}],"twitter_card":"summary_large_image","schema":{"@context":"https:\/\/schema.org","@graph":[{"@type":"WebPage","@id":"https:\/\/alexnabytok.sk\/kancelarskynabytok\/kategoria\/nabytok-do-spolocnych-priestorov\/paravany\/","url":"https:\/\/alexnabytok.sk\/kancelarskynabytok\/kategoria\/nabytok-do-spolocnych-priestorov\/paravany\/","name":"Parav\u00e1ny - KANCEL\u00c1RSKY N\u00c1BYTOK","isPartOf":{"@id":"https:\/\/alexnabytok.sk\/kancelarskynabytok\/#website"},"primaryImageOfPage":{"@id":"https:\/\/alexnabytok.sk\/kancelarskynabytok\/kategoria\/nabytok-do-spolocnych-priestorov\/paravany\/#primaryimage"},"image":{"@id":"https:\/\/alexnabytok.sk\/kancelarskynabytok\/kategoria\/nabytok-do-spolocnych-priestorov\/paravany\/#primaryimage"},"thumbnailUrl":"https:\/\/alexnabytok.sk\/kancelarskynabytok\/wp-content\/uploads\/2022\/05\/Paravan_kat.jpg","datePublished":"2022-05-19T07:03:01+00:00","dateModified":"2023-11-10T13:10:59+00:00","breadcrumb":{"@id":"https:\/\/alexnabytok.sk\/kancelarskynabytok\/kategoria\/nabytok-do-spolocnych-priestorov\/paravany\/#breadcrumb"},"inLanguage":"en-US","potentialAction":[{"@type":"ReadAction","target":["https:\/\/alexnabytok.sk\/kancelarskynabytok\/kategoria\/nabytok-do-spolocnych-priestorov\/paravany\/"]}]},{"@type":"ImageObject","inLanguage":"en-US","@id":"https:\/\/alexnabytok.sk\/kancelarskynabytok\/kategoria\/nabytok-do-spolocnych-priestorov\/paravany\/#primaryimage","url":"https:\/\/alexnabytok.sk\/kancelarskynabytok\/wp-content\/uploads\/2022\/05\/Paravan_kat.jpg","contentUrl":"https:\/\/alexnabytok.sk\/kancelarskynabytok\/wp-content\/uploads\/2022\/05\/Paravan_kat.jpg","width":1600,"height":1200},{"@type":"BreadcrumbList","@id":"https:\/\/alexnabytok.sk\/kancelarskynabytok\/kategoria\/nabytok-do-spolocnych-priestorov\/paravany\/#breadcrumb","itemListElement":[{"@type":"ListItem","position":1,"name":"Home","item":"https:\/\/alexnabytok.sk\/kancelarskynabytok\/"},{"@type":"ListItem","position":2,"name":"Produkty","item":"https:\/\/alexnabytok.sk\/kancelarskynabytok\/kategoria\/"},{"@type":"ListItem","position":3,"name":"N\u00e1bytok do spolo\u010dn\u00fdch priestorov","item":"https:\/\/alexnabytok.sk\/kancelarskynabytok\/kategoria\/nabytok-do-spolocnych-priestorov\/"},{"@type":"ListItem","position":4,"name":"Parav\u00e1ny"}]},{"@type":"WebSite","@id":"https:\/\/alexnabytok.sk\/kancelarskynabytok\/#website","url":"https:\/\/alexnabytok.sk\/kancelarskynabytok\/","name":"KANCEL\u00c1RSKY N\u00c1BYTOK","description":"Alex kovov\u00fd a \u0161kolsk\u00fd n\u00e1bytok s.r.o.","potentialAction":[{"@type":"SearchAction","target":{"@type":"EntryPoint","urlTemplate":"https:\/\/alexnabytok.sk\/kancelarskynabytok\/?s={search_term_string}"},"query-input":{"@type":"PropertyValueSpecification","valueRequired":true,"valueName":"search_term_string"}}],"inLanguage":"en-US"}]}},"_links":{"self":[{"href":"https:\/\/alexnabytok.sk\/kancelarskynabytok\/wp-json\/wp\/v2\/pages\/60713","targetHints":{"allow":["GET"]}}],"collection":[{"href":"https:\/\/alexnabytok.sk\/kancelarskynabytok\/wp-json\/wp\/v2\/pages"}],"about":[{"href":"https:\/\/alexnabytok.sk\/kancelarskynabytok\/wp-json\/wp\/v2\/types\/page"}],"author":[{"embeddable":true,"href":"https:\/\/alexnabytok.sk\/kancelarskynabytok\/wp-json\/wp\/v2\/users\/2"}],"replies":[{"embeddable":true,"href":"https:\/\/alexnabytok.sk\/kancelarskynabytok\/wp-json\/wp\/v2\/comments?post=60713"}],"version-history":[{"count":4,"href":"https:\/\/alexnabytok.sk\/kancelarskynabytok\/wp-json\/wp\/v2\/pages\/60713\/revisions"}],"predecessor-version":[{"id":70433,"href":"https:\/\/alexnabytok.sk\/kancelarskynabytok\/wp-json\/wp\/v2\/pages\/60713\/revisions\/70433"}],"up":[{"embeddable":true,"href":"https:\/\/alexnabytok.sk\/kancelarskynabytok\/wp-json\/wp\/v2\/pages\/60703"}],"wp:featuredmedia":[{"embeddable":true,"href":"https:\/\/alexnabytok.sk\/kancelarskynabytok\/wp-json\/wp\/v2\/media\/60706"}],"wp:attachment":[{"href":"https:\/\/alexnabytok.sk\/kancelarskynabytok\/wp-json\/wp\/v2\/media?parent=60713"}],"curies":[{"name":"wp","href":"https:\/\/api.w.org\/{rel}","templated":true}]}}