{"id":64439,"date":"2023-01-31T08:45:54","date_gmt":"2023-01-31T08:45:54","guid":{"rendered":"http:\/\/www.alexnabytok.sk\/kancelarskynabytok\/?page_id=64439"},"modified":"2023-01-31T09:01:47","modified_gmt":"2023-01-31T09:01:47","slug":"zariadenie-bufetov-kantiny","status":"publish","type":"page","link":"https:\/\/alexnabytok.sk\/kancelarskynabytok\/kategoria\/zariadenie-bufetov-kantiny\/","title":{"rendered":"Zariadenie bufetov, kant\u00edny"},"content":{"rendered":"<div class=\"butorlaposkat\">\n<li class=\"portfolio_item isotope-item\">\n<div class=\"portfolio_item_holder\">\n<figure class=\"thumbnail thumbnail__portfolio\"><a href=\"https:\/\/alexnabytok.sk\/kancelarskynabytok\/kategoria\/zariadenie-bufetov-kantiny\/stolicky\/\" class=\"image-wrap\"><img decoding=\"async\" src=\"https:\/\/alexnabytok.sk\/kancelarskynabytok\/wp-content\/uploads\/2023\/01\/katkep_szek-femlabas-3.png\" alt=\"Stoli\u010dky\"><span class=\"zoom-icon\"><\/span><\/a><\/figure>\n<div class=\"caption caption__portfolio\">\n<h3><a href=\"https:\/\/alexnabytok.sk\/kancelarskynabytok\/kategoria\/zariadenie-bufetov-kantiny\/stolicky\/\">Stoli\u010dky<\/a><\/h3>\n<\/div>\n<\/div>\n<\/li>\n<li class=\"portfolio_item isotope-item\">\n<div class=\"portfolio_item_holder\">\n<figure class=\"thumbnail thumbnail__portfolio\"><a href=\"https:\/\/alexnabytok.sk\/kancelarskynabytok\/kategoria\/zariadenie-bufetov-kantiny\/stoly\/\" class=\"image-wrap\"><img decoding=\"async\" src=\"https:\/\/alexnabytok.sk\/kancelarskynabytok\/wp-content\/uploads\/2023\/01\/katkep_asztal-3.png\" alt=\"Stoly\"><span class=\"zoom-icon\"><\/span><\/a><\/figure>\n<div class=\"caption caption__portfolio\">\n<h3><a href=\"https:\/\/alexnabytok.sk\/kancelarskynabytok\/kategoria\/zariadenie-bufetov-kantiny\/stoly\/\">Stoly (41)<\/a><\/h3>\n<\/div>\n<\/div>\n<\/li>\n<li class=\"portfolio_item isotope-item\">\n<div class=\"portfolio_item_holder\">\n<figure class=\"thumbnail thumbnail__portfolio\"><a href=\"https:\/\/alexnabytok.sk\/kancelarskynabytok\/kategoria\/zariadenie-bufetov-kantiny\/barove-stolicky\/\" class=\"image-wrap\"><img decoding=\"async\" src=\"https:\/\/alexnabytok.sk\/kancelarskynabytok\/wp-content\/uploads\/2023\/01\/katkep_barszek-femlabas-3.png\" alt=\"Barov\u00e9 stoli\u010dky\"><span class=\"zoom-icon\"><\/span><\/a><\/figure>\n<div class=\"caption caption__portfolio\">\n<h3><a href=\"https:\/\/alexnabytok.sk\/kancelarskynabytok\/kategoria\/zariadenie-bufetov-kantiny\/barove-stolicky\/\">Barov\u00e9 stoli\u010dky<\/a><\/h3>\n<\/div>\n<\/div>\n<\/li>\n<li class=\"portfolio_item isotope-item\">\n<div class=\"portfolio_item_holder\">\n<figure class=\"thumbnail thumbnail__portfolio\"><a href=\"https:\/\/alexnabytok.sk\/kancelarskynabytok\/kategoria\/zariadenie-bufetov-kantiny\/barove-stoly\/\" class=\"image-wrap\"><img decoding=\"async\" src=\"https:\/\/alexnabytok.sk\/kancelarskynabytok\/wp-content\/uploads\/2023\/01\/katkep_magasasztal-3.png\" alt=\"Barov\u00e9 stoly\"><span class=\"zoom-icon\"><\/span><\/a><\/figure>\n<div class=\"caption caption__portfolio\">\n<h3><a href=\"https:\/\/alexnabytok.sk\/kancelarskynabytok\/kategoria\/zariadenie-bufetov-kantiny\/barove-stoly\/\">Barov\u00e9 stoly (17)<\/a><\/h3>\n<\/div>\n<\/div>\n<\/li>\n<\/div>\n","protected":false},"excerpt":{"rendered":"<p>Stoli\u010dky Stoly Barov\u00e9 stoli\u010dky Barov\u00e9 stoly<\/p>\n","protected":false},"author":2,"featured_media":0,"parent":20,"menu_order":0,"comment_status":"closed","ping_status":"closed","template":"page-uj-alexsub.php","meta":{"footnotes":""},"class_list":["post-64439","page","type-page","status-publish","hentry"],"yoast_head":"<!-- This site is optimized with the Yoast SEO plugin v24.7 - https:\/\/yoast.com\/wordpress\/plugins\/seo\/ -->\n<title>Zariadenie bufetov, kant\u00edny - KANCEL\u00c1RSKY N\u00c1BYTOK<\/title>\n<meta name=\"robots\" content=\"index, follow, max-snippet:-1, max-image-preview:large, max-video-preview:-1\" \/>\n<link rel=\"canonical\" href=\"https:\/\/alexnabytok.sk\/kancelarskynabytok\/kategoria\/zariadenie-bufetov-kantiny\/\" \/>\n<meta property=\"og:locale\" content=\"sk_SK\" \/>\n<meta property=\"og:type\" content=\"article\" \/>\n<meta property=\"og:title\" content=\"Zariadenie bufetov, kant\u00edny - KANCEL\u00c1RSKY N\u00c1BYTOK\" \/>\n<meta property=\"og:description\" content=\"Stoli\u010dky Stoly Barov\u00e9 stoli\u010dky Barov\u00e9 stoly\" \/>\n<meta property=\"og:url\" content=\"https:\/\/alexnabytok.sk\/kancelarskynabytok\/kategoria\/zariadenie-bufetov-kantiny\/\" \/>\n<meta property=\"og:site_name\" content=\"KANCEL\u00c1RSKY N\u00c1BYTOK\" \/>\n<meta property=\"article:modified_time\" content=\"2023-01-31T09:01:47+00:00\" \/>\n<meta property=\"og:image\" content=\"https:\/\/alexnabytok.sk\/kancelarskynabytok\/wp-content\/uploads\/2023\/01\/katkep_szek-femlabas-3.png\" \/>\n<meta name=\"twitter:card\" content=\"summary_large_image\" \/>\n<script type=\"application\/ld+json\" class=\"yoast-schema-graph\">{\"@context\":\"https:\/\/schema.org\",\"@graph\":[{\"@type\":\"WebPage\",\"@id\":\"https:\/\/alexnabytok.sk\/kancelarskynabytok\/kategoria\/zariadenie-bufetov-kantiny\/\",\"url\":\"https:\/\/alexnabytok.sk\/kancelarskynabytok\/kategoria\/zariadenie-bufetov-kantiny\/\",\"name\":\"Zariadenie bufetov, kant\u00edny - KANCEL\u00c1RSKY N\u00c1BYTOK\",\"isPartOf\":{\"@id\":\"https:\/\/alexnabytok.sk\/kancelarskynabytok\/#website\"},\"primaryImageOfPage\":{\"@id\":\"https:\/\/alexnabytok.sk\/kancelarskynabytok\/kategoria\/zariadenie-bufetov-kantiny\/#primaryimage\"},\"image\":{\"@id\":\"https:\/\/alexnabytok.sk\/kancelarskynabytok\/kategoria\/zariadenie-bufetov-kantiny\/#primaryimage\"},\"thumbnailUrl\":\"https:\/\/alexnabytok.sk\/kancelarskynabytok\/wp-content\/uploads\/2023\/01\/katkep_szek-femlabas-3.png\",\"datePublished\":\"2023-01-31T08:45:54+00:00\",\"dateModified\":\"2023-01-31T09:01:47+00:00\",\"breadcrumb\":{\"@id\":\"https:\/\/alexnabytok.sk\/kancelarskynabytok\/kategoria\/zariadenie-bufetov-kantiny\/#breadcrumb\"},\"inLanguage\":\"en-US\",\"potentialAction\":[{\"@type\":\"ReadAction\",\"target\":[\"https:\/\/alexnabytok.sk\/kancelarskynabytok\/kategoria\/zariadenie-bufetov-kantiny\/\"]}]},{\"@type\":\"ImageObject\",\"inLanguage\":\"en-US\",\"@id\":\"https:\/\/alexnabytok.sk\/kancelarskynabytok\/kategoria\/zariadenie-bufetov-kantiny\/#primaryimage\",\"url\":\"https:\/\/alexnabytok.sk\/kancelarskynabytok\/wp-content\/uploads\/2023\/01\/katkep_szek-femlabas-3.png\",\"contentUrl\":\"https:\/\/alexnabytok.sk\/kancelarskynabytok\/wp-content\/uploads\/2023\/01\/katkep_szek-femlabas-3.png\",\"width\":800,\"height\":560},{\"@type\":\"BreadcrumbList\",\"@id\":\"https:\/\/alexnabytok.sk\/kancelarskynabytok\/kategoria\/zariadenie-bufetov-kantiny\/#breadcrumb\",\"itemListElement\":[{\"@type\":\"ListItem\",\"position\":1,\"name\":\"Home\",\"item\":\"https:\/\/alexnabytok.sk\/kancelarskynabytok\/\"},{\"@type\":\"ListItem\",\"position\":2,\"name\":\"Produkty\",\"item\":\"https:\/\/alexnabytok.sk\/kancelarskynabytok\/kategoria\/\"},{\"@type\":\"ListItem\",\"position\":3,\"name\":\"Zariadenie bufetov, kant\u00edny\"}]},{\"@type\":\"WebSite\",\"@id\":\"https:\/\/alexnabytok.sk\/kancelarskynabytok\/#website\",\"url\":\"https:\/\/alexnabytok.sk\/kancelarskynabytok\/\",\"name\":\"KANCEL\u00c1RSKY N\u00c1BYTOK\",\"description\":\"Alex kovov\u00fd a \u0161kolsk\u00fd n\u00e1bytok s.r.o.\",\"potentialAction\":[{\"@type\":\"SearchAction\",\"target\":{\"@type\":\"EntryPoint\",\"urlTemplate\":\"https:\/\/alexnabytok.sk\/kancelarskynabytok\/?s={search_term_string}\"},\"query-input\":{\"@type\":\"PropertyValueSpecification\",\"valueRequired\":true,\"valueName\":\"search_term_string\"}}],\"inLanguage\":\"en-US\"}]}<\/script>\n<!-- \/ Yoast SEO plugin. -->","yoast_head_json":{"title":"Zariadenie bufetov, kant\u00edny - KANCEL\u00c1RSKY N\u00c1BYTOK","robots":{"index":"index","follow":"follow","max-snippet":"max-snippet:-1","max-image-preview":"max-image-preview:large","max-video-preview":"max-video-preview:-1"},"canonical":"https:\/\/alexnabytok.sk\/kancelarskynabytok\/kategoria\/zariadenie-bufetov-kantiny\/","og_locale":"sk_SK","og_type":"article","og_title":"Zariadenie bufetov, kant\u00edny - KANCEL\u00c1RSKY N\u00c1BYTOK","og_description":"Stoli\u010dky Stoly Barov\u00e9 stoli\u010dky Barov\u00e9 stoly","og_url":"https:\/\/alexnabytok.sk\/kancelarskynabytok\/kategoria\/zariadenie-bufetov-kantiny\/","og_site_name":"KANCEL\u00c1RSKY N\u00c1BYTOK","article_modified_time":"2023-01-31T09:01:47+00:00","og_image":[{"url":"https:\/\/alexnabytok.sk\/kancelarskynabytok\/wp-content\/uploads\/2023\/01\/katkep_szek-femlabas-3.png","type":"","width":"","height":""}],"twitter_card":"summary_large_image","schema":{"@context":"https:\/\/schema.org","@graph":[{"@type":"WebPage","@id":"https:\/\/alexnabytok.sk\/kancelarskynabytok\/kategoria\/zariadenie-bufetov-kantiny\/","url":"https:\/\/alexnabytok.sk\/kancelarskynabytok\/kategoria\/zariadenie-bufetov-kantiny\/","name":"Zariadenie bufetov, kant\u00edny - KANCEL\u00c1RSKY N\u00c1BYTOK","isPartOf":{"@id":"https:\/\/alexnabytok.sk\/kancelarskynabytok\/#website"},"primaryImageOfPage":{"@id":"https:\/\/alexnabytok.sk\/kancelarskynabytok\/kategoria\/zariadenie-bufetov-kantiny\/#primaryimage"},"image":{"@id":"https:\/\/alexnabytok.sk\/kancelarskynabytok\/kategoria\/zariadenie-bufetov-kantiny\/#primaryimage"},"thumbnailUrl":"https:\/\/alexnabytok.sk\/kancelarskynabytok\/wp-content\/uploads\/2023\/01\/katkep_szek-femlabas-3.png","datePublished":"2023-01-31T08:45:54+00:00","dateModified":"2023-01-31T09:01:47+00:00","breadcrumb":{"@id":"https:\/\/alexnabytok.sk\/kancelarskynabytok\/kategoria\/zariadenie-bufetov-kantiny\/#breadcrumb"},"inLanguage":"en-US","potentialAction":[{"@type":"ReadAction","target":["https:\/\/alexnabytok.sk\/kancelarskynabytok\/kategoria\/zariadenie-bufetov-kantiny\/"]}]},{"@type":"ImageObject","inLanguage":"en-US","@id":"https:\/\/alexnabytok.sk\/kancelarskynabytok\/kategoria\/zariadenie-bufetov-kantiny\/#primaryimage","url":"https:\/\/alexnabytok.sk\/kancelarskynabytok\/wp-content\/uploads\/2023\/01\/katkep_szek-femlabas-3.png","contentUrl":"https:\/\/alexnabytok.sk\/kancelarskynabytok\/wp-content\/uploads\/2023\/01\/katkep_szek-femlabas-3.png","width":800,"height":560},{"@type":"BreadcrumbList","@id":"https:\/\/alexnabytok.sk\/kancelarskynabytok\/kategoria\/zariadenie-bufetov-kantiny\/#breadcrumb","itemListElement":[{"@type":"ListItem","position":1,"name":"Home","item":"https:\/\/alexnabytok.sk\/kancelarskynabytok\/"},{"@type":"ListItem","position":2,"name":"Produkty","item":"https:\/\/alexnabytok.sk\/kancelarskynabytok\/kategoria\/"},{"@type":"ListItem","position":3,"name":"Zariadenie bufetov, kant\u00edny"}]},{"@type":"WebSite","@id":"https:\/\/alexnabytok.sk\/kancelarskynabytok\/#website","url":"https:\/\/alexnabytok.sk\/kancelarskynabytok\/","name":"KANCEL\u00c1RSKY N\u00c1BYTOK","description":"Alex kovov\u00fd a \u0161kolsk\u00fd n\u00e1bytok s.r.o.","potentialAction":[{"@type":"SearchAction","target":{"@type":"EntryPoint","urlTemplate":"https:\/\/alexnabytok.sk\/kancelarskynabytok\/?s={search_term_string}"},"query-input":{"@type":"PropertyValueSpecification","valueRequired":true,"valueName":"search_term_string"}}],"inLanguage":"en-US"}]}},"_links":{"self":[{"href":"https:\/\/alexnabytok.sk\/kancelarskynabytok\/wp-json\/wp\/v2\/pages\/64439","targetHints":{"allow":["GET"]}}],"collection":[{"href":"https:\/\/alexnabytok.sk\/kancelarskynabytok\/wp-json\/wp\/v2\/pages"}],"about":[{"href":"https:\/\/alexnabytok.sk\/kancelarskynabytok\/wp-json\/wp\/v2\/types\/page"}],"author":[{"embeddable":true,"href":"https:\/\/alexnabytok.sk\/kancelarskynabytok\/wp-json\/wp\/v2\/users\/2"}],"replies":[{"embeddable":true,"href":"https:\/\/alexnabytok.sk\/kancelarskynabytok\/wp-json\/wp\/v2\/comments?post=64439"}],"version-history":[{"count":5,"href":"https:\/\/alexnabytok.sk\/kancelarskynabytok\/wp-json\/wp\/v2\/pages\/64439\/revisions"}],"predecessor-version":[{"id":64477,"href":"https:\/\/alexnabytok.sk\/kancelarskynabytok\/wp-json\/wp\/v2\/pages\/64439\/revisions\/64477"}],"up":[{"embeddable":true,"href":"https:\/\/alexnabytok.sk\/kancelarskynabytok\/wp-json\/wp\/v2\/pages\/20"}],"wp:attachment":[{"href":"https:\/\/alexnabytok.sk\/kancelarskynabytok\/wp-json\/wp\/v2\/media?parent=64439"}],"curies":[{"name":"wp","href":"https:\/\/api.w.org\/{rel}","templated":true}]}}