{"id":64445,"date":"2023-01-31T08:46:58","date_gmt":"2023-01-31T08:46:58","guid":{"rendered":"http:\/\/www.alexnabytok.sk\/kancelarskynabytok\/?page_id=64445"},"modified":"2023-01-31T08:46:58","modified_gmt":"2023-01-31T08:46:58","slug":"stoly","status":"publish","type":"page","link":"https:\/\/alexnabytok.sk\/kancelarskynabytok\/kategoria\/zariadenie-bufetov-kantiny\/stoly\/","title":{"rendered":"Stoly"},"content":{"rendered":"","protected":false},"excerpt":{"rendered":"","protected":false},"author":2,"featured_media":64440,"parent":64439,"menu_order":0,"comment_status":"closed","ping_status":"closed","template":"page-Portfolio4Cols-filterable.php","meta":{"footnotes":""},"class_list":["post-64445","page","type-page","status-publish","has-post-thumbnail","hentry"],"yoast_head":"<!-- This site is optimized with the Yoast SEO plugin v24.7 - https:\/\/yoast.com\/wordpress\/plugins\/seo\/ -->\n<title>Stoly - KANCEL\u00c1RSKY N\u00c1BYTOK<\/title>\n<meta name=\"robots\" content=\"index, follow, max-snippet:-1, max-image-preview:large, max-video-preview:-1\" \/>\n<link rel=\"canonical\" href=\"https:\/\/alexnabytok.sk\/kancelarskynabytok\/kategoria\/zariadenie-bufetov-kantiny\/stoly\/\" \/>\n<meta property=\"og:locale\" content=\"sk_SK\" \/>\n<meta property=\"og:type\" content=\"article\" \/>\n<meta property=\"og:title\" content=\"Stoly - KANCEL\u00c1RSKY N\u00c1BYTOK\" \/>\n<meta property=\"og:url\" content=\"https:\/\/alexnabytok.sk\/kancelarskynabytok\/kategoria\/zariadenie-bufetov-kantiny\/stoly\/\" \/>\n<meta property=\"og:site_name\" content=\"KANCEL\u00c1RSKY N\u00c1BYTOK\" \/>\n<meta property=\"og:image\" content=\"https:\/\/alexnabytok.sk\/kancelarskynabytok\/wp-content\/uploads\/2023\/01\/katkep_asztal-3.png\" \/>\n\t<meta property=\"og:image:width\" content=\"800\" \/>\n\t<meta property=\"og:image:height\" content=\"560\" \/>\n\t<meta property=\"og:image:type\" content=\"image\/png\" \/>\n<meta name=\"twitter:card\" content=\"summary_large_image\" \/>\n<script type=\"application\/ld+json\" class=\"yoast-schema-graph\">{\"@context\":\"https:\/\/schema.org\",\"@graph\":[{\"@type\":\"WebPage\",\"@id\":\"https:\/\/alexnabytok.sk\/kancelarskynabytok\/kategoria\/zariadenie-bufetov-kantiny\/stoly\/\",\"url\":\"https:\/\/alexnabytok.sk\/kancelarskynabytok\/kategoria\/zariadenie-bufetov-kantiny\/stoly\/\",\"name\":\"Stoly - KANCEL\u00c1RSKY N\u00c1BYTOK\",\"isPartOf\":{\"@id\":\"https:\/\/alexnabytok.sk\/kancelarskynabytok\/#website\"},\"primaryImageOfPage\":{\"@id\":\"https:\/\/alexnabytok.sk\/kancelarskynabytok\/kategoria\/zariadenie-bufetov-kantiny\/stoly\/#primaryimage\"},\"image\":{\"@id\":\"https:\/\/alexnabytok.sk\/kancelarskynabytok\/kategoria\/zariadenie-bufetov-kantiny\/stoly\/#primaryimage\"},\"thumbnailUrl\":\"https:\/\/alexnabytok.sk\/kancelarskynabytok\/wp-content\/uploads\/2023\/01\/katkep_asztal-3.png\",\"datePublished\":\"2023-01-31T08:46:58+00:00\",\"breadcrumb\":{\"@id\":\"https:\/\/alexnabytok.sk\/kancelarskynabytok\/kategoria\/zariadenie-bufetov-kantiny\/stoly\/#breadcrumb\"},\"inLanguage\":\"en-US\",\"potentialAction\":[{\"@type\":\"ReadAction\",\"target\":[\"https:\/\/alexnabytok.sk\/kancelarskynabytok\/kategoria\/zariadenie-bufetov-kantiny\/stoly\/\"]}]},{\"@type\":\"ImageObject\",\"inLanguage\":\"en-US\",\"@id\":\"https:\/\/alexnabytok.sk\/kancelarskynabytok\/kategoria\/zariadenie-bufetov-kantiny\/stoly\/#primaryimage\",\"url\":\"https:\/\/alexnabytok.sk\/kancelarskynabytok\/wp-content\/uploads\/2023\/01\/katkep_asztal-3.png\",\"contentUrl\":\"https:\/\/alexnabytok.sk\/kancelarskynabytok\/wp-content\/uploads\/2023\/01\/katkep_asztal-3.png\",\"width\":800,\"height\":560},{\"@type\":\"BreadcrumbList\",\"@id\":\"https:\/\/alexnabytok.sk\/kancelarskynabytok\/kategoria\/zariadenie-bufetov-kantiny\/stoly\/#breadcrumb\",\"itemListElement\":[{\"@type\":\"ListItem\",\"position\":1,\"name\":\"Home\",\"item\":\"https:\/\/alexnabytok.sk\/kancelarskynabytok\/\"},{\"@type\":\"ListItem\",\"position\":2,\"name\":\"Produkty\",\"item\":\"https:\/\/alexnabytok.sk\/kancelarskynabytok\/kategoria\/\"},{\"@type\":\"ListItem\",\"position\":3,\"name\":\"Zariadenie bufetov, kant\u00edny\",\"item\":\"https:\/\/alexnabytok.sk\/kancelarskynabytok\/kategoria\/zariadenie-bufetov-kantiny\/\"},{\"@type\":\"ListItem\",\"position\":4,\"name\":\"Stoly\"}]},{\"@type\":\"WebSite\",\"@id\":\"https:\/\/alexnabytok.sk\/kancelarskynabytok\/#website\",\"url\":\"https:\/\/alexnabytok.sk\/kancelarskynabytok\/\",\"name\":\"KANCEL\u00c1RSKY N\u00c1BYTOK\",\"description\":\"Alex kovov\u00fd a \u0161kolsk\u00fd n\u00e1bytok s.r.o.\",\"potentialAction\":[{\"@type\":\"SearchAction\",\"target\":{\"@type\":\"EntryPoint\",\"urlTemplate\":\"https:\/\/alexnabytok.sk\/kancelarskynabytok\/?s={search_term_string}\"},\"query-input\":{\"@type\":\"PropertyValueSpecification\",\"valueRequired\":true,\"valueName\":\"search_term_string\"}}],\"inLanguage\":\"en-US\"}]}<\/script>\n<!-- \/ Yoast SEO plugin. -->","yoast_head_json":{"title":"Stoly - KANCEL\u00c1RSKY N\u00c1BYTOK","robots":{"index":"index","follow":"follow","max-snippet":"max-snippet:-1","max-image-preview":"max-image-preview:large","max-video-preview":"max-video-preview:-1"},"canonical":"https:\/\/alexnabytok.sk\/kancelarskynabytok\/kategoria\/zariadenie-bufetov-kantiny\/stoly\/","og_locale":"sk_SK","og_type":"article","og_title":"Stoly - KANCEL\u00c1RSKY N\u00c1BYTOK","og_url":"https:\/\/alexnabytok.sk\/kancelarskynabytok\/kategoria\/zariadenie-bufetov-kantiny\/stoly\/","og_site_name":"KANCEL\u00c1RSKY N\u00c1BYTOK","og_image":[{"width":800,"height":560,"url":"https:\/\/alexnabytok.sk\/kancelarskynabytok\/wp-content\/uploads\/2023\/01\/katkep_asztal-3.png","type":"image\/png"}],"twitter_card":"summary_large_image","schema":{"@context":"https:\/\/schema.org","@graph":[{"@type":"WebPage","@id":"https:\/\/alexnabytok.sk\/kancelarskynabytok\/kategoria\/zariadenie-bufetov-kantiny\/stoly\/","url":"https:\/\/alexnabytok.sk\/kancelarskynabytok\/kategoria\/zariadenie-bufetov-kantiny\/stoly\/","name":"Stoly - KANCEL\u00c1RSKY N\u00c1BYTOK","isPartOf":{"@id":"https:\/\/alexnabytok.sk\/kancelarskynabytok\/#website"},"primaryImageOfPage":{"@id":"https:\/\/alexnabytok.sk\/kancelarskynabytok\/kategoria\/zariadenie-bufetov-kantiny\/stoly\/#primaryimage"},"image":{"@id":"https:\/\/alexnabytok.sk\/kancelarskynabytok\/kategoria\/zariadenie-bufetov-kantiny\/stoly\/#primaryimage"},"thumbnailUrl":"https:\/\/alexnabytok.sk\/kancelarskynabytok\/wp-content\/uploads\/2023\/01\/katkep_asztal-3.png","datePublished":"2023-01-31T08:46:58+00:00","breadcrumb":{"@id":"https:\/\/alexnabytok.sk\/kancelarskynabytok\/kategoria\/zariadenie-bufetov-kantiny\/stoly\/#breadcrumb"},"inLanguage":"en-US","potentialAction":[{"@type":"ReadAction","target":["https:\/\/alexnabytok.sk\/kancelarskynabytok\/kategoria\/zariadenie-bufetov-kantiny\/stoly\/"]}]},{"@type":"ImageObject","inLanguage":"en-US","@id":"https:\/\/alexnabytok.sk\/kancelarskynabytok\/kategoria\/zariadenie-bufetov-kantiny\/stoly\/#primaryimage","url":"https:\/\/alexnabytok.sk\/kancelarskynabytok\/wp-content\/uploads\/2023\/01\/katkep_asztal-3.png","contentUrl":"https:\/\/alexnabytok.sk\/kancelarskynabytok\/wp-content\/uploads\/2023\/01\/katkep_asztal-3.png","width":800,"height":560},{"@type":"BreadcrumbList","@id":"https:\/\/alexnabytok.sk\/kancelarskynabytok\/kategoria\/zariadenie-bufetov-kantiny\/stoly\/#breadcrumb","itemListElement":[{"@type":"ListItem","position":1,"name":"Home","item":"https:\/\/alexnabytok.sk\/kancelarskynabytok\/"},{"@type":"ListItem","position":2,"name":"Produkty","item":"https:\/\/alexnabytok.sk\/kancelarskynabytok\/kategoria\/"},{"@type":"ListItem","position":3,"name":"Zariadenie bufetov, kant\u00edny","item":"https:\/\/alexnabytok.sk\/kancelarskynabytok\/kategoria\/zariadenie-bufetov-kantiny\/"},{"@type":"ListItem","position":4,"name":"Stoly"}]},{"@type":"WebSite","@id":"https:\/\/alexnabytok.sk\/kancelarskynabytok\/#website","url":"https:\/\/alexnabytok.sk\/kancelarskynabytok\/","name":"KANCEL\u00c1RSKY N\u00c1BYTOK","description":"Alex kovov\u00fd a \u0161kolsk\u00fd n\u00e1bytok s.r.o.","potentialAction":[{"@type":"SearchAction","target":{"@type":"EntryPoint","urlTemplate":"https:\/\/alexnabytok.sk\/kancelarskynabytok\/?s={search_term_string}"},"query-input":{"@type":"PropertyValueSpecification","valueRequired":true,"valueName":"search_term_string"}}],"inLanguage":"en-US"}]}},"_links":{"self":[{"href":"https:\/\/alexnabytok.sk\/kancelarskynabytok\/wp-json\/wp\/v2\/pages\/64445","targetHints":{"allow":["GET"]}}],"collection":[{"href":"https:\/\/alexnabytok.sk\/kancelarskynabytok\/wp-json\/wp\/v2\/pages"}],"about":[{"href":"https:\/\/alexnabytok.sk\/kancelarskynabytok\/wp-json\/wp\/v2\/types\/page"}],"author":[{"embeddable":true,"href":"https:\/\/alexnabytok.sk\/kancelarskynabytok\/wp-json\/wp\/v2\/users\/2"}],"replies":[{"embeddable":true,"href":"https:\/\/alexnabytok.sk\/kancelarskynabytok\/wp-json\/wp\/v2\/comments?post=64445"}],"version-history":[{"count":1,"href":"https:\/\/alexnabytok.sk\/kancelarskynabytok\/wp-json\/wp\/v2\/pages\/64445\/revisions"}],"predecessor-version":[{"id":64446,"href":"https:\/\/alexnabytok.sk\/kancelarskynabytok\/wp-json\/wp\/v2\/pages\/64445\/revisions\/64446"}],"up":[{"embeddable":true,"href":"https:\/\/alexnabytok.sk\/kancelarskynabytok\/wp-json\/wp\/v2\/pages\/64439"}],"wp:featuredmedia":[{"embeddable":true,"href":"https:\/\/alexnabytok.sk\/kancelarskynabytok\/wp-json\/wp\/v2\/media\/64440"}],"wp:attachment":[{"href":"https:\/\/alexnabytok.sk\/kancelarskynabytok\/wp-json\/wp\/v2\/media?parent=64445"}],"curies":[{"name":"wp","href":"https:\/\/api.w.org\/{rel}","templated":true}]}}