{"id":71706,"date":"2023-11-15T10:03:40","date_gmt":"2023-11-15T10:03:40","guid":{"rendered":"http:\/\/www.alexnabytok.sk\/kancelarskynabytok\/?page_id=71706"},"modified":"2023-11-15T10:05:21","modified_gmt":"2023-11-15T10:05:21","slug":"agilna-kancelaria","status":"publish","type":"page","link":"https:\/\/alexnabytok.sk\/kancelarskynabytok\/agilna-kancelaria\/","title":{"rendered":"Agiln\u00e1 kancel\u00e1ria"},"content":{"rendered":"<p>Je \u010das na zmenu! Tradi\u010dn\u00e9 kancel\u00e1rske priestory u\u017e neposkytuj\u00fa vhodn\u00e9 prostredie pre t\u00fdch, ktor\u00ed sa vracaj\u00fa z Home office. Namiesto be\u017en\u00e9ho, form\u00e1lneho usporiadania bolo potrebn\u00e9 vytvori\u0165 \u00fatuln\u00e9, flexibiln\u00e9 a funk\u010dn\u00e9 priestory.<br \/>\n<img loading=\"lazy\" decoding=\"async\" class=\"aligncenter size-full wp-image-67735\" src=\"https:\/\/alexbutor.hu\/irodabutor\/wp-content\/uploads\/2022\/07\/15.jpg\" alt=\"\" width=\"1920\" height=\"1080\" \/><\/p>\n<p>Zmenu potrebuj\u00fa aj t\u00ed, ktor\u00ed sa vracaj\u00fa z pr\u00e1ce z domu a t\u00ed, ktor\u00ed pracuj\u00fa nepretr\u017eite v kancel\u00e1rskom prostred\u00ed. Ekonomika zalo\u017een\u00e1 na vedomostiach si vy\u017eaduje pr\u00e1cu zalo\u017een\u00fa na \u010dinnostiach. Na podporu tohto je potrebn\u00e9 zmeni\u0165 kancel\u00e1rske prostredie. Je potrebn\u00e9 vytv\u00e1ra\u0165 flexibiln\u00e9 a funk\u010dn\u00e9 priestory, ktor\u00e9 s\u00fa z\u00e1rove\u0148 dom\u00e1cke a poskytuj\u00fa primeran\u00fa vo\u013enos\u0165, no z\u00e1rove\u0148 zachov\u00e1vaj\u00fa poriadok. Mus\u00ed by\u0165 zabezpe\u010den\u00e1 s\u00fastreden\u00e1 samostatn\u00e1 pr\u00e1ca a mo\u017enos\u0165 odkladania osobn\u00fdch vec\u00ed, no z\u00e1rove\u0148 aj na\u010falej zohr\u00e1va d\u00f4le\u017eit\u00fa \u00falohu skupinov\u00e1 pr\u00e1ca a diskusia.<\/p>\n<p>Pr\u00e1ca zalo\u017een\u00e1 na \u010dinnosti, ktor\u00e1 pon\u00faka r\u00f4zne rie\u0161enia r\u00f4znych \u00faloh, je ve\u013emi efekt\u00edvna, preto\u017ee zvy\u0161uje kreativitu a v\u00fdkonnos\u0165 \u013eud\u00ed v pr\u00e1ci. Namiesto stolov si zamestnanci m\u00f4\u017eu vybra\u0165 zo \u0161irokej \u0161k\u00e1ly pracovn\u00fdch prostred\u00ed pod\u013ea svojich potrieb. V d\u00f4sledku toho sa zvy\u0161uje ich \u00fa\u010dinnos\u0165 a zlep\u0161enie je vidie\u0165 na du\u0161evnom aj fyzickom zdrav\u00ed.<\/p>\n<p>Nov\u00e9 n\u00e1pady sa generuj\u00fa r\u00fdchlej\u0161ie, ke\u010f m\u00f4\u017eeme v\u0161etci po\u010das projektovej pr\u00e1ce sedie\u0165 za jedn\u00fdm stolom bez pevn\u00fdch miest. Jednoduch\u0161ie sa n\u00e1m nadvia\u017ee kontakt, ak sa m\u00f4\u017eeme vo\u013ene pohybova\u0165 v kancel\u00e1rii a usadi\u0165 sa, kde chceme. Ak si chcete rozpr\u00e1va\u0165, nemus\u00edte sa s kolegami s\u0165ahova\u0165 do kuchyne, priestor sa d\u00e1 vyu\u017ei\u0165 aj na osobn\u00e9 stretnutia.<\/p>\n<p>Flexibiln\u00e9 kancel\u00e1rske priestory potrebn\u00e9 pre agiln\u00fa pr\u00e1cu alebo pr\u00e1cu zalo\u017een\u00fa na \u010dinnostiach poskytuj\u00fa slobodu v\u00fdberu. To si vy\u017eaduje multifunk\u010dn\u00e9 vybavenie, kde s\u00fa pracovisk\u00e1 flexibiln\u00e9 a n\u00e1bytok m\u00f4\u017ee hra\u0165 viacero \u00faloh. Pracovn\u00e9 miesto, oddychov\u00e1 a skupinov\u00e1 pracovn\u00e1 plocha sa prel\u00ednaj\u00fa.<\/p>\n<p><strong>Samostatn\u00e1 pr\u00e1ca, ergonomick\u00fd dizajn<\/strong><br \/>\n<img loading=\"lazy\" decoding=\"async\" class=\"aligncenter size-full wp-image-67736\" src=\"https:\/\/alexbutor.hu\/irodabutor\/wp-content\/uploads\/2022\/07\/01.jpg\" alt=\"\" width=\"2200\" height=\"1367\" \/><br \/>\n<a href=\"https:\/\/alexnabytok.sk\/kancelarskynabytok\/kategoria\/nabytkove-zostavy\/elex-elektricke-stoly\/\" title=\"\u010ealej\" class=\"btn btn-primary btn-normal btn-inline \" target=\"_self\">\u010ealej<\/a><!-- .btn -->\n<p><strong>Spolo\u010densk\u00e9 priestory<\/strong><br \/>\n<img loading=\"lazy\" decoding=\"async\" class=\"aligncenter size-full wp-image-67738\" src=\"https:\/\/alexbutor.hu\/irodabutor\/wp-content\/uploads\/2022\/07\/22.jpg\" alt=\"\" width=\"1384\" height=\"860\" \/><br \/>\n<a href=\"https:\/\/alexnabytok.sk\/kancelarskynabytok\/kategoria\/nabytok-do-spolocnych-priestorov\/\" title=\"\u010ealej\" class=\"btn btn-primary btn-normal btn-inline \" target=\"_self\">\u010ealej<\/a><!-- .btn -->\n<p><strong>Priestor pre spolupr\u00e1cu<\/strong><br \/>\n<img loading=\"lazy\" decoding=\"async\" class=\"aligncenter size-full wp-image-67737\" src=\"https:\/\/alexbutor.hu\/irodabutor\/wp-content\/uploads\/2022\/07\/05.png\" alt=\"\" width=\"1800\" height=\"552\" \/><br \/>\n<a href=\"https:\/\/alexnabytok.sk\/kancelarskynabytok\/kategoria\/nabytok-do-spolocnych-priestorov\/stoly\/duran\/\" title=\"\u010ealej\" class=\"btn btn-primary btn-normal btn-inline \" target=\"_self\">\u010ealej<\/a><!-- .btn -->\n","protected":false},"excerpt":{"rendered":"<p>Je \u010das na zmenu! Tradi\u010dn\u00e9 kancel\u00e1rske priestory u\u017e neposkytuj\u00fa vhodn\u00e9 prostredie pre t\u00fdch, ktor\u00ed sa vracaj\u00fa z Home office. Namiesto be\u017en\u00e9ho, form\u00e1lneho usporiadania bolo potrebn\u00e9 vytvori\u0165 \u00fatuln\u00e9, flexibiln\u00e9 a funk\u010dn\u00e9 priestory. Zmenu potrebuj\u00fa aj t\u00ed, ktor\u00ed sa vracaj\u00fa z pr\u00e1ce z domu a t\u00ed, ktor\u00ed pracuj\u00fa nepretr\u017eite v kancel\u00e1rskom prostred\u00ed. Ekonomika zalo\u017een\u00e1 na vedomostiach si vy\u017eaduje pr\u00e1cu zalo\u017een\u00fa na \u010dinnostiach.&nbsp;<a href=\"https:\/\/alexnabytok.sk\/kancelarskynabytok\/agilna-kancelaria\/\" class=\"read-more\">...<\/a><\/p>\n","protected":false},"author":2,"featured_media":0,"parent":0,"menu_order":0,"comment_status":"closed","ping_status":"closed","template":"page-fullwidth.php","meta":{"footnotes":""},"class_list":["post-71706","page","type-page","status-publish","hentry"],"yoast_head":"<!-- This site is optimized with the Yoast SEO plugin v24.7 - https:\/\/yoast.com\/wordpress\/plugins\/seo\/ -->\n<title>Agiln\u00e1 kancel\u00e1ria - KANCEL\u00c1RSKY N\u00c1BYTOK<\/title>\n<meta name=\"robots\" content=\"index, follow, max-snippet:-1, max-image-preview:large, max-video-preview:-1\" \/>\n<link rel=\"canonical\" href=\"https:\/\/alexnabytok.sk\/kancelarskynabytok\/agilna-kancelaria\/\" \/>\n<meta property=\"og:locale\" content=\"sk_SK\" \/>\n<meta property=\"og:type\" content=\"article\" \/>\n<meta property=\"og:title\" content=\"Agiln\u00e1 kancel\u00e1ria - KANCEL\u00c1RSKY N\u00c1BYTOK\" \/>\n<meta property=\"og:description\" content=\"Je \u010das na zmenu! Tradi\u010dn\u00e9 kancel\u00e1rske priestory u\u017e neposkytuj\u00fa vhodn\u00e9 prostredie pre t\u00fdch, ktor\u00ed sa vracaj\u00fa z Home office. Namiesto be\u017en\u00e9ho, form\u00e1lneho usporiadania bolo potrebn\u00e9 vytvori\u0165 \u00fatuln\u00e9, flexibiln\u00e9 a funk\u010dn\u00e9 priestory. Zmenu potrebuj\u00fa aj t\u00ed, ktor\u00ed sa vracaj\u00fa z pr\u00e1ce z domu a t\u00ed, ktor\u00ed pracuj\u00fa nepretr\u017eite v kancel\u00e1rskom prostred\u00ed. Ekonomika zalo\u017een\u00e1 na vedomostiach si vy\u017eaduje pr\u00e1cu zalo\u017een\u00fa na \u010dinnostiach.&nbsp;...\" \/>\n<meta property=\"og:url\" content=\"https:\/\/alexnabytok.sk\/kancelarskynabytok\/agilna-kancelaria\/\" \/>\n<meta property=\"og:site_name\" content=\"KANCEL\u00c1RSKY N\u00c1BYTOK\" \/>\n<meta property=\"article:modified_time\" content=\"2023-11-15T10:05:21+00:00\" \/>\n<meta property=\"og:image\" content=\"https:\/\/alexbutor.hu\/irodabutor\/wp-content\/uploads\/2022\/07\/15.jpg\" \/>\n<meta name=\"twitter:card\" content=\"summary_large_image\" \/>\n<meta name=\"twitter:label1\" content=\"Est. reading time\" \/>\n\t<meta name=\"twitter:data1\" content=\"2 minutes\" \/>\n<script type=\"application\/ld+json\" class=\"yoast-schema-graph\">{\"@context\":\"https:\/\/schema.org\",\"@graph\":[{\"@type\":\"WebPage\",\"@id\":\"https:\/\/alexnabytok.sk\/kancelarskynabytok\/agilna-kancelaria\/\",\"url\":\"https:\/\/alexnabytok.sk\/kancelarskynabytok\/agilna-kancelaria\/\",\"name\":\"Agiln\u00e1 kancel\u00e1ria - KANCEL\u00c1RSKY N\u00c1BYTOK\",\"isPartOf\":{\"@id\":\"https:\/\/alexnabytok.sk\/kancelarskynabytok\/#website\"},\"primaryImageOfPage\":{\"@id\":\"https:\/\/alexnabytok.sk\/kancelarskynabytok\/agilna-kancelaria\/#primaryimage\"},\"image\":{\"@id\":\"https:\/\/alexnabytok.sk\/kancelarskynabytok\/agilna-kancelaria\/#primaryimage\"},\"thumbnailUrl\":\"https:\/\/alexbutor.hu\/irodabutor\/wp-content\/uploads\/2022\/07\/15.jpg\",\"datePublished\":\"2023-11-15T10:03:40+00:00\",\"dateModified\":\"2023-11-15T10:05:21+00:00\",\"breadcrumb\":{\"@id\":\"https:\/\/alexnabytok.sk\/kancelarskynabytok\/agilna-kancelaria\/#breadcrumb\"},\"inLanguage\":\"en-US\",\"potentialAction\":[{\"@type\":\"ReadAction\",\"target\":[\"https:\/\/alexnabytok.sk\/kancelarskynabytok\/agilna-kancelaria\/\"]}]},{\"@type\":\"ImageObject\",\"inLanguage\":\"en-US\",\"@id\":\"https:\/\/alexnabytok.sk\/kancelarskynabytok\/agilna-kancelaria\/#primaryimage\",\"url\":\"https:\/\/alexbutor.hu\/irodabutor\/wp-content\/uploads\/2022\/07\/15.jpg\",\"contentUrl\":\"https:\/\/alexbutor.hu\/irodabutor\/wp-content\/uploads\/2022\/07\/15.jpg\"},{\"@type\":\"BreadcrumbList\",\"@id\":\"https:\/\/alexnabytok.sk\/kancelarskynabytok\/agilna-kancelaria\/#breadcrumb\",\"itemListElement\":[{\"@type\":\"ListItem\",\"position\":1,\"name\":\"Home\",\"item\":\"https:\/\/alexnabytok.sk\/kancelarskynabytok\/\"},{\"@type\":\"ListItem\",\"position\":2,\"name\":\"Agiln\u00e1 kancel\u00e1ria\"}]},{\"@type\":\"WebSite\",\"@id\":\"https:\/\/alexnabytok.sk\/kancelarskynabytok\/#website\",\"url\":\"https:\/\/alexnabytok.sk\/kancelarskynabytok\/\",\"name\":\"KANCEL\u00c1RSKY N\u00c1BYTOK\",\"description\":\"Alex kovov\u00fd a \u0161kolsk\u00fd n\u00e1bytok s.r.o.\",\"potentialAction\":[{\"@type\":\"SearchAction\",\"target\":{\"@type\":\"EntryPoint\",\"urlTemplate\":\"https:\/\/alexnabytok.sk\/kancelarskynabytok\/?s={search_term_string}\"},\"query-input\":{\"@type\":\"PropertyValueSpecification\",\"valueRequired\":true,\"valueName\":\"search_term_string\"}}],\"inLanguage\":\"en-US\"}]}<\/script>\n<!-- \/ Yoast SEO plugin. -->","yoast_head_json":{"title":"Agiln\u00e1 kancel\u00e1ria - KANCEL\u00c1RSKY N\u00c1BYTOK","robots":{"index":"index","follow":"follow","max-snippet":"max-snippet:-1","max-image-preview":"max-image-preview:large","max-video-preview":"max-video-preview:-1"},"canonical":"https:\/\/alexnabytok.sk\/kancelarskynabytok\/agilna-kancelaria\/","og_locale":"sk_SK","og_type":"article","og_title":"Agiln\u00e1 kancel\u00e1ria - KANCEL\u00c1RSKY N\u00c1BYTOK","og_description":"Je \u010das na zmenu! Tradi\u010dn\u00e9 kancel\u00e1rske priestory u\u017e neposkytuj\u00fa vhodn\u00e9 prostredie pre t\u00fdch, ktor\u00ed sa vracaj\u00fa z Home office. Namiesto be\u017en\u00e9ho, form\u00e1lneho usporiadania bolo potrebn\u00e9 vytvori\u0165 \u00fatuln\u00e9, flexibiln\u00e9 a funk\u010dn\u00e9 priestory. Zmenu potrebuj\u00fa aj t\u00ed, ktor\u00ed sa vracaj\u00fa z pr\u00e1ce z domu a t\u00ed, ktor\u00ed pracuj\u00fa nepretr\u017eite v kancel\u00e1rskom prostred\u00ed. Ekonomika zalo\u017een\u00e1 na vedomostiach si vy\u017eaduje pr\u00e1cu zalo\u017een\u00fa na \u010dinnostiach.&nbsp;...","og_url":"https:\/\/alexnabytok.sk\/kancelarskynabytok\/agilna-kancelaria\/","og_site_name":"KANCEL\u00c1RSKY N\u00c1BYTOK","article_modified_time":"2023-11-15T10:05:21+00:00","og_image":[{"url":"https:\/\/alexbutor.hu\/irodabutor\/wp-content\/uploads\/2022\/07\/15.jpg","type":"","width":"","height":""}],"twitter_card":"summary_large_image","twitter_misc":{"Est. reading time":"2 minutes"},"schema":{"@context":"https:\/\/schema.org","@graph":[{"@type":"WebPage","@id":"https:\/\/alexnabytok.sk\/kancelarskynabytok\/agilna-kancelaria\/","url":"https:\/\/alexnabytok.sk\/kancelarskynabytok\/agilna-kancelaria\/","name":"Agiln\u00e1 kancel\u00e1ria - KANCEL\u00c1RSKY N\u00c1BYTOK","isPartOf":{"@id":"https:\/\/alexnabytok.sk\/kancelarskynabytok\/#website"},"primaryImageOfPage":{"@id":"https:\/\/alexnabytok.sk\/kancelarskynabytok\/agilna-kancelaria\/#primaryimage"},"image":{"@id":"https:\/\/alexnabytok.sk\/kancelarskynabytok\/agilna-kancelaria\/#primaryimage"},"thumbnailUrl":"https:\/\/alexbutor.hu\/irodabutor\/wp-content\/uploads\/2022\/07\/15.jpg","datePublished":"2023-11-15T10:03:40+00:00","dateModified":"2023-11-15T10:05:21+00:00","breadcrumb":{"@id":"https:\/\/alexnabytok.sk\/kancelarskynabytok\/agilna-kancelaria\/#breadcrumb"},"inLanguage":"en-US","potentialAction":[{"@type":"ReadAction","target":["https:\/\/alexnabytok.sk\/kancelarskynabytok\/agilna-kancelaria\/"]}]},{"@type":"ImageObject","inLanguage":"en-US","@id":"https:\/\/alexnabytok.sk\/kancelarskynabytok\/agilna-kancelaria\/#primaryimage","url":"https:\/\/alexbutor.hu\/irodabutor\/wp-content\/uploads\/2022\/07\/15.jpg","contentUrl":"https:\/\/alexbutor.hu\/irodabutor\/wp-content\/uploads\/2022\/07\/15.jpg"},{"@type":"BreadcrumbList","@id":"https:\/\/alexnabytok.sk\/kancelarskynabytok\/agilna-kancelaria\/#breadcrumb","itemListElement":[{"@type":"ListItem","position":1,"name":"Home","item":"https:\/\/alexnabytok.sk\/kancelarskynabytok\/"},{"@type":"ListItem","position":2,"name":"Agiln\u00e1 kancel\u00e1ria"}]},{"@type":"WebSite","@id":"https:\/\/alexnabytok.sk\/kancelarskynabytok\/#website","url":"https:\/\/alexnabytok.sk\/kancelarskynabytok\/","name":"KANCEL\u00c1RSKY N\u00c1BYTOK","description":"Alex kovov\u00fd a \u0161kolsk\u00fd n\u00e1bytok s.r.o.","potentialAction":[{"@type":"SearchAction","target":{"@type":"EntryPoint","urlTemplate":"https:\/\/alexnabytok.sk\/kancelarskynabytok\/?s={search_term_string}"},"query-input":{"@type":"PropertyValueSpecification","valueRequired":true,"valueName":"search_term_string"}}],"inLanguage":"en-US"}]}},"_links":{"self":[{"href":"https:\/\/alexnabytok.sk\/kancelarskynabytok\/wp-json\/wp\/v2\/pages\/71706","targetHints":{"allow":["GET"]}}],"collection":[{"href":"https:\/\/alexnabytok.sk\/kancelarskynabytok\/wp-json\/wp\/v2\/pages"}],"about":[{"href":"https:\/\/alexnabytok.sk\/kancelarskynabytok\/wp-json\/wp\/v2\/types\/page"}],"author":[{"embeddable":true,"href":"https:\/\/alexnabytok.sk\/kancelarskynabytok\/wp-json\/wp\/v2\/users\/2"}],"replies":[{"embeddable":true,"href":"https:\/\/alexnabytok.sk\/kancelarskynabytok\/wp-json\/wp\/v2\/comments?post=71706"}],"version-history":[{"count":2,"href":"https:\/\/alexnabytok.sk\/kancelarskynabytok\/wp-json\/wp\/v2\/pages\/71706\/revisions"}],"predecessor-version":[{"id":71711,"href":"https:\/\/alexnabytok.sk\/kancelarskynabytok\/wp-json\/wp\/v2\/pages\/71706\/revisions\/71711"}],"wp:attachment":[{"href":"https:\/\/alexnabytok.sk\/kancelarskynabytok\/wp-json\/wp\/v2\/media?parent=71706"}],"curies":[{"name":"wp","href":"https:\/\/api.w.org\/{rel}","templated":true}]}}