{"id":71712,"date":"2023-11-15T10:07:50","date_gmt":"2023-11-15T10:07:50","guid":{"rendered":"http:\/\/www.alexnabytok.sk\/kancelarskynabytok\/?page_id=71712"},"modified":"2023-11-15T10:07:50","modified_gmt":"2023-11-15T10:07:50","slug":"udrzatelnost","status":"publish","type":"page","link":"https:\/\/alexnabytok.sk\/kancelarskynabytok\/udrzatelnost\/","title":{"rendered":"UDR\u017dATE\u013dNOS\u0164"},"content":{"rendered":"<p>Alex kovov\u00fd a \u0161kolsk\u00fd n\u00e1bytok je odhodlan\u00fdm z\u00e1stancom udr\u017eate\u013enosti. Vieme, \u017ee bud\u00facnos\u0165 spolo\u010dnosti, kolegov a ich rod\u00edn, ktor\u00ed tu pracuj\u00fa, z\u00e1vis\u00ed od toho, aby sme urobili v\u0161etko pre to, aby sme zn\u00ed\u017eili n\u00e1\u0161 vplyv na \u017eivotn\u00e9 prostredie.<\/p>\n<p><img loading=\"lazy\" decoding=\"async\" src=\"https:\/\/alexbutor.hu\/irodabutor\/wp-content\/uploads\/2022\/07\/fa.jpg\" alt=\"\" width=\"2200\" height=\"1174\" class=\"aligncenter size-full wp-image-67748\" \/><\/p>\n<p>Udr\u017eate\u013enos\u0165 je ve\u013emi zlo\u017eit\u00e1, no z\u00e1rove\u0148 mimoriadne jednoduch\u00e1 ot\u00e1zka. V\u00fdroba produktu, v na\u0161om pr\u00edpade kusu n\u00e1bytku, za\u010d\u00edna na dizajnovom stole. V\u00fdber materi\u00e1lov, ich pou\u017eitie, ich zaradenie do v\u00fdroby, minimaliz\u00e1cia a nakladanie s odpadmi, zni\u017eovanie energetickej n\u00e1ro\u010dnosti zariaden\u00ed, to v\u0161etko ovplyv\u0148uje dizajn a v\u00fdrobn\u00e9 procesy. <\/p>\n<p><iframe loading=\"lazy\" width=\"1120\" height=\"630\" src=\"https:\/\/www.youtube.com\/embed\/t8rGB9DX_5A\" title=\"YouTube video player\" frameborder=\"0\" allow=\"accelerometer; autoplay; clipboard-write; encrypted-media; gyroscope; picture-in-picture\" allowfullscreen><\/iframe><\/p>\n<p>Z u\u017e\u00edvate\u013esk\u00e9ho h\u013eadiska je popri estetike hlavn\u00fdm aspektom odolnos\u0165, ktor\u00fa m\u00f4\u017eeme dosiahnu\u0165 kvalitn\u00fdmi materi\u00e1lmi. Vynikaj\u00faca kvalita je jedn\u00fdm z pilierov trvalej udr\u017eate\u013enosti, ke\u010f\u017ee dlhodob\u00e9 pou\u017e\u00edvanie zni\u017euje dopad na \u017eivotn\u00e9 prostredie.<br \/>\nAlex kovov\u00fd a \u0161kolsk\u00fd n\u00e1bytok sa pripojil k jedine\u010dnej komunite spolupr\u00e1ce SEAQUAL INITIATIVE, ktor\u00e1 spolupracuje s programami \u010distenia oce\u00e1nov po celom svete s cie\u013eom premeni\u0165 morsk\u00fd odpad,  na recyklovan\u00fd morsk\u00fd plast. Nov\u00e1, plne vysledovate\u013en\u00e1 surovina schopn\u00e1 upozorni\u0165 na probl\u00e9m zne\u010distenia mor\u00ed. Minim\u00e1lne 10 % priadz\u00ed SEAQUAL\u00ae je vyroben\u00fdch z recyklovan\u00e9ho morsk\u00e9ho plastu, zvy\u0161ok z recyklovan\u00e9ho polyesterov\u00e9ho suchozemsk\u00e9ho plastu (PET f\u013ea\u0161e).<\/p>\n<p>Drevotrieskov\u00e9 dosky s\u00fa rezan\u00e9 na mieru na \u0161tiepa\u010dke dosiek s optimaliza\u010dn\u00fdm softv\u00e9rom tak, aby pri v\u00fdrobe vznikalo \u010do najmen\u0161ie mno\u017estvo odpadu. Prebyto\u010dn\u00fd materi\u00e1l vr\u00e1time v\u00fdrobcovi, ktor\u00fd ho pou\u017eije na v\u00fdrobu 100% nov\u00e9ho materi\u00e1lu.<\/p>\n<p>Aj na\u0161e kovov\u00e9 suroviny vyu\u017e\u00edvame optimalizovan\u00fdm sp\u00f4sobom, sna\u017e\u00edme sa vytv\u00e1ra\u0165 \u010do najmenej odpadu z v\u00fdroby. Materi\u00e1l, ktor\u00fd sa u\u017e ned\u00e1 pou\u017ei\u0165, bude prepravovan\u00fd a recyklovan\u00fd starostlivo vybran\u00fdm partnerom, preto\u017ee kov je mo\u017en\u00e9 recyklova\u0165 bez obmedzenia spolu s drevotrieskou.<\/p>\n<p>Povrchov\u00e1 \u00faprava kovov\u00fdch kon\u0161trukci\u00ed je realizovan\u00e1 elektrostatick\u00fdm pr\u00e1\u0161kov\u00fdm n\u00e1strekom v uzavretom syst\u00e9me, tak\u017ee sa nedost\u00e1va do vzduchu a prach, ktor\u00fd sa pri n\u00e1streku dostane do bl\u00edzkosti materi\u00e1lu, je rekuperovan\u00fd a znovu pou\u017eit\u00fd.<\/p>\n<p>Prich\u00e1dzaj\u00face papierov\u00e9 a plastov\u00e9 obalov\u00e9 materi\u00e1ly sa bu\u010f op\u00e4tovne pou\u017e\u00edvaj\u00fa na balenie, alebo sa lisuj\u00fa a balia do na\u0161ich vlastn\u00fdch zariaden\u00ed vhodn\u00fdch na tento \u00fa\u010del, aby ich odborn\u00e9 firmy mohli recyklova\u0165. Mno\u017estvo pou\u017eit\u00e9ho obalov\u00e9ho materi\u00e1lu je optimalizovan\u00e9 pomocou baliacich strojov, tak\u017ee pou\u017eitie stretch f\u00f3lie sa d\u00e1 sa zn\u00ed\u017ei\u0165 o 20 %.<\/p>\n<p>Vyu\u017eitie obnovite\u013en\u00fdch zdrojov energie bolo d\u00f4le\u017eit\u00fdm aspektom pri pl\u00e1novan\u00ed n\u00e1\u0161ho nov\u00e9ho z\u00e1vodu, preto bolo in\u0161talovan\u00e9 vysokov\u00fdkonn\u00e9 tepeln\u00e9 \u010derpadlo, ktor\u00e9ho \u00fa\u010delom je hospod\u00e1renie s tepelnou energiou. S jeho pomocou mo\u017eno vyu\u017ei\u0165 chladiacu energiu na vykurovanie a vyu\u017ei\u0165 okolit\u00e9 teplo. A na\u0161im sol\u00e1rnym parkom kompenzujeme \u010das\u0165 spotreby elektriny.<\/p>\n<p><img loading=\"lazy\" decoding=\"async\" src=\"https:\/\/alexbutor.hu\/irodabutor\/wp-content\/uploads\/2022\/07\/napelem.jpg\" alt=\"\" width=\"2200\" height=\"1174\" class=\"aligncenter size-full wp-image-67749\" \/><\/p>\n","protected":false},"excerpt":{"rendered":"<p>Alex kovov\u00fd a \u0161kolsk\u00fd n\u00e1bytok je odhodlan\u00fdm z\u00e1stancom udr\u017eate\u013enosti. Vieme, \u017ee bud\u00facnos\u0165 spolo\u010dnosti, kolegov a ich rod\u00edn, ktor\u00ed tu pracuj\u00fa, z\u00e1vis\u00ed od toho, aby sme urobili v\u0161etko pre to, aby sme zn\u00ed\u017eili n\u00e1\u0161 vplyv na \u017eivotn\u00e9 prostredie. Udr\u017eate\u013enos\u0165 je ve\u013emi zlo\u017eit\u00e1, no z\u00e1rove\u0148 mimoriadne jednoduch\u00e1 ot\u00e1zka. V\u00fdroba produktu, v na\u0161om pr\u00edpade kusu n\u00e1bytku, za\u010d\u00edna na dizajnovom stole. V\u00fdber materi\u00e1lov, ich&nbsp;<a href=\"https:\/\/alexnabytok.sk\/kancelarskynabytok\/udrzatelnost\/\" class=\"read-more\">...<\/a><\/p>\n","protected":false},"author":2,"featured_media":0,"parent":0,"menu_order":0,"comment_status":"closed","ping_status":"closed","template":"page-fullwidth.php","meta":{"footnotes":""},"class_list":["post-71712","page","type-page","status-publish","hentry"],"yoast_head":"<!-- This site is optimized with the Yoast SEO plugin v24.7 - https:\/\/yoast.com\/wordpress\/plugins\/seo\/ -->\n<title>UDR\u017dATE\u013dNOS\u0164 - KANCEL\u00c1RSKY N\u00c1BYTOK<\/title>\n<meta name=\"robots\" content=\"index, follow, max-snippet:-1, max-image-preview:large, max-video-preview:-1\" \/>\n<link rel=\"canonical\" href=\"https:\/\/alexnabytok.sk\/kancelarskynabytok\/udrzatelnost\/\" \/>\n<meta property=\"og:locale\" content=\"sk_SK\" \/>\n<meta property=\"og:type\" content=\"article\" \/>\n<meta property=\"og:title\" content=\"UDR\u017dATE\u013dNOS\u0164 - KANCEL\u00c1RSKY N\u00c1BYTOK\" \/>\n<meta property=\"og:description\" content=\"Alex kovov\u00fd a \u0161kolsk\u00fd n\u00e1bytok je odhodlan\u00fdm z\u00e1stancom udr\u017eate\u013enosti. Vieme, \u017ee bud\u00facnos\u0165 spolo\u010dnosti, kolegov a ich rod\u00edn, ktor\u00ed tu pracuj\u00fa, z\u00e1vis\u00ed od toho, aby sme urobili v\u0161etko pre to, aby sme zn\u00ed\u017eili n\u00e1\u0161 vplyv na \u017eivotn\u00e9 prostredie. Udr\u017eate\u013enos\u0165 je ve\u013emi zlo\u017eit\u00e1, no z\u00e1rove\u0148 mimoriadne jednoduch\u00e1 ot\u00e1zka. V\u00fdroba produktu, v na\u0161om pr\u00edpade kusu n\u00e1bytku, za\u010d\u00edna na dizajnovom stole. V\u00fdber materi\u00e1lov, ich&nbsp;...\" \/>\n<meta property=\"og:url\" content=\"https:\/\/alexnabytok.sk\/kancelarskynabytok\/udrzatelnost\/\" \/>\n<meta property=\"og:site_name\" content=\"KANCEL\u00c1RSKY N\u00c1BYTOK\" \/>\n<meta property=\"og:image\" content=\"https:\/\/alexbutor.hu\/irodabutor\/wp-content\/uploads\/2022\/07\/fa.jpg\" \/>\n<meta name=\"twitter:card\" content=\"summary_large_image\" \/>\n<meta name=\"twitter:label1\" content=\"Est. reading time\" \/>\n\t<meta name=\"twitter:data1\" content=\"3 minutes\" \/>\n<script type=\"application\/ld+json\" class=\"yoast-schema-graph\">{\"@context\":\"https:\/\/schema.org\",\"@graph\":[{\"@type\":\"WebPage\",\"@id\":\"https:\/\/alexnabytok.sk\/kancelarskynabytok\/udrzatelnost\/\",\"url\":\"https:\/\/alexnabytok.sk\/kancelarskynabytok\/udrzatelnost\/\",\"name\":\"UDR\u017dATE\u013dNOS\u0164 - KANCEL\u00c1RSKY N\u00c1BYTOK\",\"isPartOf\":{\"@id\":\"https:\/\/alexnabytok.sk\/kancelarskynabytok\/#website\"},\"primaryImageOfPage\":{\"@id\":\"https:\/\/alexnabytok.sk\/kancelarskynabytok\/udrzatelnost\/#primaryimage\"},\"image\":{\"@id\":\"https:\/\/alexnabytok.sk\/kancelarskynabytok\/udrzatelnost\/#primaryimage\"},\"thumbnailUrl\":\"https:\/\/alexbutor.hu\/irodabutor\/wp-content\/uploads\/2022\/07\/fa.jpg\",\"datePublished\":\"2023-11-15T10:07:50+00:00\",\"breadcrumb\":{\"@id\":\"https:\/\/alexnabytok.sk\/kancelarskynabytok\/udrzatelnost\/#breadcrumb\"},\"inLanguage\":\"en-US\",\"potentialAction\":[{\"@type\":\"ReadAction\",\"target\":[\"https:\/\/alexnabytok.sk\/kancelarskynabytok\/udrzatelnost\/\"]}]},{\"@type\":\"ImageObject\",\"inLanguage\":\"en-US\",\"@id\":\"https:\/\/alexnabytok.sk\/kancelarskynabytok\/udrzatelnost\/#primaryimage\",\"url\":\"https:\/\/alexbutor.hu\/irodabutor\/wp-content\/uploads\/2022\/07\/fa.jpg\",\"contentUrl\":\"https:\/\/alexbutor.hu\/irodabutor\/wp-content\/uploads\/2022\/07\/fa.jpg\"},{\"@type\":\"BreadcrumbList\",\"@id\":\"https:\/\/alexnabytok.sk\/kancelarskynabytok\/udrzatelnost\/#breadcrumb\",\"itemListElement\":[{\"@type\":\"ListItem\",\"position\":1,\"name\":\"Home\",\"item\":\"https:\/\/alexnabytok.sk\/kancelarskynabytok\/\"},{\"@type\":\"ListItem\",\"position\":2,\"name\":\"UDR\u017dATE\u013dNOS\u0164\"}]},{\"@type\":\"WebSite\",\"@id\":\"https:\/\/alexnabytok.sk\/kancelarskynabytok\/#website\",\"url\":\"https:\/\/alexnabytok.sk\/kancelarskynabytok\/\",\"name\":\"KANCEL\u00c1RSKY N\u00c1BYTOK\",\"description\":\"Alex kovov\u00fd a \u0161kolsk\u00fd n\u00e1bytok s.r.o.\",\"potentialAction\":[{\"@type\":\"SearchAction\",\"target\":{\"@type\":\"EntryPoint\",\"urlTemplate\":\"https:\/\/alexnabytok.sk\/kancelarskynabytok\/?s={search_term_string}\"},\"query-input\":{\"@type\":\"PropertyValueSpecification\",\"valueRequired\":true,\"valueName\":\"search_term_string\"}}],\"inLanguage\":\"en-US\"}]}<\/script>\n<!-- \/ Yoast SEO plugin. -->","yoast_head_json":{"title":"UDR\u017dATE\u013dNOS\u0164 - KANCEL\u00c1RSKY N\u00c1BYTOK","robots":{"index":"index","follow":"follow","max-snippet":"max-snippet:-1","max-image-preview":"max-image-preview:large","max-video-preview":"max-video-preview:-1"},"canonical":"https:\/\/alexnabytok.sk\/kancelarskynabytok\/udrzatelnost\/","og_locale":"sk_SK","og_type":"article","og_title":"UDR\u017dATE\u013dNOS\u0164 - KANCEL\u00c1RSKY N\u00c1BYTOK","og_description":"Alex kovov\u00fd a \u0161kolsk\u00fd n\u00e1bytok je odhodlan\u00fdm z\u00e1stancom udr\u017eate\u013enosti. Vieme, \u017ee bud\u00facnos\u0165 spolo\u010dnosti, kolegov a ich rod\u00edn, ktor\u00ed tu pracuj\u00fa, z\u00e1vis\u00ed od toho, aby sme urobili v\u0161etko pre to, aby sme zn\u00ed\u017eili n\u00e1\u0161 vplyv na \u017eivotn\u00e9 prostredie. Udr\u017eate\u013enos\u0165 je ve\u013emi zlo\u017eit\u00e1, no z\u00e1rove\u0148 mimoriadne jednoduch\u00e1 ot\u00e1zka. V\u00fdroba produktu, v na\u0161om pr\u00edpade kusu n\u00e1bytku, za\u010d\u00edna na dizajnovom stole. V\u00fdber materi\u00e1lov, ich&nbsp;...","og_url":"https:\/\/alexnabytok.sk\/kancelarskynabytok\/udrzatelnost\/","og_site_name":"KANCEL\u00c1RSKY N\u00c1BYTOK","og_image":[{"url":"https:\/\/alexbutor.hu\/irodabutor\/wp-content\/uploads\/2022\/07\/fa.jpg","type":"","width":"","height":""}],"twitter_card":"summary_large_image","twitter_misc":{"Est. reading time":"3 minutes"},"schema":{"@context":"https:\/\/schema.org","@graph":[{"@type":"WebPage","@id":"https:\/\/alexnabytok.sk\/kancelarskynabytok\/udrzatelnost\/","url":"https:\/\/alexnabytok.sk\/kancelarskynabytok\/udrzatelnost\/","name":"UDR\u017dATE\u013dNOS\u0164 - KANCEL\u00c1RSKY N\u00c1BYTOK","isPartOf":{"@id":"https:\/\/alexnabytok.sk\/kancelarskynabytok\/#website"},"primaryImageOfPage":{"@id":"https:\/\/alexnabytok.sk\/kancelarskynabytok\/udrzatelnost\/#primaryimage"},"image":{"@id":"https:\/\/alexnabytok.sk\/kancelarskynabytok\/udrzatelnost\/#primaryimage"},"thumbnailUrl":"https:\/\/alexbutor.hu\/irodabutor\/wp-content\/uploads\/2022\/07\/fa.jpg","datePublished":"2023-11-15T10:07:50+00:00","breadcrumb":{"@id":"https:\/\/alexnabytok.sk\/kancelarskynabytok\/udrzatelnost\/#breadcrumb"},"inLanguage":"en-US","potentialAction":[{"@type":"ReadAction","target":["https:\/\/alexnabytok.sk\/kancelarskynabytok\/udrzatelnost\/"]}]},{"@type":"ImageObject","inLanguage":"en-US","@id":"https:\/\/alexnabytok.sk\/kancelarskynabytok\/udrzatelnost\/#primaryimage","url":"https:\/\/alexbutor.hu\/irodabutor\/wp-content\/uploads\/2022\/07\/fa.jpg","contentUrl":"https:\/\/alexbutor.hu\/irodabutor\/wp-content\/uploads\/2022\/07\/fa.jpg"},{"@type":"BreadcrumbList","@id":"https:\/\/alexnabytok.sk\/kancelarskynabytok\/udrzatelnost\/#breadcrumb","itemListElement":[{"@type":"ListItem","position":1,"name":"Home","item":"https:\/\/alexnabytok.sk\/kancelarskynabytok\/"},{"@type":"ListItem","position":2,"name":"UDR\u017dATE\u013dNOS\u0164"}]},{"@type":"WebSite","@id":"https:\/\/alexnabytok.sk\/kancelarskynabytok\/#website","url":"https:\/\/alexnabytok.sk\/kancelarskynabytok\/","name":"KANCEL\u00c1RSKY N\u00c1BYTOK","description":"Alex kovov\u00fd a \u0161kolsk\u00fd n\u00e1bytok s.r.o.","potentialAction":[{"@type":"SearchAction","target":{"@type":"EntryPoint","urlTemplate":"https:\/\/alexnabytok.sk\/kancelarskynabytok\/?s={search_term_string}"},"query-input":{"@type":"PropertyValueSpecification","valueRequired":true,"valueName":"search_term_string"}}],"inLanguage":"en-US"}]}},"_links":{"self":[{"href":"https:\/\/alexnabytok.sk\/kancelarskynabytok\/wp-json\/wp\/v2\/pages\/71712","targetHints":{"allow":["GET"]}}],"collection":[{"href":"https:\/\/alexnabytok.sk\/kancelarskynabytok\/wp-json\/wp\/v2\/pages"}],"about":[{"href":"https:\/\/alexnabytok.sk\/kancelarskynabytok\/wp-json\/wp\/v2\/types\/page"}],"author":[{"embeddable":true,"href":"https:\/\/alexnabytok.sk\/kancelarskynabytok\/wp-json\/wp\/v2\/users\/2"}],"replies":[{"embeddable":true,"href":"https:\/\/alexnabytok.sk\/kancelarskynabytok\/wp-json\/wp\/v2\/comments?post=71712"}],"version-history":[{"count":1,"href":"https:\/\/alexnabytok.sk\/kancelarskynabytok\/wp-json\/wp\/v2\/pages\/71712\/revisions"}],"predecessor-version":[{"id":71713,"href":"https:\/\/alexnabytok.sk\/kancelarskynabytok\/wp-json\/wp\/v2\/pages\/71712\/revisions\/71713"}],"wp:attachment":[{"href":"https:\/\/alexnabytok.sk\/kancelarskynabytok\/wp-json\/wp\/v2\/media?parent=71712"}],"curies":[{"name":"wp","href":"https:\/\/api.w.org\/{rel}","templated":true}]}}