{"id":13,"date":"2016-06-08T07:58:17","date_gmt":"2016-06-08T07:58:17","guid":{"rendered":"http:\/\/szallodabutor.hu\/?page_id=13"},"modified":"2025-11-25T14:13:19","modified_gmt":"2025-11-25T14:13:19","slug":"katalogy","status":"publish","type":"page","link":"https:\/\/alexnabytok.sk\/materskeskoly\/katalogy\/","title":{"rendered":"Katal\u00f3gy"},"content":{"rendered":"<div class=\"row \"><div class=\"span12 \"><strong>Pre r\u00fdchle zobrazenie katal\u00f3gov pros\u00edm kliknite na foto.<\/strong><\/div><\/div><!-- .row (end) -->\n<div class=\"row \"><div class=\"span6 \"><a href=\"https:\/\/alexnabytok.sk\/materskeskoly\/katalogy\/materske-skoly\/\"><img loading=\"lazy\" decoding=\"async\" class=\"aligncenter size-full wp-image-1397\" src=\"https:\/\/alexnabytok.sk\/materskeskoly\/wp-content\/uploads\/2019\/07\/Ovodabutor_Katalogus_mockup_SK_2019.png\" alt=\"MATERSK\u00c9 \u0160KOLY\" width=\"600\" height=\"377\" \/><\/a><\/p>\n<h3>MATERSK\u00c9 \u0160KOLY<\/h3>\n<p><a href=\"https:\/\/alexnabytok.sk\/materskeskoly\/wp-content\/uploads\/2019\/07\/ALEX-Katal%C3%B3g-PRE-MATERSK%C3%89-%C5%A0KOLY-2019.pdf\" target=\"_blank\"><\/p>\n<p>PDF na stiahnutie<\/p>\n<p><\/a><br \/><\/div><div class=\"span6 \">\r\n\t<a href=\"https:\/\/alexnabytok.sk\/materskeskoly\/katalogy\/ergonomicke-prostredie\/\" class=\"katalogus-desktop\">\r\n\t\t<img decoding=\"async\" src=\"https:\/\/alexnabytok.sk\/materskeskoly\/wp-content\/uploads\/2025\/11\/Mockup-MS-SK-2025.11.png\" alt=\"Ergonomick\u00e9 prostredie\" class=\"alignnone size-large\" \/>\r\n\t<\/a>\r\n\t<a href=\"https:\/\/alexnabytok.sk\/materskeskoly\/wp-content\/uploads\/2025\/11\/Materska-skola-mailing_2025.11-SK-web.pdf\" class=\"katalogus-mobile\" target=\"_blank\">\r\n\t\t<img decoding=\"async\" src=\"https:\/\/alexnabytok.sk\/materskeskoly\/wp-content\/uploads\/2025\/11\/Mockup-MS-SK-2025.11.png\" alt=\"Ergonomick\u00e9 prostredie\" class=\"alignnone size-large\" \/>\r\n\t<\/a>\r\n\t<h3>Ergonomick\u00e9 prostredie<\/h3><a href=\"https:\/\/alexnabytok.sk\/materskeskoly\/wp-content\/uploads\/2025\/11\/Materska-skola-mailing_2025.11-SK-web.pdf\" target=\"_blank\"><p>PDF let\u00f6lt\u00e9s<\/p><\/a>\r\n\t<\/div><\/div><!-- .row (end) -->\n<div class=\"spacer\"><\/div><!-- .spacer (end) -->\n","protected":false},"excerpt":{"rendered":"","protected":false},"author":1,"featured_media":0,"parent":0,"menu_order":0,"comment_status":"closed","ping_status":"closed","template":"page-fullwidth.php","meta":{"footnotes":""},"class_list":["post-13","page","type-page","status-publish","hentry"],"yoast_head":"<!-- This site is optimized with the Yoast SEO plugin v24.7 - https:\/\/yoast.com\/wordpress\/plugins\/seo\/ -->\n<title>Katal\u00f3gy - N\u00c1BYTOK PRE MATERSK\u00c9 \u0160KOLY<\/title>\n<meta name=\"robots\" content=\"index, follow, max-snippet:-1, max-image-preview:large, max-video-preview:-1\" \/>\n<link rel=\"canonical\" href=\"https:\/\/alexnabytok.sk\/materskeskoly\/katalogy\/\" \/>\n<meta property=\"og:locale\" content=\"sk_SK\" \/>\n<meta property=\"og:type\" content=\"article\" \/>\n<meta property=\"og:title\" content=\"Katal\u00f3gy - N\u00c1BYTOK PRE MATERSK\u00c9 \u0160KOLY\" \/>\n<meta property=\"og:url\" content=\"https:\/\/alexnabytok.sk\/materskeskoly\/katalogy\/\" \/>\n<meta property=\"og:site_name\" content=\"N\u00c1BYTOK PRE MATERSK\u00c9 \u0160KOLY\" \/>\n<meta property=\"article:modified_time\" content=\"2025-11-25T14:13:19+00:00\" \/>\n<meta name=\"twitter:card\" content=\"summary_large_image\" \/>\n<meta name=\"twitter:label1\" content=\"Est. reading time\" \/>\n\t<meta name=\"twitter:data1\" content=\"1 minute\" \/>\n<script type=\"application\/ld+json\" class=\"yoast-schema-graph\">{\"@context\":\"https:\/\/schema.org\",\"@graph\":[{\"@type\":\"WebPage\",\"@id\":\"https:\/\/alexnabytok.sk\/materskeskoly\/katalogy\/\",\"url\":\"https:\/\/alexnabytok.sk\/materskeskoly\/katalogy\/\",\"name\":\"Katal\u00f3gy - N\u00c1BYTOK PRE MATERSK\u00c9 \u0160KOLY\",\"isPartOf\":{\"@id\":\"https:\/\/alexnabytok.sk\/materskeskoly\/#website\"},\"primaryImageOfPage\":{\"@id\":\"https:\/\/alexnabytok.sk\/materskeskoly\/katalogy\/#primaryimage\"},\"image\":{\"@id\":\"https:\/\/alexnabytok.sk\/materskeskoly\/katalogy\/#primaryimage\"},\"thumbnailUrl\":\"https:\/\/alexnabytok.sk\/materskeskoly\/wp-content\/uploads\/2019\/07\/Ovodabutor_Katalogus_mockup_SK_2019.png\",\"datePublished\":\"2016-06-08T07:58:17+00:00\",\"dateModified\":\"2025-11-25T14:13:19+00:00\",\"breadcrumb\":{\"@id\":\"https:\/\/alexnabytok.sk\/materskeskoly\/katalogy\/#breadcrumb\"},\"inLanguage\":\"en-US\",\"potentialAction\":[{\"@type\":\"ReadAction\",\"target\":[\"https:\/\/alexnabytok.sk\/materskeskoly\/katalogy\/\"]}]},{\"@type\":\"ImageObject\",\"inLanguage\":\"en-US\",\"@id\":\"https:\/\/alexnabytok.sk\/materskeskoly\/katalogy\/#primaryimage\",\"url\":\"https:\/\/alexnabytok.sk\/materskeskoly\/wp-content\/uploads\/2019\/07\/Ovodabutor_Katalogus_mockup_SK_2019.png\",\"contentUrl\":\"https:\/\/alexnabytok.sk\/materskeskoly\/wp-content\/uploads\/2019\/07\/Ovodabutor_Katalogus_mockup_SK_2019.png\",\"width\":4000,\"height\":2512},{\"@type\":\"BreadcrumbList\",\"@id\":\"https:\/\/alexnabytok.sk\/materskeskoly\/katalogy\/#breadcrumb\",\"itemListElement\":[{\"@type\":\"ListItem\",\"position\":1,\"name\":\"Home\",\"item\":\"https:\/\/alexnabytok.sk\/materskeskoly\/\"},{\"@type\":\"ListItem\",\"position\":2,\"name\":\"Katal\u00f3gy\"}]},{\"@type\":\"WebSite\",\"@id\":\"https:\/\/alexnabytok.sk\/materskeskoly\/#website\",\"url\":\"https:\/\/alexnabytok.sk\/materskeskoly\/\",\"name\":\"N\u00c1BYTOK PRE MATERSK\u00c9 \u0160KOLY\",\"description\":\"Alex kovov\u00fd a \u0161kolsk\u00fd n\u00e1bytok s.r.o.\",\"potentialAction\":[{\"@type\":\"SearchAction\",\"target\":{\"@type\":\"EntryPoint\",\"urlTemplate\":\"https:\/\/alexnabytok.sk\/materskeskoly\/?s={search_term_string}\"},\"query-input\":{\"@type\":\"PropertyValueSpecification\",\"valueRequired\":true,\"valueName\":\"search_term_string\"}}],\"inLanguage\":\"en-US\"}]}<\/script>\n<!-- \/ Yoast SEO plugin. -->","yoast_head_json":{"title":"Katal\u00f3gy - N\u00c1BYTOK PRE MATERSK\u00c9 \u0160KOLY","robots":{"index":"index","follow":"follow","max-snippet":"max-snippet:-1","max-image-preview":"max-image-preview:large","max-video-preview":"max-video-preview:-1"},"canonical":"https:\/\/alexnabytok.sk\/materskeskoly\/katalogy\/","og_locale":"sk_SK","og_type":"article","og_title":"Katal\u00f3gy - N\u00c1BYTOK PRE MATERSK\u00c9 \u0160KOLY","og_url":"https:\/\/alexnabytok.sk\/materskeskoly\/katalogy\/","og_site_name":"N\u00c1BYTOK PRE MATERSK\u00c9 \u0160KOLY","article_modified_time":"2025-11-25T14:13:19+00:00","twitter_card":"summary_large_image","twitter_misc":{"Est. reading time":"1 minute"},"schema":{"@context":"https:\/\/schema.org","@graph":[{"@type":"WebPage","@id":"https:\/\/alexnabytok.sk\/materskeskoly\/katalogy\/","url":"https:\/\/alexnabytok.sk\/materskeskoly\/katalogy\/","name":"Katal\u00f3gy - N\u00c1BYTOK PRE MATERSK\u00c9 \u0160KOLY","isPartOf":{"@id":"https:\/\/alexnabytok.sk\/materskeskoly\/#website"},"primaryImageOfPage":{"@id":"https:\/\/alexnabytok.sk\/materskeskoly\/katalogy\/#primaryimage"},"image":{"@id":"https:\/\/alexnabytok.sk\/materskeskoly\/katalogy\/#primaryimage"},"thumbnailUrl":"https:\/\/alexnabytok.sk\/materskeskoly\/wp-content\/uploads\/2019\/07\/Ovodabutor_Katalogus_mockup_SK_2019.png","datePublished":"2016-06-08T07:58:17+00:00","dateModified":"2025-11-25T14:13:19+00:00","breadcrumb":{"@id":"https:\/\/alexnabytok.sk\/materskeskoly\/katalogy\/#breadcrumb"},"inLanguage":"en-US","potentialAction":[{"@type":"ReadAction","target":["https:\/\/alexnabytok.sk\/materskeskoly\/katalogy\/"]}]},{"@type":"ImageObject","inLanguage":"en-US","@id":"https:\/\/alexnabytok.sk\/materskeskoly\/katalogy\/#primaryimage","url":"https:\/\/alexnabytok.sk\/materskeskoly\/wp-content\/uploads\/2019\/07\/Ovodabutor_Katalogus_mockup_SK_2019.png","contentUrl":"https:\/\/alexnabytok.sk\/materskeskoly\/wp-content\/uploads\/2019\/07\/Ovodabutor_Katalogus_mockup_SK_2019.png","width":4000,"height":2512},{"@type":"BreadcrumbList","@id":"https:\/\/alexnabytok.sk\/materskeskoly\/katalogy\/#breadcrumb","itemListElement":[{"@type":"ListItem","position":1,"name":"Home","item":"https:\/\/alexnabytok.sk\/materskeskoly\/"},{"@type":"ListItem","position":2,"name":"Katal\u00f3gy"}]},{"@type":"WebSite","@id":"https:\/\/alexnabytok.sk\/materskeskoly\/#website","url":"https:\/\/alexnabytok.sk\/materskeskoly\/","name":"N\u00c1BYTOK PRE MATERSK\u00c9 \u0160KOLY","description":"Alex kovov\u00fd a \u0161kolsk\u00fd n\u00e1bytok s.r.o.","potentialAction":[{"@type":"SearchAction","target":{"@type":"EntryPoint","urlTemplate":"https:\/\/alexnabytok.sk\/materskeskoly\/?s={search_term_string}"},"query-input":{"@type":"PropertyValueSpecification","valueRequired":true,"valueName":"search_term_string"}}],"inLanguage":"en-US"}]}},"_links":{"self":[{"href":"https:\/\/alexnabytok.sk\/materskeskoly\/wp-json\/wp\/v2\/pages\/13","targetHints":{"allow":["GET"]}}],"collection":[{"href":"https:\/\/alexnabytok.sk\/materskeskoly\/wp-json\/wp\/v2\/pages"}],"about":[{"href":"https:\/\/alexnabytok.sk\/materskeskoly\/wp-json\/wp\/v2\/types\/page"}],"author":[{"embeddable":true,"href":"https:\/\/alexnabytok.sk\/materskeskoly\/wp-json\/wp\/v2\/users\/1"}],"replies":[{"embeddable":true,"href":"https:\/\/alexnabytok.sk\/materskeskoly\/wp-json\/wp\/v2\/comments?post=13"}],"version-history":[{"count":8,"href":"https:\/\/alexnabytok.sk\/materskeskoly\/wp-json\/wp\/v2\/pages\/13\/revisions"}],"predecessor-version":[{"id":65707,"href":"https:\/\/alexnabytok.sk\/materskeskoly\/wp-json\/wp\/v2\/pages\/13\/revisions\/65707"}],"wp:attachment":[{"href":"https:\/\/alexnabytok.sk\/materskeskoly\/wp-json\/wp\/v2\/media?parent=13"}],"curies":[{"name":"wp","href":"https:\/\/api.w.org\/{rel}","templated":true}]}}