{"id":17,"date":"2016-06-08T07:58:40","date_gmt":"2016-06-08T07:58:40","guid":{"rendered":"http:\/\/szallodabutor.hu\/?page_id=17"},"modified":"2017-10-17T08:38:56","modified_gmt":"2017-10-17T08:38:56","slug":"o-nas","status":"publish","type":"page","link":"https:\/\/alexnabytok.sk\/materskeskoly\/o-nas\/","title":{"rendered":"O n\u00e1s"},"content":{"rendered":"<div id=\"owl-demo\" class=\"owl-carousel owl-theme\">\n<div class=\"item\"><img decoding=\"async\" src=\"https:\/\/alexnabytok.sk\/materskeskoly\/wp-content\/uploads\/2016\/06\/rolunk-1-jav.jpg\" ><\/div>\n<div class=\"item\"><img decoding=\"async\" src=\"https:\/\/alexnabytok.sk\/materskeskoly\/wp-content\/uploads\/2016\/06\/rolunk-2.jpg\" ><\/div>\n<div class=\"item\"><img decoding=\"async\" src=\"https:\/\/alexnabytok.sk\/materskeskoly\/wp-content\/uploads\/2016\/06\/rolunk-3.jpg\" ><\/div>\n<div class=\"item\"><img decoding=\"async\" src=\"https:\/\/alexnabytok.sk\/materskeskoly\/wp-content\/uploads\/2016\/06\/rolunk-4.jpg\" ><\/div>\n<div class=\"item\"><img decoding=\"async\" src=\"https:\/\/alexnabytok.sk\/materskeskoly\/wp-content\/uploads\/2016\/06\/rolunk-5.jpg\" ><\/div>\n<div class=\"item\"><img decoding=\"async\" src=\"https:\/\/alexnabytok.sk\/materskeskoly\/wp-content\/uploads\/2016\/06\/rolunk-6.jpg\" ><\/div>\n<div class=\"item\"><img decoding=\"async\" src=\"https:\/\/alexnabytok.sk\/materskeskoly\/wp-content\/uploads\/2016\/06\/rolunk-7.jpg\" ><\/div>\n<div class=\"item\"><img decoding=\"async\" src=\"https:\/\/alexnabytok.sk\/materskeskoly\/wp-content\/uploads\/2016\/06\/rolunk-8.jpg\" ><\/div>\n<div class=\"item\"><img decoding=\"async\" src=\"https:\/\/alexnabytok.sk\/materskeskoly\/wp-content\/uploads\/2016\/06\/rolunk-9.jpg\" ><\/div>\n<\/div>\n<div class=\"spacer\"><\/div><!-- .spacer (end) -->\n<h3>Hist\u00f3ria<\/h3>\n<p>Ke\u010f sa v 90.rokoch otvorila mo\u017enos\u0165 slobodn\u00e9ho podnikania za\u010dal zakladate\u013e firmy vyr\u00e1ba\u0165 a pred\u00e1va\u0165 kriedy. V\u010faka usilovnej a poctivej pr\u00e1ci, napredoval a rokmi roz\u0161\u00edril v\u00fdrobu o v\u00fdrobu tab\u00fa\u013e a nesk\u00f4r aj \u0161kolsk\u00fdch stoli\u010diek a stolov. Postupom \u010dasu sa firma stala na ma\u010farskom trhu l\u00eddrom v predaji a v\u00fdrobe n\u00e1bytku. V roku 2003 zaklad\u00e1 slovensk\u00fa pobo\u010dku a pokra\u010duje v tejto v\u00edzi\u00ed aj na Slovenskom trhu.<\/p>\n<div class=\"spacer\"><\/div><!-- .spacer (end) -->\n<h3>V\u00fdroba<\/h3>\n<p>Vlastn\u00e1 v\u00fdrobn\u00e1 a obchodn\u00e1 \u010dinnos\u0165 je predov\u0161etk\u00fdm zameran\u00e1 na v\u00fdrobu a predaj \u0161kolsk\u00e9ho n\u00e1bytku, n\u00e1bytku pre matersk\u00e9 \u0161koly, kancel\u00e1rskeho, hotelov\u00e9ho a re\u0161taura\u010dn\u00e9ho n\u00e1bytku.  V portf\u00f3liu ale n\u00e1jdete aj  \u0161at\u0148ov\u00fd n\u00e1bytok a mestsk\u00fd mobili\u00e1r.<br \/>\nSortiment  obsahuje mnoho typov\u00e9ho n\u00e1bytku, ale sme schopn\u00ed prisp\u00f4sobi\u0165 v\u00fdrobu k individu\u00e1lnym po\u017eiadavk\u00e1m. Sme schopn\u00ed pom\u00f4c\u0165 v projektoch a ich pl\u00e1novan\u00ed.<br \/>\nSpolo\u010dnos\u0165 Alex n\u00e1bytok p\u00f4sob\u00ed v celej strednej Eur\u00f3pe, v\u00fdroba sa s\u00fastre\u010fuje v tov\u00e1rni v Ma\u010farsku 30 km od Budape\u0161ti. N\u00e1bytok sa dod\u00e1va do okolit\u00fdch \u0161t\u00e1tov do \u010ceska, Rumunska , Rak\u00faska a Chorv\u00e1tska.<br \/>\nNa\u0161\u00edm poslan\u00edm je spokojnos\u0165 z\u00e1kazn\u00edkov, predov\u0161etk\u00fdm det\u00ed v \u0161kol\u00e1ch kde prin\u00e1\u0161ame modern\u00fd a kvalitn\u00fd n\u00e1bytok. Cie\u013eom je zlep\u0161ovanie kvality, orient\u00e1cia na z\u00e1kazn\u00edka a udr\u017eiavanie kroku s modernou dobou v oblasti v\u00fdroby n\u00e1bytku.<\/p>\n<div class=\"spacer\"><\/div><!-- .spacer (end) -->\n","protected":false},"excerpt":{"rendered":"<p>Hist\u00f3ria Ke\u010f sa v 90.rokoch otvorila mo\u017enos\u0165 slobodn\u00e9ho podnikania za\u010dal zakladate\u013e firmy vyr\u00e1ba\u0165 a pred\u00e1va\u0165 kriedy. V\u010faka usilovnej a poctivej pr\u00e1ci, napredoval a rokmi roz\u0161\u00edril v\u00fdrobu o v\u00fdrobu tab\u00fa\u013e a nesk\u00f4r aj \u0161kolsk\u00fdch stoli\u010diek a stolov. Postupom \u010dasu sa firma stala na ma\u010farskom trhu l\u00eddrom v predaji a v\u00fdrobe n\u00e1bytku. V roku 2003 zaklad\u00e1 slovensk\u00fa pobo\u010dku a pokra\u010duje v tejto&nbsp;<a href=\"https:\/\/alexnabytok.sk\/materskeskoly\/o-nas\/\" class=\"read-more\">...<\/a><\/p>\n","protected":false},"author":1,"featured_media":0,"parent":0,"menu_order":0,"comment_status":"closed","ping_status":"closed","template":"page-fullwidth.php","meta":{"footnotes":""},"class_list":["post-17","page","type-page","status-publish","hentry"],"yoast_head":"<!-- This site is optimized with the Yoast SEO plugin v24.7 - https:\/\/yoast.com\/wordpress\/plugins\/seo\/ -->\n<title>O n\u00e1s - N\u00c1BYTOK PRE MATERSK\u00c9 \u0160KOLY<\/title>\n<meta name=\"robots\" content=\"index, follow, max-snippet:-1, max-image-preview:large, max-video-preview:-1\" \/>\n<link rel=\"canonical\" href=\"https:\/\/alexnabytok.sk\/materskeskoly\/o-nas\/\" \/>\n<meta property=\"og:locale\" content=\"sk_SK\" \/>\n<meta property=\"og:type\" content=\"article\" \/>\n<meta property=\"og:title\" content=\"O n\u00e1s - N\u00c1BYTOK PRE MATERSK\u00c9 \u0160KOLY\" \/>\n<meta property=\"og:description\" content=\"Hist\u00f3ria Ke\u010f sa v 90.rokoch otvorila mo\u017enos\u0165 slobodn\u00e9ho podnikania za\u010dal zakladate\u013e firmy vyr\u00e1ba\u0165 a pred\u00e1va\u0165 kriedy. V\u010faka usilovnej a poctivej pr\u00e1ci, napredoval a rokmi roz\u0161\u00edril v\u00fdrobu o v\u00fdrobu tab\u00fa\u013e a nesk\u00f4r aj \u0161kolsk\u00fdch stoli\u010diek a stolov. Postupom \u010dasu sa firma stala na ma\u010farskom trhu l\u00eddrom v predaji a v\u00fdrobe n\u00e1bytku. V roku 2003 zaklad\u00e1 slovensk\u00fa pobo\u010dku a pokra\u010duje v tejto&nbsp;...\" \/>\n<meta property=\"og:url\" content=\"https:\/\/alexnabytok.sk\/materskeskoly\/o-nas\/\" \/>\n<meta property=\"og:site_name\" content=\"N\u00c1BYTOK PRE MATERSK\u00c9 \u0160KOLY\" \/>\n<meta property=\"article:modified_time\" content=\"2017-10-17T08:38:56+00:00\" \/>\n<meta property=\"og:image\" content=\"https:\/\/alexnabytok.sk\/materskeskoly\/wp-content\/uploads\/2016\/06\/rolunk-1-jav.jpg\" \/>\n<meta name=\"twitter:card\" content=\"summary_large_image\" \/>\n<meta name=\"twitter:label1\" content=\"Est. reading time\" \/>\n\t<meta name=\"twitter:data1\" content=\"1 minute\" \/>\n<script type=\"application\/ld+json\" class=\"yoast-schema-graph\">{\"@context\":\"https:\/\/schema.org\",\"@graph\":[{\"@type\":\"WebPage\",\"@id\":\"https:\/\/alexnabytok.sk\/materskeskoly\/o-nas\/\",\"url\":\"https:\/\/alexnabytok.sk\/materskeskoly\/o-nas\/\",\"name\":\"O n\u00e1s - N\u00c1BYTOK PRE MATERSK\u00c9 \u0160KOLY\",\"isPartOf\":{\"@id\":\"https:\/\/alexnabytok.sk\/materskeskoly\/#website\"},\"primaryImageOfPage\":{\"@id\":\"https:\/\/alexnabytok.sk\/materskeskoly\/o-nas\/#primaryimage\"},\"image\":{\"@id\":\"https:\/\/alexnabytok.sk\/materskeskoly\/o-nas\/#primaryimage\"},\"thumbnailUrl\":\"https:\/\/alexnabytok.sk\/materskeskoly\/wp-content\/uploads\/2016\/06\/rolunk-1-jav.jpg\",\"datePublished\":\"2016-06-08T07:58:40+00:00\",\"dateModified\":\"2017-10-17T08:38:56+00:00\",\"breadcrumb\":{\"@id\":\"https:\/\/alexnabytok.sk\/materskeskoly\/o-nas\/#breadcrumb\"},\"inLanguage\":\"en-US\",\"potentialAction\":[{\"@type\":\"ReadAction\",\"target\":[\"https:\/\/alexnabytok.sk\/materskeskoly\/o-nas\/\"]}]},{\"@type\":\"ImageObject\",\"inLanguage\":\"en-US\",\"@id\":\"https:\/\/alexnabytok.sk\/materskeskoly\/o-nas\/#primaryimage\",\"url\":\"https:\/\/alexnabytok.sk\/materskeskoly\/wp-content\/uploads\/2016\/06\/rolunk-1-jav.jpg\",\"contentUrl\":\"https:\/\/alexnabytok.sk\/materskeskoly\/wp-content\/uploads\/2016\/06\/rolunk-1-jav.jpg\",\"width\":1170,\"height\":480},{\"@type\":\"BreadcrumbList\",\"@id\":\"https:\/\/alexnabytok.sk\/materskeskoly\/o-nas\/#breadcrumb\",\"itemListElement\":[{\"@type\":\"ListItem\",\"position\":1,\"name\":\"Home\",\"item\":\"https:\/\/alexnabytok.sk\/materskeskoly\/\"},{\"@type\":\"ListItem\",\"position\":2,\"name\":\"O n\u00e1s\"}]},{\"@type\":\"WebSite\",\"@id\":\"https:\/\/alexnabytok.sk\/materskeskoly\/#website\",\"url\":\"https:\/\/alexnabytok.sk\/materskeskoly\/\",\"name\":\"N\u00c1BYTOK PRE MATERSK\u00c9 \u0160KOLY\",\"description\":\"Alex kovov\u00fd a \u0161kolsk\u00fd n\u00e1bytok s.r.o.\",\"potentialAction\":[{\"@type\":\"SearchAction\",\"target\":{\"@type\":\"EntryPoint\",\"urlTemplate\":\"https:\/\/alexnabytok.sk\/materskeskoly\/?s={search_term_string}\"},\"query-input\":{\"@type\":\"PropertyValueSpecification\",\"valueRequired\":true,\"valueName\":\"search_term_string\"}}],\"inLanguage\":\"en-US\"}]}<\/script>\n<!-- \/ Yoast SEO plugin. -->","yoast_head_json":{"title":"O n\u00e1s - N\u00c1BYTOK PRE MATERSK\u00c9 \u0160KOLY","robots":{"index":"index","follow":"follow","max-snippet":"max-snippet:-1","max-image-preview":"max-image-preview:large","max-video-preview":"max-video-preview:-1"},"canonical":"https:\/\/alexnabytok.sk\/materskeskoly\/o-nas\/","og_locale":"sk_SK","og_type":"article","og_title":"O n\u00e1s - N\u00c1BYTOK PRE MATERSK\u00c9 \u0160KOLY","og_description":"Hist\u00f3ria Ke\u010f sa v 90.rokoch otvorila mo\u017enos\u0165 slobodn\u00e9ho podnikania za\u010dal zakladate\u013e firmy vyr\u00e1ba\u0165 a pred\u00e1va\u0165 kriedy. V\u010faka usilovnej a poctivej pr\u00e1ci, napredoval a rokmi roz\u0161\u00edril v\u00fdrobu o v\u00fdrobu tab\u00fa\u013e a nesk\u00f4r aj \u0161kolsk\u00fdch stoli\u010diek a stolov. Postupom \u010dasu sa firma stala na ma\u010farskom trhu l\u00eddrom v predaji a v\u00fdrobe n\u00e1bytku. V roku 2003 zaklad\u00e1 slovensk\u00fa pobo\u010dku a pokra\u010duje v tejto&nbsp;...","og_url":"https:\/\/alexnabytok.sk\/materskeskoly\/o-nas\/","og_site_name":"N\u00c1BYTOK PRE MATERSK\u00c9 \u0160KOLY","article_modified_time":"2017-10-17T08:38:56+00:00","og_image":[{"url":"https:\/\/alexnabytok.sk\/materskeskoly\/wp-content\/uploads\/2016\/06\/rolunk-1-jav.jpg","type":"","width":"","height":""}],"twitter_card":"summary_large_image","twitter_misc":{"Est. reading time":"1 minute"},"schema":{"@context":"https:\/\/schema.org","@graph":[{"@type":"WebPage","@id":"https:\/\/alexnabytok.sk\/materskeskoly\/o-nas\/","url":"https:\/\/alexnabytok.sk\/materskeskoly\/o-nas\/","name":"O n\u00e1s - N\u00c1BYTOK PRE MATERSK\u00c9 \u0160KOLY","isPartOf":{"@id":"https:\/\/alexnabytok.sk\/materskeskoly\/#website"},"primaryImageOfPage":{"@id":"https:\/\/alexnabytok.sk\/materskeskoly\/o-nas\/#primaryimage"},"image":{"@id":"https:\/\/alexnabytok.sk\/materskeskoly\/o-nas\/#primaryimage"},"thumbnailUrl":"https:\/\/alexnabytok.sk\/materskeskoly\/wp-content\/uploads\/2016\/06\/rolunk-1-jav.jpg","datePublished":"2016-06-08T07:58:40+00:00","dateModified":"2017-10-17T08:38:56+00:00","breadcrumb":{"@id":"https:\/\/alexnabytok.sk\/materskeskoly\/o-nas\/#breadcrumb"},"inLanguage":"en-US","potentialAction":[{"@type":"ReadAction","target":["https:\/\/alexnabytok.sk\/materskeskoly\/o-nas\/"]}]},{"@type":"ImageObject","inLanguage":"en-US","@id":"https:\/\/alexnabytok.sk\/materskeskoly\/o-nas\/#primaryimage","url":"https:\/\/alexnabytok.sk\/materskeskoly\/wp-content\/uploads\/2016\/06\/rolunk-1-jav.jpg","contentUrl":"https:\/\/alexnabytok.sk\/materskeskoly\/wp-content\/uploads\/2016\/06\/rolunk-1-jav.jpg","width":1170,"height":480},{"@type":"BreadcrumbList","@id":"https:\/\/alexnabytok.sk\/materskeskoly\/o-nas\/#breadcrumb","itemListElement":[{"@type":"ListItem","position":1,"name":"Home","item":"https:\/\/alexnabytok.sk\/materskeskoly\/"},{"@type":"ListItem","position":2,"name":"O n\u00e1s"}]},{"@type":"WebSite","@id":"https:\/\/alexnabytok.sk\/materskeskoly\/#website","url":"https:\/\/alexnabytok.sk\/materskeskoly\/","name":"N\u00c1BYTOK PRE MATERSK\u00c9 \u0160KOLY","description":"Alex kovov\u00fd a \u0161kolsk\u00fd n\u00e1bytok s.r.o.","potentialAction":[{"@type":"SearchAction","target":{"@type":"EntryPoint","urlTemplate":"https:\/\/alexnabytok.sk\/materskeskoly\/?s={search_term_string}"},"query-input":{"@type":"PropertyValueSpecification","valueRequired":true,"valueName":"search_term_string"}}],"inLanguage":"en-US"}]}},"_links":{"self":[{"href":"https:\/\/alexnabytok.sk\/materskeskoly\/wp-json\/wp\/v2\/pages\/17","targetHints":{"allow":["GET"]}}],"collection":[{"href":"https:\/\/alexnabytok.sk\/materskeskoly\/wp-json\/wp\/v2\/pages"}],"about":[{"href":"https:\/\/alexnabytok.sk\/materskeskoly\/wp-json\/wp\/v2\/types\/page"}],"author":[{"embeddable":true,"href":"https:\/\/alexnabytok.sk\/materskeskoly\/wp-json\/wp\/v2\/users\/1"}],"replies":[{"embeddable":true,"href":"https:\/\/alexnabytok.sk\/materskeskoly\/wp-json\/wp\/v2\/comments?post=17"}],"version-history":[{"count":2,"href":"https:\/\/alexnabytok.sk\/materskeskoly\/wp-json\/wp\/v2\/pages\/17\/revisions"}],"predecessor-version":[{"id":47562,"href":"https:\/\/alexnabytok.sk\/materskeskoly\/wp-json\/wp\/v2\/pages\/17\/revisions\/47562"}],"wp:attachment":[{"href":"https:\/\/alexnabytok.sk\/materskeskoly\/wp-json\/wp\/v2\/media?parent=17"}],"curies":[{"name":"wp","href":"https:\/\/api.w.org\/{rel}","templated":true}]}}