{"id":41777,"date":"2017-05-08T08:42:58","date_gmt":"2017-05-08T08:42:58","guid":{"rendered":"http:\/\/alexbutor.hu\/ovodabutor\/?page_id=41777"},"modified":"2017-10-18T06:14:45","modified_gmt":"2017-10-18T06:14:45","slug":"stolicky-a-stoly-pre-mateske-skoly-a-jasle","status":"publish","type":"page","link":"https:\/\/alexnabytok.sk\/materskeskoly\/kategoria\/stolicky-a-stoly-pre-mateske-skoly-a-jasle\/","title":{"rendered":"Stoli\u010dky a stoly pre matesk\u00e9 \u0161koly a jasle"},"content":{"rendered":"\r\n\t<li class=\"portfolio_item isotope-item\"><div class=\"portfolio_item_holder\"><figure class=\"thumbnail thumbnail__portfolio\"><a href=\"https:\/\/alexnabytok.sk\/materskeskoly\/kategoria\/stolicky-a-stoly-pre-mateske-skoly-a-jasle\/stolicky-s-kovovou-kostrou\/\" class=\"image-wrap\"><img decoding=\"async\" src=\"https:\/\/alexnabytok.sk\/materskeskoly\/wp-content\/uploads\/2017\/05\/Ovodabutor_kategoria_1-1-Fem_ovodai_szekek.jpg\" alt=\"Stoli\u010dky s kovovou kostrou\"><\/a><\/figure><div class=\"caption caption__portfolio\"><h3><a href=\"https:\/\/alexnabytok.sk\/materskeskoly\/kategoria\/stolicky-a-stoly-pre-mateske-skoly-a-jasle\/stolicky-s-kovovou-kostrou\/\">Stoli\u010dky s kovovou kostrou<\/a><\/h3><\/div><\/div><\/li>\n\r\n\t<li class=\"portfolio_item isotope-item\"><div class=\"portfolio_item_holder\"><figure class=\"thumbnail thumbnail__portfolio\"><a href=\"https:\/\/alexnabytok.sk\/materskeskoly\/kategoria\/stolicky-a-stoly-pre-mateske-skoly-a-jasle\/drevene-stolicky\/\" class=\"image-wrap\"><img decoding=\"async\" src=\"https:\/\/alexnabytok.sk\/materskeskoly\/wp-content\/uploads\/2017\/05\/Ovodabutor_kategoria_1-2-Fa_ovodai_szekek.jpg\" alt=\"Dreven\u00e9 stoli\u010dky\"><\/a><\/figure><div class=\"caption caption__portfolio\"><h3><a href=\"https:\/\/alexnabytok.sk\/materskeskoly\/kategoria\/stolicky-a-stoly-pre-mateske-skoly-a-jasle\/drevene-stolicky\/\">Dreven\u00e9 stoli\u010dky<\/a><\/h3><\/div><\/div><\/li>\n\r\n\t<li class=\"portfolio_item isotope-item\"><div class=\"portfolio_item_holder\"><figure class=\"thumbnail thumbnail__portfolio\"><a href=\"https:\/\/alexnabytok.sk\/materskeskoly\/kategoria\/stolicky-a-stoly-pre-mateske-skoly-a-jasle\/plastove-stolicky\/\" class=\"image-wrap\"><img decoding=\"async\" src=\"https:\/\/alexnabytok.sk\/materskeskoly\/wp-content\/uploads\/2017\/05\/Ovodabutor_kategoria_1-3-Muanyag_ovodai_szekek.jpg\" alt=\"Plastov\u00e9 stoli\u010dky\"><\/a><\/figure><div class=\"caption caption__portfolio\"><h3><a href=\"https:\/\/alexnabytok.sk\/materskeskoly\/kategoria\/stolicky-a-stoly-pre-mateske-skoly-a-jasle\/plastove-stolicky\/\">Plastov\u00e9 stoli\u010dky<\/a><\/h3><\/div><\/div><\/li>\n\r\n\t<li class=\"portfolio_item isotope-item\"><div class=\"portfolio_item_holder\"><figure class=\"thumbnail thumbnail__portfolio\"><a href=\"https:\/\/alexnabytok.sk\/materskeskoly\/kategoria\/stolicky-a-stoly-pre-mateske-skoly-a-jasle\/stoly-s-kovovou-kostrou\/\" class=\"image-wrap\"><img decoding=\"async\" src=\"https:\/\/alexnabytok.sk\/materskeskoly\/wp-content\/uploads\/2017\/05\/Ovodabutor_kategoria_1-4-Fem_ovodai_szekek.jpg\" alt=\"Stoly s kovovou kostrou\"><\/a><\/figure><div class=\"caption caption__portfolio\"><h3><a href=\"https:\/\/alexnabytok.sk\/materskeskoly\/kategoria\/stolicky-a-stoly-pre-mateske-skoly-a-jasle\/stoly-s-kovovou-kostrou\/\">Stoly s kovovou kostrou<\/a><\/h3><\/div><\/div><\/li>\n\r\n\t<li class=\"portfolio_item isotope-item\"><div class=\"portfolio_item_holder\"><figure class=\"thumbnail thumbnail__portfolio\"><a href=\"https:\/\/alexnabytok.sk\/materskeskoly\/kategoria\/stolicky-a-stoly-pre-mateske-skoly-a-jasle\/stoly-s-drevenou-kostrou\/\" class=\"image-wrap\"><img decoding=\"async\" src=\"https:\/\/alexnabytok.sk\/materskeskoly\/wp-content\/uploads\/2017\/05\/Ovodabutor_kategoria_1-5-Favazas_ovodai_asztalok.jpg\" alt=\"Stoly s drevenou kostrou\"><\/a><\/figure><div class=\"caption caption__portfolio\"><h3><a href=\"https:\/\/alexnabytok.sk\/materskeskoly\/kategoria\/stolicky-a-stoly-pre-mateske-skoly-a-jasle\/stoly-s-drevenou-kostrou\/\">Stoly s drevenou kostrou<\/a><\/h3><\/div><\/div><\/li>\n\r\n\t<li class=\"portfolio_item isotope-item\"><div class=\"portfolio_item_holder\"><figure class=\"thumbnail thumbnail__portfolio\"><a href=\"https:\/\/alexnabytok.sk\/materskeskoly\/kategoria\/stolicky-a-stoly-pre-mateske-skoly-a-jasle\/celodrevene-stoly\/\" class=\"image-wrap\"><img decoding=\"async\" src=\"https:\/\/alexnabytok.sk\/materskeskoly\/wp-content\/uploads\/2017\/05\/Ovodabutor_kategoria_1-6-Fa_ovodai_asztalok.jpg\" alt=\"Celodreven\u00e9 stoly\"><\/a><\/figure><div class=\"caption caption__portfolio\"><h3><a href=\"https:\/\/alexnabytok.sk\/materskeskoly\/kategoria\/stolicky-a-stoly-pre-mateske-skoly-a-jasle\/celodrevene-stoly\/\">Celodreven\u00e9 stoly<\/a><\/h3><\/div><\/div><\/li>\n\r\n\t<li class=\"portfolio_item isotope-item\"><div class=\"portfolio_item_holder\"><figure class=\"thumbnail thumbnail__portfolio\"><a href=\"https:\/\/alexnabytok.sk\/materskeskoly\/kategoria\/stolicky-a-stoly-pre-mateske-skoly-a-jasle\/plastove-stoly\/\" class=\"image-wrap\"><img decoding=\"async\" src=\"https:\/\/alexnabytok.sk\/materskeskoly\/wp-content\/uploads\/2017\/05\/Ovodabutor_kategoria_1-7-Muanyag_ovodai_asztalok.jpg\" alt=\"Plastov\u00e9 stoly\"><\/a><\/figure><div class=\"caption caption__portfolio\"><h3><a href=\"https:\/\/alexnabytok.sk\/materskeskoly\/kategoria\/stolicky-a-stoly-pre-mateske-skoly-a-jasle\/plastove-stoly\/\">Plastov\u00e9 stoly<\/a><\/h3><\/div><\/div><\/li>\n\r\n\t<li class=\"portfolio_item isotope-item\"><div class=\"portfolio_item_holder\"><figure class=\"thumbnail thumbnail__portfolio\"><a href=\"https:\/\/alexnabytok.sk\/materskeskoly\/kategoria\/stolicky-a-stoly-pre-mateske-skoly-a-jasle\/relaxacne-segmenty\/\" class=\"image-wrap\"><img decoding=\"async\" src=\"https:\/\/alexnabytok.sk\/materskeskoly\/wp-content\/uploads\/2017\/05\/Ovodabutor_kategoria_1-8-Pihenobutorok.jpg\" alt=\"Relaxa\u010dn\u00e9 segmenty\"><\/a><\/figure><div class=\"caption caption__portfolio\"><h3><a href=\"https:\/\/alexnabytok.sk\/materskeskoly\/kategoria\/stolicky-a-stoly-pre-mateske-skoly-a-jasle\/relaxacne-segmenty\/\">Relaxa\u010dn\u00e9 segmenty<\/a><\/h3><\/div><\/div><\/li>\n","protected":false},"excerpt":{"rendered":"","protected":false},"author":1,"featured_media":0,"parent":10,"menu_order":0,"comment_status":"closed","ping_status":"closed","template":"page-Portfolio2Cols-alexsub.php","meta":{"footnotes":""},"class_list":["post-41777","page","type-page","status-publish","hentry"],"yoast_head":"<!-- This site is optimized with the Yoast SEO plugin v24.7 - https:\/\/yoast.com\/wordpress\/plugins\/seo\/ -->\n<title>Stoli\u010dky a stoly pre matesk\u00e9 \u0161koly a jasle - N\u00c1BYTOK PRE MATERSK\u00c9 \u0160KOLY<\/title>\n<meta name=\"robots\" content=\"index, follow, max-snippet:-1, max-image-preview:large, max-video-preview:-1\" \/>\n<link rel=\"canonical\" href=\"https:\/\/alexnabytok.sk\/materskeskoly\/kategoria\/stolicky-a-stoly-pre-mateske-skoly-a-jasle\/\" \/>\n<meta property=\"og:locale\" content=\"sk_SK\" \/>\n<meta property=\"og:type\" content=\"article\" \/>\n<meta property=\"og:title\" content=\"Stoli\u010dky a stoly pre matesk\u00e9 \u0161koly a jasle - N\u00c1BYTOK PRE MATERSK\u00c9 \u0160KOLY\" \/>\n<meta property=\"og:url\" content=\"https:\/\/alexnabytok.sk\/materskeskoly\/kategoria\/stolicky-a-stoly-pre-mateske-skoly-a-jasle\/\" \/>\n<meta property=\"og:site_name\" content=\"N\u00c1BYTOK PRE MATERSK\u00c9 \u0160KOLY\" \/>\n<meta property=\"article:modified_time\" content=\"2017-10-18T06:14:45+00:00\" \/>\n<meta name=\"twitter:card\" content=\"summary_large_image\" \/>\n<meta name=\"twitter:label1\" content=\"Est. reading time\" \/>\n\t<meta name=\"twitter:data1\" content=\"1 minute\" \/>\n<script type=\"application\/ld+json\" class=\"yoast-schema-graph\">{\"@context\":\"https:\/\/schema.org\",\"@graph\":[{\"@type\":\"WebPage\",\"@id\":\"https:\/\/alexnabytok.sk\/materskeskoly\/kategoria\/stolicky-a-stoly-pre-mateske-skoly-a-jasle\/\",\"url\":\"https:\/\/alexnabytok.sk\/materskeskoly\/kategoria\/stolicky-a-stoly-pre-mateske-skoly-a-jasle\/\",\"name\":\"Stoli\u010dky a stoly pre matesk\u00e9 \u0161koly a jasle - N\u00c1BYTOK PRE MATERSK\u00c9 \u0160KOLY\",\"isPartOf\":{\"@id\":\"https:\/\/alexnabytok.sk\/materskeskoly\/#website\"},\"datePublished\":\"2017-05-08T08:42:58+00:00\",\"dateModified\":\"2017-10-18T06:14:45+00:00\",\"breadcrumb\":{\"@id\":\"https:\/\/alexnabytok.sk\/materskeskoly\/kategoria\/stolicky-a-stoly-pre-mateske-skoly-a-jasle\/#breadcrumb\"},\"inLanguage\":\"en-US\",\"potentialAction\":[{\"@type\":\"ReadAction\",\"target\":[\"https:\/\/alexnabytok.sk\/materskeskoly\/kategoria\/stolicky-a-stoly-pre-mateske-skoly-a-jasle\/\"]}]},{\"@type\":\"BreadcrumbList\",\"@id\":\"https:\/\/alexnabytok.sk\/materskeskoly\/kategoria\/stolicky-a-stoly-pre-mateske-skoly-a-jasle\/#breadcrumb\",\"itemListElement\":[{\"@type\":\"ListItem\",\"position\":1,\"name\":\"Home\",\"item\":\"https:\/\/alexnabytok.sk\/materskeskoly\/\"},{\"@type\":\"ListItem\",\"position\":2,\"name\":\"Produkty\",\"item\":\"https:\/\/alexnabytok.sk\/materskeskoly\/kategoria\/\"},{\"@type\":\"ListItem\",\"position\":3,\"name\":\"Stoli\u010dky a stoly pre matesk\u00e9 \u0161koly a jasle\"}]},{\"@type\":\"WebSite\",\"@id\":\"https:\/\/alexnabytok.sk\/materskeskoly\/#website\",\"url\":\"https:\/\/alexnabytok.sk\/materskeskoly\/\",\"name\":\"N\u00c1BYTOK PRE MATERSK\u00c9 \u0160KOLY\",\"description\":\"Alex kovov\u00fd a \u0161kolsk\u00fd n\u00e1bytok s.r.o.\",\"potentialAction\":[{\"@type\":\"SearchAction\",\"target\":{\"@type\":\"EntryPoint\",\"urlTemplate\":\"https:\/\/alexnabytok.sk\/materskeskoly\/?s={search_term_string}\"},\"query-input\":{\"@type\":\"PropertyValueSpecification\",\"valueRequired\":true,\"valueName\":\"search_term_string\"}}],\"inLanguage\":\"en-US\"}]}<\/script>\n<!-- \/ Yoast SEO plugin. -->","yoast_head_json":{"title":"Stoli\u010dky a stoly pre matesk\u00e9 \u0161koly a jasle - N\u00c1BYTOK PRE MATERSK\u00c9 \u0160KOLY","robots":{"index":"index","follow":"follow","max-snippet":"max-snippet:-1","max-image-preview":"max-image-preview:large","max-video-preview":"max-video-preview:-1"},"canonical":"https:\/\/alexnabytok.sk\/materskeskoly\/kategoria\/stolicky-a-stoly-pre-mateske-skoly-a-jasle\/","og_locale":"sk_SK","og_type":"article","og_title":"Stoli\u010dky a stoly pre matesk\u00e9 \u0161koly a jasle - N\u00c1BYTOK PRE MATERSK\u00c9 \u0160KOLY","og_url":"https:\/\/alexnabytok.sk\/materskeskoly\/kategoria\/stolicky-a-stoly-pre-mateske-skoly-a-jasle\/","og_site_name":"N\u00c1BYTOK PRE MATERSK\u00c9 \u0160KOLY","article_modified_time":"2017-10-18T06:14:45+00:00","twitter_card":"summary_large_image","twitter_misc":{"Est. reading time":"1 minute"},"schema":{"@context":"https:\/\/schema.org","@graph":[{"@type":"WebPage","@id":"https:\/\/alexnabytok.sk\/materskeskoly\/kategoria\/stolicky-a-stoly-pre-mateske-skoly-a-jasle\/","url":"https:\/\/alexnabytok.sk\/materskeskoly\/kategoria\/stolicky-a-stoly-pre-mateske-skoly-a-jasle\/","name":"Stoli\u010dky a stoly pre matesk\u00e9 \u0161koly a jasle - N\u00c1BYTOK PRE MATERSK\u00c9 \u0160KOLY","isPartOf":{"@id":"https:\/\/alexnabytok.sk\/materskeskoly\/#website"},"datePublished":"2017-05-08T08:42:58+00:00","dateModified":"2017-10-18T06:14:45+00:00","breadcrumb":{"@id":"https:\/\/alexnabytok.sk\/materskeskoly\/kategoria\/stolicky-a-stoly-pre-mateske-skoly-a-jasle\/#breadcrumb"},"inLanguage":"en-US","potentialAction":[{"@type":"ReadAction","target":["https:\/\/alexnabytok.sk\/materskeskoly\/kategoria\/stolicky-a-stoly-pre-mateske-skoly-a-jasle\/"]}]},{"@type":"BreadcrumbList","@id":"https:\/\/alexnabytok.sk\/materskeskoly\/kategoria\/stolicky-a-stoly-pre-mateske-skoly-a-jasle\/#breadcrumb","itemListElement":[{"@type":"ListItem","position":1,"name":"Home","item":"https:\/\/alexnabytok.sk\/materskeskoly\/"},{"@type":"ListItem","position":2,"name":"Produkty","item":"https:\/\/alexnabytok.sk\/materskeskoly\/kategoria\/"},{"@type":"ListItem","position":3,"name":"Stoli\u010dky a stoly pre matesk\u00e9 \u0161koly a jasle"}]},{"@type":"WebSite","@id":"https:\/\/alexnabytok.sk\/materskeskoly\/#website","url":"https:\/\/alexnabytok.sk\/materskeskoly\/","name":"N\u00c1BYTOK PRE MATERSK\u00c9 \u0160KOLY","description":"Alex kovov\u00fd a \u0161kolsk\u00fd n\u00e1bytok s.r.o.","potentialAction":[{"@type":"SearchAction","target":{"@type":"EntryPoint","urlTemplate":"https:\/\/alexnabytok.sk\/materskeskoly\/?s={search_term_string}"},"query-input":{"@type":"PropertyValueSpecification","valueRequired":true,"valueName":"search_term_string"}}],"inLanguage":"en-US"}]}},"_links":{"self":[{"href":"https:\/\/alexnabytok.sk\/materskeskoly\/wp-json\/wp\/v2\/pages\/41777","targetHints":{"allow":["GET"]}}],"collection":[{"href":"https:\/\/alexnabytok.sk\/materskeskoly\/wp-json\/wp\/v2\/pages"}],"about":[{"href":"https:\/\/alexnabytok.sk\/materskeskoly\/wp-json\/wp\/v2\/types\/page"}],"author":[{"embeddable":true,"href":"https:\/\/alexnabytok.sk\/materskeskoly\/wp-json\/wp\/v2\/users\/1"}],"replies":[{"embeddable":true,"href":"https:\/\/alexnabytok.sk\/materskeskoly\/wp-json\/wp\/v2\/comments?post=41777"}],"version-history":[{"count":3,"href":"https:\/\/alexnabytok.sk\/materskeskoly\/wp-json\/wp\/v2\/pages\/41777\/revisions"}],"predecessor-version":[{"id":47642,"href":"https:\/\/alexnabytok.sk\/materskeskoly\/wp-json\/wp\/v2\/pages\/41777\/revisions\/47642"}],"up":[{"embeddable":true,"href":"https:\/\/alexnabytok.sk\/materskeskoly\/wp-json\/wp\/v2\/pages\/10"}],"wp:attachment":[{"href":"https:\/\/alexnabytok.sk\/materskeskoly\/wp-json\/wp\/v2\/media?parent=41777"}],"curies":[{"name":"wp","href":"https:\/\/api.w.org\/{rel}","templated":true}]}}