{"id":64720,"date":"2024-11-20T15:16:56","date_gmt":"2024-11-20T15:16:56","guid":{"rendered":"http:\/\/alexnabytok.sk\/materskeskoly\/?page_id=64720"},"modified":"2024-11-20T15:16:56","modified_gmt":"2024-11-20T15:16:56","slug":"skrine-jerry","status":"publish","type":"page","link":"https:\/\/alexnabytok.sk\/materskeskoly\/kategoria\/skrine-pre-materske-skoly-a-jasle\/skrine-jerry\/","title":{"rendered":"Skrine Jerry"},"content":{"rendered":"","protected":false},"excerpt":{"rendered":"","protected":false},"author":1,"featured_media":64722,"parent":41807,"menu_order":0,"comment_status":"closed","ping_status":"closed","template":"page-Portfolio4Cols-filterable.php","meta":{"footnotes":""},"class_list":["post-64720","page","type-page","status-publish","has-post-thumbnail","hentry"],"yoast_head":"<!-- This site is optimized with the Yoast SEO plugin v24.7 - https:\/\/yoast.com\/wordpress\/plugins\/seo\/ -->\n<title>Skrine Jerry - N\u00c1BYTOK PRE MATERSK\u00c9 \u0160KOLY<\/title>\n<meta name=\"robots\" content=\"index, follow, max-snippet:-1, max-image-preview:large, max-video-preview:-1\" \/>\n<link rel=\"canonical\" href=\"https:\/\/alexnabytok.sk\/materskeskoly\/kategoria\/skrine-pre-materske-skoly-a-jasle\/skrine-jerry\/\" \/>\n<meta property=\"og:locale\" content=\"sk_SK\" \/>\n<meta property=\"og:type\" content=\"article\" \/>\n<meta property=\"og:title\" content=\"Skrine Jerry - N\u00c1BYTOK PRE MATERSK\u00c9 \u0160KOLY\" \/>\n<meta property=\"og:url\" content=\"https:\/\/alexnabytok.sk\/materskeskoly\/kategoria\/skrine-pre-materske-skoly-a-jasle\/skrine-jerry\/\" \/>\n<meta property=\"og:site_name\" content=\"N\u00c1BYTOK PRE MATERSK\u00c9 \u0160KOLY\" \/>\n<meta property=\"og:image\" content=\"https:\/\/alexnabytok.sk\/materskeskoly\/wp-content\/uploads\/2024\/11\/jerry-szekreny-osszeallitas-800.jpg\" \/>\n\t<meta property=\"og:image:width\" content=\"800\" \/>\n\t<meta property=\"og:image:height\" content=\"560\" \/>\n\t<meta property=\"og:image:type\" content=\"image\/jpeg\" \/>\n<meta name=\"twitter:card\" content=\"summary_large_image\" \/>\n<script type=\"application\/ld+json\" class=\"yoast-schema-graph\">{\"@context\":\"https:\/\/schema.org\",\"@graph\":[{\"@type\":\"WebPage\",\"@id\":\"https:\/\/alexnabytok.sk\/materskeskoly\/kategoria\/skrine-pre-materske-skoly-a-jasle\/skrine-jerry\/\",\"url\":\"https:\/\/alexnabytok.sk\/materskeskoly\/kategoria\/skrine-pre-materske-skoly-a-jasle\/skrine-jerry\/\",\"name\":\"Skrine Jerry - N\u00c1BYTOK PRE MATERSK\u00c9 \u0160KOLY\",\"isPartOf\":{\"@id\":\"https:\/\/alexnabytok.sk\/materskeskoly\/#website\"},\"primaryImageOfPage\":{\"@id\":\"https:\/\/alexnabytok.sk\/materskeskoly\/kategoria\/skrine-pre-materske-skoly-a-jasle\/skrine-jerry\/#primaryimage\"},\"image\":{\"@id\":\"https:\/\/alexnabytok.sk\/materskeskoly\/kategoria\/skrine-pre-materske-skoly-a-jasle\/skrine-jerry\/#primaryimage\"},\"thumbnailUrl\":\"https:\/\/alexnabytok.sk\/materskeskoly\/wp-content\/uploads\/2024\/11\/jerry-szekreny-osszeallitas-800.jpg\",\"datePublished\":\"2024-11-20T15:16:56+00:00\",\"breadcrumb\":{\"@id\":\"https:\/\/alexnabytok.sk\/materskeskoly\/kategoria\/skrine-pre-materske-skoly-a-jasle\/skrine-jerry\/#breadcrumb\"},\"inLanguage\":\"en-US\",\"potentialAction\":[{\"@type\":\"ReadAction\",\"target\":[\"https:\/\/alexnabytok.sk\/materskeskoly\/kategoria\/skrine-pre-materske-skoly-a-jasle\/skrine-jerry\/\"]}]},{\"@type\":\"ImageObject\",\"inLanguage\":\"en-US\",\"@id\":\"https:\/\/alexnabytok.sk\/materskeskoly\/kategoria\/skrine-pre-materske-skoly-a-jasle\/skrine-jerry\/#primaryimage\",\"url\":\"https:\/\/alexnabytok.sk\/materskeskoly\/wp-content\/uploads\/2024\/11\/jerry-szekreny-osszeallitas-800.jpg\",\"contentUrl\":\"https:\/\/alexnabytok.sk\/materskeskoly\/wp-content\/uploads\/2024\/11\/jerry-szekreny-osszeallitas-800.jpg\",\"width\":800,\"height\":560},{\"@type\":\"BreadcrumbList\",\"@id\":\"https:\/\/alexnabytok.sk\/materskeskoly\/kategoria\/skrine-pre-materske-skoly-a-jasle\/skrine-jerry\/#breadcrumb\",\"itemListElement\":[{\"@type\":\"ListItem\",\"position\":1,\"name\":\"Home\",\"item\":\"https:\/\/alexnabytok.sk\/materskeskoly\/\"},{\"@type\":\"ListItem\",\"position\":2,\"name\":\"Produkty\",\"item\":\"https:\/\/alexnabytok.sk\/materskeskoly\/kategoria\/\"},{\"@type\":\"ListItem\",\"position\":3,\"name\":\"Skrine pre matersk\u00e9 \u0161koly a jasle\",\"item\":\"https:\/\/alexnabytok.sk\/materskeskoly\/kategoria\/skrine-pre-materske-skoly-a-jasle\/\"},{\"@type\":\"ListItem\",\"position\":4,\"name\":\"Skrine Jerry\"}]},{\"@type\":\"WebSite\",\"@id\":\"https:\/\/alexnabytok.sk\/materskeskoly\/#website\",\"url\":\"https:\/\/alexnabytok.sk\/materskeskoly\/\",\"name\":\"N\u00c1BYTOK PRE MATERSK\u00c9 \u0160KOLY\",\"description\":\"Alex kovov\u00fd a \u0161kolsk\u00fd n\u00e1bytok s.r.o.\",\"potentialAction\":[{\"@type\":\"SearchAction\",\"target\":{\"@type\":\"EntryPoint\",\"urlTemplate\":\"https:\/\/alexnabytok.sk\/materskeskoly\/?s={search_term_string}\"},\"query-input\":{\"@type\":\"PropertyValueSpecification\",\"valueRequired\":true,\"valueName\":\"search_term_string\"}}],\"inLanguage\":\"en-US\"}]}<\/script>\n<!-- \/ Yoast SEO plugin. -->","yoast_head_json":{"title":"Skrine Jerry - N\u00c1BYTOK PRE MATERSK\u00c9 \u0160KOLY","robots":{"index":"index","follow":"follow","max-snippet":"max-snippet:-1","max-image-preview":"max-image-preview:large","max-video-preview":"max-video-preview:-1"},"canonical":"https:\/\/alexnabytok.sk\/materskeskoly\/kategoria\/skrine-pre-materske-skoly-a-jasle\/skrine-jerry\/","og_locale":"sk_SK","og_type":"article","og_title":"Skrine Jerry - N\u00c1BYTOK PRE MATERSK\u00c9 \u0160KOLY","og_url":"https:\/\/alexnabytok.sk\/materskeskoly\/kategoria\/skrine-pre-materske-skoly-a-jasle\/skrine-jerry\/","og_site_name":"N\u00c1BYTOK PRE MATERSK\u00c9 \u0160KOLY","og_image":[{"width":800,"height":560,"url":"https:\/\/alexnabytok.sk\/materskeskoly\/wp-content\/uploads\/2024\/11\/jerry-szekreny-osszeallitas-800.jpg","type":"image\/jpeg"}],"twitter_card":"summary_large_image","schema":{"@context":"https:\/\/schema.org","@graph":[{"@type":"WebPage","@id":"https:\/\/alexnabytok.sk\/materskeskoly\/kategoria\/skrine-pre-materske-skoly-a-jasle\/skrine-jerry\/","url":"https:\/\/alexnabytok.sk\/materskeskoly\/kategoria\/skrine-pre-materske-skoly-a-jasle\/skrine-jerry\/","name":"Skrine Jerry - N\u00c1BYTOK PRE MATERSK\u00c9 \u0160KOLY","isPartOf":{"@id":"https:\/\/alexnabytok.sk\/materskeskoly\/#website"},"primaryImageOfPage":{"@id":"https:\/\/alexnabytok.sk\/materskeskoly\/kategoria\/skrine-pre-materske-skoly-a-jasle\/skrine-jerry\/#primaryimage"},"image":{"@id":"https:\/\/alexnabytok.sk\/materskeskoly\/kategoria\/skrine-pre-materske-skoly-a-jasle\/skrine-jerry\/#primaryimage"},"thumbnailUrl":"https:\/\/alexnabytok.sk\/materskeskoly\/wp-content\/uploads\/2024\/11\/jerry-szekreny-osszeallitas-800.jpg","datePublished":"2024-11-20T15:16:56+00:00","breadcrumb":{"@id":"https:\/\/alexnabytok.sk\/materskeskoly\/kategoria\/skrine-pre-materske-skoly-a-jasle\/skrine-jerry\/#breadcrumb"},"inLanguage":"en-US","potentialAction":[{"@type":"ReadAction","target":["https:\/\/alexnabytok.sk\/materskeskoly\/kategoria\/skrine-pre-materske-skoly-a-jasle\/skrine-jerry\/"]}]},{"@type":"ImageObject","inLanguage":"en-US","@id":"https:\/\/alexnabytok.sk\/materskeskoly\/kategoria\/skrine-pre-materske-skoly-a-jasle\/skrine-jerry\/#primaryimage","url":"https:\/\/alexnabytok.sk\/materskeskoly\/wp-content\/uploads\/2024\/11\/jerry-szekreny-osszeallitas-800.jpg","contentUrl":"https:\/\/alexnabytok.sk\/materskeskoly\/wp-content\/uploads\/2024\/11\/jerry-szekreny-osszeallitas-800.jpg","width":800,"height":560},{"@type":"BreadcrumbList","@id":"https:\/\/alexnabytok.sk\/materskeskoly\/kategoria\/skrine-pre-materske-skoly-a-jasle\/skrine-jerry\/#breadcrumb","itemListElement":[{"@type":"ListItem","position":1,"name":"Home","item":"https:\/\/alexnabytok.sk\/materskeskoly\/"},{"@type":"ListItem","position":2,"name":"Produkty","item":"https:\/\/alexnabytok.sk\/materskeskoly\/kategoria\/"},{"@type":"ListItem","position":3,"name":"Skrine pre matersk\u00e9 \u0161koly a jasle","item":"https:\/\/alexnabytok.sk\/materskeskoly\/kategoria\/skrine-pre-materske-skoly-a-jasle\/"},{"@type":"ListItem","position":4,"name":"Skrine Jerry"}]},{"@type":"WebSite","@id":"https:\/\/alexnabytok.sk\/materskeskoly\/#website","url":"https:\/\/alexnabytok.sk\/materskeskoly\/","name":"N\u00c1BYTOK PRE MATERSK\u00c9 \u0160KOLY","description":"Alex kovov\u00fd a \u0161kolsk\u00fd n\u00e1bytok s.r.o.","potentialAction":[{"@type":"SearchAction","target":{"@type":"EntryPoint","urlTemplate":"https:\/\/alexnabytok.sk\/materskeskoly\/?s={search_term_string}"},"query-input":{"@type":"PropertyValueSpecification","valueRequired":true,"valueName":"search_term_string"}}],"inLanguage":"en-US"}]}},"_links":{"self":[{"href":"https:\/\/alexnabytok.sk\/materskeskoly\/wp-json\/wp\/v2\/pages\/64720","targetHints":{"allow":["GET"]}}],"collection":[{"href":"https:\/\/alexnabytok.sk\/materskeskoly\/wp-json\/wp\/v2\/pages"}],"about":[{"href":"https:\/\/alexnabytok.sk\/materskeskoly\/wp-json\/wp\/v2\/types\/page"}],"author":[{"embeddable":true,"href":"https:\/\/alexnabytok.sk\/materskeskoly\/wp-json\/wp\/v2\/users\/1"}],"replies":[{"embeddable":true,"href":"https:\/\/alexnabytok.sk\/materskeskoly\/wp-json\/wp\/v2\/comments?post=64720"}],"version-history":[{"count":1,"href":"https:\/\/alexnabytok.sk\/materskeskoly\/wp-json\/wp\/v2\/pages\/64720\/revisions"}],"predecessor-version":[{"id":64726,"href":"https:\/\/alexnabytok.sk\/materskeskoly\/wp-json\/wp\/v2\/pages\/64720\/revisions\/64726"}],"up":[{"embeddable":true,"href":"https:\/\/alexnabytok.sk\/materskeskoly\/wp-json\/wp\/v2\/pages\/41807"}],"wp:featuredmedia":[{"embeddable":true,"href":"https:\/\/alexnabytok.sk\/materskeskoly\/wp-json\/wp\/v2\/media\/64722"}],"wp:attachment":[{"href":"https:\/\/alexnabytok.sk\/materskeskoly\/wp-json\/wp\/v2\/media?parent=64720"}],"curies":[{"name":"wp","href":"https:\/\/api.w.org\/{rel}","templated":true}]}}