{"id":11,"date":"2016-06-08T07:58:01","date_gmt":"2016-06-08T07:58:01","guid":{"rendered":"http:\/\/szallodabutor.hu\/?page_id=11"},"modified":"2017-06-07T12:05:04","modified_gmt":"2017-06-07T12:05:04","slug":"akcie","status":"publish","type":"page","link":"https:\/\/alexnabytok.sk\/satnovynabytok\/akcie\/","title":{"rendered":"Akcie"},"content":{"rendered":"<div class=\"row \">\n\r\n\t<div class=\"span4 \">\r\n\t  <ul class=\"alex-fooldal-top-termek\">\r\n\t\t<li class=\"portfolio_item isotope-item\">\r\n\t\t  <div class=\"portfolio_item_holder\">\r\n\t\t\t<figure class=\"thumbnail thumbnail__portfolio\"><a href=\"https:\/\/alexnabytok.sk\/satnovynabytok\/produkty\/satnove-skrine\/drevene-satnove-skrine\/satnove-skrine-s-lavickou\/otb-ups-060-04-l-fitt-30-satnova-skrina-4-miestna-delene-dvere-s-lavickou\/\" class=\"image-wrap\" title=\"FITT 30 Delen\u00e1\"><img decoding=\"async\" src=\"https:\/\/alexnabytok.sk\/satnovynabytok\/wp-content\/uploads\/2016\/06\/ALEX_Fitt_30_osztott_4_szemelyes_oltozoszekreny_akcio.jpg\" alt=\"FITT 30 Delen\u00e1\"><\/a><\/figure>\r\n\t\t\t<div class=\"caption caption__portfolio\">\r\n\t\t\t  <h3><a href=\"https:\/\/alexnabytok.sk\/satnovynabytok\/produkty\/satnove-skrine\/drevene-satnove-skrine\/satnove-skrine-s-lavickou\/otb-ups-060-04-l-fitt-30-satnova-skrina-4-miestna-delene-dvere-s-lavickou\/\">FITT 30 Delen\u00e1<\/a><\/h3>\r\n\t\t\t<\/div>\r\n\t\t  <\/div>\r\n\t\t<\/li>\r\n\t  <\/ul>\r\n\t  <div class=\"spacer\"><\/div><!-- .spacer (end) -->\r\n\t<\/div>\n\r\n\t<div class=\"span4 \">\r\n\t  <ul class=\"alex-fooldal-top-termek\">\r\n\t\t<li class=\"portfolio_item isotope-item\">\r\n\t\t  <div class=\"portfolio_item_holder\">\r\n\t\t\t<figure class=\"thumbnail thumbnail__portfolio\"><a href=\"https:\/\/alexnabytok.sk\/satnovynabytok\/produkty\/satnove-skrine\/drevene-satnove-skrine\/satnove-skrine-s-lavickou\/otb-ups-090-03-l-fitt-30-satnova-skrina-3-miestna-s-lavickou\/\" class=\"image-wrap\" title=\"FITT 30 s dlh\u00fdmi dverami\"><img decoding=\"async\" src=\"https:\/\/alexnabytok.sk\/satnovynabytok\/wp-content\/uploads\/2016\/06\/ALEX_Fitt_30_hosszuajtos_3_szemelyes_oltozoszekreny_akcio.jpg\" alt=\"FITT 30 s dlh\u00fdmi dverami\"><\/a><\/figure>\r\n\t\t\t<div class=\"caption caption__portfolio\">\r\n\t\t\t  <h3><a href=\"https:\/\/alexnabytok.sk\/satnovynabytok\/produkty\/satnove-skrine\/drevene-satnove-skrine\/satnove-skrine-s-lavickou\/otb-ups-090-03-l-fitt-30-satnova-skrina-3-miestna-s-lavickou\/\">FITT 30 s dlh\u00fdmi dverami<\/a><\/h3>\r\n\t\t\t<\/div>\r\n\t\t  <\/div>\r\n\t\t<\/li>\r\n\t  <\/ul>\r\n\t  <div class=\"spacer\"><\/div><!-- .spacer (end) -->\r\n\t<\/div>\n\r\n\t<div class=\"span4 \">\r\n\t  <ul class=\"alex-fooldal-top-termek\">\r\n\t\t<li class=\"portfolio_item isotope-item\">\r\n\t\t  <div class=\"portfolio_item_holder\">\r\n\t\t\t<figure class=\"thumbnail thumbnail__portfolio\"><a href=\"https:\/\/alexnabytok.sk\/satnovynabytok\/produkty\/lavicky-na-prezliekanie\/fitt-lavicky-na-prezliekanie\/otb-01p-190-40-40-fitt-satnova-lavica-so-190-cm-sirokym-sedakom\/\" class=\"image-wrap\" title=\"FITT lavi\u010dka 190 cm\"><img decoding=\"async\" src=\"https:\/\/alexnabytok.sk\/satnovynabytok\/wp-content\/uploads\/2016\/06\/ALEX_Fitt_pad_190_cm-es_tamla_nelkul_akcio.jpg\" alt=\"FITT lavi\u010dka 190 cm\"><\/a><\/figure>\r\n\t\t\t<div class=\"caption caption__portfolio\">\r\n\t\t\t  <h3><a href=\"https:\/\/alexnabytok.sk\/satnovynabytok\/produkty\/lavicky-na-prezliekanie\/fitt-lavicky-na-prezliekanie\/otb-01p-190-40-40-fitt-satnova-lavica-so-190-cm-sirokym-sedakom\/\">FITT lavi\u010dka 190 cm<\/a><\/h3>\r\n\t\t\t<\/div>\r\n\t\t  <\/div>\r\n\t\t<\/li>\r\n\t  <\/ul>\r\n\t  <div class=\"spacer\"><\/div><!-- .spacer (end) -->\r\n\t<\/div>\n<\/div><!-- .row (end) -->\n","protected":false},"excerpt":{"rendered":"","protected":false},"author":3,"featured_media":0,"parent":0,"menu_order":0,"comment_status":"closed","ping_status":"closed","template":"page-fullwidth.php","meta":{"footnotes":""},"class_list":["post-11","page","type-page","status-publish","hentry"],"yoast_head":"<!-- This site is optimized with the Yoast SEO plugin v24.7 - https:\/\/yoast.com\/wordpress\/plugins\/seo\/ -->\n<title>Akcie - \u0160AT\u0147OV\u00dd N\u00c1BYTOK<\/title>\n<meta name=\"robots\" content=\"index, follow, max-snippet:-1, max-image-preview:large, max-video-preview:-1\" \/>\n<link rel=\"canonical\" href=\"https:\/\/alexnabytok.sk\/satnovynabytok\/akcie\/\" \/>\n<meta property=\"og:locale\" content=\"sk_SK\" \/>\n<meta property=\"og:type\" content=\"article\" \/>\n<meta property=\"og:title\" content=\"Akcie - \u0160AT\u0147OV\u00dd N\u00c1BYTOK\" \/>\n<meta property=\"og:url\" content=\"https:\/\/alexnabytok.sk\/satnovynabytok\/akcie\/\" \/>\n<meta property=\"og:site_name\" content=\"\u0160AT\u0147OV\u00dd N\u00c1BYTOK\" \/>\n<meta property=\"article:modified_time\" content=\"2017-06-07T12:05:04+00:00\" \/>\n<meta name=\"twitter:card\" content=\"summary_large_image\" \/>\n<meta name=\"twitter:label1\" content=\"Est. reading time\" \/>\n\t<meta name=\"twitter:data1\" content=\"1 minute\" \/>\n<script type=\"application\/ld+json\" class=\"yoast-schema-graph\">{\"@context\":\"https:\/\/schema.org\",\"@graph\":[{\"@type\":\"WebPage\",\"@id\":\"https:\/\/alexnabytok.sk\/satnovynabytok\/akcie\/\",\"url\":\"https:\/\/alexnabytok.sk\/satnovynabytok\/akcie\/\",\"name\":\"Akcie - \u0160AT\u0147OV\u00dd N\u00c1BYTOK\",\"isPartOf\":{\"@id\":\"https:\/\/alexnabytok.sk\/satnovynabytok\/#website\"},\"datePublished\":\"2016-06-08T07:58:01+00:00\",\"dateModified\":\"2017-06-07T12:05:04+00:00\",\"breadcrumb\":{\"@id\":\"https:\/\/alexnabytok.sk\/satnovynabytok\/akcie\/#breadcrumb\"},\"inLanguage\":\"en-US\",\"potentialAction\":[{\"@type\":\"ReadAction\",\"target\":[\"https:\/\/alexnabytok.sk\/satnovynabytok\/akcie\/\"]}]},{\"@type\":\"BreadcrumbList\",\"@id\":\"https:\/\/alexnabytok.sk\/satnovynabytok\/akcie\/#breadcrumb\",\"itemListElement\":[{\"@type\":\"ListItem\",\"position\":1,\"name\":\"Home\",\"item\":\"https:\/\/alexnabytok.sk\/satnovynabytok\/\"},{\"@type\":\"ListItem\",\"position\":2,\"name\":\"Akcie\"}]},{\"@type\":\"WebSite\",\"@id\":\"https:\/\/alexnabytok.sk\/satnovynabytok\/#website\",\"url\":\"https:\/\/alexnabytok.sk\/satnovynabytok\/\",\"name\":\"\u0160AT\u0147OV\u00dd N\u00c1BYTOK\",\"description\":\"Alex kovov\u00fd a \u0161kolsk\u00fd n\u00e1bytok s.r.o.\",\"potentialAction\":[{\"@type\":\"SearchAction\",\"target\":{\"@type\":\"EntryPoint\",\"urlTemplate\":\"https:\/\/alexnabytok.sk\/satnovynabytok\/?s={search_term_string}\"},\"query-input\":{\"@type\":\"PropertyValueSpecification\",\"valueRequired\":true,\"valueName\":\"search_term_string\"}}],\"inLanguage\":\"en-US\"}]}<\/script>\n<!-- \/ Yoast SEO plugin. -->","yoast_head_json":{"title":"Akcie - \u0160AT\u0147OV\u00dd N\u00c1BYTOK","robots":{"index":"index","follow":"follow","max-snippet":"max-snippet:-1","max-image-preview":"max-image-preview:large","max-video-preview":"max-video-preview:-1"},"canonical":"https:\/\/alexnabytok.sk\/satnovynabytok\/akcie\/","og_locale":"sk_SK","og_type":"article","og_title":"Akcie - \u0160AT\u0147OV\u00dd N\u00c1BYTOK","og_url":"https:\/\/alexnabytok.sk\/satnovynabytok\/akcie\/","og_site_name":"\u0160AT\u0147OV\u00dd N\u00c1BYTOK","article_modified_time":"2017-06-07T12:05:04+00:00","twitter_card":"summary_large_image","twitter_misc":{"Est. reading time":"1 minute"},"schema":{"@context":"https:\/\/schema.org","@graph":[{"@type":"WebPage","@id":"https:\/\/alexnabytok.sk\/satnovynabytok\/akcie\/","url":"https:\/\/alexnabytok.sk\/satnovynabytok\/akcie\/","name":"Akcie - \u0160AT\u0147OV\u00dd N\u00c1BYTOK","isPartOf":{"@id":"https:\/\/alexnabytok.sk\/satnovynabytok\/#website"},"datePublished":"2016-06-08T07:58:01+00:00","dateModified":"2017-06-07T12:05:04+00:00","breadcrumb":{"@id":"https:\/\/alexnabytok.sk\/satnovynabytok\/akcie\/#breadcrumb"},"inLanguage":"en-US","potentialAction":[{"@type":"ReadAction","target":["https:\/\/alexnabytok.sk\/satnovynabytok\/akcie\/"]}]},{"@type":"BreadcrumbList","@id":"https:\/\/alexnabytok.sk\/satnovynabytok\/akcie\/#breadcrumb","itemListElement":[{"@type":"ListItem","position":1,"name":"Home","item":"https:\/\/alexnabytok.sk\/satnovynabytok\/"},{"@type":"ListItem","position":2,"name":"Akcie"}]},{"@type":"WebSite","@id":"https:\/\/alexnabytok.sk\/satnovynabytok\/#website","url":"https:\/\/alexnabytok.sk\/satnovynabytok\/","name":"\u0160AT\u0147OV\u00dd N\u00c1BYTOK","description":"Alex kovov\u00fd a \u0161kolsk\u00fd n\u00e1bytok s.r.o.","potentialAction":[{"@type":"SearchAction","target":{"@type":"EntryPoint","urlTemplate":"https:\/\/alexnabytok.sk\/satnovynabytok\/?s={search_term_string}"},"query-input":{"@type":"PropertyValueSpecification","valueRequired":true,"valueName":"search_term_string"}}],"inLanguage":"en-US"}]}},"_links":{"self":[{"href":"https:\/\/alexnabytok.sk\/satnovynabytok\/wp-json\/wp\/v2\/pages\/11","targetHints":{"allow":["GET"]}}],"collection":[{"href":"https:\/\/alexnabytok.sk\/satnovynabytok\/wp-json\/wp\/v2\/pages"}],"about":[{"href":"https:\/\/alexnabytok.sk\/satnovynabytok\/wp-json\/wp\/v2\/types\/page"}],"author":[{"embeddable":true,"href":"https:\/\/alexnabytok.sk\/satnovynabytok\/wp-json\/wp\/v2\/users\/3"}],"replies":[{"embeddable":true,"href":"https:\/\/alexnabytok.sk\/satnovynabytok\/wp-json\/wp\/v2\/comments?post=11"}],"version-history":[{"count":3,"href":"https:\/\/alexnabytok.sk\/satnovynabytok\/wp-json\/wp\/v2\/pages\/11\/revisions"}],"predecessor-version":[{"id":49610,"href":"https:\/\/alexnabytok.sk\/satnovynabytok\/wp-json\/wp\/v2\/pages\/11\/revisions\/49610"}],"wp:attachment":[{"href":"https:\/\/alexnabytok.sk\/satnovynabytok\/wp-json\/wp\/v2\/media?parent=11"}],"curies":[{"name":"wp","href":"https:\/\/api.w.org\/{rel}","templated":true}]}}