{"id":13,"date":"2016-06-08T07:58:17","date_gmt":"2016-06-08T07:58:17","guid":{"rendered":"http:\/\/szallodabutor.hu\/?page_id=13"},"modified":"2026-02-09T16:58:23","modified_gmt":"2026-02-09T16:58:23","slug":"katalogy","status":"publish","type":"page","link":"https:\/\/alexnabytok.sk\/satnovynabytok\/katalogy\/","title":{"rendered":"Katal\u00f3gy"},"content":{"rendered":"<div class=\"row \"><div class=\"span12 \"><strong>Pre r\u00fdchle zobrazenie katal\u00f3gov pros\u00edm kliknite na foto.<\/strong><\/div><\/div><!-- .row (end) -->\n<div class=\"row \">\n<div class=\"span6 \"><a href=\"https:\/\/alexnabytok.sk\/satnovynabytok\/katalogy\/satnove-skrine-satnove-lavice\/\"><img loading=\"lazy\" decoding=\"async\" src=\"https:\/\/alexnabytok.sk\/satnovynabytok\/wp-content\/uploads\/2026\/02\/mockup.png\" alt=\"\" width=\"1920\" height=\"1206\" class=\"aligncenter size-full wp-image-51986\" \/><\/a><\/p>\n<h3>\u0160at\u0148ov\u00e9 skrine, \u0160at\u0148ov\u00e9 lavice<\/h3>\n<p><a href=\"https:\/\/alexnabytok.sk\/satnovynabytok\/wp-content\/uploads\/2026\/02\/oltozo-sk-web.pdf\" target=\"_blank\" rel=\"noopener noreferrer\"><\/p>\n<p>PDF na stiahnutie<\/p>\n<p><\/a><br \/><\/div>\n<div class=\"span6 \"><a href=\"https:\/\/alexnabytok.sk\/satnovynabytok\/katalogy\/priemyselny-katalog\/\"><img loading=\"lazy\" decoding=\"async\" src=\"https:\/\/alexnabytok.sk\/satnovynabytok\/wp-content\/uploads\/2020\/06\/satnovy-nabytok_2020_SK_mockup-1024x643.png\" alt=\"\" width=\"604\" height=\"379\" class=\"aligncenter size-large wp-image-51993\" srcset=\"https:\/\/alexnabytok.sk\/satnovynabytok\/wp-content\/uploads\/2020\/06\/satnovy-nabytok_2020_SK_mockup-1024x643.png 1024w, https:\/\/alexnabytok.sk\/satnovynabytok\/wp-content\/uploads\/2020\/06\/satnovy-nabytok_2020_SK_mockup-300x188.png 300w, https:\/\/alexnabytok.sk\/satnovynabytok\/wp-content\/uploads\/2020\/06\/satnovy-nabytok_2020_SK_mockup-768x482.png 768w, https:\/\/alexnabytok.sk\/satnovynabytok\/wp-content\/uploads\/2020\/06\/satnovy-nabytok_2020_SK_mockup-1536x965.png 1536w, https:\/\/alexnabytok.sk\/satnovynabytok\/wp-content\/uploads\/2020\/06\/satnovy-nabytok_2020_SK_mockup-398x250.png 398w, https:\/\/alexnabytok.sk\/satnovynabytok\/wp-content\/uploads\/2020\/06\/satnovy-nabytok_2020_SK_mockup-796x500.png 796w, https:\/\/alexnabytok.sk\/satnovynabytok\/wp-content\/uploads\/2020\/06\/satnovy-nabytok_2020_SK_mockup.png 1920w\" sizes=\"auto, (max-width: 604px) 100vw, 604px\" \/><\/a><\/p>\n<h3>PRIEMYSELN\u00dd KATAL\u00d3G<\/h3>\n<p><a href=\"https:\/\/alexnabytok.sk\/satnovynabytok\/wp-content\/uploads\/2020\/05\/satnovy-nabytok_2020_SK.pdf\" target=\"_blank\" rel=\"noopener noreferrer\"><\/p>\n<p>PDF na stiahnutie<\/p>\n<p><\/a><br \/><\/div>\n<\/div><!-- .row (end) -->\n<div class=\"row \">\n<div class=\"span6 \"><a href=\"https:\/\/alexnabytok.sk\/satnovynabytok\/katalogy\/satnovy-nabytok-pre-najlepsie-timy\/\"><img loading=\"lazy\" decoding=\"async\" src=\"https:\/\/alexnabytok.sk\/satnovynabytok\/wp-content\/uploads\/2020\/06\/Mailing_OltozoSZLOVAK_mockup2020.png\" alt=\"\" width=\"1920\" height=\"1206\" class=\"aligncenter size-full wp-image-51986\" srcset=\"https:\/\/alexnabytok.sk\/satnovynabytok\/wp-content\/uploads\/2020\/06\/Mailing_OltozoSZLOVAK_mockup2020.png 1920w, https:\/\/alexnabytok.sk\/satnovynabytok\/wp-content\/uploads\/2020\/06\/Mailing_OltozoSZLOVAK_mockup2020-300x188.png 300w, https:\/\/alexnabytok.sk\/satnovynabytok\/wp-content\/uploads\/2020\/06\/Mailing_OltozoSZLOVAK_mockup2020-1024x643.png 1024w, https:\/\/alexnabytok.sk\/satnovynabytok\/wp-content\/uploads\/2020\/06\/Mailing_OltozoSZLOVAK_mockup2020-768x482.png 768w, https:\/\/alexnabytok.sk\/satnovynabytok\/wp-content\/uploads\/2020\/06\/Mailing_OltozoSZLOVAK_mockup2020-1536x965.png 1536w, https:\/\/alexnabytok.sk\/satnovynabytok\/wp-content\/uploads\/2020\/06\/Mailing_OltozoSZLOVAK_mockup2020-398x250.png 398w, https:\/\/alexnabytok.sk\/satnovynabytok\/wp-content\/uploads\/2020\/06\/Mailing_OltozoSZLOVAK_mockup2020-796x500.png 796w\" sizes=\"auto, (max-width: 1920px) 100vw, 1920px\" \/><\/a><\/p>\n<h3>\u0160at\u0148ov\u00fd n\u00e1bytok pre najlep\u0161ie t\u00edmy<\/h3>\n<p><a href=\"https:\/\/alexnabytok.sk\/satnovynabytok\/wp-content\/uploads\/2020\/06\/SZLOVAKMailing_oltozob_BELIVEK_2020_03.12.pdf\" target=\"_blank\" rel=\"noopener noreferrer\"><\/p>\n<p>PDF na stiahnutie<\/p>\n<p><\/a><br \/><\/div><\/div><!-- .row (end) -->\n<div class=\"spacer\"><\/div><!-- .spacer (end) -->\n","protected":false},"excerpt":{"rendered":"","protected":false},"author":3,"featured_media":0,"parent":0,"menu_order":0,"comment_status":"closed","ping_status":"closed","template":"page-fullwidth.php","meta":{"footnotes":""},"class_list":["post-13","page","type-page","status-publish","hentry"],"yoast_head":"<!-- This site is optimized with the Yoast SEO plugin v24.7 - https:\/\/yoast.com\/wordpress\/plugins\/seo\/ -->\n<title>Katal\u00f3gy - \u0160AT\u0147OV\u00dd N\u00c1BYTOK<\/title>\n<meta name=\"robots\" content=\"index, follow, max-snippet:-1, max-image-preview:large, max-video-preview:-1\" \/>\n<link rel=\"canonical\" href=\"https:\/\/alexnabytok.sk\/satnovynabytok\/katalogy\/\" \/>\n<meta property=\"og:locale\" content=\"sk_SK\" \/>\n<meta property=\"og:type\" content=\"article\" \/>\n<meta property=\"og:title\" content=\"Katal\u00f3gy - \u0160AT\u0147OV\u00dd N\u00c1BYTOK\" \/>\n<meta property=\"og:url\" content=\"https:\/\/alexnabytok.sk\/satnovynabytok\/katalogy\/\" \/>\n<meta property=\"og:site_name\" content=\"\u0160AT\u0147OV\u00dd N\u00c1BYTOK\" \/>\n<meta property=\"article:modified_time\" content=\"2026-02-09T16:58:23+00:00\" \/>\n<meta property=\"og:image\" content=\"https:\/\/alexnabytok.sk\/satnovynabytok\/wp-content\/uploads\/2020\/06\/Mailing_OltozoSZLOVAK_mockup2020.png\" \/>\n\t<meta property=\"og:image:width\" content=\"1920\" \/>\n\t<meta property=\"og:image:height\" content=\"1206\" \/>\n\t<meta property=\"og:image:type\" content=\"image\/png\" \/>\n<meta name=\"twitter:card\" content=\"summary_large_image\" \/>\n<meta name=\"twitter:label1\" content=\"Est. reading time\" \/>\n\t<meta name=\"twitter:data1\" content=\"1 minute\" \/>\n<script type=\"application\/ld+json\" class=\"yoast-schema-graph\">{\"@context\":\"https:\/\/schema.org\",\"@graph\":[{\"@type\":\"WebPage\",\"@id\":\"https:\/\/alexnabytok.sk\/satnovynabytok\/katalogy\/\",\"url\":\"https:\/\/alexnabytok.sk\/satnovynabytok\/katalogy\/\",\"name\":\"Katal\u00f3gy - \u0160AT\u0147OV\u00dd N\u00c1BYTOK\",\"isPartOf\":{\"@id\":\"https:\/\/alexnabytok.sk\/satnovynabytok\/#website\"},\"primaryImageOfPage\":{\"@id\":\"https:\/\/alexnabytok.sk\/satnovynabytok\/katalogy\/#primaryimage\"},\"image\":{\"@id\":\"https:\/\/alexnabytok.sk\/satnovynabytok\/katalogy\/#primaryimage\"},\"thumbnailUrl\":\"https:\/\/alexnabytok.sk\/satnovynabytok\/wp-content\/uploads\/2026\/02\/mockup.png\",\"datePublished\":\"2016-06-08T07:58:17+00:00\",\"dateModified\":\"2026-02-09T16:58:23+00:00\",\"breadcrumb\":{\"@id\":\"https:\/\/alexnabytok.sk\/satnovynabytok\/katalogy\/#breadcrumb\"},\"inLanguage\":\"en-US\",\"potentialAction\":[{\"@type\":\"ReadAction\",\"target\":[\"https:\/\/alexnabytok.sk\/satnovynabytok\/katalogy\/\"]}]},{\"@type\":\"ImageObject\",\"inLanguage\":\"en-US\",\"@id\":\"https:\/\/alexnabytok.sk\/satnovynabytok\/katalogy\/#primaryimage\",\"url\":\"https:\/\/alexnabytok.sk\/satnovynabytok\/wp-content\/uploads\/2026\/02\/mockup.png\",\"contentUrl\":\"https:\/\/alexnabytok.sk\/satnovynabytok\/wp-content\/uploads\/2026\/02\/mockup.png\",\"width\":1080,\"height\":756},{\"@type\":\"BreadcrumbList\",\"@id\":\"https:\/\/alexnabytok.sk\/satnovynabytok\/katalogy\/#breadcrumb\",\"itemListElement\":[{\"@type\":\"ListItem\",\"position\":1,\"name\":\"Home\",\"item\":\"https:\/\/alexnabytok.sk\/satnovynabytok\/\"},{\"@type\":\"ListItem\",\"position\":2,\"name\":\"Katal\u00f3gy\"}]},{\"@type\":\"WebSite\",\"@id\":\"https:\/\/alexnabytok.sk\/satnovynabytok\/#website\",\"url\":\"https:\/\/alexnabytok.sk\/satnovynabytok\/\",\"name\":\"\u0160AT\u0147OV\u00dd N\u00c1BYTOK\",\"description\":\"Alex kovov\u00fd a \u0161kolsk\u00fd n\u00e1bytok s.r.o.\",\"potentialAction\":[{\"@type\":\"SearchAction\",\"target\":{\"@type\":\"EntryPoint\",\"urlTemplate\":\"https:\/\/alexnabytok.sk\/satnovynabytok\/?s={search_term_string}\"},\"query-input\":{\"@type\":\"PropertyValueSpecification\",\"valueRequired\":true,\"valueName\":\"search_term_string\"}}],\"inLanguage\":\"en-US\"}]}<\/script>\n<!-- \/ Yoast SEO plugin. -->","yoast_head_json":{"title":"Katal\u00f3gy - \u0160AT\u0147OV\u00dd N\u00c1BYTOK","robots":{"index":"index","follow":"follow","max-snippet":"max-snippet:-1","max-image-preview":"max-image-preview:large","max-video-preview":"max-video-preview:-1"},"canonical":"https:\/\/alexnabytok.sk\/satnovynabytok\/katalogy\/","og_locale":"sk_SK","og_type":"article","og_title":"Katal\u00f3gy - \u0160AT\u0147OV\u00dd N\u00c1BYTOK","og_url":"https:\/\/alexnabytok.sk\/satnovynabytok\/katalogy\/","og_site_name":"\u0160AT\u0147OV\u00dd N\u00c1BYTOK","article_modified_time":"2026-02-09T16:58:23+00:00","og_image":[{"width":1920,"height":1206,"url":"https:\/\/alexnabytok.sk\/satnovynabytok\/wp-content\/uploads\/2020\/06\/Mailing_OltozoSZLOVAK_mockup2020.png","type":"image\/png"}],"twitter_card":"summary_large_image","twitter_misc":{"Est. reading time":"1 minute"},"schema":{"@context":"https:\/\/schema.org","@graph":[{"@type":"WebPage","@id":"https:\/\/alexnabytok.sk\/satnovynabytok\/katalogy\/","url":"https:\/\/alexnabytok.sk\/satnovynabytok\/katalogy\/","name":"Katal\u00f3gy - \u0160AT\u0147OV\u00dd N\u00c1BYTOK","isPartOf":{"@id":"https:\/\/alexnabytok.sk\/satnovynabytok\/#website"},"primaryImageOfPage":{"@id":"https:\/\/alexnabytok.sk\/satnovynabytok\/katalogy\/#primaryimage"},"image":{"@id":"https:\/\/alexnabytok.sk\/satnovynabytok\/katalogy\/#primaryimage"},"thumbnailUrl":"https:\/\/alexnabytok.sk\/satnovynabytok\/wp-content\/uploads\/2026\/02\/mockup.png","datePublished":"2016-06-08T07:58:17+00:00","dateModified":"2026-02-09T16:58:23+00:00","breadcrumb":{"@id":"https:\/\/alexnabytok.sk\/satnovynabytok\/katalogy\/#breadcrumb"},"inLanguage":"en-US","potentialAction":[{"@type":"ReadAction","target":["https:\/\/alexnabytok.sk\/satnovynabytok\/katalogy\/"]}]},{"@type":"ImageObject","inLanguage":"en-US","@id":"https:\/\/alexnabytok.sk\/satnovynabytok\/katalogy\/#primaryimage","url":"https:\/\/alexnabytok.sk\/satnovynabytok\/wp-content\/uploads\/2026\/02\/mockup.png","contentUrl":"https:\/\/alexnabytok.sk\/satnovynabytok\/wp-content\/uploads\/2026\/02\/mockup.png","width":1080,"height":756},{"@type":"BreadcrumbList","@id":"https:\/\/alexnabytok.sk\/satnovynabytok\/katalogy\/#breadcrumb","itemListElement":[{"@type":"ListItem","position":1,"name":"Home","item":"https:\/\/alexnabytok.sk\/satnovynabytok\/"},{"@type":"ListItem","position":2,"name":"Katal\u00f3gy"}]},{"@type":"WebSite","@id":"https:\/\/alexnabytok.sk\/satnovynabytok\/#website","url":"https:\/\/alexnabytok.sk\/satnovynabytok\/","name":"\u0160AT\u0147OV\u00dd N\u00c1BYTOK","description":"Alex kovov\u00fd a \u0161kolsk\u00fd n\u00e1bytok s.r.o.","potentialAction":[{"@type":"SearchAction","target":{"@type":"EntryPoint","urlTemplate":"https:\/\/alexnabytok.sk\/satnovynabytok\/?s={search_term_string}"},"query-input":{"@type":"PropertyValueSpecification","valueRequired":true,"valueName":"search_term_string"}}],"inLanguage":"en-US"}]}},"_links":{"self":[{"href":"https:\/\/alexnabytok.sk\/satnovynabytok\/wp-json\/wp\/v2\/pages\/13","targetHints":{"allow":["GET"]}}],"collection":[{"href":"https:\/\/alexnabytok.sk\/satnovynabytok\/wp-json\/wp\/v2\/pages"}],"about":[{"href":"https:\/\/alexnabytok.sk\/satnovynabytok\/wp-json\/wp\/v2\/types\/page"}],"author":[{"embeddable":true,"href":"https:\/\/alexnabytok.sk\/satnovynabytok\/wp-json\/wp\/v2\/users\/3"}],"replies":[{"embeddable":true,"href":"https:\/\/alexnabytok.sk\/satnovynabytok\/wp-json\/wp\/v2\/comments?post=13"}],"version-history":[{"count":8,"href":"https:\/\/alexnabytok.sk\/satnovynabytok\/wp-json\/wp\/v2\/pages\/13\/revisions"}],"predecessor-version":[{"id":75826,"href":"https:\/\/alexnabytok.sk\/satnovynabytok\/wp-json\/wp\/v2\/pages\/13\/revisions\/75826"}],"wp:attachment":[{"href":"https:\/\/alexnabytok.sk\/satnovynabytok\/wp-json\/wp\/v2\/media?parent=13"}],"curies":[{"name":"wp","href":"https:\/\/api.w.org\/{rel}","templated":true}]}}