{"id":31338,"date":"2016-11-30T13:56:20","date_gmt":"2016-11-30T13:56:20","guid":{"rendered":"http:\/\/oltozobutor.hu\/?page_id=31338"},"modified":"2019-05-13T10:01:42","modified_gmt":"2019-05-13T10:01:42","slug":"drevene-satnove-skrine","status":"publish","type":"page","link":"https:\/\/alexnabytok.sk\/satnovynabytok\/kategoria\/satnove-skrine\/drevene-satnove-skrine\/","title":{"rendered":"Dreven\u00e9 \u0161at\u0148ov\u00e9 skrine"},"content":{"rendered":"<li class=\"portfolio_item isotope-item\">\n<div class=\"portfolio_item_holder\">\n<figure class=\"thumbnail thumbnail__portfolio\"><a href=\"https:\/\/alexnabytok.sk\/satnovynabytok\/kategoria\/satnove-skrine\/drevene-satnove-skrine\/satnove-skrine-s-dlhymi-dverami\/\" class=\"image-wrap\"><img decoding=\"async\" src=\"https:\/\/alexnabytok.sk\/satnovynabytok\/wp-content\/uploads\/2016\/11\/1.1-Butorlapos_oltozoszekreny-Husszu_ajtos_3000x2100px.jpg\" alt=\"\u0160at\u0148ov\u00e9 skrine s dlh\u00fdmi dverami\"><\/a><\/figure>\n<div class=\"caption caption__portfolio\">\n<h3><a href=\"https:\/\/alexnabytok.sk\/satnovynabytok\/kategoria\/satnove-skrine\/drevene-satnove-skrine\/satnove-skrine-s-dlhymi-dverami\/\">\u0160at\u0148ov\u00e9 skrine s dlh\u00fdmi dverami<\/a><\/h3>\n<\/div>\n<\/div>\n<\/li>\n<li class=\"portfolio_item isotope-item\">\n<div class=\"portfolio_item_holder\">\n<figure class=\"thumbnail thumbnail__portfolio\"><a href=\"https:\/\/alexnabytok.sk\/satnovynabytok\/kategoria\/satnove-skrine\/drevene-satnove-skrine\/satnove-skrine-s-delenymi-dverami\/\" class=\"image-wrap\"><img decoding=\"async\" src=\"https:\/\/alexnabytok.sk\/satnovynabytok\/wp-content\/uploads\/2016\/11\/1.1-Butorlapos_oltozoszekreny-Rovid_ajtos_800x560px.jpg\" alt=\"\u0160at\u0148ov\u00e9 skrine s delen\u00fdmi dverami\"><\/a><\/figure>\n<div class=\"caption caption__portfolio\">\n<h3><a href=\"https:\/\/alexnabytok.sk\/satnovynabytok\/kategoria\/satnove-skrine\/drevene-satnove-skrine\/satnove-skrine-s-delenymi-dverami\/\">\u0160at\u0148ov\u00e9 skrine s delen\u00fdmi dverami<\/a><\/h3>\n<\/div>\n<\/div>\n<\/li>\n<li class=\"portfolio_item isotope-item\">\n<div class=\"portfolio_item_holder\">\n<figure class=\"thumbnail thumbnail__portfolio\"><a href=\"https:\/\/alexnabytok.sk\/satnovynabytok\/kategoria\/satnove-skrine\/drevene-satnove-skrine\/z-satnove-skrine\/\" class=\"image-wrap\"><img decoding=\"async\" src=\"https:\/\/alexnabytok.sk\/satnovynabytok\/wp-content\/uploads\/2016\/11\/1.1-Butorlapos_oltozoszekreny-Z_ajtos_800x560px.jpg\" alt=\"Z-\u0161at\u0148ov\u00e9 skrine\"><\/a><\/figure>\n<div class=\"caption caption__portfolio\">\n<h3><a href=\"https:\/\/alexnabytok.sk\/satnovynabytok\/kategoria\/satnove-skrine\/drevene-satnove-skrine\/z-satnove-skrine\/\">Z-\u0161at\u0148ov\u00e9 skrine<\/a><\/h3>\n<\/div>\n<\/div>\n<\/li>\n<li class=\"portfolio_item isotope-item\">\n<div class=\"portfolio_item_holder\">\n<figure class=\"thumbnail thumbnail__portfolio\"><a href=\"https:\/\/alexnabytok.sk\/satnovynabytok\/kategoria\/satnove-skrine\/drevene-satnove-skrine\/satnove-skrine-s-lavickou\/\" class=\"image-wrap\"><img decoding=\"async\" src=\"https:\/\/alexnabytok.sk\/satnovynabytok\/wp-content\/uploads\/2016\/11\/1.1-Butorlapos_oltozoszekreny-Sportpados_ajtos_800x560px.jpg\" alt=\"\u0160at\u0148ov\u00e9 skrine s lavi\u010dkou\"><\/a><\/figure>\n<div class=\"caption caption__portfolio\">\n<h3><a href=\"https:\/\/alexnabytok.sk\/satnovynabytok\/kategoria\/satnove-skrine\/drevene-satnove-skrine\/satnove-skrine-s-lavickou\/\">\u0160at\u0148ov\u00e9 skrine s lavi\u010dkou<\/a><\/h3>\n<\/div>\n<\/div>\n<\/li>\n<li class=\"portfolio_item isotope-item\">\n<div class=\"portfolio_item_holder\">\n<figure class=\"thumbnail thumbnail__portfolio\"><a href=\"https:\/\/alexnabytok.sk\/satnovynabytok\/kategoria\/satnove-skrine\/drevene-satnove-skrine\/satnove-skrine-s-deliacou-prieckou\/\" class=\"image-wrap\"><img decoding=\"async\" src=\"https:\/\/alexnabytok.sk\/satnovynabytok\/wp-content\/uploads\/2016\/11\/1.1-Butorlapos_oltozoszekreny-Valaszfalas_ajtos_800x560px.jpg\" alt=\"\u0161at\u0148ov\u00e9 skrine s deliacou prie\u010dkou\"><\/a><\/figure>\n<div class=\"caption caption__portfolio\">\n<h3><a href=\"https:\/\/alexnabytok.sk\/satnovynabytok\/kategoria\/satnove-skrine\/drevene-satnove-skrine\/satnove-skrine-s-deliacou-prieckou\/\">\u0161at\u0148ov\u00e9 skrine s deliacou prie\u010dkou<\/a><\/h3>\n<\/div>\n<\/div>\n<\/li>\n<li class=\"portfolio_item isotope-item\">\n<div class=\"portfolio_item_holder\">\n<figure class=\"thumbnail thumbnail__portfolio\"><a href=\"https:\/\/alexnabytok.sk\/satnovynabytok\/kategoria\/satnove-skrine\/drevene-satnove-skrine\/sportove-satnove-skrine\/\" class=\"image-wrap\"><img decoding=\"async\" src=\"https:\/\/alexnabytok.sk\/satnovynabytok\/wp-content\/uploads\/2019\/05\/1.1-Butorlapos_oltozoszekreny-Sport_oltozoszekreny_800x560px.jpg\" alt=\"\u0160portov\u00e9 \u0161at\u0148ov\u00e9 skrine\"><\/a><\/figure>\n<div class=\"caption caption__portfolio\">\n<h3><a href=\"https:\/\/alexnabytok.sk\/satnovynabytok\/kategoria\/satnove-skrine\/drevene-satnove-skrine\/sportove-satnove-skrine\/\">\u0160portov\u00e9 \u0161at\u0148ov\u00e9 skrine<\/a><\/h3>\n<\/div>\n<\/div>\n<\/li>\n<li class=\"portfolio_item isotope-item\">\n<div class=\"portfolio_item_holder\">\n<figure class=\"thumbnail thumbnail__portfolio\"><a href=\"https:\/\/alexnabytok.sk\/satnovynabytok\/kategoria\/satnove-skrine\/drevene-satnove-skrine\/satnove-skrine-s-oddelenym-priestorom-na-obuv\/\" class=\"image-wrap\"><img decoding=\"async\" src=\"https:\/\/alexnabytok.sk\/satnovynabytok\/wp-content\/uploads\/2019\/05\/1.1-Butorlapos_oltozoszekreny-Cipotarolos_oltozoszekreny_800x560px.jpg\" alt=\"\u0161at\u0148ov\u00e9 skrine s deliacou prie\u010dkou\"><\/a><\/figure>\n<div class=\"caption caption__portfolio\">\n<h3><a href=\"https:\/\/alexnabytok.sk\/satnovynabytok\/kategoria\/satnove-skrine\/drevene-satnove-skrine\/satnove-skrine-s-oddelenym-priestorom-na-obuv\/\">\u0160at\u0148ov\u00e9 skrine s oddelen\u00fdm priestorom na obuv<\/a><\/h3>\n<\/div>\n<\/div>\n<\/li>\n","protected":false},"excerpt":{"rendered":"<p>\u0160at\u0148ov\u00e9 skrine s dlh\u00fdmi dverami \u0160at\u0148ov\u00e9 skrine s delen\u00fdmi dverami Z-\u0161at\u0148ov\u00e9 skrine \u0160at\u0148ov\u00e9 skrine s lavi\u010dkou \u0161at\u0148ov\u00e9 skrine s deliacou prie\u010dkou \u0160portov\u00e9 \u0161at\u0148ov\u00e9 skrine \u0160at\u0148ov\u00e9 skrine s oddelen\u00fdm priestorom na obuv<\/p>\n","protected":false},"author":3,"featured_media":0,"parent":69,"menu_order":0,"comment_status":"closed","ping_status":"closed","template":"page-Portfolio2Cols-alexsub.php","meta":{"footnotes":""},"class_list":["post-31338","page","type-page","status-publish","hentry"],"yoast_head":"<!-- This site is optimized with the Yoast SEO plugin v24.7 - https:\/\/yoast.com\/wordpress\/plugins\/seo\/ -->\n<title>Dreven\u00e9 \u0161at\u0148ov\u00e9 skrine - \u0160AT\u0147OV\u00dd N\u00c1BYTOK<\/title>\n<meta name=\"robots\" content=\"index, follow, max-snippet:-1, max-image-preview:large, max-video-preview:-1\" \/>\n<link rel=\"canonical\" href=\"https:\/\/alexnabytok.sk\/satnovynabytok\/kategoria\/satnove-skrine\/drevene-satnove-skrine\/\" \/>\n<meta property=\"og:locale\" content=\"sk_SK\" \/>\n<meta property=\"og:type\" content=\"article\" \/>\n<meta property=\"og:title\" content=\"Dreven\u00e9 \u0161at\u0148ov\u00e9 skrine - \u0160AT\u0147OV\u00dd N\u00c1BYTOK\" \/>\n<meta property=\"og:description\" content=\"\u0160at\u0148ov\u00e9 skrine s dlh\u00fdmi dverami \u0160at\u0148ov\u00e9 skrine s delen\u00fdmi dverami Z-\u0161at\u0148ov\u00e9 skrine \u0160at\u0148ov\u00e9 skrine s lavi\u010dkou \u0161at\u0148ov\u00e9 skrine s deliacou prie\u010dkou \u0160portov\u00e9 \u0161at\u0148ov\u00e9 skrine \u0160at\u0148ov\u00e9 skrine s oddelen\u00fdm priestorom na obuv\" \/>\n<meta property=\"og:url\" content=\"https:\/\/alexnabytok.sk\/satnovynabytok\/kategoria\/satnove-skrine\/drevene-satnove-skrine\/\" \/>\n<meta property=\"og:site_name\" content=\"\u0160AT\u0147OV\u00dd N\u00c1BYTOK\" \/>\n<meta property=\"article:modified_time\" content=\"2019-05-13T10:01:42+00:00\" \/>\n<meta property=\"og:image\" content=\"https:\/\/alexnabytok.sk\/satnovynabytok\/wp-content\/uploads\/2016\/11\/1.1-Butorlapos_oltozoszekreny-Husszu_ajtos_3000x2100px.jpg\" \/>\n<meta name=\"twitter:card\" content=\"summary_large_image\" \/>\n<script type=\"application\/ld+json\" class=\"yoast-schema-graph\">{\"@context\":\"https:\/\/schema.org\",\"@graph\":[{\"@type\":\"WebPage\",\"@id\":\"https:\/\/alexnabytok.sk\/satnovynabytok\/kategoria\/satnove-skrine\/drevene-satnove-skrine\/\",\"url\":\"https:\/\/alexnabytok.sk\/satnovynabytok\/kategoria\/satnove-skrine\/drevene-satnove-skrine\/\",\"name\":\"Dreven\u00e9 \u0161at\u0148ov\u00e9 skrine - \u0160AT\u0147OV\u00dd N\u00c1BYTOK\",\"isPartOf\":{\"@id\":\"https:\/\/alexnabytok.sk\/satnovynabytok\/#website\"},\"primaryImageOfPage\":{\"@id\":\"https:\/\/alexnabytok.sk\/satnovynabytok\/kategoria\/satnove-skrine\/drevene-satnove-skrine\/#primaryimage\"},\"image\":{\"@id\":\"https:\/\/alexnabytok.sk\/satnovynabytok\/kategoria\/satnove-skrine\/drevene-satnove-skrine\/#primaryimage\"},\"thumbnailUrl\":\"https:\/\/alexnabytok.sk\/satnovynabytok\/wp-content\/uploads\/2016\/11\/1.1-Butorlapos_oltozoszekreny-Husszu_ajtos_3000x2100px.jpg\",\"datePublished\":\"2016-11-30T13:56:20+00:00\",\"dateModified\":\"2019-05-13T10:01:42+00:00\",\"breadcrumb\":{\"@id\":\"https:\/\/alexnabytok.sk\/satnovynabytok\/kategoria\/satnove-skrine\/drevene-satnove-skrine\/#breadcrumb\"},\"inLanguage\":\"en-US\",\"potentialAction\":[{\"@type\":\"ReadAction\",\"target\":[\"https:\/\/alexnabytok.sk\/satnovynabytok\/kategoria\/satnove-skrine\/drevene-satnove-skrine\/\"]}]},{\"@type\":\"ImageObject\",\"inLanguage\":\"en-US\",\"@id\":\"https:\/\/alexnabytok.sk\/satnovynabytok\/kategoria\/satnove-skrine\/drevene-satnove-skrine\/#primaryimage\",\"url\":\"https:\/\/alexnabytok.sk\/satnovynabytok\/wp-content\/uploads\/2016\/11\/1.1-Butorlapos_oltozoszekreny-Husszu_ajtos_3000x2100px.jpg\",\"contentUrl\":\"https:\/\/alexnabytok.sk\/satnovynabytok\/wp-content\/uploads\/2016\/11\/1.1-Butorlapos_oltozoszekreny-Husszu_ajtos_3000x2100px.jpg\",\"width\":800,\"height\":560},{\"@type\":\"BreadcrumbList\",\"@id\":\"https:\/\/alexnabytok.sk\/satnovynabytok\/kategoria\/satnove-skrine\/drevene-satnove-skrine\/#breadcrumb\",\"itemListElement\":[{\"@type\":\"ListItem\",\"position\":1,\"name\":\"Home\",\"item\":\"https:\/\/alexnabytok.sk\/satnovynabytok\/\"},{\"@type\":\"ListItem\",\"position\":2,\"name\":\"Produkty\",\"item\":\"https:\/\/alexnabytok.sk\/satnovynabytok\/kategoria\/\"},{\"@type\":\"ListItem\",\"position\":3,\"name\":\"\u0160at\u0148ov\u00e9 skrine\",\"item\":\"https:\/\/alexnabytok.sk\/satnovynabytok\/kategoria\/satnove-skrine\/\"},{\"@type\":\"ListItem\",\"position\":4,\"name\":\"Dreven\u00e9 \u0161at\u0148ov\u00e9 skrine\"}]},{\"@type\":\"WebSite\",\"@id\":\"https:\/\/alexnabytok.sk\/satnovynabytok\/#website\",\"url\":\"https:\/\/alexnabytok.sk\/satnovynabytok\/\",\"name\":\"\u0160AT\u0147OV\u00dd N\u00c1BYTOK\",\"description\":\"Alex kovov\u00fd a \u0161kolsk\u00fd n\u00e1bytok s.r.o.\",\"potentialAction\":[{\"@type\":\"SearchAction\",\"target\":{\"@type\":\"EntryPoint\",\"urlTemplate\":\"https:\/\/alexnabytok.sk\/satnovynabytok\/?s={search_term_string}\"},\"query-input\":{\"@type\":\"PropertyValueSpecification\",\"valueRequired\":true,\"valueName\":\"search_term_string\"}}],\"inLanguage\":\"en-US\"}]}<\/script>\n<!-- \/ Yoast SEO plugin. -->","yoast_head_json":{"title":"Dreven\u00e9 \u0161at\u0148ov\u00e9 skrine - \u0160AT\u0147OV\u00dd N\u00c1BYTOK","robots":{"index":"index","follow":"follow","max-snippet":"max-snippet:-1","max-image-preview":"max-image-preview:large","max-video-preview":"max-video-preview:-1"},"canonical":"https:\/\/alexnabytok.sk\/satnovynabytok\/kategoria\/satnove-skrine\/drevene-satnove-skrine\/","og_locale":"sk_SK","og_type":"article","og_title":"Dreven\u00e9 \u0161at\u0148ov\u00e9 skrine - \u0160AT\u0147OV\u00dd N\u00c1BYTOK","og_description":"\u0160at\u0148ov\u00e9 skrine s dlh\u00fdmi dverami \u0160at\u0148ov\u00e9 skrine s delen\u00fdmi dverami Z-\u0161at\u0148ov\u00e9 skrine \u0160at\u0148ov\u00e9 skrine s lavi\u010dkou \u0161at\u0148ov\u00e9 skrine s deliacou prie\u010dkou \u0160portov\u00e9 \u0161at\u0148ov\u00e9 skrine \u0160at\u0148ov\u00e9 skrine s oddelen\u00fdm priestorom na obuv","og_url":"https:\/\/alexnabytok.sk\/satnovynabytok\/kategoria\/satnove-skrine\/drevene-satnove-skrine\/","og_site_name":"\u0160AT\u0147OV\u00dd N\u00c1BYTOK","article_modified_time":"2019-05-13T10:01:42+00:00","og_image":[{"url":"https:\/\/alexnabytok.sk\/satnovynabytok\/wp-content\/uploads\/2016\/11\/1.1-Butorlapos_oltozoszekreny-Husszu_ajtos_3000x2100px.jpg","type":"","width":"","height":""}],"twitter_card":"summary_large_image","schema":{"@context":"https:\/\/schema.org","@graph":[{"@type":"WebPage","@id":"https:\/\/alexnabytok.sk\/satnovynabytok\/kategoria\/satnove-skrine\/drevene-satnove-skrine\/","url":"https:\/\/alexnabytok.sk\/satnovynabytok\/kategoria\/satnove-skrine\/drevene-satnove-skrine\/","name":"Dreven\u00e9 \u0161at\u0148ov\u00e9 skrine - \u0160AT\u0147OV\u00dd N\u00c1BYTOK","isPartOf":{"@id":"https:\/\/alexnabytok.sk\/satnovynabytok\/#website"},"primaryImageOfPage":{"@id":"https:\/\/alexnabytok.sk\/satnovynabytok\/kategoria\/satnove-skrine\/drevene-satnove-skrine\/#primaryimage"},"image":{"@id":"https:\/\/alexnabytok.sk\/satnovynabytok\/kategoria\/satnove-skrine\/drevene-satnove-skrine\/#primaryimage"},"thumbnailUrl":"https:\/\/alexnabytok.sk\/satnovynabytok\/wp-content\/uploads\/2016\/11\/1.1-Butorlapos_oltozoszekreny-Husszu_ajtos_3000x2100px.jpg","datePublished":"2016-11-30T13:56:20+00:00","dateModified":"2019-05-13T10:01:42+00:00","breadcrumb":{"@id":"https:\/\/alexnabytok.sk\/satnovynabytok\/kategoria\/satnove-skrine\/drevene-satnove-skrine\/#breadcrumb"},"inLanguage":"en-US","potentialAction":[{"@type":"ReadAction","target":["https:\/\/alexnabytok.sk\/satnovynabytok\/kategoria\/satnove-skrine\/drevene-satnove-skrine\/"]}]},{"@type":"ImageObject","inLanguage":"en-US","@id":"https:\/\/alexnabytok.sk\/satnovynabytok\/kategoria\/satnove-skrine\/drevene-satnove-skrine\/#primaryimage","url":"https:\/\/alexnabytok.sk\/satnovynabytok\/wp-content\/uploads\/2016\/11\/1.1-Butorlapos_oltozoszekreny-Husszu_ajtos_3000x2100px.jpg","contentUrl":"https:\/\/alexnabytok.sk\/satnovynabytok\/wp-content\/uploads\/2016\/11\/1.1-Butorlapos_oltozoszekreny-Husszu_ajtos_3000x2100px.jpg","width":800,"height":560},{"@type":"BreadcrumbList","@id":"https:\/\/alexnabytok.sk\/satnovynabytok\/kategoria\/satnove-skrine\/drevene-satnove-skrine\/#breadcrumb","itemListElement":[{"@type":"ListItem","position":1,"name":"Home","item":"https:\/\/alexnabytok.sk\/satnovynabytok\/"},{"@type":"ListItem","position":2,"name":"Produkty","item":"https:\/\/alexnabytok.sk\/satnovynabytok\/kategoria\/"},{"@type":"ListItem","position":3,"name":"\u0160at\u0148ov\u00e9 skrine","item":"https:\/\/alexnabytok.sk\/satnovynabytok\/kategoria\/satnove-skrine\/"},{"@type":"ListItem","position":4,"name":"Dreven\u00e9 \u0161at\u0148ov\u00e9 skrine"}]},{"@type":"WebSite","@id":"https:\/\/alexnabytok.sk\/satnovynabytok\/#website","url":"https:\/\/alexnabytok.sk\/satnovynabytok\/","name":"\u0160AT\u0147OV\u00dd N\u00c1BYTOK","description":"Alex kovov\u00fd a \u0161kolsk\u00fd n\u00e1bytok s.r.o.","potentialAction":[{"@type":"SearchAction","target":{"@type":"EntryPoint","urlTemplate":"https:\/\/alexnabytok.sk\/satnovynabytok\/?s={search_term_string}"},"query-input":{"@type":"PropertyValueSpecification","valueRequired":true,"valueName":"search_term_string"}}],"inLanguage":"en-US"}]}},"_links":{"self":[{"href":"https:\/\/alexnabytok.sk\/satnovynabytok\/wp-json\/wp\/v2\/pages\/31338","targetHints":{"allow":["GET"]}}],"collection":[{"href":"https:\/\/alexnabytok.sk\/satnovynabytok\/wp-json\/wp\/v2\/pages"}],"about":[{"href":"https:\/\/alexnabytok.sk\/satnovynabytok\/wp-json\/wp\/v2\/types\/page"}],"author":[{"embeddable":true,"href":"https:\/\/alexnabytok.sk\/satnovynabytok\/wp-json\/wp\/v2\/users\/3"}],"replies":[{"embeddable":true,"href":"https:\/\/alexnabytok.sk\/satnovynabytok\/wp-json\/wp\/v2\/comments?post=31338"}],"version-history":[{"count":5,"href":"https:\/\/alexnabytok.sk\/satnovynabytok\/wp-json\/wp\/v2\/pages\/31338\/revisions"}],"predecessor-version":[{"id":50771,"href":"https:\/\/alexnabytok.sk\/satnovynabytok\/wp-json\/wp\/v2\/pages\/31338\/revisions\/50771"}],"up":[{"embeddable":true,"href":"https:\/\/alexnabytok.sk\/satnovynabytok\/wp-json\/wp\/v2\/pages\/69"}],"wp:attachment":[{"href":"https:\/\/alexnabytok.sk\/satnovynabytok\/wp-json\/wp\/v2\/media?parent=31338"}],"curies":[{"name":"wp","href":"https:\/\/api.w.org\/{rel}","templated":true}]}}