{"id":31358,"date":"2016-11-30T14:00:11","date_gmt":"2016-11-30T14:00:11","guid":{"rendered":"http:\/\/oltozobutor.hu\/?page_id=31358"},"modified":"2017-06-06T10:23:28","modified_gmt":"2017-06-06T10:23:28","slug":"satnove-skrine-s-lavickou","status":"publish","type":"page","link":"https:\/\/alexnabytok.sk\/satnovynabytok\/kategoria\/satnove-skrine\/kovove-satnove-skrine\/satnove-skrine-s-lavickou\/","title":{"rendered":"\u0160at\u0148ov\u00e9 skrine s lavi\u010dkou"},"content":{"rendered":"","protected":false},"excerpt":{"rendered":"","protected":false},"author":3,"featured_media":0,"parent":31350,"menu_order":0,"comment_status":"closed","ping_status":"closed","template":"page-Portfolio4Cols-filterable.php","meta":{"footnotes":""},"class_list":["post-31358","page","type-page","status-publish","hentry"],"yoast_head":"<!-- This site is optimized with the Yoast SEO plugin v24.7 - https:\/\/yoast.com\/wordpress\/plugins\/seo\/ -->\n<title>\u0160at\u0148ov\u00e9 skrine s lavi\u010dkou - \u0160AT\u0147OV\u00dd N\u00c1BYTOK<\/title>\n<meta name=\"robots\" content=\"index, follow, max-snippet:-1, max-image-preview:large, max-video-preview:-1\" \/>\n<link rel=\"canonical\" href=\"https:\/\/alexnabytok.sk\/satnovynabytok\/kategoria\/satnove-skrine\/kovove-satnove-skrine\/satnove-skrine-s-lavickou\/\" \/>\n<meta property=\"og:locale\" content=\"sk_SK\" \/>\n<meta property=\"og:type\" content=\"article\" \/>\n<meta property=\"og:title\" content=\"\u0160at\u0148ov\u00e9 skrine s lavi\u010dkou - \u0160AT\u0147OV\u00dd N\u00c1BYTOK\" \/>\n<meta property=\"og:url\" content=\"https:\/\/alexnabytok.sk\/satnovynabytok\/kategoria\/satnove-skrine\/kovove-satnove-skrine\/satnove-skrine-s-lavickou\/\" \/>\n<meta property=\"og:site_name\" content=\"\u0160AT\u0147OV\u00dd N\u00c1BYTOK\" \/>\n<meta property=\"article:modified_time\" content=\"2017-06-06T10:23:28+00:00\" \/>\n<meta name=\"twitter:card\" content=\"summary_large_image\" \/>\n<script type=\"application\/ld+json\" class=\"yoast-schema-graph\">{\"@context\":\"https:\/\/schema.org\",\"@graph\":[{\"@type\":\"WebPage\",\"@id\":\"https:\/\/alexnabytok.sk\/satnovynabytok\/kategoria\/satnove-skrine\/kovove-satnove-skrine\/satnove-skrine-s-lavickou\/\",\"url\":\"https:\/\/alexnabytok.sk\/satnovynabytok\/kategoria\/satnove-skrine\/kovove-satnove-skrine\/satnove-skrine-s-lavickou\/\",\"name\":\"\u0160at\u0148ov\u00e9 skrine s lavi\u010dkou - \u0160AT\u0147OV\u00dd N\u00c1BYTOK\",\"isPartOf\":{\"@id\":\"https:\/\/alexnabytok.sk\/satnovynabytok\/#website\"},\"datePublished\":\"2016-11-30T14:00:11+00:00\",\"dateModified\":\"2017-06-06T10:23:28+00:00\",\"breadcrumb\":{\"@id\":\"https:\/\/alexnabytok.sk\/satnovynabytok\/kategoria\/satnove-skrine\/kovove-satnove-skrine\/satnove-skrine-s-lavickou\/#breadcrumb\"},\"inLanguage\":\"en-US\",\"potentialAction\":[{\"@type\":\"ReadAction\",\"target\":[\"https:\/\/alexnabytok.sk\/satnovynabytok\/kategoria\/satnove-skrine\/kovove-satnove-skrine\/satnove-skrine-s-lavickou\/\"]}]},{\"@type\":\"BreadcrumbList\",\"@id\":\"https:\/\/alexnabytok.sk\/satnovynabytok\/kategoria\/satnove-skrine\/kovove-satnove-skrine\/satnove-skrine-s-lavickou\/#breadcrumb\",\"itemListElement\":[{\"@type\":\"ListItem\",\"position\":1,\"name\":\"Home\",\"item\":\"https:\/\/alexnabytok.sk\/satnovynabytok\/\"},{\"@type\":\"ListItem\",\"position\":2,\"name\":\"Produkty\",\"item\":\"https:\/\/alexnabytok.sk\/satnovynabytok\/kategoria\/\"},{\"@type\":\"ListItem\",\"position\":3,\"name\":\"\u0160at\u0148ov\u00e9 skrine\",\"item\":\"https:\/\/alexnabytok.sk\/satnovynabytok\/kategoria\/satnove-skrine\/\"},{\"@type\":\"ListItem\",\"position\":4,\"name\":\"Kovov\u00e9 \u0161at\u0148ov\u00e9 skrine\",\"item\":\"https:\/\/alexnabytok.sk\/satnovynabytok\/kategoria\/satnove-skrine\/kovove-satnove-skrine\/\"},{\"@type\":\"ListItem\",\"position\":5,\"name\":\"\u0160at\u0148ov\u00e9 skrine s lavi\u010dkou\"}]},{\"@type\":\"WebSite\",\"@id\":\"https:\/\/alexnabytok.sk\/satnovynabytok\/#website\",\"url\":\"https:\/\/alexnabytok.sk\/satnovynabytok\/\",\"name\":\"\u0160AT\u0147OV\u00dd N\u00c1BYTOK\",\"description\":\"Alex kovov\u00fd a \u0161kolsk\u00fd n\u00e1bytok s.r.o.\",\"potentialAction\":[{\"@type\":\"SearchAction\",\"target\":{\"@type\":\"EntryPoint\",\"urlTemplate\":\"https:\/\/alexnabytok.sk\/satnovynabytok\/?s={search_term_string}\"},\"query-input\":{\"@type\":\"PropertyValueSpecification\",\"valueRequired\":true,\"valueName\":\"search_term_string\"}}],\"inLanguage\":\"en-US\"}]}<\/script>\n<!-- \/ Yoast SEO plugin. -->","yoast_head_json":{"title":"\u0160at\u0148ov\u00e9 skrine s lavi\u010dkou - \u0160AT\u0147OV\u00dd N\u00c1BYTOK","robots":{"index":"index","follow":"follow","max-snippet":"max-snippet:-1","max-image-preview":"max-image-preview:large","max-video-preview":"max-video-preview:-1"},"canonical":"https:\/\/alexnabytok.sk\/satnovynabytok\/kategoria\/satnove-skrine\/kovove-satnove-skrine\/satnove-skrine-s-lavickou\/","og_locale":"sk_SK","og_type":"article","og_title":"\u0160at\u0148ov\u00e9 skrine s lavi\u010dkou - \u0160AT\u0147OV\u00dd N\u00c1BYTOK","og_url":"https:\/\/alexnabytok.sk\/satnovynabytok\/kategoria\/satnove-skrine\/kovove-satnove-skrine\/satnove-skrine-s-lavickou\/","og_site_name":"\u0160AT\u0147OV\u00dd N\u00c1BYTOK","article_modified_time":"2017-06-06T10:23:28+00:00","twitter_card":"summary_large_image","schema":{"@context":"https:\/\/schema.org","@graph":[{"@type":"WebPage","@id":"https:\/\/alexnabytok.sk\/satnovynabytok\/kategoria\/satnove-skrine\/kovove-satnove-skrine\/satnove-skrine-s-lavickou\/","url":"https:\/\/alexnabytok.sk\/satnovynabytok\/kategoria\/satnove-skrine\/kovove-satnove-skrine\/satnove-skrine-s-lavickou\/","name":"\u0160at\u0148ov\u00e9 skrine s lavi\u010dkou - \u0160AT\u0147OV\u00dd N\u00c1BYTOK","isPartOf":{"@id":"https:\/\/alexnabytok.sk\/satnovynabytok\/#website"},"datePublished":"2016-11-30T14:00:11+00:00","dateModified":"2017-06-06T10:23:28+00:00","breadcrumb":{"@id":"https:\/\/alexnabytok.sk\/satnovynabytok\/kategoria\/satnove-skrine\/kovove-satnove-skrine\/satnove-skrine-s-lavickou\/#breadcrumb"},"inLanguage":"en-US","potentialAction":[{"@type":"ReadAction","target":["https:\/\/alexnabytok.sk\/satnovynabytok\/kategoria\/satnove-skrine\/kovove-satnove-skrine\/satnove-skrine-s-lavickou\/"]}]},{"@type":"BreadcrumbList","@id":"https:\/\/alexnabytok.sk\/satnovynabytok\/kategoria\/satnove-skrine\/kovove-satnove-skrine\/satnove-skrine-s-lavickou\/#breadcrumb","itemListElement":[{"@type":"ListItem","position":1,"name":"Home","item":"https:\/\/alexnabytok.sk\/satnovynabytok\/"},{"@type":"ListItem","position":2,"name":"Produkty","item":"https:\/\/alexnabytok.sk\/satnovynabytok\/kategoria\/"},{"@type":"ListItem","position":3,"name":"\u0160at\u0148ov\u00e9 skrine","item":"https:\/\/alexnabytok.sk\/satnovynabytok\/kategoria\/satnove-skrine\/"},{"@type":"ListItem","position":4,"name":"Kovov\u00e9 \u0161at\u0148ov\u00e9 skrine","item":"https:\/\/alexnabytok.sk\/satnovynabytok\/kategoria\/satnove-skrine\/kovove-satnove-skrine\/"},{"@type":"ListItem","position":5,"name":"\u0160at\u0148ov\u00e9 skrine s lavi\u010dkou"}]},{"@type":"WebSite","@id":"https:\/\/alexnabytok.sk\/satnovynabytok\/#website","url":"https:\/\/alexnabytok.sk\/satnovynabytok\/","name":"\u0160AT\u0147OV\u00dd N\u00c1BYTOK","description":"Alex kovov\u00fd a \u0161kolsk\u00fd n\u00e1bytok s.r.o.","potentialAction":[{"@type":"SearchAction","target":{"@type":"EntryPoint","urlTemplate":"https:\/\/alexnabytok.sk\/satnovynabytok\/?s={search_term_string}"},"query-input":{"@type":"PropertyValueSpecification","valueRequired":true,"valueName":"search_term_string"}}],"inLanguage":"en-US"}]}},"_links":{"self":[{"href":"https:\/\/alexnabytok.sk\/satnovynabytok\/wp-json\/wp\/v2\/pages\/31358","targetHints":{"allow":["GET"]}}],"collection":[{"href":"https:\/\/alexnabytok.sk\/satnovynabytok\/wp-json\/wp\/v2\/pages"}],"about":[{"href":"https:\/\/alexnabytok.sk\/satnovynabytok\/wp-json\/wp\/v2\/types\/page"}],"author":[{"embeddable":true,"href":"https:\/\/alexnabytok.sk\/satnovynabytok\/wp-json\/wp\/v2\/users\/3"}],"replies":[{"embeddable":true,"href":"https:\/\/alexnabytok.sk\/satnovynabytok\/wp-json\/wp\/v2\/comments?post=31358"}],"version-history":[{"count":1,"href":"https:\/\/alexnabytok.sk\/satnovynabytok\/wp-json\/wp\/v2\/pages\/31358\/revisions"}],"predecessor-version":[{"id":47681,"href":"https:\/\/alexnabytok.sk\/satnovynabytok\/wp-json\/wp\/v2\/pages\/31358\/revisions\/47681"}],"up":[{"embeddable":true,"href":"https:\/\/alexnabytok.sk\/satnovynabytok\/wp-json\/wp\/v2\/pages\/31350"}],"wp:attachment":[{"href":"https:\/\/alexnabytok.sk\/satnovynabytok\/wp-json\/wp\/v2\/media?parent=31358"}],"curies":[{"name":"wp","href":"https:\/\/api.w.org\/{rel}","templated":true}]}}