{"id":31372,"date":"2016-11-30T14:02:58","date_gmt":"2016-11-30T14:02:58","guid":{"rendered":"http:\/\/oltozobutor.hu\/?page_id=31372"},"modified":"2021-06-04T11:43:40","modified_gmt":"2021-06-04T11:43:40","slug":"lavicky-na-prezliekanie","status":"publish","type":"page","link":"https:\/\/alexnabytok.sk\/satnovynabytok\/kategoria\/lavicky-na-prezliekanie\/","title":{"rendered":"Lavi\u010dky na prezliekanie"},"content":{"rendered":"<li class=\"portfolio_item isotope-item\">\n<div class=\"portfolio_item_holder\">\n<figure class=\"thumbnail thumbnail__portfolio\"><a href=\"https:\/\/alexnabytok.sk\/satnovynabytok\/kategoria\/lavicky-na-prezliekanie\/fitt-lavicky-na-prezliekanie\/\" class=\"image-wrap\"><img decoding=\"async\" src=\"https:\/\/alexnabytok.sk\/satnovynabytok\/wp-content\/uploads\/2021\/06\/OltozopadFoto_800x560.jpg\" alt=\"Fitt lavi\u010dky na prezliekanie\"><\/a><\/figure>\n<div class=\"caption caption__portfolio\">\n<h3><a href=\"https:\/\/alexnabytok.sk\/satnovynabytok\/kategoria\/lavicky-na-prezliekanie\/fitt-lavicky-na-prezliekanie\/\">Fitt lavi\u010dky na prezliekanie<\/a><\/h3>\n<\/div>\n<\/div>\n<\/li>\n\r\n\t<li class=\"portfolio_item isotope-item\"><div class=\"portfolio_item_holder\"><figure class=\"thumbnail thumbnail__portfolio\"><a href=\"https:\/\/alexnabytok.sk\/satnovynabytok\/kategoria\/lavicky-na-prezliekanie\/kraft-lavicka-na-prezliekanie\/\" class=\"image-wrap\"><img decoding=\"async\" src=\"https:\/\/alexnabytok.sk\/satnovynabytok\/wp-content\/uploads\/2021\/06\/Kraft_oltozopad.jpg\" alt=\"Kraft lavice\"><\/a><\/figure><div class=\"caption caption__portfolio\"><h3><a href=\"https:\/\/alexnabytok.sk\/satnovynabytok\/kategoria\/lavicky-na-prezliekanie\/kraft-lavicka-na-prezliekanie\/\">Kraft lavice<\/a><\/h3><\/div><\/div><\/li>\n\r\n\t<li class=\"portfolio_item isotope-item\"><div class=\"portfolio_item_holder\"><figure class=\"thumbnail thumbnail__portfolio\"><a href=\"https:\/\/alexnabytok.sk\/satnovynabytok\/kategoria\/lavicky-na-prezliekanie\/domino-lavice\/\" class=\"image-wrap\"><img decoding=\"async\" src=\"https:\/\/alexnabytok.sk\/satnovynabytok\/wp-content\/uploads\/2021\/06\/Kategoria_kepek_800x5604.jpg\" alt=\"Domin\u00f3 lavice\"><\/a><\/figure><div class=\"caption caption__portfolio\"><h3><a href=\"https:\/\/alexnabytok.sk\/satnovynabytok\/kategoria\/lavicky-na-prezliekanie\/domino-lavice\/\">Domin\u00f3 lavice<\/a><\/h3><\/div><\/div><\/li>\n\r\n\t<li class=\"portfolio_item isotope-item\"><div class=\"portfolio_item_holder\"><figure class=\"thumbnail thumbnail__portfolio\"><a href=\"https:\/\/alexnabytok.sk\/satnovynabytok\/kategoria\/lavicky-na-prezliekanie\/vital-lavice\/\" class=\"image-wrap\"><img decoding=\"async\" src=\"https:\/\/alexnabytok.sk\/satnovynabytok\/wp-content\/uploads\/2021\/06\/Kategoria_kepek_800x5605.jpg\" alt=\"Vital lavice\"><\/a><\/figure><div class=\"caption caption__portfolio\"><h3><a href=\"https:\/\/alexnabytok.sk\/satnovynabytok\/kategoria\/lavicky-na-prezliekanie\/vital-lavice\/\">Vital lavice<\/a><\/h3><\/div><\/div><\/li>\n\r\n\t<li class=\"portfolio_item isotope-item\"><div class=\"portfolio_item_holder\"><figure class=\"thumbnail thumbnail__portfolio\"><a href=\"https:\/\/alexnabytok.sk\/satnovynabytok\/kategoria\/lavicky-na-prezliekanie\/relaxacne-segmenty\/\" class=\"image-wrap\"><img decoding=\"async\" src=\"https:\/\/alexnabytok.sk\/satnovynabytok\/wp-content\/uploads\/2021\/06\/Kategoria_kepek_800x5606.jpg\" alt=\"Relaxa\u010dn\u00e9 segmenty\"><\/a><\/figure><div class=\"caption caption__portfolio\"><h3><a href=\"https:\/\/alexnabytok.sk\/satnovynabytok\/kategoria\/lavicky-na-prezliekanie\/relaxacne-segmenty\/\">Relaxa\u010dn\u00e9 segmenty<\/a><\/h3><\/div><\/div><\/li>\n\r\n\t<li class=\"portfolio_item isotope-item\"><div class=\"portfolio_item_holder\"><figure class=\"thumbnail thumbnail__portfolio\"><a href=\"https:\/\/alexnabytok.sk\/satnovynabytok\/kategoria\/lavicky-na-prezliekanie\/ps-box\/\" class=\"image-wrap\"><img decoding=\"async\" src=\"https:\/\/alexnabytok.sk\/satnovynabytok\/wp-content\/uploads\/2021\/06\/Kategoria_kepek_800x5607.jpg\" alt=\"PS-BOX\"><\/a><\/figure><div class=\"caption caption__portfolio\"><h3><a href=\"https:\/\/alexnabytok.sk\/satnovynabytok\/kategoria\/lavicky-na-prezliekanie\/ps-box\/\">PS-BOX<\/a><\/h3><\/div><\/div><\/li>\n\r\n\t<li class=\"portfolio_item isotope-item\"><div class=\"portfolio_item_holder\"><figure class=\"thumbnail thumbnail__portfolio\"><a href=\"https:\/\/alexnabytok.sk\/satnovynabytok\/kategoria\/lavicky-na-prezliekanie\/klass-lavice\/\" class=\"image-wrap\"><img decoding=\"async\" src=\"https:\/\/alexnabytok.sk\/satnovynabytok\/wp-content\/uploads\/2021\/06\/Kategoria_kepek_800x5608.jpg\" alt=\"Klass lavice\"><\/a><\/figure><div class=\"caption caption__portfolio\"><h3><a href=\"https:\/\/alexnabytok.sk\/satnovynabytok\/kategoria\/lavicky-na-prezliekanie\/klass-lavice\/\">Klass lavice<\/a><\/h3><\/div><\/div><\/li>\n\r\n\t<li class=\"portfolio_item isotope-item\"><div class=\"portfolio_item_holder\"><figure class=\"thumbnail thumbnail__portfolio\"><a href=\"https:\/\/alexnabytok.sk\/satnovynabytok\/kategoria\/lavicky-na-prezliekanie\/atlanta\/\" class=\"image-wrap\"><img decoding=\"async\" src=\"https:\/\/alexnabytok.sk\/satnovynabytok\/wp-content\/uploads\/2021\/06\/Kategoria_kepek_800x5609.jpg\" alt=\"Atlanta\"><\/a><\/figure><div class=\"caption caption__portfolio\"><h3><a href=\"https:\/\/alexnabytok.sk\/satnovynabytok\/kategoria\/lavicky-na-prezliekanie\/atlanta\/\">Atlanta<\/a><\/h3><\/div><\/div><\/li>\n","protected":false},"excerpt":{"rendered":"<p>Fitt lavi\u010dky na prezliekanie<\/p>\n","protected":false},"author":3,"featured_media":0,"parent":10,"menu_order":0,"comment_status":"closed","ping_status":"closed","template":"page-Portfolio2Cols-alexsub.php","meta":{"footnotes":""},"class_list":["post-31372","page","type-page","status-publish","hentry"],"yoast_head":"<!-- This site is optimized with the Yoast SEO plugin v24.7 - https:\/\/yoast.com\/wordpress\/plugins\/seo\/ -->\n<title>Lavi\u010dky na prezliekanie - \u0160AT\u0147OV\u00dd N\u00c1BYTOK<\/title>\n<meta name=\"robots\" content=\"index, follow, max-snippet:-1, max-image-preview:large, max-video-preview:-1\" \/>\n<link rel=\"canonical\" href=\"https:\/\/alexnabytok.sk\/satnovynabytok\/kategoria\/lavicky-na-prezliekanie\/\" \/>\n<meta property=\"og:locale\" content=\"sk_SK\" \/>\n<meta property=\"og:type\" content=\"article\" \/>\n<meta property=\"og:title\" content=\"Lavi\u010dky na prezliekanie - \u0160AT\u0147OV\u00dd N\u00c1BYTOK\" \/>\n<meta property=\"og:description\" content=\"Fitt lavi\u010dky na prezliekanie\" \/>\n<meta property=\"og:url\" content=\"https:\/\/alexnabytok.sk\/satnovynabytok\/kategoria\/lavicky-na-prezliekanie\/\" \/>\n<meta property=\"og:site_name\" content=\"\u0160AT\u0147OV\u00dd N\u00c1BYTOK\" \/>\n<meta property=\"article:modified_time\" content=\"2021-06-04T11:43:40+00:00\" \/>\n<meta property=\"og:image\" content=\"https:\/\/alexnabytok.sk\/satnovynabytok\/wp-content\/uploads\/2021\/06\/OltozopadFoto_800x560.jpg\" \/>\n<meta name=\"twitter:card\" content=\"summary_large_image\" \/>\n<meta name=\"twitter:label1\" content=\"Est. reading time\" \/>\n\t<meta name=\"twitter:data1\" content=\"1 minute\" \/>\n<script type=\"application\/ld+json\" class=\"yoast-schema-graph\">{\"@context\":\"https:\/\/schema.org\",\"@graph\":[{\"@type\":\"WebPage\",\"@id\":\"https:\/\/alexnabytok.sk\/satnovynabytok\/kategoria\/lavicky-na-prezliekanie\/\",\"url\":\"https:\/\/alexnabytok.sk\/satnovynabytok\/kategoria\/lavicky-na-prezliekanie\/\",\"name\":\"Lavi\u010dky na prezliekanie - \u0160AT\u0147OV\u00dd N\u00c1BYTOK\",\"isPartOf\":{\"@id\":\"https:\/\/alexnabytok.sk\/satnovynabytok\/#website\"},\"primaryImageOfPage\":{\"@id\":\"https:\/\/alexnabytok.sk\/satnovynabytok\/kategoria\/lavicky-na-prezliekanie\/#primaryimage\"},\"image\":{\"@id\":\"https:\/\/alexnabytok.sk\/satnovynabytok\/kategoria\/lavicky-na-prezliekanie\/#primaryimage\"},\"thumbnailUrl\":\"https:\/\/alexnabytok.sk\/satnovynabytok\/wp-content\/uploads\/2021\/06\/OltozopadFoto_800x560.jpg\",\"datePublished\":\"2016-11-30T14:02:58+00:00\",\"dateModified\":\"2021-06-04T11:43:40+00:00\",\"breadcrumb\":{\"@id\":\"https:\/\/alexnabytok.sk\/satnovynabytok\/kategoria\/lavicky-na-prezliekanie\/#breadcrumb\"},\"inLanguage\":\"en-US\",\"potentialAction\":[{\"@type\":\"ReadAction\",\"target\":[\"https:\/\/alexnabytok.sk\/satnovynabytok\/kategoria\/lavicky-na-prezliekanie\/\"]}]},{\"@type\":\"ImageObject\",\"inLanguage\":\"en-US\",\"@id\":\"https:\/\/alexnabytok.sk\/satnovynabytok\/kategoria\/lavicky-na-prezliekanie\/#primaryimage\",\"url\":\"https:\/\/alexnabytok.sk\/satnovynabytok\/wp-content\/uploads\/2021\/06\/OltozopadFoto_800x560.jpg\",\"contentUrl\":\"https:\/\/alexnabytok.sk\/satnovynabytok\/wp-content\/uploads\/2021\/06\/OltozopadFoto_800x560.jpg\",\"width\":800,\"height\":560},{\"@type\":\"BreadcrumbList\",\"@id\":\"https:\/\/alexnabytok.sk\/satnovynabytok\/kategoria\/lavicky-na-prezliekanie\/#breadcrumb\",\"itemListElement\":[{\"@type\":\"ListItem\",\"position\":1,\"name\":\"Home\",\"item\":\"https:\/\/alexnabytok.sk\/satnovynabytok\/\"},{\"@type\":\"ListItem\",\"position\":2,\"name\":\"Produkty\",\"item\":\"https:\/\/alexnabytok.sk\/satnovynabytok\/kategoria\/\"},{\"@type\":\"ListItem\",\"position\":3,\"name\":\"Lavi\u010dky na prezliekanie\"}]},{\"@type\":\"WebSite\",\"@id\":\"https:\/\/alexnabytok.sk\/satnovynabytok\/#website\",\"url\":\"https:\/\/alexnabytok.sk\/satnovynabytok\/\",\"name\":\"\u0160AT\u0147OV\u00dd N\u00c1BYTOK\",\"description\":\"Alex kovov\u00fd a \u0161kolsk\u00fd n\u00e1bytok s.r.o.\",\"potentialAction\":[{\"@type\":\"SearchAction\",\"target\":{\"@type\":\"EntryPoint\",\"urlTemplate\":\"https:\/\/alexnabytok.sk\/satnovynabytok\/?s={search_term_string}\"},\"query-input\":{\"@type\":\"PropertyValueSpecification\",\"valueRequired\":true,\"valueName\":\"search_term_string\"}}],\"inLanguage\":\"en-US\"}]}<\/script>\n<!-- \/ Yoast SEO plugin. -->","yoast_head_json":{"title":"Lavi\u010dky na prezliekanie - \u0160AT\u0147OV\u00dd N\u00c1BYTOK","robots":{"index":"index","follow":"follow","max-snippet":"max-snippet:-1","max-image-preview":"max-image-preview:large","max-video-preview":"max-video-preview:-1"},"canonical":"https:\/\/alexnabytok.sk\/satnovynabytok\/kategoria\/lavicky-na-prezliekanie\/","og_locale":"sk_SK","og_type":"article","og_title":"Lavi\u010dky na prezliekanie - \u0160AT\u0147OV\u00dd N\u00c1BYTOK","og_description":"Fitt lavi\u010dky na prezliekanie","og_url":"https:\/\/alexnabytok.sk\/satnovynabytok\/kategoria\/lavicky-na-prezliekanie\/","og_site_name":"\u0160AT\u0147OV\u00dd N\u00c1BYTOK","article_modified_time":"2021-06-04T11:43:40+00:00","og_image":[{"url":"https:\/\/alexnabytok.sk\/satnovynabytok\/wp-content\/uploads\/2021\/06\/OltozopadFoto_800x560.jpg","type":"","width":"","height":""}],"twitter_card":"summary_large_image","twitter_misc":{"Est. reading time":"1 minute"},"schema":{"@context":"https:\/\/schema.org","@graph":[{"@type":"WebPage","@id":"https:\/\/alexnabytok.sk\/satnovynabytok\/kategoria\/lavicky-na-prezliekanie\/","url":"https:\/\/alexnabytok.sk\/satnovynabytok\/kategoria\/lavicky-na-prezliekanie\/","name":"Lavi\u010dky na prezliekanie - \u0160AT\u0147OV\u00dd N\u00c1BYTOK","isPartOf":{"@id":"https:\/\/alexnabytok.sk\/satnovynabytok\/#website"},"primaryImageOfPage":{"@id":"https:\/\/alexnabytok.sk\/satnovynabytok\/kategoria\/lavicky-na-prezliekanie\/#primaryimage"},"image":{"@id":"https:\/\/alexnabytok.sk\/satnovynabytok\/kategoria\/lavicky-na-prezliekanie\/#primaryimage"},"thumbnailUrl":"https:\/\/alexnabytok.sk\/satnovynabytok\/wp-content\/uploads\/2021\/06\/OltozopadFoto_800x560.jpg","datePublished":"2016-11-30T14:02:58+00:00","dateModified":"2021-06-04T11:43:40+00:00","breadcrumb":{"@id":"https:\/\/alexnabytok.sk\/satnovynabytok\/kategoria\/lavicky-na-prezliekanie\/#breadcrumb"},"inLanguage":"en-US","potentialAction":[{"@type":"ReadAction","target":["https:\/\/alexnabytok.sk\/satnovynabytok\/kategoria\/lavicky-na-prezliekanie\/"]}]},{"@type":"ImageObject","inLanguage":"en-US","@id":"https:\/\/alexnabytok.sk\/satnovynabytok\/kategoria\/lavicky-na-prezliekanie\/#primaryimage","url":"https:\/\/alexnabytok.sk\/satnovynabytok\/wp-content\/uploads\/2021\/06\/OltozopadFoto_800x560.jpg","contentUrl":"https:\/\/alexnabytok.sk\/satnovynabytok\/wp-content\/uploads\/2021\/06\/OltozopadFoto_800x560.jpg","width":800,"height":560},{"@type":"BreadcrumbList","@id":"https:\/\/alexnabytok.sk\/satnovynabytok\/kategoria\/lavicky-na-prezliekanie\/#breadcrumb","itemListElement":[{"@type":"ListItem","position":1,"name":"Home","item":"https:\/\/alexnabytok.sk\/satnovynabytok\/"},{"@type":"ListItem","position":2,"name":"Produkty","item":"https:\/\/alexnabytok.sk\/satnovynabytok\/kategoria\/"},{"@type":"ListItem","position":3,"name":"Lavi\u010dky na prezliekanie"}]},{"@type":"WebSite","@id":"https:\/\/alexnabytok.sk\/satnovynabytok\/#website","url":"https:\/\/alexnabytok.sk\/satnovynabytok\/","name":"\u0160AT\u0147OV\u00dd N\u00c1BYTOK","description":"Alex kovov\u00fd a \u0161kolsk\u00fd n\u00e1bytok s.r.o.","potentialAction":[{"@type":"SearchAction","target":{"@type":"EntryPoint","urlTemplate":"https:\/\/alexnabytok.sk\/satnovynabytok\/?s={search_term_string}"},"query-input":{"@type":"PropertyValueSpecification","valueRequired":true,"valueName":"search_term_string"}}],"inLanguage":"en-US"}]}},"_links":{"self":[{"href":"https:\/\/alexnabytok.sk\/satnovynabytok\/wp-json\/wp\/v2\/pages\/31372","targetHints":{"allow":["GET"]}}],"collection":[{"href":"https:\/\/alexnabytok.sk\/satnovynabytok\/wp-json\/wp\/v2\/pages"}],"about":[{"href":"https:\/\/alexnabytok.sk\/satnovynabytok\/wp-json\/wp\/v2\/types\/page"}],"author":[{"embeddable":true,"href":"https:\/\/alexnabytok.sk\/satnovynabytok\/wp-json\/wp\/v2\/users\/3"}],"replies":[{"embeddable":true,"href":"https:\/\/alexnabytok.sk\/satnovynabytok\/wp-json\/wp\/v2\/comments?post=31372"}],"version-history":[{"count":7,"href":"https:\/\/alexnabytok.sk\/satnovynabytok\/wp-json\/wp\/v2\/pages\/31372\/revisions"}],"predecessor-version":[{"id":52761,"href":"https:\/\/alexnabytok.sk\/satnovynabytok\/wp-json\/wp\/v2\/pages\/31372\/revisions\/52761"}],"up":[{"embeddable":true,"href":"https:\/\/alexnabytok.sk\/satnovynabytok\/wp-json\/wp\/v2\/pages\/10"}],"wp:attachment":[{"href":"https:\/\/alexnabytok.sk\/satnovynabytok\/wp-json\/wp\/v2\/media?parent=31372"}],"curies":[{"name":"wp","href":"https:\/\/api.w.org\/{rel}","templated":true}]}}