{"id":31374,"date":"2016-11-30T14:03:15","date_gmt":"2016-11-30T14:03:15","guid":{"rendered":"http:\/\/oltozobutor.hu\/?page_id=31374"},"modified":"2020-01-21T13:11:01","modified_gmt":"2020-01-21T13:11:01","slug":"fitt-lavicky-na-prezliekanie","status":"publish","type":"page","link":"https:\/\/alexnabytok.sk\/satnovynabytok\/kategoria\/lavicky-na-prezliekanie\/fitt-lavicky-na-prezliekanie\/","title":{"rendered":"Fitt lavi\u010dky na prezliekanie"},"content":{"rendered":"\r\n\t<li class=\"portfolio_item isotope-item\"><div class=\"portfolio_item_holder\"><figure class=\"thumbnail thumbnail__portfolio\"><a href=\"https:\/\/alexnabytok.sk\/satnovynabytok\/kategoria\/lavicky-na-prezliekanie\/fitt-lavicky-na-prezliekanie\/s-drevenymi-doskami\/\" class=\"image-wrap\"><img decoding=\"async\" src=\"https:\/\/alexnabytok.sk\/satnovynabytok\/wp-content\/uploads\/2020\/01\/FITTfaleces.jpg\" alt=\"S dreven\u00fdmi doskami\"><\/a><\/figure><div class=\"caption caption__portfolio\"><h3><a href=\"https:\/\/alexnabytok.sk\/satnovynabytok\/kategoria\/lavicky-na-prezliekanie\/fitt-lavicky-na-prezliekanie\/s-drevenymi-doskami\/\">S dreven\u00fdmi doskami<\/a><\/h3><\/div><\/div><\/li>\n\r\n\t<li class=\"portfolio_item isotope-item\"><div class=\"portfolio_item_holder\"><figure class=\"thumbnail thumbnail__portfolio\"><a href=\"https:\/\/alexnabytok.sk\/satnovynabytok\/kategoria\/lavicky-na-prezliekanie\/fitt-lavicky-na-prezliekanie\/s-wpc-doskami\/\" class=\"image-wrap\"><img decoding=\"async\" src=\"https:\/\/alexnabytok.sk\/satnovynabytok\/wp-content\/uploads\/2020\/01\/FITTwpcleces.jpg\" alt=\"s WPC doskami\"><\/a><\/figure><div class=\"caption caption__portfolio\"><h3><a href=\"https:\/\/alexnabytok.sk\/satnovynabytok\/kategoria\/lavicky-na-prezliekanie\/fitt-lavicky-na-prezliekanie\/s-wpc-doskami\/\">s WPC doskami<\/a><\/h3><\/div><\/div><\/li>\n","protected":false},"excerpt":{"rendered":"","protected":false},"author":3,"featured_media":0,"parent":31372,"menu_order":0,"comment_status":"closed","ping_status":"closed","template":"page-Portfolio2Cols-alexsub.php","meta":{"footnotes":""},"class_list":["post-31374","page","type-page","status-publish","hentry"],"yoast_head":"<!-- This site is optimized with the Yoast SEO plugin v24.7 - https:\/\/yoast.com\/wordpress\/plugins\/seo\/ -->\n<title>Fitt lavi\u010dky na prezliekanie - \u0160AT\u0147OV\u00dd N\u00c1BYTOK<\/title>\n<meta name=\"robots\" content=\"index, follow, max-snippet:-1, max-image-preview:large, max-video-preview:-1\" \/>\n<link rel=\"canonical\" href=\"https:\/\/alexnabytok.sk\/satnovynabytok\/kategoria\/lavicky-na-prezliekanie\/fitt-lavicky-na-prezliekanie\/\" \/>\n<meta property=\"og:locale\" content=\"sk_SK\" \/>\n<meta property=\"og:type\" content=\"article\" \/>\n<meta property=\"og:title\" content=\"Fitt lavi\u010dky na prezliekanie - \u0160AT\u0147OV\u00dd N\u00c1BYTOK\" \/>\n<meta property=\"og:url\" content=\"https:\/\/alexnabytok.sk\/satnovynabytok\/kategoria\/lavicky-na-prezliekanie\/fitt-lavicky-na-prezliekanie\/\" \/>\n<meta property=\"og:site_name\" content=\"\u0160AT\u0147OV\u00dd N\u00c1BYTOK\" \/>\n<meta property=\"article:modified_time\" content=\"2020-01-21T13:11:01+00:00\" \/>\n<meta name=\"twitter:card\" content=\"summary_large_image\" \/>\n<script type=\"application\/ld+json\" class=\"yoast-schema-graph\">{\"@context\":\"https:\/\/schema.org\",\"@graph\":[{\"@type\":\"WebPage\",\"@id\":\"https:\/\/alexnabytok.sk\/satnovynabytok\/kategoria\/lavicky-na-prezliekanie\/fitt-lavicky-na-prezliekanie\/\",\"url\":\"https:\/\/alexnabytok.sk\/satnovynabytok\/kategoria\/lavicky-na-prezliekanie\/fitt-lavicky-na-prezliekanie\/\",\"name\":\"Fitt lavi\u010dky na prezliekanie - \u0160AT\u0147OV\u00dd N\u00c1BYTOK\",\"isPartOf\":{\"@id\":\"https:\/\/alexnabytok.sk\/satnovynabytok\/#website\"},\"datePublished\":\"2016-11-30T14:03:15+00:00\",\"dateModified\":\"2020-01-21T13:11:01+00:00\",\"breadcrumb\":{\"@id\":\"https:\/\/alexnabytok.sk\/satnovynabytok\/kategoria\/lavicky-na-prezliekanie\/fitt-lavicky-na-prezliekanie\/#breadcrumb\"},\"inLanguage\":\"en-US\",\"potentialAction\":[{\"@type\":\"ReadAction\",\"target\":[\"https:\/\/alexnabytok.sk\/satnovynabytok\/kategoria\/lavicky-na-prezliekanie\/fitt-lavicky-na-prezliekanie\/\"]}]},{\"@type\":\"BreadcrumbList\",\"@id\":\"https:\/\/alexnabytok.sk\/satnovynabytok\/kategoria\/lavicky-na-prezliekanie\/fitt-lavicky-na-prezliekanie\/#breadcrumb\",\"itemListElement\":[{\"@type\":\"ListItem\",\"position\":1,\"name\":\"Home\",\"item\":\"https:\/\/alexnabytok.sk\/satnovynabytok\/\"},{\"@type\":\"ListItem\",\"position\":2,\"name\":\"Produkty\",\"item\":\"https:\/\/alexnabytok.sk\/satnovynabytok\/kategoria\/\"},{\"@type\":\"ListItem\",\"position\":3,\"name\":\"Lavi\u010dky na prezliekanie\",\"item\":\"https:\/\/alexnabytok.sk\/satnovynabytok\/kategoria\/lavicky-na-prezliekanie\/\"},{\"@type\":\"ListItem\",\"position\":4,\"name\":\"Fitt lavi\u010dky na prezliekanie\"}]},{\"@type\":\"WebSite\",\"@id\":\"https:\/\/alexnabytok.sk\/satnovynabytok\/#website\",\"url\":\"https:\/\/alexnabytok.sk\/satnovynabytok\/\",\"name\":\"\u0160AT\u0147OV\u00dd N\u00c1BYTOK\",\"description\":\"Alex kovov\u00fd a \u0161kolsk\u00fd n\u00e1bytok s.r.o.\",\"potentialAction\":[{\"@type\":\"SearchAction\",\"target\":{\"@type\":\"EntryPoint\",\"urlTemplate\":\"https:\/\/alexnabytok.sk\/satnovynabytok\/?s={search_term_string}\"},\"query-input\":{\"@type\":\"PropertyValueSpecification\",\"valueRequired\":true,\"valueName\":\"search_term_string\"}}],\"inLanguage\":\"en-US\"}]}<\/script>\n<!-- \/ Yoast SEO plugin. -->","yoast_head_json":{"title":"Fitt lavi\u010dky na prezliekanie - \u0160AT\u0147OV\u00dd N\u00c1BYTOK","robots":{"index":"index","follow":"follow","max-snippet":"max-snippet:-1","max-image-preview":"max-image-preview:large","max-video-preview":"max-video-preview:-1"},"canonical":"https:\/\/alexnabytok.sk\/satnovynabytok\/kategoria\/lavicky-na-prezliekanie\/fitt-lavicky-na-prezliekanie\/","og_locale":"sk_SK","og_type":"article","og_title":"Fitt lavi\u010dky na prezliekanie - \u0160AT\u0147OV\u00dd N\u00c1BYTOK","og_url":"https:\/\/alexnabytok.sk\/satnovynabytok\/kategoria\/lavicky-na-prezliekanie\/fitt-lavicky-na-prezliekanie\/","og_site_name":"\u0160AT\u0147OV\u00dd N\u00c1BYTOK","article_modified_time":"2020-01-21T13:11:01+00:00","twitter_card":"summary_large_image","schema":{"@context":"https:\/\/schema.org","@graph":[{"@type":"WebPage","@id":"https:\/\/alexnabytok.sk\/satnovynabytok\/kategoria\/lavicky-na-prezliekanie\/fitt-lavicky-na-prezliekanie\/","url":"https:\/\/alexnabytok.sk\/satnovynabytok\/kategoria\/lavicky-na-prezliekanie\/fitt-lavicky-na-prezliekanie\/","name":"Fitt lavi\u010dky na prezliekanie - \u0160AT\u0147OV\u00dd N\u00c1BYTOK","isPartOf":{"@id":"https:\/\/alexnabytok.sk\/satnovynabytok\/#website"},"datePublished":"2016-11-30T14:03:15+00:00","dateModified":"2020-01-21T13:11:01+00:00","breadcrumb":{"@id":"https:\/\/alexnabytok.sk\/satnovynabytok\/kategoria\/lavicky-na-prezliekanie\/fitt-lavicky-na-prezliekanie\/#breadcrumb"},"inLanguage":"en-US","potentialAction":[{"@type":"ReadAction","target":["https:\/\/alexnabytok.sk\/satnovynabytok\/kategoria\/lavicky-na-prezliekanie\/fitt-lavicky-na-prezliekanie\/"]}]},{"@type":"BreadcrumbList","@id":"https:\/\/alexnabytok.sk\/satnovynabytok\/kategoria\/lavicky-na-prezliekanie\/fitt-lavicky-na-prezliekanie\/#breadcrumb","itemListElement":[{"@type":"ListItem","position":1,"name":"Home","item":"https:\/\/alexnabytok.sk\/satnovynabytok\/"},{"@type":"ListItem","position":2,"name":"Produkty","item":"https:\/\/alexnabytok.sk\/satnovynabytok\/kategoria\/"},{"@type":"ListItem","position":3,"name":"Lavi\u010dky na prezliekanie","item":"https:\/\/alexnabytok.sk\/satnovynabytok\/kategoria\/lavicky-na-prezliekanie\/"},{"@type":"ListItem","position":4,"name":"Fitt lavi\u010dky na prezliekanie"}]},{"@type":"WebSite","@id":"https:\/\/alexnabytok.sk\/satnovynabytok\/#website","url":"https:\/\/alexnabytok.sk\/satnovynabytok\/","name":"\u0160AT\u0147OV\u00dd N\u00c1BYTOK","description":"Alex kovov\u00fd a \u0161kolsk\u00fd n\u00e1bytok s.r.o.","potentialAction":[{"@type":"SearchAction","target":{"@type":"EntryPoint","urlTemplate":"https:\/\/alexnabytok.sk\/satnovynabytok\/?s={search_term_string}"},"query-input":{"@type":"PropertyValueSpecification","valueRequired":true,"valueName":"search_term_string"}}],"inLanguage":"en-US"}]}},"_links":{"self":[{"href":"https:\/\/alexnabytok.sk\/satnovynabytok\/wp-json\/wp\/v2\/pages\/31374","targetHints":{"allow":["GET"]}}],"collection":[{"href":"https:\/\/alexnabytok.sk\/satnovynabytok\/wp-json\/wp\/v2\/pages"}],"about":[{"href":"https:\/\/alexnabytok.sk\/satnovynabytok\/wp-json\/wp\/v2\/types\/page"}],"author":[{"embeddable":true,"href":"https:\/\/alexnabytok.sk\/satnovynabytok\/wp-json\/wp\/v2\/users\/3"}],"replies":[{"embeddable":true,"href":"https:\/\/alexnabytok.sk\/satnovynabytok\/wp-json\/wp\/v2\/comments?post=31374"}],"version-history":[{"count":3,"href":"https:\/\/alexnabytok.sk\/satnovynabytok\/wp-json\/wp\/v2\/pages\/31374\/revisions"}],"predecessor-version":[{"id":51094,"href":"https:\/\/alexnabytok.sk\/satnovynabytok\/wp-json\/wp\/v2\/pages\/31374\/revisions\/51094"}],"up":[{"embeddable":true,"href":"https:\/\/alexnabytok.sk\/satnovynabytok\/wp-json\/wp\/v2\/pages\/31372"}],"wp:attachment":[{"href":"https:\/\/alexnabytok.sk\/satnovynabytok\/wp-json\/wp\/v2\/media?parent=31374"}],"curies":[{"name":"wp","href":"https:\/\/api.w.org\/{rel}","templated":true}]}}