{"id":51085,"date":"2020-01-21T12:39:16","date_gmt":"2020-01-21T12:39:16","guid":{"rendered":"http:\/\/www.alexnabytok.sk\/satnovynabytok\/?page_id=51085"},"modified":"2020-01-21T13:07:56","modified_gmt":"2020-01-21T13:07:56","slug":"s-drevenymi-doskami","status":"publish","type":"page","link":"https:\/\/alexnabytok.sk\/satnovynabytok\/kategoria\/lavicky-na-prezliekanie\/fitt-lavicky-na-prezliekanie\/s-drevenymi-doskami\/","title":{"rendered":"S dreven\u00fdmi doskami"},"content":{"rendered":"","protected":false},"excerpt":{"rendered":"","protected":false},"author":3,"featured_media":51086,"parent":31374,"menu_order":0,"comment_status":"closed","ping_status":"closed","template":"page-Portfolio4Cols-filterable.php","meta":{"footnotes":""},"class_list":["post-51085","page","type-page","status-publish","has-post-thumbnail","hentry"],"yoast_head":"<!-- This site is optimized with the Yoast SEO plugin v24.7 - https:\/\/yoast.com\/wordpress\/plugins\/seo\/ -->\n<title>S dreven\u00fdmi doskami - \u0160AT\u0147OV\u00dd N\u00c1BYTOK<\/title>\n<meta name=\"robots\" content=\"index, follow, max-snippet:-1, max-image-preview:large, max-video-preview:-1\" \/>\n<link rel=\"canonical\" href=\"https:\/\/alexnabytok.sk\/satnovynabytok\/kategoria\/lavicky-na-prezliekanie\/fitt-lavicky-na-prezliekanie\/s-drevenymi-doskami\/\" \/>\n<meta property=\"og:locale\" content=\"sk_SK\" \/>\n<meta property=\"og:type\" content=\"article\" \/>\n<meta property=\"og:title\" content=\"S dreven\u00fdmi doskami - \u0160AT\u0147OV\u00dd N\u00c1BYTOK\" \/>\n<meta property=\"og:url\" content=\"https:\/\/alexnabytok.sk\/satnovynabytok\/kategoria\/lavicky-na-prezliekanie\/fitt-lavicky-na-prezliekanie\/s-drevenymi-doskami\/\" \/>\n<meta property=\"og:site_name\" content=\"\u0160AT\u0147OV\u00dd N\u00c1BYTOK\" \/>\n<meta property=\"article:modified_time\" content=\"2020-01-21T13:07:56+00:00\" \/>\n<meta property=\"og:image\" content=\"https:\/\/alexnabytok.sk\/satnovynabytok\/wp-content\/uploads\/2020\/01\/FITTfaleces.jpg\" \/>\n\t<meta property=\"og:image:width\" content=\"800\" \/>\n\t<meta property=\"og:image:height\" content=\"560\" \/>\n\t<meta property=\"og:image:type\" content=\"image\/jpeg\" \/>\n<meta name=\"twitter:card\" content=\"summary_large_image\" \/>\n<script type=\"application\/ld+json\" class=\"yoast-schema-graph\">{\"@context\":\"https:\/\/schema.org\",\"@graph\":[{\"@type\":\"WebPage\",\"@id\":\"https:\/\/alexnabytok.sk\/satnovynabytok\/kategoria\/lavicky-na-prezliekanie\/fitt-lavicky-na-prezliekanie\/s-drevenymi-doskami\/\",\"url\":\"https:\/\/alexnabytok.sk\/satnovynabytok\/kategoria\/lavicky-na-prezliekanie\/fitt-lavicky-na-prezliekanie\/s-drevenymi-doskami\/\",\"name\":\"S dreven\u00fdmi doskami - \u0160AT\u0147OV\u00dd N\u00c1BYTOK\",\"isPartOf\":{\"@id\":\"https:\/\/alexnabytok.sk\/satnovynabytok\/#website\"},\"primaryImageOfPage\":{\"@id\":\"https:\/\/alexnabytok.sk\/satnovynabytok\/kategoria\/lavicky-na-prezliekanie\/fitt-lavicky-na-prezliekanie\/s-drevenymi-doskami\/#primaryimage\"},\"image\":{\"@id\":\"https:\/\/alexnabytok.sk\/satnovynabytok\/kategoria\/lavicky-na-prezliekanie\/fitt-lavicky-na-prezliekanie\/s-drevenymi-doskami\/#primaryimage\"},\"thumbnailUrl\":\"https:\/\/alexnabytok.sk\/satnovynabytok\/wp-content\/uploads\/2020\/01\/FITTfaleces.jpg\",\"datePublished\":\"2020-01-21T12:39:16+00:00\",\"dateModified\":\"2020-01-21T13:07:56+00:00\",\"breadcrumb\":{\"@id\":\"https:\/\/alexnabytok.sk\/satnovynabytok\/kategoria\/lavicky-na-prezliekanie\/fitt-lavicky-na-prezliekanie\/s-drevenymi-doskami\/#breadcrumb\"},\"inLanguage\":\"en-US\",\"potentialAction\":[{\"@type\":\"ReadAction\",\"target\":[\"https:\/\/alexnabytok.sk\/satnovynabytok\/kategoria\/lavicky-na-prezliekanie\/fitt-lavicky-na-prezliekanie\/s-drevenymi-doskami\/\"]}]},{\"@type\":\"ImageObject\",\"inLanguage\":\"en-US\",\"@id\":\"https:\/\/alexnabytok.sk\/satnovynabytok\/kategoria\/lavicky-na-prezliekanie\/fitt-lavicky-na-prezliekanie\/s-drevenymi-doskami\/#primaryimage\",\"url\":\"https:\/\/alexnabytok.sk\/satnovynabytok\/wp-content\/uploads\/2020\/01\/FITTfaleces.jpg\",\"contentUrl\":\"https:\/\/alexnabytok.sk\/satnovynabytok\/wp-content\/uploads\/2020\/01\/FITTfaleces.jpg\",\"width\":800,\"height\":560},{\"@type\":\"BreadcrumbList\",\"@id\":\"https:\/\/alexnabytok.sk\/satnovynabytok\/kategoria\/lavicky-na-prezliekanie\/fitt-lavicky-na-prezliekanie\/s-drevenymi-doskami\/#breadcrumb\",\"itemListElement\":[{\"@type\":\"ListItem\",\"position\":1,\"name\":\"Home\",\"item\":\"https:\/\/alexnabytok.sk\/satnovynabytok\/\"},{\"@type\":\"ListItem\",\"position\":2,\"name\":\"Produkty\",\"item\":\"https:\/\/alexnabytok.sk\/satnovynabytok\/kategoria\/\"},{\"@type\":\"ListItem\",\"position\":3,\"name\":\"Lavi\u010dky na prezliekanie\",\"item\":\"https:\/\/alexnabytok.sk\/satnovynabytok\/kategoria\/lavicky-na-prezliekanie\/\"},{\"@type\":\"ListItem\",\"position\":4,\"name\":\"Fitt lavi\u010dky na prezliekanie\",\"item\":\"https:\/\/alexnabytok.sk\/satnovynabytok\/kategoria\/lavicky-na-prezliekanie\/fitt-lavicky-na-prezliekanie\/\"},{\"@type\":\"ListItem\",\"position\":5,\"name\":\"S dreven\u00fdmi doskami\"}]},{\"@type\":\"WebSite\",\"@id\":\"https:\/\/alexnabytok.sk\/satnovynabytok\/#website\",\"url\":\"https:\/\/alexnabytok.sk\/satnovynabytok\/\",\"name\":\"\u0160AT\u0147OV\u00dd N\u00c1BYTOK\",\"description\":\"Alex kovov\u00fd a \u0161kolsk\u00fd n\u00e1bytok s.r.o.\",\"potentialAction\":[{\"@type\":\"SearchAction\",\"target\":{\"@type\":\"EntryPoint\",\"urlTemplate\":\"https:\/\/alexnabytok.sk\/satnovynabytok\/?s={search_term_string}\"},\"query-input\":{\"@type\":\"PropertyValueSpecification\",\"valueRequired\":true,\"valueName\":\"search_term_string\"}}],\"inLanguage\":\"en-US\"}]}<\/script>\n<!-- \/ Yoast SEO plugin. -->","yoast_head_json":{"title":"S dreven\u00fdmi doskami - \u0160AT\u0147OV\u00dd N\u00c1BYTOK","robots":{"index":"index","follow":"follow","max-snippet":"max-snippet:-1","max-image-preview":"max-image-preview:large","max-video-preview":"max-video-preview:-1"},"canonical":"https:\/\/alexnabytok.sk\/satnovynabytok\/kategoria\/lavicky-na-prezliekanie\/fitt-lavicky-na-prezliekanie\/s-drevenymi-doskami\/","og_locale":"sk_SK","og_type":"article","og_title":"S dreven\u00fdmi doskami - \u0160AT\u0147OV\u00dd N\u00c1BYTOK","og_url":"https:\/\/alexnabytok.sk\/satnovynabytok\/kategoria\/lavicky-na-prezliekanie\/fitt-lavicky-na-prezliekanie\/s-drevenymi-doskami\/","og_site_name":"\u0160AT\u0147OV\u00dd N\u00c1BYTOK","article_modified_time":"2020-01-21T13:07:56+00:00","og_image":[{"width":800,"height":560,"url":"https:\/\/alexnabytok.sk\/satnovynabytok\/wp-content\/uploads\/2020\/01\/FITTfaleces.jpg","type":"image\/jpeg"}],"twitter_card":"summary_large_image","schema":{"@context":"https:\/\/schema.org","@graph":[{"@type":"WebPage","@id":"https:\/\/alexnabytok.sk\/satnovynabytok\/kategoria\/lavicky-na-prezliekanie\/fitt-lavicky-na-prezliekanie\/s-drevenymi-doskami\/","url":"https:\/\/alexnabytok.sk\/satnovynabytok\/kategoria\/lavicky-na-prezliekanie\/fitt-lavicky-na-prezliekanie\/s-drevenymi-doskami\/","name":"S dreven\u00fdmi doskami - \u0160AT\u0147OV\u00dd N\u00c1BYTOK","isPartOf":{"@id":"https:\/\/alexnabytok.sk\/satnovynabytok\/#website"},"primaryImageOfPage":{"@id":"https:\/\/alexnabytok.sk\/satnovynabytok\/kategoria\/lavicky-na-prezliekanie\/fitt-lavicky-na-prezliekanie\/s-drevenymi-doskami\/#primaryimage"},"image":{"@id":"https:\/\/alexnabytok.sk\/satnovynabytok\/kategoria\/lavicky-na-prezliekanie\/fitt-lavicky-na-prezliekanie\/s-drevenymi-doskami\/#primaryimage"},"thumbnailUrl":"https:\/\/alexnabytok.sk\/satnovynabytok\/wp-content\/uploads\/2020\/01\/FITTfaleces.jpg","datePublished":"2020-01-21T12:39:16+00:00","dateModified":"2020-01-21T13:07:56+00:00","breadcrumb":{"@id":"https:\/\/alexnabytok.sk\/satnovynabytok\/kategoria\/lavicky-na-prezliekanie\/fitt-lavicky-na-prezliekanie\/s-drevenymi-doskami\/#breadcrumb"},"inLanguage":"en-US","potentialAction":[{"@type":"ReadAction","target":["https:\/\/alexnabytok.sk\/satnovynabytok\/kategoria\/lavicky-na-prezliekanie\/fitt-lavicky-na-prezliekanie\/s-drevenymi-doskami\/"]}]},{"@type":"ImageObject","inLanguage":"en-US","@id":"https:\/\/alexnabytok.sk\/satnovynabytok\/kategoria\/lavicky-na-prezliekanie\/fitt-lavicky-na-prezliekanie\/s-drevenymi-doskami\/#primaryimage","url":"https:\/\/alexnabytok.sk\/satnovynabytok\/wp-content\/uploads\/2020\/01\/FITTfaleces.jpg","contentUrl":"https:\/\/alexnabytok.sk\/satnovynabytok\/wp-content\/uploads\/2020\/01\/FITTfaleces.jpg","width":800,"height":560},{"@type":"BreadcrumbList","@id":"https:\/\/alexnabytok.sk\/satnovynabytok\/kategoria\/lavicky-na-prezliekanie\/fitt-lavicky-na-prezliekanie\/s-drevenymi-doskami\/#breadcrumb","itemListElement":[{"@type":"ListItem","position":1,"name":"Home","item":"https:\/\/alexnabytok.sk\/satnovynabytok\/"},{"@type":"ListItem","position":2,"name":"Produkty","item":"https:\/\/alexnabytok.sk\/satnovynabytok\/kategoria\/"},{"@type":"ListItem","position":3,"name":"Lavi\u010dky na prezliekanie","item":"https:\/\/alexnabytok.sk\/satnovynabytok\/kategoria\/lavicky-na-prezliekanie\/"},{"@type":"ListItem","position":4,"name":"Fitt lavi\u010dky na prezliekanie","item":"https:\/\/alexnabytok.sk\/satnovynabytok\/kategoria\/lavicky-na-prezliekanie\/fitt-lavicky-na-prezliekanie\/"},{"@type":"ListItem","position":5,"name":"S dreven\u00fdmi doskami"}]},{"@type":"WebSite","@id":"https:\/\/alexnabytok.sk\/satnovynabytok\/#website","url":"https:\/\/alexnabytok.sk\/satnovynabytok\/","name":"\u0160AT\u0147OV\u00dd N\u00c1BYTOK","description":"Alex kovov\u00fd a \u0161kolsk\u00fd n\u00e1bytok s.r.o.","potentialAction":[{"@type":"SearchAction","target":{"@type":"EntryPoint","urlTemplate":"https:\/\/alexnabytok.sk\/satnovynabytok\/?s={search_term_string}"},"query-input":{"@type":"PropertyValueSpecification","valueRequired":true,"valueName":"search_term_string"}}],"inLanguage":"en-US"}]}},"_links":{"self":[{"href":"https:\/\/alexnabytok.sk\/satnovynabytok\/wp-json\/wp\/v2\/pages\/51085","targetHints":{"allow":["GET"]}}],"collection":[{"href":"https:\/\/alexnabytok.sk\/satnovynabytok\/wp-json\/wp\/v2\/pages"}],"about":[{"href":"https:\/\/alexnabytok.sk\/satnovynabytok\/wp-json\/wp\/v2\/types\/page"}],"author":[{"embeddable":true,"href":"https:\/\/alexnabytok.sk\/satnovynabytok\/wp-json\/wp\/v2\/users\/3"}],"replies":[{"embeddable":true,"href":"https:\/\/alexnabytok.sk\/satnovynabytok\/wp-json\/wp\/v2\/comments?post=51085"}],"version-history":[{"count":2,"href":"https:\/\/alexnabytok.sk\/satnovynabytok\/wp-json\/wp\/v2\/pages\/51085\/revisions"}],"predecessor-version":[{"id":51091,"href":"https:\/\/alexnabytok.sk\/satnovynabytok\/wp-json\/wp\/v2\/pages\/51085\/revisions\/51091"}],"up":[{"embeddable":true,"href":"https:\/\/alexnabytok.sk\/satnovynabytok\/wp-json\/wp\/v2\/pages\/31374"}],"wp:featuredmedia":[{"embeddable":true,"href":"https:\/\/alexnabytok.sk\/satnovynabytok\/wp-json\/wp\/v2\/media\/51086"}],"wp:attachment":[{"href":"https:\/\/alexnabytok.sk\/satnovynabytok\/wp-json\/wp\/v2\/media?parent=51085"}],"curies":[{"name":"wp","href":"https:\/\/api.w.org\/{rel}","templated":true}]}}