{"id":51970,"date":"2020-06-12T07:49:43","date_gmt":"2020-06-12T07:49:43","guid":{"rendered":"http:\/\/www.alexnabytok.sk\/satnovynabytok\/?page_id=51970"},"modified":"2020-06-12T07:49:43","modified_gmt":"2020-06-12T07:49:43","slug":"volitelna-farba-dosiek-aj-konstrukcie","status":"publish","type":"page","link":"https:\/\/alexnabytok.sk\/satnovynabytok\/volitelna-farba-dosiek-aj-konstrukcie\/","title":{"rendered":"Volite\u013en\u00e1 farba dosiek aj kon\u0161trukcie!"},"content":{"rendered":"<p><img loading=\"lazy\" decoding=\"async\" src=\"https:\/\/alexnabytok.sk\/satnovynabytok\/wp-content\/uploads\/2020\/06\/Oltozo_Slide_Szlovak_1920x722px-1.jpg\" alt=\"\" width=\"1920\" height=\"722\" class=\"aligncenter size-full wp-image-51971\" srcset=\"https:\/\/alexnabytok.sk\/satnovynabytok\/wp-content\/uploads\/2020\/06\/Oltozo_Slide_Szlovak_1920x722px-1.jpg 1920w, https:\/\/alexnabytok.sk\/satnovynabytok\/wp-content\/uploads\/2020\/06\/Oltozo_Slide_Szlovak_1920x722px-1-300x113.jpg 300w, https:\/\/alexnabytok.sk\/satnovynabytok\/wp-content\/uploads\/2020\/06\/Oltozo_Slide_Szlovak_1920x722px-1-1024x385.jpg 1024w, https:\/\/alexnabytok.sk\/satnovynabytok\/wp-content\/uploads\/2020\/06\/Oltozo_Slide_Szlovak_1920x722px-1-768x289.jpg 768w, https:\/\/alexnabytok.sk\/satnovynabytok\/wp-content\/uploads\/2020\/06\/Oltozo_Slide_Szlovak_1920x722px-1-1536x578.jpg 1536w, https:\/\/alexnabytok.sk\/satnovynabytok\/wp-content\/uploads\/2020\/06\/Oltozo_Slide_Szlovak_1920x722px-1-665x250.jpg 665w, https:\/\/alexnabytok.sk\/satnovynabytok\/wp-content\/uploads\/2020\/06\/Oltozo_Slide_Szlovak_1920x722px-1-1330x500.jpg 1330w\" sizes=\"auto, (max-width: 1920px) 100vw, 1920px\" \/><\/p>\n<p style=\"font-size: 20px; line-height: 1.5;\">Ber\u00fac do \u00favahy sp\u00e4tn\u00fa v\u00e4zbu od na\u0161ich z\u00e1kazn\u00edkov, s\u00fa na\u0161e \u0161at\u0148ov\u00e9  lavice Fitt dostupn\u00e9 v 3 typoch: bez operadla, jednostrann\u00e9 a obojstrann\u00e9 s operadlom, v 3 ve\u013ekostiach: d\u013a\u017eka 120, 150 a 190 cm. Vybaven\u00e9 5 r\u00f4znymi farbami WPC dosiek v 14 z\u00e1kladn\u00fdch farb\u00e1ch kon\u0161trukcie.<\/p>\n<p style=\"font-size: 20px; line-height: 1.5;\">WPC dosky (Wood Plastic Composite) je kombin\u00e1cia dreva-plastu, ktor\u00e9 sa vyr\u00e1baj\u00fa z drevotriesky a termoplastov\u00e9ho materi\u00e1lu. Obsah dreva tvor\u00ed 60 %. S\u00fa odoln\u00e9 vo\u010di kor\u00f3zii a hnilobe. Rovnako s\u00fa odoln\u00e9 vo\u010di vode a drevo\u0161kodcom.<\/p>\n<h3>Farby WPC dosiek<\/h3>\n<div id=\"alex-fa-tab-0\" class=\"tab-pane fade active in fittpadszinek\">\n<div class=\"alex-fa-szin-tartalom thumbnail\">\n\t\t\t\t\t\t<a href=\"https:\/\/alexbutor.hu\/oltozobutor\/wp-content\/uploads\/wpallimport\/files\/FASZIN\/large\/MapleLeafRed_large.jpg\" rel=\"prettyPhoto[alexfa0]\" title=\"Maple-Leaf Red\"><img loading=\"lazy\" decoding=\"async\" src=\"https:\/\/alexbutor.hu\/oltozobutor\/wp-content\/uploads\/wpallimport\/files\/FASZIN\/small\/MapleLeafRed_small.jpg\" width=\"64\" height=\"64\" alt=\"Maple-Leaf Red\"><\/a><\/p>\n<p>Maple-Leaf Red<\/p>\n<\/p><\/div>\n<div class=\"alex-fa-szin-tartalom thumbnail\">\n\t\t\t\t\t\t<a href=\"https:\/\/alexbutor.hu\/oltozobutor\/wp-content\/uploads\/wpallimport\/files\/FASZIN\/large\/OakBrown_large.jpg\" rel=\"prettyPhoto[alexfa0]\" title=\"Oak Brown\"><img loading=\"lazy\" decoding=\"async\" src=\"https:\/\/alexbutor.hu\/oltozobutor\/wp-content\/uploads\/wpallimport\/files\/FASZIN\/small\/OakBrown_small.jpg\" width=\"64\" height=\"64\" alt=\"Oak Brown\"><\/a><\/p>\n<p>Oak Brown<\/p>\n<\/p><\/div>\n<div class=\"alex-fa-szin-tartalom thumbnail\">\n\t\t\t\t\t\t<a href=\"https:\/\/alexbutor.hu\/oltozobutor\/wp-content\/uploads\/wpallimport\/files\/FASZIN\/large\/VibrantYellow_large.jpg\" rel=\"prettyPhoto[alexfa0]\" title=\"Vibrant Yellow\"><img loading=\"lazy\" decoding=\"async\" src=\"https:\/\/alexbutor.hu\/oltozobutor\/wp-content\/uploads\/wpallimport\/files\/FASZIN\/small\/VibrantYellow_small.jpg\" width=\"64\" height=\"64\" alt=\"Vibrant Yellow\"><\/a><\/p>\n<p>Vibrant Yellow<\/p>\n<\/p><\/div>\n<div class=\"alex-fa-szin-tartalom thumbnail\">\n\t\t\t\t\t\t<a href=\"https:\/\/alexbutor.hu\/oltozobutor\/wp-content\/uploads\/wpallimport\/files\/FASZIN\/large\/LightGrey_large.jpg\" rel=\"prettyPhoto[alexfa0]\" title=\"Light Gey\"><img loading=\"lazy\" decoding=\"async\" src=\"https:\/\/alexbutor.hu\/oltozobutor\/wp-content\/uploads\/wpallimport\/files\/FASZIN\/small\/LightGrey_small.jpg\" width=\"64\" height=\"64\" alt=\"Light Gey\"><\/a><\/p>\n<p>Light Gey<\/p>\n<\/p><\/div>\n<div class=\"alex-fa-szin-tartalom thumbnail\">\n\t\t\t\t\t\t<a href=\"https:\/\/alexbutor.hu\/oltozobutor\/wp-content\/uploads\/wpallimport\/files\/FASZIN\/large\/MysteriousBlack_large.jpg\" rel=\"prettyPhoto[alexfa0]\" title=\"Misterious Black\"><img loading=\"lazy\" decoding=\"async\" src=\"https:\/\/alexbutor.hu\/oltozobutor\/wp-content\/uploads\/wpallimport\/files\/FASZIN\/small\/MysteriousBlack_small.jpg\" width=\"64\" height=\"64\" alt=\"Misterious Black\"><\/a><\/p>\n<p>Misterious Black<\/p>\n<\/p><\/div>\n<div class=\"clearfix\"><\/div>\n<\/p><\/div>\n<h3>Farby kon\u0161trukcie<\/h3>\n<div id=\"alex-fem-tab-500\" class=\"tab-pane fade active in fittpadszinek\">\n<div class=\"alex-fem-szin-tartalom thumbnail\">\n                    <a href=\"https:\/\/alexnabytok.sk\/satnovynabytok\/wp-content\/uploads\/wpallimport\/files\/FEMSZIN\/large\/RAL-9010_feher_large.jpg\" rel=\"prettyPhoto[alexfem-500]\" title=\"RAL9010 biela\"><img loading=\"lazy\" decoding=\"async\" src=\"https:\/\/alexnabytok.sk\/satnovynabytok\/wp-content\/uploads\/wpallimport\/files\/FEMSZIN\/small\/RAL-9010_feher_small.jpg\" width=\"64\" height=\"64\" alt=\"RAL9010 biela\"><\/a><\/p>\n<p>RAL9010 biela<\/p>\n<\/p><\/div>\n<div class=\"alex-fem-szin-tartalom thumbnail\">\n                    <a href=\"https:\/\/alexnabytok.sk\/satnovynabytok\/wp-content\/uploads\/wpallimport\/files\/FEMSZIN\/large\/VAZ_RAL1015_Beige_large.jpg\" rel=\"prettyPhoto[alexfem-500]\" title=\"RAL1015 b\u00e9\u017eov\u00e1\"><img loading=\"lazy\" decoding=\"async\" src=\"https:\/\/alexnabytok.sk\/satnovynabytok\/wp-content\/uploads\/wpallimport\/files\/FEMSZIN\/small\/VAZ_RAL1015_Beige_small.jpg\" width=\"64\" height=\"64\" alt=\"RAL1015 b\u00e9\u017eov\u00e1\"><\/a><\/p>\n<p>RAL1015 b\u00e9\u017eov\u00e1<\/p>\n<\/p><\/div>\n<div class=\"alex-fem-szin-tartalom thumbnail\">\n                    <a href=\"https:\/\/alexnabytok.sk\/satnovynabytok\/wp-content\/uploads\/wpallimport\/files\/FEMSZIN\/large\/VAZ_RAL1021_citromsarga_large.jpg\" rel=\"prettyPhoto[alexfem-500]\" title=\"RAL1021 \u017elt\u00e1\"><img loading=\"lazy\" decoding=\"async\" src=\"https:\/\/alexnabytok.sk\/satnovynabytok\/wp-content\/uploads\/wpallimport\/files\/FEMSZIN\/small\/VAZ_RAL1021_citromsarga_small.jpg\" width=\"64\" height=\"64\" alt=\"RAL1021 \u017elt\u00e1\"><\/a><\/p>\n<p>RAL1021 \u017elt\u00e1<\/p>\n<\/p><\/div>\n<div class=\"alex-fem-szin-tartalom thumbnail\">\n                    <a href=\"https:\/\/alexnabytok.sk\/satnovynabytok\/wp-content\/uploads\/wpallimport\/files\/FEMSZIN\/large\/VAZ_RAL2004_narancssarga_large.jpg\" rel=\"prettyPhoto[alexfem-500]\" title=\"RAL2004 oran\u017eov\u00e1\"><img loading=\"lazy\" decoding=\"async\" src=\"https:\/\/alexnabytok.sk\/satnovynabytok\/wp-content\/uploads\/wpallimport\/files\/FEMSZIN\/small\/VAZ_RAL2004_narancssarga_small.jpg\" width=\"64\" height=\"64\" alt=\"RAL2004 oran\u017eov\u00e1\"><\/a><\/p>\n<p>RAL2004 oran\u017eov\u00e1<\/p>\n<\/p><\/div>\n<div class=\"alex-fem-szin-tartalom thumbnail\">\n                    <a href=\"https:\/\/alexnabytok.sk\/satnovynabytok\/wp-content\/uploads\/wpallimport\/files\/FEMSZIN\/large\/VAZ_RAL3020_piros_large.jpg\" rel=\"prettyPhoto[alexfem-500]\" title=\"RAL3020 \u010derven\u00e1\"><img loading=\"lazy\" decoding=\"async\" src=\"https:\/\/alexnabytok.sk\/satnovynabytok\/wp-content\/uploads\/wpallimport\/files\/FEMSZIN\/small\/VAZ_RAL3020_piros_small.jpg\" width=\"64\" height=\"64\" alt=\"RAL3020 \u010derven\u00e1\"><\/a><\/p>\n<p>RAL3020 \u010derven\u00e1<\/p>\n<\/p><\/div>\n<div class=\"alex-fem-szin-tartalom thumbnail\">\n                    <a href=\"https:\/\/alexnabytok.sk\/satnovynabytok\/wp-content\/uploads\/wpallimport\/files\/FEMSZIN\/large\/RAL4006_viola_large.jpg\" rel=\"prettyPhoto[alexfem-500]\" title=\"RAL4006 fialov\u00e1\"><img loading=\"lazy\" decoding=\"async\" src=\"https:\/\/alexnabytok.sk\/satnovynabytok\/wp-content\/uploads\/wpallimport\/files\/FEMSZIN\/small\/RAL4006_viola_small.jpg\" width=\"64\" height=\"64\" alt=\"RAL4006 fialov\u00e1\"><\/a><\/p>\n<p>RAL4006 fialov\u00e1<\/p>\n<\/p><\/div>\n<div class=\"alex-fem-szin-tartalom thumbnail\">\n                    <a href=\"https:\/\/alexnabytok.sk\/satnovynabytok\/wp-content\/uploads\/wpallimport\/files\/FEMSZIN\/large\/RAL-6018_Fuzold_large.jpg\" rel=\"prettyPhoto[alexfem-500]\" title=\"RAL6018 sv.zelen\u00e1\"><img loading=\"lazy\" decoding=\"async\" src=\"https:\/\/alexnabytok.sk\/satnovynabytok\/wp-content\/uploads\/wpallimport\/files\/FEMSZIN\/small\/RAL-6018_Fuzold_small.jpg\" width=\"64\" height=\"64\" alt=\"RAL6018 sv.zelen\u00e1\"><\/a><\/p>\n<p>RAL6018 sv.zelen\u00e1<\/p>\n<\/p><\/div>\n<div class=\"alex-fem-szin-tartalom thumbnail\">\n                    <a href=\"https:\/\/alexnabytok.sk\/satnovynabytok\/wp-content\/uploads\/wpallimport\/files\/FEMSZIN\/large\/RAL-5021_Turkiz_large.jpg\" rel=\"prettyPhoto[alexfem-500]\" title=\"RAL5021 tyrkysov\u00e1\"><img loading=\"lazy\" decoding=\"async\" src=\"https:\/\/alexnabytok.sk\/satnovynabytok\/wp-content\/uploads\/wpallimport\/files\/FEMSZIN\/small\/RAL-5021_Turkiz_small.jpg\" width=\"64\" height=\"64\" alt=\"RAL5021 tyrkysov\u00e1\"><\/a><\/p>\n<p>RAL5021 tyrkysov\u00e1<\/p>\n<\/p><\/div>\n<div class=\"alex-fem-szin-tartalom thumbnail\">\n                    <a href=\"https:\/\/alexnabytok.sk\/satnovynabytok\/wp-content\/uploads\/wpallimport\/files\/FEMSZIN\/large\/RAL-5019_Kek_large.jpg\" rel=\"prettyPhoto[alexfem-500]\" title=\"RAL5019 modr\u00e1\"><img loading=\"lazy\" decoding=\"async\" src=\"https:\/\/alexnabytok.sk\/satnovynabytok\/wp-content\/uploads\/wpallimport\/files\/FEMSZIN\/small\/RAL-5019_Kek_small.jpg\" width=\"64\" height=\"64\" alt=\"RAL5019 modr\u00e1\"><\/a><\/p>\n<p>RAL5019 modr\u00e1<\/p>\n<\/p><\/div>\n<div class=\"alex-fem-szin-tartalom thumbnail\">\n                    <a href=\"https:\/\/alexnabytok.sk\/satnovynabytok\/wp-content\/uploads\/wpallimport\/files\/FEMSZIN\/large\/VAZ_RAL7035_vilagosszurke_large.jpg\" rel=\"prettyPhoto[alexfem-500]\" title=\"RAL7035 sv.siv\u00e1\"><img loading=\"lazy\" decoding=\"async\" src=\"https:\/\/alexnabytok.sk\/satnovynabytok\/wp-content\/uploads\/wpallimport\/files\/FEMSZIN\/small\/VAZ_RAL7035_vilagosszurke_small.jpg\" width=\"64\" height=\"64\" alt=\"RAL7035 sv.siv\u00e1\"><\/a><\/p>\n<p>RAL7035 sv.siv\u00e1<\/p>\n<\/p><\/div>\n<div class=\"alex-fem-szin-tartalom thumbnail\">\n                    <a href=\"https:\/\/alexnabytok.sk\/satnovynabytok\/wp-content\/uploads\/wpallimport\/files\/FEMSZIN\/large\/VAZ_RAL7046_szurke_large.jpg\" rel=\"prettyPhoto[alexfem-500]\" title=\"RAL7046 siv\u00e1\"><img loading=\"lazy\" decoding=\"async\" src=\"https:\/\/alexnabytok.sk\/satnovynabytok\/wp-content\/uploads\/wpallimport\/files\/FEMSZIN\/small\/VAZ_RAL7046_szurke_small.jpg\" width=\"64\" height=\"64\" alt=\"RAL7046 siv\u00e1\"><\/a><\/p>\n<p>RAL7046 siv\u00e1<\/p>\n<\/p><\/div>\n<div class=\"alex-fem-szin-tartalom thumbnail\">\n                    <a href=\"https:\/\/alexnabytok.sk\/satnovynabytok\/wp-content\/uploads\/wpallimport\/files\/FEMSZIN\/large\/VAZ_RAL9004_fenyesfekete_large.jpg\" rel=\"prettyPhoto[alexfem-500]\" title=\"RAL9004 leskl\u00e1 \u010dierna\"><img loading=\"lazy\" decoding=\"async\" src=\"https:\/\/alexnabytok.sk\/satnovynabytok\/wp-content\/uploads\/wpallimport\/files\/FEMSZIN\/small\/VAZ_RAL9004_fenyesfekete_small.jpg\" width=\"64\" height=\"64\" alt=\"RAL9004 leskl\u00e1 \u010dierna\"><\/a><\/p>\n<p>RAL9004 leskl\u00e1 \u010dierna<\/p>\n<\/p><\/div>\n<div class=\"alex-fem-szin-tartalom thumbnail\">\n                    <a href=\"https:\/\/alexnabytok.sk\/satnovynabytok\/wp-content\/uploads\/wpallimport\/files\/FEMSZIN\/large\/VAZ_RAL9004_matt_fekete_large.jpg\" rel=\"prettyPhoto[alexfem-500]\" title=\"RAL9004 matn\u00e1 \u010dierna\"><img loading=\"lazy\" decoding=\"async\" src=\"https:\/\/alexnabytok.sk\/satnovynabytok\/wp-content\/uploads\/wpallimport\/files\/FEMSZIN\/small\/VAZ_RAL9004_matt_fekete_small.jpg\" width=\"64\" height=\"64\" alt=\"RAL9004 matn\u00e1 \u010dierna\"><\/a><\/p>\n<p>RAL9004 matn\u00e1 \u010dierna<\/p>\n<\/p><\/div>\n<div class=\"alex-fem-szin-tartalom thumbnail\">\n                    <a href=\"https:\/\/alexnabytok.sk\/satnovynabytok\/wp-content\/uploads\/wpallimport\/files\/FEMSZIN\/large\/VAZ_metal_ezust_large.jpg\" rel=\"prettyPhoto[alexfem-500]\" title=\"RAL9006 strieborn\u00e1\"><img loading=\"lazy\" decoding=\"async\" src=\"https:\/\/alexnabytok.sk\/satnovynabytok\/wp-content\/uploads\/wpallimport\/files\/FEMSZIN\/small\/VAZ_metal_ezust_small.jpg\" width=\"64\" height=\"64\" alt=\"RAL9006 strieborn\u00e1\"><\/a><\/p>\n<p>RAL9006 strieborn\u00e1<\/p>\n<\/p><\/div>\n<div class=\"clearfix\"><\/div>\n<\/p><\/div>\n<p><a class=\"btn btn-primary btn-normal btn-inline \" href=\"https:\/\/alexnabytok.sk\/satnovynabytok\/kategoria\/lavicky-na-prezliekanie\/fitt-lavicky-na-prezliekanie\/s-wpc-doskami\/\">Fitt lavi\u010dky na prezliekanie<\/a><\/p>\n","protected":false},"excerpt":{"rendered":"<p>Ber\u00fac do \u00favahy sp\u00e4tn\u00fa v\u00e4zbu od na\u0161ich z\u00e1kazn\u00edkov, s\u00fa na\u0161e \u0161at\u0148ov\u00e9 lavice Fitt dostupn\u00e9 v 3 typoch: bez operadla, jednostrann\u00e9 a obojstrann\u00e9 s operadlom, v 3 ve\u013ekostiach: d\u013a\u017eka 120, 150 a 190 cm. Vybaven\u00e9 5 r\u00f4znymi farbami WPC dosiek v 14 z\u00e1kladn\u00fdch farb\u00e1ch kon\u0161trukcie. WPC dosky (Wood Plastic Composite) je kombin\u00e1cia dreva-plastu, ktor\u00e9 sa vyr\u00e1baj\u00fa z drevotriesky a termoplastov\u00e9ho materi\u00e1lu.&nbsp;<a href=\"https:\/\/alexnabytok.sk\/satnovynabytok\/volitelna-farba-dosiek-aj-konstrukcie\/\" class=\"read-more\">...<\/a><\/p>\n","protected":false},"author":3,"featured_media":51971,"parent":0,"menu_order":0,"comment_status":"closed","ping_status":"closed","template":"page-fullwidth.php","meta":{"footnotes":""},"class_list":["post-51970","page","type-page","status-publish","has-post-thumbnail","hentry"],"yoast_head":"<!-- This site is optimized with the Yoast SEO plugin v24.7 - https:\/\/yoast.com\/wordpress\/plugins\/seo\/ -->\n<title>Volite\u013en\u00e1 farba dosiek aj kon\u0161trukcie! - \u0160AT\u0147OV\u00dd N\u00c1BYTOK<\/title>\n<meta name=\"robots\" content=\"index, follow, max-snippet:-1, max-image-preview:large, max-video-preview:-1\" \/>\n<link rel=\"canonical\" href=\"https:\/\/alexnabytok.sk\/satnovynabytok\/volitelna-farba-dosiek-aj-konstrukcie\/\" \/>\n<meta property=\"og:locale\" content=\"sk_SK\" \/>\n<meta property=\"og:type\" content=\"article\" \/>\n<meta property=\"og:title\" content=\"Volite\u013en\u00e1 farba dosiek aj kon\u0161trukcie! - \u0160AT\u0147OV\u00dd N\u00c1BYTOK\" \/>\n<meta property=\"og:description\" content=\"Ber\u00fac do \u00favahy sp\u00e4tn\u00fa v\u00e4zbu od na\u0161ich z\u00e1kazn\u00edkov, s\u00fa na\u0161e \u0161at\u0148ov\u00e9 lavice Fitt dostupn\u00e9 v 3 typoch: bez operadla, jednostrann\u00e9 a obojstrann\u00e9 s operadlom, v 3 ve\u013ekostiach: d\u013a\u017eka 120, 150 a 190 cm. Vybaven\u00e9 5 r\u00f4znymi farbami WPC dosiek v 14 z\u00e1kladn\u00fdch farb\u00e1ch kon\u0161trukcie. WPC dosky (Wood Plastic Composite) je kombin\u00e1cia dreva-plastu, ktor\u00e9 sa vyr\u00e1baj\u00fa z drevotriesky a termoplastov\u00e9ho materi\u00e1lu.&nbsp;...\" \/>\n<meta property=\"og:url\" content=\"https:\/\/alexnabytok.sk\/satnovynabytok\/volitelna-farba-dosiek-aj-konstrukcie\/\" \/>\n<meta property=\"og:site_name\" content=\"\u0160AT\u0147OV\u00dd N\u00c1BYTOK\" \/>\n<meta property=\"og:image\" content=\"https:\/\/alexnabytok.sk\/satnovynabytok\/wp-content\/uploads\/2020\/06\/Oltozo_Slide_Szlovak_1920x722px-1.jpg\" \/>\n\t<meta property=\"og:image:width\" content=\"1920\" \/>\n\t<meta property=\"og:image:height\" content=\"722\" \/>\n\t<meta property=\"og:image:type\" content=\"image\/jpeg\" \/>\n<meta name=\"twitter:card\" content=\"summary_large_image\" \/>\n<meta name=\"twitter:label1\" content=\"Est. reading time\" \/>\n\t<meta name=\"twitter:data1\" content=\"1 minute\" \/>\n<script type=\"application\/ld+json\" class=\"yoast-schema-graph\">{\"@context\":\"https:\/\/schema.org\",\"@graph\":[{\"@type\":\"WebPage\",\"@id\":\"https:\/\/alexnabytok.sk\/satnovynabytok\/volitelna-farba-dosiek-aj-konstrukcie\/\",\"url\":\"https:\/\/alexnabytok.sk\/satnovynabytok\/volitelna-farba-dosiek-aj-konstrukcie\/\",\"name\":\"Volite\u013en\u00e1 farba dosiek aj kon\u0161trukcie! - \u0160AT\u0147OV\u00dd N\u00c1BYTOK\",\"isPartOf\":{\"@id\":\"https:\/\/alexnabytok.sk\/satnovynabytok\/#website\"},\"primaryImageOfPage\":{\"@id\":\"https:\/\/alexnabytok.sk\/satnovynabytok\/volitelna-farba-dosiek-aj-konstrukcie\/#primaryimage\"},\"image\":{\"@id\":\"https:\/\/alexnabytok.sk\/satnovynabytok\/volitelna-farba-dosiek-aj-konstrukcie\/#primaryimage\"},\"thumbnailUrl\":\"https:\/\/alexnabytok.sk\/satnovynabytok\/wp-content\/uploads\/2020\/06\/Oltozo_Slide_Szlovak_1920x722px-1.jpg\",\"datePublished\":\"2020-06-12T07:49:43+00:00\",\"breadcrumb\":{\"@id\":\"https:\/\/alexnabytok.sk\/satnovynabytok\/volitelna-farba-dosiek-aj-konstrukcie\/#breadcrumb\"},\"inLanguage\":\"en-US\",\"potentialAction\":[{\"@type\":\"ReadAction\",\"target\":[\"https:\/\/alexnabytok.sk\/satnovynabytok\/volitelna-farba-dosiek-aj-konstrukcie\/\"]}]},{\"@type\":\"ImageObject\",\"inLanguage\":\"en-US\",\"@id\":\"https:\/\/alexnabytok.sk\/satnovynabytok\/volitelna-farba-dosiek-aj-konstrukcie\/#primaryimage\",\"url\":\"https:\/\/alexnabytok.sk\/satnovynabytok\/wp-content\/uploads\/2020\/06\/Oltozo_Slide_Szlovak_1920x722px-1.jpg\",\"contentUrl\":\"https:\/\/alexnabytok.sk\/satnovynabytok\/wp-content\/uploads\/2020\/06\/Oltozo_Slide_Szlovak_1920x722px-1.jpg\",\"width\":1920,\"height\":722},{\"@type\":\"BreadcrumbList\",\"@id\":\"https:\/\/alexnabytok.sk\/satnovynabytok\/volitelna-farba-dosiek-aj-konstrukcie\/#breadcrumb\",\"itemListElement\":[{\"@type\":\"ListItem\",\"position\":1,\"name\":\"Home\",\"item\":\"https:\/\/alexnabytok.sk\/satnovynabytok\/\"},{\"@type\":\"ListItem\",\"position\":2,\"name\":\"Volite\u013en\u00e1 farba dosiek aj kon\u0161trukcie!\"}]},{\"@type\":\"WebSite\",\"@id\":\"https:\/\/alexnabytok.sk\/satnovynabytok\/#website\",\"url\":\"https:\/\/alexnabytok.sk\/satnovynabytok\/\",\"name\":\"\u0160AT\u0147OV\u00dd N\u00c1BYTOK\",\"description\":\"Alex kovov\u00fd a \u0161kolsk\u00fd n\u00e1bytok s.r.o.\",\"potentialAction\":[{\"@type\":\"SearchAction\",\"target\":{\"@type\":\"EntryPoint\",\"urlTemplate\":\"https:\/\/alexnabytok.sk\/satnovynabytok\/?s={search_term_string}\"},\"query-input\":{\"@type\":\"PropertyValueSpecification\",\"valueRequired\":true,\"valueName\":\"search_term_string\"}}],\"inLanguage\":\"en-US\"}]}<\/script>\n<!-- \/ Yoast SEO plugin. -->","yoast_head_json":{"title":"Volite\u013en\u00e1 farba dosiek aj kon\u0161trukcie! - \u0160AT\u0147OV\u00dd N\u00c1BYTOK","robots":{"index":"index","follow":"follow","max-snippet":"max-snippet:-1","max-image-preview":"max-image-preview:large","max-video-preview":"max-video-preview:-1"},"canonical":"https:\/\/alexnabytok.sk\/satnovynabytok\/volitelna-farba-dosiek-aj-konstrukcie\/","og_locale":"sk_SK","og_type":"article","og_title":"Volite\u013en\u00e1 farba dosiek aj kon\u0161trukcie! - \u0160AT\u0147OV\u00dd N\u00c1BYTOK","og_description":"Ber\u00fac do \u00favahy sp\u00e4tn\u00fa v\u00e4zbu od na\u0161ich z\u00e1kazn\u00edkov, s\u00fa na\u0161e \u0161at\u0148ov\u00e9 lavice Fitt dostupn\u00e9 v 3 typoch: bez operadla, jednostrann\u00e9 a obojstrann\u00e9 s operadlom, v 3 ve\u013ekostiach: d\u013a\u017eka 120, 150 a 190 cm. Vybaven\u00e9 5 r\u00f4znymi farbami WPC dosiek v 14 z\u00e1kladn\u00fdch farb\u00e1ch kon\u0161trukcie. WPC dosky (Wood Plastic Composite) je kombin\u00e1cia dreva-plastu, ktor\u00e9 sa vyr\u00e1baj\u00fa z drevotriesky a termoplastov\u00e9ho materi\u00e1lu.&nbsp;...","og_url":"https:\/\/alexnabytok.sk\/satnovynabytok\/volitelna-farba-dosiek-aj-konstrukcie\/","og_site_name":"\u0160AT\u0147OV\u00dd N\u00c1BYTOK","og_image":[{"width":1920,"height":722,"url":"https:\/\/alexnabytok.sk\/satnovynabytok\/wp-content\/uploads\/2020\/06\/Oltozo_Slide_Szlovak_1920x722px-1.jpg","type":"image\/jpeg"}],"twitter_card":"summary_large_image","twitter_misc":{"Est. reading time":"1 minute"},"schema":{"@context":"https:\/\/schema.org","@graph":[{"@type":"WebPage","@id":"https:\/\/alexnabytok.sk\/satnovynabytok\/volitelna-farba-dosiek-aj-konstrukcie\/","url":"https:\/\/alexnabytok.sk\/satnovynabytok\/volitelna-farba-dosiek-aj-konstrukcie\/","name":"Volite\u013en\u00e1 farba dosiek aj kon\u0161trukcie! - \u0160AT\u0147OV\u00dd N\u00c1BYTOK","isPartOf":{"@id":"https:\/\/alexnabytok.sk\/satnovynabytok\/#website"},"primaryImageOfPage":{"@id":"https:\/\/alexnabytok.sk\/satnovynabytok\/volitelna-farba-dosiek-aj-konstrukcie\/#primaryimage"},"image":{"@id":"https:\/\/alexnabytok.sk\/satnovynabytok\/volitelna-farba-dosiek-aj-konstrukcie\/#primaryimage"},"thumbnailUrl":"https:\/\/alexnabytok.sk\/satnovynabytok\/wp-content\/uploads\/2020\/06\/Oltozo_Slide_Szlovak_1920x722px-1.jpg","datePublished":"2020-06-12T07:49:43+00:00","breadcrumb":{"@id":"https:\/\/alexnabytok.sk\/satnovynabytok\/volitelna-farba-dosiek-aj-konstrukcie\/#breadcrumb"},"inLanguage":"en-US","potentialAction":[{"@type":"ReadAction","target":["https:\/\/alexnabytok.sk\/satnovynabytok\/volitelna-farba-dosiek-aj-konstrukcie\/"]}]},{"@type":"ImageObject","inLanguage":"en-US","@id":"https:\/\/alexnabytok.sk\/satnovynabytok\/volitelna-farba-dosiek-aj-konstrukcie\/#primaryimage","url":"https:\/\/alexnabytok.sk\/satnovynabytok\/wp-content\/uploads\/2020\/06\/Oltozo_Slide_Szlovak_1920x722px-1.jpg","contentUrl":"https:\/\/alexnabytok.sk\/satnovynabytok\/wp-content\/uploads\/2020\/06\/Oltozo_Slide_Szlovak_1920x722px-1.jpg","width":1920,"height":722},{"@type":"BreadcrumbList","@id":"https:\/\/alexnabytok.sk\/satnovynabytok\/volitelna-farba-dosiek-aj-konstrukcie\/#breadcrumb","itemListElement":[{"@type":"ListItem","position":1,"name":"Home","item":"https:\/\/alexnabytok.sk\/satnovynabytok\/"},{"@type":"ListItem","position":2,"name":"Volite\u013en\u00e1 farba dosiek aj kon\u0161trukcie!"}]},{"@type":"WebSite","@id":"https:\/\/alexnabytok.sk\/satnovynabytok\/#website","url":"https:\/\/alexnabytok.sk\/satnovynabytok\/","name":"\u0160AT\u0147OV\u00dd N\u00c1BYTOK","description":"Alex kovov\u00fd a \u0161kolsk\u00fd n\u00e1bytok s.r.o.","potentialAction":[{"@type":"SearchAction","target":{"@type":"EntryPoint","urlTemplate":"https:\/\/alexnabytok.sk\/satnovynabytok\/?s={search_term_string}"},"query-input":{"@type":"PropertyValueSpecification","valueRequired":true,"valueName":"search_term_string"}}],"inLanguage":"en-US"}]}},"_links":{"self":[{"href":"https:\/\/alexnabytok.sk\/satnovynabytok\/wp-json\/wp\/v2\/pages\/51970","targetHints":{"allow":["GET"]}}],"collection":[{"href":"https:\/\/alexnabytok.sk\/satnovynabytok\/wp-json\/wp\/v2\/pages"}],"about":[{"href":"https:\/\/alexnabytok.sk\/satnovynabytok\/wp-json\/wp\/v2\/types\/page"}],"author":[{"embeddable":true,"href":"https:\/\/alexnabytok.sk\/satnovynabytok\/wp-json\/wp\/v2\/users\/3"}],"replies":[{"embeddable":true,"href":"https:\/\/alexnabytok.sk\/satnovynabytok\/wp-json\/wp\/v2\/comments?post=51970"}],"version-history":[{"count":1,"href":"https:\/\/alexnabytok.sk\/satnovynabytok\/wp-json\/wp\/v2\/pages\/51970\/revisions"}],"predecessor-version":[{"id":51972,"href":"https:\/\/alexnabytok.sk\/satnovynabytok\/wp-json\/wp\/v2\/pages\/51970\/revisions\/51972"}],"wp:featuredmedia":[{"embeddable":true,"href":"https:\/\/alexnabytok.sk\/satnovynabytok\/wp-json\/wp\/v2\/media\/51971"}],"wp:attachment":[{"href":"https:\/\/alexnabytok.sk\/satnovynabytok\/wp-json\/wp\/v2\/media?parent=51970"}],"curies":[{"name":"wp","href":"https:\/\/api.w.org\/{rel}","templated":true}]}}