{"id":54562,"date":"2021-10-08T10:52:27","date_gmt":"2021-10-08T10:52:27","guid":{"rendered":"http:\/\/www.alexnabytok.sk\/satnovynabytok\/?page_id=54562"},"modified":"2021-10-08T10:52:27","modified_gmt":"2021-10-08T10:52:27","slug":"duran","status":"publish","type":"page","link":"https:\/\/alexnabytok.sk\/satnovynabytok\/kategoria\/duran\/","title":{"rendered":"Duran"},"content":{"rendered":"","protected":false},"excerpt":{"rendered":"","protected":false},"author":3,"featured_media":54563,"parent":10,"menu_order":0,"comment_status":"closed","ping_status":"closed","template":"page-Portfolio4Cols-filterable.php","meta":{"footnotes":""},"class_list":["post-54562","page","type-page","status-publish","has-post-thumbnail","hentry"],"yoast_head":"<!-- This site is optimized with the Yoast SEO plugin v24.7 - https:\/\/yoast.com\/wordpress\/plugins\/seo\/ -->\n<title>Duran - \u0160AT\u0147OV\u00dd N\u00c1BYTOK<\/title>\n<meta name=\"robots\" content=\"index, follow, max-snippet:-1, max-image-preview:large, max-video-preview:-1\" \/>\n<link rel=\"canonical\" href=\"https:\/\/alexnabytok.sk\/satnovynabytok\/kategoria\/duran\/\" \/>\n<meta property=\"og:locale\" content=\"sk_SK\" \/>\n<meta property=\"og:type\" content=\"article\" \/>\n<meta property=\"og:title\" content=\"Duran - \u0160AT\u0147OV\u00dd N\u00c1BYTOK\" \/>\n<meta property=\"og:url\" content=\"https:\/\/alexnabytok.sk\/satnovynabytok\/kategoria\/duran\/\" \/>\n<meta property=\"og:site_name\" content=\"\u0160AT\u0147OV\u00dd N\u00c1BYTOK\" \/>\n<meta property=\"og:image\" content=\"https:\/\/alexnabytok.sk\/satnovynabytok\/wp-content\/uploads\/2021\/10\/duranpng.png\" \/>\n\t<meta property=\"og:image:width\" content=\"800\" \/>\n\t<meta property=\"og:image:height\" content=\"560\" \/>\n\t<meta property=\"og:image:type\" content=\"image\/png\" \/>\n<meta name=\"twitter:card\" content=\"summary_large_image\" \/>\n<script type=\"application\/ld+json\" class=\"yoast-schema-graph\">{\"@context\":\"https:\/\/schema.org\",\"@graph\":[{\"@type\":\"WebPage\",\"@id\":\"https:\/\/alexnabytok.sk\/satnovynabytok\/kategoria\/duran\/\",\"url\":\"https:\/\/alexnabytok.sk\/satnovynabytok\/kategoria\/duran\/\",\"name\":\"Duran - \u0160AT\u0147OV\u00dd N\u00c1BYTOK\",\"isPartOf\":{\"@id\":\"https:\/\/alexnabytok.sk\/satnovynabytok\/#website\"},\"primaryImageOfPage\":{\"@id\":\"https:\/\/alexnabytok.sk\/satnovynabytok\/kategoria\/duran\/#primaryimage\"},\"image\":{\"@id\":\"https:\/\/alexnabytok.sk\/satnovynabytok\/kategoria\/duran\/#primaryimage\"},\"thumbnailUrl\":\"https:\/\/alexnabytok.sk\/satnovynabytok\/wp-content\/uploads\/2021\/10\/duranpng.png\",\"datePublished\":\"2021-10-08T10:52:27+00:00\",\"breadcrumb\":{\"@id\":\"https:\/\/alexnabytok.sk\/satnovynabytok\/kategoria\/duran\/#breadcrumb\"},\"inLanguage\":\"en-US\",\"potentialAction\":[{\"@type\":\"ReadAction\",\"target\":[\"https:\/\/alexnabytok.sk\/satnovynabytok\/kategoria\/duran\/\"]}]},{\"@type\":\"ImageObject\",\"inLanguage\":\"en-US\",\"@id\":\"https:\/\/alexnabytok.sk\/satnovynabytok\/kategoria\/duran\/#primaryimage\",\"url\":\"https:\/\/alexnabytok.sk\/satnovynabytok\/wp-content\/uploads\/2021\/10\/duranpng.png\",\"contentUrl\":\"https:\/\/alexnabytok.sk\/satnovynabytok\/wp-content\/uploads\/2021\/10\/duranpng.png\",\"width\":800,\"height\":560},{\"@type\":\"BreadcrumbList\",\"@id\":\"https:\/\/alexnabytok.sk\/satnovynabytok\/kategoria\/duran\/#breadcrumb\",\"itemListElement\":[{\"@type\":\"ListItem\",\"position\":1,\"name\":\"Home\",\"item\":\"https:\/\/alexnabytok.sk\/satnovynabytok\/\"},{\"@type\":\"ListItem\",\"position\":2,\"name\":\"Produkty\",\"item\":\"https:\/\/alexnabytok.sk\/satnovynabytok\/kategoria\/\"},{\"@type\":\"ListItem\",\"position\":3,\"name\":\"Duran\"}]},{\"@type\":\"WebSite\",\"@id\":\"https:\/\/alexnabytok.sk\/satnovynabytok\/#website\",\"url\":\"https:\/\/alexnabytok.sk\/satnovynabytok\/\",\"name\":\"\u0160AT\u0147OV\u00dd N\u00c1BYTOK\",\"description\":\"Alex kovov\u00fd a \u0161kolsk\u00fd n\u00e1bytok s.r.o.\",\"potentialAction\":[{\"@type\":\"SearchAction\",\"target\":{\"@type\":\"EntryPoint\",\"urlTemplate\":\"https:\/\/alexnabytok.sk\/satnovynabytok\/?s={search_term_string}\"},\"query-input\":{\"@type\":\"PropertyValueSpecification\",\"valueRequired\":true,\"valueName\":\"search_term_string\"}}],\"inLanguage\":\"en-US\"}]}<\/script>\n<!-- \/ Yoast SEO plugin. -->","yoast_head_json":{"title":"Duran - \u0160AT\u0147OV\u00dd N\u00c1BYTOK","robots":{"index":"index","follow":"follow","max-snippet":"max-snippet:-1","max-image-preview":"max-image-preview:large","max-video-preview":"max-video-preview:-1"},"canonical":"https:\/\/alexnabytok.sk\/satnovynabytok\/kategoria\/duran\/","og_locale":"sk_SK","og_type":"article","og_title":"Duran - \u0160AT\u0147OV\u00dd N\u00c1BYTOK","og_url":"https:\/\/alexnabytok.sk\/satnovynabytok\/kategoria\/duran\/","og_site_name":"\u0160AT\u0147OV\u00dd N\u00c1BYTOK","og_image":[{"width":800,"height":560,"url":"https:\/\/alexnabytok.sk\/satnovynabytok\/wp-content\/uploads\/2021\/10\/duranpng.png","type":"image\/png"}],"twitter_card":"summary_large_image","schema":{"@context":"https:\/\/schema.org","@graph":[{"@type":"WebPage","@id":"https:\/\/alexnabytok.sk\/satnovynabytok\/kategoria\/duran\/","url":"https:\/\/alexnabytok.sk\/satnovynabytok\/kategoria\/duran\/","name":"Duran - \u0160AT\u0147OV\u00dd N\u00c1BYTOK","isPartOf":{"@id":"https:\/\/alexnabytok.sk\/satnovynabytok\/#website"},"primaryImageOfPage":{"@id":"https:\/\/alexnabytok.sk\/satnovynabytok\/kategoria\/duran\/#primaryimage"},"image":{"@id":"https:\/\/alexnabytok.sk\/satnovynabytok\/kategoria\/duran\/#primaryimage"},"thumbnailUrl":"https:\/\/alexnabytok.sk\/satnovynabytok\/wp-content\/uploads\/2021\/10\/duranpng.png","datePublished":"2021-10-08T10:52:27+00:00","breadcrumb":{"@id":"https:\/\/alexnabytok.sk\/satnovynabytok\/kategoria\/duran\/#breadcrumb"},"inLanguage":"en-US","potentialAction":[{"@type":"ReadAction","target":["https:\/\/alexnabytok.sk\/satnovynabytok\/kategoria\/duran\/"]}]},{"@type":"ImageObject","inLanguage":"en-US","@id":"https:\/\/alexnabytok.sk\/satnovynabytok\/kategoria\/duran\/#primaryimage","url":"https:\/\/alexnabytok.sk\/satnovynabytok\/wp-content\/uploads\/2021\/10\/duranpng.png","contentUrl":"https:\/\/alexnabytok.sk\/satnovynabytok\/wp-content\/uploads\/2021\/10\/duranpng.png","width":800,"height":560},{"@type":"BreadcrumbList","@id":"https:\/\/alexnabytok.sk\/satnovynabytok\/kategoria\/duran\/#breadcrumb","itemListElement":[{"@type":"ListItem","position":1,"name":"Home","item":"https:\/\/alexnabytok.sk\/satnovynabytok\/"},{"@type":"ListItem","position":2,"name":"Produkty","item":"https:\/\/alexnabytok.sk\/satnovynabytok\/kategoria\/"},{"@type":"ListItem","position":3,"name":"Duran"}]},{"@type":"WebSite","@id":"https:\/\/alexnabytok.sk\/satnovynabytok\/#website","url":"https:\/\/alexnabytok.sk\/satnovynabytok\/","name":"\u0160AT\u0147OV\u00dd N\u00c1BYTOK","description":"Alex kovov\u00fd a \u0161kolsk\u00fd n\u00e1bytok s.r.o.","potentialAction":[{"@type":"SearchAction","target":{"@type":"EntryPoint","urlTemplate":"https:\/\/alexnabytok.sk\/satnovynabytok\/?s={search_term_string}"},"query-input":{"@type":"PropertyValueSpecification","valueRequired":true,"valueName":"search_term_string"}}],"inLanguage":"en-US"}]}},"_links":{"self":[{"href":"https:\/\/alexnabytok.sk\/satnovynabytok\/wp-json\/wp\/v2\/pages\/54562","targetHints":{"allow":["GET"]}}],"collection":[{"href":"https:\/\/alexnabytok.sk\/satnovynabytok\/wp-json\/wp\/v2\/pages"}],"about":[{"href":"https:\/\/alexnabytok.sk\/satnovynabytok\/wp-json\/wp\/v2\/types\/page"}],"author":[{"embeddable":true,"href":"https:\/\/alexnabytok.sk\/satnovynabytok\/wp-json\/wp\/v2\/users\/3"}],"replies":[{"embeddable":true,"href":"https:\/\/alexnabytok.sk\/satnovynabytok\/wp-json\/wp\/v2\/comments?post=54562"}],"version-history":[{"count":1,"href":"https:\/\/alexnabytok.sk\/satnovynabytok\/wp-json\/wp\/v2\/pages\/54562\/revisions"}],"predecessor-version":[{"id":54564,"href":"https:\/\/alexnabytok.sk\/satnovynabytok\/wp-json\/wp\/v2\/pages\/54562\/revisions\/54564"}],"up":[{"embeddable":true,"href":"https:\/\/alexnabytok.sk\/satnovynabytok\/wp-json\/wp\/v2\/pages\/10"}],"wp:featuredmedia":[{"embeddable":true,"href":"https:\/\/alexnabytok.sk\/satnovynabytok\/wp-json\/wp\/v2\/media\/54563"}],"wp:attachment":[{"href":"https:\/\/alexnabytok.sk\/satnovynabytok\/wp-json\/wp\/v2\/media?parent=54562"}],"curies":[{"name":"wp","href":"https:\/\/api.w.org\/{rel}","templated":true}]}}