{"id":69,"date":"2016-06-11T08:47:53","date_gmt":"2016-06-11T08:47:53","guid":{"rendered":"http:\/\/szallodabutor.hu\/?page_id=69"},"modified":"2017-06-06T11:20:15","modified_gmt":"2017-06-06T11:20:15","slug":"satnove-skrine","status":"publish","type":"page","link":"https:\/\/alexnabytok.sk\/satnovynabytok\/kategoria\/satnove-skrine\/","title":{"rendered":"\u0160at\u0148ov\u00e9 skrine"},"content":{"rendered":"<li class=\"portfolio_item isotope-item\">\n<div class=\"portfolio_item_holder\">\n<figure class=\"thumbnail thumbnail__portfolio\"><a href=\"https:\/\/alexnabytok.sk\/satnovynabytok\/kategoria\/satnove-skrine\/drevene-satnove-skrine\/\" class=\"image-wrap\"><img decoding=\"async\" src=\"https:\/\/alexnabytok.sk\/satnovynabytok\/wp-content\/uploads\/2016\/06\/butorlapos_oltozoszekreny_v2.jpg\" alt=\"Dreven\u00e9 \u0161at\u0148ov\u00e9 skrine\"><\/a><\/figure>\n<div class=\"caption caption__portfolio\">\n<h3><a href=\"https:\/\/alexnabytok.sk\/satnovynabytok\/kategoria\/satnove-skrine\/drevene-satnove-skrine\/\">Dreven\u00e9 \u0161at\u0148ov\u00e9 skrine<\/a><\/h3>\n<\/div>\n<\/div>\n<\/li>\n<li class=\"portfolio_item isotope-item\">\n<div class=\"portfolio_item_holder\">\n<figure class=\"thumbnail thumbnail__portfolio\"><a href=\"https:\/\/alexnabytok.sk\/satnovynabytok\/kategoria\/satnove-skrine\/kovove-satnove-skrine\/\" class=\"image-wrap\"><img decoding=\"async\" src=\"https:\/\/alexnabytok.sk\/satnovynabytok\/wp-content\/uploads\/2016\/06\/fem_oltozoszekrenyek.jpg\" alt=\"Kovov\u00e9 \u0161at\u0148ov\u00e9 skrine\"><\/a><\/figure>\n<div class=\"caption caption__portfolio\">\n<h3><a href=\"https:\/\/alexnabytok.sk\/satnovynabytok\/kategoria\/satnove-skrine\/kovove-satnove-skrine\/\">Kovov\u00e9 \u0161at\u0148ov\u00e9 skrine<\/a><\/h3>\n<\/div>\n<\/div>\n<\/li>\n","protected":false},"excerpt":{"rendered":"<p>Dreven\u00e9 \u0161at\u0148ov\u00e9 skrine Kovov\u00e9 \u0161at\u0148ov\u00e9 skrine<\/p>\n","protected":false},"author":3,"featured_media":31443,"parent":10,"menu_order":0,"comment_status":"closed","ping_status":"closed","template":"page-Portfolio2Cols-alexsub.php","meta":{"footnotes":""},"class_list":["post-69","page","type-page","status-publish","has-post-thumbnail","hentry"],"yoast_head":"<!-- This site is optimized with the Yoast SEO plugin v24.7 - https:\/\/yoast.com\/wordpress\/plugins\/seo\/ -->\n<title>\u0160at\u0148ov\u00e9 skrine - \u0160AT\u0147OV\u00dd N\u00c1BYTOK<\/title>\n<meta name=\"robots\" content=\"index, follow, max-snippet:-1, max-image-preview:large, max-video-preview:-1\" \/>\n<link rel=\"canonical\" href=\"https:\/\/alexnabytok.sk\/satnovynabytok\/kategoria\/satnove-skrine\/\" \/>\n<meta property=\"og:locale\" content=\"sk_SK\" \/>\n<meta property=\"og:type\" content=\"article\" \/>\n<meta property=\"og:title\" content=\"\u0160at\u0148ov\u00e9 skrine - \u0160AT\u0147OV\u00dd N\u00c1BYTOK\" \/>\n<meta property=\"og:description\" content=\"Dreven\u00e9 \u0161at\u0148ov\u00e9 skrine Kovov\u00e9 \u0161at\u0148ov\u00e9 skrine\" \/>\n<meta property=\"og:url\" content=\"https:\/\/alexnabytok.sk\/satnovynabytok\/kategoria\/satnove-skrine\/\" \/>\n<meta property=\"og:site_name\" content=\"\u0160AT\u0147OV\u00dd N\u00c1BYTOK\" \/>\n<meta property=\"article:modified_time\" content=\"2017-06-06T11:20:15+00:00\" \/>\n<meta name=\"twitter:card\" content=\"summary_large_image\" \/>\n<script type=\"application\/ld+json\" class=\"yoast-schema-graph\">{\"@context\":\"https:\/\/schema.org\",\"@graph\":[{\"@type\":\"WebPage\",\"@id\":\"https:\/\/alexnabytok.sk\/satnovynabytok\/kategoria\/satnove-skrine\/\",\"url\":\"https:\/\/alexnabytok.sk\/satnovynabytok\/kategoria\/satnove-skrine\/\",\"name\":\"\u0160at\u0148ov\u00e9 skrine - \u0160AT\u0147OV\u00dd N\u00c1BYTOK\",\"isPartOf\":{\"@id\":\"https:\/\/alexnabytok.sk\/satnovynabytok\/#website\"},\"primaryImageOfPage\":{\"@id\":\"https:\/\/alexnabytok.sk\/satnovynabytok\/kategoria\/satnove-skrine\/#primaryimage\"},\"image\":{\"@id\":\"https:\/\/alexnabytok.sk\/satnovynabytok\/kategoria\/satnove-skrine\/#primaryimage\"},\"thumbnailUrl\":\"\",\"datePublished\":\"2016-06-11T08:47:53+00:00\",\"dateModified\":\"2017-06-06T11:20:15+00:00\",\"breadcrumb\":{\"@id\":\"https:\/\/alexnabytok.sk\/satnovynabytok\/kategoria\/satnove-skrine\/#breadcrumb\"},\"inLanguage\":\"en-US\",\"potentialAction\":[{\"@type\":\"ReadAction\",\"target\":[\"https:\/\/alexnabytok.sk\/satnovynabytok\/kategoria\/satnove-skrine\/\"]}]},{\"@type\":\"ImageObject\",\"inLanguage\":\"en-US\",\"@id\":\"https:\/\/alexnabytok.sk\/satnovynabytok\/kategoria\/satnove-skrine\/#primaryimage\",\"url\":\"\",\"contentUrl\":\"\"},{\"@type\":\"BreadcrumbList\",\"@id\":\"https:\/\/alexnabytok.sk\/satnovynabytok\/kategoria\/satnove-skrine\/#breadcrumb\",\"itemListElement\":[{\"@type\":\"ListItem\",\"position\":1,\"name\":\"Home\",\"item\":\"https:\/\/alexnabytok.sk\/satnovynabytok\/\"},{\"@type\":\"ListItem\",\"position\":2,\"name\":\"Produkty\",\"item\":\"https:\/\/alexnabytok.sk\/satnovynabytok\/kategoria\/\"},{\"@type\":\"ListItem\",\"position\":3,\"name\":\"\u0160at\u0148ov\u00e9 skrine\"}]},{\"@type\":\"WebSite\",\"@id\":\"https:\/\/alexnabytok.sk\/satnovynabytok\/#website\",\"url\":\"https:\/\/alexnabytok.sk\/satnovynabytok\/\",\"name\":\"\u0160AT\u0147OV\u00dd N\u00c1BYTOK\",\"description\":\"Alex kovov\u00fd a \u0161kolsk\u00fd n\u00e1bytok s.r.o.\",\"potentialAction\":[{\"@type\":\"SearchAction\",\"target\":{\"@type\":\"EntryPoint\",\"urlTemplate\":\"https:\/\/alexnabytok.sk\/satnovynabytok\/?s={search_term_string}\"},\"query-input\":{\"@type\":\"PropertyValueSpecification\",\"valueRequired\":true,\"valueName\":\"search_term_string\"}}],\"inLanguage\":\"en-US\"}]}<\/script>\n<!-- \/ Yoast SEO plugin. -->","yoast_head_json":{"title":"\u0160at\u0148ov\u00e9 skrine - \u0160AT\u0147OV\u00dd N\u00c1BYTOK","robots":{"index":"index","follow":"follow","max-snippet":"max-snippet:-1","max-image-preview":"max-image-preview:large","max-video-preview":"max-video-preview:-1"},"canonical":"https:\/\/alexnabytok.sk\/satnovynabytok\/kategoria\/satnove-skrine\/","og_locale":"sk_SK","og_type":"article","og_title":"\u0160at\u0148ov\u00e9 skrine - \u0160AT\u0147OV\u00dd N\u00c1BYTOK","og_description":"Dreven\u00e9 \u0161at\u0148ov\u00e9 skrine Kovov\u00e9 \u0161at\u0148ov\u00e9 skrine","og_url":"https:\/\/alexnabytok.sk\/satnovynabytok\/kategoria\/satnove-skrine\/","og_site_name":"\u0160AT\u0147OV\u00dd N\u00c1BYTOK","article_modified_time":"2017-06-06T11:20:15+00:00","twitter_card":"summary_large_image","schema":{"@context":"https:\/\/schema.org","@graph":[{"@type":"WebPage","@id":"https:\/\/alexnabytok.sk\/satnovynabytok\/kategoria\/satnove-skrine\/","url":"https:\/\/alexnabytok.sk\/satnovynabytok\/kategoria\/satnove-skrine\/","name":"\u0160at\u0148ov\u00e9 skrine - \u0160AT\u0147OV\u00dd N\u00c1BYTOK","isPartOf":{"@id":"https:\/\/alexnabytok.sk\/satnovynabytok\/#website"},"primaryImageOfPage":{"@id":"https:\/\/alexnabytok.sk\/satnovynabytok\/kategoria\/satnove-skrine\/#primaryimage"},"image":{"@id":"https:\/\/alexnabytok.sk\/satnovynabytok\/kategoria\/satnove-skrine\/#primaryimage"},"thumbnailUrl":"","datePublished":"2016-06-11T08:47:53+00:00","dateModified":"2017-06-06T11:20:15+00:00","breadcrumb":{"@id":"https:\/\/alexnabytok.sk\/satnovynabytok\/kategoria\/satnove-skrine\/#breadcrumb"},"inLanguage":"en-US","potentialAction":[{"@type":"ReadAction","target":["https:\/\/alexnabytok.sk\/satnovynabytok\/kategoria\/satnove-skrine\/"]}]},{"@type":"ImageObject","inLanguage":"en-US","@id":"https:\/\/alexnabytok.sk\/satnovynabytok\/kategoria\/satnove-skrine\/#primaryimage","url":"","contentUrl":""},{"@type":"BreadcrumbList","@id":"https:\/\/alexnabytok.sk\/satnovynabytok\/kategoria\/satnove-skrine\/#breadcrumb","itemListElement":[{"@type":"ListItem","position":1,"name":"Home","item":"https:\/\/alexnabytok.sk\/satnovynabytok\/"},{"@type":"ListItem","position":2,"name":"Produkty","item":"https:\/\/alexnabytok.sk\/satnovynabytok\/kategoria\/"},{"@type":"ListItem","position":3,"name":"\u0160at\u0148ov\u00e9 skrine"}]},{"@type":"WebSite","@id":"https:\/\/alexnabytok.sk\/satnovynabytok\/#website","url":"https:\/\/alexnabytok.sk\/satnovynabytok\/","name":"\u0160AT\u0147OV\u00dd N\u00c1BYTOK","description":"Alex kovov\u00fd a \u0161kolsk\u00fd n\u00e1bytok s.r.o.","potentialAction":[{"@type":"SearchAction","target":{"@type":"EntryPoint","urlTemplate":"https:\/\/alexnabytok.sk\/satnovynabytok\/?s={search_term_string}"},"query-input":{"@type":"PropertyValueSpecification","valueRequired":true,"valueName":"search_term_string"}}],"inLanguage":"en-US"}]}},"_links":{"self":[{"href":"https:\/\/alexnabytok.sk\/satnovynabytok\/wp-json\/wp\/v2\/pages\/69","targetHints":{"allow":["GET"]}}],"collection":[{"href":"https:\/\/alexnabytok.sk\/satnovynabytok\/wp-json\/wp\/v2\/pages"}],"about":[{"href":"https:\/\/alexnabytok.sk\/satnovynabytok\/wp-json\/wp\/v2\/types\/page"}],"author":[{"embeddable":true,"href":"https:\/\/alexnabytok.sk\/satnovynabytok\/wp-json\/wp\/v2\/users\/3"}],"replies":[{"embeddable":true,"href":"https:\/\/alexnabytok.sk\/satnovynabytok\/wp-json\/wp\/v2\/comments?post=69"}],"version-history":[{"count":4,"href":"https:\/\/alexnabytok.sk\/satnovynabytok\/wp-json\/wp\/v2\/pages\/69\/revisions"}],"predecessor-version":[{"id":47717,"href":"https:\/\/alexnabytok.sk\/satnovynabytok\/wp-json\/wp\/v2\/pages\/69\/revisions\/47717"}],"up":[{"embeddable":true,"href":"https:\/\/alexnabytok.sk\/satnovynabytok\/wp-json\/wp\/v2\/pages\/10"}],"wp:featuredmedia":[{"embeddable":true,"href":"https:\/\/alexnabytok.sk\/satnovynabytok\/wp-json\/"}],"wp:attachment":[{"href":"https:\/\/alexnabytok.sk\/satnovynabytok\/wp-json\/wp\/v2\/media?parent=69"}],"curies":[{"name":"wp","href":"https:\/\/api.w.org\/{rel}","templated":true}]}}