{"id":7,"date":"2016-06-08T07:57:17","date_gmt":"2016-06-08T07:57:17","guid":{"rendered":"http:\/\/szallodabutor.hu\/?page_id=7"},"modified":"2023-03-10T18:53:23","modified_gmt":"2023-03-10T18:53:23","slug":"fooldal","status":"publish","type":"page","link":"https:\/\/alexnabytok.sk\/satnovynabytok\/","title":{"rendered":"F\u0151oldal"},"content":{"rendered":"<div class=\"row \">\n<div class=\"extra-wrap block_1\">\n<div class=\"span12 \"><section class=\"lazy-load-box trigger effect-fade \" data-delay=\"200\" data-speed=\"1200\" style=\"-webkit-transition: all 1200ms ease; -moz-transition: all 1200ms ease; -ms-transition: all 1200ms ease; -o-transition: all 1200ms ease; transition: all 1200ms ease;\">\n<h2>Aktuality<\/h2>\n<\/section><\/div>\n\r\n<div class=\"span6 newhometexts-a\">\r\n\t<section class=\"lazy-load-box trigger effect-slidefromleft\" data-delay=\"200\" data-speed=\"900\" style=\"-webkit-transition: all 900ms ease; -moz-transition: all 900ms ease; -ms-transition: all 900ms ease; -o-transition: all 900ms ease; transition: all 900ms ease;\">\r\n\t\t<h3>VOLITE\u013dN\u00c1 FARBA DOSIEK AJ KON\u0160TRUKCIE<\/h3>\r\n\t\t<p>Ber\u00fac do \u00favahy sp\u00e4tn\u00fa v\u00e4zbu od na\u0161ich z\u00e1kazn\u00edkov, na\u0161e \u0161at\u0148ov\u00e9 lavice s\u00fa vybaven\u00e9 5 r\u00f4znymi farbami WPC dosiek a s\u00fa k dispoz\u00edcii v 14 z\u00e1kladn\u00fdch farb\u00e1ch kon\u0161trukcie.<\/p>\r\n\t\t<a href=\"https:\/\/alexnabytok.sk\/satnovynabytok\/volitelna-farba-dosiek-aj-konstrukcie\/\" class=\"btn btn-primary btn-normal btn-inline \">\u010eALEJ<\/a>\t\t\r\n\t<\/section>\r\n<\/div>\r\n<div class=\"span6 newhometexts-b\">\r\n\t<section class=\"lazy-load-box trigger effect-slidefromright\" data-delay=\"200\" data-speed=\"900\" style=\"-webkit-transition: all 900ms ease; -moz-transition: all 900ms ease; -ms-transition: all 900ms ease; -o-transition: all 900ms ease; transition: all 900ms ease;\">\r\n\t\t<h3>OBNOVEN\u00c9 \u0160PORTOV\u00c9 \u0160AT\u0147OV\u00c9 SKRINE<\/h3>\r\n\t\t<p>V porovnan\u00ed s predch\u00e1dzaj\u00facim modelom je k dispoz\u00edcii viac priestoru, farba povrchu sedadla sa zhoduje s farbou skrine.<\/p>\r\n\t\t<a href=\"https:\/\/alexnabytok.sk\/satnovynabytok\/kategoria\/satnove-skrine\/drevene-satnove-skrine\/sportove-satnove-skrine\/\" class=\"btn btn-primary btn-normal btn-inline \">\u010eALEJ<\/a>\t\t\r\n\t<\/section>\r\n<\/div>\n<\/div>\n<\/div><!-- .row (end) -->\n<script type=\"text\/javascript\">\r\n          jQuery(function() {\r\n              jQuery(\"#fixedparallax_69f934a8bda2e\").cherryFixedParallax({\r\n                offset: true,\r\n                bgfixed: true,\r\n                invert: true\r\n              });\r\n          });\r\n    <\/script><section id=\"fixedparallax_69f934a8bda2e\" class=\"fixed_parallax_section cherry_fixed_parallax1\" data-source-url=\"https:\/\/alexnabytok.sk\/satnovynabytok\/wp-content\/uploads\/2016\/06\/parallax_pic1.jpg\" data-source-width=\"1920\" data-source-height=\"1518\"><div class=\"container parallax_content\">\n<div class=\"row \">\n<div class=\"span12 \"><section class=\"lazy-load-box trigger effect-slideup \" data-delay=\"200\" data-speed=\"900\" style=\"-webkit-transition: all 900ms ease; -moz-transition: all 900ms ease; -ms-transition: all 900ms ease; -o-transition: all 900ms ease; transition: all 900ms ease;\">\n<h2>OB\u013d\u00daBEN\u00c9 PRODUKTY<\/h2>\n<\/section><\/div>\n<section class=\"lazy-load-box trigger effect-zoomout \" data-delay=\"200\" data-speed=\"900\" style=\"-webkit-transition: all 900ms ease; -moz-transition: all 900ms ease; -ms-transition: all 900ms ease; -o-transition: all 900ms ease; transition: all 900ms ease;\">\n\r\n<div class=\"span4 top-termek-a\">\r\n\t<ul class=\"alex-fooldal-top-termek\">\r\n\t\t<li class=\"portfolio_item isotope-item\">\r\n\t\t\t<div class=\"portfolio_item_holder\">\r\n\t\t\t\t<figure class=\"thumbnail thumbnail__portfolio\">\r\n\t\t\t\t\t<a href=\"https:\/\/alexnabytok.sk\/satnovynabytok\/produkty\/satnove-skrine\/kovove-satnove-skrine\/satnove-skrine-s-delenymi-dverami\/5004-8-300-st-fittmet-30-satnova-skrina-8-miestna-delene-dvere-kovova\/\" class=\"image-wrap\" title=\"FITTMET30 8 \u0161at\u0148ov\u00e1 skri\u0148a\" >\r\n\t\t\t\t\t\t<img decoding=\"async\" src=\"https:\/\/alexnabytok.sk\/satnovynabytok\/wp-content\/uploads\/2023\/03\/01-FittMet30_8-szemelyes.jpg\" alt=\"FITTMET30 8 \u0161at\u0148ov\u00e1 skri\u0148a\">\r\n\t\t\t\t\t<\/a>\r\n\t\t\t\t<\/figure>\r\n\t\t\t\t<div class=\"caption caption__portfolio\">\r\n\t\t\t\t\t<h3><a href=\"https:\/\/alexnabytok.sk\/satnovynabytok\/produkty\/satnove-skrine\/kovove-satnove-skrine\/satnove-skrine-s-delenymi-dverami\/5004-8-300-st-fittmet-30-satnova-skrina-8-miestna-delene-dvere-kovova\/\" >FITTMET30 8 \u0161at\u0148ov\u00e1 skri\u0148a<\/a><\/h3>\r\n\t\t\t\t<\/div>\r\n\t\t\t<\/div>\r\n\t\t<\/li>\r\n\t<\/ul>\r\n\t<div class=\"spacer\"><\/div>\r\n<\/div>\r\n<div class=\"span4 top-termek-b\">\r\n\t<ul class=\"alex-fooldal-top-termek\">\r\n\t\t<li class=\"portfolio_item isotope-item\">\r\n\t\t\t<div class=\"portfolio_item_holder\">\r\n\t\t\t\t<figure class=\"thumbnail thumbnail__portfolio\">\r\n\t\t\t\t\t<a href=\"https:\/\/alexnabytok.sk\/satnovynabytok\/produkty\/satnove-skrine\/drevene-satnove-skrine\/satnove-skrine-s-delenymi-dverami\/otb-01-090-06-l-fitt-30-satnova-skrina-6-miestna-delene-dvere\/\" class=\"image-wrap\" title=\"FITTMET30 6 \u0161at\u0148ov\u00e1 skri\u0148a\" >\r\n\t\t\t\t\t\t<img decoding=\"async\" src=\"https:\/\/alexnabytok.sk\/satnovynabytok\/wp-content\/uploads\/2023\/03\/02-FittMet30_6-szemelyes_osztott.jpg\" alt=\"FITTMET30 6 \u0161at\u0148ov\u00e1 skri\u0148a\">\r\n\t\t\t\t\t<\/a>\r\n\t\t\t\t<\/figure>\r\n\t\t\t\t<div class=\"caption caption__portfolio\">\r\n\t\t\t\t\t<h3><a href=\"https:\/\/alexnabytok.sk\/satnovynabytok\/produkty\/satnove-skrine\/drevene-satnove-skrine\/satnove-skrine-s-delenymi-dverami\/otb-01-090-06-l-fitt-30-satnova-skrina-6-miestna-delene-dvere\/\" >FITTMET30 6 \u0161at\u0148ov\u00e1 skri\u0148a<\/a><\/h3>\r\n\t\t\t\t<\/div>\r\n\t\t\t<\/div>\r\n\t\t<\/li>\r\n\t<\/ul>\r\n\t<div class=\"spacer\"><\/div>\r\n<\/div>\r\n<div class=\"span4 top-termek-c\">\r\n\t<ul class=\"alex-fooldal-top-termek\">\r\n\t\t<li class=\"portfolio_item isotope-item\">\r\n\t\t\t<div class=\"portfolio_item_holder\">\r\n\t\t\t\t<figure class=\"thumbnail thumbnail__portfolio\">\r\n\t\t\t\t\t<a href=\"https:\/\/alexnabytok.sk\/satnovynabytok\/produkty\/lavicky-na-prezliekanie\/fitt-lavicky-na-prezliekanie\/otb-01p-190-175-40-fitt-jednostranna-satnova-lavica-s-vesiakmi-operadlom-190-cm\/\" class=\"image-wrap\" title=\"FITT lavi\u010dka s operadlom\" >\r\n\t\t\t\t\t\t<img decoding=\"async\" src=\"https:\/\/alexnabytok.sk\/satnovynabytok\/wp-content\/uploads\/2023\/03\/03-Fitt_tamlas_oltozopad_190cm.jpg\" alt=\"FITT lavi\u010dka s operadlom\">\r\n\t\t\t\t\t<\/a>\r\n\t\t\t\t<\/figure>\r\n\t\t\t\t<div class=\"caption caption__portfolio\">\r\n\t\t\t\t\t<h3><a href=\"https:\/\/alexnabytok.sk\/satnovynabytok\/produkty\/lavicky-na-prezliekanie\/fitt-lavicky-na-prezliekanie\/otb-01p-190-175-40-fitt-jednostranna-satnova-lavica-s-vesiakmi-operadlom-190-cm\/\" >FITT lavi\u010dka s operadlom<\/a><\/h3>\r\n\t\t\t\t<\/div>\r\n\t\t\t<\/div>\r\n\t\t<\/li>\r\n\t<\/ul>\r\n\t<div class=\"spacer\"><\/div>\r\n<\/div>\r\n<div class=\"span4 top-termek-d\">\r\n\t<ul class=\"alex-fooldal-top-termek\">\r\n\t\t<li class=\"portfolio_item isotope-item\">\r\n\t\t\t<div class=\"portfolio_item_holder\">\r\n\t\t\t\t<figure class=\"thumbnail thumbnail__portfolio\">\r\n\t\t\t\t\t<a href=\"https:\/\/alexnabytok.sk\/satnovynabytok\/produkty\/satnove-skrine\/drevene-satnove-skrine\/z-satnove-skrine\/otb-01-120-06-zl-z-fit-satnova-skrina-6-miestna-z-dvere\/\" class=\"image-wrap\" title=\"Z FITT30 6 \u0161at\u0148ov\u00e1 skri\u0148a\" >\r\n\t\t\t\t\t\t<img decoding=\"async\" src=\"https:\/\/alexnabytok.sk\/satnovynabytok\/wp-content\/uploads\/2023\/03\/04-Z-Fitt30_6_szemelyes.jpg\" alt=\"Z FITT30 6 \u0161at\u0148ov\u00e1 skri\u0148a\">\r\n\t\t\t\t\t<\/a>\r\n\t\t\t\t<\/figure>\r\n\t\t\t\t<div class=\"caption caption__portfolio\">\r\n\t\t\t\t\t<h3><a href=\"https:\/\/alexnabytok.sk\/satnovynabytok\/produkty\/satnove-skrine\/drevene-satnove-skrine\/z-satnove-skrine\/otb-01-120-06-zl-z-fit-satnova-skrina-6-miestna-z-dvere\/\" >Z FITT30 6 \u0161at\u0148ov\u00e1 skri\u0148a<\/a><\/h3>\r\n\t\t\t\t<\/div>\r\n\t\t\t<\/div>\r\n\t\t<\/li>\r\n\t<\/ul>\r\n\t<div class=\"spacer\"><\/div>\r\n<\/div>\r\n<div class=\"span4 top-termek-e\">\r\n\t<ul class=\"alex-fooldal-top-termek\">\r\n\t\t<li class=\"portfolio_item isotope-item\">\r\n\t\t\t<div class=\"portfolio_item_holder\">\r\n\t\t\t\t<figure class=\"thumbnail thumbnail__portfolio\">\r\n\t\t\t\t\t<a href=\"https:\/\/alexnabytok.sk\/satnovynabytok\/produkty\/satnove-skrine\/drevene-satnove-skrine\/satnove-skrine-s-dlhymi-dverami\/otb-01-040-01-l-fitt-40-satnova-skrina-1-miestna-dlhe-dvere\/\" class=\"image-wrap\" title=\"FITT40 \u0161at\u0148ov\u00e1 skri\u0148a\" >\r\n\t\t\t\t\t\t<img decoding=\"async\" src=\"https:\/\/alexnabytok.sk\/satnovynabytok\/wp-content\/uploads\/2023\/03\/05-Fitt40_1_szemelyes_hosszuajtos.jpg\" alt=\"FITT40 \u0161at\u0148ov\u00e1 skri\u0148a\">\r\n\t\t\t\t\t<\/a>\r\n\t\t\t\t<\/figure>\r\n\t\t\t\t<div class=\"caption caption__portfolio\">\r\n\t\t\t\t\t<h3><a href=\"https:\/\/alexnabytok.sk\/satnovynabytok\/produkty\/satnove-skrine\/drevene-satnove-skrine\/satnove-skrine-s-dlhymi-dverami\/otb-01-040-01-l-fitt-40-satnova-skrina-1-miestna-dlhe-dvere\/\" >FITT40 \u0161at\u0148ov\u00e1 skri\u0148a<\/a><\/h3>\r\n\t\t\t\t<\/div>\r\n\t\t\t<\/div>\r\n\t\t<\/li>\r\n\t<\/ul>\r\n\t<div class=\"spacer\"><\/div>\r\n<\/div>\r\n<div class=\"span4 top-termek-f\">\r\n\t<ul class=\"alex-fooldal-top-termek\">\r\n\t\t<li class=\"portfolio_item isotope-item\">\r\n\t\t\t<div class=\"portfolio_item_holder\">\r\n\t\t\t\t<figure class=\"thumbnail thumbnail__portfolio\">\r\n\t\t\t\t\t<a href=\"https:\/\/alexnabytok.sk\/satnovynabytok\/produkty\/satnove-skrine\/drevene-satnove-skrine\/satnove-skrine-s-dlhymi-dverami\/otb-01-030-01-l-fitt-30-satnova-skrina-1-miestna-dlhe-dvere\/\" class=\"image-wrap\" title=\"FITT30 \u0161at\u0148ov\u00e1 skri\u0148a\" >\r\n\t\t\t\t\t\t<img decoding=\"async\" src=\"https:\/\/alexnabytok.sk\/satnovynabytok\/wp-content\/uploads\/2023\/03\/06-Fitt30_2_szemelyes_hosszuajtos.jpg\" alt=\"FITT30 \u0161at\u0148ov\u00e1 skri\u0148a\">\r\n\t\t\t\t\t<\/a>\r\n\t\t\t\t<\/figure>\r\n\t\t\t\t<div class=\"caption caption__portfolio\">\r\n\t\t\t\t\t<h3><a href=\"https:\/\/alexnabytok.sk\/satnovynabytok\/produkty\/satnove-skrine\/drevene-satnove-skrine\/satnove-skrine-s-dlhymi-dverami\/otb-01-030-01-l-fitt-30-satnova-skrina-1-miestna-dlhe-dvere\/\" >FITT30 \u0161at\u0148ov\u00e1 skri\u0148a<\/a><\/h3>\r\n\t\t\t\t<\/div>\r\n\t\t\t<\/div>\r\n\t\t<\/li>\r\n\t<\/ul>\r\n\t<div class=\"spacer\"><\/div>\r\n<\/div>\n<\/section>\n<div class=\"spacer\"><\/div><!-- .spacer (end) -->\n<div class=\"span12 \"><div class=\"spacer\"><\/div><!-- .spacer (end) -->\n<section class=\"lazy-load-box trigger effect-slideup \" data-delay=\"200\" data-speed=\"900\" style=\"-webkit-transition: all 900ms ease; -moz-transition: all 900ms ease; -ms-transition: all 900ms ease; -o-transition: all 900ms ease; transition: all 900ms ease;\">\n<div class=\"spacer\"><\/div><!-- .spacer (end) -->\n<h2>\u010eA\u013d\u0160IE KATEG\u00d3RIE<\/h2>\n<\/section><\/div>\n<div class=\"span12 \"><section class=\"lazy-load-box trigger effect-zoomout \" data-delay=\"200\" data-speed=\"900\" style=\"-webkit-transition: all 900ms ease; -moz-transition: all 900ms ease; -ms-transition: all 900ms ease; -o-transition: all 900ms ease; transition: all 900ms ease;\">\n<section class=\"lazy-load-box effect-zoomout\">\n<ul class=\"posts-grid row-fluid unstyled block_2 ul-item-0\">\n<li class=\"span4 list-item-1\">\n<figure class=\"featured-thumbnail thumbnail\"><img decoding=\"async\" src=\"https:\/\/alexnabytok.sk\/satnovynabytok\/wp-content\/uploads\/2016\/06\/05_irodabutor_v2-1.jpg\"><span class=\"zoom-icon\"><\/span><\/figure>\n<div class=\"clear\"><\/div>\n<div class=\"desc\">\n<h6><strong>Kancel\u00e1rsky n\u00e1bytok<\/strong><span>Zaria\u010fte si pracov\u0148u snov pod\u013ea va\u0161ich predst\u00e1v!<\/span><\/h6>\n<p><a href=\"https:\/\/alexnabytok.sk\/kancelarskynabytok\/\" target=\"_blank\" class=\"btn btn-primary\" title=\"Kancel\u00e1rsky n\u00e1bytok\" rel=\"noopener noreferrer\">\u010eALEJ<\/a><\/div>\n<\/li>\n<li class=\"span4 list-item-2\">\n<figure class=\"featured-thumbnail thumbnail\"><img decoding=\"async\" src=\"https:\/\/alexnabytok.sk\/satnovynabytok\/wp-content\/uploads\/2016\/06\/06_utcabutor_v2-1-1.jpg\"><span class=\"zoom-icon\"><\/span><\/figure>\n<div class=\"clear\"><\/div>\n<div class=\"desc\">\n<h6><strong>Uli\u010dn\u00fd n\u00e1bytok<\/strong><span>Nad\u010dasov\u00e9 a jednotn\u00e9 prvky, h\u013eadajte v na\u0161ej ponuke!<\/span><\/h6>\n<p><a href=\"https:\/\/alexnabytok.sk\/alexmobiliar\/\" target=\"_blank\" class=\"btn btn-primary\" title=\"Uli\u010dn\u00fd n\u00e1bytok\" rel=\"noopener noreferrer\">\u010eALEJ<\/a><\/div>\n<\/li>\n<li class=\"span4 list-item-3\">\n<figure class=\"featured-thumbnail thumbnail\"><img decoding=\"async\" src=\"https:\/\/alexnabytok.sk\/satnovynabytok\/wp-content\/uploads\/2016\/06\/03_tovabbi_uzletag-szallodabutor_v3.jpg\"><span class=\"zoom-icon\"><\/span><\/figure>\n<div class=\"clear\"><\/div>\n<div class=\"desc\">\n<h6><strong>Re\u0161taura\u010dn\u00fd n\u00e1bytok<\/strong><span>Kvalitn\u00e9 zariadenie, stoly, stoli\u010dky a doplnky, kompletn\u00e9 zariadenie re\u0161taur\u00e1ci\u00ed<\/span><\/h6>\n<p><a href=\"https:\/\/alexnabytok.sk\/hotelovynabytok\/\" target=\"_blank\" class=\"btn btn-primary\" title=\"Re\u0161taura\u010dn\u00fd n\u00e1bytok\" rel=\"noopener noreferrer\">\u010eALEJ<\/a><\/div>\n<\/li>\n<\/ul>\n<ul class=\"posts-grid row-fluid unstyled block_2 ul-item-1\"><\/ul>\n<\/section>\n<\/section><\/div>\n<\/div><!-- .row (end) -->\n<\/div><\/section>\n","protected":false},"excerpt":{"rendered":"","protected":false},"author":3,"featured_media":0,"parent":0,"menu_order":0,"comment_status":"closed","ping_status":"closed","template":"page-home.php","meta":{"footnotes":""},"class_list":["post-7","page","type-page","status-publish","hentry"],"yoast_head":"<!-- This site is optimized with the Yoast SEO plugin v24.7 - https:\/\/yoast.com\/wordpress\/plugins\/seo\/ -->\n<title>F\u0151oldal - \u0160AT\u0147OV\u00dd N\u00c1BYTOK<\/title>\n<meta name=\"robots\" content=\"index, follow, max-snippet:-1, max-image-preview:large, max-video-preview:-1\" \/>\n<link rel=\"canonical\" href=\"https:\/\/alexnabytok.sk\/satnovynabytok\/\" \/>\n<meta property=\"og:locale\" content=\"sk_SK\" \/>\n<meta property=\"og:type\" content=\"article\" \/>\n<meta property=\"og:title\" content=\"F\u0151oldal - \u0160AT\u0147OV\u00dd N\u00c1BYTOK\" \/>\n<meta property=\"og:url\" content=\"https:\/\/alexnabytok.sk\/satnovynabytok\/\" \/>\n<meta property=\"og:site_name\" content=\"\u0160AT\u0147OV\u00dd N\u00c1BYTOK\" \/>\n<meta property=\"article:modified_time\" content=\"2023-03-10T18:53:23+00:00\" \/>\n<meta property=\"og:image\" content=\"https:\/\/alexnabytok.sk\/satnovynabytok\/wp-content\/uploads\/2016\/06\/05_irodabutor_v2-1.jpg\" \/>\n<meta name=\"twitter:card\" content=\"summary_large_image\" \/>\n<meta name=\"twitter:label1\" content=\"Est. reading time\" \/>\n\t<meta name=\"twitter:data1\" content=\"1 minute\" \/>\n<script type=\"application\/ld+json\" class=\"yoast-schema-graph\">{\"@context\":\"https:\/\/schema.org\",\"@graph\":[{\"@type\":\"WebPage\",\"@id\":\"https:\/\/alexnabytok.sk\/satnovynabytok\/\",\"url\":\"https:\/\/alexnabytok.sk\/satnovynabytok\/\",\"name\":\"F\u0151oldal - \u0160AT\u0147OV\u00dd N\u00c1BYTOK\",\"isPartOf\":{\"@id\":\"https:\/\/alexnabytok.sk\/satnovynabytok\/#website\"},\"primaryImageOfPage\":{\"@id\":\"https:\/\/alexnabytok.sk\/satnovynabytok\/#primaryimage\"},\"image\":{\"@id\":\"https:\/\/alexnabytok.sk\/satnovynabytok\/#primaryimage\"},\"thumbnailUrl\":\"https:\/\/alexnabytok.sk\/satnovynabytok\/wp-content\/uploads\/2016\/06\/05_irodabutor_v2-1.jpg\",\"datePublished\":\"2016-06-08T07:57:17+00:00\",\"dateModified\":\"2023-03-10T18:53:23+00:00\",\"breadcrumb\":{\"@id\":\"https:\/\/alexnabytok.sk\/satnovynabytok\/#breadcrumb\"},\"inLanguage\":\"en-US\",\"potentialAction\":[{\"@type\":\"ReadAction\",\"target\":[\"https:\/\/alexnabytok.sk\/satnovynabytok\/\"]}]},{\"@type\":\"ImageObject\",\"inLanguage\":\"en-US\",\"@id\":\"https:\/\/alexnabytok.sk\/satnovynabytok\/#primaryimage\",\"url\":\"https:\/\/alexnabytok.sk\/satnovynabytok\/wp-content\/uploads\/2016\/06\/05_irodabutor_v2-1.jpg\",\"contentUrl\":\"https:\/\/alexnabytok.sk\/satnovynabytok\/wp-content\/uploads\/2016\/06\/05_irodabutor_v2-1.jpg\",\"width\":370,\"height\":185},{\"@type\":\"BreadcrumbList\",\"@id\":\"https:\/\/alexnabytok.sk\/satnovynabytok\/#breadcrumb\",\"itemListElement\":[{\"@type\":\"ListItem\",\"position\":1,\"name\":\"Home\",\"item\":\"https:\/\/alexnabytok.sk\/satnovynabytok\/\"},{\"@type\":\"ListItem\",\"position\":2,\"name\":\"F\u0151oldal\"}]},{\"@type\":\"WebSite\",\"@id\":\"https:\/\/alexnabytok.sk\/satnovynabytok\/#website\",\"url\":\"https:\/\/alexnabytok.sk\/satnovynabytok\/\",\"name\":\"\u0160AT\u0147OV\u00dd N\u00c1BYTOK\",\"description\":\"Alex kovov\u00fd a \u0161kolsk\u00fd n\u00e1bytok s.r.o.\",\"potentialAction\":[{\"@type\":\"SearchAction\",\"target\":{\"@type\":\"EntryPoint\",\"urlTemplate\":\"https:\/\/alexnabytok.sk\/satnovynabytok\/?s={search_term_string}\"},\"query-input\":{\"@type\":\"PropertyValueSpecification\",\"valueRequired\":true,\"valueName\":\"search_term_string\"}}],\"inLanguage\":\"en-US\"}]}<\/script>\n<!-- \/ Yoast SEO plugin. -->","yoast_head_json":{"title":"F\u0151oldal - \u0160AT\u0147OV\u00dd N\u00c1BYTOK","robots":{"index":"index","follow":"follow","max-snippet":"max-snippet:-1","max-image-preview":"max-image-preview:large","max-video-preview":"max-video-preview:-1"},"canonical":"https:\/\/alexnabytok.sk\/satnovynabytok\/","og_locale":"sk_SK","og_type":"article","og_title":"F\u0151oldal - \u0160AT\u0147OV\u00dd N\u00c1BYTOK","og_url":"https:\/\/alexnabytok.sk\/satnovynabytok\/","og_site_name":"\u0160AT\u0147OV\u00dd N\u00c1BYTOK","article_modified_time":"2023-03-10T18:53:23+00:00","og_image":[{"url":"https:\/\/alexnabytok.sk\/satnovynabytok\/wp-content\/uploads\/2016\/06\/05_irodabutor_v2-1.jpg","type":"","width":"","height":""}],"twitter_card":"summary_large_image","twitter_misc":{"Est. reading time":"1 minute"},"schema":{"@context":"https:\/\/schema.org","@graph":[{"@type":"WebPage","@id":"https:\/\/alexnabytok.sk\/satnovynabytok\/","url":"https:\/\/alexnabytok.sk\/satnovynabytok\/","name":"F\u0151oldal - \u0160AT\u0147OV\u00dd N\u00c1BYTOK","isPartOf":{"@id":"https:\/\/alexnabytok.sk\/satnovynabytok\/#website"},"primaryImageOfPage":{"@id":"https:\/\/alexnabytok.sk\/satnovynabytok\/#primaryimage"},"image":{"@id":"https:\/\/alexnabytok.sk\/satnovynabytok\/#primaryimage"},"thumbnailUrl":"https:\/\/alexnabytok.sk\/satnovynabytok\/wp-content\/uploads\/2016\/06\/05_irodabutor_v2-1.jpg","datePublished":"2016-06-08T07:57:17+00:00","dateModified":"2023-03-10T18:53:23+00:00","breadcrumb":{"@id":"https:\/\/alexnabytok.sk\/satnovynabytok\/#breadcrumb"},"inLanguage":"en-US","potentialAction":[{"@type":"ReadAction","target":["https:\/\/alexnabytok.sk\/satnovynabytok\/"]}]},{"@type":"ImageObject","inLanguage":"en-US","@id":"https:\/\/alexnabytok.sk\/satnovynabytok\/#primaryimage","url":"https:\/\/alexnabytok.sk\/satnovynabytok\/wp-content\/uploads\/2016\/06\/05_irodabutor_v2-1.jpg","contentUrl":"https:\/\/alexnabytok.sk\/satnovynabytok\/wp-content\/uploads\/2016\/06\/05_irodabutor_v2-1.jpg","width":370,"height":185},{"@type":"BreadcrumbList","@id":"https:\/\/alexnabytok.sk\/satnovynabytok\/#breadcrumb","itemListElement":[{"@type":"ListItem","position":1,"name":"Home","item":"https:\/\/alexnabytok.sk\/satnovynabytok\/"},{"@type":"ListItem","position":2,"name":"F\u0151oldal"}]},{"@type":"WebSite","@id":"https:\/\/alexnabytok.sk\/satnovynabytok\/#website","url":"https:\/\/alexnabytok.sk\/satnovynabytok\/","name":"\u0160AT\u0147OV\u00dd N\u00c1BYTOK","description":"Alex kovov\u00fd a \u0161kolsk\u00fd n\u00e1bytok s.r.o.","potentialAction":[{"@type":"SearchAction","target":{"@type":"EntryPoint","urlTemplate":"https:\/\/alexnabytok.sk\/satnovynabytok\/?s={search_term_string}"},"query-input":{"@type":"PropertyValueSpecification","valueRequired":true,"valueName":"search_term_string"}}],"inLanguage":"en-US"}]}},"_links":{"self":[{"href":"https:\/\/alexnabytok.sk\/satnovynabytok\/wp-json\/wp\/v2\/pages\/7","targetHints":{"allow":["GET"]}}],"collection":[{"href":"https:\/\/alexnabytok.sk\/satnovynabytok\/wp-json\/wp\/v2\/pages"}],"about":[{"href":"https:\/\/alexnabytok.sk\/satnovynabytok\/wp-json\/wp\/v2\/types\/page"}],"author":[{"embeddable":true,"href":"https:\/\/alexnabytok.sk\/satnovynabytok\/wp-json\/wp\/v2\/users\/3"}],"replies":[{"embeddable":true,"href":"https:\/\/alexnabytok.sk\/satnovynabytok\/wp-json\/wp\/v2\/comments?post=7"}],"version-history":[{"count":11,"href":"https:\/\/alexnabytok.sk\/satnovynabytok\/wp-json\/wp\/v2\/pages\/7\/revisions"}],"predecessor-version":[{"id":66214,"href":"https:\/\/alexnabytok.sk\/satnovynabytok\/wp-json\/wp\/v2\/pages\/7\/revisions\/66214"}],"wp:attachment":[{"href":"https:\/\/alexnabytok.sk\/satnovynabytok\/wp-json\/wp\/v2\/media?parent=7"}],"curies":[{"name":"wp","href":"https:\/\/api.w.org\/{rel}","templated":true}]}}