{"id":104557,"date":"2023-03-13T13:34:06","date_gmt":"2023-03-13T13:34:06","guid":{"rendered":"http:\/\/www.alexnabytok.sk\/skolskynabytok\/?page_id=104557"},"modified":"2023-03-13T13:34:06","modified_gmt":"2023-03-13T13:34:06","slug":"video","status":"publish","type":"page","link":"https:\/\/alexnabytok.sk\/skolskynabytok\/video\/","title":{"rendered":"Video"},"content":{"rendered":"<h3>Cube Locker<\/h3>\n<div style=\"padding:57% 0 0 0;position:relative;\">\n<iframe style=\"position:absolute;top:0;left:0;width:100%;height:100%;\" src=\"https:\/\/www.youtube.com\/embed\/Ww06z1iz5-o\" title=\"YouTube video player\" frameborder=\"0\" allow=\"accelerometer; autoplay; clipboard-write; encrypted-media; gyroscope; picture-in-picture\" allowfullscreen><\/iframe>\n<\/div>\n<h3>Agiln\u00e1 kancel\u00e1ria<\/h3>\n<div style=\"padding:57% 0 0 0;position:relative;\">\n<iframe style=\"position:absolute;top:0;left:0;width:100%;height:100%;\" src=\"https:\/\/www.youtube.com\/embed\/Xn_OP5_pDk0\" title=\"YouTube video player\" frameborder=\"0\" allow=\"accelerometer; autoplay; clipboard-write; encrypted-media; gyroscope; picture-in-picture\" allowfullscreen><\/iframe>\n<\/div>\n<h3>DURAN<\/h3>\n<div style=\"padding:57% 0 0 0;position:relative;\">\n<iframe style=\"position:absolute;top:0;left:0;width:100%;height:100%;\" src=\"https:\/\/www.youtube.com\/embed\/e6FawD3C780\" title=\"YouTube video player\" frameborder=\"0\" allow=\"accelerometer; autoplay; clipboard-write; encrypted-media; gyroscope; picture-in-picture\" allowfullscreen><\/iframe>\n<\/div>\n<h3>Alex Flex odoln\u00e9 vo\u010di vandalizmu<\/h3>\n<div style=\"padding:57% 0 0 0;position:relative;\">\n<iframe style=\"position:absolute;top:0;left:0;width:100%;height:100%;\" src=\"https:\/\/www.youtube.com\/embed\/HxRLJTFXvTY\" title=\"YouTube video player\" frameborder=\"0\" allow=\"accelerometer; autoplay; clipboard-write; encrypted-media; gyroscope; picture-in-picture\" allowfullscreen><\/iframe>\n<\/div>\n<h3>FLYNN Kancel\u00e1rsky n\u00e1bytok<\/h3>\n<div style=\"padding:57% 0 0 0;position:relative;\">\n<iframe style=\"position:absolute;top:0;left:0;width:100%;height:100%;\" src=\"https:\/\/www.youtube.com\/embed\/irFu6oqIoDU\" title=\"YouTube video player\" frameborder=\"0\" allow=\"accelerometer; autoplay; clipboard-write; encrypted-media; gyroscope; picture-in-picture\" allowfullscreen><\/iframe>\n<\/div>\n<h3>Alex kovov\u00fd a \u0161kolsk\u00fd n\u00e1bytok<\/h3>\n<div style=\"padding:57% 0 0 0;position:relative;\">\n<iframe style=\"position:absolute;top:0;left:0;width:100%;height:100%;\" src=\"https:\/\/www.youtube.com\/embed\/WVDJCrU9IZU\" title=\"YouTube video player\" frameborder=\"0\" allow=\"accelerometer; autoplay; clipboard-write; encrypted-media; gyroscope; picture-in-picture\" allowfullscreen><\/iframe>\n<\/div>\n<h3>Smart Class\/ Inteligentn\u00e1 u\u010deb\u0148a<\/h3>\n<div style=\"padding:57% 0 0 0;position:relative;\">\n<iframe style=\"position:absolute;top:0;left:0;width:100%;height:100%;\" src=\"https:\/\/www.youtube.com\/embed\/DhPHeW7cYKA\" title=\"YouTube video player\" frameborder=\"0\" allow=\"accelerometer; autoplay; clipboard-write; encrypted-media; gyroscope; picture-in-picture\" allowfullscreen><\/iframe>\n<\/div>\n<h3>Domino Lavice<\/h3>\n<div style=\"padding:57% 0 0 0;position:relative;\">\n<iframe style=\"position:absolute;top:0;left:0;width:100%;height:100%;\" src=\"https:\/\/www.youtube.com\/embed\/ngYfrrFDhKE\" title=\"YouTube video player\" frameborder=\"0\" allow=\"accelerometer; autoplay; clipboard-write; encrypted-media; gyroscope; picture-in-picture\" allowfullscreen><\/iframe>\n<\/div>\n<h3>KALEIDO\/ \u0160kolsk\u00fd n\u00e1bytok<\/h3>\n<div style=\"padding:57% 0 0 0;position:relative;\">\n<iframe style=\"position:absolute;top:0;left:0;width:100%;height:100%;\" src=\"https:\/\/www.youtube.com\/embed\/TJQ4FX81OGs\" title=\"YouTube video player\" frameborder=\"0\" allow=\"accelerometer; autoplay; clipboard-write; encrypted-media; gyroscope; picture-in-picture\" allowfullscreen><\/iframe>\n<\/div>\n<h3>PROGRAM 3.4.5<\/h3>\n<div style=\"padding:57% 0 0 0;position:relative;\">\n<iframe style=\"position:absolute;top:0;left:0;width:100%;height:100%;\" src=\"https:\/\/www.youtube.com\/embed\/gQSyKgW-azM\" title=\"YouTube video player\" frameborder=\"0\" allow=\"accelerometer; autoplay; clipboard-write; encrypted-media; gyroscope; picture-in-picture\" allowfullscreen><\/iframe>\n<\/div>\n<h3>Flex n\u00e1bytkov\u00e1 zostava<\/h3>\n<div style=\"padding:57% 0 0 0;position:relative;\">\n<iframe style=\"position:absolute;top:0;left:0;width:100%;height:100%;\" src=\"https:\/\/www.youtube.com\/embed\/I-eg-Bt_Xa4\" title=\"YouTube video player\" frameborder=\"0\" allow=\"accelerometer; autoplay; clipboard-write; encrypted-media; gyroscope; picture-in-picture\" allowfullscreen><\/iframe>\n<\/div>\n","protected":false},"excerpt":{"rendered":"<p>Cube Locker Agiln\u00e1 kancel\u00e1ria DURAN Alex Flex odoln\u00e9 vo\u010di vandalizmu FLYNN Kancel\u00e1rsky n\u00e1bytok Alex kovov\u00fd a \u0161kolsk\u00fd n\u00e1bytok Smart Class\/ Inteligentn\u00e1 u\u010deb\u0148a Domino Lavice KALEIDO\/ \u0160kolsk\u00fd n\u00e1bytok PROGRAM 3.4.5 Flex n\u00e1bytkov\u00e1 zostava<\/p>\n","protected":false},"author":1,"featured_media":0,"parent":0,"menu_order":0,"comment_status":"closed","ping_status":"closed","template":"page-fullwidth.php","meta":{"footnotes":""},"class_list":["post-104557","page","type-page","status-publish","hentry"],"yoast_head":"<!-- This site is optimized with the Yoast SEO plugin v24.7 - https:\/\/yoast.com\/wordpress\/plugins\/seo\/ -->\n<title>Video - \u0160KOLSK\u00dd N\u00c1BYTOK<\/title>\n<meta name=\"robots\" content=\"index, follow, max-snippet:-1, max-image-preview:large, max-video-preview:-1\" \/>\n<link rel=\"canonical\" href=\"https:\/\/alexnabytok.sk\/skolskynabytok\/video\/\" \/>\n<meta property=\"og:locale\" content=\"sk_SK\" \/>\n<meta property=\"og:type\" content=\"article\" \/>\n<meta property=\"og:title\" content=\"Video - \u0160KOLSK\u00dd N\u00c1BYTOK\" \/>\n<meta property=\"og:description\" content=\"Cube Locker Agiln\u00e1 kancel\u00e1ria DURAN Alex Flex odoln\u00e9 vo\u010di vandalizmu FLYNN Kancel\u00e1rsky n\u00e1bytok Alex kovov\u00fd a \u0161kolsk\u00fd n\u00e1bytok Smart Class\/ Inteligentn\u00e1 u\u010deb\u0148a Domino Lavice KALEIDO\/ \u0160kolsk\u00fd n\u00e1bytok PROGRAM 3.4.5 Flex n\u00e1bytkov\u00e1 zostava\" \/>\n<meta property=\"og:url\" content=\"https:\/\/alexnabytok.sk\/skolskynabytok\/video\/\" \/>\n<meta property=\"og:site_name\" content=\"\u0160KOLSK\u00dd N\u00c1BYTOK\" \/>\n<meta name=\"twitter:card\" content=\"summary_large_image\" \/>\n<script type=\"application\/ld+json\" class=\"yoast-schema-graph\">{\"@context\":\"https:\/\/schema.org\",\"@graph\":[{\"@type\":\"WebPage\",\"@id\":\"https:\/\/alexnabytok.sk\/skolskynabytok\/video\/\",\"url\":\"https:\/\/alexnabytok.sk\/skolskynabytok\/video\/\",\"name\":\"Video - \u0160KOLSK\u00dd N\u00c1BYTOK\",\"isPartOf\":{\"@id\":\"https:\/\/alexnabytok.sk\/skolskynabytok\/#website\"},\"datePublished\":\"2023-03-13T13:34:06+00:00\",\"breadcrumb\":{\"@id\":\"https:\/\/alexnabytok.sk\/skolskynabytok\/video\/#breadcrumb\"},\"inLanguage\":\"en-US\",\"potentialAction\":[{\"@type\":\"ReadAction\",\"target\":[\"https:\/\/alexnabytok.sk\/skolskynabytok\/video\/\"]}]},{\"@type\":\"BreadcrumbList\",\"@id\":\"https:\/\/alexnabytok.sk\/skolskynabytok\/video\/#breadcrumb\",\"itemListElement\":[{\"@type\":\"ListItem\",\"position\":1,\"name\":\"Home\",\"item\":\"https:\/\/alexnabytok.sk\/skolskynabytok\/\"},{\"@type\":\"ListItem\",\"position\":2,\"name\":\"Video\"}]},{\"@type\":\"WebSite\",\"@id\":\"https:\/\/alexnabytok.sk\/skolskynabytok\/#website\",\"url\":\"https:\/\/alexnabytok.sk\/skolskynabytok\/\",\"name\":\"\u0160KOLSK\u00dd N\u00c1BYTOK\",\"description\":\"Alex kovov\u00fd a \u0161kolsk\u00fd n\u00e1bytok s.r.o.\",\"potentialAction\":[{\"@type\":\"SearchAction\",\"target\":{\"@type\":\"EntryPoint\",\"urlTemplate\":\"https:\/\/alexnabytok.sk\/skolskynabytok\/?s={search_term_string}\"},\"query-input\":{\"@type\":\"PropertyValueSpecification\",\"valueRequired\":true,\"valueName\":\"search_term_string\"}}],\"inLanguage\":\"en-US\"}]}<\/script>\n<!-- \/ Yoast SEO plugin. -->","yoast_head_json":{"title":"Video - \u0160KOLSK\u00dd N\u00c1BYTOK","robots":{"index":"index","follow":"follow","max-snippet":"max-snippet:-1","max-image-preview":"max-image-preview:large","max-video-preview":"max-video-preview:-1"},"canonical":"https:\/\/alexnabytok.sk\/skolskynabytok\/video\/","og_locale":"sk_SK","og_type":"article","og_title":"Video - \u0160KOLSK\u00dd N\u00c1BYTOK","og_description":"Cube Locker Agiln\u00e1 kancel\u00e1ria DURAN Alex Flex odoln\u00e9 vo\u010di vandalizmu FLYNN Kancel\u00e1rsky n\u00e1bytok Alex kovov\u00fd a \u0161kolsk\u00fd n\u00e1bytok Smart Class\/ Inteligentn\u00e1 u\u010deb\u0148a Domino Lavice KALEIDO\/ \u0160kolsk\u00fd n\u00e1bytok PROGRAM 3.4.5 Flex n\u00e1bytkov\u00e1 zostava","og_url":"https:\/\/alexnabytok.sk\/skolskynabytok\/video\/","og_site_name":"\u0160KOLSK\u00dd N\u00c1BYTOK","twitter_card":"summary_large_image","schema":{"@context":"https:\/\/schema.org","@graph":[{"@type":"WebPage","@id":"https:\/\/alexnabytok.sk\/skolskynabytok\/video\/","url":"https:\/\/alexnabytok.sk\/skolskynabytok\/video\/","name":"Video - \u0160KOLSK\u00dd N\u00c1BYTOK","isPartOf":{"@id":"https:\/\/alexnabytok.sk\/skolskynabytok\/#website"},"datePublished":"2023-03-13T13:34:06+00:00","breadcrumb":{"@id":"https:\/\/alexnabytok.sk\/skolskynabytok\/video\/#breadcrumb"},"inLanguage":"en-US","potentialAction":[{"@type":"ReadAction","target":["https:\/\/alexnabytok.sk\/skolskynabytok\/video\/"]}]},{"@type":"BreadcrumbList","@id":"https:\/\/alexnabytok.sk\/skolskynabytok\/video\/#breadcrumb","itemListElement":[{"@type":"ListItem","position":1,"name":"Home","item":"https:\/\/alexnabytok.sk\/skolskynabytok\/"},{"@type":"ListItem","position":2,"name":"Video"}]},{"@type":"WebSite","@id":"https:\/\/alexnabytok.sk\/skolskynabytok\/#website","url":"https:\/\/alexnabytok.sk\/skolskynabytok\/","name":"\u0160KOLSK\u00dd N\u00c1BYTOK","description":"Alex kovov\u00fd a \u0161kolsk\u00fd n\u00e1bytok s.r.o.","potentialAction":[{"@type":"SearchAction","target":{"@type":"EntryPoint","urlTemplate":"https:\/\/alexnabytok.sk\/skolskynabytok\/?s={search_term_string}"},"query-input":{"@type":"PropertyValueSpecification","valueRequired":true,"valueName":"search_term_string"}}],"inLanguage":"en-US"}]}},"_links":{"self":[{"href":"https:\/\/alexnabytok.sk\/skolskynabytok\/wp-json\/wp\/v2\/pages\/104557","targetHints":{"allow":["GET"]}}],"collection":[{"href":"https:\/\/alexnabytok.sk\/skolskynabytok\/wp-json\/wp\/v2\/pages"}],"about":[{"href":"https:\/\/alexnabytok.sk\/skolskynabytok\/wp-json\/wp\/v2\/types\/page"}],"author":[{"embeddable":true,"href":"https:\/\/alexnabytok.sk\/skolskynabytok\/wp-json\/wp\/v2\/users\/1"}],"replies":[{"embeddable":true,"href":"https:\/\/alexnabytok.sk\/skolskynabytok\/wp-json\/wp\/v2\/comments?post=104557"}],"version-history":[{"count":1,"href":"https:\/\/alexnabytok.sk\/skolskynabytok\/wp-json\/wp\/v2\/pages\/104557\/revisions"}],"predecessor-version":[{"id":104558,"href":"https:\/\/alexnabytok.sk\/skolskynabytok\/wp-json\/wp\/v2\/pages\/104557\/revisions\/104558"}],"wp:attachment":[{"href":"https:\/\/alexnabytok.sk\/skolskynabytok\/wp-json\/wp\/v2\/media?parent=104557"}],"curies":[{"name":"wp","href":"https:\/\/api.w.org\/{rel}","templated":true}]}}