{"id":116813,"date":"2025-03-31T09:57:10","date_gmt":"2025-03-31T09:57:10","guid":{"rendered":"https:\/\/alexnabytok.sk\/skolskynabytok\/?page_id=116813"},"modified":"2025-05-06T06:54:48","modified_gmt":"2025-05-06T06:54:48","slug":"registracia","status":"publish","type":"page","link":"https:\/\/alexnabytok.sk\/skolskynabytok\/registracia\/","title":{"rendered":"Registr\u00e1cia"},"content":{"rendered":"<div id=\"wppb-builder-container\" class=\"wppb-builder-container\">                <div  class=\"wppb-row-parent  wppb-row-1743415071006 \"  >\r\n\t\t\t\t\t\r\n\t\t\t\t\t\t\t\t\t\t\r\n\t\t\t\t\t\t\t\t\t\t\r\n\t\t\t\t\t<div class=\"wppb-container wppb-container-full wppb-contaner-no-gutter\">\r\n\t\t\t\t\t\t\t\t\t\t\t\t\t\r\n                        <div class=\"wppb-row\">\r\n\t\t\t\t\t\t\t                                    <div  class=\"wppb-column-parent wppb-column-parent-view wppb-col-1743415071007  \"  >\r\n                                        <div class=\"wppb-column\">\r\n\t\t\t\t\t\r\n\t\t\t\t\t\t\t\t\t\t\t\r\n                                            <div class=\"wppb-builder-addons\">\r\n\t\t\t\t\t\t\t\t\t\t\t\t<div class='wppb-builder-addon wppb-addon-1743415071008'  data-addon-id='1743415071008'><div class='wppb-addon'><div class=\"wppb-headline-addon\"><div class=\"wppb-headline-content\"><h2 class=\"wppb-addon-title\">Registr\u00e1cia na otvorenie showroomu:<\/h2><\/div><\/div><\/div><\/div><div class='wppb-builder-addon wppb-addon-1743415071009'  data-addon-id='1743415071009'><div class='wppb-addon'><div class=\"wppb-text-block-addon\"><div class=\"wppb-text-block-content 0\"><p>D\u00e1tum: 14. m\u00e1j 2025, 10:00.<\/p><\/div><\/div><\/div><\/div><div class='wppb-builder-addon wppb-addon-1746513944364'  data-addon-id='1746513944364'><div class='wppb-addon'><div class=\"wppb-text-block-addon\"><div class=\"wppb-text-block-content 0\"><p class=\"m_4329845288677225513elementtoproof\">Miesto: Hadovsk\u00e1 cesta 870, 94501 Kom\u00e1rno, 945 01, Slovensko<u><\/u><u><\/u><\/p><p class=\"m_4329845288677225513elementtoproof\">Registrujte sa e\u0161te dnes a zaistite si svoje miesto! Pr\u00ed\u010fte a za\u017eite nezabudnute\u013en\u00fd de\u0148 pln\u00fd in\u0161pir\u00e1cie a nov\u00fdch pr\u00edle\u017eitost\u00ed!<u><\/u><u><\/u><\/p><p class=\"m_4329845288677225513elementtoproof\">Registr\u00e1cia a \u00fa\u010das\u0165 je bezplatn\u00e1.\u00a0<u><\/u><u><\/u><\/p><p class=\"m_4329845288677225513elementtoproof\">Ak m\u00e1te ot\u00e1zky, nap\u00ed\u0161te n\u00e1m na:\u00a0<a href=\"mailto:info@alexnabytok.sk\" target=\"_blank\" rel=\"noopener\">info@alexnabytok.sk<\/a><u><\/u><u><\/u><\/p><p class=\"m_4329845288677225513elementtoproof\">\u201ePripojte sa k n\u00e1m a spolo\u010dne tvorme bud\u00facnos\u0165 vzdel\u00e1vania!\u201c<\/p><\/div><\/div><\/div><\/div><div class='wppb-builder-addon wppb-addon-1746513944376'  data-addon-id='1746513944376'><div class='wppb-addon'><div class=\"wppb-text-block-addon\"><div class=\"wppb-text-block-content 0\"><p style=\"text-align: right\">Dar\u010dek!!!<\/p><\/div><\/div><\/div><\/div><div class='wppb-builder-addon wppb-addon-1746513944377'  data-addon-id='1746513944377'><div class='wppb-addon'><div class=\"wppb-text-block-addon\"><div class=\"wppb-text-block-content 0\"><p class=\"m_4329845288677225513elementtoproof\" style=\"text-align: right\">Medzi \u00fa\u010dastn\u00edkmi konferencie vy\u017erebujeme elekricky nastavite\u013en\u00fd st\u00f4l!!!<\/p><\/div><\/div><\/div><\/div><div class='wppb-builder-addon wppb-addon-1746514135826'  data-addon-id='1746514135826'><div class='wppb-addon'><div class=\"wppb-image-addon\"><figure class=\"wppb-image-addon-content-wrap\"><div class=\"wppb-image-addon-content wppb-imginlineblock\"><img decoding=\"async\" class=\"wppb-image-addon-img\" src=\"https:\/\/alexnabytok.sk\/skolskynabytok\/wp-content\/uploads\/2025\/05\/elex_EA10-D-140L__ral9006_menta-300x225.jpg\" alt=\"elex\"><\/div><\/figure><\/div><\/div><\/div>                                            <\/div>\r\n                                        <\/div>\r\n                                    <\/div>\r\n\t\t\t\t\t\t\t\t\t                        <\/div>\r\n\r\n                    <\/div>\r\n                <\/div>\r\n\t\t\t\t                <div  class=\"wppb-row-parent  wppb-row-1743415071011 \"  >\r\n\t\t\t\t\t\r\n\t\t\t\t\t\t\t\t\t\t\r\n\t\t\t\t\t\t\t\t\t\t\r\n\t\t\t\t\t<div class=\"wppb-container \">\r\n\t\t\t\t\t\t\t\t\t\t\t\t\t\r\n                        <div class=\"wppb-row\">\r\n\t\t\t\t\t\t\t                                    <div  class=\"wppb-column-parent wppb-column-parent-view wppb-col-1743415071012  \"  >\r\n                                        <div class=\"wppb-column\">\r\n\t\t\t\t\t\r\n\t\t\t\t\t\t\t\t\t\t\t\r\n                                            <div class=\"wppb-builder-addons\">\r\n\t\t\t\t\t\t\t\t\t\t\t\t<div class='wppb-builder-addon wppb-addon-1743424101514'  data-addon-id='1743424101514'><div class='wppb-addon'><div class=\"wppb-text-block-addon\"><div class=\"wppb-text-block-content 0\"><p>\n<div class=\"wpcf7 no-js\" id=\"wpcf7-f116807-o1\" lang=\"en-US\" dir=\"ltr\">\n<div class=\"screen-reader-response\"><p role=\"status\" aria-live=\"polite\" aria-atomic=\"true\"><\/p> <ul><\/ul><\/div>\n<form action=\"\/skolskynabytok\/wp-json\/wp\/v2\/pages\/116813#wpcf7-f116807-o1\" method=\"post\" class=\"wpcf7-form init\" aria-label=\"Contact form\" novalidate=\"novalidate\" data-status=\"init\">\n<div style=\"display: none;\">\n<input type=\"hidden\" name=\"_wpcf7\" value=\"116807\" \/>\n<input type=\"hidden\" name=\"_wpcf7_version\" value=\"5.9.8\" \/>\n<input type=\"hidden\" name=\"_wpcf7_locale\" value=\"en_US\" \/>\n<input type=\"hidden\" name=\"_wpcf7_unit_tag\" value=\"wpcf7-f116807-o1\" \/>\n<input type=\"hidden\" name=\"_wpcf7_container_post\" value=\"0\" \/>\n<input type=\"hidden\" name=\"_wpcf7_posted_data_hash\" value=\"\" \/>\n<input type=\"hidden\" name=\"_wpcf7_recaptcha_response\" value=\"\" \/>\n<\/div>\n<div class=\"row-fluid\">\n<p class=\"span6 field\"><span class=\"wpcf7-form-control-wrap\" data-name=\"your-name\"><input size=\"40\" maxlength=\"400\" class=\"wpcf7-form-control wpcf7-text wpcf7-validates-as-required\" aria-required=\"true\" aria-invalid=\"false\" placeholder=\"Meno \/ N\u00e1zov spolo\u010dnosti:\" value=\"\" type=\"text\" name=\"your-name\" \/><\/span> <\/p>\n<p class=\"span6 field\"><span class=\"wpcf7-form-control-wrap\" data-name=\"your-email\"><input size=\"40\" maxlength=\"400\" class=\"wpcf7-form-control wpcf7-email wpcf7-validates-as-required wpcf7-text wpcf7-validates-as-email\" aria-required=\"true\" aria-invalid=\"false\" placeholder=\"E-mail:\" value=\"\" type=\"email\" name=\"your-email\" \/><\/span> <\/p>\n<p class=\"span6 field\" style=\"margin-left: 0;\"><span class=\"wpcf7-form-control-wrap\" data-name=\"text-697\"><input size=\"40\" maxlength=\"400\" class=\"wpcf7-form-control wpcf7-text\" aria-invalid=\"false\" placeholder=\"Organiz\u00e1cia\/ subjekt:\" value=\"\" type=\"text\" name=\"text-697\" \/><\/span> <\/p>\n<p class=\"span6 field\"><span class=\"wpcf7-form-control-wrap\" data-name=\"text-748\"><input size=\"40\" maxlength=\"400\" class=\"wpcf7-form-control wpcf7-text\" aria-invalid=\"false\" placeholder=\"Telef\u00f3nne \u010d\u00edslo:\" value=\"\" type=\"text\" name=\"text-748\" \/><\/span> <\/p>\n<\/div>\n<p class=\"submit-wrap\"><input class=\"wpcf7-form-control wpcf7-submit has-spinner btn btn-primary\" type=\"submit\" value=\"ODO\u0160LI\" \/><\/p><p style=\"display: none !important;\" class=\"akismet-fields-container\" data-prefix=\"_wpcf7_ak_\"><label>&#916;<textarea name=\"_wpcf7_ak_hp_textarea\" cols=\"45\" rows=\"8\" maxlength=\"100\"><\/textarea><\/label><input type=\"hidden\" id=\"ak_js_1\" name=\"_wpcf7_ak_js\" value=\"136\"\/><script>document.getElementById( \"ak_js_1\" ).setAttribute( \"value\", ( new Date() ).getTime() );<\/script><\/p><div class=\"wpcf7-response-output\" aria-hidden=\"true\"><\/div>\n<\/form>\n<\/div>\n<\/p><\/div><\/div><\/div><\/div><div class='wppb-builder-addon wppb-addon-1743415071013'  data-addon-id='1743415071013'><div class='wppb-addon'><div class=\"wppb-text-block-addon\"><div class=\"wppb-text-block-content 0\"><h3><b>PROGRAM<\/b><\/h3><p style=\"font-weight: 400\"><strong>9:30 \u2013 10:00<\/strong><br \/><em>Pr\u00edchod host\u00ed a registr\u00e1cia<\/em><\/p><p style=\"font-weight: 400\"><strong>10:00 \u2013 10:20<\/strong><br \/><em>Sl\u00e1vnostn\u00e9 otvorenie showroomu<\/em><\/p><p style=\"font-weight: 400\"><strong>10:30 \u2013 10:50<\/strong><br \/><em>Workshop pod veden\u00edm Mgr. Katar\u00edny Vajkai, pedagogi\u010dky zo Z\u00e1kladnej \u0161koly Pohrani\u010dn\u00e1 v Kom\u00e1rne, ktor\u00e1 bola nominovan\u00e1 na prest\u00ed\u017ene ocenenie<\/em>\u00a0<strong>U\u010dite\u013esk\u00e1 osobnos\u0165 Slovenska 2024<\/strong>\u00a0<em>a zaradila sa medzi TOP 10 finalistov.<\/em><\/p><p style=\"font-weight: 400\"><strong>11:00 \u2013 11:20<\/strong><br \/><em>Predn\u00e1\u0161ka: \u201eStoli\u010dky \u0161etrn\u00e9 k chrbtici a fyzioterapia \u2013 k\u013e\u00fa\u010d k prevencii pohybov\u00fdch probl\u00e9mov\u201c<\/em><br \/><em>v spolupr\u00e1ci so zdravotn\u00edckym zariaden\u00edm AGEL Kom\u00e1rno<\/em><\/p><p style=\"font-weight: 400\"><strong>11:30 \u2013 12:00<\/strong><br \/><em>Workshop: \u201eRozvoj algoritmick\u00e9ho myslenia pomocou robotiky na z\u00e1kladnej \u0161kole\u201c<\/em><br \/><em>v spolupr\u00e1ci s Univerzitou Kon\u0161tant\u00edna Filozofa v Nitre<\/em><\/p><p style=\"font-weight: 400\"><strong>12:00 \u2013 13:00<\/strong><br \/><em>Obedov\u00fd raut a coffee break<\/em><\/p><p style=\"font-weight: 400\"><strong>13:00 \u2013 13:30<\/strong><br \/><em>Networking a otvoren\u00e1 diskusia<\/em><\/p><p style=\"font-weight: 400\"><strong>13:30 \u2013 14:00<\/strong><br \/><em>Sl\u00e1vnostn\u00e9 ukon\u010denie podujatia a po\u010fakovanie \u00fa\u010dastn\u00edkom<\/em><\/p><p style=\"font-weight: 400\">\u00a0<\/p><p style=\"font-weight: 400\"><strong>\u00dalohu moder\u00e1torky prijala pani Drahu Dobrovi\u010dov\u00e1, report\u00e9rka telev\u00edzie JOJ, ktorej profesion\u00e1lny prejav a osobnos\u0165 prispej\u00fa k d\u00f4stojnej a v\u00fdnimo\u010dnej atmosf\u00e9re cel\u00e9ho podujatia.<\/strong><\/p><\/div><\/div><\/div><\/div>                                            <\/div>\r\n                                        <\/div>\r\n                                    <\/div>\r\n\t\t\t\t\t\t\t\t\t                        <\/div>\r\n\r\n                    <\/div>\r\n                <\/div>\r\n\t\t\t\t                <div  class=\"wppb-row-parent  wppb-row-1743415071014 \"  >\r\n\t\t\t\t\t\r\n\t\t\t\t\t\t\t\t\t\t\r\n\t\t\t\t\t\t\t\t\t\t\r\n\t\t\t\t\t<div class=\"wppb-container \">\r\n\t\t\t\t\t\t\t\t\t\t\t\t\t\r\n                        <div class=\"wppb-row\">\r\n\t\t\t\t\t\t\t                                    <div  class=\"wppb-column-parent wppb-column-parent-view wppb-col-1743415071015  \"  >\r\n                                        <div class=\"wppb-column\">\r\n\t\t\t\t\t\r\n\t\t\t\t\t\t\t\t\t\t\t\r\n                                            <div class=\"wppb-builder-addons\">\r\n\t\t\t\t\t\t\t\t\t\t\t\t                                            <\/div>\r\n                                        <\/div>\r\n                                    <\/div>\r\n\t\t\t\t\t\t\t\t\t                        <\/div>\r\n\r\n                    <\/div>\r\n                <\/div>\r\n\t\t\t\t<\/div>","protected":false},"excerpt":{"rendered":"<p>Registr\u00e1cia na otvorenie showroomu:D\u00e1tum: 14. m\u00e1j 2025, 10:00.Miesto: Hadovsk\u00e1 cesta 870, 94501 Kom\u00e1rno, 945 01, SlovenskoRegistrujte sa e\u0161te dnes a zaistite si svoje miesto! Pr\u00ed\u010fte a za\u017eite nezabudnute\u013en\u00fd de\u0148 pln\u00fd in\u0161pir\u00e1cie a nov\u00fdch pr\u00edle\u017eitost\u00ed!Registr\u00e1cia a \u00fa\u010das\u0165 je bezplatn\u00e1.\u00a0Ak m\u00e1te ot\u00e1zky, nap\u00ed\u0161te n\u00e1m na:\u00a0info@alexnabytok.sk\u201ePripojte sa k n\u00e1m a spolo\u010dne tvorme bud\u00facnos\u0165 vzdel\u00e1vania!\u201cDar\u010dek!!!Medzi \u00fa\u010dastn\u00edkmi konferencie vy\u017erebujeme elekricky nastavite\u013en\u00fd st\u00f4l!!! &#916; PROGRAM9:30 \u2013&nbsp;<a href=\"https:\/\/alexnabytok.sk\/skolskynabytok\/registracia\/\" class=\"read-more\">...<\/a><\/p>\n","protected":false},"author":1,"featured_media":0,"parent":0,"menu_order":0,"comment_status":"closed","ping_status":"closed","template":"wppb_theme_template","meta":{"footnotes":""},"class_list":["post-116813","page","type-page","status-publish","hentry"],"yoast_head":"<!-- This site is optimized with the Yoast SEO plugin v24.7 - https:\/\/yoast.com\/wordpress\/plugins\/seo\/ -->\n<title>Registr\u00e1cia - \u0160KOLSK\u00dd N\u00c1BYTOK<\/title>\n<meta name=\"robots\" content=\"index, follow, max-snippet:-1, max-image-preview:large, max-video-preview:-1\" \/>\n<link rel=\"canonical\" href=\"https:\/\/alexnabytok.sk\/skolskynabytok\/registracia\/\" \/>\n<meta property=\"og:locale\" content=\"sk_SK\" \/>\n<meta property=\"og:type\" content=\"article\" \/>\n<meta property=\"og:title\" content=\"Registr\u00e1cia - \u0160KOLSK\u00dd N\u00c1BYTOK\" \/>\n<meta property=\"og:description\" content=\"Registr\u00e1cia na otvorenie showroomu:D\u00e1tum: 14. m\u00e1j 2025, 10:00.Miesto: Hadovsk\u00e1 cesta 870, 94501 Kom\u00e1rno, 945 01, SlovenskoRegistrujte sa e\u0161te dnes a zaistite si svoje miesto! Pr\u00ed\u010fte a za\u017eite nezabudnute\u013en\u00fd de\u0148 pln\u00fd in\u0161pir\u00e1cie a nov\u00fdch pr\u00edle\u017eitost\u00ed!Registr\u00e1cia a \u00fa\u010das\u0165 je bezplatn\u00e1.\u00a0Ak m\u00e1te ot\u00e1zky, nap\u00ed\u0161te n\u00e1m na:\u00a0info@alexnabytok.sk\u201ePripojte sa k n\u00e1m a spolo\u010dne tvorme bud\u00facnos\u0165 vzdel\u00e1vania!\u201cDar\u010dek!!!Medzi \u00fa\u010dastn\u00edkmi konferencie vy\u017erebujeme elekricky nastavite\u013en\u00fd st\u00f4l!!! &#916; PROGRAM9:30 \u2013&nbsp;...\" \/>\n<meta property=\"og:url\" content=\"https:\/\/alexnabytok.sk\/skolskynabytok\/registracia\/\" \/>\n<meta property=\"og:site_name\" content=\"\u0160KOLSK\u00dd N\u00c1BYTOK\" \/>\n<meta property=\"article:modified_time\" content=\"2025-05-06T06:54:48+00:00\" \/>\n<meta name=\"twitter:card\" content=\"summary_large_image\" \/>\n<script type=\"application\/ld+json\" class=\"yoast-schema-graph\">{\"@context\":\"https:\/\/schema.org\",\"@graph\":[{\"@type\":\"WebPage\",\"@id\":\"https:\/\/alexnabytok.sk\/skolskynabytok\/registracia\/\",\"url\":\"https:\/\/alexnabytok.sk\/skolskynabytok\/registracia\/\",\"name\":\"Registr\u00e1cia - \u0160KOLSK\u00dd N\u00c1BYTOK\",\"isPartOf\":{\"@id\":\"https:\/\/alexnabytok.sk\/skolskynabytok\/#website\"},\"datePublished\":\"2025-03-31T09:57:10+00:00\",\"dateModified\":\"2025-05-06T06:54:48+00:00\",\"breadcrumb\":{\"@id\":\"https:\/\/alexnabytok.sk\/skolskynabytok\/registracia\/#breadcrumb\"},\"inLanguage\":\"en-US\",\"potentialAction\":[{\"@type\":\"ReadAction\",\"target\":[\"https:\/\/alexnabytok.sk\/skolskynabytok\/registracia\/\"]}]},{\"@type\":\"BreadcrumbList\",\"@id\":\"https:\/\/alexnabytok.sk\/skolskynabytok\/registracia\/#breadcrumb\",\"itemListElement\":[{\"@type\":\"ListItem\",\"position\":1,\"name\":\"Home\",\"item\":\"https:\/\/alexnabytok.sk\/skolskynabytok\/\"},{\"@type\":\"ListItem\",\"position\":2,\"name\":\"Registr\u00e1cia\"}]},{\"@type\":\"WebSite\",\"@id\":\"https:\/\/alexnabytok.sk\/skolskynabytok\/#website\",\"url\":\"https:\/\/alexnabytok.sk\/skolskynabytok\/\",\"name\":\"\u0160KOLSK\u00dd N\u00c1BYTOK\",\"description\":\"Alex kovov\u00fd a \u0161kolsk\u00fd n\u00e1bytok s.r.o.\",\"potentialAction\":[{\"@type\":\"SearchAction\",\"target\":{\"@type\":\"EntryPoint\",\"urlTemplate\":\"https:\/\/alexnabytok.sk\/skolskynabytok\/?s={search_term_string}\"},\"query-input\":{\"@type\":\"PropertyValueSpecification\",\"valueRequired\":true,\"valueName\":\"search_term_string\"}}],\"inLanguage\":\"en-US\"}]}<\/script>\n<!-- \/ Yoast SEO plugin. -->","yoast_head_json":{"title":"Registr\u00e1cia - \u0160KOLSK\u00dd N\u00c1BYTOK","robots":{"index":"index","follow":"follow","max-snippet":"max-snippet:-1","max-image-preview":"max-image-preview:large","max-video-preview":"max-video-preview:-1"},"canonical":"https:\/\/alexnabytok.sk\/skolskynabytok\/registracia\/","og_locale":"sk_SK","og_type":"article","og_title":"Registr\u00e1cia - \u0160KOLSK\u00dd N\u00c1BYTOK","og_description":"Registr\u00e1cia na otvorenie showroomu:D\u00e1tum: 14. m\u00e1j 2025, 10:00.Miesto: Hadovsk\u00e1 cesta 870, 94501 Kom\u00e1rno, 945 01, SlovenskoRegistrujte sa e\u0161te dnes a zaistite si svoje miesto! Pr\u00ed\u010fte a za\u017eite nezabudnute\u013en\u00fd de\u0148 pln\u00fd in\u0161pir\u00e1cie a nov\u00fdch pr\u00edle\u017eitost\u00ed!Registr\u00e1cia a \u00fa\u010das\u0165 je bezplatn\u00e1.\u00a0Ak m\u00e1te ot\u00e1zky, nap\u00ed\u0161te n\u00e1m na:\u00a0info@alexnabytok.sk\u201ePripojte sa k n\u00e1m a spolo\u010dne tvorme bud\u00facnos\u0165 vzdel\u00e1vania!\u201cDar\u010dek!!!Medzi \u00fa\u010dastn\u00edkmi konferencie vy\u017erebujeme elekricky nastavite\u013en\u00fd st\u00f4l!!! &#916; PROGRAM9:30 \u2013&nbsp;...","og_url":"https:\/\/alexnabytok.sk\/skolskynabytok\/registracia\/","og_site_name":"\u0160KOLSK\u00dd N\u00c1BYTOK","article_modified_time":"2025-05-06T06:54:48+00:00","twitter_card":"summary_large_image","schema":{"@context":"https:\/\/schema.org","@graph":[{"@type":"WebPage","@id":"https:\/\/alexnabytok.sk\/skolskynabytok\/registracia\/","url":"https:\/\/alexnabytok.sk\/skolskynabytok\/registracia\/","name":"Registr\u00e1cia - \u0160KOLSK\u00dd N\u00c1BYTOK","isPartOf":{"@id":"https:\/\/alexnabytok.sk\/skolskynabytok\/#website"},"datePublished":"2025-03-31T09:57:10+00:00","dateModified":"2025-05-06T06:54:48+00:00","breadcrumb":{"@id":"https:\/\/alexnabytok.sk\/skolskynabytok\/registracia\/#breadcrumb"},"inLanguage":"en-US","potentialAction":[{"@type":"ReadAction","target":["https:\/\/alexnabytok.sk\/skolskynabytok\/registracia\/"]}]},{"@type":"BreadcrumbList","@id":"https:\/\/alexnabytok.sk\/skolskynabytok\/registracia\/#breadcrumb","itemListElement":[{"@type":"ListItem","position":1,"name":"Home","item":"https:\/\/alexnabytok.sk\/skolskynabytok\/"},{"@type":"ListItem","position":2,"name":"Registr\u00e1cia"}]},{"@type":"WebSite","@id":"https:\/\/alexnabytok.sk\/skolskynabytok\/#website","url":"https:\/\/alexnabytok.sk\/skolskynabytok\/","name":"\u0160KOLSK\u00dd N\u00c1BYTOK","description":"Alex kovov\u00fd a \u0161kolsk\u00fd n\u00e1bytok s.r.o.","potentialAction":[{"@type":"SearchAction","target":{"@type":"EntryPoint","urlTemplate":"https:\/\/alexnabytok.sk\/skolskynabytok\/?s={search_term_string}"},"query-input":{"@type":"PropertyValueSpecification","valueRequired":true,"valueName":"search_term_string"}}],"inLanguage":"en-US"}]}},"_links":{"self":[{"href":"https:\/\/alexnabytok.sk\/skolskynabytok\/wp-json\/wp\/v2\/pages\/116813","targetHints":{"allow":["GET"]}}],"collection":[{"href":"https:\/\/alexnabytok.sk\/skolskynabytok\/wp-json\/wp\/v2\/pages"}],"about":[{"href":"https:\/\/alexnabytok.sk\/skolskynabytok\/wp-json\/wp\/v2\/types\/page"}],"author":[{"embeddable":true,"href":"https:\/\/alexnabytok.sk\/skolskynabytok\/wp-json\/wp\/v2\/users\/1"}],"replies":[{"embeddable":true,"href":"https:\/\/alexnabytok.sk\/skolskynabytok\/wp-json\/wp\/v2\/comments?post=116813"}],"version-history":[{"count":1,"href":"https:\/\/alexnabytok.sk\/skolskynabytok\/wp-json\/wp\/v2\/pages\/116813\/revisions"}],"predecessor-version":[{"id":116814,"href":"https:\/\/alexnabytok.sk\/skolskynabytok\/wp-json\/wp\/v2\/pages\/116813\/revisions\/116814"}],"wp:attachment":[{"href":"https:\/\/alexnabytok.sk\/skolskynabytok\/wp-json\/wp\/v2\/media?parent=116813"}],"curies":[{"name":"wp","href":"https:\/\/api.w.org\/{rel}","templated":true}]}}