{"id":13,"date":"2016-06-08T07:58:17","date_gmt":"2016-06-08T07:58:17","guid":{"rendered":"http:\/\/szallodabutor.hu\/?page_id=13"},"modified":"2025-09-22T14:54:06","modified_gmt":"2025-09-22T14:54:06","slug":"katalogy","status":"publish","type":"page","link":"https:\/\/alexnabytok.sk\/skolskynabytok\/katalogy\/","title":{"rendered":"Katal\u00f3gy"},"content":{"rendered":"<div class=\"row \"><div class=\"span12 \"><strong>Pre r\u00fdchle zobrazenie katal\u00f3gov pros\u00edm kliknite na foto.<\/strong><\/div><\/div><!-- .row (end) -->\n<div class=\"row \">\n<div class=\"span6 \"><a href=\"https:\/\/alexnabytok.sk\/skolskynabytok\/?r3d=skolsky-katalog-2024\" target=\"_blank\" rel=\"noopener\"><img loading=\"lazy\" decoding=\"async\" class=\"alignnone size-full\" src=\"https:\/\/alexnabytok.sk\/skolskynabytok\/wp-content\/uploads\/2025\/09\/att.Erm-fnYH1WAZoAnNF5ffPC4i8aHBVdwy8hFfejW5_7w.jpg\" alt=\"\" width=\"1920\" height=\"1206\" \/><\/a><\/p>\n<h3>\u0160KOLSK\u00dd KATAL\u00d3G 2025<\/h3>\n<p>&nbsp;<\/p>\n<p><a href=\"https:\/\/alexnabytok.sk\/skolskynabytok\/wp-content\/uploads\/2025\/09\/iskolakatalogus-2025_WEB.pdf\">PDF na stiahnutie<\/a><\/p><\/div>\n<div class=\"span6 \"><a href=\"https:\/\/alexnabytok.sk\/skolskynabytok\/wp-content\/uploads\/2022\/06\/2022_ISKOLABUTORkatSZLOVAK.pdf\" target=\"_blank\" rel=\"noopener\"><img loading=\"lazy\" decoding=\"async\" class=\"alignnone size-full\" src=\"https:\/\/alexnabytok.sk\/skolskynabytok\/wp-content\/uploads\/2022\/06\/2020SZLOVAKiskolab22_mockup.png\" alt=\"\" width=\"1920\" height=\"1206\" \/><\/a><\/p>\n<h3>\u0160KOLSK\u00dd KATAL\u00d3G 2022<\/h3>\n<p>&nbsp;<\/p>\n<p>PDF na stiahnutie<\/p><\/div>\n<\/div><!-- .row (end) -->\n<div class=\"row \"><div class=\"span6 \"><a href=\"https:\/\/alexnabytok.sk\/skolskynabytok\/wp-content\/uploads\/2021\/12\/2021_ISKOLABUTORkatSZLOVAK_1-119_i.pdf\" target=\"_blank\" rel=\"noopener\"><img loading=\"lazy\" decoding=\"async\" width=\"1920\" height=\"1206\" class=\"alignnone size-full wp-image-80708\" src=\"https:\/\/alexnabytok.sk\/skolskynabytok\/wp-content\/uploads\/2021\/12\/2020SZLOVAKiskolab_mockup.png\" alt=\"\" \/><\/a><\/p>\n<h3>\u0160kolsk\u00e9ho n\u00e1bytku 2021<\/h3>\n<p>&nbsp;<\/p>\n<p>PDF na stiahnutie<\/p><\/div><div class=\"span6 \"><a href=\"https:\/\/alexnabytok.sk\/skolskynabytok\/wp-content\/uploads\/2020\/06\/DIDAKTA_referenciaKiadvany_szlovak.pdf\" target=\"_blank\" rel=\"noopener\"><img loading=\"lazy\" decoding=\"async\" class=\"alignnone size-large wp-image-80668\" style=\"margin: 8% 0;\" src=\"https:\/\/alexnabytok.sk\/skolskynabytok\/wp-content\/uploads\/2020\/06\/DidaktaReferenciakiadvany_mockup2020szlovak-1024x508.png\" alt=\"\" width=\"604\" height=\"300\" srcset=\"https:\/\/alexnabytok.sk\/skolskynabytok\/wp-content\/uploads\/2020\/06\/DidaktaReferenciakiadvany_mockup2020szlovak-1024x508.png 1024w, https:\/\/alexnabytok.sk\/skolskynabytok\/wp-content\/uploads\/2020\/06\/DidaktaReferenciakiadvany_mockup2020szlovak-300x149.png 300w, https:\/\/alexnabytok.sk\/skolskynabytok\/wp-content\/uploads\/2020\/06\/DidaktaReferenciakiadvany_mockup2020szlovak-768x381.png 768w, https:\/\/alexnabytok.sk\/skolskynabytok\/wp-content\/uploads\/2020\/06\/DidaktaReferenciakiadvany_mockup2020szlovak-1536x762.png 1536w, https:\/\/alexnabytok.sk\/skolskynabytok\/wp-content\/uploads\/2020\/06\/DidaktaReferenciakiadvany_mockup2020szlovak-2048x1016.png 2048w, https:\/\/alexnabytok.sk\/skolskynabytok\/wp-content\/uploads\/2020\/06\/DidaktaReferenciakiadvany_mockup2020szlovak-100x50.png 100w, https:\/\/alexnabytok.sk\/skolskynabytok\/wp-content\/uploads\/2020\/06\/DidaktaReferenciakiadvany_mockup2020szlovak-504x250.png 504w, https:\/\/alexnabytok.sk\/skolskynabytok\/wp-content\/uploads\/2020\/06\/DidaktaReferenciakiadvany_mockup2020szlovak-1008x500.png 1008w\" sizes=\"auto, (max-width: 604px) 100vw, 604px\" \/><\/a><\/p>\n<h3>Referencie Katal\u00f3gy<\/h3>\n<p>&nbsp;<\/p>\n<p>PDF na stiahnutie<\/p><\/div><\/div><!-- .row (end) -->\n<div class=\"row \"><div class=\"span6 \"><a href=\"https:\/\/alexnabytok.sk\/skolskynabytok\/wp-content\/uploads\/2020\/06\/inteligentna-ucebna-katalog_web.pdf\" target=\"_blank\" rel=\"noopener\"><img loading=\"lazy\" decoding=\"async\" class=\"alignnone size-large wp-image-80702\" src=\"https:\/\/alexnabytok.sk\/skolskynabytok\/wp-content\/uploads\/2020\/06\/inteligentna-ucebna_2020_SK_mockup-1024x643.png\" alt=\"\" width=\"604\" height=\"379\" srcset=\"https:\/\/alexnabytok.sk\/skolskynabytok\/wp-content\/uploads\/2020\/06\/inteligentna-ucebna_2020_SK_mockup-1024x643.png 1024w, https:\/\/alexnabytok.sk\/skolskynabytok\/wp-content\/uploads\/2020\/06\/inteligentna-ucebna_2020_SK_mockup-300x188.png 300w, https:\/\/alexnabytok.sk\/skolskynabytok\/wp-content\/uploads\/2020\/06\/inteligentna-ucebna_2020_SK_mockup-768x482.png 768w, https:\/\/alexnabytok.sk\/skolskynabytok\/wp-content\/uploads\/2020\/06\/inteligentna-ucebna_2020_SK_mockup-1536x965.png 1536w, https:\/\/alexnabytok.sk\/skolskynabytok\/wp-content\/uploads\/2020\/06\/inteligentna-ucebna_2020_SK_mockup-398x250.png 398w, https:\/\/alexnabytok.sk\/skolskynabytok\/wp-content\/uploads\/2020\/06\/inteligentna-ucebna_2020_SK_mockup-796x500.png 796w, https:\/\/alexnabytok.sk\/skolskynabytok\/wp-content\/uploads\/2020\/06\/inteligentna-ucebna_2020_SK_mockup.png 1920w\" sizes=\"auto, (max-width: 604px) 100vw, 604px\" \/><\/a><\/p>\n<h3>Interakt\u00edvne technol\u00f3gie<\/h3>\n<p>&nbsp;<\/p>\n<p>PDF na stiahnutie<\/p><\/div><\/div><!-- .row (end) -->\n<div class=\"spacer\"><\/div><!-- .spacer (end) -->\n","protected":false},"excerpt":{"rendered":"","protected":false},"author":1,"featured_media":0,"parent":0,"menu_order":0,"comment_status":"closed","ping_status":"closed","template":"page-fullwidth.php","meta":{"footnotes":""},"class_list":["post-13","page","type-page","status-publish","hentry"],"yoast_head":"<!-- This site is optimized with the Yoast SEO plugin v24.7 - https:\/\/yoast.com\/wordpress\/plugins\/seo\/ -->\n<title>Katal\u00f3gy - \u0160KOLSK\u00dd N\u00c1BYTOK<\/title>\n<meta name=\"robots\" content=\"index, follow, max-snippet:-1, max-image-preview:large, max-video-preview:-1\" \/>\n<link rel=\"canonical\" href=\"https:\/\/alexnabytok.sk\/skolskynabytok\/katalogy\/\" \/>\n<meta property=\"og:locale\" content=\"sk_SK\" \/>\n<meta property=\"og:type\" content=\"article\" \/>\n<meta property=\"og:title\" content=\"Katal\u00f3gy - \u0160KOLSK\u00dd N\u00c1BYTOK\" \/>\n<meta property=\"og:url\" content=\"https:\/\/alexnabytok.sk\/skolskynabytok\/katalogy\/\" \/>\n<meta property=\"og:site_name\" content=\"\u0160KOLSK\u00dd N\u00c1BYTOK\" \/>\n<meta property=\"article:modified_time\" content=\"2025-09-22T14:54:06+00:00\" \/>\n<meta property=\"og:image\" content=\"https:\/\/alexnabytok.sk\/skolskynabytok\/wp-content\/uploads\/2025\/09\/att.Erm-fnYH1WAZoAnNF5ffPC4i8aHBVdwy8hFfejW5_7w.jpg\" \/>\n<meta name=\"twitter:card\" content=\"summary_large_image\" \/>\n<meta name=\"twitter:label1\" content=\"Est. reading time\" \/>\n\t<meta name=\"twitter:data1\" content=\"2 minutes\" \/>\n<script type=\"application\/ld+json\" class=\"yoast-schema-graph\">{\"@context\":\"https:\/\/schema.org\",\"@graph\":[{\"@type\":\"WebPage\",\"@id\":\"https:\/\/alexnabytok.sk\/skolskynabytok\/katalogy\/\",\"url\":\"https:\/\/alexnabytok.sk\/skolskynabytok\/katalogy\/\",\"name\":\"Katal\u00f3gy - \u0160KOLSK\u00dd N\u00c1BYTOK\",\"isPartOf\":{\"@id\":\"https:\/\/alexnabytok.sk\/skolskynabytok\/#website\"},\"primaryImageOfPage\":{\"@id\":\"https:\/\/alexnabytok.sk\/skolskynabytok\/katalogy\/#primaryimage\"},\"image\":{\"@id\":\"https:\/\/alexnabytok.sk\/skolskynabytok\/katalogy\/#primaryimage\"},\"thumbnailUrl\":\"https:\/\/alexnabytok.sk\/skolskynabytok\/wp-content\/uploads\/2025\/09\/att.Erm-fnYH1WAZoAnNF5ffPC4i8aHBVdwy8hFfejW5_7w.jpg\",\"datePublished\":\"2016-06-08T07:58:17+00:00\",\"dateModified\":\"2025-09-22T14:54:06+00:00\",\"breadcrumb\":{\"@id\":\"https:\/\/alexnabytok.sk\/skolskynabytok\/katalogy\/#breadcrumb\"},\"inLanguage\":\"en-US\",\"potentialAction\":[{\"@type\":\"ReadAction\",\"target\":[\"https:\/\/alexnabytok.sk\/skolskynabytok\/katalogy\/\"]}]},{\"@type\":\"ImageObject\",\"inLanguage\":\"en-US\",\"@id\":\"https:\/\/alexnabytok.sk\/skolskynabytok\/katalogy\/#primaryimage\",\"url\":\"https:\/\/alexnabytok.sk\/skolskynabytok\/wp-content\/uploads\/2025\/09\/att.Erm-fnYH1WAZoAnNF5ffPC4i8aHBVdwy8hFfejW5_7w.jpg\",\"contentUrl\":\"https:\/\/alexnabytok.sk\/skolskynabytok\/wp-content\/uploads\/2025\/09\/att.Erm-fnYH1WAZoAnNF5ffPC4i8aHBVdwy8hFfejW5_7w.jpg\",\"width\":1092,\"height\":836},{\"@type\":\"BreadcrumbList\",\"@id\":\"https:\/\/alexnabytok.sk\/skolskynabytok\/katalogy\/#breadcrumb\",\"itemListElement\":[{\"@type\":\"ListItem\",\"position\":1,\"name\":\"Home\",\"item\":\"https:\/\/alexnabytok.sk\/skolskynabytok\/\"},{\"@type\":\"ListItem\",\"position\":2,\"name\":\"Katal\u00f3gy\"}]},{\"@type\":\"WebSite\",\"@id\":\"https:\/\/alexnabytok.sk\/skolskynabytok\/#website\",\"url\":\"https:\/\/alexnabytok.sk\/skolskynabytok\/\",\"name\":\"\u0160KOLSK\u00dd N\u00c1BYTOK\",\"description\":\"Alex kovov\u00fd a \u0161kolsk\u00fd n\u00e1bytok s.r.o.\",\"potentialAction\":[{\"@type\":\"SearchAction\",\"target\":{\"@type\":\"EntryPoint\",\"urlTemplate\":\"https:\/\/alexnabytok.sk\/skolskynabytok\/?s={search_term_string}\"},\"query-input\":{\"@type\":\"PropertyValueSpecification\",\"valueRequired\":true,\"valueName\":\"search_term_string\"}}],\"inLanguage\":\"en-US\"}]}<\/script>\n<!-- \/ Yoast SEO plugin. -->","yoast_head_json":{"title":"Katal\u00f3gy - \u0160KOLSK\u00dd N\u00c1BYTOK","robots":{"index":"index","follow":"follow","max-snippet":"max-snippet:-1","max-image-preview":"max-image-preview:large","max-video-preview":"max-video-preview:-1"},"canonical":"https:\/\/alexnabytok.sk\/skolskynabytok\/katalogy\/","og_locale":"sk_SK","og_type":"article","og_title":"Katal\u00f3gy - \u0160KOLSK\u00dd N\u00c1BYTOK","og_url":"https:\/\/alexnabytok.sk\/skolskynabytok\/katalogy\/","og_site_name":"\u0160KOLSK\u00dd N\u00c1BYTOK","article_modified_time":"2025-09-22T14:54:06+00:00","og_image":[{"url":"https:\/\/alexnabytok.sk\/skolskynabytok\/wp-content\/uploads\/2025\/09\/att.Erm-fnYH1WAZoAnNF5ffPC4i8aHBVdwy8hFfejW5_7w.jpg","type":"","width":"","height":""}],"twitter_card":"summary_large_image","twitter_misc":{"Est. reading time":"2 minutes"},"schema":{"@context":"https:\/\/schema.org","@graph":[{"@type":"WebPage","@id":"https:\/\/alexnabytok.sk\/skolskynabytok\/katalogy\/","url":"https:\/\/alexnabytok.sk\/skolskynabytok\/katalogy\/","name":"Katal\u00f3gy - \u0160KOLSK\u00dd N\u00c1BYTOK","isPartOf":{"@id":"https:\/\/alexnabytok.sk\/skolskynabytok\/#website"},"primaryImageOfPage":{"@id":"https:\/\/alexnabytok.sk\/skolskynabytok\/katalogy\/#primaryimage"},"image":{"@id":"https:\/\/alexnabytok.sk\/skolskynabytok\/katalogy\/#primaryimage"},"thumbnailUrl":"https:\/\/alexnabytok.sk\/skolskynabytok\/wp-content\/uploads\/2025\/09\/att.Erm-fnYH1WAZoAnNF5ffPC4i8aHBVdwy8hFfejW5_7w.jpg","datePublished":"2016-06-08T07:58:17+00:00","dateModified":"2025-09-22T14:54:06+00:00","breadcrumb":{"@id":"https:\/\/alexnabytok.sk\/skolskynabytok\/katalogy\/#breadcrumb"},"inLanguage":"en-US","potentialAction":[{"@type":"ReadAction","target":["https:\/\/alexnabytok.sk\/skolskynabytok\/katalogy\/"]}]},{"@type":"ImageObject","inLanguage":"en-US","@id":"https:\/\/alexnabytok.sk\/skolskynabytok\/katalogy\/#primaryimage","url":"https:\/\/alexnabytok.sk\/skolskynabytok\/wp-content\/uploads\/2025\/09\/att.Erm-fnYH1WAZoAnNF5ffPC4i8aHBVdwy8hFfejW5_7w.jpg","contentUrl":"https:\/\/alexnabytok.sk\/skolskynabytok\/wp-content\/uploads\/2025\/09\/att.Erm-fnYH1WAZoAnNF5ffPC4i8aHBVdwy8hFfejW5_7w.jpg","width":1092,"height":836},{"@type":"BreadcrumbList","@id":"https:\/\/alexnabytok.sk\/skolskynabytok\/katalogy\/#breadcrumb","itemListElement":[{"@type":"ListItem","position":1,"name":"Home","item":"https:\/\/alexnabytok.sk\/skolskynabytok\/"},{"@type":"ListItem","position":2,"name":"Katal\u00f3gy"}]},{"@type":"WebSite","@id":"https:\/\/alexnabytok.sk\/skolskynabytok\/#website","url":"https:\/\/alexnabytok.sk\/skolskynabytok\/","name":"\u0160KOLSK\u00dd N\u00c1BYTOK","description":"Alex kovov\u00fd a \u0161kolsk\u00fd n\u00e1bytok s.r.o.","potentialAction":[{"@type":"SearchAction","target":{"@type":"EntryPoint","urlTemplate":"https:\/\/alexnabytok.sk\/skolskynabytok\/?s={search_term_string}"},"query-input":{"@type":"PropertyValueSpecification","valueRequired":true,"valueName":"search_term_string"}}],"inLanguage":"en-US"}]}},"_links":{"self":[{"href":"https:\/\/alexnabytok.sk\/skolskynabytok\/wp-json\/wp\/v2\/pages\/13","targetHints":{"allow":["GET"]}}],"collection":[{"href":"https:\/\/alexnabytok.sk\/skolskynabytok\/wp-json\/wp\/v2\/pages"}],"about":[{"href":"https:\/\/alexnabytok.sk\/skolskynabytok\/wp-json\/wp\/v2\/types\/page"}],"author":[{"embeddable":true,"href":"https:\/\/alexnabytok.sk\/skolskynabytok\/wp-json\/wp\/v2\/users\/1"}],"replies":[{"embeddable":true,"href":"https:\/\/alexnabytok.sk\/skolskynabytok\/wp-json\/wp\/v2\/comments?post=13"}],"version-history":[{"count":22,"href":"https:\/\/alexnabytok.sk\/skolskynabytok\/wp-json\/wp\/v2\/pages\/13\/revisions"}],"predecessor-version":[{"id":120165,"href":"https:\/\/alexnabytok.sk\/skolskynabytok\/wp-json\/wp\/v2\/pages\/13\/revisions\/120165"}],"wp:attachment":[{"href":"https:\/\/alexnabytok.sk\/skolskynabytok\/wp-json\/wp\/v2\/media?parent=13"}],"curies":[{"name":"wp","href":"https:\/\/api.w.org\/{rel}","templated":true}]}}