{"id":48413,"date":"2017-05-24T09:41:07","date_gmt":"2017-05-24T09:41:07","guid":{"rendered":"http:\/\/alexbutor.hu\/iskolabutor\/?page_id=48413"},"modified":"2025-10-21T13:18:09","modified_gmt":"2025-10-21T13:18:09","slug":"nabytok-pre-celodennu-vyucbu","status":"publish","type":"page","link":"https:\/\/alexnabytok.sk\/skolskynabytok\/kategoria\/skolske-stoly-a-stolicky\/nabytok-pre-celodennu-vyucbu\/","title":{"rendered":"N\u00e1bytok pre celodenn\u00fa v\u00fdu\u010dbu"},"content":{"rendered":"\r\n\t<li class=\"portfolio_item isotope-item\"><div class=\"portfolio_item_holder\"><figure class=\"thumbnail thumbnail__portfolio\"><a href=\"https:\/\/alexnabytok.sk\/skolskynabytok\/kategoria\/skolske-stoly-a-stolicky\/nabytok-pre-celodennu-vyucbu\/airflex-nabytkova-zostava\/\" class=\"image-wrap\"><img decoding=\"async\" src=\"https:\/\/alexnabytok.sk\/skolskynabytok\/wp-content\/uploads\/2024\/10\/iskola-KAT395.jpg\" alt=\"AIRFLEX n\u00e1bytkov\u00e1 zostava\"><\/a><\/figure><div class=\"caption caption__portfolio\"><h3><a href=\"https:\/\/alexnabytok.sk\/skolskynabytok\/kategoria\/skolske-stoly-a-stolicky\/nabytok-pre-celodennu-vyucbu\/airflex-nabytkova-zostava\/\">AIRFLEX n\u00e1bytkov\u00e1 zostava<\/a><\/h3><\/div><\/div><\/li>\n\r\n\t<li class=\"portfolio_item isotope-item\"><div class=\"portfolio_item_holder\"><figure class=\"thumbnail thumbnail__portfolio\"><a href=\"https:\/\/alexnabytok.sk\/skolskynabytok\/kategoria\/skolske-stoly-a-stolicky\/nabytok-pre-celodennu-vyucbu\/frizbi-stoly\/\" class=\"image-wrap\"><img decoding=\"async\" src=\"https:\/\/alexnabytok.sk\/skolskynabytok\/wp-content\/uploads\/2023\/02\/frizbikatkep.jpg\" alt=\"FRIZBI stoly\"><\/a><\/figure><div class=\"caption caption__portfolio\"><h3><a href=\"https:\/\/alexnabytok.sk\/skolskynabytok\/kategoria\/skolske-stoly-a-stolicky\/nabytok-pre-celodennu-vyucbu\/frizbi-stoly\/\">FRIZBI stoly<\/a><\/h3><\/div><\/div><\/li>\n\r\n\t<li class=\"portfolio_item isotope-item\"><div class=\"portfolio_item_holder\"><figure class=\"thumbnail thumbnail__portfolio\"><a href=\"https:\/\/alexnabytok.sk\/skolskynabytok\/kategoria\/skolske-stoly-a-stolicky\/nabytok-pre-celodennu-vyucbu\/stoly-puzzle-vlna\/\" class=\"image-wrap\"><img decoding=\"async\" src=\"https:\/\/alexnabytok.sk\/skolskynabytok\/wp-content\/uploads\/2023\/02\/okotanterem_katkep.jpg\" alt=\"Inteligentn\u00e1 u\u010deb\u0148a\"><\/a><\/figure><div class=\"caption caption__portfolio\"><h3><a href=\"https:\/\/alexnabytok.sk\/skolskynabytok\/kategoria\/skolske-stoly-a-stolicky\/nabytok-pre-celodennu-vyucbu\/stoly-puzzle-vlna\/\">Inteligentn\u00e1 u\u010deb\u0148a<\/a><\/h3><\/div><\/div><\/li>\n\r\n\t<li class=\"portfolio_item isotope-item\"><div class=\"portfolio_item_holder\"><figure class=\"thumbnail thumbnail__portfolio\"><a href=\"https:\/\/alexnabytok.sk\/skolskynabytok\/kategoria\/skolske-stoly-a-stolicky\/nabytok-pre-celodennu-vyucbu\/inteligentna-ucebna\/\" class=\"image-wrap\"><img decoding=\"async\" src=\"https:\/\/alexnabytok.sk\/skolskynabytok\/wp-content\/uploads\/2017\/05\/Iskolabutor_01_Egesznapos_oktatas_butorai-01_Puzzle_hullam_asztalok.jpg\" alt=\"Stoly Puzzle Vlna\"><\/a><\/figure><div class=\"caption caption__portfolio\"><h3><a href=\"https:\/\/alexnabytok.sk\/skolskynabytok\/kategoria\/skolske-stoly-a-stolicky\/nabytok-pre-celodennu-vyucbu\/inteligentna-ucebna\/\">Stoly Puzzle Vlna<\/a><\/h3><\/div><\/div><\/li>\n\r\n\t<li class=\"portfolio_item isotope-item\"><div class=\"portfolio_item_holder\"><figure class=\"thumbnail thumbnail__portfolio\"><a href=\"https:\/\/alexnabytok.sk\/skolskynabytok\/kategoria\/skolske-stoly-a-stolicky\/nabytok-pre-celodennu-vyucbu\/pytagoras-stoly\/\" class=\"image-wrap\"><img decoding=\"async\" src=\"https:\/\/alexnabytok.sk\/skolskynabytok\/wp-content\/uploads\/2017\/05\/Iskolabutor_01_Egesznapos_oktatas_butorai-02_Pitagorasz_asztalok.jpg\" alt=\"Pytagoras stoly\"><\/a><\/figure><div class=\"caption caption__portfolio\"><h3><a href=\"https:\/\/alexnabytok.sk\/skolskynabytok\/kategoria\/skolske-stoly-a-stolicky\/nabytok-pre-celodennu-vyucbu\/pytagoras-stoly\/\">Pytagoras stoly<\/a><\/h3><\/div><\/div><\/li>\n\r\n\t<li class=\"portfolio_item isotope-item\"><div class=\"portfolio_item_holder\"><figure class=\"thumbnail thumbnail__portfolio\"><a href=\"https:\/\/alexnabytok.sk\/skolskynabytok\/kategoria\/skolske-stoly-a-stolicky\/nabytok-pre-celodennu-vyucbu\/lichobeznikove-stoly\/\" class=\"image-wrap\"><img decoding=\"async\" src=\"https:\/\/alexnabytok.sk\/skolskynabytok\/wp-content\/uploads\/2017\/05\/Iskolabutor_01_Egesznapos_oktatas_butorai-03_Trapez_asztalok-1.jpg\" alt=\"Lichobe\u017en\u00edkov\u00e9 stoly\"><\/a><\/figure><div class=\"caption caption__portfolio\"><h3><a href=\"https:\/\/alexnabytok.sk\/skolskynabytok\/kategoria\/skolske-stoly-a-stolicky\/nabytok-pre-celodennu-vyucbu\/lichobeznikove-stoly\/\">Lichobe\u017en\u00edkov\u00e9 stoly<\/a><\/h3><\/div><\/div><\/li>\n\r\n\t<li class=\"portfolio_item isotope-item\"><div class=\"portfolio_item_holder\"><figure class=\"thumbnail thumbnail__portfolio\"><a href=\"https:\/\/alexnabytok.sk\/skolskynabytok\/kategoria\/skolske-stoly-a-stolicky\/nabytok-pre-celodennu-vyucbu\/nabytkova-zostava-kaleido\/\" class=\"image-wrap\"><img decoding=\"async\" src=\"https:\/\/alexnabytok.sk\/skolskynabytok\/wp-content\/uploads\/2017\/05\/Iskolabutor_01_Egesznapos_oktatas_butorai-04_Kaleido_butorcsalad.jpg\" alt=\"N\u00e1bytkov\u00e1 zostava Kaleido\"><\/a><\/figure><div class=\"caption caption__portfolio\"><h3><a href=\"https:\/\/alexnabytok.sk\/skolskynabytok\/kategoria\/skolske-stoly-a-stolicky\/nabytok-pre-celodennu-vyucbu\/nabytkova-zostava-kaleido\/\">N\u00e1bytkov\u00e1 zostava Kaleido<\/a><\/h3><\/div><\/div><\/li>\n\r\n\t<li class=\"portfolio_item isotope-item\"><div class=\"portfolio_item_holder\"><figure class=\"thumbnail thumbnail__portfolio\"><a href=\"https:\/\/alexnabytok.sk\/skolskynabytok\/kategoria\/skolske-stoly-a-stolicky\/nabytok-pre-celodennu-vyucbu\/nabytkova-zostava-flex\/\" class=\"image-wrap\"><img decoding=\"async\" src=\"https:\/\/alexnabytok.sk\/skolskynabytok\/wp-content\/uploads\/2017\/05\/Iskolabutor_01_Egesznapos_oktatas_butorai-05_Ultraflex_butorcsalad.jpg\" alt=\"N\u00e1bytkov\u00e1 zostava Flex\"><\/a><\/figure><div class=\"caption caption__portfolio\"><h3><a href=\"https:\/\/alexnabytok.sk\/skolskynabytok\/kategoria\/skolske-stoly-a-stolicky\/nabytok-pre-celodennu-vyucbu\/nabytkova-zostava-flex\/\">N\u00e1bytkov\u00e1 zostava Flex<\/a><\/h3><\/div><\/div><\/li>\n\r\n\t<li class=\"portfolio_item isotope-item\"><div class=\"portfolio_item_holder\"><figure class=\"thumbnail thumbnail__portfolio\"><a href=\"https:\/\/alexnabytok.sk\/skolskynabytok\/kategoria\/skolske-stoly-a-stolicky\/nabytok-pre-celodennu-vyucbu\/soliwood-stolicky\/\" class=\"image-wrap\"><img decoding=\"async\" src=\"https:\/\/alexnabytok.sk\/skolskynabytok\/wp-content\/uploads\/2017\/05\/Iskolabutor_01_Egesznapos_oktatas_butorai-06_Soliwood_szekek.jpg\" alt=\"Soliwood stoli\u010dky\"><\/a><\/figure><div class=\"caption caption__portfolio\"><h3><a href=\"https:\/\/alexnabytok.sk\/skolskynabytok\/kategoria\/skolske-stoly-a-stolicky\/nabytok-pre-celodennu-vyucbu\/soliwood-stolicky\/\">Soliwood stoli\u010dky<\/a><\/h3><\/div><\/div><\/li>\n\r\n\t<li class=\"portfolio_item isotope-item\"><div class=\"portfolio_item_holder\"><figure class=\"thumbnail thumbnail__portfolio\"><a href=\"https:\/\/alexnabytok.sk\/skolskynabytok\/kategoria\/skolske-stoly-a-stolicky\/nabytok-pre-celodennu-vyucbu\/program-3-4-5-stol\/\" class=\"image-wrap\"><img decoding=\"async\" src=\"https:\/\/alexnabytok.sk\/skolskynabytok\/wp-content\/uploads\/2022\/03\/program345_katkep.jpg\" alt=\"Program 3.4.5. st\u00f4l\"><\/a><\/figure><div class=\"caption caption__portfolio\"><h3><a href=\"https:\/\/alexnabytok.sk\/skolskynabytok\/kategoria\/skolske-stoly-a-stolicky\/nabytok-pre-celodennu-vyucbu\/program-3-4-5-stol\/\">Program 3.4.5. st\u00f4l<\/a><\/h3><\/div><\/div><\/li>\n\r\n\t<li class=\"portfolio_item isotope-item\"><div class=\"portfolio_item_holder\"><figure class=\"thumbnail thumbnail__portfolio\"><a href=\"https:\/\/alexnabytok.sk\/skolskynabytok\/kategoria\/skolske-stoly-a-stolicky\/nabytok-pre-celodennu-vyucbu\/nahradne-diely\/\" class=\"image-wrap\"><img decoding=\"async\" src=\"https:\/\/alexnabytok.sk\/skolskynabytok\/wp-content\/uploads\/2017\/05\/Iskolabutor_01_Egesznapos_oktatas_butorai-09_Potalkatreszek.jpg\" alt=\"N\u00e1hradn\u00e9 diely\"><\/a><\/figure><div class=\"caption caption__portfolio\"><h3><a href=\"https:\/\/alexnabytok.sk\/skolskynabytok\/kategoria\/skolske-stoly-a-stolicky\/nabytok-pre-celodennu-vyucbu\/nahradne-diely\/\">N\u00e1hradn\u00e9 diely<\/a><\/h3><\/div><\/div><\/li>\n","protected":false},"excerpt":{"rendered":"","protected":false},"author":1,"featured_media":71546,"parent":48411,"menu_order":0,"comment_status":"closed","ping_status":"closed","template":"page-Portfolio4Cols-alexsub.php","meta":{"footnotes":""},"class_list":["post-48413","page","type-page","status-publish","has-post-thumbnail","hentry"],"yoast_head":"<!-- This site is optimized with the Yoast SEO plugin v24.7 - https:\/\/yoast.com\/wordpress\/plugins\/seo\/ -->\n<title>N\u00e1bytok pre celodenn\u00fa v\u00fdu\u010dbu - \u0160KOLSK\u00dd N\u00c1BYTOK<\/title>\n<meta name=\"robots\" content=\"index, follow, max-snippet:-1, max-image-preview:large, max-video-preview:-1\" \/>\n<link rel=\"canonical\" href=\"https:\/\/alexnabytok.sk\/skolskynabytok\/kategoria\/skolske-stoly-a-stolicky\/nabytok-pre-celodennu-vyucbu\/\" \/>\n<meta property=\"og:locale\" content=\"sk_SK\" \/>\n<meta property=\"og:type\" content=\"article\" \/>\n<meta property=\"og:title\" content=\"N\u00e1bytok pre celodenn\u00fa v\u00fdu\u010dbu - \u0160KOLSK\u00dd N\u00c1BYTOK\" \/>\n<meta property=\"og:url\" content=\"https:\/\/alexnabytok.sk\/skolskynabytok\/kategoria\/skolske-stoly-a-stolicky\/nabytok-pre-celodennu-vyucbu\/\" \/>\n<meta property=\"og:site_name\" content=\"\u0160KOLSK\u00dd N\u00c1BYTOK\" \/>\n<meta property=\"article:modified_time\" content=\"2025-10-21T13:18:09+00:00\" \/>\n<meta property=\"og:image\" content=\"https:\/\/alexnabytok.sk\/skolskynabytok\/wp-content\/uploads\/2017\/06\/Iskolabutor_01_Egesznapos_oktatas_butorai-00.jpg\" \/>\n\t<meta property=\"og:image:width\" content=\"800\" \/>\n\t<meta property=\"og:image:height\" content=\"560\" \/>\n\t<meta property=\"og:image:type\" content=\"image\/jpeg\" \/>\n<meta name=\"twitter:card\" content=\"summary_large_image\" \/>\n<meta name=\"twitter:label1\" content=\"Est. reading time\" \/>\n\t<meta name=\"twitter:data1\" content=\"1 minute\" \/>\n<script type=\"application\/ld+json\" class=\"yoast-schema-graph\">{\"@context\":\"https:\/\/schema.org\",\"@graph\":[{\"@type\":\"WebPage\",\"@id\":\"https:\/\/alexnabytok.sk\/skolskynabytok\/kategoria\/skolske-stoly-a-stolicky\/nabytok-pre-celodennu-vyucbu\/\",\"url\":\"https:\/\/alexnabytok.sk\/skolskynabytok\/kategoria\/skolske-stoly-a-stolicky\/nabytok-pre-celodennu-vyucbu\/\",\"name\":\"N\u00e1bytok pre celodenn\u00fa v\u00fdu\u010dbu - \u0160KOLSK\u00dd N\u00c1BYTOK\",\"isPartOf\":{\"@id\":\"https:\/\/alexnabytok.sk\/skolskynabytok\/#website\"},\"primaryImageOfPage\":{\"@id\":\"https:\/\/alexnabytok.sk\/skolskynabytok\/kategoria\/skolske-stoly-a-stolicky\/nabytok-pre-celodennu-vyucbu\/#primaryimage\"},\"image\":{\"@id\":\"https:\/\/alexnabytok.sk\/skolskynabytok\/kategoria\/skolske-stoly-a-stolicky\/nabytok-pre-celodennu-vyucbu\/#primaryimage\"},\"thumbnailUrl\":\"https:\/\/alexnabytok.sk\/skolskynabytok\/wp-content\/uploads\/2017\/06\/Iskolabutor_01_Egesznapos_oktatas_butorai-00.jpg\",\"datePublished\":\"2017-05-24T09:41:07+00:00\",\"dateModified\":\"2025-10-21T13:18:09+00:00\",\"breadcrumb\":{\"@id\":\"https:\/\/alexnabytok.sk\/skolskynabytok\/kategoria\/skolske-stoly-a-stolicky\/nabytok-pre-celodennu-vyucbu\/#breadcrumb\"},\"inLanguage\":\"en-US\",\"potentialAction\":[{\"@type\":\"ReadAction\",\"target\":[\"https:\/\/alexnabytok.sk\/skolskynabytok\/kategoria\/skolske-stoly-a-stolicky\/nabytok-pre-celodennu-vyucbu\/\"]}]},{\"@type\":\"ImageObject\",\"inLanguage\":\"en-US\",\"@id\":\"https:\/\/alexnabytok.sk\/skolskynabytok\/kategoria\/skolske-stoly-a-stolicky\/nabytok-pre-celodennu-vyucbu\/#primaryimage\",\"url\":\"https:\/\/alexnabytok.sk\/skolskynabytok\/wp-content\/uploads\/2017\/06\/Iskolabutor_01_Egesznapos_oktatas_butorai-00.jpg\",\"contentUrl\":\"https:\/\/alexnabytok.sk\/skolskynabytok\/wp-content\/uploads\/2017\/06\/Iskolabutor_01_Egesznapos_oktatas_butorai-00.jpg\",\"width\":800,\"height\":560},{\"@type\":\"BreadcrumbList\",\"@id\":\"https:\/\/alexnabytok.sk\/skolskynabytok\/kategoria\/skolske-stoly-a-stolicky\/nabytok-pre-celodennu-vyucbu\/#breadcrumb\",\"itemListElement\":[{\"@type\":\"ListItem\",\"position\":1,\"name\":\"Home\",\"item\":\"https:\/\/alexnabytok.sk\/skolskynabytok\/\"},{\"@type\":\"ListItem\",\"position\":2,\"name\":\"Produkty\",\"item\":\"https:\/\/alexnabytok.sk\/skolskynabytok\/kategoria\/\"},{\"@type\":\"ListItem\",\"position\":3,\"name\":\"\u0160kolsk\u00e9 stoly a stoli\u010dky\",\"item\":\"https:\/\/alexnabytok.sk\/skolskynabytok\/kategoria\/skolske-stoly-a-stolicky\/\"},{\"@type\":\"ListItem\",\"position\":4,\"name\":\"N\u00e1bytok pre celodenn\u00fa v\u00fdu\u010dbu\"}]},{\"@type\":\"WebSite\",\"@id\":\"https:\/\/alexnabytok.sk\/skolskynabytok\/#website\",\"url\":\"https:\/\/alexnabytok.sk\/skolskynabytok\/\",\"name\":\"\u0160KOLSK\u00dd N\u00c1BYTOK\",\"description\":\"Alex kovov\u00fd a \u0161kolsk\u00fd n\u00e1bytok s.r.o.\",\"potentialAction\":[{\"@type\":\"SearchAction\",\"target\":{\"@type\":\"EntryPoint\",\"urlTemplate\":\"https:\/\/alexnabytok.sk\/skolskynabytok\/?s={search_term_string}\"},\"query-input\":{\"@type\":\"PropertyValueSpecification\",\"valueRequired\":true,\"valueName\":\"search_term_string\"}}],\"inLanguage\":\"en-US\"}]}<\/script>\n<!-- \/ Yoast SEO plugin. -->","yoast_head_json":{"title":"N\u00e1bytok pre celodenn\u00fa v\u00fdu\u010dbu - \u0160KOLSK\u00dd N\u00c1BYTOK","robots":{"index":"index","follow":"follow","max-snippet":"max-snippet:-1","max-image-preview":"max-image-preview:large","max-video-preview":"max-video-preview:-1"},"canonical":"https:\/\/alexnabytok.sk\/skolskynabytok\/kategoria\/skolske-stoly-a-stolicky\/nabytok-pre-celodennu-vyucbu\/","og_locale":"sk_SK","og_type":"article","og_title":"N\u00e1bytok pre celodenn\u00fa v\u00fdu\u010dbu - \u0160KOLSK\u00dd N\u00c1BYTOK","og_url":"https:\/\/alexnabytok.sk\/skolskynabytok\/kategoria\/skolske-stoly-a-stolicky\/nabytok-pre-celodennu-vyucbu\/","og_site_name":"\u0160KOLSK\u00dd N\u00c1BYTOK","article_modified_time":"2025-10-21T13:18:09+00:00","og_image":[{"width":800,"height":560,"url":"https:\/\/alexnabytok.sk\/skolskynabytok\/wp-content\/uploads\/2017\/06\/Iskolabutor_01_Egesznapos_oktatas_butorai-00.jpg","type":"image\/jpeg"}],"twitter_card":"summary_large_image","twitter_misc":{"Est. reading time":"1 minute"},"schema":{"@context":"https:\/\/schema.org","@graph":[{"@type":"WebPage","@id":"https:\/\/alexnabytok.sk\/skolskynabytok\/kategoria\/skolske-stoly-a-stolicky\/nabytok-pre-celodennu-vyucbu\/","url":"https:\/\/alexnabytok.sk\/skolskynabytok\/kategoria\/skolske-stoly-a-stolicky\/nabytok-pre-celodennu-vyucbu\/","name":"N\u00e1bytok pre celodenn\u00fa v\u00fdu\u010dbu - \u0160KOLSK\u00dd N\u00c1BYTOK","isPartOf":{"@id":"https:\/\/alexnabytok.sk\/skolskynabytok\/#website"},"primaryImageOfPage":{"@id":"https:\/\/alexnabytok.sk\/skolskynabytok\/kategoria\/skolske-stoly-a-stolicky\/nabytok-pre-celodennu-vyucbu\/#primaryimage"},"image":{"@id":"https:\/\/alexnabytok.sk\/skolskynabytok\/kategoria\/skolske-stoly-a-stolicky\/nabytok-pre-celodennu-vyucbu\/#primaryimage"},"thumbnailUrl":"https:\/\/alexnabytok.sk\/skolskynabytok\/wp-content\/uploads\/2017\/06\/Iskolabutor_01_Egesznapos_oktatas_butorai-00.jpg","datePublished":"2017-05-24T09:41:07+00:00","dateModified":"2025-10-21T13:18:09+00:00","breadcrumb":{"@id":"https:\/\/alexnabytok.sk\/skolskynabytok\/kategoria\/skolske-stoly-a-stolicky\/nabytok-pre-celodennu-vyucbu\/#breadcrumb"},"inLanguage":"en-US","potentialAction":[{"@type":"ReadAction","target":["https:\/\/alexnabytok.sk\/skolskynabytok\/kategoria\/skolske-stoly-a-stolicky\/nabytok-pre-celodennu-vyucbu\/"]}]},{"@type":"ImageObject","inLanguage":"en-US","@id":"https:\/\/alexnabytok.sk\/skolskynabytok\/kategoria\/skolske-stoly-a-stolicky\/nabytok-pre-celodennu-vyucbu\/#primaryimage","url":"https:\/\/alexnabytok.sk\/skolskynabytok\/wp-content\/uploads\/2017\/06\/Iskolabutor_01_Egesznapos_oktatas_butorai-00.jpg","contentUrl":"https:\/\/alexnabytok.sk\/skolskynabytok\/wp-content\/uploads\/2017\/06\/Iskolabutor_01_Egesznapos_oktatas_butorai-00.jpg","width":800,"height":560},{"@type":"BreadcrumbList","@id":"https:\/\/alexnabytok.sk\/skolskynabytok\/kategoria\/skolske-stoly-a-stolicky\/nabytok-pre-celodennu-vyucbu\/#breadcrumb","itemListElement":[{"@type":"ListItem","position":1,"name":"Home","item":"https:\/\/alexnabytok.sk\/skolskynabytok\/"},{"@type":"ListItem","position":2,"name":"Produkty","item":"https:\/\/alexnabytok.sk\/skolskynabytok\/kategoria\/"},{"@type":"ListItem","position":3,"name":"\u0160kolsk\u00e9 stoly a stoli\u010dky","item":"https:\/\/alexnabytok.sk\/skolskynabytok\/kategoria\/skolske-stoly-a-stolicky\/"},{"@type":"ListItem","position":4,"name":"N\u00e1bytok pre celodenn\u00fa v\u00fdu\u010dbu"}]},{"@type":"WebSite","@id":"https:\/\/alexnabytok.sk\/skolskynabytok\/#website","url":"https:\/\/alexnabytok.sk\/skolskynabytok\/","name":"\u0160KOLSK\u00dd N\u00c1BYTOK","description":"Alex kovov\u00fd a \u0161kolsk\u00fd n\u00e1bytok s.r.o.","potentialAction":[{"@type":"SearchAction","target":{"@type":"EntryPoint","urlTemplate":"https:\/\/alexnabytok.sk\/skolskynabytok\/?s={search_term_string}"},"query-input":{"@type":"PropertyValueSpecification","valueRequired":true,"valueName":"search_term_string"}}],"inLanguage":"en-US"}]}},"_links":{"self":[{"href":"https:\/\/alexnabytok.sk\/skolskynabytok\/wp-json\/wp\/v2\/pages\/48413","targetHints":{"allow":["GET"]}}],"collection":[{"href":"https:\/\/alexnabytok.sk\/skolskynabytok\/wp-json\/wp\/v2\/pages"}],"about":[{"href":"https:\/\/alexnabytok.sk\/skolskynabytok\/wp-json\/wp\/v2\/types\/page"}],"author":[{"embeddable":true,"href":"https:\/\/alexnabytok.sk\/skolskynabytok\/wp-json\/wp\/v2\/users\/1"}],"replies":[{"embeddable":true,"href":"https:\/\/alexnabytok.sk\/skolskynabytok\/wp-json\/wp\/v2\/comments?post=48413"}],"version-history":[{"count":12,"href":"https:\/\/alexnabytok.sk\/skolskynabytok\/wp-json\/wp\/v2\/pages\/48413\/revisions"}],"predecessor-version":[{"id":121778,"href":"https:\/\/alexnabytok.sk\/skolskynabytok\/wp-json\/wp\/v2\/pages\/48413\/revisions\/121778"}],"up":[{"embeddable":true,"href":"https:\/\/alexnabytok.sk\/skolskynabytok\/wp-json\/wp\/v2\/pages\/48411"}],"wp:featuredmedia":[{"embeddable":true,"href":"https:\/\/alexnabytok.sk\/skolskynabytok\/wp-json\/wp\/v2\/media\/71546"}],"wp:attachment":[{"href":"https:\/\/alexnabytok.sk\/skolskynabytok\/wp-json\/wp\/v2\/media?parent=48413"}],"curies":[{"name":"wp","href":"https:\/\/api.w.org\/{rel}","templated":true}]}}