{"id":48423,"date":"2017-05-24T09:43:00","date_gmt":"2017-05-24T09:43:00","guid":{"rendered":"http:\/\/alexbutor.hu\/iskolabutor\/?page_id=48423"},"modified":"2022-03-23T11:51:51","modified_gmt":"2022-03-23T11:51:51","slug":"nabytkova-zostava-flex","status":"publish","type":"page","link":"https:\/\/alexnabytok.sk\/skolskynabytok\/kategoria\/skolske-stoly-a-stolicky\/nabytok-pre-celodennu-vyucbu\/nabytkova-zostava-flex\/","title":{"rendered":"N\u00e1bytkov\u00e1 zostava Flex"},"content":{"rendered":"<div class=\"yt-row\">\n<div class=\"yt-subrow yt-subrow1\">\n<iframe loading=\"lazy\" width=\"448\" height=\"252\" src=\"https:\/\/www.youtube.com\/embed\/I-eg-Bt_Xa4\" frameborder=\"0\" allow=\"accelerometer; autoplay; clipboard-write; encrypted-media; gyroscope; picture-in-picture\" allowfullscreen><\/iframe>\n<\/div>\n<div class=\"yt-subrow yt-subrow2\">\n<p>N\u00e1\u0161 nepretr\u017eit\u00fd v\u00fdvoj n\u00e1bytku umo\u017e\u0148uje in\u0161tit\u00faci\u00e1m zabezpe\u010di\u0165 pre nich ten najvhodnej\u0161\u00ed multifunk\u010dn\u00fd \u0161kolsk\u00fd n\u00e1bytok pre bezprobl\u00e9mov\u00e9 ka\u017edodenn\u00e9 vzdel\u00e1vanie. Pri modernom vyu\u010dovan\u00ed je d\u00f4le\u017eit\u00e9, aby n\u00e1bytok sl\u00fa\u017eil na individu\u00e1lne a skupinov\u00e9 vyu\u010dovanie, ale aj poskytol odpo\u010dinok. Pre tak\u00e9ho diferencovanie je potrebn\u00e9 \u013eahko a jednoducho n\u00e1bytok pres\u00fava\u0165 a meni\u0165 jeho funkciu. Pr\u00e1ve Flex n\u00e1bytkov\u00e1 zostava sp\u013a\u0148a  tieto po\u017eiadavky.<br \/>\n\u0160tudenti r\u00f4znych v\u00fd\u0161ok m\u00f4\u017eu pohodlne pracova\u0165 pri stoloch Flex pre 6. vekov\u00fa kateg\u00f3riu pomocou FLEX stoli\u010diek s podno\u017eou. Vzdialenos\u0165 medzi opierkou n\u00f4h a sedadlom bola navrhnut\u00e1 pod\u013ea normy pre vekov\u00e9 skupiny 4 a 5 rokov. Pou\u017eitie stoli\u010diek poskytuje \u0161tudentom pr\u00edle\u017eitos\u0165 pracova\u0165 v rovnakej v\u00fd\u0161ke. Stoli\u010dka pre vekov\u00fa skupinu 6 rokov je vyr\u00e1ban\u00e1 bez podno\u017eky.<\/p>\n<\/div>\n<\/div>\n","protected":false},"excerpt":{"rendered":"<p>N\u00e1\u0161 nepretr\u017eit\u00fd v\u00fdvoj n\u00e1bytku umo\u017e\u0148uje in\u0161tit\u00faci\u00e1m zabezpe\u010di\u0165 pre nich ten najvhodnej\u0161\u00ed multifunk\u010dn\u00fd \u0161kolsk\u00fd n\u00e1bytok pre bezprobl\u00e9mov\u00e9 ka\u017edodenn\u00e9 vzdel\u00e1vanie. Pri modernom vyu\u010dovan\u00ed je d\u00f4le\u017eit\u00e9, aby n\u00e1bytok sl\u00fa\u017eil na individu\u00e1lne a skupinov\u00e9 vyu\u010dovanie, ale aj poskytol odpo\u010dinok. Pre tak\u00e9ho diferencovanie je potrebn\u00e9 \u013eahko a jednoducho n\u00e1bytok pres\u00fava\u0165 a meni\u0165 jeho funkciu. Pr\u00e1ve Flex n\u00e1bytkov\u00e1 zostava sp\u013a\u0148a tieto po\u017eiadavky. \u0160tudenti r\u00f4znych v\u00fd\u0161ok m\u00f4\u017eu&nbsp;<a href=\"https:\/\/alexnabytok.sk\/skolskynabytok\/kategoria\/skolske-stoly-a-stolicky\/nabytok-pre-celodennu-vyucbu\/nabytkova-zostava-flex\/\" class=\"read-more\">...<\/a><\/p>\n","protected":false},"author":1,"featured_media":71568,"parent":48413,"menu_order":0,"comment_status":"closed","ping_status":"closed","template":"page-Portfolio4Cols-filterable.php","meta":{"footnotes":""},"class_list":["post-48423","page","type-page","status-publish","has-post-thumbnail","hentry"],"yoast_head":"<!-- This site is optimized with the Yoast SEO plugin v24.7 - https:\/\/yoast.com\/wordpress\/plugins\/seo\/ -->\n<title>N\u00e1bytkov\u00e1 zostava Flex - \u0160KOLSK\u00dd N\u00c1BYTOK<\/title>\n<meta name=\"robots\" content=\"index, follow, max-snippet:-1, max-image-preview:large, max-video-preview:-1\" \/>\n<link rel=\"canonical\" href=\"https:\/\/alexnabytok.sk\/skolskynabytok\/kategoria\/skolske-stoly-a-stolicky\/nabytok-pre-celodennu-vyucbu\/nabytkova-zostava-flex\/\" \/>\n<meta property=\"og:locale\" content=\"sk_SK\" \/>\n<meta property=\"og:type\" content=\"article\" \/>\n<meta property=\"og:title\" content=\"N\u00e1bytkov\u00e1 zostava Flex - \u0160KOLSK\u00dd N\u00c1BYTOK\" \/>\n<meta property=\"og:description\" content=\"N\u00e1\u0161 nepretr\u017eit\u00fd v\u00fdvoj n\u00e1bytku umo\u017e\u0148uje in\u0161tit\u00faci\u00e1m zabezpe\u010di\u0165 pre nich ten najvhodnej\u0161\u00ed multifunk\u010dn\u00fd \u0161kolsk\u00fd n\u00e1bytok pre bezprobl\u00e9mov\u00e9 ka\u017edodenn\u00e9 vzdel\u00e1vanie. Pri modernom vyu\u010dovan\u00ed je d\u00f4le\u017eit\u00e9, aby n\u00e1bytok sl\u00fa\u017eil na individu\u00e1lne a skupinov\u00e9 vyu\u010dovanie, ale aj poskytol odpo\u010dinok. Pre tak\u00e9ho diferencovanie je potrebn\u00e9 \u013eahko a jednoducho n\u00e1bytok pres\u00fava\u0165 a meni\u0165 jeho funkciu. Pr\u00e1ve Flex n\u00e1bytkov\u00e1 zostava sp\u013a\u0148a tieto po\u017eiadavky. \u0160tudenti r\u00f4znych v\u00fd\u0161ok m\u00f4\u017eu&nbsp;...\" \/>\n<meta property=\"og:url\" content=\"https:\/\/alexnabytok.sk\/skolskynabytok\/kategoria\/skolske-stoly-a-stolicky\/nabytok-pre-celodennu-vyucbu\/nabytkova-zostava-flex\/\" \/>\n<meta property=\"og:site_name\" content=\"\u0160KOLSK\u00dd N\u00c1BYTOK\" \/>\n<meta property=\"article:modified_time\" content=\"2022-03-23T11:51:51+00:00\" \/>\n<meta property=\"og:image\" content=\"https:\/\/alexnabytok.sk\/skolskynabytok\/wp-content\/uploads\/2017\/05\/Iskolabutor_01_Egesznapos_oktatas_butorai-05_Ultraflex_butorcsalad.jpg\" \/>\n\t<meta property=\"og:image:width\" content=\"800\" \/>\n\t<meta property=\"og:image:height\" content=\"560\" \/>\n\t<meta property=\"og:image:type\" content=\"image\/jpeg\" \/>\n<meta name=\"twitter:card\" content=\"summary_large_image\" \/>\n<meta name=\"twitter:label1\" content=\"Est. reading time\" \/>\n\t<meta name=\"twitter:data1\" content=\"1 minute\" \/>\n<script type=\"application\/ld+json\" class=\"yoast-schema-graph\">{\"@context\":\"https:\/\/schema.org\",\"@graph\":[{\"@type\":\"WebPage\",\"@id\":\"https:\/\/alexnabytok.sk\/skolskynabytok\/kategoria\/skolske-stoly-a-stolicky\/nabytok-pre-celodennu-vyucbu\/nabytkova-zostava-flex\/\",\"url\":\"https:\/\/alexnabytok.sk\/skolskynabytok\/kategoria\/skolske-stoly-a-stolicky\/nabytok-pre-celodennu-vyucbu\/nabytkova-zostava-flex\/\",\"name\":\"N\u00e1bytkov\u00e1 zostava Flex - \u0160KOLSK\u00dd N\u00c1BYTOK\",\"isPartOf\":{\"@id\":\"https:\/\/alexnabytok.sk\/skolskynabytok\/#website\"},\"primaryImageOfPage\":{\"@id\":\"https:\/\/alexnabytok.sk\/skolskynabytok\/kategoria\/skolske-stoly-a-stolicky\/nabytok-pre-celodennu-vyucbu\/nabytkova-zostava-flex\/#primaryimage\"},\"image\":{\"@id\":\"https:\/\/alexnabytok.sk\/skolskynabytok\/kategoria\/skolske-stoly-a-stolicky\/nabytok-pre-celodennu-vyucbu\/nabytkova-zostava-flex\/#primaryimage\"},\"thumbnailUrl\":\"https:\/\/alexnabytok.sk\/skolskynabytok\/wp-content\/uploads\/2017\/05\/Iskolabutor_01_Egesznapos_oktatas_butorai-05_Ultraflex_butorcsalad.jpg\",\"datePublished\":\"2017-05-24T09:43:00+00:00\",\"dateModified\":\"2022-03-23T11:51:51+00:00\",\"breadcrumb\":{\"@id\":\"https:\/\/alexnabytok.sk\/skolskynabytok\/kategoria\/skolske-stoly-a-stolicky\/nabytok-pre-celodennu-vyucbu\/nabytkova-zostava-flex\/#breadcrumb\"},\"inLanguage\":\"en-US\",\"potentialAction\":[{\"@type\":\"ReadAction\",\"target\":[\"https:\/\/alexnabytok.sk\/skolskynabytok\/kategoria\/skolske-stoly-a-stolicky\/nabytok-pre-celodennu-vyucbu\/nabytkova-zostava-flex\/\"]}]},{\"@type\":\"ImageObject\",\"inLanguage\":\"en-US\",\"@id\":\"https:\/\/alexnabytok.sk\/skolskynabytok\/kategoria\/skolske-stoly-a-stolicky\/nabytok-pre-celodennu-vyucbu\/nabytkova-zostava-flex\/#primaryimage\",\"url\":\"https:\/\/alexnabytok.sk\/skolskynabytok\/wp-content\/uploads\/2017\/05\/Iskolabutor_01_Egesznapos_oktatas_butorai-05_Ultraflex_butorcsalad.jpg\",\"contentUrl\":\"https:\/\/alexnabytok.sk\/skolskynabytok\/wp-content\/uploads\/2017\/05\/Iskolabutor_01_Egesznapos_oktatas_butorai-05_Ultraflex_butorcsalad.jpg\",\"width\":800,\"height\":560},{\"@type\":\"BreadcrumbList\",\"@id\":\"https:\/\/alexnabytok.sk\/skolskynabytok\/kategoria\/skolske-stoly-a-stolicky\/nabytok-pre-celodennu-vyucbu\/nabytkova-zostava-flex\/#breadcrumb\",\"itemListElement\":[{\"@type\":\"ListItem\",\"position\":1,\"name\":\"Home\",\"item\":\"https:\/\/alexnabytok.sk\/skolskynabytok\/\"},{\"@type\":\"ListItem\",\"position\":2,\"name\":\"Produkty\",\"item\":\"https:\/\/alexnabytok.sk\/skolskynabytok\/kategoria\/\"},{\"@type\":\"ListItem\",\"position\":3,\"name\":\"\u0160kolsk\u00e9 stoly a stoli\u010dky\",\"item\":\"https:\/\/alexnabytok.sk\/skolskynabytok\/kategoria\/skolske-stoly-a-stolicky\/\"},{\"@type\":\"ListItem\",\"position\":4,\"name\":\"N\u00e1bytok pre celodenn\u00fa v\u00fdu\u010dbu\",\"item\":\"https:\/\/alexnabytok.sk\/skolskynabytok\/kategoria\/skolske-stoly-a-stolicky\/nabytok-pre-celodennu-vyucbu\/\"},{\"@type\":\"ListItem\",\"position\":5,\"name\":\"N\u00e1bytkov\u00e1 zostava Flex\"}]},{\"@type\":\"WebSite\",\"@id\":\"https:\/\/alexnabytok.sk\/skolskynabytok\/#website\",\"url\":\"https:\/\/alexnabytok.sk\/skolskynabytok\/\",\"name\":\"\u0160KOLSK\u00dd N\u00c1BYTOK\",\"description\":\"Alex kovov\u00fd a \u0161kolsk\u00fd n\u00e1bytok s.r.o.\",\"potentialAction\":[{\"@type\":\"SearchAction\",\"target\":{\"@type\":\"EntryPoint\",\"urlTemplate\":\"https:\/\/alexnabytok.sk\/skolskynabytok\/?s={search_term_string}\"},\"query-input\":{\"@type\":\"PropertyValueSpecification\",\"valueRequired\":true,\"valueName\":\"search_term_string\"}}],\"inLanguage\":\"en-US\"}]}<\/script>\n<!-- \/ Yoast SEO plugin. -->","yoast_head_json":{"title":"N\u00e1bytkov\u00e1 zostava Flex - \u0160KOLSK\u00dd N\u00c1BYTOK","robots":{"index":"index","follow":"follow","max-snippet":"max-snippet:-1","max-image-preview":"max-image-preview:large","max-video-preview":"max-video-preview:-1"},"canonical":"https:\/\/alexnabytok.sk\/skolskynabytok\/kategoria\/skolske-stoly-a-stolicky\/nabytok-pre-celodennu-vyucbu\/nabytkova-zostava-flex\/","og_locale":"sk_SK","og_type":"article","og_title":"N\u00e1bytkov\u00e1 zostava Flex - \u0160KOLSK\u00dd N\u00c1BYTOK","og_description":"N\u00e1\u0161 nepretr\u017eit\u00fd v\u00fdvoj n\u00e1bytku umo\u017e\u0148uje in\u0161tit\u00faci\u00e1m zabezpe\u010di\u0165 pre nich ten najvhodnej\u0161\u00ed multifunk\u010dn\u00fd \u0161kolsk\u00fd n\u00e1bytok pre bezprobl\u00e9mov\u00e9 ka\u017edodenn\u00e9 vzdel\u00e1vanie. Pri modernom vyu\u010dovan\u00ed je d\u00f4le\u017eit\u00e9, aby n\u00e1bytok sl\u00fa\u017eil na individu\u00e1lne a skupinov\u00e9 vyu\u010dovanie, ale aj poskytol odpo\u010dinok. Pre tak\u00e9ho diferencovanie je potrebn\u00e9 \u013eahko a jednoducho n\u00e1bytok pres\u00fava\u0165 a meni\u0165 jeho funkciu. Pr\u00e1ve Flex n\u00e1bytkov\u00e1 zostava sp\u013a\u0148a tieto po\u017eiadavky. \u0160tudenti r\u00f4znych v\u00fd\u0161ok m\u00f4\u017eu&nbsp;...","og_url":"https:\/\/alexnabytok.sk\/skolskynabytok\/kategoria\/skolske-stoly-a-stolicky\/nabytok-pre-celodennu-vyucbu\/nabytkova-zostava-flex\/","og_site_name":"\u0160KOLSK\u00dd N\u00c1BYTOK","article_modified_time":"2022-03-23T11:51:51+00:00","og_image":[{"width":800,"height":560,"url":"https:\/\/alexnabytok.sk\/skolskynabytok\/wp-content\/uploads\/2017\/05\/Iskolabutor_01_Egesznapos_oktatas_butorai-05_Ultraflex_butorcsalad.jpg","type":"image\/jpeg"}],"twitter_card":"summary_large_image","twitter_misc":{"Est. reading time":"1 minute"},"schema":{"@context":"https:\/\/schema.org","@graph":[{"@type":"WebPage","@id":"https:\/\/alexnabytok.sk\/skolskynabytok\/kategoria\/skolske-stoly-a-stolicky\/nabytok-pre-celodennu-vyucbu\/nabytkova-zostava-flex\/","url":"https:\/\/alexnabytok.sk\/skolskynabytok\/kategoria\/skolske-stoly-a-stolicky\/nabytok-pre-celodennu-vyucbu\/nabytkova-zostava-flex\/","name":"N\u00e1bytkov\u00e1 zostava Flex - \u0160KOLSK\u00dd N\u00c1BYTOK","isPartOf":{"@id":"https:\/\/alexnabytok.sk\/skolskynabytok\/#website"},"primaryImageOfPage":{"@id":"https:\/\/alexnabytok.sk\/skolskynabytok\/kategoria\/skolske-stoly-a-stolicky\/nabytok-pre-celodennu-vyucbu\/nabytkova-zostava-flex\/#primaryimage"},"image":{"@id":"https:\/\/alexnabytok.sk\/skolskynabytok\/kategoria\/skolske-stoly-a-stolicky\/nabytok-pre-celodennu-vyucbu\/nabytkova-zostava-flex\/#primaryimage"},"thumbnailUrl":"https:\/\/alexnabytok.sk\/skolskynabytok\/wp-content\/uploads\/2017\/05\/Iskolabutor_01_Egesznapos_oktatas_butorai-05_Ultraflex_butorcsalad.jpg","datePublished":"2017-05-24T09:43:00+00:00","dateModified":"2022-03-23T11:51:51+00:00","breadcrumb":{"@id":"https:\/\/alexnabytok.sk\/skolskynabytok\/kategoria\/skolske-stoly-a-stolicky\/nabytok-pre-celodennu-vyucbu\/nabytkova-zostava-flex\/#breadcrumb"},"inLanguage":"en-US","potentialAction":[{"@type":"ReadAction","target":["https:\/\/alexnabytok.sk\/skolskynabytok\/kategoria\/skolske-stoly-a-stolicky\/nabytok-pre-celodennu-vyucbu\/nabytkova-zostava-flex\/"]}]},{"@type":"ImageObject","inLanguage":"en-US","@id":"https:\/\/alexnabytok.sk\/skolskynabytok\/kategoria\/skolske-stoly-a-stolicky\/nabytok-pre-celodennu-vyucbu\/nabytkova-zostava-flex\/#primaryimage","url":"https:\/\/alexnabytok.sk\/skolskynabytok\/wp-content\/uploads\/2017\/05\/Iskolabutor_01_Egesznapos_oktatas_butorai-05_Ultraflex_butorcsalad.jpg","contentUrl":"https:\/\/alexnabytok.sk\/skolskynabytok\/wp-content\/uploads\/2017\/05\/Iskolabutor_01_Egesznapos_oktatas_butorai-05_Ultraflex_butorcsalad.jpg","width":800,"height":560},{"@type":"BreadcrumbList","@id":"https:\/\/alexnabytok.sk\/skolskynabytok\/kategoria\/skolske-stoly-a-stolicky\/nabytok-pre-celodennu-vyucbu\/nabytkova-zostava-flex\/#breadcrumb","itemListElement":[{"@type":"ListItem","position":1,"name":"Home","item":"https:\/\/alexnabytok.sk\/skolskynabytok\/"},{"@type":"ListItem","position":2,"name":"Produkty","item":"https:\/\/alexnabytok.sk\/skolskynabytok\/kategoria\/"},{"@type":"ListItem","position":3,"name":"\u0160kolsk\u00e9 stoly a stoli\u010dky","item":"https:\/\/alexnabytok.sk\/skolskynabytok\/kategoria\/skolske-stoly-a-stolicky\/"},{"@type":"ListItem","position":4,"name":"N\u00e1bytok pre celodenn\u00fa v\u00fdu\u010dbu","item":"https:\/\/alexnabytok.sk\/skolskynabytok\/kategoria\/skolske-stoly-a-stolicky\/nabytok-pre-celodennu-vyucbu\/"},{"@type":"ListItem","position":5,"name":"N\u00e1bytkov\u00e1 zostava Flex"}]},{"@type":"WebSite","@id":"https:\/\/alexnabytok.sk\/skolskynabytok\/#website","url":"https:\/\/alexnabytok.sk\/skolskynabytok\/","name":"\u0160KOLSK\u00dd N\u00c1BYTOK","description":"Alex kovov\u00fd a \u0161kolsk\u00fd n\u00e1bytok s.r.o.","potentialAction":[{"@type":"SearchAction","target":{"@type":"EntryPoint","urlTemplate":"https:\/\/alexnabytok.sk\/skolskynabytok\/?s={search_term_string}"},"query-input":{"@type":"PropertyValueSpecification","valueRequired":true,"valueName":"search_term_string"}}],"inLanguage":"en-US"}]}},"_links":{"self":[{"href":"https:\/\/alexnabytok.sk\/skolskynabytok\/wp-json\/wp\/v2\/pages\/48423","targetHints":{"allow":["GET"]}}],"collection":[{"href":"https:\/\/alexnabytok.sk\/skolskynabytok\/wp-json\/wp\/v2\/pages"}],"about":[{"href":"https:\/\/alexnabytok.sk\/skolskynabytok\/wp-json\/wp\/v2\/types\/page"}],"author":[{"embeddable":true,"href":"https:\/\/alexnabytok.sk\/skolskynabytok\/wp-json\/wp\/v2\/users\/1"}],"replies":[{"embeddable":true,"href":"https:\/\/alexnabytok.sk\/skolskynabytok\/wp-json\/wp\/v2\/comments?post=48423"}],"version-history":[{"count":5,"href":"https:\/\/alexnabytok.sk\/skolskynabytok\/wp-json\/wp\/v2\/pages\/48423\/revisions"}],"predecessor-version":[{"id":98288,"href":"https:\/\/alexnabytok.sk\/skolskynabytok\/wp-json\/wp\/v2\/pages\/48423\/revisions\/98288"}],"up":[{"embeddable":true,"href":"https:\/\/alexnabytok.sk\/skolskynabytok\/wp-json\/wp\/v2\/pages\/48413"}],"wp:featuredmedia":[{"embeddable":true,"href":"https:\/\/alexnabytok.sk\/skolskynabytok\/wp-json\/wp\/v2\/media\/71568"}],"wp:attachment":[{"href":"https:\/\/alexnabytok.sk\/skolskynabytok\/wp-json\/wp\/v2\/media?parent=48423"}],"curies":[{"name":"wp","href":"https:\/\/api.w.org\/{rel}","templated":true}]}}