{"id":48433,"date":"2017-05-24T09:44:38","date_gmt":"2017-05-24T09:44:38","guid":{"rendered":"http:\/\/alexbutor.hu\/iskolabutor\/?page_id=48433"},"modified":"2022-03-23T10:18:52","modified_gmt":"2022-03-23T10:18:52","slug":"zakladne-skolske-zostavy","status":"publish","type":"page","link":"https:\/\/alexnabytok.sk\/skolskynabytok\/kategoria\/skolske-stoly-a-stolicky\/zakladne-skolske-zostavy\/","title":{"rendered":"Z\u00e1kladn\u00e9 \u0161kolsk\u00e9 zostavy"},"content":{"rendered":"\r\n\t<li class=\"portfolio_item isotope-item\"><div class=\"portfolio_item_holder\"><figure class=\"thumbnail thumbnail__portfolio\"><a href=\"https:\/\/alexnabytok.sk\/skolskynabytok\/kategoria\/skolske-stoly-a-stolicky\/zakladne-skolske-zostavy\/alex-fix\/#\" class=\"image-wrap\"><img decoding=\"async\" src=\"https:\/\/alexnabytok.sk\/skolskynabytok\/wp-content\/uploads\/2020\/07\/KexFix_800x560.jpg\" alt=\"Alex Fix\"><\/a><\/figure><div class=\"caption caption__portfolio\"><h3><a href=\"https:\/\/alexnabytok.sk\/skolskynabytok\/kategoria\/skolske-stoly-a-stolicky\/zakladne-skolske-zostavy\/alex-fix\/#\">Alex Fix<\/a><\/h3><\/div><\/div><\/li>\n\r\n\t<li class=\"portfolio_item isotope-item\"><div class=\"portfolio_item_holder\"><figure class=\"thumbnail thumbnail__portfolio\"><a href=\"https:\/\/alexnabytok.sk\/skolskynabytok\/kategoria\/skolske-stoly-a-stolicky\/zakladne-skolske-zostavy\/nabytkova-zostava-derby\/\" class=\"image-wrap\"><img decoding=\"async\" src=\"https:\/\/alexnabytok.sk\/skolskynabytok\/wp-content\/uploads\/2017\/05\/Iskolabutor_02_Frontalis_oktatas_butorai-01_Derby_butorcsalad.jpg\" alt=\"N\u00e1bytkov\u00e1 zostava DERBY\"><\/a><\/figure><div class=\"caption caption__portfolio\"><h3><a href=\"https:\/\/alexnabytok.sk\/skolskynabytok\/kategoria\/skolske-stoly-a-stolicky\/zakladne-skolske-zostavy\/nabytkova-zostava-derby\/\">N\u00e1bytkov\u00e1 zostava DERBY<\/a><\/h3><\/div><\/div><\/li>\n\r\n\t<li class=\"portfolio_item isotope-item\"><div class=\"portfolio_item_holder\"><figure class=\"thumbnail thumbnail__portfolio\"><a href=\"https:\/\/alexnabytok.sk\/skolskynabytok\/kategoria\/skolske-stoly-a-stolicky\/zakladne-skolske-zostavy\/nabytkova-zostava-nora\/\" class=\"image-wrap\"><img decoding=\"async\" src=\"https:\/\/alexnabytok.sk\/skolskynabytok\/wp-content\/uploads\/2017\/05\/Iskolabutor_02_Frontalis_oktatas_butorai-02_Nora_butorcsalad.jpg\" alt=\"N\u00e1bytkov\u00e1 zostava NORA\"><\/a><\/figure><div class=\"caption caption__portfolio\"><h3><a href=\"https:\/\/alexnabytok.sk\/skolskynabytok\/kategoria\/skolske-stoly-a-stolicky\/zakladne-skolske-zostavy\/nabytkova-zostava-nora\/\">N\u00e1bytkov\u00e1 zostava NORA<\/a><\/h3><\/div><\/div><\/li>\n\r\n\t<li class=\"portfolio_item isotope-item\"><div class=\"portfolio_item_holder\"><figure class=\"thumbnail thumbnail__portfolio\"><a href=\"https:\/\/alexnabytok.sk\/skolskynabytok\/kategoria\/skolske-stoly-a-stolicky\/zakladne-skolske-zostavy\/nabytkova-zostava-bond\/\" class=\"image-wrap\"><img decoding=\"async\" src=\"https:\/\/alexnabytok.sk\/skolskynabytok\/wp-content\/uploads\/2017\/05\/Iskolabutor_02_Frontalis_oktatas_butorai-03_Botond_butorcsalad.jpg\" alt=\"N\u00e1bytkov\u00e1 zostava BOND\"><\/a><\/figure><div class=\"caption caption__portfolio\"><h3><a href=\"https:\/\/alexnabytok.sk\/skolskynabytok\/kategoria\/skolske-stoly-a-stolicky\/zakladne-skolske-zostavy\/nabytkova-zostava-bond\/\">N\u00e1bytkov\u00e1 zostava BOND<\/a><\/h3><\/div><\/div><\/li>\n\r\n\t<li class=\"portfolio_item isotope-item\"><div class=\"portfolio_item_holder\"><figure class=\"thumbnail thumbnail__portfolio\"><a href=\"https:\/\/alexnabytok.sk\/skolskynabytok\/kategoria\/skolske-stoly-a-stolicky\/zakladne-skolske-zostavy\/alex-fix\/\" class=\"image-wrap\"><img decoding=\"async\" src=\"https:\/\/alexnabytok.sk\/skolskynabytok\/wp-content\/uploads\/2020\/07\/GeoSpecial_800x560.jpg\" alt=\"Geo \u0161peci\u00e1l\"><\/a><\/figure><div class=\"caption caption__portfolio\"><h3><a href=\"https:\/\/alexnabytok.sk\/skolskynabytok\/kategoria\/skolske-stoly-a-stolicky\/zakladne-skolske-zostavy\/alex-fix\/\">Geo \u0161peci\u00e1l<\/a><\/h3><\/div><\/div><\/li>\n\r\n\t<li class=\"portfolio_item isotope-item\"><div class=\"portfolio_item_holder\"><figure class=\"thumbnail thumbnail__portfolio\"><a href=\"https:\/\/alexnabytok.sk\/skolskynabytok\/kategoria\/skolske-stoly-a-stolicky\/zakladne-skolske-zostavy\/nabytkova-zostava-geo-linea\/\" class=\"image-wrap\"><img decoding=\"async\" src=\"https:\/\/alexnabytok.sk\/skolskynabytok\/wp-content\/uploads\/2017\/05\/Iskolabutor_02_Frontalis_oktatas_butorai-05_GEO_Linea_butorcsalad.jpg\" alt=\"N\u00e1bytkov\u00e1 zostava GEO Linea\"><\/a><\/figure><div class=\"caption caption__portfolio\"><h3><a href=\"https:\/\/alexnabytok.sk\/skolskynabytok\/kategoria\/skolske-stoly-a-stolicky\/zakladne-skolske-zostavy\/nabytkova-zostava-geo-linea\/\">N\u00e1bytkov\u00e1 zostava GEO Linea<\/a><\/h3><\/div><\/div><\/li>\n\r\n\t<li class=\"portfolio_item isotope-item\"><div class=\"portfolio_item_holder\"><figure class=\"thumbnail thumbnail__portfolio\"><a href=\"https:\/\/alexnabytok.sk\/skolskynabytok\/kategoria\/skolske-stoly-a-stolicky\/zakladne-skolske-zostavy\/stoly-z-jokloviny\/\" class=\"image-wrap\"><img decoding=\"async\" src=\"https:\/\/alexnabytok.sk\/skolskynabytok\/wp-content\/uploads\/2017\/05\/Iskolabutor_02_Frontalis_oktatas_butorai-06_Negyzetcsovazas_asztalok.jpg\" alt=\"Stoly z jokloviny\"><\/a><\/figure><div class=\"caption caption__portfolio\"><h3><a href=\"https:\/\/alexnabytok.sk\/skolskynabytok\/kategoria\/skolske-stoly-a-stolicky\/zakladne-skolske-zostavy\/stoly-z-jokloviny\/\">Stoly z jokloviny<\/a><\/h3><\/div><\/div><\/li>\n\r\n\t<li class=\"portfolio_item isotope-item\"><div class=\"portfolio_item_holder\"><figure class=\"thumbnail thumbnail__portfolio\"><a href=\"https:\/\/alexnabytok.sk\/skolskynabytok\/kategoria\/skolske-stoly-a-stolicky\/zakladne-skolske-zostavy\/stolicky-do-ucebne\/\" class=\"image-wrap\"><img decoding=\"async\" src=\"https:\/\/alexnabytok.sk\/skolskynabytok\/wp-content\/uploads\/2017\/05\/Iskolabutor_02_Frontalis_oktatas_butorai-07_Tantermi_szekek.jpg\" alt=\"Stoli\u010dky do u\u010debne\"><\/a><\/figure><div class=\"caption caption__portfolio\"><h3><a href=\"https:\/\/alexnabytok.sk\/skolskynabytok\/kategoria\/skolske-stoly-a-stolicky\/zakladne-skolske-zostavy\/stolicky-do-ucebne\/\">Stoli\u010dky do u\u010debne<\/a><\/h3><\/div><\/div><\/li>\n\r\n\t<li class=\"portfolio_item isotope-item\"><div class=\"portfolio_item_holder\"><figure class=\"thumbnail thumbnail__portfolio\"><a href=\"https:\/\/alexnabytok.sk\/skolskynabytok\/kategoria\/skolske-stoly-a-stolicky\/zakladne-skolske-zostavy\/nabytkova-zostava-atlas\/\" class=\"image-wrap\"><img decoding=\"async\" src=\"https:\/\/alexnabytok.sk\/skolskynabytok\/wp-content\/uploads\/2017\/05\/Iskolabutor_02_Frontalis_oktatas_butorai-10_Atlasz_butorcsalad-1.jpg\" alt=\"N\u00e1bytkov\u00e1 zostava ATLAS\"><\/a><\/figure><div class=\"caption caption__portfolio\"><h3><a href=\"https:\/\/alexnabytok.sk\/skolskynabytok\/kategoria\/skolske-stoly-a-stolicky\/zakladne-skolske-zostavy\/nabytkova-zostava-atlas\/\">N\u00e1bytkov\u00e1 zostava ATLAS<\/a><\/h3><\/div><\/div><\/li>\n\r\n\t<li class=\"portfolio_item isotope-item\"><div class=\"portfolio_item_holder\"><figure class=\"thumbnail thumbnail__portfolio\"><a href=\"https:\/\/alexnabytok.sk\/skolskynabytok\/kategoria\/skolske-stoly-a-stolicky\/zakladne-skolske-zostavy\/bezbarierovy-nabytok\/\" class=\"image-wrap\"><img decoding=\"async\" src=\"https:\/\/alexnabytok.sk\/skolskynabytok\/wp-content\/uploads\/2022\/03\/Kategoria_kepek_800x56012.jpg\" alt=\"Bezbari\u00e9rov\u00fd n\u00e1bytok\"><\/a><\/figure><div class=\"caption caption__portfolio\"><h3><a href=\"https:\/\/alexnabytok.sk\/skolskynabytok\/kategoria\/skolske-stoly-a-stolicky\/zakladne-skolske-zostavy\/bezbarierovy-nabytok\/\">Bezbari\u00e9rov\u00fd n\u00e1bytok<\/a><\/h3><\/div><\/div><\/li>\n\r\n\t<li class=\"portfolio_item isotope-item\"><div class=\"portfolio_item_holder\"><figure class=\"thumbnail thumbnail__portfolio\"><a href=\"https:\/\/alexnabytok.sk\/skolskynabytok\/kategoria\/skolske-stoly-a-stolicky\/zakladne-skolske-zostavy\/soliwood-stolicky\/\" class=\"image-wrap\"><img decoding=\"async\" src=\"https:\/\/alexnabytok.sk\/skolskynabytok\/wp-content\/uploads\/2017\/05\/Iskolabutor_02_Frontalis_oktatas_butorai-15_Soliwood_szekek.jpg\" alt=\"Soliwood stoli\u010dky\"><\/a><\/figure><div class=\"caption caption__portfolio\"><h3><a href=\"https:\/\/alexnabytok.sk\/skolskynabytok\/kategoria\/skolske-stoly-a-stolicky\/zakladne-skolske-zostavy\/soliwood-stolicky\/\">Soliwood stoli\u010dky<\/a><\/h3><\/div><\/div><\/li>\n\r\n\t<li class=\"portfolio_item isotope-item\"><div class=\"portfolio_item_holder\"><figure class=\"thumbnail thumbnail__portfolio\"><a href=\"https:\/\/alexnabytok.sk\/skolskynabytok\/kategoria\/skolske-stoly-a-stolicky\/nabytok-pre-celodennu-vyucbu\/ergolflex-stolicky\/\" class=\"image-wrap\"><img decoding=\"async\" src=\"https:\/\/alexnabytok.sk\/skolskynabytok\/wp-content\/uploads\/2018\/09\/ERGOFLEX_800x560_kategoria_kep.jpg\" alt=\"Ergolflex stoli\u010dky\"><\/a><\/figure><div class=\"caption caption__portfolio\"><h3><a href=\"https:\/\/alexnabytok.sk\/skolskynabytok\/kategoria\/skolske-stoly-a-stolicky\/nabytok-pre-celodennu-vyucbu\/ergolflex-stolicky\/\">Ergolflex stoli\u010dky<\/a><\/h3><\/div><\/div><\/li>\n\r\n\t<li class=\"portfolio_item isotope-item\"><div class=\"portfolio_item_holder\"><figure class=\"thumbnail thumbnail__portfolio\"><a href=\"https:\/\/alexnabytok.sk\/skolskynabytok\/kategoria\/skolske-stoly-a-stolicky\/zakladne-skolske-zostavy\/nahradne-diely\/\" class=\"image-wrap\"><img decoding=\"async\" src=\"https:\/\/alexnabytok.sk\/skolskynabytok\/wp-content\/uploads\/2017\/05\/Iskolabutor_02_Frontalis_oktatas_butorai-18_Potalkatreszek.jpg\" alt=\"N\u00e1hradn\u00e9 diely\"><\/a><\/figure><div class=\"caption caption__portfolio\"><h3><a href=\"https:\/\/alexnabytok.sk\/skolskynabytok\/kategoria\/skolske-stoly-a-stolicky\/zakladne-skolske-zostavy\/nahradne-diely\/\">N\u00e1hradn\u00e9 diely<\/a><\/h3><\/div><\/div><\/li>\n","protected":false},"excerpt":{"rendered":"","protected":false},"author":1,"featured_media":71548,"parent":48411,"menu_order":0,"comment_status":"closed","ping_status":"closed","template":"page-Portfolio4Cols-alexsub.php","meta":{"footnotes":""},"class_list":["post-48433","page","type-page","status-publish","has-post-thumbnail","hentry"],"yoast_head":"<!-- This site is optimized with the Yoast SEO plugin v24.7 - https:\/\/yoast.com\/wordpress\/plugins\/seo\/ -->\n<title>Z\u00e1kladn\u00e9 \u0161kolsk\u00e9 zostavy - \u0160KOLSK\u00dd N\u00c1BYTOK<\/title>\n<meta name=\"robots\" content=\"index, follow, max-snippet:-1, max-image-preview:large, max-video-preview:-1\" \/>\n<link rel=\"canonical\" href=\"https:\/\/alexnabytok.sk\/skolskynabytok\/kategoria\/skolske-stoly-a-stolicky\/zakladne-skolske-zostavy\/\" \/>\n<meta property=\"og:locale\" content=\"sk_SK\" \/>\n<meta property=\"og:type\" content=\"article\" \/>\n<meta property=\"og:title\" content=\"Z\u00e1kladn\u00e9 \u0161kolsk\u00e9 zostavy - \u0160KOLSK\u00dd N\u00c1BYTOK\" \/>\n<meta property=\"og:url\" content=\"https:\/\/alexnabytok.sk\/skolskynabytok\/kategoria\/skolske-stoly-a-stolicky\/zakladne-skolske-zostavy\/\" \/>\n<meta property=\"og:site_name\" content=\"\u0160KOLSK\u00dd N\u00c1BYTOK\" \/>\n<meta property=\"article:modified_time\" content=\"2022-03-23T10:18:52+00:00\" \/>\n<meta property=\"og:image\" content=\"https:\/\/alexnabytok.sk\/skolskynabytok\/wp-content\/uploads\/2017\/06\/Iskolabutor_02_Frontalis_oktatas_butorai-00.jpg\" \/>\n\t<meta property=\"og:image:width\" content=\"800\" \/>\n\t<meta property=\"og:image:height\" content=\"560\" \/>\n\t<meta property=\"og:image:type\" content=\"image\/jpeg\" \/>\n<meta name=\"twitter:card\" content=\"summary_large_image\" \/>\n<meta name=\"twitter:label1\" content=\"Est. reading time\" \/>\n\t<meta name=\"twitter:data1\" content=\"2 minutes\" \/>\n<script type=\"application\/ld+json\" class=\"yoast-schema-graph\">{\"@context\":\"https:\/\/schema.org\",\"@graph\":[{\"@type\":\"WebPage\",\"@id\":\"https:\/\/alexnabytok.sk\/skolskynabytok\/kategoria\/skolske-stoly-a-stolicky\/zakladne-skolske-zostavy\/\",\"url\":\"https:\/\/alexnabytok.sk\/skolskynabytok\/kategoria\/skolske-stoly-a-stolicky\/zakladne-skolske-zostavy\/\",\"name\":\"Z\u00e1kladn\u00e9 \u0161kolsk\u00e9 zostavy - \u0160KOLSK\u00dd N\u00c1BYTOK\",\"isPartOf\":{\"@id\":\"https:\/\/alexnabytok.sk\/skolskynabytok\/#website\"},\"primaryImageOfPage\":{\"@id\":\"https:\/\/alexnabytok.sk\/skolskynabytok\/kategoria\/skolske-stoly-a-stolicky\/zakladne-skolske-zostavy\/#primaryimage\"},\"image\":{\"@id\":\"https:\/\/alexnabytok.sk\/skolskynabytok\/kategoria\/skolske-stoly-a-stolicky\/zakladne-skolske-zostavy\/#primaryimage\"},\"thumbnailUrl\":\"https:\/\/alexnabytok.sk\/skolskynabytok\/wp-content\/uploads\/2017\/06\/Iskolabutor_02_Frontalis_oktatas_butorai-00.jpg\",\"datePublished\":\"2017-05-24T09:44:38+00:00\",\"dateModified\":\"2022-03-23T10:18:52+00:00\",\"breadcrumb\":{\"@id\":\"https:\/\/alexnabytok.sk\/skolskynabytok\/kategoria\/skolske-stoly-a-stolicky\/zakladne-skolske-zostavy\/#breadcrumb\"},\"inLanguage\":\"en-US\",\"potentialAction\":[{\"@type\":\"ReadAction\",\"target\":[\"https:\/\/alexnabytok.sk\/skolskynabytok\/kategoria\/skolske-stoly-a-stolicky\/zakladne-skolske-zostavy\/\"]}]},{\"@type\":\"ImageObject\",\"inLanguage\":\"en-US\",\"@id\":\"https:\/\/alexnabytok.sk\/skolskynabytok\/kategoria\/skolske-stoly-a-stolicky\/zakladne-skolske-zostavy\/#primaryimage\",\"url\":\"https:\/\/alexnabytok.sk\/skolskynabytok\/wp-content\/uploads\/2017\/06\/Iskolabutor_02_Frontalis_oktatas_butorai-00.jpg\",\"contentUrl\":\"https:\/\/alexnabytok.sk\/skolskynabytok\/wp-content\/uploads\/2017\/06\/Iskolabutor_02_Frontalis_oktatas_butorai-00.jpg\",\"width\":800,\"height\":560},{\"@type\":\"BreadcrumbList\",\"@id\":\"https:\/\/alexnabytok.sk\/skolskynabytok\/kategoria\/skolske-stoly-a-stolicky\/zakladne-skolske-zostavy\/#breadcrumb\",\"itemListElement\":[{\"@type\":\"ListItem\",\"position\":1,\"name\":\"Home\",\"item\":\"https:\/\/alexnabytok.sk\/skolskynabytok\/\"},{\"@type\":\"ListItem\",\"position\":2,\"name\":\"Produkty\",\"item\":\"https:\/\/alexnabytok.sk\/skolskynabytok\/kategoria\/\"},{\"@type\":\"ListItem\",\"position\":3,\"name\":\"\u0160kolsk\u00e9 stoly a stoli\u010dky\",\"item\":\"https:\/\/alexnabytok.sk\/skolskynabytok\/kategoria\/skolske-stoly-a-stolicky\/\"},{\"@type\":\"ListItem\",\"position\":4,\"name\":\"Z\u00e1kladn\u00e9 \u0161kolsk\u00e9 zostavy\"}]},{\"@type\":\"WebSite\",\"@id\":\"https:\/\/alexnabytok.sk\/skolskynabytok\/#website\",\"url\":\"https:\/\/alexnabytok.sk\/skolskynabytok\/\",\"name\":\"\u0160KOLSK\u00dd N\u00c1BYTOK\",\"description\":\"Alex kovov\u00fd a \u0161kolsk\u00fd n\u00e1bytok s.r.o.\",\"potentialAction\":[{\"@type\":\"SearchAction\",\"target\":{\"@type\":\"EntryPoint\",\"urlTemplate\":\"https:\/\/alexnabytok.sk\/skolskynabytok\/?s={search_term_string}\"},\"query-input\":{\"@type\":\"PropertyValueSpecification\",\"valueRequired\":true,\"valueName\":\"search_term_string\"}}],\"inLanguage\":\"en-US\"}]}<\/script>\n<!-- \/ Yoast SEO plugin. -->","yoast_head_json":{"title":"Z\u00e1kladn\u00e9 \u0161kolsk\u00e9 zostavy - \u0160KOLSK\u00dd N\u00c1BYTOK","robots":{"index":"index","follow":"follow","max-snippet":"max-snippet:-1","max-image-preview":"max-image-preview:large","max-video-preview":"max-video-preview:-1"},"canonical":"https:\/\/alexnabytok.sk\/skolskynabytok\/kategoria\/skolske-stoly-a-stolicky\/zakladne-skolske-zostavy\/","og_locale":"sk_SK","og_type":"article","og_title":"Z\u00e1kladn\u00e9 \u0161kolsk\u00e9 zostavy - \u0160KOLSK\u00dd N\u00c1BYTOK","og_url":"https:\/\/alexnabytok.sk\/skolskynabytok\/kategoria\/skolske-stoly-a-stolicky\/zakladne-skolske-zostavy\/","og_site_name":"\u0160KOLSK\u00dd N\u00c1BYTOK","article_modified_time":"2022-03-23T10:18:52+00:00","og_image":[{"width":800,"height":560,"url":"https:\/\/alexnabytok.sk\/skolskynabytok\/wp-content\/uploads\/2017\/06\/Iskolabutor_02_Frontalis_oktatas_butorai-00.jpg","type":"image\/jpeg"}],"twitter_card":"summary_large_image","twitter_misc":{"Est. reading time":"2 minutes"},"schema":{"@context":"https:\/\/schema.org","@graph":[{"@type":"WebPage","@id":"https:\/\/alexnabytok.sk\/skolskynabytok\/kategoria\/skolske-stoly-a-stolicky\/zakladne-skolske-zostavy\/","url":"https:\/\/alexnabytok.sk\/skolskynabytok\/kategoria\/skolske-stoly-a-stolicky\/zakladne-skolske-zostavy\/","name":"Z\u00e1kladn\u00e9 \u0161kolsk\u00e9 zostavy - \u0160KOLSK\u00dd N\u00c1BYTOK","isPartOf":{"@id":"https:\/\/alexnabytok.sk\/skolskynabytok\/#website"},"primaryImageOfPage":{"@id":"https:\/\/alexnabytok.sk\/skolskynabytok\/kategoria\/skolske-stoly-a-stolicky\/zakladne-skolske-zostavy\/#primaryimage"},"image":{"@id":"https:\/\/alexnabytok.sk\/skolskynabytok\/kategoria\/skolske-stoly-a-stolicky\/zakladne-skolske-zostavy\/#primaryimage"},"thumbnailUrl":"https:\/\/alexnabytok.sk\/skolskynabytok\/wp-content\/uploads\/2017\/06\/Iskolabutor_02_Frontalis_oktatas_butorai-00.jpg","datePublished":"2017-05-24T09:44:38+00:00","dateModified":"2022-03-23T10:18:52+00:00","breadcrumb":{"@id":"https:\/\/alexnabytok.sk\/skolskynabytok\/kategoria\/skolske-stoly-a-stolicky\/zakladne-skolske-zostavy\/#breadcrumb"},"inLanguage":"en-US","potentialAction":[{"@type":"ReadAction","target":["https:\/\/alexnabytok.sk\/skolskynabytok\/kategoria\/skolske-stoly-a-stolicky\/zakladne-skolske-zostavy\/"]}]},{"@type":"ImageObject","inLanguage":"en-US","@id":"https:\/\/alexnabytok.sk\/skolskynabytok\/kategoria\/skolske-stoly-a-stolicky\/zakladne-skolske-zostavy\/#primaryimage","url":"https:\/\/alexnabytok.sk\/skolskynabytok\/wp-content\/uploads\/2017\/06\/Iskolabutor_02_Frontalis_oktatas_butorai-00.jpg","contentUrl":"https:\/\/alexnabytok.sk\/skolskynabytok\/wp-content\/uploads\/2017\/06\/Iskolabutor_02_Frontalis_oktatas_butorai-00.jpg","width":800,"height":560},{"@type":"BreadcrumbList","@id":"https:\/\/alexnabytok.sk\/skolskynabytok\/kategoria\/skolske-stoly-a-stolicky\/zakladne-skolske-zostavy\/#breadcrumb","itemListElement":[{"@type":"ListItem","position":1,"name":"Home","item":"https:\/\/alexnabytok.sk\/skolskynabytok\/"},{"@type":"ListItem","position":2,"name":"Produkty","item":"https:\/\/alexnabytok.sk\/skolskynabytok\/kategoria\/"},{"@type":"ListItem","position":3,"name":"\u0160kolsk\u00e9 stoly a stoli\u010dky","item":"https:\/\/alexnabytok.sk\/skolskynabytok\/kategoria\/skolske-stoly-a-stolicky\/"},{"@type":"ListItem","position":4,"name":"Z\u00e1kladn\u00e9 \u0161kolsk\u00e9 zostavy"}]},{"@type":"WebSite","@id":"https:\/\/alexnabytok.sk\/skolskynabytok\/#website","url":"https:\/\/alexnabytok.sk\/skolskynabytok\/","name":"\u0160KOLSK\u00dd N\u00c1BYTOK","description":"Alex kovov\u00fd a \u0161kolsk\u00fd n\u00e1bytok s.r.o.","potentialAction":[{"@type":"SearchAction","target":{"@type":"EntryPoint","urlTemplate":"https:\/\/alexnabytok.sk\/skolskynabytok\/?s={search_term_string}"},"query-input":{"@type":"PropertyValueSpecification","valueRequired":true,"valueName":"search_term_string"}}],"inLanguage":"en-US"}]}},"_links":{"self":[{"href":"https:\/\/alexnabytok.sk\/skolskynabytok\/wp-json\/wp\/v2\/pages\/48433","targetHints":{"allow":["GET"]}}],"collection":[{"href":"https:\/\/alexnabytok.sk\/skolskynabytok\/wp-json\/wp\/v2\/pages"}],"about":[{"href":"https:\/\/alexnabytok.sk\/skolskynabytok\/wp-json\/wp\/v2\/types\/page"}],"author":[{"embeddable":true,"href":"https:\/\/alexnabytok.sk\/skolskynabytok\/wp-json\/wp\/v2\/users\/1"}],"replies":[{"embeddable":true,"href":"https:\/\/alexnabytok.sk\/skolskynabytok\/wp-json\/wp\/v2\/comments?post=48433"}],"version-history":[{"count":10,"href":"https:\/\/alexnabytok.sk\/skolskynabytok\/wp-json\/wp\/v2\/pages\/48433\/revisions"}],"predecessor-version":[{"id":98252,"href":"https:\/\/alexnabytok.sk\/skolskynabytok\/wp-json\/wp\/v2\/pages\/48433\/revisions\/98252"}],"up":[{"embeddable":true,"href":"https:\/\/alexnabytok.sk\/skolskynabytok\/wp-json\/wp\/v2\/pages\/48411"}],"wp:featuredmedia":[{"embeddable":true,"href":"https:\/\/alexnabytok.sk\/skolskynabytok\/wp-json\/wp\/v2\/media\/71548"}],"wp:attachment":[{"href":"https:\/\/alexnabytok.sk\/skolskynabytok\/wp-json\/wp\/v2\/media?parent=48433"}],"curies":[{"name":"wp","href":"https:\/\/api.w.org\/{rel}","templated":true}]}}