{"id":48473,"date":"2017-05-24T09:51:36","date_gmt":"2017-05-24T09:51:36","guid":{"rendered":"http:\/\/alexbutor.hu\/iskolabutor\/?page_id=48473"},"modified":"2022-03-23T11:53:29","modified_gmt":"2022-03-23T11:53:29","slug":"nabytkova-zostava-flex-justy","status":"publish","type":"page","link":"https:\/\/alexnabytok.sk\/skolskynabytok\/kategoria\/vyskovo-nastavitelne-stoly-a-stolicky\/nabytkova-zostava-flex-justy\/","title":{"rendered":"N\u00e1bytkov\u00e1 zostava Flex Justy"},"content":{"rendered":"<div class=\"yt-row\">\n<div class=\"yt-subrow yt-subrow1\">\n<iframe loading=\"lazy\" width=\"448\" height=\"252\" src=\"https:\/\/www.youtube.com\/embed\/s1F-KiazGg4\" frameborder=\"0\" allow=\"accelerometer; autoplay; clipboard-write; encrypted-media; gyroscope; picture-in-picture\" allowfullscreen><\/iframe>\n<\/div>\n<div class=\"yt-subrow yt-subrow2\">\n<p>Vzdel\u00e1vacie priestory by mali by\u0165 navrhnut\u00e9 tak, aby povzbudzovali a robili ich atrakt\u00edvnymi pre \u0161tudentov a u\u010dite\u013eov. V dizajne sme pova\u017eovali za d\u00f4le\u017eit\u00e9 povzbudi\u0165 \u0161tudentov a u\u010dite\u013eov k prem\u00fd\u0161\u013eaniu pomocou kreat\u00edvnych dizajnov\u00fdch prvkov a materi\u00e1lov. Flex Justy n\u00e1bytkov\u00e1 zostava so \u0161tudentsk\u00fdmi stolmi a stoli\u010dkami poskytuje \u0161tudentom rie\u0161enie, ako vyu\u017ei\u0165 jednoduch\u00e9 a praktick\u00e9 mo\u017enosti usporiadania miestnosti.<\/p>\n<p>Dne\u0161n\u00e9 vzdel\u00e1vacie prostredie mus\u00ed by\u0165 schopn\u00e9 podporova\u0165 \u0161irok\u00fa \u0161k\u00e1lu vyu\u010dovac\u00edch met\u00f3d, vzdel\u00e1vac\u00edch aktiv\u00edt a potrieb \u0161tudentov. Na\u0161e v\u00fd\u0161kovo nastavite\u013en\u00e9, stohovate\u013en\u00e9 stoly Flex Justy s\u00fa V\u00e1m k dispoz\u00edcii, aby splnili v\u0161etky Va\u0161e potreby.<\/p>\n<\/div>\n<\/div>\n","protected":false},"excerpt":{"rendered":"<p>Vzdel\u00e1vacie priestory by mali by\u0165 navrhnut\u00e9 tak, aby povzbudzovali a robili ich atrakt\u00edvnymi pre \u0161tudentov a u\u010dite\u013eov. V dizajne sme pova\u017eovali za d\u00f4le\u017eit\u00e9 povzbudi\u0165 \u0161tudentov a u\u010dite\u013eov k prem\u00fd\u0161\u013eaniu pomocou kreat\u00edvnych dizajnov\u00fdch prvkov a materi\u00e1lov. Flex Justy n\u00e1bytkov\u00e1 zostava so \u0161tudentsk\u00fdmi stolmi a stoli\u010dkami poskytuje \u0161tudentom rie\u0161enie, ako vyu\u017ei\u0165 jednoduch\u00e9 a praktick\u00e9 mo\u017enosti usporiadania miestnosti. Dne\u0161n\u00e9 vzdel\u00e1vacie prostredie mus\u00ed by\u0165&nbsp;<a href=\"https:\/\/alexnabytok.sk\/skolskynabytok\/kategoria\/vyskovo-nastavitelne-stoly-a-stolicky\/nabytkova-zostava-flex-justy\/\" class=\"read-more\">...<\/a><\/p>\n","protected":false},"author":1,"featured_media":71638,"parent":48471,"menu_order":0,"comment_status":"closed","ping_status":"closed","template":"page-Portfolio4Cols-filterable.php","meta":{"footnotes":""},"class_list":["post-48473","page","type-page","status-publish","has-post-thumbnail","hentry"],"yoast_head":"<!-- This site is optimized with the Yoast SEO plugin v24.7 - https:\/\/yoast.com\/wordpress\/plugins\/seo\/ -->\n<title>N\u00e1bytkov\u00e1 zostava Flex Justy - \u0160KOLSK\u00dd N\u00c1BYTOK<\/title>\n<meta name=\"robots\" content=\"index, follow, max-snippet:-1, max-image-preview:large, max-video-preview:-1\" \/>\n<link rel=\"canonical\" href=\"https:\/\/alexnabytok.sk\/skolskynabytok\/kategoria\/vyskovo-nastavitelne-stoly-a-stolicky\/nabytkova-zostava-flex-justy\/\" \/>\n<meta property=\"og:locale\" content=\"sk_SK\" \/>\n<meta property=\"og:type\" content=\"article\" \/>\n<meta property=\"og:title\" content=\"N\u00e1bytkov\u00e1 zostava Flex Justy - \u0160KOLSK\u00dd N\u00c1BYTOK\" \/>\n<meta property=\"og:description\" content=\"Vzdel\u00e1vacie priestory by mali by\u0165 navrhnut\u00e9 tak, aby povzbudzovali a robili ich atrakt\u00edvnymi pre \u0161tudentov a u\u010dite\u013eov. V dizajne sme pova\u017eovali za d\u00f4le\u017eit\u00e9 povzbudi\u0165 \u0161tudentov a u\u010dite\u013eov k prem\u00fd\u0161\u013eaniu pomocou kreat\u00edvnych dizajnov\u00fdch prvkov a materi\u00e1lov. Flex Justy n\u00e1bytkov\u00e1 zostava so \u0161tudentsk\u00fdmi stolmi a stoli\u010dkami poskytuje \u0161tudentom rie\u0161enie, ako vyu\u017ei\u0165 jednoduch\u00e9 a praktick\u00e9 mo\u017enosti usporiadania miestnosti. Dne\u0161n\u00e9 vzdel\u00e1vacie prostredie mus\u00ed by\u0165&nbsp;...\" \/>\n<meta property=\"og:url\" content=\"https:\/\/alexnabytok.sk\/skolskynabytok\/kategoria\/vyskovo-nastavitelne-stoly-a-stolicky\/nabytkova-zostava-flex-justy\/\" \/>\n<meta property=\"og:site_name\" content=\"\u0160KOLSK\u00dd N\u00c1BYTOK\" \/>\n<meta property=\"article:modified_time\" content=\"2022-03-23T11:53:29+00:00\" \/>\n<meta property=\"og:image\" content=\"https:\/\/alexnabytok.sk\/skolskynabytok\/wp-content\/uploads\/2017\/05\/Iskolabutor_03_01_Ultrafelx_Justy_butorcsalad.jpg\" \/>\n\t<meta property=\"og:image:width\" content=\"800\" \/>\n\t<meta property=\"og:image:height\" content=\"560\" \/>\n\t<meta property=\"og:image:type\" content=\"image\/jpeg\" \/>\n<meta name=\"twitter:card\" content=\"summary_large_image\" \/>\n<meta name=\"twitter:label1\" content=\"Est. reading time\" \/>\n\t<meta name=\"twitter:data1\" content=\"1 minute\" \/>\n<script type=\"application\/ld+json\" class=\"yoast-schema-graph\">{\"@context\":\"https:\/\/schema.org\",\"@graph\":[{\"@type\":\"WebPage\",\"@id\":\"https:\/\/alexnabytok.sk\/skolskynabytok\/kategoria\/vyskovo-nastavitelne-stoly-a-stolicky\/nabytkova-zostava-flex-justy\/\",\"url\":\"https:\/\/alexnabytok.sk\/skolskynabytok\/kategoria\/vyskovo-nastavitelne-stoly-a-stolicky\/nabytkova-zostava-flex-justy\/\",\"name\":\"N\u00e1bytkov\u00e1 zostava Flex Justy - \u0160KOLSK\u00dd N\u00c1BYTOK\",\"isPartOf\":{\"@id\":\"https:\/\/alexnabytok.sk\/skolskynabytok\/#website\"},\"primaryImageOfPage\":{\"@id\":\"https:\/\/alexnabytok.sk\/skolskynabytok\/kategoria\/vyskovo-nastavitelne-stoly-a-stolicky\/nabytkova-zostava-flex-justy\/#primaryimage\"},\"image\":{\"@id\":\"https:\/\/alexnabytok.sk\/skolskynabytok\/kategoria\/vyskovo-nastavitelne-stoly-a-stolicky\/nabytkova-zostava-flex-justy\/#primaryimage\"},\"thumbnailUrl\":\"https:\/\/alexnabytok.sk\/skolskynabytok\/wp-content\/uploads\/2017\/05\/Iskolabutor_03_01_Ultrafelx_Justy_butorcsalad.jpg\",\"datePublished\":\"2017-05-24T09:51:36+00:00\",\"dateModified\":\"2022-03-23T11:53:29+00:00\",\"breadcrumb\":{\"@id\":\"https:\/\/alexnabytok.sk\/skolskynabytok\/kategoria\/vyskovo-nastavitelne-stoly-a-stolicky\/nabytkova-zostava-flex-justy\/#breadcrumb\"},\"inLanguage\":\"en-US\",\"potentialAction\":[{\"@type\":\"ReadAction\",\"target\":[\"https:\/\/alexnabytok.sk\/skolskynabytok\/kategoria\/vyskovo-nastavitelne-stoly-a-stolicky\/nabytkova-zostava-flex-justy\/\"]}]},{\"@type\":\"ImageObject\",\"inLanguage\":\"en-US\",\"@id\":\"https:\/\/alexnabytok.sk\/skolskynabytok\/kategoria\/vyskovo-nastavitelne-stoly-a-stolicky\/nabytkova-zostava-flex-justy\/#primaryimage\",\"url\":\"https:\/\/alexnabytok.sk\/skolskynabytok\/wp-content\/uploads\/2017\/05\/Iskolabutor_03_01_Ultrafelx_Justy_butorcsalad.jpg\",\"contentUrl\":\"https:\/\/alexnabytok.sk\/skolskynabytok\/wp-content\/uploads\/2017\/05\/Iskolabutor_03_01_Ultrafelx_Justy_butorcsalad.jpg\",\"width\":800,\"height\":560},{\"@type\":\"BreadcrumbList\",\"@id\":\"https:\/\/alexnabytok.sk\/skolskynabytok\/kategoria\/vyskovo-nastavitelne-stoly-a-stolicky\/nabytkova-zostava-flex-justy\/#breadcrumb\",\"itemListElement\":[{\"@type\":\"ListItem\",\"position\":1,\"name\":\"Home\",\"item\":\"https:\/\/alexnabytok.sk\/skolskynabytok\/\"},{\"@type\":\"ListItem\",\"position\":2,\"name\":\"Produkty\",\"item\":\"https:\/\/alexnabytok.sk\/skolskynabytok\/kategoria\/\"},{\"@type\":\"ListItem\",\"position\":3,\"name\":\"V\u00fd\u0161kovo nastavite\u013en\u00e9 stoly a stoli\u010dky\",\"item\":\"https:\/\/alexnabytok.sk\/skolskynabytok\/kategoria\/vyskovo-nastavitelne-stoly-a-stolicky\/\"},{\"@type\":\"ListItem\",\"position\":4,\"name\":\"N\u00e1bytkov\u00e1 zostava Flex Justy\"}]},{\"@type\":\"WebSite\",\"@id\":\"https:\/\/alexnabytok.sk\/skolskynabytok\/#website\",\"url\":\"https:\/\/alexnabytok.sk\/skolskynabytok\/\",\"name\":\"\u0160KOLSK\u00dd N\u00c1BYTOK\",\"description\":\"Alex kovov\u00fd a \u0161kolsk\u00fd n\u00e1bytok s.r.o.\",\"potentialAction\":[{\"@type\":\"SearchAction\",\"target\":{\"@type\":\"EntryPoint\",\"urlTemplate\":\"https:\/\/alexnabytok.sk\/skolskynabytok\/?s={search_term_string}\"},\"query-input\":{\"@type\":\"PropertyValueSpecification\",\"valueRequired\":true,\"valueName\":\"search_term_string\"}}],\"inLanguage\":\"en-US\"}]}<\/script>\n<!-- \/ Yoast SEO plugin. -->","yoast_head_json":{"title":"N\u00e1bytkov\u00e1 zostava Flex Justy - \u0160KOLSK\u00dd N\u00c1BYTOK","robots":{"index":"index","follow":"follow","max-snippet":"max-snippet:-1","max-image-preview":"max-image-preview:large","max-video-preview":"max-video-preview:-1"},"canonical":"https:\/\/alexnabytok.sk\/skolskynabytok\/kategoria\/vyskovo-nastavitelne-stoly-a-stolicky\/nabytkova-zostava-flex-justy\/","og_locale":"sk_SK","og_type":"article","og_title":"N\u00e1bytkov\u00e1 zostava Flex Justy - \u0160KOLSK\u00dd N\u00c1BYTOK","og_description":"Vzdel\u00e1vacie priestory by mali by\u0165 navrhnut\u00e9 tak, aby povzbudzovali a robili ich atrakt\u00edvnymi pre \u0161tudentov a u\u010dite\u013eov. V dizajne sme pova\u017eovali za d\u00f4le\u017eit\u00e9 povzbudi\u0165 \u0161tudentov a u\u010dite\u013eov k prem\u00fd\u0161\u013eaniu pomocou kreat\u00edvnych dizajnov\u00fdch prvkov a materi\u00e1lov. Flex Justy n\u00e1bytkov\u00e1 zostava so \u0161tudentsk\u00fdmi stolmi a stoli\u010dkami poskytuje \u0161tudentom rie\u0161enie, ako vyu\u017ei\u0165 jednoduch\u00e9 a praktick\u00e9 mo\u017enosti usporiadania miestnosti. Dne\u0161n\u00e9 vzdel\u00e1vacie prostredie mus\u00ed by\u0165&nbsp;...","og_url":"https:\/\/alexnabytok.sk\/skolskynabytok\/kategoria\/vyskovo-nastavitelne-stoly-a-stolicky\/nabytkova-zostava-flex-justy\/","og_site_name":"\u0160KOLSK\u00dd N\u00c1BYTOK","article_modified_time":"2022-03-23T11:53:29+00:00","og_image":[{"width":800,"height":560,"url":"https:\/\/alexnabytok.sk\/skolskynabytok\/wp-content\/uploads\/2017\/05\/Iskolabutor_03_01_Ultrafelx_Justy_butorcsalad.jpg","type":"image\/jpeg"}],"twitter_card":"summary_large_image","twitter_misc":{"Est. reading time":"1 minute"},"schema":{"@context":"https:\/\/schema.org","@graph":[{"@type":"WebPage","@id":"https:\/\/alexnabytok.sk\/skolskynabytok\/kategoria\/vyskovo-nastavitelne-stoly-a-stolicky\/nabytkova-zostava-flex-justy\/","url":"https:\/\/alexnabytok.sk\/skolskynabytok\/kategoria\/vyskovo-nastavitelne-stoly-a-stolicky\/nabytkova-zostava-flex-justy\/","name":"N\u00e1bytkov\u00e1 zostava Flex Justy - \u0160KOLSK\u00dd N\u00c1BYTOK","isPartOf":{"@id":"https:\/\/alexnabytok.sk\/skolskynabytok\/#website"},"primaryImageOfPage":{"@id":"https:\/\/alexnabytok.sk\/skolskynabytok\/kategoria\/vyskovo-nastavitelne-stoly-a-stolicky\/nabytkova-zostava-flex-justy\/#primaryimage"},"image":{"@id":"https:\/\/alexnabytok.sk\/skolskynabytok\/kategoria\/vyskovo-nastavitelne-stoly-a-stolicky\/nabytkova-zostava-flex-justy\/#primaryimage"},"thumbnailUrl":"https:\/\/alexnabytok.sk\/skolskynabytok\/wp-content\/uploads\/2017\/05\/Iskolabutor_03_01_Ultrafelx_Justy_butorcsalad.jpg","datePublished":"2017-05-24T09:51:36+00:00","dateModified":"2022-03-23T11:53:29+00:00","breadcrumb":{"@id":"https:\/\/alexnabytok.sk\/skolskynabytok\/kategoria\/vyskovo-nastavitelne-stoly-a-stolicky\/nabytkova-zostava-flex-justy\/#breadcrumb"},"inLanguage":"en-US","potentialAction":[{"@type":"ReadAction","target":["https:\/\/alexnabytok.sk\/skolskynabytok\/kategoria\/vyskovo-nastavitelne-stoly-a-stolicky\/nabytkova-zostava-flex-justy\/"]}]},{"@type":"ImageObject","inLanguage":"en-US","@id":"https:\/\/alexnabytok.sk\/skolskynabytok\/kategoria\/vyskovo-nastavitelne-stoly-a-stolicky\/nabytkova-zostava-flex-justy\/#primaryimage","url":"https:\/\/alexnabytok.sk\/skolskynabytok\/wp-content\/uploads\/2017\/05\/Iskolabutor_03_01_Ultrafelx_Justy_butorcsalad.jpg","contentUrl":"https:\/\/alexnabytok.sk\/skolskynabytok\/wp-content\/uploads\/2017\/05\/Iskolabutor_03_01_Ultrafelx_Justy_butorcsalad.jpg","width":800,"height":560},{"@type":"BreadcrumbList","@id":"https:\/\/alexnabytok.sk\/skolskynabytok\/kategoria\/vyskovo-nastavitelne-stoly-a-stolicky\/nabytkova-zostava-flex-justy\/#breadcrumb","itemListElement":[{"@type":"ListItem","position":1,"name":"Home","item":"https:\/\/alexnabytok.sk\/skolskynabytok\/"},{"@type":"ListItem","position":2,"name":"Produkty","item":"https:\/\/alexnabytok.sk\/skolskynabytok\/kategoria\/"},{"@type":"ListItem","position":3,"name":"V\u00fd\u0161kovo nastavite\u013en\u00e9 stoly a stoli\u010dky","item":"https:\/\/alexnabytok.sk\/skolskynabytok\/kategoria\/vyskovo-nastavitelne-stoly-a-stolicky\/"},{"@type":"ListItem","position":4,"name":"N\u00e1bytkov\u00e1 zostava Flex Justy"}]},{"@type":"WebSite","@id":"https:\/\/alexnabytok.sk\/skolskynabytok\/#website","url":"https:\/\/alexnabytok.sk\/skolskynabytok\/","name":"\u0160KOLSK\u00dd N\u00c1BYTOK","description":"Alex kovov\u00fd a \u0161kolsk\u00fd n\u00e1bytok s.r.o.","potentialAction":[{"@type":"SearchAction","target":{"@type":"EntryPoint","urlTemplate":"https:\/\/alexnabytok.sk\/skolskynabytok\/?s={search_term_string}"},"query-input":{"@type":"PropertyValueSpecification","valueRequired":true,"valueName":"search_term_string"}}],"inLanguage":"en-US"}]}},"_links":{"self":[{"href":"https:\/\/alexnabytok.sk\/skolskynabytok\/wp-json\/wp\/v2\/pages\/48473","targetHints":{"allow":["GET"]}}],"collection":[{"href":"https:\/\/alexnabytok.sk\/skolskynabytok\/wp-json\/wp\/v2\/pages"}],"about":[{"href":"https:\/\/alexnabytok.sk\/skolskynabytok\/wp-json\/wp\/v2\/types\/page"}],"author":[{"embeddable":true,"href":"https:\/\/alexnabytok.sk\/skolskynabytok\/wp-json\/wp\/v2\/users\/1"}],"replies":[{"embeddable":true,"href":"https:\/\/alexnabytok.sk\/skolskynabytok\/wp-json\/wp\/v2\/comments?post=48473"}],"version-history":[{"count":4,"href":"https:\/\/alexnabytok.sk\/skolskynabytok\/wp-json\/wp\/v2\/pages\/48473\/revisions"}],"predecessor-version":[{"id":98290,"href":"https:\/\/alexnabytok.sk\/skolskynabytok\/wp-json\/wp\/v2\/pages\/48473\/revisions\/98290"}],"up":[{"embeddable":true,"href":"https:\/\/alexnabytok.sk\/skolskynabytok\/wp-json\/wp\/v2\/pages\/48471"}],"wp:featuredmedia":[{"embeddable":true,"href":"https:\/\/alexnabytok.sk\/skolskynabytok\/wp-json\/wp\/v2\/media\/71638"}],"wp:attachment":[{"href":"https:\/\/alexnabytok.sk\/skolskynabytok\/wp-json\/wp\/v2\/media?parent=48473"}],"curies":[{"name":"wp","href":"https:\/\/api.w.org\/{rel}","templated":true}]}}