{"id":48533,"date":"2017-05-24T10:02:06","date_gmt":"2017-05-24T10:02:06","guid":{"rendered":"http:\/\/alexbutor.hu\/iskolabutor\/?page_id=48533"},"modified":"2025-10-13T09:30:55","modified_gmt":"2025-10-13T09:30:55","slug":"nabytok-do-odbornych-tried-a-kniznic","status":"publish","type":"page","link":"https:\/\/alexnabytok.sk\/skolskynabytok\/kategoria\/nabytok-do-odbornych-tried-a-kniznic\/","title":{"rendered":"N\u00e1bytok do odborn\u00fdch tried a kni\u017en\u00edc"},"content":{"rendered":"\r\n\t<li class=\"portfolio_item isotope-item\"><div class=\"portfolio_item_holder\"><figure class=\"thumbnail thumbnail__portfolio\"><a href=\"https:\/\/alexnabytok.sk\/skolskynabytok\/kategoria\/nabytok-do-odbornych-tried-a-kniznic\/nabytok-do-odbornych-ucebni\/\" class=\"image-wrap\"><img decoding=\"async\" src=\"https:\/\/alexnabytok.sk\/skolskynabytok\/wp-content\/uploads\/2017\/05\/Iskolabutor_06_Termeszettudomanyos_oktatas_butorai-00.jpg\" alt=\"N\u00e1bytok do odborn\u00fdch u\u010debn\u00ed\"><\/a><\/figure><div class=\"caption caption__portfolio\"><h3><a href=\"https:\/\/alexnabytok.sk\/skolskynabytok\/kategoria\/nabytok-do-odbornych-tried-a-kniznic\/nabytok-do-odbornych-ucebni\/\">N\u00e1bytok do odborn\u00fdch u\u010debn\u00ed<\/a><\/h3><\/div><\/div><\/li>\n\r\n\t<li class=\"portfolio_item isotope-item\"><div class=\"portfolio_item_holder\"><figure class=\"thumbnail thumbnail__portfolio\"><a href=\"https:\/\/alexnabytok.sk\/skolskynabytok\/kategoria\/nabytok-do-odbornych-tried-a-kniznic\/dielensky-nabytok\/\" class=\"image-wrap\"><img decoding=\"async\" src=\"https:\/\/alexnabytok.sk\/skolskynabytok\/wp-content\/uploads\/2017\/05\/Iskolabutor_07_Muhely_butorok-00.jpg\" alt=\"Dielensk\u00fd n\u00e1bytok\"><\/a><\/figure><div class=\"caption caption__portfolio\"><h3><a href=\"https:\/\/alexnabytok.sk\/skolskynabytok\/kategoria\/nabytok-do-odbornych-tried-a-kniznic\/dielensky-nabytok\/\">Dielensk\u00fd n\u00e1bytok<\/a><\/h3><\/div><\/div><\/li>\n\r\n\t<li class=\"portfolio_item isotope-item\"><div class=\"portfolio_item_holder\"><figure class=\"thumbnail thumbnail__portfolio\"><a href=\"https:\/\/alexnabytok.sk\/skolskynabytok\/kategoria\/nabytok-do-odbornych-tried-a-kniznic\/dielensky-nabytok\/\" class=\"image-wrap\"><img decoding=\"async\" src=\"https:\/\/alexnabytok.sk\/skolskynabytok\/wp-content\/uploads\/2023\/02\/image001.jpg\" alt=\"TECHNIK stoly a stoli\u010dky\"><\/a><\/figure><div class=\"caption caption__portfolio\"><h3><a href=\"https:\/\/alexnabytok.sk\/skolskynabytok\/kategoria\/nabytok-do-odbornych-tried-a-kniznic\/dielensky-nabytok\/\">TECHNIK stoly a stoli\u010dky<\/a><\/h3><\/div><\/div><\/li>\n\r\n\t<li class=\"portfolio_item isotope-item\"><div class=\"portfolio_item_holder\"><figure class=\"thumbnail thumbnail__portfolio\"><a href=\"https:\/\/alexnabytok.sk\/skolskynabytok\/kategoria\/nabytok-do-odbornych-tried-a-kniznic\/technik-stoly-a-stolicky\/\" class=\"image-wrap\"><img decoding=\"async\" src=\"https:\/\/alexnabytok.sk\/skolskynabytok\/wp-content\/uploads\/2017\/05\/Iskolabutor_08_Nyelvi_labor.jpg\" alt=\"Jazykov\u00e9 laborat\u00f3rium\"><\/a><\/figure><div class=\"caption caption__portfolio\"><h3><a href=\"https:\/\/alexnabytok.sk\/skolskynabytok\/kategoria\/nabytok-do-odbornych-tried-a-kniznic\/technik-stoly-a-stolicky\/\">Jazykov\u00e9 laborat\u00f3rium<\/a><\/h3><\/div><\/div><\/li>\n\r\n\t<li class=\"portfolio_item isotope-item\"><div class=\"portfolio_item_holder\"><figure class=\"thumbnail thumbnail__portfolio\"><a href=\"https:\/\/alexnabytok.sk\/skolskynabytok\/kategoria\/nabytok-do-odbornych-tried-a-kniznic\/nabytok-do-vytvarnych-ucebni\/\" class=\"image-wrap\"><img decoding=\"async\" src=\"https:\/\/alexnabytok.sk\/skolskynabytok\/wp-content\/uploads\/2017\/05\/Iskolabutor_09_Muveszeti_terem_butorai.jpg\" alt=\"N\u00e1bytok do v\u00fdtvarn\u00fdch u\u010debn\u00ed\"><\/a><\/figure><div class=\"caption caption__portfolio\"><h3><a href=\"https:\/\/alexnabytok.sk\/skolskynabytok\/kategoria\/nabytok-do-odbornych-tried-a-kniznic\/nabytok-do-vytvarnych-ucebni\/\">N\u00e1bytok do v\u00fdtvarn\u00fdch u\u010debn\u00ed<\/a><\/h3><\/div><\/div><\/li>\n\r\n\t<li class=\"portfolio_item isotope-item\"><div class=\"portfolio_item_holder\"><figure class=\"thumbnail thumbnail__portfolio\"><a href=\"https:\/\/alexnabytok.sk\/skolskynabytok\/kategoria\/nabytok-do-odbornych-tried-a-kniznic\/nabytok-do-kniznic\/\" class=\"image-wrap\"><img decoding=\"async\" src=\"https:\/\/alexnabytok.sk\/skolskynabytok\/wp-content\/uploads\/2017\/05\/Iskolabutor_10_Konyvtari_butorok-00.jpg\" alt=\"N\u00e1bytok do kni\u017en\u00edc\"><\/a><\/figure><div class=\"caption caption__portfolio\"><h3><a href=\"https:\/\/alexnabytok.sk\/skolskynabytok\/kategoria\/nabytok-do-odbornych-tried-a-kniznic\/nabytok-do-kniznic\/\">N\u00e1bytok do kni\u017en\u00edc<\/a><\/h3><\/div><\/div><\/li>\n\r\n\t<li class=\"portfolio_item isotope-item\"><div class=\"portfolio_item_holder\"><figure class=\"thumbnail thumbnail__portfolio\"><a href=\"https:\/\/alexnabytok.sk\/skolskynabytok\/kategoria\/nabytok-do-odbornych-tried-a-kniznic\/steam-labor\/\" class=\"image-wrap\"><img decoding=\"async\" src=\"https:\/\/alexnabytok.sk\/skolskynabytok\/wp-content\/uploads\/2025\/10\/Iskola-KAT397.jpg\" alt=\"Steam Labor\"><\/a><\/figure><div class=\"caption caption__portfolio\"><h3><a href=\"https:\/\/alexnabytok.sk\/skolskynabytok\/kategoria\/nabytok-do-odbornych-tried-a-kniznic\/steam-labor\/\">Steam Labor<\/a><\/h3><\/div><\/div><\/li>\n","protected":false},"excerpt":{"rendered":"","protected":false},"author":1,"featured_media":71767,"parent":9,"menu_order":0,"comment_status":"closed","ping_status":"closed","template":"page-Portfolio2Cols-alexsub.php","meta":{"footnotes":""},"class_list":["post-48533","page","type-page","status-publish","has-post-thumbnail","hentry"],"yoast_head":"<!-- This site is optimized with the Yoast SEO plugin v24.7 - https:\/\/yoast.com\/wordpress\/plugins\/seo\/ -->\n<title>N\u00e1bytok do odborn\u00fdch tried a kni\u017en\u00edc - \u0160KOLSK\u00dd N\u00c1BYTOK<\/title>\n<meta name=\"robots\" content=\"index, follow, max-snippet:-1, max-image-preview:large, max-video-preview:-1\" \/>\n<link rel=\"canonical\" href=\"https:\/\/alexnabytok.sk\/skolskynabytok\/kategoria\/nabytok-do-odbornych-tried-a-kniznic\/\" \/>\n<meta property=\"og:locale\" content=\"sk_SK\" \/>\n<meta property=\"og:type\" content=\"article\" \/>\n<meta property=\"og:title\" content=\"N\u00e1bytok do odborn\u00fdch tried a kni\u017en\u00edc - \u0160KOLSK\u00dd N\u00c1BYTOK\" \/>\n<meta property=\"og:url\" content=\"https:\/\/alexnabytok.sk\/skolskynabytok\/kategoria\/nabytok-do-odbornych-tried-a-kniznic\/\" \/>\n<meta property=\"og:site_name\" content=\"\u0160KOLSK\u00dd N\u00c1BYTOK\" \/>\n<meta property=\"article:modified_time\" content=\"2025-10-13T09:30:55+00:00\" \/>\n<meta property=\"og:image\" content=\"https:\/\/alexnabytok.sk\/skolskynabytok\/wp-content\/uploads\/2017\/05\/Iskolabutor_Szaktantermi_butor_csempe.jpg\" \/>\n\t<meta property=\"og:image:width\" content=\"518\" \/>\n\t<meta property=\"og:image:height\" content=\"320\" \/>\n\t<meta property=\"og:image:type\" content=\"image\/jpeg\" \/>\n<meta name=\"twitter:card\" content=\"summary_large_image\" \/>\n<meta name=\"twitter:label1\" content=\"Est. reading time\" \/>\n\t<meta name=\"twitter:data1\" content=\"1 minute\" \/>\n<script type=\"application\/ld+json\" class=\"yoast-schema-graph\">{\"@context\":\"https:\/\/schema.org\",\"@graph\":[{\"@type\":\"WebPage\",\"@id\":\"https:\/\/alexnabytok.sk\/skolskynabytok\/kategoria\/nabytok-do-odbornych-tried-a-kniznic\/\",\"url\":\"https:\/\/alexnabytok.sk\/skolskynabytok\/kategoria\/nabytok-do-odbornych-tried-a-kniznic\/\",\"name\":\"N\u00e1bytok do odborn\u00fdch tried a kni\u017en\u00edc - \u0160KOLSK\u00dd N\u00c1BYTOK\",\"isPartOf\":{\"@id\":\"https:\/\/alexnabytok.sk\/skolskynabytok\/#website\"},\"primaryImageOfPage\":{\"@id\":\"https:\/\/alexnabytok.sk\/skolskynabytok\/kategoria\/nabytok-do-odbornych-tried-a-kniznic\/#primaryimage\"},\"image\":{\"@id\":\"https:\/\/alexnabytok.sk\/skolskynabytok\/kategoria\/nabytok-do-odbornych-tried-a-kniznic\/#primaryimage\"},\"thumbnailUrl\":\"https:\/\/alexnabytok.sk\/skolskynabytok\/wp-content\/uploads\/2017\/05\/Iskolabutor_Szaktantermi_butor_csempe.jpg\",\"datePublished\":\"2017-05-24T10:02:06+00:00\",\"dateModified\":\"2025-10-13T09:30:55+00:00\",\"breadcrumb\":{\"@id\":\"https:\/\/alexnabytok.sk\/skolskynabytok\/kategoria\/nabytok-do-odbornych-tried-a-kniznic\/#breadcrumb\"},\"inLanguage\":\"en-US\",\"potentialAction\":[{\"@type\":\"ReadAction\",\"target\":[\"https:\/\/alexnabytok.sk\/skolskynabytok\/kategoria\/nabytok-do-odbornych-tried-a-kniznic\/\"]}]},{\"@type\":\"ImageObject\",\"inLanguage\":\"en-US\",\"@id\":\"https:\/\/alexnabytok.sk\/skolskynabytok\/kategoria\/nabytok-do-odbornych-tried-a-kniznic\/#primaryimage\",\"url\":\"https:\/\/alexnabytok.sk\/skolskynabytok\/wp-content\/uploads\/2017\/05\/Iskolabutor_Szaktantermi_butor_csempe.jpg\",\"contentUrl\":\"https:\/\/alexnabytok.sk\/skolskynabytok\/wp-content\/uploads\/2017\/05\/Iskolabutor_Szaktantermi_butor_csempe.jpg\",\"width\":518,\"height\":320},{\"@type\":\"BreadcrumbList\",\"@id\":\"https:\/\/alexnabytok.sk\/skolskynabytok\/kategoria\/nabytok-do-odbornych-tried-a-kniznic\/#breadcrumb\",\"itemListElement\":[{\"@type\":\"ListItem\",\"position\":1,\"name\":\"Home\",\"item\":\"https:\/\/alexnabytok.sk\/skolskynabytok\/\"},{\"@type\":\"ListItem\",\"position\":2,\"name\":\"Produkty\",\"item\":\"https:\/\/alexnabytok.sk\/skolskynabytok\/kategoria\/\"},{\"@type\":\"ListItem\",\"position\":3,\"name\":\"N\u00e1bytok do odborn\u00fdch tried a kni\u017en\u00edc\"}]},{\"@type\":\"WebSite\",\"@id\":\"https:\/\/alexnabytok.sk\/skolskynabytok\/#website\",\"url\":\"https:\/\/alexnabytok.sk\/skolskynabytok\/\",\"name\":\"\u0160KOLSK\u00dd N\u00c1BYTOK\",\"description\":\"Alex kovov\u00fd a \u0161kolsk\u00fd n\u00e1bytok s.r.o.\",\"potentialAction\":[{\"@type\":\"SearchAction\",\"target\":{\"@type\":\"EntryPoint\",\"urlTemplate\":\"https:\/\/alexnabytok.sk\/skolskynabytok\/?s={search_term_string}\"},\"query-input\":{\"@type\":\"PropertyValueSpecification\",\"valueRequired\":true,\"valueName\":\"search_term_string\"}}],\"inLanguage\":\"en-US\"}]}<\/script>\n<!-- \/ Yoast SEO plugin. -->","yoast_head_json":{"title":"N\u00e1bytok do odborn\u00fdch tried a kni\u017en\u00edc - \u0160KOLSK\u00dd N\u00c1BYTOK","robots":{"index":"index","follow":"follow","max-snippet":"max-snippet:-1","max-image-preview":"max-image-preview:large","max-video-preview":"max-video-preview:-1"},"canonical":"https:\/\/alexnabytok.sk\/skolskynabytok\/kategoria\/nabytok-do-odbornych-tried-a-kniznic\/","og_locale":"sk_SK","og_type":"article","og_title":"N\u00e1bytok do odborn\u00fdch tried a kni\u017en\u00edc - \u0160KOLSK\u00dd N\u00c1BYTOK","og_url":"https:\/\/alexnabytok.sk\/skolskynabytok\/kategoria\/nabytok-do-odbornych-tried-a-kniznic\/","og_site_name":"\u0160KOLSK\u00dd N\u00c1BYTOK","article_modified_time":"2025-10-13T09:30:55+00:00","og_image":[{"width":518,"height":320,"url":"https:\/\/alexnabytok.sk\/skolskynabytok\/wp-content\/uploads\/2017\/05\/Iskolabutor_Szaktantermi_butor_csempe.jpg","type":"image\/jpeg"}],"twitter_card":"summary_large_image","twitter_misc":{"Est. reading time":"1 minute"},"schema":{"@context":"https:\/\/schema.org","@graph":[{"@type":"WebPage","@id":"https:\/\/alexnabytok.sk\/skolskynabytok\/kategoria\/nabytok-do-odbornych-tried-a-kniznic\/","url":"https:\/\/alexnabytok.sk\/skolskynabytok\/kategoria\/nabytok-do-odbornych-tried-a-kniznic\/","name":"N\u00e1bytok do odborn\u00fdch tried a kni\u017en\u00edc - \u0160KOLSK\u00dd N\u00c1BYTOK","isPartOf":{"@id":"https:\/\/alexnabytok.sk\/skolskynabytok\/#website"},"primaryImageOfPage":{"@id":"https:\/\/alexnabytok.sk\/skolskynabytok\/kategoria\/nabytok-do-odbornych-tried-a-kniznic\/#primaryimage"},"image":{"@id":"https:\/\/alexnabytok.sk\/skolskynabytok\/kategoria\/nabytok-do-odbornych-tried-a-kniznic\/#primaryimage"},"thumbnailUrl":"https:\/\/alexnabytok.sk\/skolskynabytok\/wp-content\/uploads\/2017\/05\/Iskolabutor_Szaktantermi_butor_csempe.jpg","datePublished":"2017-05-24T10:02:06+00:00","dateModified":"2025-10-13T09:30:55+00:00","breadcrumb":{"@id":"https:\/\/alexnabytok.sk\/skolskynabytok\/kategoria\/nabytok-do-odbornych-tried-a-kniznic\/#breadcrumb"},"inLanguage":"en-US","potentialAction":[{"@type":"ReadAction","target":["https:\/\/alexnabytok.sk\/skolskynabytok\/kategoria\/nabytok-do-odbornych-tried-a-kniznic\/"]}]},{"@type":"ImageObject","inLanguage":"en-US","@id":"https:\/\/alexnabytok.sk\/skolskynabytok\/kategoria\/nabytok-do-odbornych-tried-a-kniznic\/#primaryimage","url":"https:\/\/alexnabytok.sk\/skolskynabytok\/wp-content\/uploads\/2017\/05\/Iskolabutor_Szaktantermi_butor_csempe.jpg","contentUrl":"https:\/\/alexnabytok.sk\/skolskynabytok\/wp-content\/uploads\/2017\/05\/Iskolabutor_Szaktantermi_butor_csempe.jpg","width":518,"height":320},{"@type":"BreadcrumbList","@id":"https:\/\/alexnabytok.sk\/skolskynabytok\/kategoria\/nabytok-do-odbornych-tried-a-kniznic\/#breadcrumb","itemListElement":[{"@type":"ListItem","position":1,"name":"Home","item":"https:\/\/alexnabytok.sk\/skolskynabytok\/"},{"@type":"ListItem","position":2,"name":"Produkty","item":"https:\/\/alexnabytok.sk\/skolskynabytok\/kategoria\/"},{"@type":"ListItem","position":3,"name":"N\u00e1bytok do odborn\u00fdch tried a kni\u017en\u00edc"}]},{"@type":"WebSite","@id":"https:\/\/alexnabytok.sk\/skolskynabytok\/#website","url":"https:\/\/alexnabytok.sk\/skolskynabytok\/","name":"\u0160KOLSK\u00dd N\u00c1BYTOK","description":"Alex kovov\u00fd a \u0161kolsk\u00fd n\u00e1bytok s.r.o.","potentialAction":[{"@type":"SearchAction","target":{"@type":"EntryPoint","urlTemplate":"https:\/\/alexnabytok.sk\/skolskynabytok\/?s={search_term_string}"},"query-input":{"@type":"PropertyValueSpecification","valueRequired":true,"valueName":"search_term_string"}}],"inLanguage":"en-US"}]}},"_links":{"self":[{"href":"https:\/\/alexnabytok.sk\/skolskynabytok\/wp-json\/wp\/v2\/pages\/48533","targetHints":{"allow":["GET"]}}],"collection":[{"href":"https:\/\/alexnabytok.sk\/skolskynabytok\/wp-json\/wp\/v2\/pages"}],"about":[{"href":"https:\/\/alexnabytok.sk\/skolskynabytok\/wp-json\/wp\/v2\/types\/page"}],"author":[{"embeddable":true,"href":"https:\/\/alexnabytok.sk\/skolskynabytok\/wp-json\/wp\/v2\/users\/1"}],"replies":[{"embeddable":true,"href":"https:\/\/alexnabytok.sk\/skolskynabytok\/wp-json\/wp\/v2\/comments?post=48533"}],"version-history":[{"count":7,"href":"https:\/\/alexnabytok.sk\/skolskynabytok\/wp-json\/wp\/v2\/pages\/48533\/revisions"}],"predecessor-version":[{"id":120963,"href":"https:\/\/alexnabytok.sk\/skolskynabytok\/wp-json\/wp\/v2\/pages\/48533\/revisions\/120963"}],"up":[{"embeddable":true,"href":"https:\/\/alexnabytok.sk\/skolskynabytok\/wp-json\/wp\/v2\/pages\/9"}],"wp:featuredmedia":[{"embeddable":true,"href":"https:\/\/alexnabytok.sk\/skolskynabytok\/wp-json\/wp\/v2\/media\/71767"}],"wp:attachment":[{"href":"https:\/\/alexnabytok.sk\/skolskynabytok\/wp-json\/wp\/v2\/media?parent=48533"}],"curies":[{"name":"wp","href":"https:\/\/api.w.org\/{rel}","templated":true}]}}