{"id":48643,"date":"2017-05-24T10:23:26","date_gmt":"2017-05-24T10:23:26","guid":{"rendered":"http:\/\/alexbutor.hu\/iskolabutor\/?page_id=48643"},"modified":"2018-09-03T13:34:03","modified_gmt":"2018-09-03T13:34:03","slug":"nabytok-do-internatov","status":"publish","type":"page","link":"https:\/\/alexnabytok.sk\/skolskynabytok\/kategoria\/nabytok-do-internatov\/","title":{"rendered":"N\u00e1bytok do intern\u00e1tov"},"content":{"rendered":"\r\n\t<li class=\"portfolio_item isotope-item\"><div class=\"portfolio_item_holder\"><figure class=\"thumbnail thumbnail__portfolio\"><a href=\"https:\/\/alexnabytok.sk\/skolskynabytok\/kategoria\/nabytok-do-internatov\/kovove-postele-do-internatu\/\" class=\"image-wrap\"><img decoding=\"async\" src=\"https:\/\/alexnabytok.sk\/skolskynabytok\/wp-content\/uploads\/2017\/05\/Iskolabutor_16_00_Fem_kollegiumi_agyak.jpg\" alt=\"Kovov\u00e9 postele do intern\u00e1tu\"><\/a><\/figure><div class=\"caption caption__portfolio\"><h3><a href=\"https:\/\/alexnabytok.sk\/skolskynabytok\/kategoria\/nabytok-do-internatov\/kovove-postele-do-internatu\/\">Kovov\u00e9 postele do intern\u00e1tu<\/a><\/h3><\/div><\/div><\/li>\n\r\n\t<li class=\"portfolio_item isotope-item\"><div class=\"portfolio_item_holder\"><figure class=\"thumbnail thumbnail__portfolio\"><a href=\"https:\/\/alexnabytok.sk\/skolskynabytok\/kategoria\/nabytok-do-internatov\/postele-z-bukoveho-dreva\/\" class=\"image-wrap\"><img decoding=\"async\" src=\"https:\/\/alexnabytok.sk\/skolskynabytok\/wp-content\/uploads\/2017\/05\/Iskolabutor_17_00_Bukkfavazas_kollegiumi_butorok.jpg\" alt=\"Postele z bukov\u00e9ho dreva\"><\/a><\/figure><div class=\"caption caption__portfolio\"><h3><a href=\"https:\/\/alexnabytok.sk\/skolskynabytok\/kategoria\/nabytok-do-internatov\/postele-z-bukoveho-dreva\/\">Postele z bukov\u00e9ho dreva<\/a><\/h3><\/div><\/div><\/li>\n\r\n\t<li class=\"portfolio_item isotope-item\"><div class=\"portfolio_item_holder\"><figure class=\"thumbnail thumbnail__portfolio\"><a href=\"https:\/\/alexnabytok.sk\/skolskynabytok\/kategoria\/nabytok-do-internatov\/postele-z-borovicoveho-dreva\/\" class=\"image-wrap\"><img decoding=\"async\" src=\"https:\/\/alexnabytok.sk\/skolskynabytok\/wp-content\/uploads\/2017\/05\/Iskolabutor_18_00_Borovi_fenyo_kollegiumi_butorok.jpg\" alt=\"Postele z borovicov\u00e9ho dreva\"><\/a><\/figure><div class=\"caption caption__portfolio\"><h3><a href=\"https:\/\/alexnabytok.sk\/skolskynabytok\/kategoria\/nabytok-do-internatov\/postele-z-borovicoveho-dreva\/\">Postele z borovicov\u00e9ho dreva<\/a><\/h3><\/div><\/div><\/li>\n\r\n\t<li class=\"portfolio_item isotope-item\"><div class=\"portfolio_item_holder\"><figure class=\"thumbnail thumbnail__portfolio\"><a href=\"https:\/\/alexnabytok.sk\/skolskynabytok\/kategoria\/nabytok-do-internatov\/klasicky-nabytok-do-internatu\/\" class=\"image-wrap\"><img decoding=\"async\" src=\"https:\/\/alexnabytok.sk\/skolskynabytok\/wp-content\/uploads\/2017\/05\/Iskolabutor_19_Klasszikus_kollegiumi_butorok-00.jpg\" alt=\"Klasick\u00fd n\u00e1bytok do intern\u00e1tu\"><\/a><\/figure><div class=\"caption caption__portfolio\"><h3><a href=\"https:\/\/alexnabytok.sk\/skolskynabytok\/kategoria\/nabytok-do-internatov\/klasicky-nabytok-do-internatu\/\">Klasick\u00fd n\u00e1bytok do intern\u00e1tu<\/a><\/h3><\/div><\/div><\/li>\n\r\n\t<li class=\"portfolio_item isotope-item\"><div class=\"portfolio_item_holder\"><figure class=\"thumbnail thumbnail__portfolio\"><a href=\"https:\/\/alexnabytok.sk\/skolskynabytok\/kategoria\/nabytok-do-internatov\/stoly-do-internatu\/\" class=\"image-wrap\"><img decoding=\"async\" src=\"https:\/\/alexnabytok.sk\/skolskynabytok\/wp-content\/uploads\/2017\/05\/Iskolabutor_20_Kollegiumi_asztalok.jpg\" alt=\"Stoly do intern\u00e1tu\"><\/a><\/figure><div class=\"caption caption__portfolio\"><h3><a href=\"https:\/\/alexnabytok.sk\/skolskynabytok\/kategoria\/nabytok-do-internatov\/stoly-do-internatu\/\">Stoly do intern\u00e1tu<\/a><\/h3><\/div><\/div><\/li>\n\r\n\t<li class=\"portfolio_item isotope-item\"><div class=\"portfolio_item_holder\"><figure class=\"thumbnail thumbnail__portfolio\"><a href=\"https:\/\/alexnabytok.sk\/skolskynabytok\/kategoria\/nabytok-do-internatov\/stolicky-do-internatu\/\" class=\"image-wrap\"><img decoding=\"async\" src=\"https:\/\/alexnabytok.sk\/skolskynabytok\/wp-content\/uploads\/2017\/05\/Iskolabutor_21_Kollegiumi_szekek.jpg\" alt=\"Stoli\u010dky do intern\u00e1tu\"><\/a><\/figure><div class=\"caption caption__portfolio\"><h3><a href=\"https:\/\/alexnabytok.sk\/skolskynabytok\/kategoria\/nabytok-do-internatov\/stolicky-do-internatu\/\">Stoli\u010dky do intern\u00e1tu<\/a><\/h3><\/div><\/div><\/li>\n\r\n\t<li class=\"portfolio_item isotope-item\"><div class=\"portfolio_item_holder\"><figure class=\"thumbnail thumbnail__portfolio\"><a href=\"https:\/\/alexnabytok.sk\/skolskynabytok\/kategoria\/nabytok-do-internatov\/doplnkove-produkty\/\" class=\"image-wrap\"><img decoding=\"async\" src=\"https:\/\/alexnabytok.sk\/skolskynabytok\/wp-content\/uploads\/2017\/05\/Iskolabutor_22_Kiegeszti_termekek.jpg\" alt=\"Doplnkov\u00e9 produkty\"><\/a><\/figure><div class=\"caption caption__portfolio\"><h3><a href=\"https:\/\/alexnabytok.sk\/skolskynabytok\/kategoria\/nabytok-do-internatov\/doplnkove-produkty\/\">Doplnkov\u00e9 produkty<\/a><\/h3><\/div><\/div><\/li>\n\r\n\t<li class=\"portfolio_item isotope-item\"><div class=\"portfolio_item_holder\"><figure class=\"thumbnail thumbnail__portfolio\"><a href=\"https:\/\/alexnabytok.sk\/satnovynabytok\/kategoria\/satnove-skrine\/\" class=\"image-wrap\" target=\"_blank\"><img decoding=\"async\" src=\"https:\/\/alexnabytok.sk\/skolskynabytok\/wp-content\/uploads\/2017\/05\/Iskolabutor_23_Oltozoszekrenyek.jpg\" alt=\"\u0160at\u0148ov\u00e9 skrine\"><\/a><\/figure><div class=\"caption caption__portfolio\"><h3><a href=\"https:\/\/alexnabytok.sk\/satnovynabytok\/kategoria\/satnove-skrine\/\" target=\"_blank\">\u0160at\u0148ov\u00e9 skrine<\/a><\/h3><\/div><\/div><\/li>\n\r\n\t<li class=\"portfolio_item isotope-item\"><div class=\"portfolio_item_holder\"><figure class=\"thumbnail thumbnail__portfolio\"><a href=\"https:\/\/alexnabytok.sk\/satnovynabytok\/kategoria\/lavicky-na-prezliekanie\/\" class=\"image-wrap\" target=\"_blank\"><img decoding=\"async\" src=\"https:\/\/alexnabytok.sk\/skolskynabytok\/wp-content\/uploads\/2017\/05\/Iskolabutor_24_Oltozopadok.jpg\" alt=\"\u0160at\u0148ov\u00e9 lavice\"><\/a><\/figure><div class=\"caption caption__portfolio\"><h3><a href=\"https:\/\/alexnabytok.sk\/satnovynabytok\/kategoria\/lavicky-na-prezliekanie\/\" target=\"_blank\">\u0160at\u0148ov\u00e9 lavice<\/a><\/h3><\/div><\/div><\/li>\n","protected":false},"excerpt":{"rendered":"","protected":false},"author":1,"featured_media":71895,"parent":9,"menu_order":0,"comment_status":"closed","ping_status":"closed","template":"page-Portfolio4Cols-alexsub.php","meta":{"footnotes":""},"class_list":["post-48643","page","type-page","status-publish","has-post-thumbnail","hentry"],"yoast_head":"<!-- This site is optimized with the Yoast SEO plugin v24.7 - https:\/\/yoast.com\/wordpress\/plugins\/seo\/ -->\n<title>N\u00e1bytok do intern\u00e1tov - \u0160KOLSK\u00dd N\u00c1BYTOK<\/title>\n<meta name=\"robots\" content=\"index, follow, max-snippet:-1, max-image-preview:large, max-video-preview:-1\" \/>\n<link rel=\"canonical\" href=\"https:\/\/alexnabytok.sk\/skolskynabytok\/kategoria\/nabytok-do-internatov\/\" \/>\n<meta property=\"og:locale\" content=\"sk_SK\" \/>\n<meta property=\"og:type\" content=\"article\" \/>\n<meta property=\"og:title\" content=\"N\u00e1bytok do intern\u00e1tov - \u0160KOLSK\u00dd N\u00c1BYTOK\" \/>\n<meta property=\"og:url\" content=\"https:\/\/alexnabytok.sk\/skolskynabytok\/kategoria\/nabytok-do-internatov\/\" \/>\n<meta property=\"og:site_name\" content=\"\u0160KOLSK\u00dd N\u00c1BYTOK\" \/>\n<meta property=\"article:modified_time\" content=\"2018-09-03T13:34:03+00:00\" \/>\n<meta property=\"og:image\" content=\"https:\/\/alexnabytok.sk\/skolskynabytok\/wp-content\/uploads\/2017\/05\/Iskolabutor_Kollegium-Hotel_csempe.jpg\" \/>\n\t<meta property=\"og:image:width\" content=\"518\" \/>\n\t<meta property=\"og:image:height\" content=\"320\" \/>\n\t<meta property=\"og:image:type\" content=\"image\/jpeg\" \/>\n<meta name=\"twitter:card\" content=\"summary_large_image\" \/>\n<meta name=\"twitter:label1\" content=\"Est. reading time\" \/>\n\t<meta name=\"twitter:data1\" content=\"1 minute\" \/>\n<script type=\"application\/ld+json\" class=\"yoast-schema-graph\">{\"@context\":\"https:\/\/schema.org\",\"@graph\":[{\"@type\":\"WebPage\",\"@id\":\"https:\/\/alexnabytok.sk\/skolskynabytok\/kategoria\/nabytok-do-internatov\/\",\"url\":\"https:\/\/alexnabytok.sk\/skolskynabytok\/kategoria\/nabytok-do-internatov\/\",\"name\":\"N\u00e1bytok do intern\u00e1tov - \u0160KOLSK\u00dd N\u00c1BYTOK\",\"isPartOf\":{\"@id\":\"https:\/\/alexnabytok.sk\/skolskynabytok\/#website\"},\"primaryImageOfPage\":{\"@id\":\"https:\/\/alexnabytok.sk\/skolskynabytok\/kategoria\/nabytok-do-internatov\/#primaryimage\"},\"image\":{\"@id\":\"https:\/\/alexnabytok.sk\/skolskynabytok\/kategoria\/nabytok-do-internatov\/#primaryimage\"},\"thumbnailUrl\":\"https:\/\/alexnabytok.sk\/skolskynabytok\/wp-content\/uploads\/2017\/05\/Iskolabutor_Kollegium-Hotel_csempe.jpg\",\"datePublished\":\"2017-05-24T10:23:26+00:00\",\"dateModified\":\"2018-09-03T13:34:03+00:00\",\"breadcrumb\":{\"@id\":\"https:\/\/alexnabytok.sk\/skolskynabytok\/kategoria\/nabytok-do-internatov\/#breadcrumb\"},\"inLanguage\":\"en-US\",\"potentialAction\":[{\"@type\":\"ReadAction\",\"target\":[\"https:\/\/alexnabytok.sk\/skolskynabytok\/kategoria\/nabytok-do-internatov\/\"]}]},{\"@type\":\"ImageObject\",\"inLanguage\":\"en-US\",\"@id\":\"https:\/\/alexnabytok.sk\/skolskynabytok\/kategoria\/nabytok-do-internatov\/#primaryimage\",\"url\":\"https:\/\/alexnabytok.sk\/skolskynabytok\/wp-content\/uploads\/2017\/05\/Iskolabutor_Kollegium-Hotel_csempe.jpg\",\"contentUrl\":\"https:\/\/alexnabytok.sk\/skolskynabytok\/wp-content\/uploads\/2017\/05\/Iskolabutor_Kollegium-Hotel_csempe.jpg\",\"width\":518,\"height\":320},{\"@type\":\"BreadcrumbList\",\"@id\":\"https:\/\/alexnabytok.sk\/skolskynabytok\/kategoria\/nabytok-do-internatov\/#breadcrumb\",\"itemListElement\":[{\"@type\":\"ListItem\",\"position\":1,\"name\":\"Home\",\"item\":\"https:\/\/alexnabytok.sk\/skolskynabytok\/\"},{\"@type\":\"ListItem\",\"position\":2,\"name\":\"Produkty\",\"item\":\"https:\/\/alexnabytok.sk\/skolskynabytok\/kategoria\/\"},{\"@type\":\"ListItem\",\"position\":3,\"name\":\"N\u00e1bytok do intern\u00e1tov\"}]},{\"@type\":\"WebSite\",\"@id\":\"https:\/\/alexnabytok.sk\/skolskynabytok\/#website\",\"url\":\"https:\/\/alexnabytok.sk\/skolskynabytok\/\",\"name\":\"\u0160KOLSK\u00dd N\u00c1BYTOK\",\"description\":\"Alex kovov\u00fd a \u0161kolsk\u00fd n\u00e1bytok s.r.o.\",\"potentialAction\":[{\"@type\":\"SearchAction\",\"target\":{\"@type\":\"EntryPoint\",\"urlTemplate\":\"https:\/\/alexnabytok.sk\/skolskynabytok\/?s={search_term_string}\"},\"query-input\":{\"@type\":\"PropertyValueSpecification\",\"valueRequired\":true,\"valueName\":\"search_term_string\"}}],\"inLanguage\":\"en-US\"}]}<\/script>\n<!-- \/ Yoast SEO plugin. -->","yoast_head_json":{"title":"N\u00e1bytok do intern\u00e1tov - \u0160KOLSK\u00dd N\u00c1BYTOK","robots":{"index":"index","follow":"follow","max-snippet":"max-snippet:-1","max-image-preview":"max-image-preview:large","max-video-preview":"max-video-preview:-1"},"canonical":"https:\/\/alexnabytok.sk\/skolskynabytok\/kategoria\/nabytok-do-internatov\/","og_locale":"sk_SK","og_type":"article","og_title":"N\u00e1bytok do intern\u00e1tov - \u0160KOLSK\u00dd N\u00c1BYTOK","og_url":"https:\/\/alexnabytok.sk\/skolskynabytok\/kategoria\/nabytok-do-internatov\/","og_site_name":"\u0160KOLSK\u00dd N\u00c1BYTOK","article_modified_time":"2018-09-03T13:34:03+00:00","og_image":[{"width":518,"height":320,"url":"https:\/\/alexnabytok.sk\/skolskynabytok\/wp-content\/uploads\/2017\/05\/Iskolabutor_Kollegium-Hotel_csempe.jpg","type":"image\/jpeg"}],"twitter_card":"summary_large_image","twitter_misc":{"Est. reading time":"1 minute"},"schema":{"@context":"https:\/\/schema.org","@graph":[{"@type":"WebPage","@id":"https:\/\/alexnabytok.sk\/skolskynabytok\/kategoria\/nabytok-do-internatov\/","url":"https:\/\/alexnabytok.sk\/skolskynabytok\/kategoria\/nabytok-do-internatov\/","name":"N\u00e1bytok do intern\u00e1tov - \u0160KOLSK\u00dd N\u00c1BYTOK","isPartOf":{"@id":"https:\/\/alexnabytok.sk\/skolskynabytok\/#website"},"primaryImageOfPage":{"@id":"https:\/\/alexnabytok.sk\/skolskynabytok\/kategoria\/nabytok-do-internatov\/#primaryimage"},"image":{"@id":"https:\/\/alexnabytok.sk\/skolskynabytok\/kategoria\/nabytok-do-internatov\/#primaryimage"},"thumbnailUrl":"https:\/\/alexnabytok.sk\/skolskynabytok\/wp-content\/uploads\/2017\/05\/Iskolabutor_Kollegium-Hotel_csempe.jpg","datePublished":"2017-05-24T10:23:26+00:00","dateModified":"2018-09-03T13:34:03+00:00","breadcrumb":{"@id":"https:\/\/alexnabytok.sk\/skolskynabytok\/kategoria\/nabytok-do-internatov\/#breadcrumb"},"inLanguage":"en-US","potentialAction":[{"@type":"ReadAction","target":["https:\/\/alexnabytok.sk\/skolskynabytok\/kategoria\/nabytok-do-internatov\/"]}]},{"@type":"ImageObject","inLanguage":"en-US","@id":"https:\/\/alexnabytok.sk\/skolskynabytok\/kategoria\/nabytok-do-internatov\/#primaryimage","url":"https:\/\/alexnabytok.sk\/skolskynabytok\/wp-content\/uploads\/2017\/05\/Iskolabutor_Kollegium-Hotel_csempe.jpg","contentUrl":"https:\/\/alexnabytok.sk\/skolskynabytok\/wp-content\/uploads\/2017\/05\/Iskolabutor_Kollegium-Hotel_csempe.jpg","width":518,"height":320},{"@type":"BreadcrumbList","@id":"https:\/\/alexnabytok.sk\/skolskynabytok\/kategoria\/nabytok-do-internatov\/#breadcrumb","itemListElement":[{"@type":"ListItem","position":1,"name":"Home","item":"https:\/\/alexnabytok.sk\/skolskynabytok\/"},{"@type":"ListItem","position":2,"name":"Produkty","item":"https:\/\/alexnabytok.sk\/skolskynabytok\/kategoria\/"},{"@type":"ListItem","position":3,"name":"N\u00e1bytok do intern\u00e1tov"}]},{"@type":"WebSite","@id":"https:\/\/alexnabytok.sk\/skolskynabytok\/#website","url":"https:\/\/alexnabytok.sk\/skolskynabytok\/","name":"\u0160KOLSK\u00dd N\u00c1BYTOK","description":"Alex kovov\u00fd a \u0161kolsk\u00fd n\u00e1bytok s.r.o.","potentialAction":[{"@type":"SearchAction","target":{"@type":"EntryPoint","urlTemplate":"https:\/\/alexnabytok.sk\/skolskynabytok\/?s={search_term_string}"},"query-input":{"@type":"PropertyValueSpecification","valueRequired":true,"valueName":"search_term_string"}}],"inLanguage":"en-US"}]}},"_links":{"self":[{"href":"https:\/\/alexnabytok.sk\/skolskynabytok\/wp-json\/wp\/v2\/pages\/48643","targetHints":{"allow":["GET"]}}],"collection":[{"href":"https:\/\/alexnabytok.sk\/skolskynabytok\/wp-json\/wp\/v2\/pages"}],"about":[{"href":"https:\/\/alexnabytok.sk\/skolskynabytok\/wp-json\/wp\/v2\/types\/page"}],"author":[{"embeddable":true,"href":"https:\/\/alexnabytok.sk\/skolskynabytok\/wp-json\/wp\/v2\/users\/1"}],"replies":[{"embeddable":true,"href":"https:\/\/alexnabytok.sk\/skolskynabytok\/wp-json\/wp\/v2\/comments?post=48643"}],"version-history":[{"count":4,"href":"https:\/\/alexnabytok.sk\/skolskynabytok\/wp-json\/wp\/v2\/pages\/48643\/revisions"}],"predecessor-version":[{"id":76789,"href":"https:\/\/alexnabytok.sk\/skolskynabytok\/wp-json\/wp\/v2\/pages\/48643\/revisions\/76789"}],"up":[{"embeddable":true,"href":"https:\/\/alexnabytok.sk\/skolskynabytok\/wp-json\/wp\/v2\/pages\/9"}],"wp:featuredmedia":[{"embeddable":true,"href":"https:\/\/alexnabytok.sk\/skolskynabytok\/wp-json\/wp\/v2\/media\/71895"}],"wp:attachment":[{"href":"https:\/\/alexnabytok.sk\/skolskynabytok\/wp-json\/wp\/v2\/media?parent=48643"}],"curies":[{"name":"wp","href":"https:\/\/api.w.org\/{rel}","templated":true}]}}