{"id":71309,"date":"2017-08-28T08:48:19","date_gmt":"2017-08-28T08:48:19","guid":{"rendered":"http:\/\/alexbutor.hu\/iskolabutor\/?page_id=71309"},"modified":"2017-09-23T14:38:15","modified_gmt":"2017-09-23T14:38:15","slug":"classic-stojanova-tabula-otocna-biela","status":"publish","type":"page","link":"https:\/\/alexnabytok.sk\/skolskynabytok\/kategoria\/skolske-tabule\/classic-nastenne-tabule\/classic-stojanova-tabula-otocna-biela\/","title":{"rendered":"Classic stojanov\u00e1 tabu\u013ea oto\u010dn\u00e1 biela"},"content":{"rendered":"","protected":false},"excerpt":{"rendered":"","protected":false},"author":1,"featured_media":71713,"parent":48511,"menu_order":0,"comment_status":"closed","ping_status":"closed","template":"page-tablak.php","meta":{"footnotes":""},"class_list":["post-71309","page","type-page","status-publish","has-post-thumbnail","hentry"],"yoast_head":"<!-- This site is optimized with the Yoast SEO plugin v24.7 - https:\/\/yoast.com\/wordpress\/plugins\/seo\/ -->\n<title>Classic stojanov\u00e1 tabu\u013ea oto\u010dn\u00e1 biela - \u0160KOLSK\u00dd N\u00c1BYTOK<\/title>\n<meta name=\"robots\" content=\"index, follow, max-snippet:-1, max-image-preview:large, max-video-preview:-1\" \/>\n<link rel=\"canonical\" href=\"https:\/\/alexnabytok.sk\/skolskynabytok\/kategoria\/skolske-tabule\/classic-nastenne-tabule\/classic-stojanova-tabula-otocna-biela\/\" \/>\n<meta property=\"og:locale\" content=\"sk_SK\" \/>\n<meta property=\"og:type\" content=\"article\" \/>\n<meta property=\"og:title\" content=\"Classic stojanov\u00e1 tabu\u013ea oto\u010dn\u00e1 biela - \u0160KOLSK\u00dd N\u00c1BYTOK\" \/>\n<meta property=\"og:url\" content=\"https:\/\/alexnabytok.sk\/skolskynabytok\/kategoria\/skolske-tabule\/classic-nastenne-tabule\/classic-stojanova-tabula-otocna-biela\/\" \/>\n<meta property=\"og:site_name\" content=\"\u0160KOLSK\u00dd N\u00c1BYTOK\" \/>\n<meta property=\"article:modified_time\" content=\"2017-09-23T14:38:15+00:00\" \/>\n<meta property=\"og:image\" content=\"https:\/\/alexnabytok.sk\/skolskynabytok\/wp-content\/uploads\/2017\/05\/Classic_feher_forgthato_tablak_KAT.jpg\" \/>\n\t<meta property=\"og:image:width\" content=\"800\" \/>\n\t<meta property=\"og:image:height\" content=\"560\" \/>\n\t<meta property=\"og:image:type\" content=\"image\/jpeg\" \/>\n<meta name=\"twitter:card\" content=\"summary_large_image\" \/>\n<script type=\"application\/ld+json\" class=\"yoast-schema-graph\">{\"@context\":\"https:\/\/schema.org\",\"@graph\":[{\"@type\":\"WebPage\",\"@id\":\"https:\/\/alexnabytok.sk\/skolskynabytok\/kategoria\/skolske-tabule\/classic-nastenne-tabule\/classic-stojanova-tabula-otocna-biela\/\",\"url\":\"https:\/\/alexnabytok.sk\/skolskynabytok\/kategoria\/skolske-tabule\/classic-nastenne-tabule\/classic-stojanova-tabula-otocna-biela\/\",\"name\":\"Classic stojanov\u00e1 tabu\u013ea oto\u010dn\u00e1 biela - \u0160KOLSK\u00dd N\u00c1BYTOK\",\"isPartOf\":{\"@id\":\"https:\/\/alexnabytok.sk\/skolskynabytok\/#website\"},\"primaryImageOfPage\":{\"@id\":\"https:\/\/alexnabytok.sk\/skolskynabytok\/kategoria\/skolske-tabule\/classic-nastenne-tabule\/classic-stojanova-tabula-otocna-biela\/#primaryimage\"},\"image\":{\"@id\":\"https:\/\/alexnabytok.sk\/skolskynabytok\/kategoria\/skolske-tabule\/classic-nastenne-tabule\/classic-stojanova-tabula-otocna-biela\/#primaryimage\"},\"thumbnailUrl\":\"https:\/\/alexnabytok.sk\/skolskynabytok\/wp-content\/uploads\/2017\/05\/Classic_feher_forgthato_tablak_KAT.jpg\",\"datePublished\":\"2017-08-28T08:48:19+00:00\",\"dateModified\":\"2017-09-23T14:38:15+00:00\",\"breadcrumb\":{\"@id\":\"https:\/\/alexnabytok.sk\/skolskynabytok\/kategoria\/skolske-tabule\/classic-nastenne-tabule\/classic-stojanova-tabula-otocna-biela\/#breadcrumb\"},\"inLanguage\":\"en-US\",\"potentialAction\":[{\"@type\":\"ReadAction\",\"target\":[\"https:\/\/alexnabytok.sk\/skolskynabytok\/kategoria\/skolske-tabule\/classic-nastenne-tabule\/classic-stojanova-tabula-otocna-biela\/\"]}]},{\"@type\":\"ImageObject\",\"inLanguage\":\"en-US\",\"@id\":\"https:\/\/alexnabytok.sk\/skolskynabytok\/kategoria\/skolske-tabule\/classic-nastenne-tabule\/classic-stojanova-tabula-otocna-biela\/#primaryimage\",\"url\":\"https:\/\/alexnabytok.sk\/skolskynabytok\/wp-content\/uploads\/2017\/05\/Classic_feher_forgthato_tablak_KAT.jpg\",\"contentUrl\":\"https:\/\/alexnabytok.sk\/skolskynabytok\/wp-content\/uploads\/2017\/05\/Classic_feher_forgthato_tablak_KAT.jpg\",\"width\":800,\"height\":560},{\"@type\":\"BreadcrumbList\",\"@id\":\"https:\/\/alexnabytok.sk\/skolskynabytok\/kategoria\/skolske-tabule\/classic-nastenne-tabule\/classic-stojanova-tabula-otocna-biela\/#breadcrumb\",\"itemListElement\":[{\"@type\":\"ListItem\",\"position\":1,\"name\":\"Home\",\"item\":\"https:\/\/alexnabytok.sk\/skolskynabytok\/\"},{\"@type\":\"ListItem\",\"position\":2,\"name\":\"Produkty\",\"item\":\"https:\/\/alexnabytok.sk\/skolskynabytok\/kategoria\/\"},{\"@type\":\"ListItem\",\"position\":3,\"name\":\"\u0160kolsk\u00e9 tabule\",\"item\":\"https:\/\/alexnabytok.sk\/skolskynabytok\/kategoria\/skolske-tabule\/\"},{\"@type\":\"ListItem\",\"position\":4,\"name\":\"Classic n\u00e1stenn\u00e9 tabule\",\"item\":\"https:\/\/alexnabytok.sk\/skolskynabytok\/kategoria\/skolske-tabule\/classic-nastenne-tabule\/\"},{\"@type\":\"ListItem\",\"position\":5,\"name\":\"Classic stojanov\u00e1 tabu\u013ea oto\u010dn\u00e1 biela\"}]},{\"@type\":\"WebSite\",\"@id\":\"https:\/\/alexnabytok.sk\/skolskynabytok\/#website\",\"url\":\"https:\/\/alexnabytok.sk\/skolskynabytok\/\",\"name\":\"\u0160KOLSK\u00dd N\u00c1BYTOK\",\"description\":\"Alex kovov\u00fd a \u0161kolsk\u00fd n\u00e1bytok s.r.o.\",\"potentialAction\":[{\"@type\":\"SearchAction\",\"target\":{\"@type\":\"EntryPoint\",\"urlTemplate\":\"https:\/\/alexnabytok.sk\/skolskynabytok\/?s={search_term_string}\"},\"query-input\":{\"@type\":\"PropertyValueSpecification\",\"valueRequired\":true,\"valueName\":\"search_term_string\"}}],\"inLanguage\":\"en-US\"}]}<\/script>\n<!-- \/ Yoast SEO plugin. -->","yoast_head_json":{"title":"Classic stojanov\u00e1 tabu\u013ea oto\u010dn\u00e1 biela - \u0160KOLSK\u00dd N\u00c1BYTOK","robots":{"index":"index","follow":"follow","max-snippet":"max-snippet:-1","max-image-preview":"max-image-preview:large","max-video-preview":"max-video-preview:-1"},"canonical":"https:\/\/alexnabytok.sk\/skolskynabytok\/kategoria\/skolske-tabule\/classic-nastenne-tabule\/classic-stojanova-tabula-otocna-biela\/","og_locale":"sk_SK","og_type":"article","og_title":"Classic stojanov\u00e1 tabu\u013ea oto\u010dn\u00e1 biela - \u0160KOLSK\u00dd N\u00c1BYTOK","og_url":"https:\/\/alexnabytok.sk\/skolskynabytok\/kategoria\/skolske-tabule\/classic-nastenne-tabule\/classic-stojanova-tabula-otocna-biela\/","og_site_name":"\u0160KOLSK\u00dd N\u00c1BYTOK","article_modified_time":"2017-09-23T14:38:15+00:00","og_image":[{"width":800,"height":560,"url":"https:\/\/alexnabytok.sk\/skolskynabytok\/wp-content\/uploads\/2017\/05\/Classic_feher_forgthato_tablak_KAT.jpg","type":"image\/jpeg"}],"twitter_card":"summary_large_image","schema":{"@context":"https:\/\/schema.org","@graph":[{"@type":"WebPage","@id":"https:\/\/alexnabytok.sk\/skolskynabytok\/kategoria\/skolske-tabule\/classic-nastenne-tabule\/classic-stojanova-tabula-otocna-biela\/","url":"https:\/\/alexnabytok.sk\/skolskynabytok\/kategoria\/skolske-tabule\/classic-nastenne-tabule\/classic-stojanova-tabula-otocna-biela\/","name":"Classic stojanov\u00e1 tabu\u013ea oto\u010dn\u00e1 biela - \u0160KOLSK\u00dd N\u00c1BYTOK","isPartOf":{"@id":"https:\/\/alexnabytok.sk\/skolskynabytok\/#website"},"primaryImageOfPage":{"@id":"https:\/\/alexnabytok.sk\/skolskynabytok\/kategoria\/skolske-tabule\/classic-nastenne-tabule\/classic-stojanova-tabula-otocna-biela\/#primaryimage"},"image":{"@id":"https:\/\/alexnabytok.sk\/skolskynabytok\/kategoria\/skolske-tabule\/classic-nastenne-tabule\/classic-stojanova-tabula-otocna-biela\/#primaryimage"},"thumbnailUrl":"https:\/\/alexnabytok.sk\/skolskynabytok\/wp-content\/uploads\/2017\/05\/Classic_feher_forgthato_tablak_KAT.jpg","datePublished":"2017-08-28T08:48:19+00:00","dateModified":"2017-09-23T14:38:15+00:00","breadcrumb":{"@id":"https:\/\/alexnabytok.sk\/skolskynabytok\/kategoria\/skolske-tabule\/classic-nastenne-tabule\/classic-stojanova-tabula-otocna-biela\/#breadcrumb"},"inLanguage":"en-US","potentialAction":[{"@type":"ReadAction","target":["https:\/\/alexnabytok.sk\/skolskynabytok\/kategoria\/skolske-tabule\/classic-nastenne-tabule\/classic-stojanova-tabula-otocna-biela\/"]}]},{"@type":"ImageObject","inLanguage":"en-US","@id":"https:\/\/alexnabytok.sk\/skolskynabytok\/kategoria\/skolske-tabule\/classic-nastenne-tabule\/classic-stojanova-tabula-otocna-biela\/#primaryimage","url":"https:\/\/alexnabytok.sk\/skolskynabytok\/wp-content\/uploads\/2017\/05\/Classic_feher_forgthato_tablak_KAT.jpg","contentUrl":"https:\/\/alexnabytok.sk\/skolskynabytok\/wp-content\/uploads\/2017\/05\/Classic_feher_forgthato_tablak_KAT.jpg","width":800,"height":560},{"@type":"BreadcrumbList","@id":"https:\/\/alexnabytok.sk\/skolskynabytok\/kategoria\/skolske-tabule\/classic-nastenne-tabule\/classic-stojanova-tabula-otocna-biela\/#breadcrumb","itemListElement":[{"@type":"ListItem","position":1,"name":"Home","item":"https:\/\/alexnabytok.sk\/skolskynabytok\/"},{"@type":"ListItem","position":2,"name":"Produkty","item":"https:\/\/alexnabytok.sk\/skolskynabytok\/kategoria\/"},{"@type":"ListItem","position":3,"name":"\u0160kolsk\u00e9 tabule","item":"https:\/\/alexnabytok.sk\/skolskynabytok\/kategoria\/skolske-tabule\/"},{"@type":"ListItem","position":4,"name":"Classic n\u00e1stenn\u00e9 tabule","item":"https:\/\/alexnabytok.sk\/skolskynabytok\/kategoria\/skolske-tabule\/classic-nastenne-tabule\/"},{"@type":"ListItem","position":5,"name":"Classic stojanov\u00e1 tabu\u013ea oto\u010dn\u00e1 biela"}]},{"@type":"WebSite","@id":"https:\/\/alexnabytok.sk\/skolskynabytok\/#website","url":"https:\/\/alexnabytok.sk\/skolskynabytok\/","name":"\u0160KOLSK\u00dd N\u00c1BYTOK","description":"Alex kovov\u00fd a \u0161kolsk\u00fd n\u00e1bytok s.r.o.","potentialAction":[{"@type":"SearchAction","target":{"@type":"EntryPoint","urlTemplate":"https:\/\/alexnabytok.sk\/skolskynabytok\/?s={search_term_string}"},"query-input":{"@type":"PropertyValueSpecification","valueRequired":true,"valueName":"search_term_string"}}],"inLanguage":"en-US"}]}},"_links":{"self":[{"href":"https:\/\/alexnabytok.sk\/skolskynabytok\/wp-json\/wp\/v2\/pages\/71309","targetHints":{"allow":["GET"]}}],"collection":[{"href":"https:\/\/alexnabytok.sk\/skolskynabytok\/wp-json\/wp\/v2\/pages"}],"about":[{"href":"https:\/\/alexnabytok.sk\/skolskynabytok\/wp-json\/wp\/v2\/types\/page"}],"author":[{"embeddable":true,"href":"https:\/\/alexnabytok.sk\/skolskynabytok\/wp-json\/wp\/v2\/users\/1"}],"replies":[{"embeddable":true,"href":"https:\/\/alexnabytok.sk\/skolskynabytok\/wp-json\/wp\/v2\/comments?post=71309"}],"version-history":[{"count":2,"href":"https:\/\/alexnabytok.sk\/skolskynabytok\/wp-json\/wp\/v2\/pages\/71309\/revisions"}],"predecessor-version":[{"id":71729,"href":"https:\/\/alexnabytok.sk\/skolskynabytok\/wp-json\/wp\/v2\/pages\/71309\/revisions\/71729"}],"up":[{"embeddable":true,"href":"https:\/\/alexnabytok.sk\/skolskynabytok\/wp-json\/wp\/v2\/pages\/48511"}],"wp:featuredmedia":[{"embeddable":true,"href":"https:\/\/alexnabytok.sk\/skolskynabytok\/wp-json\/wp\/v2\/media\/71713"}],"wp:attachment":[{"href":"https:\/\/alexnabytok.sk\/skolskynabytok\/wp-json\/wp\/v2\/media?parent=71309"}],"curies":[{"name":"wp","href":"https:\/\/api.w.org\/{rel}","templated":true}]}}