{"id":74093,"date":"2017-10-25T08:04:24","date_gmt":"2017-10-25T08:04:24","guid":{"rendered":"http:\/\/www.alexnabytok.sk\/skolskynabytok\/?page_id=74093"},"modified":"2021-05-20T13:13:20","modified_gmt":"2021-05-20T13:13:20","slug":"aktualne-vyzvy","status":"publish","type":"page","link":"https:\/\/alexnabytok.sk\/skolskynabytok\/aktualne-vyzvy\/","title":{"rendered":"AKTU\u00c1LNE V\u00ddZVY"},"content":{"rendered":"<h3><strong>Modernej\u0161ia \u0161kola 2021<\/strong><\/h3>\n<p>V nadv\u00e4znosti na projekt \u201eModernej\u0161ia \u0161kola 2021\u201c, ktor\u00fa zverejnilo Ministerstvo \u0161kolstva, vedy, v\u00fdskumu a \u0161portu SR, ktorej podrobnosti n\u00e1jdete v linku by sme V\u00e1m chceli pon\u00faknu\u0165 na\u0161e slu\u017eby. <\/p>\n<p><strong><a href=\"https:\/\/www.minedu.sk\/oznamenie-o-moznosti-predkladania-ziadosti-o-poskytnutie-dotacie-ministerstva-skolstva-vedy-vyskumu-a-sportu-slovenskej-republiky-na-inovativne-pristupy-priestorovych-rieseni-a-vyucby-v-zakladnych-a-strednych-skolach-aktualizacia-11-5-2021\/\">https:\/\/www.minedu.sk\/oznamenie-o-moznosti-predkladania-ziadosti-o-poskytnutie-dotacie-ministerstva-skolstva-vedy-vyskumu-a-sportu-slovenskej-republiky-na-inovativne-pristupy-priestorovych-rieseni-a-vyucby-v-zakladnych-a-strednych-skolach-aktualizacia-11-5-2021\/<\/a><\/strong><\/p>\n<p>Pon\u00fakame V\u00e1m na\u0161e slu\u017eby v oblasti poradenstva, tvorby cenov\u00fdch pon\u00fak, a komplexn\u00e9ho vybavenia oddychov\u00fdch z\u00f3n, relaxa\u010dn\u00fdch z\u00f3n, inovat\u00edvnych tried.<br \/>\nVa\u0161a zmena by mala spo\u010d\u00edva\u0165 k pr\u00edstupom vo v\u00fdu\u010dbe a implementova\u0165 ich do praxe. Ve\u013emi ve\u013ea z\u00e1le\u017e\u00ed od prevedenia \u0161kolsk\u00fdch lav\u00edc a teraz m\u00e1te nen\u00e1vratn\u00fa \u0161ancu z\u00edska\u0165 pre Va\u0161u \u0161kolu nen\u00e1vratn\u00e9 prostriedky .   <\/p>\n<p>V na\u0161om portf\u00f3liu  n\u00e1jdete v\u010faka modern\u00fd, ergonomick\u00fd , inovat\u00edvny. Vybav\u00edme Va\u0161e u\u010debne nad\u010dasov\u00fdm n\u00e1bytkom modern\u00e9ho vzh\u013eadu a technol\u00f3gi\u00ed, \u010di u\u017e sa jedn\u00e1 o front\u00e1lnu alebo skupinov\u00fa v\u00fdu\u010dbu. <\/p>\n<p>\u017diadajte si cenov\u00e9  ponuky a radi V\u00e1m poskytneme poradenstvo na <strong><a href=\"mailto:alexnabytok@alexnabytok.sk\">alexnabytok@alexnabytok.sk<\/a><\/strong><br \/>\n<div class=\"spacer\"><\/div><!-- .spacer (end) -->\n<a href=\"https:\/\/alexnabytok.sk\/skolskynabytok\/modernejsia-skola-2021\/\" title=\"\u010ealej\" class=\"btn btn-primary btn-normal btn-inline \" target=\"_self\">\u010ealej<\/a><!-- .btn -->\n<div class=\"spacer\"><\/div><!-- .spacer (end) -->\n<h3><strong>V\u00ddZVA Z PROGRAMU ROZVOJA VIDIEKA SLOVENSKEJ REPUBLIKY 2014 \u2013 2020:<\/strong><\/h3>\n<h4><strong>7.4 \u2013 Podpora na invest\u00edcie do vytv\u00e1rania, zlep\u0161ovania alebo roz\u0161irovania miestnych z\u00e1kladn\u00fdch slu\u017eieb pre vidiecke obyvate\u013estvo vr\u00e1tane vo\u013en\u00e9ho \u010dasu a kult\u00fary a s\u00favisiacej infra\u0161trukt\u00fary<\/strong><\/h4>\n<p><strong>Term\u00edn na predkladanie \u017eiadost\u00ed o NFP: od 02.11.2017 do 30.11.2017<\/strong><br \/>\n\u010c\u00edslo v\u00fdzvy:\u00a0<strong>22\/PRV\/2017<\/strong><\/p>\n<p><strong>Opr\u00e1vnen\u00fd \u017eiadate\u013e:<\/strong><\/p>\n<ul>\n<li>obce vo vidieckych oblastiach s po\u010dtom obyvate\u013eov do 1 000 (vr\u00e1tane);<\/li>\n<li>zdru\u017eenia obc\u00ed s pr\u00e1vnou subjektivitou (s po\u010dtom obyvate\u013eov do 1 000 vr\u00e1tane).<\/li>\n<\/ul>\n<p><strong>Opr\u00e1vnen\u00e9 aktivity projektu:<\/strong><\/p>\n<table>\n<tbody style=\"border: 1px solid;\">\n<tr style=\"border: 1px solid;\">\n<td style=\"border: 1px solid; padding: 5px;\" width=\"63\"><strong>Aktivita<\/strong><\/td>\n<td style=\"border: 1px solid; padding: 5px;\" width=\"375\"><strong>Zameranie<\/strong><\/td>\n<td style=\"border: 1px solid; padding: 5px;\" width=\"138\"><strong>Spolu indikat\u00edvna v\u00fd\u0161ka finan\u010dn\u00fdch prostriedkov<\/strong><\/td>\n<td style=\"border: 1px solid; padding: 5px;\" width=\"138\"><strong>Opr\u00e1vnen\u00e9 v\u00fddavky na projekt (EUR)<\/strong><\/td>\n<\/tr>\n<tr style=\"border: 1px solid;\">\n<td style=\"border: 1px solid; padding: 5px;\" width=\"63\"><strong>1.<\/strong><\/td>\n<td style=\"border: 1px solid; padding: 5px;\" width=\"375\">invest\u00edcie s\u00favisiace s vytv\u00e1ran\u00edm podmienok pre tr\u00e1venie vo\u013en\u00e9ho \u010dasu vr\u00e1tane pr\u00edslu\u0161nej infra\u0161trukt\u00fary \u2013 napr. v\u00fdstavba \/ rekon\u0161trukcia \/ moderniz\u00e1cia \u0161portov\u00edsk a detsk\u00fdch ihr\u00edsk, amfite\u00e1trov, invest\u00edcie do rekon\u0161trukcie nevyu\u017e\u00edvan\u00fdch objektov v obci pre komunitn\u00fa\/spolkov\u00fa \u010dinnos\u0165 vr\u00e1tane rekon\u0161trukcie existuj\u00facich kult\u00farnych domov<\/td>\n<td style=\"border: 1px solid; padding: 5px;\" width=\"138\">12 500 000<\/td>\n<td style=\"border: 1px solid; padding: 5px;\" width=\"138\"><strong>Min.: 10 000<\/strong><strong><br \/>\n<\/strong><strong>Max.: 150 000<\/strong><\/td>\n<\/tr>\n<\/tbody>\n<\/table>\n<p style=\"margin-top: 20px;\">Kontaktujte n\u00e1s a\u00a0pom\u00f4\u017eeme V\u00e1m s\u00a0pr\u00edpravou cenovej ponuky<\/p>\n","protected":false},"excerpt":{"rendered":"<p>Modernej\u0161ia \u0161kola 2021 V nadv\u00e4znosti na projekt \u201eModernej\u0161ia \u0161kola 2021\u201c, ktor\u00fa zverejnilo Ministerstvo \u0161kolstva, vedy, v\u00fdskumu a \u0161portu SR, ktorej podrobnosti n\u00e1jdete v linku by sme V\u00e1m chceli pon\u00faknu\u0165 na\u0161e slu\u017eby. https:\/\/www.minedu.sk\/oznamenie-o-moznosti-predkladania-ziadosti-o-poskytnutie-dotacie-ministerstva-skolstva-vedy-vyskumu-a-sportu-slovenskej-republiky-na-inovativne-pristupy-priestorovych-rieseni-a-vyucby-v-zakladnych-a-strednych-skolach-aktualizacia-11-5-2021\/ Pon\u00fakame V\u00e1m na\u0161e slu\u017eby v oblasti poradenstva, tvorby cenov\u00fdch pon\u00fak, a komplexn\u00e9ho vybavenia oddychov\u00fdch z\u00f3n, relaxa\u010dn\u00fdch z\u00f3n, inovat\u00edvnych tried. Va\u0161a zmena by mala spo\u010d\u00edva\u0165 k pr\u00edstupom vo v\u00fdu\u010dbe&nbsp;<a href=\"https:\/\/alexnabytok.sk\/skolskynabytok\/aktualne-vyzvy\/\" class=\"read-more\">...<\/a><\/p>\n","protected":false},"author":1,"featured_media":0,"parent":0,"menu_order":0,"comment_status":"closed","ping_status":"closed","template":"page-fullwidth.php","meta":{"footnotes":""},"class_list":["post-74093","page","type-page","status-publish","hentry"],"yoast_head":"<!-- This site is optimized with the Yoast SEO plugin v24.7 - https:\/\/yoast.com\/wordpress\/plugins\/seo\/ -->\n<title>AKTU\u00c1LNE V\u00ddZVY - \u0160KOLSK\u00dd N\u00c1BYTOK<\/title>\n<meta name=\"robots\" content=\"index, follow, max-snippet:-1, max-image-preview:large, max-video-preview:-1\" \/>\n<link rel=\"canonical\" href=\"https:\/\/alexnabytok.sk\/skolskynabytok\/aktualne-vyzvy\/\" \/>\n<meta property=\"og:locale\" content=\"sk_SK\" \/>\n<meta property=\"og:type\" content=\"article\" \/>\n<meta property=\"og:title\" content=\"AKTU\u00c1LNE V\u00ddZVY - \u0160KOLSK\u00dd N\u00c1BYTOK\" \/>\n<meta property=\"og:description\" content=\"Modernej\u0161ia \u0161kola 2021 V nadv\u00e4znosti na projekt \u201eModernej\u0161ia \u0161kola 2021\u201c, ktor\u00fa zverejnilo Ministerstvo \u0161kolstva, vedy, v\u00fdskumu a \u0161portu SR, ktorej podrobnosti n\u00e1jdete v linku by sme V\u00e1m chceli pon\u00faknu\u0165 na\u0161e slu\u017eby. https:\/\/www.minedu.sk\/oznamenie-o-moznosti-predkladania-ziadosti-o-poskytnutie-dotacie-ministerstva-skolstva-vedy-vyskumu-a-sportu-slovenskej-republiky-na-inovativne-pristupy-priestorovych-rieseni-a-vyucby-v-zakladnych-a-strednych-skolach-aktualizacia-11-5-2021\/ Pon\u00fakame V\u00e1m na\u0161e slu\u017eby v oblasti poradenstva, tvorby cenov\u00fdch pon\u00fak, a komplexn\u00e9ho vybavenia oddychov\u00fdch z\u00f3n, relaxa\u010dn\u00fdch z\u00f3n, inovat\u00edvnych tried. Va\u0161a zmena by mala spo\u010d\u00edva\u0165 k pr\u00edstupom vo v\u00fdu\u010dbe&nbsp;...\" \/>\n<meta property=\"og:url\" content=\"https:\/\/alexnabytok.sk\/skolskynabytok\/aktualne-vyzvy\/\" \/>\n<meta property=\"og:site_name\" content=\"\u0160KOLSK\u00dd N\u00c1BYTOK\" \/>\n<meta property=\"article:modified_time\" content=\"2021-05-20T13:13:20+00:00\" \/>\n<meta name=\"twitter:card\" content=\"summary_large_image\" \/>\n<meta name=\"twitter:label1\" content=\"Est. reading time\" \/>\n\t<meta name=\"twitter:data1\" content=\"2 minutes\" \/>\n<script type=\"application\/ld+json\" class=\"yoast-schema-graph\">{\"@context\":\"https:\/\/schema.org\",\"@graph\":[{\"@type\":\"WebPage\",\"@id\":\"https:\/\/alexnabytok.sk\/skolskynabytok\/aktualne-vyzvy\/\",\"url\":\"https:\/\/alexnabytok.sk\/skolskynabytok\/aktualne-vyzvy\/\",\"name\":\"AKTU\u00c1LNE V\u00ddZVY - \u0160KOLSK\u00dd N\u00c1BYTOK\",\"isPartOf\":{\"@id\":\"https:\/\/alexnabytok.sk\/skolskynabytok\/#website\"},\"datePublished\":\"2017-10-25T08:04:24+00:00\",\"dateModified\":\"2021-05-20T13:13:20+00:00\",\"breadcrumb\":{\"@id\":\"https:\/\/alexnabytok.sk\/skolskynabytok\/aktualne-vyzvy\/#breadcrumb\"},\"inLanguage\":\"en-US\",\"potentialAction\":[{\"@type\":\"ReadAction\",\"target\":[\"https:\/\/alexnabytok.sk\/skolskynabytok\/aktualne-vyzvy\/\"]}]},{\"@type\":\"BreadcrumbList\",\"@id\":\"https:\/\/alexnabytok.sk\/skolskynabytok\/aktualne-vyzvy\/#breadcrumb\",\"itemListElement\":[{\"@type\":\"ListItem\",\"position\":1,\"name\":\"Home\",\"item\":\"https:\/\/alexnabytok.sk\/skolskynabytok\/\"},{\"@type\":\"ListItem\",\"position\":2,\"name\":\"AKTU\u00c1LNE V\u00ddZVY\"}]},{\"@type\":\"WebSite\",\"@id\":\"https:\/\/alexnabytok.sk\/skolskynabytok\/#website\",\"url\":\"https:\/\/alexnabytok.sk\/skolskynabytok\/\",\"name\":\"\u0160KOLSK\u00dd N\u00c1BYTOK\",\"description\":\"Alex kovov\u00fd a \u0161kolsk\u00fd n\u00e1bytok s.r.o.\",\"potentialAction\":[{\"@type\":\"SearchAction\",\"target\":{\"@type\":\"EntryPoint\",\"urlTemplate\":\"https:\/\/alexnabytok.sk\/skolskynabytok\/?s={search_term_string}\"},\"query-input\":{\"@type\":\"PropertyValueSpecification\",\"valueRequired\":true,\"valueName\":\"search_term_string\"}}],\"inLanguage\":\"en-US\"}]}<\/script>\n<!-- \/ Yoast SEO plugin. -->","yoast_head_json":{"title":"AKTU\u00c1LNE V\u00ddZVY - \u0160KOLSK\u00dd N\u00c1BYTOK","robots":{"index":"index","follow":"follow","max-snippet":"max-snippet:-1","max-image-preview":"max-image-preview:large","max-video-preview":"max-video-preview:-1"},"canonical":"https:\/\/alexnabytok.sk\/skolskynabytok\/aktualne-vyzvy\/","og_locale":"sk_SK","og_type":"article","og_title":"AKTU\u00c1LNE V\u00ddZVY - \u0160KOLSK\u00dd N\u00c1BYTOK","og_description":"Modernej\u0161ia \u0161kola 2021 V nadv\u00e4znosti na projekt \u201eModernej\u0161ia \u0161kola 2021\u201c, ktor\u00fa zverejnilo Ministerstvo \u0161kolstva, vedy, v\u00fdskumu a \u0161portu SR, ktorej podrobnosti n\u00e1jdete v linku by sme V\u00e1m chceli pon\u00faknu\u0165 na\u0161e slu\u017eby. https:\/\/www.minedu.sk\/oznamenie-o-moznosti-predkladania-ziadosti-o-poskytnutie-dotacie-ministerstva-skolstva-vedy-vyskumu-a-sportu-slovenskej-republiky-na-inovativne-pristupy-priestorovych-rieseni-a-vyucby-v-zakladnych-a-strednych-skolach-aktualizacia-11-5-2021\/ Pon\u00fakame V\u00e1m na\u0161e slu\u017eby v oblasti poradenstva, tvorby cenov\u00fdch pon\u00fak, a komplexn\u00e9ho vybavenia oddychov\u00fdch z\u00f3n, relaxa\u010dn\u00fdch z\u00f3n, inovat\u00edvnych tried. Va\u0161a zmena by mala spo\u010d\u00edva\u0165 k pr\u00edstupom vo v\u00fdu\u010dbe&nbsp;...","og_url":"https:\/\/alexnabytok.sk\/skolskynabytok\/aktualne-vyzvy\/","og_site_name":"\u0160KOLSK\u00dd N\u00c1BYTOK","article_modified_time":"2021-05-20T13:13:20+00:00","twitter_card":"summary_large_image","twitter_misc":{"Est. reading time":"2 minutes"},"schema":{"@context":"https:\/\/schema.org","@graph":[{"@type":"WebPage","@id":"https:\/\/alexnabytok.sk\/skolskynabytok\/aktualne-vyzvy\/","url":"https:\/\/alexnabytok.sk\/skolskynabytok\/aktualne-vyzvy\/","name":"AKTU\u00c1LNE V\u00ddZVY - \u0160KOLSK\u00dd N\u00c1BYTOK","isPartOf":{"@id":"https:\/\/alexnabytok.sk\/skolskynabytok\/#website"},"datePublished":"2017-10-25T08:04:24+00:00","dateModified":"2021-05-20T13:13:20+00:00","breadcrumb":{"@id":"https:\/\/alexnabytok.sk\/skolskynabytok\/aktualne-vyzvy\/#breadcrumb"},"inLanguage":"en-US","potentialAction":[{"@type":"ReadAction","target":["https:\/\/alexnabytok.sk\/skolskynabytok\/aktualne-vyzvy\/"]}]},{"@type":"BreadcrumbList","@id":"https:\/\/alexnabytok.sk\/skolskynabytok\/aktualne-vyzvy\/#breadcrumb","itemListElement":[{"@type":"ListItem","position":1,"name":"Home","item":"https:\/\/alexnabytok.sk\/skolskynabytok\/"},{"@type":"ListItem","position":2,"name":"AKTU\u00c1LNE V\u00ddZVY"}]},{"@type":"WebSite","@id":"https:\/\/alexnabytok.sk\/skolskynabytok\/#website","url":"https:\/\/alexnabytok.sk\/skolskynabytok\/","name":"\u0160KOLSK\u00dd N\u00c1BYTOK","description":"Alex kovov\u00fd a \u0161kolsk\u00fd n\u00e1bytok s.r.o.","potentialAction":[{"@type":"SearchAction","target":{"@type":"EntryPoint","urlTemplate":"https:\/\/alexnabytok.sk\/skolskynabytok\/?s={search_term_string}"},"query-input":{"@type":"PropertyValueSpecification","valueRequired":true,"valueName":"search_term_string"}}],"inLanguage":"en-US"}]}},"_links":{"self":[{"href":"https:\/\/alexnabytok.sk\/skolskynabytok\/wp-json\/wp\/v2\/pages\/74093","targetHints":{"allow":["GET"]}}],"collection":[{"href":"https:\/\/alexnabytok.sk\/skolskynabytok\/wp-json\/wp\/v2\/pages"}],"about":[{"href":"https:\/\/alexnabytok.sk\/skolskynabytok\/wp-json\/wp\/v2\/types\/page"}],"author":[{"embeddable":true,"href":"https:\/\/alexnabytok.sk\/skolskynabytok\/wp-json\/wp\/v2\/users\/1"}],"replies":[{"embeddable":true,"href":"https:\/\/alexnabytok.sk\/skolskynabytok\/wp-json\/wp\/v2\/comments?post=74093"}],"version-history":[{"count":10,"href":"https:\/\/alexnabytok.sk\/skolskynabytok\/wp-json\/wp\/v2\/pages\/74093\/revisions"}],"predecessor-version":[{"id":86222,"href":"https:\/\/alexnabytok.sk\/skolskynabytok\/wp-json\/wp\/v2\/pages\/74093\/revisions\/86222"}],"wp:attachment":[{"href":"https:\/\/alexnabytok.sk\/skolskynabytok\/wp-json\/wp\/v2\/media?parent=74093"}],"curies":[{"name":"wp","href":"https:\/\/api.w.org\/{rel}","templated":true}]}}