{"id":86202,"date":"2021-05-20T09:30:40","date_gmt":"2021-05-20T09:30:40","guid":{"rendered":"http:\/\/www.alexnabytok.sk\/skolskynabytok\/?page_id=86202"},"modified":"2025-09-23T14:44:50","modified_gmt":"2025-09-23T14:44:50","slug":"modernejsia-skola-2021","status":"publish","type":"page","link":"https:\/\/alexnabytok.sk\/skolskynabytok\/modernejsia-skola-2021\/","title":{"rendered":"Modernej\u0161ia \u0161kola"},"content":{"rendered":"<p>V nadv\u00e4znosti na projekt \u201eModernej\u0161ia \u0161kola 2021\u201c, ktor\u00fa zverejnilo Ministerstvo \u0161kolstva, vedy, v\u00fdskumu a \u0161portu SR, ktorej podrobnosti n\u00e1jdete v linku by sme V\u00e1m chceli pon\u00faknu\u0165 na\u0161e slu\u017eby. <\/p>\n<p><strong><a href=\"https:\/\/www.minedu.sk\/oznamenie-o-moznosti-predkladania-ziadosti-o-poskytnutie-dotacie-ministerstva-skolstva-vedy-vyskumu-a-sportu-slovenskej-republiky-na-inovativne-pristupy-priestorovych-rieseni-a-vyucby-v-zakladnych-a-strednych-skolach-aktualizacia-11-5-2021\/\">https:\/\/www.minedu.sk\/oznamenie-o-moznosti-predkladania-ziadosti-o-poskytnutie-dotacie-ministerstva-skolstva-vedy-vyskumu-a-sportu-slovenskej-republiky-na-inovativne-pristupy-priestorovych-rieseni-a-vyucby-v-zakladnych-a-strednych-skolach-aktualizacia-11-5-2021\/<\/a><\/strong><\/p>\n<p>Pon\u00fakame V\u00e1m na\u0161e slu\u017eby v oblasti poradenstva, tvorby cenov\u00fdch pon\u00fak, a komplexn\u00e9ho vybavenia oddychov\u00fdch z\u00f3n, relaxa\u010dn\u00fdch z\u00f3n, inovat\u00edvnych tried.<br \/>\nVa\u0161a zmena by mala spo\u010d\u00edva\u0165 k pr\u00edstupom vo v\u00fdu\u010dbe a implementova\u0165 ich do praxe. Ve\u013emi ve\u013ea z\u00e1le\u017e\u00ed od prevedenia \u0161kolsk\u00fdch lav\u00edc a teraz m\u00e1te nen\u00e1vratn\u00fa \u0161ancu z\u00edska\u0165 pre Va\u0161u \u0161kolu nen\u00e1vratn\u00e9 prostriedky .   <\/p>\n<p>V na\u0161om portf\u00f3liu  n\u00e1jdete v\u010faka modern\u00fd, ergonomick\u00fd , inovat\u00edvny. Vybav\u00edme Va\u0161e u\u010debne nad\u010dasov\u00fdm n\u00e1bytkom modern\u00e9ho vzh\u013eadu a technol\u00f3gi\u00ed, \u010di u\u017e sa jedn\u00e1 o front\u00e1lnu alebo skupinov\u00fa v\u00fdu\u010dbu. <\/p>\n<p>\u017diadajte si cenov\u00e9  ponuky a radi V\u00e1m poskytneme poradenstvo na <strong><a href=\"mailto:alexnabytok@alexnabytok.sk\">alexnabytok@alexnabytok.sk<\/a><\/strong><br \/>\n<div class=\"spacer\"><\/div><!-- .spacer (end) -->\n<div id=\"owl-demo\" class=\"owl-carousel owl-theme\">\n<div class=\"item\"><img decoding=\"async\" src=\"https:\/\/alexnabytok.sk\/skolskynabytok\/wp-content\/uploads\/2021\/05\/flex-1.jpg\" alt=\"Alex B\u00fator - R\u00f3lunk\"><\/div>\n<div class=\"item\"><img decoding=\"async\" src=\"https:\/\/alexnabytok.sk\/skolskynabytok\/wp-content\/uploads\/2021\/05\/flex-2.jpg\" alt=\"Alex B\u00fator - R\u00f3lunk\"><\/div>\n<div class=\"item\"><img decoding=\"async\" src=\"https:\/\/alexnabytok.sk\/skolskynabytok\/wp-content\/uploads\/2021\/05\/kaleido-1.jpg\" alt=\"Alex B\u00fator - R\u00f3lunk\"><\/div>\n<div class=\"item\"><img decoding=\"async\" src=\"https:\/\/alexnabytok.sk\/skolskynabytok\/wp-content\/uploads\/2021\/05\/kaleido-2.jpg\" alt=\"Alex B\u00fator - R\u00f3lunk\"><\/div>\n<div class=\"item\"><img decoding=\"async\" src=\"https:\/\/alexnabytok.sk\/skolskynabytok\/wp-content\/uploads\/2021\/05\/mf-ter-1.jpg\" alt=\"Alex B\u00fator - R\u00f3lunk\"><\/div>\n<div class=\"item\"><img decoding=\"async\" src=\"https:\/\/alexnabytok.sk\/skolskynabytok\/wp-content\/uploads\/2021\/05\/mf-ter-2.jpg\" alt=\"Alex B\u00fator - R\u00f3lunk\"><\/div>\n<div class=\"item\"><img decoding=\"async\" src=\"https:\/\/alexnabytok.sk\/skolskynabytok\/wp-content\/uploads\/2021\/05\/pitagorasz.jpg\" alt=\"Alex B\u00fator - R\u00f3lunk\"><\/div>\n<div class=\"item\"><img decoding=\"async\" src=\"https:\/\/alexnabytok.sk\/skolskynabytok\/wp-content\/uploads\/2021\/05\/trapez.jpg\" alt=\"Alex B\u00fator - R\u00f3lunk\"><\/div>\n<div class=\"item\"><img decoding=\"async\" src=\"https:\/\/alexnabytok.sk\/skolskynabytok\/wp-content\/uploads\/2021\/05\/ps-box-1.jpg\" alt=\"Alex B\u00fator - R\u00f3lunk\"><\/div>\n<div class=\"item\"><img decoding=\"async\" src=\"https:\/\/alexnabytok.sk\/skolskynabytok\/wp-content\/uploads\/2021\/05\/ps-box-2.jpg\" alt=\"Alex B\u00fator - R\u00f3lunk\"><\/div>\n<div class=\"item\"><img decoding=\"async\" src=\"https:\/\/alexnabytok.sk\/skolskynabytok\/wp-content\/uploads\/2021\/05\/vital.jpg\" alt=\"Alex B\u00fator - R\u00f3lunk\"><\/div>\n<div class=\"item\"><img decoding=\"async\" src=\"https:\/\/alexnabytok.sk\/skolskynabytok\/wp-content\/uploads\/2021\/05\/babzsak.jpg\" alt=\"Alex B\u00fator - R\u00f3lunk\"><\/div>\n<\/div>\n","protected":false},"excerpt":{"rendered":"<p>V nadv\u00e4znosti na projekt \u201eModernej\u0161ia \u0161kola 2021\u201c, ktor\u00fa zverejnilo Ministerstvo \u0161kolstva, vedy, v\u00fdskumu a \u0161portu SR, ktorej podrobnosti n\u00e1jdete v linku by sme V\u00e1m chceli pon\u00faknu\u0165 na\u0161e slu\u017eby. https:\/\/www.minedu.sk\/oznamenie-o-moznosti-predkladania-ziadosti-o-poskytnutie-dotacie-ministerstva-skolstva-vedy-vyskumu-a-sportu-slovenskej-republiky-na-inovativne-pristupy-priestorovych-rieseni-a-vyucby-v-zakladnych-a-strednych-skolach-aktualizacia-11-5-2021\/ Pon\u00fakame V\u00e1m na\u0161e slu\u017eby v oblasti poradenstva, tvorby cenov\u00fdch pon\u00fak, a komplexn\u00e9ho vybavenia oddychov\u00fdch z\u00f3n, relaxa\u010dn\u00fdch z\u00f3n, inovat\u00edvnych tried. Va\u0161a zmena by mala spo\u010d\u00edva\u0165 k pr\u00edstupom vo v\u00fdu\u010dbe a implementova\u0165 ich&nbsp;<a href=\"https:\/\/alexnabytok.sk\/skolskynabytok\/modernejsia-skola-2021\/\" class=\"read-more\">...<\/a><\/p>\n","protected":false},"author":1,"featured_media":85491,"parent":0,"menu_order":0,"comment_status":"closed","ping_status":"closed","template":"page-fullwidth.php","meta":{"footnotes":""},"class_list":["post-86202","page","type-page","status-publish","has-post-thumbnail","hentry"],"yoast_head":"<!-- This site is optimized with the Yoast SEO plugin v24.7 - https:\/\/yoast.com\/wordpress\/plugins\/seo\/ -->\n<title>Modernej\u0161ia \u0161kola - \u0160KOLSK\u00dd N\u00c1BYTOK<\/title>\n<meta name=\"robots\" content=\"index, follow, max-snippet:-1, max-image-preview:large, max-video-preview:-1\" \/>\n<link rel=\"canonical\" href=\"https:\/\/alexnabytok.sk\/skolskynabytok\/modernejsia-skola-2021\/\" \/>\n<meta property=\"og:locale\" content=\"sk_SK\" \/>\n<meta property=\"og:type\" content=\"article\" \/>\n<meta property=\"og:title\" content=\"Modernej\u0161ia \u0161kola - \u0160KOLSK\u00dd N\u00c1BYTOK\" \/>\n<meta property=\"og:description\" content=\"V nadv\u00e4znosti na projekt \u201eModernej\u0161ia \u0161kola 2021\u201c, ktor\u00fa zverejnilo Ministerstvo \u0161kolstva, vedy, v\u00fdskumu a \u0161portu SR, ktorej podrobnosti n\u00e1jdete v linku by sme V\u00e1m chceli pon\u00faknu\u0165 na\u0161e slu\u017eby. https:\/\/www.minedu.sk\/oznamenie-o-moznosti-predkladania-ziadosti-o-poskytnutie-dotacie-ministerstva-skolstva-vedy-vyskumu-a-sportu-slovenskej-republiky-na-inovativne-pristupy-priestorovych-rieseni-a-vyucby-v-zakladnych-a-strednych-skolach-aktualizacia-11-5-2021\/ Pon\u00fakame V\u00e1m na\u0161e slu\u017eby v oblasti poradenstva, tvorby cenov\u00fdch pon\u00fak, a komplexn\u00e9ho vybavenia oddychov\u00fdch z\u00f3n, relaxa\u010dn\u00fdch z\u00f3n, inovat\u00edvnych tried. Va\u0161a zmena by mala spo\u010d\u00edva\u0165 k pr\u00edstupom vo v\u00fdu\u010dbe a implementova\u0165 ich&nbsp;...\" \/>\n<meta property=\"og:url\" content=\"https:\/\/alexnabytok.sk\/skolskynabytok\/modernejsia-skola-2021\/\" \/>\n<meta property=\"og:site_name\" content=\"\u0160KOLSK\u00dd N\u00c1BYTOK\" \/>\n<meta property=\"article:modified_time\" content=\"2025-09-23T14:44:50+00:00\" \/>\n<meta property=\"og:image\" content=\"https:\/\/alexnabytok.sk\/skolskynabytok\/wp-content\/uploads\/2021\/05\/2021.05.11.jpg\" \/>\n\t<meta property=\"og:image:width\" content=\"1920\" \/>\n\t<meta property=\"og:image:height\" content=\"722\" \/>\n\t<meta property=\"og:image:type\" content=\"image\/jpeg\" \/>\n<meta name=\"twitter:card\" content=\"summary_large_image\" \/>\n<meta name=\"twitter:label1\" content=\"Est. reading time\" \/>\n\t<meta name=\"twitter:data1\" content=\"4 minutes\" \/>\n<script type=\"application\/ld+json\" class=\"yoast-schema-graph\">{\"@context\":\"https:\/\/schema.org\",\"@graph\":[{\"@type\":\"WebPage\",\"@id\":\"https:\/\/alexnabytok.sk\/skolskynabytok\/modernejsia-skola-2021\/\",\"url\":\"https:\/\/alexnabytok.sk\/skolskynabytok\/modernejsia-skola-2021\/\",\"name\":\"Modernej\u0161ia \u0161kola - \u0160KOLSK\u00dd N\u00c1BYTOK\",\"isPartOf\":{\"@id\":\"https:\/\/alexnabytok.sk\/skolskynabytok\/#website\"},\"primaryImageOfPage\":{\"@id\":\"https:\/\/alexnabytok.sk\/skolskynabytok\/modernejsia-skola-2021\/#primaryimage\"},\"image\":{\"@id\":\"https:\/\/alexnabytok.sk\/skolskynabytok\/modernejsia-skola-2021\/#primaryimage\"},\"thumbnailUrl\":\"https:\/\/alexnabytok.sk\/skolskynabytok\/wp-content\/uploads\/2021\/05\/2021.05.11.jpg\",\"datePublished\":\"2021-05-20T09:30:40+00:00\",\"dateModified\":\"2025-09-23T14:44:50+00:00\",\"breadcrumb\":{\"@id\":\"https:\/\/alexnabytok.sk\/skolskynabytok\/modernejsia-skola-2021\/#breadcrumb\"},\"inLanguage\":\"en-US\",\"potentialAction\":[{\"@type\":\"ReadAction\",\"target\":[\"https:\/\/alexnabytok.sk\/skolskynabytok\/modernejsia-skola-2021\/\"]}]},{\"@type\":\"ImageObject\",\"inLanguage\":\"en-US\",\"@id\":\"https:\/\/alexnabytok.sk\/skolskynabytok\/modernejsia-skola-2021\/#primaryimage\",\"url\":\"https:\/\/alexnabytok.sk\/skolskynabytok\/wp-content\/uploads\/2021\/05\/2021.05.11.jpg\",\"contentUrl\":\"https:\/\/alexnabytok.sk\/skolskynabytok\/wp-content\/uploads\/2021\/05\/2021.05.11.jpg\",\"width\":1920,\"height\":722},{\"@type\":\"BreadcrumbList\",\"@id\":\"https:\/\/alexnabytok.sk\/skolskynabytok\/modernejsia-skola-2021\/#breadcrumb\",\"itemListElement\":[{\"@type\":\"ListItem\",\"position\":1,\"name\":\"Home\",\"item\":\"https:\/\/alexnabytok.sk\/skolskynabytok\/\"},{\"@type\":\"ListItem\",\"position\":2,\"name\":\"Modernej\u0161ia \u0161kola\"}]},{\"@type\":\"WebSite\",\"@id\":\"https:\/\/alexnabytok.sk\/skolskynabytok\/#website\",\"url\":\"https:\/\/alexnabytok.sk\/skolskynabytok\/\",\"name\":\"\u0160KOLSK\u00dd N\u00c1BYTOK\",\"description\":\"Alex kovov\u00fd a \u0161kolsk\u00fd n\u00e1bytok s.r.o.\",\"potentialAction\":[{\"@type\":\"SearchAction\",\"target\":{\"@type\":\"EntryPoint\",\"urlTemplate\":\"https:\/\/alexnabytok.sk\/skolskynabytok\/?s={search_term_string}\"},\"query-input\":{\"@type\":\"PropertyValueSpecification\",\"valueRequired\":true,\"valueName\":\"search_term_string\"}}],\"inLanguage\":\"en-US\"}]}<\/script>\n<!-- \/ Yoast SEO plugin. -->","yoast_head_json":{"title":"Modernej\u0161ia \u0161kola - \u0160KOLSK\u00dd N\u00c1BYTOK","robots":{"index":"index","follow":"follow","max-snippet":"max-snippet:-1","max-image-preview":"max-image-preview:large","max-video-preview":"max-video-preview:-1"},"canonical":"https:\/\/alexnabytok.sk\/skolskynabytok\/modernejsia-skola-2021\/","og_locale":"sk_SK","og_type":"article","og_title":"Modernej\u0161ia \u0161kola - \u0160KOLSK\u00dd N\u00c1BYTOK","og_description":"V nadv\u00e4znosti na projekt \u201eModernej\u0161ia \u0161kola 2021\u201c, ktor\u00fa zverejnilo Ministerstvo \u0161kolstva, vedy, v\u00fdskumu a \u0161portu SR, ktorej podrobnosti n\u00e1jdete v linku by sme V\u00e1m chceli pon\u00faknu\u0165 na\u0161e slu\u017eby. https:\/\/www.minedu.sk\/oznamenie-o-moznosti-predkladania-ziadosti-o-poskytnutie-dotacie-ministerstva-skolstva-vedy-vyskumu-a-sportu-slovenskej-republiky-na-inovativne-pristupy-priestorovych-rieseni-a-vyucby-v-zakladnych-a-strednych-skolach-aktualizacia-11-5-2021\/ Pon\u00fakame V\u00e1m na\u0161e slu\u017eby v oblasti poradenstva, tvorby cenov\u00fdch pon\u00fak, a komplexn\u00e9ho vybavenia oddychov\u00fdch z\u00f3n, relaxa\u010dn\u00fdch z\u00f3n, inovat\u00edvnych tried. Va\u0161a zmena by mala spo\u010d\u00edva\u0165 k pr\u00edstupom vo v\u00fdu\u010dbe a implementova\u0165 ich&nbsp;...","og_url":"https:\/\/alexnabytok.sk\/skolskynabytok\/modernejsia-skola-2021\/","og_site_name":"\u0160KOLSK\u00dd N\u00c1BYTOK","article_modified_time":"2025-09-23T14:44:50+00:00","og_image":[{"width":1920,"height":722,"url":"https:\/\/alexnabytok.sk\/skolskynabytok\/wp-content\/uploads\/2021\/05\/2021.05.11.jpg","type":"image\/jpeg"}],"twitter_card":"summary_large_image","twitter_misc":{"Est. reading time":"4 minutes"},"schema":{"@context":"https:\/\/schema.org","@graph":[{"@type":"WebPage","@id":"https:\/\/alexnabytok.sk\/skolskynabytok\/modernejsia-skola-2021\/","url":"https:\/\/alexnabytok.sk\/skolskynabytok\/modernejsia-skola-2021\/","name":"Modernej\u0161ia \u0161kola - \u0160KOLSK\u00dd N\u00c1BYTOK","isPartOf":{"@id":"https:\/\/alexnabytok.sk\/skolskynabytok\/#website"},"primaryImageOfPage":{"@id":"https:\/\/alexnabytok.sk\/skolskynabytok\/modernejsia-skola-2021\/#primaryimage"},"image":{"@id":"https:\/\/alexnabytok.sk\/skolskynabytok\/modernejsia-skola-2021\/#primaryimage"},"thumbnailUrl":"https:\/\/alexnabytok.sk\/skolskynabytok\/wp-content\/uploads\/2021\/05\/2021.05.11.jpg","datePublished":"2021-05-20T09:30:40+00:00","dateModified":"2025-09-23T14:44:50+00:00","breadcrumb":{"@id":"https:\/\/alexnabytok.sk\/skolskynabytok\/modernejsia-skola-2021\/#breadcrumb"},"inLanguage":"en-US","potentialAction":[{"@type":"ReadAction","target":["https:\/\/alexnabytok.sk\/skolskynabytok\/modernejsia-skola-2021\/"]}]},{"@type":"ImageObject","inLanguage":"en-US","@id":"https:\/\/alexnabytok.sk\/skolskynabytok\/modernejsia-skola-2021\/#primaryimage","url":"https:\/\/alexnabytok.sk\/skolskynabytok\/wp-content\/uploads\/2021\/05\/2021.05.11.jpg","contentUrl":"https:\/\/alexnabytok.sk\/skolskynabytok\/wp-content\/uploads\/2021\/05\/2021.05.11.jpg","width":1920,"height":722},{"@type":"BreadcrumbList","@id":"https:\/\/alexnabytok.sk\/skolskynabytok\/modernejsia-skola-2021\/#breadcrumb","itemListElement":[{"@type":"ListItem","position":1,"name":"Home","item":"https:\/\/alexnabytok.sk\/skolskynabytok\/"},{"@type":"ListItem","position":2,"name":"Modernej\u0161ia \u0161kola"}]},{"@type":"WebSite","@id":"https:\/\/alexnabytok.sk\/skolskynabytok\/#website","url":"https:\/\/alexnabytok.sk\/skolskynabytok\/","name":"\u0160KOLSK\u00dd N\u00c1BYTOK","description":"Alex kovov\u00fd a \u0161kolsk\u00fd n\u00e1bytok s.r.o.","potentialAction":[{"@type":"SearchAction","target":{"@type":"EntryPoint","urlTemplate":"https:\/\/alexnabytok.sk\/skolskynabytok\/?s={search_term_string}"},"query-input":{"@type":"PropertyValueSpecification","valueRequired":true,"valueName":"search_term_string"}}],"inLanguage":"en-US"}]}},"_links":{"self":[{"href":"https:\/\/alexnabytok.sk\/skolskynabytok\/wp-json\/wp\/v2\/pages\/86202","targetHints":{"allow":["GET"]}}],"collection":[{"href":"https:\/\/alexnabytok.sk\/skolskynabytok\/wp-json\/wp\/v2\/pages"}],"about":[{"href":"https:\/\/alexnabytok.sk\/skolskynabytok\/wp-json\/wp\/v2\/types\/page"}],"author":[{"embeddable":true,"href":"https:\/\/alexnabytok.sk\/skolskynabytok\/wp-json\/wp\/v2\/users\/1"}],"replies":[{"embeddable":true,"href":"https:\/\/alexnabytok.sk\/skolskynabytok\/wp-json\/wp\/v2\/comments?post=86202"}],"version-history":[{"count":3,"href":"https:\/\/alexnabytok.sk\/skolskynabytok\/wp-json\/wp\/v2\/pages\/86202\/revisions"}],"predecessor-version":[{"id":120166,"href":"https:\/\/alexnabytok.sk\/skolskynabytok\/wp-json\/wp\/v2\/pages\/86202\/revisions\/120166"}],"wp:featuredmedia":[{"embeddable":true,"href":"https:\/\/alexnabytok.sk\/skolskynabytok\/wp-json\/wp\/v2\/media\/85491"}],"wp:attachment":[{"href":"https:\/\/alexnabytok.sk\/skolskynabytok\/wp-json\/wp\/v2\/media?parent=86202"}],"curies":[{"name":"wp","href":"https:\/\/api.w.org\/{rel}","templated":true}]}}